{"id":409578,"date":"2025-05-06T06:06:15","date_gmt":"2025-05-06T05:06:15","guid":{"rendered":"https:\/\/www.purejewels.com\/?post_type=product&#038;p=409578"},"modified":"2026-03-30T10:21:59","modified_gmt":"2026-03-30T09:21:59","slug":"lotus-grace-pirlanta-nisan-yuzugu-18-ayar-altin-52645","status":"publish","type":"product","link":"https:\/\/www.purejewels.com\/tr\/product\/lotus-grace-diamond-engagement-ring-in-18ct-gold-52645\/","title":{"rendered":"Lotus Tomurcu\u011fu Ni\u015fan Y\u00fcz\u00fc\u011f\u00fc 0,72ct"},"content":{"rendered":"<p data-start=\"598\" data-end=\"960\">Sakin ve sofistike bir g\u00f6r\u00fcn\u00fcm sergileyen <strong data-start=\"635\" data-end=\"674\">Lotus Grace <a href=\"https:\/\/www.purejewels.com\/tr\/urun-kategori%cc%87si%cc%87\/alyans-bantlari\/nisan-yuzukleri\/\">P\u0131rlanta Ni\u015fan Y\u00fcz\u00fc\u011f\u00fc<\/a><\/strong> a\u015fk\u0131n, yenilenmenin ve sessiz g\u00fcc\u00fcn sembol\u00fc olan lotus \u00e7i\u00e7e\u011finin dengeli g\u00fczelli\u011finden ilham al\u0131yor. 18 ayar sar\u0131 alt\u0131ndan titizlikle el i\u015f\u00e7ili\u011fiyle \u00fcretilen bu zarif par\u00e7a, I rengi ve nadir bulunan i\u00e7ten kusursuz berrakl\u0131\u011f\u0131yla se\u00e7ilen GIA sertifikal\u0131 0,72 ct p\u0131rlanta kesim p\u0131rlantaya sahiptir.<\/p>\n<p data-start=\"962\" data-end=\"1201\">P\u0131rlantay\u0131 d\u00f6rt zarif \u00e7atalla kucaklamak i\u00e7in nazik\u00e7e y\u00fckselen ayar, yukar\u0131dan bak\u0131ld\u0131\u011f\u0131nda ince bir lotus silueti olu\u015fturur. Zarif k\u0131vr\u0131m\u0131 rahat bir uyum sa\u011flarken merkezdeki ta\u015f\u0131n do\u011fal \u0131\u015f\u0131k oyunlar\u0131n\u0131 da zenginle\u015ftirir.<\/p>\n<p data-start=\"1203\" data-end=\"1395\">\u0130ster i\u00e7ten bir evlenme teklifi ister anlaml\u0131 bir d\u00f6n\u00fcm noktas\u0131 i\u00e7in se\u00e7ilmi\u015f olsun, bu y\u00fcz\u00fck sevginin yolculu\u011funu sadelik, parlakl\u0131k ve zarafetle kutlayan de\u011ferli bir yadig\u00e2r olmak \u00fczere \u00fcretilmi\u015ftir.<\/p>","protected":false},"excerpt":{"rendered":"<p class=\"\" data-start=\"0\" data-end=\"289\">Lotus Grace Y\u00fcz\u00fck, 0,72 ct GIA sertifikal\u0131, i\u00e7ten kusursuz berrakl\u0131kta bir p\u0131rlanta ile zamans\u0131z g\u00fczelli\u011fi yakalar. 18 ayar alt\u0131ndan \u00fcretilen heykelsi silueti safl\u0131\u011f\u0131, zarafeti ve ba\u011fl\u0131l\u0131\u011f\u0131 onurland\u0131r\u0131r.<\/p>\n<p><strong>Malzeme:<\/strong>\u00a018 Ayar Sar\u0131 Alt\u0131n<br \/>\n<strong>Hallmark:\u00a0<\/strong>\u0130ngiliz Damgas\u0131<strong><br \/>\n<\/strong><strong>Ta\u015f:\u00a0<\/strong>Do\u011fal Elmas<strong><br \/>\n<\/strong><strong>Sertifika ile birlikte gelir:\u00a0<\/strong>Evet.<strong><br \/>\nElmas A\u011f\u0131rl\u0131\u011f\u0131:\u00a0<\/strong>0.72ct<br \/>\n<b>Elmas rengi: <\/b>I<br \/>\n<b>Elmas Berrakl\u0131\u011f\u0131:\u00a0<\/b>IF - Dahili Olarak Kusursuz<strong><br \/>\nY\u00fcz\u00fck \u00d6l\u00e7\u00fcs\u00fc: <\/strong>M (Di\u011fer boyutlar istek \u00fczerine mevcuttur)<br \/>\n<strong>SKU: <\/strong>52645<\/p>\n<p><strong>Fiyat ve Teslimat:<\/strong>\u00a0KDV ve teslimat \u00fccretleri dahil<br \/>\n<strong>Garanti:<\/strong>\u00a0\u00fccretsiz vale hizmeti ve g\u00fcvenlik a\u00e7\u0131\u011f\u0131 kontrolleri<br \/>\n<strong>Not:\u00a0<\/strong>Bu y\u00fcz\u00fck t\u00fcm parmak \u00f6l\u00e7\u00fclerinde mevcuttur. L\u00fctfen\u00a0<strong id=\"btn_TawkLink\">\u0130leti\u015fime ge\u00e7in\u00a0<\/strong>size en uygun olan\u0131 sipari\u015f etmek i\u00e7in.<br \/>\n<a href=\"https:\/\/www.purejewels.com\/tr\/i%cc%87ade-poli%cc%87ti%cc%87kasi\/\">\u0130ade Politikas\u0131<\/a><\/p>","protected":false},"featured_media":409579,"comment_status":"closed","ping_status":"closed","template":"","meta":{"_eb_attr":"","_crsspst_to_jayantr4sg-hostcom":false},"product_brand":[],"product_cat":[1791,5457,5460,1796,231,1235,1633,6050,6042,1569,226,1574],"product_tag":[5963,5941,5962],"class_list":{"0":"post-409578","1":"product","2":"type-product","3":"status-publish","4":"has-post-thumbnail","6":"product_cat-anniversary-gifts","7":"product_cat-diamond-jewellery","8":"product_cat-diamond-ring","9":"product_cat-diamond-rings","10":"product_cat-engagement-rings","11":"product_cat-gold-rings","12":"product_cat-lotus-collections","13":"product_cat-lotus-ring","14":"product_cat-solitaire-ring","15":"product_cat-valentine-day-gifts","16":"product_cat-wedding-rings-bands","17":"product_cat-womens-jewellery","18":"product_tag-diamond","19":"product_tag-ring","20":"product_tag-solitaire","22":"first","23":"instock","24":"taxable","25":"shipping-taxable","26":"purchasable","27":"product-type-simple","28":"add-to-wishlist-before_image"},"yoast_head":"<!-- This site is optimized with the Yoast SEO plugin v27.5 - https:\/\/yoast.com\/product\/yoast-seo-wordpress\/ -->\n<title>Lotus Grace Diamond Engagement Ring | PureJewels UK<\/title>\n<meta name=\"description\" content=\"Celebrate love with the Lotus Grace Engagement Ring by PureJewels. Featuring a 0.72ct GIA diamond in a lotus-inspired 18ct gold setting.\" \/>\n<meta name=\"robots\" content=\"index, follow, max-snippet:-1, max-image-preview:large, max-video-preview:-1\" \/>\n<link rel=\"canonical\" href=\"https:\/\/www.purejewels.com\/tr\/urun\/lotus-grace-pirlanta-nisan-yuzugu-18-ayar-altin-52645\/\" \/>\n<meta property=\"og:locale\" content=\"tr_TR\" \/>\n<meta property=\"og:type\" content=\"article\" \/>\n<meta property=\"og:title\" content=\"Lotus Grace Diamond Engagement Ring | PureJewels UK\" \/>\n<meta property=\"og:description\" content=\"Celebrate love with the Lotus Grace Engagement Ring by PureJewels. Featuring a 0.72ct GIA diamond in a lotus-inspired 18ct gold setting.\" \/>\n<meta property=\"og:url\" content=\"https:\/\/www.purejewels.com\/tr\/urun\/lotus-grace-pirlanta-nisan-yuzugu-18-ayar-altin-52645\/\" \/>\n<meta property=\"og:site_name\" content=\"PureJewels UK\" \/>\n<meta property=\"article:modified_time\" content=\"2026-03-30T09:21:59+00:00\" \/>\n<meta property=\"og:image\" content=\"https:\/\/static.purejewels.com\/wp-content\/uploads\/2025\/08\/SKU-42995-47901-2.jpg\" \/>\n\t<meta property=\"og:image:width\" content=\"1000\" \/>\n\t<meta property=\"og:image:height\" content=\"1000\" \/>\n\t<meta property=\"og:image:type\" content=\"image\/jpeg\" \/>\n<meta name=\"twitter:card\" content=\"summary_large_image\" \/>\n<meta name=\"twitter:label1\" content=\"Tahmini okuma s\u00fcresi\" \/>\n\t<meta name=\"twitter:data1\" content=\"1 dakika\" \/>\n<script type=\"application\/ld+json\" class=\"yoast-schema-graph\">{\"@context\":\"https:\\\/\\\/schema.org\",\"@graph\":[{\"@type\":[\"WebPage\",\"ItemPage\"],\"@id\":\"https:\\\/\\\/www.purejewels.com\\\/product\\\/lotus-grace-diamond-engagement-ring-in-18ct-gold-52645\\\/\",\"url\":\"https:\\\/\\\/www.purejewels.com\\\/product\\\/lotus-grace-diamond-engagement-ring-in-18ct-gold-52645\\\/\",\"name\":\"Lotus Grace Diamond Engagement Ring | PureJewels UK\",\"isPartOf\":{\"@id\":\"https:\\\/\\\/www.purejewels.com\\\/#website\"},\"primaryImageOfPage\":{\"@id\":\"https:\\\/\\\/www.purejewels.com\\\/product\\\/lotus-grace-diamond-engagement-ring-in-18ct-gold-52645\\\/#primaryimage\"},\"image\":{\"@id\":\"https:\\\/\\\/www.purejewels.com\\\/product\\\/lotus-grace-diamond-engagement-ring-in-18ct-gold-52645\\\/#primaryimage\"},\"thumbnailUrl\":\"https:\\\/\\\/static.purejewels.com\\\/wp-content\\\/uploads\\\/2025\\\/08\\\/SKU-42995-47901-2.jpg\",\"datePublished\":\"2025-05-06T05:06:15+00:00\",\"dateModified\":\"2026-03-30T09:21:59+00:00\",\"description\":\"Celebrate love with the Lotus Grace Engagement Ring by PureJewels. Featuring a 0.72ct GIA diamond in a lotus-inspired 18ct gold setting.\",\"breadcrumb\":{\"@id\":\"https:\\\/\\\/www.purejewels.com\\\/product\\\/lotus-grace-diamond-engagement-ring-in-18ct-gold-52645\\\/#breadcrumb\"},\"inLanguage\":\"tr\",\"potentialAction\":[{\"@type\":\"ReadAction\",\"target\":[\"https:\\\/\\\/www.purejewels.com\\\/product\\\/lotus-grace-diamond-engagement-ring-in-18ct-gold-52645\\\/\"]}]},{\"@type\":\"ImageObject\",\"inLanguage\":\"tr\",\"@id\":\"https:\\\/\\\/www.purejewels.com\\\/product\\\/lotus-grace-diamond-engagement-ring-in-18ct-gold-52645\\\/#primaryimage\",\"url\":\"https:\\\/\\\/static.purejewels.com\\\/wp-content\\\/uploads\\\/2025\\\/08\\\/SKU-42995-47901-2.jpg\",\"contentUrl\":\"https:\\\/\\\/static.purejewels.com\\\/wp-content\\\/uploads\\\/2025\\\/08\\\/SKU-42995-47901-2.jpg\",\"width\":1000,\"height\":1000,\"caption\":\"Lotus Grace Diamond Engagement Ring in 18ct Gold\"},{\"@type\":\"BreadcrumbList\",\"@id\":\"https:\\\/\\\/www.purejewels.com\\\/product\\\/lotus-grace-diamond-engagement-ring-in-18ct-gold-52645\\\/#breadcrumb\",\"itemListElement\":[{\"@type\":\"ListItem\",\"position\":1,\"name\":\"Home\",\"item\":\"https:\\\/\\\/www.purejewels.com\\\/\"},{\"@type\":\"ListItem\",\"position\":2,\"name\":\"Shop\",\"item\":\"https:\\\/\\\/www.purejewels.com\\\/shop\\\/\"},{\"@type\":\"ListItem\",\"position\":3,\"name\":\"Lotus Bud Engagement Ring 0.72ct\"}]},{\"@type\":\"WebSite\",\"@id\":\"https:\\\/\\\/www.purejewels.com\\\/#website\",\"url\":\"https:\\\/\\\/www.purejewels.com\\\/\",\"name\":\"PureJewels UK\",\"description\":\"Share the Love\",\"publisher\":{\"@id\":\"https:\\\/\\\/www.purejewels.com\\\/#organization\"},\"potentialAction\":[{\"@type\":\"SearchAction\",\"target\":{\"@type\":\"EntryPoint\",\"urlTemplate\":\"https:\\\/\\\/www.purejewels.com\\\/?s={search_term_string}\"},\"query-input\":{\"@type\":\"PropertyValueSpecification\",\"valueRequired\":true,\"valueName\":\"search_term_string\"}}],\"inLanguage\":\"tr\"},{\"@type\":\"Organization\",\"@id\":\"https:\\\/\\\/www.purejewels.com\\\/#organization\",\"name\":\"PureJewels UK\",\"url\":\"https:\\\/\\\/www.purejewels.com\\\/\",\"logo\":{\"@type\":\"ImageObject\",\"inLanguage\":\"tr\",\"@id\":\"https:\\\/\\\/www.purejewels.com\\\/#\\\/schema\\\/logo\\\/image\\\/\",\"url\":\"https:\\\/\\\/static.purejewels.com\\\/wp-content\\\/uploads\\\/2020\\\/11\\\/Logo-PJ-New-1.png\",\"contentUrl\":\"https:\\\/\\\/static.purejewels.com\\\/wp-content\\\/uploads\\\/2020\\\/11\\\/Logo-PJ-New-1.png\",\"width\":150,\"height\":80,\"caption\":\"PureJewels UK\"},\"image\":{\"@id\":\"https:\\\/\\\/www.purejewels.com\\\/#\\\/schema\\\/logo\\\/image\\\/\"}}]}<\/script>\n<!-- \/ Yoast SEO plugin. -->","yoast_head_json":{"title":"Lotus Grace P\u0131rlanta Ni\u015fan Y\u00fcz\u00fc\u011f\u00fc | PureJewels UK","description":"PureJewels'in Lotus Grace Ni\u015fan Y\u00fcz\u00fc\u011f\u00fc ile a\u015fk\u0131 kutlay\u0131n. Lotus esintili 18 ayar alt\u0131n ayar\u0131nda 0,72 ct GIA p\u0131rlantaya sahiptir.","robots":{"index":"index","follow":"follow","max-snippet":"max-snippet:-1","max-image-preview":"max-image-preview:large","max-video-preview":"max-video-preview:-1"},"canonical":"https:\/\/www.purejewels.com\/tr\/urun\/lotus-grace-pirlanta-nisan-yuzugu-18-ayar-altin-52645\/","og_locale":"tr_TR","og_type":"article","og_title":"Lotus Grace Diamond Engagement Ring | PureJewels UK","og_description":"Celebrate love with the Lotus Grace Engagement Ring by PureJewels. Featuring a 0.72ct GIA diamond in a lotus-inspired 18ct gold setting.","og_url":"https:\/\/www.purejewels.com\/tr\/urun\/lotus-grace-pirlanta-nisan-yuzugu-18-ayar-altin-52645\/","og_site_name":"PureJewels UK","article_modified_time":"2026-03-30T09:21:59+00:00","og_image":[{"width":1000,"height":1000,"url":"https:\/\/static.purejewels.com\/wp-content\/uploads\/2025\/08\/SKU-42995-47901-2.jpg","type":"image\/jpeg"}],"twitter_card":"summary_large_image","twitter_misc":{"Tahmini okuma s\u00fcresi":"1 dakika"},"schema":{"@context":"https:\/\/schema.org","@graph":[{"@type":["WebPage","ItemPage"],"@id":"https:\/\/www.purejewels.com\/product\/lotus-grace-diamond-engagement-ring-in-18ct-gold-52645\/","url":"https:\/\/www.purejewels.com\/product\/lotus-grace-diamond-engagement-ring-in-18ct-gold-52645\/","name":"Lotus Grace P\u0131rlanta Ni\u015fan Y\u00fcz\u00fc\u011f\u00fc | PureJewels UK","isPartOf":{"@id":"https:\/\/www.purejewels.com\/#website"},"primaryImageOfPage":{"@id":"https:\/\/www.purejewels.com\/product\/lotus-grace-diamond-engagement-ring-in-18ct-gold-52645\/#primaryimage"},"image":{"@id":"https:\/\/www.purejewels.com\/product\/lotus-grace-diamond-engagement-ring-in-18ct-gold-52645\/#primaryimage"},"thumbnailUrl":"https:\/\/static.purejewels.com\/wp-content\/uploads\/2025\/08\/SKU-42995-47901-2.jpg","datePublished":"2025-05-06T05:06:15+00:00","dateModified":"2026-03-30T09:21:59+00:00","description":"PureJewels'in Lotus Grace Ni\u015fan Y\u00fcz\u00fc\u011f\u00fc ile a\u015fk\u0131 kutlay\u0131n. Lotus esintili 18 ayar alt\u0131n ayar\u0131nda 0,72 ct GIA p\u0131rlantaya sahiptir.","breadcrumb":{"@id":"https:\/\/www.purejewels.com\/product\/lotus-grace-diamond-engagement-ring-in-18ct-gold-52645\/#breadcrumb"},"inLanguage":"tr","potentialAction":[{"@type":"ReadAction","target":["https:\/\/www.purejewels.com\/product\/lotus-grace-diamond-engagement-ring-in-18ct-gold-52645\/"]}]},{"@type":"ImageObject","inLanguage":"tr","@id":"https:\/\/www.purejewels.com\/product\/lotus-grace-diamond-engagement-ring-in-18ct-gold-52645\/#primaryimage","url":"https:\/\/static.purejewels.com\/wp-content\/uploads\/2025\/08\/SKU-42995-47901-2.jpg","contentUrl":"https:\/\/static.purejewels.com\/wp-content\/uploads\/2025\/08\/SKU-42995-47901-2.jpg","width":1000,"height":1000,"caption":"Lotus Grace Diamond Engagement Ring in 18ct Gold"},{"@type":"BreadcrumbList","@id":"https:\/\/www.purejewels.com\/product\/lotus-grace-diamond-engagement-ring-in-18ct-gold-52645\/#breadcrumb","itemListElement":[{"@type":"ListItem","position":1,"name":"Home","item":"https:\/\/www.purejewels.com\/"},{"@type":"ListItem","position":2,"name":"Shop","item":"https:\/\/www.purejewels.com\/shop\/"},{"@type":"ListItem","position":3,"name":"Lotus Bud Engagement Ring 0.72ct"}]},{"@type":"WebSite","@id":"https:\/\/www.purejewels.com\/#website","url":"https:\/\/www.purejewels.com\/","name":"PureJewels \u0130ngiltere","description":"Sevgiyi Payla\u015f\u0131n","publisher":{"@id":"https:\/\/www.purejewels.com\/#organization"},"potentialAction":[{"@type":"SearchAction","target":{"@type":"EntryPoint","urlTemplate":"https:\/\/www.purejewels.com\/?s={search_term_string}"},"query-input":{"@type":"PropertyValueSpecification","valueRequired":true,"valueName":"search_term_string"}}],"inLanguage":"tr"},{"@type":"Organization","@id":"https:\/\/www.purejewels.com\/#organization","name":"PureJewels \u0130ngiltere","url":"https:\/\/www.purejewels.com\/","logo":{"@type":"ImageObject","inLanguage":"tr","@id":"https:\/\/www.purejewels.com\/#\/schema\/logo\/image\/","url":"https:\/\/static.purejewels.com\/wp-content\/uploads\/2020\/11\/Logo-PJ-New-1.png","contentUrl":"https:\/\/static.purejewels.com\/wp-content\/uploads\/2020\/11\/Logo-PJ-New-1.png","width":150,"height":80,"caption":"PureJewels UK"},"image":{"@id":"https:\/\/www.purejewels.com\/#\/schema\/logo\/image\/"}}]}},"_links":{"self":[{"href":"https:\/\/www.purejewels.com\/tr\/wp-json\/wp\/v2\/product\/409578","targetHints":{"allow":["GET"]}}],"collection":[{"href":"https:\/\/www.purejewels.com\/tr\/wp-json\/wp\/v2\/product"}],"about":[{"href":"https:\/\/www.purejewels.com\/tr\/wp-json\/wp\/v2\/types\/product"}],"replies":[{"embeddable":true,"href":"https:\/\/www.purejewels.com\/tr\/wp-json\/wp\/v2\/comments?post=409578"}],"version-history":[{"count":5,"href":"https:\/\/www.purejewels.com\/tr\/wp-json\/wp\/v2\/product\/409578\/revisions"}],"predecessor-version":[{"id":427801,"href":"https:\/\/www.purejewels.com\/tr\/wp-json\/wp\/v2\/product\/409578\/revisions\/427801"}],"wp:featuredmedia":[{"embeddable":true,"href":"https:\/\/www.purejewels.com\/tr\/wp-json\/wp\/v2\/media\/409579"}],"wp:attachment":[{"href":"https:\/\/www.purejewels.com\/tr\/wp-json\/wp\/v2\/media?parent=409578"}],"wp:term":[{"taxonomy":"product_brand","embeddable":true,"href":"https:\/\/www.purejewels.com\/tr\/wp-json\/wp\/v2\/product_brand?post=409578"},{"taxonomy":"product_cat","embeddable":true,"href":"https:\/\/www.purejewels.com\/tr\/wp-json\/wp\/v2\/product_cat?post=409578"},{"taxonomy":"product_tag","embeddable":true,"href":"https:\/\/www.purejewels.com\/tr\/wp-json\/wp\/v2\/product_tag?post=409578"}],"curies":[{"name":"wp","href":"https:\/\/api.w.org\/{rel}","templated":true}]}}