{"id":409586,"date":"2025-07-25T06:35:09","date_gmt":"2025-07-25T05:35:09","guid":{"rendered":"https:\/\/www.purejewels.com\/?post_type=product&#038;p=409586"},"modified":"2026-01-07T10:40:46","modified_gmt":"2026-01-07T10:40:46","slug":"pirlanta-mangalsutra-18-ayar-beyaz-altin-18-inc-48640","status":"publish","type":"product","link":"https:\/\/www.purejewels.com\/tr\/product\/diamond-mangalsutra-18ct-white-gold-18inches-48640\/","title":{"rendered":"P\u0131rlanta Mangalsutra 18 Ayar Beyaz Alt\u0131n | 18 \u0130n\u00e7"},"content":{"rendered":"<p data-start=\"802\" data-end=\"985\">Sevgi, zarafet ve miras\u0131n bir kutlamas\u0131 olan bu <strong data-start=\"852\" data-end=\"891\">18 Ayar Beyaz Alt\u0131n P\u0131rlanta Mangalsutra<\/strong> gelene\u011fi \u00e7a\u011fda\u015f bir yetenekle onurland\u0131ran g\u00fcn\u00fcm\u00fcz kad\u0131n\u0131 i\u00e7in zarif bir \u015fekilde tasarlanm\u0131\u015ft\u0131r.<\/p>\n<p data-start=\"987\" data-end=\"1273\">Kalbinde \u0131\u015f\u0131lt\u0131l\u0131 bir <strong data-start=\"1015\" data-end=\"1045\">0.20ct p\u0131rlanta k\u00fcmesi<\/strong>birlik ve ebedi ba\u011fl\u0131l\u0131\u011f\u0131 simgeleyen yuvarlak bir hale tasar\u0131m\u0131nda d\u00fczenlenmi\u015ftir. I\u015f\u0131lt\u0131l\u0131 beyaz alt\u0131ndan yap\u0131lm\u0131\u015f ve rodyumla tamamlanm\u0131\u015f bu par\u00e7a, dayan\u0131kl\u0131l\u0131\u011f\u0131n\u0131 ve sofistikeli\u011fini korurken \u0131\u015f\u0131\u011f\u0131 ince bir parlakl\u0131kla yans\u0131t\u0131r.<\/p>\n<p data-start=\"1275\" data-end=\"1538\">Mangalsutra'n\u0131n klasik siyah boncuk zinciri, p\u0131rlantalar\u0131n parlakl\u0131\u011f\u0131yla hassas bir \u015fekilde dengelenerek hem anlaml\u0131 hem de zahmetsizce zarif bir par\u00e7a yarat\u0131yor. G\u00fcnl\u00fck kullan\u0131m veya t\u00f6rensel anlar i\u00e7in ideal olan bu par\u00e7a, a\u015fk\u0131n ve gelene\u011fin zamans\u0131z bir simgesi olarak hizmet eder.<\/p>\n<p data-start=\"1540\" data-end=\"1668\">PureJewels'in her bir eseri, i\u015f\u00e7ili\u011fe ve benzersiz yolculu\u011funuza derin bir sayg\u0131 duyularak \u00fcretilir - ve bu par\u00e7a da bir istisna de\u011fildir.<\/p>","protected":false},"excerpt":{"rendered":"<p>Zarif ve \u0131\u015f\u0131lt\u0131l\u0131 bu 18 ayar beyaz alt\u0131n mangalsutra, halo daire motifi i\u00e7inde 0,20 ct p\u0131rlanta k\u00fcmesine sahiptir. Zamans\u0131z bir tarzda haz\u0131rlanm\u0131\u015f modern bir yadig\u00e2r.<\/p>\n<p><strong>Malzeme:<\/strong> 18 Ayar Beyaz Alt\u0131n<br \/>\n<strong>Hallmark:<\/strong>\u00a0\u0130ngiliz Damgas\u0131<br \/>\n<strong>Br\u00fct A\u011f\u0131rl\u0131k:\u00a0<\/strong> 5.05 Gms<br \/>\n<strong>Uzunluk:<\/strong> 18 \u0130n\u00e7<br \/>\n<strong>SKU:<\/strong> 48640<br \/>\n<b>Bitir:\u00a0<\/b>Rodyum<br \/>\n<b>Do\u011fal Elmas A\u011f\u0131rl\u0131\u011f\u0131:\u00a0<\/b>0.20ct<br \/>\n<b>Ta\u015f:\u00a0<\/b>Elmas<br \/>\n<b>Elmas rengi: <\/b>G<br \/>\n<b>Elmas Berrakl\u0131\u011f\u0131:\u00a0<\/b>VVS - \u00c7ok \u00c7ok K\u00fc\u00e7\u00fck Kapan\u0131mlar<br \/>\n<strong>Sertifika ile birlikte gelir:<\/strong> Evet<\/p>\n<p><strong>Fiyat ve Teslimat:\u00a0<\/strong>KDV ve teslimat \u00fccretleri dahil<strong><br \/>\n<a href=\"https:\/\/www.purejewels.com\/tr\/i%cc%87ade-poli%cc%87ti%cc%87kasi\/\">\u0130ade Politikas\u0131<\/a><\/strong><\/p>","protected":false},"featured_media":409590,"comment_status":"closed","ping_status":"closed","template":"","meta":{"_eb_attr":"","_crsspst_to_jayantr4sg-hostcom":true},"product_brand":[],"product_cat":[5679,6087,1791,1559,1775,5457,5461,1793,1284,1776,1573],"product_tag":[],"class_list":{"0":"post-409586","1":"product","2":"type-product","3":"status-publish","4":"has-post-thumbnail","6":"product_cat-18ct-gold-jewellery","7":"product_cat-18ct-gold-managlsutra","8":"product_cat-anniversary-gifts","9":"product_cat-birthday-gifts","10":"product_cat-daily-wear-mangalsutras","11":"product_cat-diamond-jewellery","12":"product_cat-diamond-mangalsutras","13":"product_cat-diwali-gifts","14":"product_cat-gold-mangalsutras","15":"product_cat-occasional-wear-mangalsutras","16":"product_cat-wedding-gifts","18":"first","19":"instock","20":"taxable","21":"shipping-taxable","22":"purchasable","23":"product-type-simple","24":"add-to-wishlist-before_image"},"yoast_head":"<!-- This site is optimized with the Yoast SEO plugin v27.5 - https:\/\/yoast.com\/product\/yoast-seo-wordpress\/ -->\n<title>18ct White Gold Diamond Mangalsutra | 0.20ct | PureJewels<\/title>\n<meta name=\"description\" content=\"Discover elegance with our 18ct white gold mangalsutra featuring 0.20ct diamonds. Symbolic, graceful, and crafted with heritage precision. A PureJewels classic.\" \/>\n<meta name=\"robots\" content=\"index, follow, max-snippet:-1, max-image-preview:large, max-video-preview:-1\" \/>\n<link rel=\"canonical\" href=\"https:\/\/www.purejewels.com\/tr\/urun\/pirlanta-mangalsutra-18-ayar-beyaz-altin-18-inc-48640\/\" \/>\n<meta property=\"og:locale\" content=\"tr_TR\" \/>\n<meta property=\"og:type\" content=\"article\" \/>\n<meta property=\"og:title\" content=\"18ct White Gold Diamond Mangalsutra | 0.20ct | PureJewels\" \/>\n<meta property=\"og:description\" content=\"Discover elegance with our 18ct white gold mangalsutra featuring 0.20ct diamonds. Symbolic, graceful, and crafted with heritage precision. A PureJewels classic.\" \/>\n<meta property=\"og:url\" content=\"https:\/\/www.purejewels.com\/tr\/urun\/pirlanta-mangalsutra-18-ayar-beyaz-altin-18-inc-48640\/\" \/>\n<meta property=\"og:site_name\" content=\"PureJewels UK\" \/>\n<meta property=\"article:modified_time\" content=\"2026-01-07T10:40:46+00:00\" \/>\n<meta property=\"og:image\" content=\"https:\/\/www.purejewels.com\/wp-content\/uploads\/2025\/08\/SKU-48640-1.jpg\" \/>\n\t<meta property=\"og:image:width\" content=\"1000\" \/>\n\t<meta property=\"og:image:height\" content=\"1000\" \/>\n\t<meta property=\"og:image:type\" content=\"image\/jpeg\" \/>\n<meta name=\"twitter:card\" content=\"summary_large_image\" \/>\n<meta name=\"twitter:label1\" content=\"Tahmini okuma s\u00fcresi\" \/>\n\t<meta name=\"twitter:data1\" content=\"1 dakika\" \/>\n<script type=\"application\/ld+json\" class=\"yoast-schema-graph\">{\"@context\":\"https:\\\/\\\/schema.org\",\"@graph\":[{\"@type\":[\"WebPage\",\"ItemPage\"],\"@id\":\"https:\\\/\\\/www.purejewels.com\\\/product\\\/diamond-mangalsutra-18ct-white-gold-18inches-48640\\\/\",\"url\":\"https:\\\/\\\/www.purejewels.com\\\/product\\\/diamond-mangalsutra-18ct-white-gold-18inches-48640\\\/\",\"name\":\"18ct White Gold Diamond Mangalsutra | 0.20ct | PureJewels\",\"isPartOf\":{\"@id\":\"https:\\\/\\\/www.purejewels.com\\\/#website\"},\"primaryImageOfPage\":{\"@id\":\"https:\\\/\\\/www.purejewels.com\\\/product\\\/diamond-mangalsutra-18ct-white-gold-18inches-48640\\\/#primaryimage\"},\"image\":{\"@id\":\"https:\\\/\\\/www.purejewels.com\\\/product\\\/diamond-mangalsutra-18ct-white-gold-18inches-48640\\\/#primaryimage\"},\"thumbnailUrl\":\"https:\\\/\\\/static.purejewels.com\\\/wp-content\\\/uploads\\\/2025\\\/08\\\/SKU-48640-1.jpg\",\"datePublished\":\"2025-07-25T05:35:09+00:00\",\"dateModified\":\"2026-01-07T10:40:46+00:00\",\"description\":\"Discover elegance with our 18ct white gold mangalsutra featuring 0.20ct diamonds. Symbolic, graceful, and crafted with heritage precision. A PureJewels classic.\",\"breadcrumb\":{\"@id\":\"https:\\\/\\\/www.purejewels.com\\\/product\\\/diamond-mangalsutra-18ct-white-gold-18inches-48640\\\/#breadcrumb\"},\"inLanguage\":\"tr\",\"potentialAction\":[{\"@type\":\"ReadAction\",\"target\":[\"https:\\\/\\\/www.purejewels.com\\\/product\\\/diamond-mangalsutra-18ct-white-gold-18inches-48640\\\/\"]}]},{\"@type\":\"ImageObject\",\"inLanguage\":\"tr\",\"@id\":\"https:\\\/\\\/www.purejewels.com\\\/product\\\/diamond-mangalsutra-18ct-white-gold-18inches-48640\\\/#primaryimage\",\"url\":\"https:\\\/\\\/static.purejewels.com\\\/wp-content\\\/uploads\\\/2025\\\/08\\\/SKU-48640-1.jpg\",\"contentUrl\":\"https:\\\/\\\/static.purejewels.com\\\/wp-content\\\/uploads\\\/2025\\\/08\\\/SKU-48640-1.jpg\",\"width\":1000,\"height\":1000,\"caption\":\"Stacked from 6 images. Method=B (R=8,S=4)\"},{\"@type\":\"BreadcrumbList\",\"@id\":\"https:\\\/\\\/www.purejewels.com\\\/product\\\/diamond-mangalsutra-18ct-white-gold-18inches-48640\\\/#breadcrumb\",\"itemListElement\":[{\"@type\":\"ListItem\",\"position\":1,\"name\":\"Home\",\"item\":\"https:\\\/\\\/www.purejewels.com\\\/\"},{\"@type\":\"ListItem\",\"position\":2,\"name\":\"Shop\",\"item\":\"https:\\\/\\\/www.purejewels.com\\\/shop\\\/\"},{\"@type\":\"ListItem\",\"position\":3,\"name\":\"Diamond Mangalsutra 18ct White Gold | 18 Inches\"}]},{\"@type\":\"WebSite\",\"@id\":\"https:\\\/\\\/www.purejewels.com\\\/#website\",\"url\":\"https:\\\/\\\/www.purejewels.com\\\/\",\"name\":\"PureJewels UK\",\"description\":\"Share the Love\",\"publisher\":{\"@id\":\"https:\\\/\\\/www.purejewels.com\\\/#organization\"},\"potentialAction\":[{\"@type\":\"SearchAction\",\"target\":{\"@type\":\"EntryPoint\",\"urlTemplate\":\"https:\\\/\\\/www.purejewels.com\\\/?s={search_term_string}\"},\"query-input\":{\"@type\":\"PropertyValueSpecification\",\"valueRequired\":true,\"valueName\":\"search_term_string\"}}],\"inLanguage\":\"tr\"},{\"@type\":\"Organization\",\"@id\":\"https:\\\/\\\/www.purejewels.com\\\/#organization\",\"name\":\"PureJewels UK\",\"url\":\"https:\\\/\\\/www.purejewels.com\\\/\",\"logo\":{\"@type\":\"ImageObject\",\"inLanguage\":\"tr\",\"@id\":\"https:\\\/\\\/www.purejewels.com\\\/#\\\/schema\\\/logo\\\/image\\\/\",\"url\":\"https:\\\/\\\/static.purejewels.com\\\/wp-content\\\/uploads\\\/2020\\\/11\\\/Logo-PJ-New-1.png\",\"contentUrl\":\"https:\\\/\\\/static.purejewels.com\\\/wp-content\\\/uploads\\\/2020\\\/11\\\/Logo-PJ-New-1.png\",\"width\":150,\"height\":80,\"caption\":\"PureJewels UK\"},\"image\":{\"@id\":\"https:\\\/\\\/www.purejewels.com\\\/#\\\/schema\\\/logo\\\/image\\\/\"}}]}<\/script>\n<!-- \/ Yoast SEO plugin. -->","yoast_head_json":{"title":"18 Ayar Beyaz Alt\u0131n P\u0131rlanta Mangalsutra | 0.20ct | PureJewels","description":"0,20 ct p\u0131rlanta i\u00e7eren 18 ayar beyaz alt\u0131n mangalsutra ile zarafeti ke\u015ffedin. Sembolik, zarif ve miras hassasiyetiyle \u00fcretilmi\u015ftir. Bir PureJewels klasi\u011fi.","robots":{"index":"index","follow":"follow","max-snippet":"max-snippet:-1","max-image-preview":"max-image-preview:large","max-video-preview":"max-video-preview:-1"},"canonical":"https:\/\/www.purejewels.com\/tr\/urun\/pirlanta-mangalsutra-18-ayar-beyaz-altin-18-inc-48640\/","og_locale":"tr_TR","og_type":"article","og_title":"18ct White Gold Diamond Mangalsutra | 0.20ct | PureJewels","og_description":"Discover elegance with our 18ct white gold mangalsutra featuring 0.20ct diamonds. Symbolic, graceful, and crafted with heritage precision. A PureJewels classic.","og_url":"https:\/\/www.purejewels.com\/tr\/urun\/pirlanta-mangalsutra-18-ayar-beyaz-altin-18-inc-48640\/","og_site_name":"PureJewels UK","article_modified_time":"2026-01-07T10:40:46+00:00","og_image":[{"width":1000,"height":1000,"url":"https:\/\/www.purejewels.com\/wp-content\/uploads\/2025\/08\/SKU-48640-1.jpg","type":"image\/jpeg"}],"twitter_card":"summary_large_image","twitter_misc":{"Tahmini okuma s\u00fcresi":"1 dakika"},"schema":{"@context":"https:\/\/schema.org","@graph":[{"@type":["WebPage","ItemPage"],"@id":"https:\/\/www.purejewels.com\/product\/diamond-mangalsutra-18ct-white-gold-18inches-48640\/","url":"https:\/\/www.purejewels.com\/product\/diamond-mangalsutra-18ct-white-gold-18inches-48640\/","name":"18 Ayar Beyaz Alt\u0131n P\u0131rlanta Mangalsutra | 0.20ct | PureJewels","isPartOf":{"@id":"https:\/\/www.purejewels.com\/#website"},"primaryImageOfPage":{"@id":"https:\/\/www.purejewels.com\/product\/diamond-mangalsutra-18ct-white-gold-18inches-48640\/#primaryimage"},"image":{"@id":"https:\/\/www.purejewels.com\/product\/diamond-mangalsutra-18ct-white-gold-18inches-48640\/#primaryimage"},"thumbnailUrl":"https:\/\/static.purejewels.com\/wp-content\/uploads\/2025\/08\/SKU-48640-1.jpg","datePublished":"2025-07-25T05:35:09+00:00","dateModified":"2026-01-07T10:40:46+00:00","description":"0,20 ct p\u0131rlanta i\u00e7eren 18 ayar beyaz alt\u0131n mangalsutra ile zarafeti ke\u015ffedin. Sembolik, zarif ve miras hassasiyetiyle \u00fcretilmi\u015ftir. Bir PureJewels klasi\u011fi.","breadcrumb":{"@id":"https:\/\/www.purejewels.com\/product\/diamond-mangalsutra-18ct-white-gold-18inches-48640\/#breadcrumb"},"inLanguage":"tr","potentialAction":[{"@type":"ReadAction","target":["https:\/\/www.purejewels.com\/product\/diamond-mangalsutra-18ct-white-gold-18inches-48640\/"]}]},{"@type":"ImageObject","inLanguage":"tr","@id":"https:\/\/www.purejewels.com\/product\/diamond-mangalsutra-18ct-white-gold-18inches-48640\/#primaryimage","url":"https:\/\/static.purejewels.com\/wp-content\/uploads\/2025\/08\/SKU-48640-1.jpg","contentUrl":"https:\/\/static.purejewels.com\/wp-content\/uploads\/2025\/08\/SKU-48640-1.jpg","width":1000,"height":1000,"caption":"Stacked from 6 images. Method=B (R=8,S=4)"},{"@type":"BreadcrumbList","@id":"https:\/\/www.purejewels.com\/product\/diamond-mangalsutra-18ct-white-gold-18inches-48640\/#breadcrumb","itemListElement":[{"@type":"ListItem","position":1,"name":"Home","item":"https:\/\/www.purejewels.com\/"},{"@type":"ListItem","position":2,"name":"Shop","item":"https:\/\/www.purejewels.com\/shop\/"},{"@type":"ListItem","position":3,"name":"Diamond Mangalsutra 18ct White Gold | 18 Inches"}]},{"@type":"WebSite","@id":"https:\/\/www.purejewels.com\/#website","url":"https:\/\/www.purejewels.com\/","name":"PureJewels \u0130ngiltere","description":"Sevgiyi Payla\u015f\u0131n","publisher":{"@id":"https:\/\/www.purejewels.com\/#organization"},"potentialAction":[{"@type":"SearchAction","target":{"@type":"EntryPoint","urlTemplate":"https:\/\/www.purejewels.com\/?s={search_term_string}"},"query-input":{"@type":"PropertyValueSpecification","valueRequired":true,"valueName":"search_term_string"}}],"inLanguage":"tr"},{"@type":"Organization","@id":"https:\/\/www.purejewels.com\/#organization","name":"PureJewels \u0130ngiltere","url":"https:\/\/www.purejewels.com\/","logo":{"@type":"ImageObject","inLanguage":"tr","@id":"https:\/\/www.purejewels.com\/#\/schema\/logo\/image\/","url":"https:\/\/static.purejewels.com\/wp-content\/uploads\/2020\/11\/Logo-PJ-New-1.png","contentUrl":"https:\/\/static.purejewels.com\/wp-content\/uploads\/2020\/11\/Logo-PJ-New-1.png","width":150,"height":80,"caption":"PureJewels UK"},"image":{"@id":"https:\/\/www.purejewels.com\/#\/schema\/logo\/image\/"}}]}},"_links":{"self":[{"href":"https:\/\/www.purejewels.com\/tr\/wp-json\/wp\/v2\/product\/409586","targetHints":{"allow":["GET"]}}],"collection":[{"href":"https:\/\/www.purejewels.com\/tr\/wp-json\/wp\/v2\/product"}],"about":[{"href":"https:\/\/www.purejewels.com\/tr\/wp-json\/wp\/v2\/types\/product"}],"replies":[{"embeddable":true,"href":"https:\/\/www.purejewels.com\/tr\/wp-json\/wp\/v2\/comments?post=409586"}],"version-history":[{"count":4,"href":"https:\/\/www.purejewels.com\/tr\/wp-json\/wp\/v2\/product\/409586\/revisions"}],"predecessor-version":[{"id":410208,"href":"https:\/\/www.purejewels.com\/tr\/wp-json\/wp\/v2\/product\/409586\/revisions\/410208"}],"wp:featuredmedia":[{"embeddable":true,"href":"https:\/\/www.purejewels.com\/tr\/wp-json\/wp\/v2\/media\/409590"}],"wp:attachment":[{"href":"https:\/\/www.purejewels.com\/tr\/wp-json\/wp\/v2\/media?parent=409586"}],"wp:term":[{"taxonomy":"product_brand","embeddable":true,"href":"https:\/\/www.purejewels.com\/tr\/wp-json\/wp\/v2\/product_brand?post=409586"},{"taxonomy":"product_cat","embeddable":true,"href":"https:\/\/www.purejewels.com\/tr\/wp-json\/wp\/v2\/product_cat?post=409586"},{"taxonomy":"product_tag","embeddable":true,"href":"https:\/\/www.purejewels.com\/tr\/wp-json\/wp\/v2\/product_tag?post=409586"}],"curies":[{"name":"wp","href":"https:\/\/api.w.org\/{rel}","templated":true}]}}