{"id":409598,"date":"2025-07-28T06:49:51","date_gmt":"2025-07-28T05:49:51","guid":{"rendered":"https:\/\/www.purejewels.com\/?post_type=product&#038;p=409598"},"modified":"2026-01-07T10:40:46","modified_gmt":"2026-01-07T10:40:46","slug":"18-ayar-sari-altin-pirlanta-mangalsutra-18-inc-48636","status":"publish","type":"product","link":"https:\/\/www.purejewels.com\/tr\/product\/18ct-yellow-gold-diamond-mangalsutra-18-inches-48636\/","title":{"rendered":"18 Ayar Sar\u0131 Alt\u0131n P\u0131rlanta Mangalsutra | 18 \u0130n\u00e7"},"content":{"rendered":"<p data-start=\"796\" data-end=\"974\">Ebedi birli\u011fin zarif bir sembol\u00fc olan bu <strong data-start=\"836\" data-end=\"876\">18 Ayar Sar\u0131 Alt\u0131n P\u0131rlanta Mangalsutra<\/strong> taraf\u0131ndan \u00f6zenle haz\u0131rlanm\u0131\u015f, miras ve \u00e7a\u011fda\u015f zarafetin uyumlu bir kar\u0131\u015f\u0131m\u0131d\u0131r. <strong data-start=\"959\" data-end=\"973\">PureJewels<\/strong>.<\/p>\n<p data-start=\"976\" data-end=\"1331\">Geleneksel siyah boncuk zincirden sark\u0131t\u0131lan kolye ucunda bir <strong data-start=\"1047\" data-end=\"1107\">zarif bir g\u00f6zya\u015f\u0131 damlas\u0131 ile e\u015fle\u015ftirilmi\u015f parlak dairesel motif<\/strong>ile s\u00fcslenmi\u015ftir. <strong data-start=\"1127\" data-end=\"1165\">0.27 ct \u0131\u015f\u0131lt\u0131l\u0131 yuvarlak p\u0131rlanta<\/strong>. Her bir p\u0131rlanta, her hareketinde \u0131\u015f\u0131\u011f\u0131 yakalamak i\u00e7in hassas bir \u015fekilde ayarlan\u0131rken, p\u0131rlantan\u0131n s\u0131cak \u0131\u015f\u0131lt\u0131s\u0131 <strong data-start=\"1258\" data-end=\"1278\">18 ayar sar\u0131 alt\u0131n<\/strong> parlakl\u0131\u011f\u0131 art\u0131ran zengin bir kontrast sunar.<\/p>\n<p data-start=\"1333\" data-end=\"1596\">\u00d6l\u00e7me <strong data-start=\"1343\" data-end=\"1356\">18 in\u00e7<\/strong> Uzunlu\u011fuyla yakaya m\u00fckemmel bir \u015fekilde oturan par\u00e7a, hem t\u00f6rensel durumlar hem de g\u00fcnl\u00fck zarafet i\u00e7in uygundur. Anlaml\u0131 tasar\u0131m\u0131 ve zamans\u0131z cazibesiyle bu mangalsutra bir m\u00fccevherden \u00e7ok daha fazlas\u0131d\u0131r - hikayenizin bir b\u00f6l\u00fcm\u00fcd\u00fcr.<\/p>","protected":false},"excerpt":{"rendered":"<p>G\u00f6zya\u015f\u0131 damlas\u0131 ve halo d\u00fczeninde 0,27 ct p\u0131rlanta ile 18 ayar sar\u0131 alt\u0131ndan \u0131\u015f\u0131lt\u0131l\u0131 bir mangalsutra. Geleneklerle yo\u011frulmu\u015f zarafet.<\/p>\n<p><strong>Malzeme:<\/strong> 18 Ayar Sar\u0131 Alt\u0131n<br \/>\n<strong>Hallmark:<\/strong>\u00a0\u0130ngiliz Damgas\u0131<br \/>\n<strong>Br\u00fct A\u011f\u0131rl\u0131k:\u00a0<\/strong> 5.2 Gms<br \/>\n<strong>Uzunluk:<\/strong>\u00a018 \u0130n\u00e7<br \/>\n<strong>SKU:<\/strong> 48636<br \/>\n<b>Do\u011fal Elmas A\u011f\u0131rl\u0131\u011f\u0131: <\/b>0.27ct<br \/>\n<b>Ta\u015f:\u00a0<\/b>Elmas<br \/>\n<b>Elmas rengi:\u00a0<\/b>G<br \/>\n<b>Elmas Berrakl\u0131\u011f\u0131:\u00a0<\/b>VVS - \u00c7ok \u00c7ok K\u00fc\u00e7\u00fck Kapan\u0131mlar<br \/>\n<strong>Sertifika ile birlikte gelir:<\/strong>\u00a0Evet<\/p>\n<p><strong>Fiyat ve Teslimat:\u00a0<\/strong>KDV ve teslimat \u00fccretleri dahil<strong><br \/>\n<a href=\"https:\/\/www.purejewels.com\/tr\/i%cc%87ade-poli%cc%87ti%cc%87kasi\/\">\u0130ade Politikas\u0131<\/a><\/strong><\/p>","protected":false},"featured_media":409645,"comment_status":"closed","ping_status":"closed","template":"","meta":{"_eb_attr":"","_crsspst_to_jayantr4sg-hostcom":true},"product_brand":[],"product_cat":[5679,6087,1791,1559,1775,5457,5461,1793,1284,1776,1573],"product_tag":[],"class_list":{"0":"post-409598","1":"product","2":"type-product","3":"status-publish","4":"has-post-thumbnail","6":"product_cat-18ct-gold-jewellery","7":"product_cat-18ct-gold-managlsutra","8":"product_cat-anniversary-gifts","9":"product_cat-birthday-gifts","10":"product_cat-daily-wear-mangalsutras","11":"product_cat-diamond-jewellery","12":"product_cat-diamond-mangalsutras","13":"product_cat-diwali-gifts","14":"product_cat-gold-mangalsutras","15":"product_cat-occasional-wear-mangalsutras","16":"product_cat-wedding-gifts","18":"first","19":"instock","20":"taxable","21":"shipping-taxable","22":"purchasable","23":"product-type-simple","24":"add-to-wishlist-before_image"},"yoast_head":"<!-- This site is optimized with the Yoast SEO plugin v27.3 - https:\/\/yoast.com\/product\/yoast-seo-wordpress\/ -->\n<title>18ct Yellow Gold Diamond Mangalsutra | 0.27ct | PureJewels<\/title>\n<meta name=\"description\" content=\"Gracefully crafted in 18ct yellow gold, this PureJewels mangalsutra features 0.27ct of brilliant diamonds in a drop and circle design. Elegant, symbolic, timeless.\" \/>\n<meta name=\"robots\" content=\"index, follow, max-snippet:-1, max-image-preview:large, max-video-preview:-1\" \/>\n<link rel=\"canonical\" href=\"https:\/\/www.purejewels.com\/tr\/urun\/18-ayar-sari-altin-pirlanta-mangalsutra-18-inc-48636\/\" \/>\n<meta property=\"og:locale\" content=\"tr_TR\" \/>\n<meta property=\"og:type\" content=\"article\" \/>\n<meta property=\"og:title\" content=\"18ct Yellow Gold Diamond Mangalsutra | 0.27ct | PureJewels\" \/>\n<meta property=\"og:description\" content=\"Gracefully crafted in 18ct yellow gold, this PureJewels mangalsutra features 0.27ct of brilliant diamonds in a drop and circle design. Elegant, symbolic, timeless.\" \/>\n<meta property=\"og:url\" content=\"https:\/\/www.purejewels.com\/tr\/urun\/18-ayar-sari-altin-pirlanta-mangalsutra-18-inc-48636\/\" \/>\n<meta property=\"og:site_name\" content=\"PureJewels UK\" \/>\n<meta property=\"article:modified_time\" content=\"2026-01-07T10:40:46+00:00\" \/>\n<meta property=\"og:image\" content=\"https:\/\/www.purejewels.com\/wp-content\/uploads\/2025\/08\/SKU-48636.jpg\" \/>\n\t<meta property=\"og:image:width\" content=\"1000\" \/>\n\t<meta property=\"og:image:height\" content=\"1000\" \/>\n\t<meta property=\"og:image:type\" content=\"image\/jpeg\" \/>\n<meta name=\"twitter:card\" content=\"summary_large_image\" \/>\n<meta name=\"twitter:label1\" content=\"Tahmini okuma s\u00fcresi\" \/>\n\t<meta name=\"twitter:data1\" content=\"1 dakika\" \/>\n<script type=\"application\/ld+json\" class=\"yoast-schema-graph\">{\"@context\":\"https:\\\/\\\/schema.org\",\"@graph\":[{\"@type\":[\"WebPage\",\"ItemPage\"],\"@id\":\"https:\\\/\\\/www.purejewels.com\\\/product\\\/18ct-yellow-gold-diamond-mangalsutra-18-inches-48636\\\/\",\"url\":\"https:\\\/\\\/www.purejewels.com\\\/product\\\/18ct-yellow-gold-diamond-mangalsutra-18-inches-48636\\\/\",\"name\":\"18ct Yellow Gold Diamond Mangalsutra | 0.27ct | PureJewels\",\"isPartOf\":{\"@id\":\"https:\\\/\\\/www.purejewels.com\\\/#website\"},\"primaryImageOfPage\":{\"@id\":\"https:\\\/\\\/www.purejewels.com\\\/product\\\/18ct-yellow-gold-diamond-mangalsutra-18-inches-48636\\\/#primaryimage\"},\"image\":{\"@id\":\"https:\\\/\\\/www.purejewels.com\\\/product\\\/18ct-yellow-gold-diamond-mangalsutra-18-inches-48636\\\/#primaryimage\"},\"thumbnailUrl\":\"https:\\\/\\\/static.purejewels.com\\\/wp-content\\\/uploads\\\/2025\\\/08\\\/SKU-48636.jpg\",\"datePublished\":\"2025-07-28T05:49:51+00:00\",\"dateModified\":\"2026-01-07T10:40:46+00:00\",\"description\":\"Gracefully crafted in 18ct yellow gold, this PureJewels mangalsutra features 0.27ct of brilliant diamonds in a drop and circle design. Elegant, symbolic, timeless.\",\"breadcrumb\":{\"@id\":\"https:\\\/\\\/www.purejewels.com\\\/product\\\/18ct-yellow-gold-diamond-mangalsutra-18-inches-48636\\\/#breadcrumb\"},\"inLanguage\":\"tr\",\"potentialAction\":[{\"@type\":\"ReadAction\",\"target\":[\"https:\\\/\\\/www.purejewels.com\\\/product\\\/18ct-yellow-gold-diamond-mangalsutra-18-inches-48636\\\/\"]}]},{\"@type\":\"ImageObject\",\"inLanguage\":\"tr\",\"@id\":\"https:\\\/\\\/www.purejewels.com\\\/product\\\/18ct-yellow-gold-diamond-mangalsutra-18-inches-48636\\\/#primaryimage\",\"url\":\"https:\\\/\\\/static.purejewels.com\\\/wp-content\\\/uploads\\\/2025\\\/08\\\/SKU-48636.jpg\",\"contentUrl\":\"https:\\\/\\\/static.purejewels.com\\\/wp-content\\\/uploads\\\/2025\\\/08\\\/SKU-48636.jpg\",\"width\":1000,\"height\":1000,\"caption\":\"Stacked from 5 images. Method=B (R=8,S=4)\"},{\"@type\":\"BreadcrumbList\",\"@id\":\"https:\\\/\\\/www.purejewels.com\\\/product\\\/18ct-yellow-gold-diamond-mangalsutra-18-inches-48636\\\/#breadcrumb\",\"itemListElement\":[{\"@type\":\"ListItem\",\"position\":1,\"name\":\"Home\",\"item\":\"https:\\\/\\\/www.purejewels.com\\\/\"},{\"@type\":\"ListItem\",\"position\":2,\"name\":\"Shop\",\"item\":\"https:\\\/\\\/www.purejewels.com\\\/shop\\\/\"},{\"@type\":\"ListItem\",\"position\":3,\"name\":\"18ct Yellow Gold Diamond Mangalsutra | 18 Inches\"}]},{\"@type\":\"WebSite\",\"@id\":\"https:\\\/\\\/www.purejewels.com\\\/#website\",\"url\":\"https:\\\/\\\/www.purejewels.com\\\/\",\"name\":\"PureJewels UK\",\"description\":\"Share the Love\",\"publisher\":{\"@id\":\"https:\\\/\\\/www.purejewels.com\\\/#organization\"},\"potentialAction\":[{\"@type\":\"SearchAction\",\"target\":{\"@type\":\"EntryPoint\",\"urlTemplate\":\"https:\\\/\\\/www.purejewels.com\\\/?s={search_term_string}\"},\"query-input\":{\"@type\":\"PropertyValueSpecification\",\"valueRequired\":true,\"valueName\":\"search_term_string\"}}],\"inLanguage\":\"tr\"},{\"@type\":\"Organization\",\"@id\":\"https:\\\/\\\/www.purejewels.com\\\/#organization\",\"name\":\"PureJewels UK\",\"url\":\"https:\\\/\\\/www.purejewels.com\\\/\",\"logo\":{\"@type\":\"ImageObject\",\"inLanguage\":\"tr\",\"@id\":\"https:\\\/\\\/www.purejewels.com\\\/#\\\/schema\\\/logo\\\/image\\\/\",\"url\":\"https:\\\/\\\/static.purejewels.com\\\/wp-content\\\/uploads\\\/2020\\\/11\\\/Logo-PJ-New-1.png\",\"contentUrl\":\"https:\\\/\\\/static.purejewels.com\\\/wp-content\\\/uploads\\\/2020\\\/11\\\/Logo-PJ-New-1.png\",\"width\":150,\"height\":80,\"caption\":\"PureJewels UK\"},\"image\":{\"@id\":\"https:\\\/\\\/www.purejewels.com\\\/#\\\/schema\\\/logo\\\/image\\\/\"}}]}<\/script>\n<!-- \/ Yoast SEO plugin. -->","yoast_head_json":{"title":"18 Ayar Sar\u0131 Alt\u0131n P\u0131rlanta Mangalsutra | 0.27ct | PureJewels","description":"18 ayar sar\u0131 alt\u0131ndan zarif\u00e7e i\u015flenmi\u015f bu PureJewels mangalsutra, damla ve daire tasar\u0131m\u0131nda 0,27 ct parlak p\u0131rlantaya sahiptir. Zarif, sembolik, zamans\u0131z.","robots":{"index":"index","follow":"follow","max-snippet":"max-snippet:-1","max-image-preview":"max-image-preview:large","max-video-preview":"max-video-preview:-1"},"canonical":"https:\/\/www.purejewels.com\/tr\/urun\/18-ayar-sari-altin-pirlanta-mangalsutra-18-inc-48636\/","og_locale":"tr_TR","og_type":"article","og_title":"18ct Yellow Gold Diamond Mangalsutra | 0.27ct | PureJewels","og_description":"Gracefully crafted in 18ct yellow gold, this PureJewels mangalsutra features 0.27ct of brilliant diamonds in a drop and circle design. Elegant, symbolic, timeless.","og_url":"https:\/\/www.purejewels.com\/tr\/urun\/18-ayar-sari-altin-pirlanta-mangalsutra-18-inc-48636\/","og_site_name":"PureJewels UK","article_modified_time":"2026-01-07T10:40:46+00:00","og_image":[{"width":1000,"height":1000,"url":"https:\/\/www.purejewels.com\/wp-content\/uploads\/2025\/08\/SKU-48636.jpg","type":"image\/jpeg"}],"twitter_card":"summary_large_image","twitter_misc":{"Tahmini okuma s\u00fcresi":"1 dakika"},"schema":{"@context":"https:\/\/schema.org","@graph":[{"@type":["WebPage","ItemPage"],"@id":"https:\/\/www.purejewels.com\/product\/18ct-yellow-gold-diamond-mangalsutra-18-inches-48636\/","url":"https:\/\/www.purejewels.com\/product\/18ct-yellow-gold-diamond-mangalsutra-18-inches-48636\/","name":"18 Ayar Sar\u0131 Alt\u0131n P\u0131rlanta Mangalsutra | 0.27ct | PureJewels","isPartOf":{"@id":"https:\/\/www.purejewels.com\/#website"},"primaryImageOfPage":{"@id":"https:\/\/www.purejewels.com\/product\/18ct-yellow-gold-diamond-mangalsutra-18-inches-48636\/#primaryimage"},"image":{"@id":"https:\/\/www.purejewels.com\/product\/18ct-yellow-gold-diamond-mangalsutra-18-inches-48636\/#primaryimage"},"thumbnailUrl":"https:\/\/static.purejewels.com\/wp-content\/uploads\/2025\/08\/SKU-48636.jpg","datePublished":"2025-07-28T05:49:51+00:00","dateModified":"2026-01-07T10:40:46+00:00","description":"18 ayar sar\u0131 alt\u0131ndan zarif\u00e7e i\u015flenmi\u015f bu PureJewels mangalsutra, damla ve daire tasar\u0131m\u0131nda 0,27 ct parlak p\u0131rlantaya sahiptir. Zarif, sembolik, zamans\u0131z.","breadcrumb":{"@id":"https:\/\/www.purejewels.com\/product\/18ct-yellow-gold-diamond-mangalsutra-18-inches-48636\/#breadcrumb"},"inLanguage":"tr","potentialAction":[{"@type":"ReadAction","target":["https:\/\/www.purejewels.com\/product\/18ct-yellow-gold-diamond-mangalsutra-18-inches-48636\/"]}]},{"@type":"ImageObject","inLanguage":"tr","@id":"https:\/\/www.purejewels.com\/product\/18ct-yellow-gold-diamond-mangalsutra-18-inches-48636\/#primaryimage","url":"https:\/\/static.purejewels.com\/wp-content\/uploads\/2025\/08\/SKU-48636.jpg","contentUrl":"https:\/\/static.purejewels.com\/wp-content\/uploads\/2025\/08\/SKU-48636.jpg","width":1000,"height":1000,"caption":"Stacked from 5 images. Method=B (R=8,S=4)"},{"@type":"BreadcrumbList","@id":"https:\/\/www.purejewels.com\/product\/18ct-yellow-gold-diamond-mangalsutra-18-inches-48636\/#breadcrumb","itemListElement":[{"@type":"ListItem","position":1,"name":"Home","item":"https:\/\/www.purejewels.com\/"},{"@type":"ListItem","position":2,"name":"Shop","item":"https:\/\/www.purejewels.com\/shop\/"},{"@type":"ListItem","position":3,"name":"18ct Yellow Gold Diamond Mangalsutra | 18 Inches"}]},{"@type":"WebSite","@id":"https:\/\/www.purejewels.com\/#website","url":"https:\/\/www.purejewels.com\/","name":"PureJewels \u0130ngiltere","description":"Sevgiyi Payla\u015f\u0131n","publisher":{"@id":"https:\/\/www.purejewels.com\/#organization"},"potentialAction":[{"@type":"SearchAction","target":{"@type":"EntryPoint","urlTemplate":"https:\/\/www.purejewels.com\/?s={search_term_string}"},"query-input":{"@type":"PropertyValueSpecification","valueRequired":true,"valueName":"search_term_string"}}],"inLanguage":"tr"},{"@type":"Organization","@id":"https:\/\/www.purejewels.com\/#organization","name":"PureJewels \u0130ngiltere","url":"https:\/\/www.purejewels.com\/","logo":{"@type":"ImageObject","inLanguage":"tr","@id":"https:\/\/www.purejewels.com\/#\/schema\/logo\/image\/","url":"https:\/\/static.purejewels.com\/wp-content\/uploads\/2020\/11\/Logo-PJ-New-1.png","contentUrl":"https:\/\/static.purejewels.com\/wp-content\/uploads\/2020\/11\/Logo-PJ-New-1.png","width":150,"height":80,"caption":"PureJewels UK"},"image":{"@id":"https:\/\/www.purejewels.com\/#\/schema\/logo\/image\/"}}]}},"_links":{"self":[{"href":"https:\/\/www.purejewels.com\/tr\/wp-json\/wp\/v2\/product\/409598","targetHints":{"allow":["GET"]}}],"collection":[{"href":"https:\/\/www.purejewels.com\/tr\/wp-json\/wp\/v2\/product"}],"about":[{"href":"https:\/\/www.purejewels.com\/tr\/wp-json\/wp\/v2\/types\/product"}],"replies":[{"embeddable":true,"href":"https:\/\/www.purejewels.com\/tr\/wp-json\/wp\/v2\/comments?post=409598"}],"version-history":[{"count":3,"href":"https:\/\/www.purejewels.com\/tr\/wp-json\/wp\/v2\/product\/409598\/revisions"}],"predecessor-version":[{"id":411561,"href":"https:\/\/www.purejewels.com\/tr\/wp-json\/wp\/v2\/product\/409598\/revisions\/411561"}],"wp:featuredmedia":[{"embeddable":true,"href":"https:\/\/www.purejewels.com\/tr\/wp-json\/wp\/v2\/media\/409645"}],"wp:attachment":[{"href":"https:\/\/www.purejewels.com\/tr\/wp-json\/wp\/v2\/media?parent=409598"}],"wp:term":[{"taxonomy":"product_brand","embeddable":true,"href":"https:\/\/www.purejewels.com\/tr\/wp-json\/wp\/v2\/product_brand?post=409598"},{"taxonomy":"product_cat","embeddable":true,"href":"https:\/\/www.purejewels.com\/tr\/wp-json\/wp\/v2\/product_cat?post=409598"},{"taxonomy":"product_tag","embeddable":true,"href":"https:\/\/www.purejewels.com\/tr\/wp-json\/wp\/v2\/product_tag?post=409598"}],"curies":[{"name":"wp","href":"https:\/\/api.w.org\/{rel}","templated":true}]}}