{"id":4096,"date":"2017-07-19T13:24:26","date_gmt":"2017-07-19T12:24:26","guid":{"rendered":"http:\/\/new.purejewels.com\/product\/wedding-ring-9\/"},"modified":"2021-12-16T11:30:37","modified_gmt":"2021-12-16T11:30:37","slug":"alyans-9","status":"publish","type":"product","link":"https:\/\/www.purejewels.com\/tr\/product\/wedding-ring-9\/","title":{"rendered":"Alyans - f\u0131r\u00e7alanm\u0131\u015f alt\u0131n"},"content":{"rendered":"<p>Solan g\u00f6ky\u00fcz\u00fcnde bir y\u0131ld\u0131z \u0131\u015f\u0131\u011f\u0131 titre\u015fimi.  Bu romantik alyans\u0131n kalbinde prenses kesim bir p\u0131rlanta yer al\u0131yor.  D\u00fc\u011f\u00fcn g\u00fcn\u00fcn\u00fcz i\u00e7in m\u00fckemmel bir son dokunu\u015f.<\/p>\n<p>Karma\u015f\u0131k kesimli p\u0131rlanta ile kontrast olu\u015fturan <a href=\"https:\/\/www.purejewels.com\/tr\/product\/18ct-white-gold-khanda-sikh-religious-pendant-6226\/\">18ct<\/a> alt\u0131n \u00e7a\u011fda\u015f, f\u0131r\u00e7alanm\u0131\u015f bir y\u00fczeye sahiptir.  Sadelik ve zarafet ile tasarlanm\u0131\u015ft\u0131r.  Temiz \u00e7izgiler - p\u0131rlanta, d\u00fcz \u00fcst k\u0131s\u0131m ve e\u011fimli kenarlar - bu alt\u0131n alyansa \u00e7ok modern bir g\u00f6r\u00fcn\u00fcm kazand\u0131r\u0131r.  \u0130\u00e7 k\u0131s\u0131mdaki avlu \u015fekli rahat bir uyum sa\u011flar.<\/p>\n<p>En iyi deneyim i\u00e7in, sizi i\u00e7eri girmeye ve alt\u0131n d\u00fc\u011f\u00fcn se\u00e7eneklerimizi denemeye davet ediyoruz <a href=\"https:\/\/www.purejewels.com\/tr\/product-category\/22ct-gold-jewellery\/gold-rings\/\">halkalar<\/a>.  Bu biraz zaman alabilecek bir karard\u0131r ve d\u00fcr\u00fcst ve pratik yard\u0131m sunmaktan memnuniyet duyar\u0131z.  Showroom'u ziyaret edemiyorsan\u0131z, ma\u011faza i\u00e7i dan\u0131\u015fmanlar\u0131m\u0131zdan birinin sorular\u0131n\u0131z\u0131 yan\u0131tlamaktan mutluluk duyaca\u011f\u0131 Canl\u0131 Sohbet'i kullanarak bedeninizi sipari\u015f edebilirsiniz.<\/p>\n<ul>\n<li>Bayanlar i\u00e7in 18 ayar sar\u0131 alt\u0131n alyans<\/li>\n<li>Geni\u015flik: 6mm<\/li>\n<li>Biti\u015f: Mat<\/li>\n<li>P\u0131rlanta kesimi: Prenses<\/li>\n<\/ul>\n<p>P\u0131rlanta boyutu: 0,08 ct<\/p>","protected":false},"excerpt":{"rendered":"<p>Alyans<\/p>","protected":false},"featured_media":4097,"comment_status":"closed","ping_status":"closed","template":"","meta":{"_eb_attr":"","_crsspst_to_jayantr4sg-hostcom":false},"product_brand":[],"product_cat":[1235],"product_tag":[],"class_list":{"0":"post-4096","1":"product","2":"type-product","3":"status-publish","4":"has-post-thumbnail","6":"product_cat-gold-rings","8":"first","9":"outofstock","10":"taxable","11":"shipping-taxable","12":"product-type-simple","13":"add-to-wishlist-before_image"},"yoast_head":"<!-- This site is optimized with the Yoast SEO plugin v27.3 - https:\/\/yoast.com\/product\/yoast-seo-wordpress\/ -->\n<title>Wedding ring \u2013 brushed gold - PureJewels UK<\/title>\n<meta name=\"robots\" content=\"index, follow, max-snippet:-1, max-image-preview:large, max-video-preview:-1\" \/>\n<link rel=\"canonical\" href=\"https:\/\/www.purejewels.com\/tr\/urun\/alyans-9\/\" \/>\n<meta property=\"og:locale\" content=\"tr_TR\" \/>\n<meta property=\"og:type\" content=\"article\" \/>\n<meta property=\"og:title\" content=\"Wedding ring \u2013 brushed gold - PureJewels UK\" \/>\n<meta property=\"og:description\" content=\"Wedding Ring\" \/>\n<meta property=\"og:url\" content=\"https:\/\/www.purejewels.com\/tr\/urun\/alyans-9\/\" \/>\n<meta property=\"og:site_name\" content=\"PureJewels UK\" \/>\n<meta property=\"article:modified_time\" content=\"2021-12-16T11:30:37+00:00\" \/>\n<meta property=\"og:image\" content=\"https:\/\/www.purejewels.com\/wp-content\/uploads\/2017\/07\/d021his_xl-2.jpg\" \/>\n\t<meta property=\"og:image:width\" content=\"960\" \/>\n\t<meta property=\"og:image:height\" content=\"960\" \/>\n\t<meta property=\"og:image:type\" content=\"image\/jpeg\" \/>\n<meta name=\"twitter:card\" content=\"summary_large_image\" \/>\n<meta name=\"twitter:label1\" content=\"Tahmini okuma s\u00fcresi\" \/>\n\t<meta name=\"twitter:data1\" content=\"1 dakika\" \/>\n<script type=\"application\/ld+json\" class=\"yoast-schema-graph\">{\"@context\":\"https:\\\/\\\/schema.org\",\"@graph\":[{\"@type\":[\"WebPage\",\"ItemPage\"],\"@id\":\"https:\\\/\\\/www.purejewels.com\\\/product\\\/wedding-ring-9\\\/\",\"url\":\"https:\\\/\\\/www.purejewels.com\\\/product\\\/wedding-ring-9\\\/\",\"name\":\"Wedding ring \u2013 brushed gold - PureJewels UK\",\"isPartOf\":{\"@id\":\"https:\\\/\\\/www.purejewels.com\\\/#website\"},\"primaryImageOfPage\":{\"@id\":\"https:\\\/\\\/www.purejewels.com\\\/product\\\/wedding-ring-9\\\/#primaryimage\"},\"image\":{\"@id\":\"https:\\\/\\\/www.purejewels.com\\\/product\\\/wedding-ring-9\\\/#primaryimage\"},\"thumbnailUrl\":\"https:\\\/\\\/static.purejewels.com\\\/wp-content\\\/uploads\\\/2017\\\/07\\\/d021his_xl-2.jpg\",\"datePublished\":\"2017-07-19T12:24:26+00:00\",\"dateModified\":\"2021-12-16T11:30:37+00:00\",\"breadcrumb\":{\"@id\":\"https:\\\/\\\/www.purejewels.com\\\/product\\\/wedding-ring-9\\\/#breadcrumb\"},\"inLanguage\":\"tr\",\"potentialAction\":[{\"@type\":\"ReadAction\",\"target\":[\"https:\\\/\\\/www.purejewels.com\\\/product\\\/wedding-ring-9\\\/\"]}]},{\"@type\":\"ImageObject\",\"inLanguage\":\"tr\",\"@id\":\"https:\\\/\\\/www.purejewels.com\\\/product\\\/wedding-ring-9\\\/#primaryimage\",\"url\":\"https:\\\/\\\/static.purejewels.com\\\/wp-content\\\/uploads\\\/2017\\\/07\\\/d021his_xl-2.jpg\",\"contentUrl\":\"https:\\\/\\\/static.purejewels.com\\\/wp-content\\\/uploads\\\/2017\\\/07\\\/d021his_xl-2.jpg\",\"width\":960,\"height\":960,\"caption\":\"d021his_xl.jpg\"},{\"@type\":\"BreadcrumbList\",\"@id\":\"https:\\\/\\\/www.purejewels.com\\\/product\\\/wedding-ring-9\\\/#breadcrumb\",\"itemListElement\":[{\"@type\":\"ListItem\",\"position\":1,\"name\":\"Home\",\"item\":\"https:\\\/\\\/www.purejewels.com\\\/\"},{\"@type\":\"ListItem\",\"position\":2,\"name\":\"Shop\",\"item\":\"https:\\\/\\\/www.purejewels.com\\\/shop\\\/\"},{\"@type\":\"ListItem\",\"position\":3,\"name\":\"Wedding ring \u2013 brushed gold\"}]},{\"@type\":\"WebSite\",\"@id\":\"https:\\\/\\\/www.purejewels.com\\\/#website\",\"url\":\"https:\\\/\\\/www.purejewels.com\\\/\",\"name\":\"PureJewels UK\",\"description\":\"Share the Love\",\"publisher\":{\"@id\":\"https:\\\/\\\/www.purejewels.com\\\/#organization\"},\"potentialAction\":[{\"@type\":\"SearchAction\",\"target\":{\"@type\":\"EntryPoint\",\"urlTemplate\":\"https:\\\/\\\/www.purejewels.com\\\/?s={search_term_string}\"},\"query-input\":{\"@type\":\"PropertyValueSpecification\",\"valueRequired\":true,\"valueName\":\"search_term_string\"}}],\"inLanguage\":\"tr\"},{\"@type\":\"Organization\",\"@id\":\"https:\\\/\\\/www.purejewels.com\\\/#organization\",\"name\":\"PureJewels UK\",\"url\":\"https:\\\/\\\/www.purejewels.com\\\/\",\"logo\":{\"@type\":\"ImageObject\",\"inLanguage\":\"tr\",\"@id\":\"https:\\\/\\\/www.purejewels.com\\\/#\\\/schema\\\/logo\\\/image\\\/\",\"url\":\"https:\\\/\\\/static.purejewels.com\\\/wp-content\\\/uploads\\\/2020\\\/11\\\/Logo-PJ-New-1.png\",\"contentUrl\":\"https:\\\/\\\/static.purejewels.com\\\/wp-content\\\/uploads\\\/2020\\\/11\\\/Logo-PJ-New-1.png\",\"width\":150,\"height\":80,\"caption\":\"PureJewels UK\"},\"image\":{\"@id\":\"https:\\\/\\\/www.purejewels.com\\\/#\\\/schema\\\/logo\\\/image\\\/\"}}]}<\/script>\n<!-- \/ Yoast SEO plugin. -->","yoast_head_json":{"title":"Alyans - f\u0131r\u00e7alanm\u0131\u015f alt\u0131n - PureJewels UK","robots":{"index":"index","follow":"follow","max-snippet":"max-snippet:-1","max-image-preview":"max-image-preview:large","max-video-preview":"max-video-preview:-1"},"canonical":"https:\/\/www.purejewels.com\/tr\/urun\/alyans-9\/","og_locale":"tr_TR","og_type":"article","og_title":"Wedding ring \u2013 brushed gold - PureJewels UK","og_description":"Wedding Ring","og_url":"https:\/\/www.purejewels.com\/tr\/urun\/alyans-9\/","og_site_name":"PureJewels UK","article_modified_time":"2021-12-16T11:30:37+00:00","og_image":[{"width":960,"height":960,"url":"https:\/\/www.purejewels.com\/wp-content\/uploads\/2017\/07\/d021his_xl-2.jpg","type":"image\/jpeg"}],"twitter_card":"summary_large_image","twitter_misc":{"Tahmini okuma s\u00fcresi":"1 dakika"},"schema":{"@context":"https:\/\/schema.org","@graph":[{"@type":["WebPage","ItemPage"],"@id":"https:\/\/www.purejewels.com\/product\/wedding-ring-9\/","url":"https:\/\/www.purejewels.com\/product\/wedding-ring-9\/","name":"Alyans - f\u0131r\u00e7alanm\u0131\u015f alt\u0131n - PureJewels UK","isPartOf":{"@id":"https:\/\/www.purejewels.com\/#website"},"primaryImageOfPage":{"@id":"https:\/\/www.purejewels.com\/product\/wedding-ring-9\/#primaryimage"},"image":{"@id":"https:\/\/www.purejewels.com\/product\/wedding-ring-9\/#primaryimage"},"thumbnailUrl":"https:\/\/static.purejewels.com\/wp-content\/uploads\/2017\/07\/d021his_xl-2.jpg","datePublished":"2017-07-19T12:24:26+00:00","dateModified":"2021-12-16T11:30:37+00:00","breadcrumb":{"@id":"https:\/\/www.purejewels.com\/product\/wedding-ring-9\/#breadcrumb"},"inLanguage":"tr","potentialAction":[{"@type":"ReadAction","target":["https:\/\/www.purejewels.com\/product\/wedding-ring-9\/"]}]},{"@type":"ImageObject","inLanguage":"tr","@id":"https:\/\/www.purejewels.com\/product\/wedding-ring-9\/#primaryimage","url":"https:\/\/static.purejewels.com\/wp-content\/uploads\/2017\/07\/d021his_xl-2.jpg","contentUrl":"https:\/\/static.purejewels.com\/wp-content\/uploads\/2017\/07\/d021his_xl-2.jpg","width":960,"height":960,"caption":"d021his_xl.jpg"},{"@type":"BreadcrumbList","@id":"https:\/\/www.purejewels.com\/product\/wedding-ring-9\/#breadcrumb","itemListElement":[{"@type":"ListItem","position":1,"name":"Home","item":"https:\/\/www.purejewels.com\/"},{"@type":"ListItem","position":2,"name":"Shop","item":"https:\/\/www.purejewels.com\/shop\/"},{"@type":"ListItem","position":3,"name":"Wedding ring \u2013 brushed gold"}]},{"@type":"WebSite","@id":"https:\/\/www.purejewels.com\/#website","url":"https:\/\/www.purejewels.com\/","name":"PureJewels \u0130ngiltere","description":"Sevgiyi Payla\u015f\u0131n","publisher":{"@id":"https:\/\/www.purejewels.com\/#organization"},"potentialAction":[{"@type":"SearchAction","target":{"@type":"EntryPoint","urlTemplate":"https:\/\/www.purejewels.com\/?s={search_term_string}"},"query-input":{"@type":"PropertyValueSpecification","valueRequired":true,"valueName":"search_term_string"}}],"inLanguage":"tr"},{"@type":"Organization","@id":"https:\/\/www.purejewels.com\/#organization","name":"PureJewels \u0130ngiltere","url":"https:\/\/www.purejewels.com\/","logo":{"@type":"ImageObject","inLanguage":"tr","@id":"https:\/\/www.purejewels.com\/#\/schema\/logo\/image\/","url":"https:\/\/static.purejewels.com\/wp-content\/uploads\/2020\/11\/Logo-PJ-New-1.png","contentUrl":"https:\/\/static.purejewels.com\/wp-content\/uploads\/2020\/11\/Logo-PJ-New-1.png","width":150,"height":80,"caption":"PureJewels UK"},"image":{"@id":"https:\/\/www.purejewels.com\/#\/schema\/logo\/image\/"}}]}},"_links":{"self":[{"href":"https:\/\/www.purejewels.com\/tr\/wp-json\/wp\/v2\/product\/4096","targetHints":{"allow":["GET"]}}],"collection":[{"href":"https:\/\/www.purejewels.com\/tr\/wp-json\/wp\/v2\/product"}],"about":[{"href":"https:\/\/www.purejewels.com\/tr\/wp-json\/wp\/v2\/types\/product"}],"replies":[{"embeddable":true,"href":"https:\/\/www.purejewels.com\/tr\/wp-json\/wp\/v2\/comments?post=4096"}],"version-history":[{"count":0,"href":"https:\/\/www.purejewels.com\/tr\/wp-json\/wp\/v2\/product\/4096\/revisions"}],"wp:featuredmedia":[{"embeddable":true,"href":"https:\/\/www.purejewels.com\/tr\/wp-json\/wp\/v2\/media\/4097"}],"wp:attachment":[{"href":"https:\/\/www.purejewels.com\/tr\/wp-json\/wp\/v2\/media?parent=4096"}],"wp:term":[{"taxonomy":"product_brand","embeddable":true,"href":"https:\/\/www.purejewels.com\/tr\/wp-json\/wp\/v2\/product_brand?post=4096"},{"taxonomy":"product_cat","embeddable":true,"href":"https:\/\/www.purejewels.com\/tr\/wp-json\/wp\/v2\/product_cat?post=4096"},{"taxonomy":"product_tag","embeddable":true,"href":"https:\/\/www.purejewels.com\/tr\/wp-json\/wp\/v2\/product_tag?post=4096"}],"curies":[{"name":"wp","href":"https:\/\/api.w.org\/{rel}","templated":true}]}}