{"id":409652,"date":"2025-07-25T11:11:10","date_gmt":"2025-07-25T10:11:10","guid":{"rendered":"https:\/\/www.purejewels.com\/?post_type=product&#038;p=409652"},"modified":"2026-01-07T10:40:46","modified_gmt":"2026-01-07T10:40:46","slug":"pirlanta-18-ayar-sari-altin-mangalsutra-18-inc-48639","status":"publish","type":"product","link":"https:\/\/www.purejewels.com\/tr\/product\/diamond-18ct-yellow-gold-mangalsutra-18-inches-48639\/","title":{"rendered":"P\u0131rlanta 18 Ayar Sar\u0131 Alt\u0131n Mangalsutra | 18 \u0130n\u00e7"},"content":{"rendered":"<p data-start=\"795\" data-end=\"1093\">Bu <strong data-start=\"800\" data-end=\"840\">18 Ayar Sar\u0131 Alt\u0131n P\u0131rlanta Mangalsutra<\/strong> gelen <strong data-start=\"846\" data-end=\"860\">PureJewels<\/strong> zamans\u0131z zarafetin ve k\u00fclt\u00fcrel zenginli\u011fin zarif bir kutlamas\u0131d\u0131r. Gelene\u011fi modern bir duyarl\u0131l\u0131kla onurland\u0131rmak i\u00e7in tasarlanan <strong data-start=\"1001\" data-end=\"1032\">\u0131\u015f\u0131lt\u0131l\u0131 \u00e7ift daire kolye ucu<\/strong>ile g\u00fczelce kaplanm\u0131\u015f <strong data-start=\"1061\" data-end=\"1092\">0,34 ct el yap\u0131m\u0131 p\u0131rlanta<\/strong>.<\/p>\n<p data-start=\"1095\" data-end=\"1363\">Merkezi motif uyum ve \u0131\u015f\u0131\u011f\u0131 yans\u0131t\u0131rken, k\u00fc\u00e7\u00fck bir asma t\u0131ls\u0131m nazik bir hareket ve \u00e7a\u011fda\u015f bir cazibe katar. Cilal\u0131 kuma\u015ftan \u00fcretilmi\u015ftir. <strong data-start=\"1240\" data-end=\"1260\">18 ayar sar\u0131 alt\u0131n<\/strong>Kolye ucu, koruma ve sonsuz a\u015fk\u0131 simgeleyen geleneksel siyah boncuk zincirinden sark\u0131t\u0131lm\u0131\u015ft\u0131r.<\/p>\n<p data-start=\"1365\" data-end=\"1628\">\u00d6l\u00e7me <strong data-start=\"1375\" data-end=\"1388\">18 in\u00e7<\/strong> Uzunlu\u011fuyla k\u00f6pr\u00fcc\u00fck kemi\u011fine rahat\u00e7a oturan bu par\u00e7a, hem g\u00fcnl\u00fck kullan\u0131m hem de anlaml\u0131 g\u00fcnler i\u00e7in idealdir. PureJewels'in el i\u015f\u00e7ili\u011fine olan ba\u011fl\u0131l\u0131\u011f\u0131yla hayat bulan, k\u00f6kleri gelene\u011fe dayanan modern kad\u0131n i\u00e7in \u0131\u015f\u0131lt\u0131l\u0131 bir hat\u0131ra.<\/p>","protected":false},"excerpt":{"rendered":"<p>18 ayar sar\u0131 alt\u0131ndan \u00fcretilen bu mangalsutra, as\u0131l\u0131 bir t\u0131ls\u0131m ile \u0131\u015f\u0131lt\u0131l\u0131 dairesel bir tasar\u0131mda 0,34 ct parlak p\u0131rlantaya sahiptir. Zarif ve sembolik.<\/p>\n<p><strong>Malzeme:<\/strong> 18 Ayar Sar\u0131 Alt\u0131n<br \/>\n<strong>Hallmark:<\/strong>\u00a0\u0130ngiliz Damgas\u0131<br \/>\n<strong>Br\u00fct A\u011f\u0131rl\u0131k:\u00a0<\/strong> 5.32 Gms<br \/>\n<strong>Uzunluk:<\/strong>\u00a018 \u0130n\u00e7<br \/>\n<strong>SKU:<\/strong> 48639<br \/>\n<b>Do\u011fal Elmas A\u011f\u0131rl\u0131\u011f\u0131: <\/b>0.34ct<br \/>\n<b>Ta\u015f:\u00a0<\/b>Elmas<br \/>\n<b>Elmas rengi:\u00a0<\/b>G<br \/>\n<b>Elmas Berrakl\u0131\u011f\u0131:\u00a0<\/b>VVS - \u00c7ok \u00c7ok K\u00fc\u00e7\u00fck Kapan\u0131mlar<br \/>\n<strong>Sertifika ile birlikte gelir:<\/strong> Evet<\/p>\n<p><strong>Fiyat ve Teslimat:\u00a0<\/strong>KDV ve teslimat \u00fccretleri dahil<strong><br \/>\n<a href=\"https:\/\/www.purejewels.com\/tr\/i%cc%87ade-poli%cc%87ti%cc%87kasi\/\">\u0130ade Politikas\u0131<\/a><\/strong><\/p>","protected":false},"featured_media":409666,"comment_status":"closed","ping_status":"closed","template":"","meta":{"_eb_attr":"","_crsspst_to_jayantr4sg-hostcom":true},"product_brand":[],"product_cat":[5679,6087,1791,1559,1775,5457,5461,1284,1776,1573],"product_tag":[],"class_list":{"0":"post-409652","1":"product","2":"type-product","3":"status-publish","4":"has-post-thumbnail","6":"product_cat-18ct-gold-jewellery","7":"product_cat-18ct-gold-managlsutra","8":"product_cat-anniversary-gifts","9":"product_cat-birthday-gifts","10":"product_cat-daily-wear-mangalsutras","11":"product_cat-diamond-jewellery","12":"product_cat-diamond-mangalsutras","13":"product_cat-gold-mangalsutras","14":"product_cat-occasional-wear-mangalsutras","15":"product_cat-wedding-gifts","17":"first","18":"instock","19":"taxable","20":"shipping-taxable","21":"purchasable","22":"product-type-simple","23":"add-to-wishlist-before_image"},"yoast_head":"<!-- This site is optimized with the Yoast SEO plugin v27.5 - https:\/\/yoast.com\/product\/yoast-seo-wordpress\/ -->\n<title>18ct Yellow Gold Diamond Mangalsutra | PureJewels<\/title>\n<meta name=\"description\" content=\"Celebrate heritage with PureJewels 18ct yellow gold mangalsutra, featuring 0.34ct of diamonds in a dual-drop design. A graceful expression of timeless love.\" \/>\n<meta name=\"robots\" content=\"index, follow, max-snippet:-1, max-image-preview:large, max-video-preview:-1\" \/>\n<link rel=\"canonical\" href=\"https:\/\/www.purejewels.com\/tr\/urun\/pirlanta-18-ayar-sari-altin-mangalsutra-18-inc-48639\/\" \/>\n<meta property=\"og:locale\" content=\"tr_TR\" \/>\n<meta property=\"og:type\" content=\"article\" \/>\n<meta property=\"og:title\" content=\"18ct Yellow Gold Diamond Mangalsutra | PureJewels\" \/>\n<meta property=\"og:description\" content=\"Celebrate heritage with PureJewels 18ct yellow gold mangalsutra, featuring 0.34ct of diamonds in a dual-drop design. A graceful expression of timeless love.\" \/>\n<meta property=\"og:url\" content=\"https:\/\/www.purejewels.com\/tr\/urun\/pirlanta-18-ayar-sari-altin-mangalsutra-18-inc-48639\/\" \/>\n<meta property=\"og:site_name\" content=\"PureJewels UK\" \/>\n<meta property=\"article:modified_time\" content=\"2026-01-07T10:40:46+00:00\" \/>\n<meta property=\"og:image\" content=\"https:\/\/www.purejewels.com\/wp-content\/uploads\/2025\/08\/SKU-48639-1.jpg\" \/>\n\t<meta property=\"og:image:width\" content=\"1000\" \/>\n\t<meta property=\"og:image:height\" content=\"1000\" \/>\n\t<meta property=\"og:image:type\" content=\"image\/jpeg\" \/>\n<meta name=\"twitter:card\" content=\"summary_large_image\" \/>\n<meta name=\"twitter:label1\" content=\"Tahmini okuma s\u00fcresi\" \/>\n\t<meta name=\"twitter:data1\" content=\"1 dakika\" \/>\n<script type=\"application\/ld+json\" class=\"yoast-schema-graph\">{\"@context\":\"https:\\\/\\\/schema.org\",\"@graph\":[{\"@type\":[\"WebPage\",\"ItemPage\"],\"@id\":\"https:\\\/\\\/www.purejewels.com\\\/product\\\/diamond-18ct-yellow-gold-mangalsutra-18-inches-48639\\\/\",\"url\":\"https:\\\/\\\/www.purejewels.com\\\/product\\\/diamond-18ct-yellow-gold-mangalsutra-18-inches-48639\\\/\",\"name\":\"18ct Yellow Gold Diamond Mangalsutra | PureJewels\",\"isPartOf\":{\"@id\":\"https:\\\/\\\/www.purejewels.com\\\/#website\"},\"primaryImageOfPage\":{\"@id\":\"https:\\\/\\\/www.purejewels.com\\\/product\\\/diamond-18ct-yellow-gold-mangalsutra-18-inches-48639\\\/#primaryimage\"},\"image\":{\"@id\":\"https:\\\/\\\/www.purejewels.com\\\/product\\\/diamond-18ct-yellow-gold-mangalsutra-18-inches-48639\\\/#primaryimage\"},\"thumbnailUrl\":\"https:\\\/\\\/static.purejewels.com\\\/wp-content\\\/uploads\\\/2025\\\/08\\\/SKU-48639-1.jpg\",\"datePublished\":\"2025-07-25T10:11:10+00:00\",\"dateModified\":\"2026-01-07T10:40:46+00:00\",\"description\":\"Celebrate heritage with PureJewels 18ct yellow gold mangalsutra, featuring 0.34ct of diamonds in a dual-drop design. A graceful expression of timeless love.\",\"breadcrumb\":{\"@id\":\"https:\\\/\\\/www.purejewels.com\\\/product\\\/diamond-18ct-yellow-gold-mangalsutra-18-inches-48639\\\/#breadcrumb\"},\"inLanguage\":\"tr\",\"potentialAction\":[{\"@type\":\"ReadAction\",\"target\":[\"https:\\\/\\\/www.purejewels.com\\\/product\\\/diamond-18ct-yellow-gold-mangalsutra-18-inches-48639\\\/\"]}]},{\"@type\":\"ImageObject\",\"inLanguage\":\"tr\",\"@id\":\"https:\\\/\\\/www.purejewels.com\\\/product\\\/diamond-18ct-yellow-gold-mangalsutra-18-inches-48639\\\/#primaryimage\",\"url\":\"https:\\\/\\\/static.purejewels.com\\\/wp-content\\\/uploads\\\/2025\\\/08\\\/SKU-48639-1.jpg\",\"contentUrl\":\"https:\\\/\\\/static.purejewels.com\\\/wp-content\\\/uploads\\\/2025\\\/08\\\/SKU-48639-1.jpg\",\"width\":1000,\"height\":1000,\"caption\":\"Stacked from 6 images. Method=B (R=8,S=4)\"},{\"@type\":\"BreadcrumbList\",\"@id\":\"https:\\\/\\\/www.purejewels.com\\\/product\\\/diamond-18ct-yellow-gold-mangalsutra-18-inches-48639\\\/#breadcrumb\",\"itemListElement\":[{\"@type\":\"ListItem\",\"position\":1,\"name\":\"Home\",\"item\":\"https:\\\/\\\/www.purejewels.com\\\/\"},{\"@type\":\"ListItem\",\"position\":2,\"name\":\"Shop\",\"item\":\"https:\\\/\\\/www.purejewels.com\\\/shop\\\/\"},{\"@type\":\"ListItem\",\"position\":3,\"name\":\"Diamond 18ct Yellow Gold Mangalsutra | 18 Inches\"}]},{\"@type\":\"WebSite\",\"@id\":\"https:\\\/\\\/www.purejewels.com\\\/#website\",\"url\":\"https:\\\/\\\/www.purejewels.com\\\/\",\"name\":\"PureJewels UK\",\"description\":\"Share the Love\",\"publisher\":{\"@id\":\"https:\\\/\\\/www.purejewels.com\\\/#organization\"},\"potentialAction\":[{\"@type\":\"SearchAction\",\"target\":{\"@type\":\"EntryPoint\",\"urlTemplate\":\"https:\\\/\\\/www.purejewels.com\\\/?s={search_term_string}\"},\"query-input\":{\"@type\":\"PropertyValueSpecification\",\"valueRequired\":true,\"valueName\":\"search_term_string\"}}],\"inLanguage\":\"tr\"},{\"@type\":\"Organization\",\"@id\":\"https:\\\/\\\/www.purejewels.com\\\/#organization\",\"name\":\"PureJewels UK\",\"url\":\"https:\\\/\\\/www.purejewels.com\\\/\",\"logo\":{\"@type\":\"ImageObject\",\"inLanguage\":\"tr\",\"@id\":\"https:\\\/\\\/www.purejewels.com\\\/#\\\/schema\\\/logo\\\/image\\\/\",\"url\":\"https:\\\/\\\/static.purejewels.com\\\/wp-content\\\/uploads\\\/2020\\\/11\\\/Logo-PJ-New-1.png\",\"contentUrl\":\"https:\\\/\\\/static.purejewels.com\\\/wp-content\\\/uploads\\\/2020\\\/11\\\/Logo-PJ-New-1.png\",\"width\":150,\"height\":80,\"caption\":\"PureJewels UK\"},\"image\":{\"@id\":\"https:\\\/\\\/www.purejewels.com\\\/#\\\/schema\\\/logo\\\/image\\\/\"}}]}<\/script>\n<!-- \/ Yoast SEO plugin. -->","yoast_head_json":{"title":"18 Ayar Sar\u0131 Alt\u0131n P\u0131rlanta Mangalsutra | PureJewels","description":"PureJewels 18 ayar sar\u0131 alt\u0131n mangalsutra ile miras\u0131 kutlay\u0131n, \u00e7ift damla tasar\u0131m\u0131nda 0,34 ct p\u0131rlanta i\u00e7erir. Zamans\u0131z a\u015fk\u0131n zarif bir ifadesi.","robots":{"index":"index","follow":"follow","max-snippet":"max-snippet:-1","max-image-preview":"max-image-preview:large","max-video-preview":"max-video-preview:-1"},"canonical":"https:\/\/www.purejewels.com\/tr\/urun\/pirlanta-18-ayar-sari-altin-mangalsutra-18-inc-48639\/","og_locale":"tr_TR","og_type":"article","og_title":"18ct Yellow Gold Diamond Mangalsutra | PureJewels","og_description":"Celebrate heritage with PureJewels 18ct yellow gold mangalsutra, featuring 0.34ct of diamonds in a dual-drop design. A graceful expression of timeless love.","og_url":"https:\/\/www.purejewels.com\/tr\/urun\/pirlanta-18-ayar-sari-altin-mangalsutra-18-inc-48639\/","og_site_name":"PureJewels UK","article_modified_time":"2026-01-07T10:40:46+00:00","og_image":[{"width":1000,"height":1000,"url":"https:\/\/www.purejewels.com\/wp-content\/uploads\/2025\/08\/SKU-48639-1.jpg","type":"image\/jpeg"}],"twitter_card":"summary_large_image","twitter_misc":{"Tahmini okuma s\u00fcresi":"1 dakika"},"schema":{"@context":"https:\/\/schema.org","@graph":[{"@type":["WebPage","ItemPage"],"@id":"https:\/\/www.purejewels.com\/product\/diamond-18ct-yellow-gold-mangalsutra-18-inches-48639\/","url":"https:\/\/www.purejewels.com\/product\/diamond-18ct-yellow-gold-mangalsutra-18-inches-48639\/","name":"18 Ayar Sar\u0131 Alt\u0131n P\u0131rlanta Mangalsutra | PureJewels","isPartOf":{"@id":"https:\/\/www.purejewels.com\/#website"},"primaryImageOfPage":{"@id":"https:\/\/www.purejewels.com\/product\/diamond-18ct-yellow-gold-mangalsutra-18-inches-48639\/#primaryimage"},"image":{"@id":"https:\/\/www.purejewels.com\/product\/diamond-18ct-yellow-gold-mangalsutra-18-inches-48639\/#primaryimage"},"thumbnailUrl":"https:\/\/static.purejewels.com\/wp-content\/uploads\/2025\/08\/SKU-48639-1.jpg","datePublished":"2025-07-25T10:11:10+00:00","dateModified":"2026-01-07T10:40:46+00:00","description":"PureJewels 18 ayar sar\u0131 alt\u0131n mangalsutra ile miras\u0131 kutlay\u0131n, \u00e7ift damla tasar\u0131m\u0131nda 0,34 ct p\u0131rlanta i\u00e7erir. Zamans\u0131z a\u015fk\u0131n zarif bir ifadesi.","breadcrumb":{"@id":"https:\/\/www.purejewels.com\/product\/diamond-18ct-yellow-gold-mangalsutra-18-inches-48639\/#breadcrumb"},"inLanguage":"tr","potentialAction":[{"@type":"ReadAction","target":["https:\/\/www.purejewels.com\/product\/diamond-18ct-yellow-gold-mangalsutra-18-inches-48639\/"]}]},{"@type":"ImageObject","inLanguage":"tr","@id":"https:\/\/www.purejewels.com\/product\/diamond-18ct-yellow-gold-mangalsutra-18-inches-48639\/#primaryimage","url":"https:\/\/static.purejewels.com\/wp-content\/uploads\/2025\/08\/SKU-48639-1.jpg","contentUrl":"https:\/\/static.purejewels.com\/wp-content\/uploads\/2025\/08\/SKU-48639-1.jpg","width":1000,"height":1000,"caption":"Stacked from 6 images. Method=B (R=8,S=4)"},{"@type":"BreadcrumbList","@id":"https:\/\/www.purejewels.com\/product\/diamond-18ct-yellow-gold-mangalsutra-18-inches-48639\/#breadcrumb","itemListElement":[{"@type":"ListItem","position":1,"name":"Home","item":"https:\/\/www.purejewels.com\/"},{"@type":"ListItem","position":2,"name":"Shop","item":"https:\/\/www.purejewels.com\/shop\/"},{"@type":"ListItem","position":3,"name":"Diamond 18ct Yellow Gold Mangalsutra | 18 Inches"}]},{"@type":"WebSite","@id":"https:\/\/www.purejewels.com\/#website","url":"https:\/\/www.purejewels.com\/","name":"PureJewels \u0130ngiltere","description":"Sevgiyi Payla\u015f\u0131n","publisher":{"@id":"https:\/\/www.purejewels.com\/#organization"},"potentialAction":[{"@type":"SearchAction","target":{"@type":"EntryPoint","urlTemplate":"https:\/\/www.purejewels.com\/?s={search_term_string}"},"query-input":{"@type":"PropertyValueSpecification","valueRequired":true,"valueName":"search_term_string"}}],"inLanguage":"tr"},{"@type":"Organization","@id":"https:\/\/www.purejewels.com\/#organization","name":"PureJewels \u0130ngiltere","url":"https:\/\/www.purejewels.com\/","logo":{"@type":"ImageObject","inLanguage":"tr","@id":"https:\/\/www.purejewels.com\/#\/schema\/logo\/image\/","url":"https:\/\/static.purejewels.com\/wp-content\/uploads\/2020\/11\/Logo-PJ-New-1.png","contentUrl":"https:\/\/static.purejewels.com\/wp-content\/uploads\/2020\/11\/Logo-PJ-New-1.png","width":150,"height":80,"caption":"PureJewels UK"},"image":{"@id":"https:\/\/www.purejewels.com\/#\/schema\/logo\/image\/"}}]}},"_links":{"self":[{"href":"https:\/\/www.purejewels.com\/tr\/wp-json\/wp\/v2\/product\/409652","targetHints":{"allow":["GET"]}}],"collection":[{"href":"https:\/\/www.purejewels.com\/tr\/wp-json\/wp\/v2\/product"}],"about":[{"href":"https:\/\/www.purejewels.com\/tr\/wp-json\/wp\/v2\/types\/product"}],"replies":[{"embeddable":true,"href":"https:\/\/www.purejewels.com\/tr\/wp-json\/wp\/v2\/comments?post=409652"}],"version-history":[{"count":2,"href":"https:\/\/www.purejewels.com\/tr\/wp-json\/wp\/v2\/product\/409652\/revisions"}],"predecessor-version":[{"id":410209,"href":"https:\/\/www.purejewels.com\/tr\/wp-json\/wp\/v2\/product\/409652\/revisions\/410209"}],"wp:featuredmedia":[{"embeddable":true,"href":"https:\/\/www.purejewels.com\/tr\/wp-json\/wp\/v2\/media\/409666"}],"wp:attachment":[{"href":"https:\/\/www.purejewels.com\/tr\/wp-json\/wp\/v2\/media?parent=409652"}],"wp:term":[{"taxonomy":"product_brand","embeddable":true,"href":"https:\/\/www.purejewels.com\/tr\/wp-json\/wp\/v2\/product_brand?post=409652"},{"taxonomy":"product_cat","embeddable":true,"href":"https:\/\/www.purejewels.com\/tr\/wp-json\/wp\/v2\/product_cat?post=409652"},{"taxonomy":"product_tag","embeddable":true,"href":"https:\/\/www.purejewels.com\/tr\/wp-json\/wp\/v2\/product_tag?post=409652"}],"curies":[{"name":"wp","href":"https:\/\/api.w.org\/{rel}","templated":true}]}}