{"id":409832,"date":"2025-08-05T05:12:55","date_gmt":"2025-08-05T04:12:55","guid":{"rendered":"https:\/\/www.purejewels.com\/?post_type=product&#038;p=409832"},"modified":"2026-02-18T06:10:06","modified_gmt":"2026-02-18T06:10:06","slug":"platin-lotus-pirlanta-nisan-yuzugu-52677","status":"publish","type":"product","link":"https:\/\/www.purejewels.com\/tr\/product\/platinum-lotus-diamond-engagement-ring-52677\/","title":{"rendered":"Platin Lotus P\u0131rlanta Ni\u015fan Y\u00fcz\u00fc\u011f\u00fc"},"content":{"rendered":"<p data-start=\"507\" data-end=\"953\">Lotus \u00e7i\u00e7e\u011finin safl\u0131\u011f\u0131 ve esnekli\u011finden ilham alan bu Platin Lotus Ni\u015fan Y\u00fcz\u00fc\u011f\u00fc, ba\u011fl\u0131l\u0131\u011f\u0131n ve yeni ba\u015flang\u0131\u00e7lar\u0131n sembol\u00fcd\u00fcr. Merkezinde yer alan nefes kesici 0,49 karatl\u0131k p\u0131rlanta - F renk ve i\u00e7ten kusursuz olarak derecelendirilmi\u015ftir - parlakl\u0131k ve m\u00fckemmellik sa\u00e7maktad\u0131r. GIA sertifikal\u0131 bu ola\u011fan\u00fcst\u00fc p\u0131rlanta, zarif bir platin mont\u00fcr i\u00e7ine zarif bir \u015fekilde yerle\u015ftirilmi\u015f ve uyumlu bir biti\u015f i\u00e7in titizlikle e\u015fle\u015ftirilmi\u015f 0,24 ct omuz p\u0131rlantalar\u0131 ile birlikte sunulmu\u015ftur.<\/p>\n<p data-start=\"955\" data-end=\"1321\">Y\u00fcz\u00fc\u011f\u00fcn her bir k\u0131vr\u0131m\u0131 lotus yapraklar\u0131n\u0131n nazik\u00e7e a\u00e7\u0131lmas\u0131n\u0131 \u00e7a\u011fr\u0131\u015ft\u0131racak \u015fekilde yontulmu\u015ftur ve zamanla derinle\u015fen a\u015fk yolculu\u011funu yans\u0131t\u0131r. Bu y\u00fcz\u00fck, tasar\u0131m\u0131n mirasla bulu\u015ftu\u011fu ve her par\u00e7an\u0131n bir hikaye ta\u015f\u0131d\u0131\u011f\u0131 PureJewels'in kendine \u00f6zg\u00fc anlat\u0131m\u0131n\u0131n bir par\u00e7as\u0131d\u0131r. Anlam y\u00fckl\u00fc evlenme teklifleri i\u00e7in idealdir ve de\u011ferli bir aile yadigar\u0131 olmaya adayd\u0131r.<\/p>","protected":false},"excerpt":{"rendered":"<div class=\"woocommerce-product-details__short-description\">\n<p data-start=\"377\" data-end=\"605\">Sonsuz a\u015fk\u0131n zarif bir kutlamas\u0131 olan bu Platin Lotus Ni\u015fan Y\u00fcz\u00fc\u011f\u00fc'n\u00fcn kalbinde GIA sertifikal\u0131 0,49 ct F\/IF p\u0131rlanta yer al\u0131yor ve 0,24 ct \u0131\u015f\u0131lt\u0131l\u0131 omuz p\u0131rlantalar\u0131 ile \u00e7evreleniyor. Lotus \u00e7i\u00e7e\u011finin safl\u0131\u011f\u0131ndan ilham al\u0131narak heykelsi bir zarafetle el yap\u0131m\u0131 olarak \u00fcretilmi\u015ftir.<\/p>\n<p><strong>Malzeme:<\/strong> Platin 950 (95% Safl\u0131k)<br \/>\n<strong>Hallmark:<\/strong>\u00a0\u0130ngiliz Damgas\u0131<br \/>\n<strong>Sertifika ile birlikte gelir: <\/strong>Evet<br \/>\n<strong>Ta\u015f: <\/strong> Do\u011fal Madenden \u00c7\u0131kar\u0131lm\u0131\u015f Elmas<br \/>\n<b>Omuz<\/b> <strong>Elmas:<\/strong> 0.24ct<br \/>\n<strong>Merkez Elmas:<\/strong> 0.49ct<br \/>\n<b>Elmas rengi: <\/b>F - Neredeyse Renksiz<br \/>\n<b>Elmas Berrakl\u0131\u011f\u0131: <\/b>IF - Dahili Olarak Kusursuz<br \/>\n<strong>Br\u00fct A\u011f\u0131rl\u0131k:<\/strong>\u00a0 5.4 Gms<br \/>\n<strong>Boyut:<\/strong> N - Di\u011fer boyutlar mevcuttur<br \/>\n<strong>SKU: <\/strong>52677<\/p>\n<p><strong>Fiyat ve Teslimat:<\/strong>\u00a0KDV ve teslimat \u00fccretleri dahil<br \/>\n<strong>Garanti:<\/strong> \u00fccretsiz vale hizmeti ve g\u00fcvenlik a\u00e7\u0131\u011f\u0131 kontrolleri<br \/>\n<strong>Not:\u00a0<\/strong>Bu y\u00fcz\u00fck t\u00fcm parmak \u00f6l\u00e7\u00fclerinde mevcuttur. L\u00fctfen\u00a0<strong id=\"btn_TawkLink\">\u0130leti\u015fime ge\u00e7in\u00a0<\/strong>size en uygun olan\u0131 sipari\u015f etmek i\u00e7in.<br \/>\n<a href=\"https:\/\/www.purejewels.com\/tr\/i%cc%87ade-poli%cc%87ti%cc%87kasi\/\">\u0130ade Politikas\u0131<\/a><\/p>\n<\/div>\n<div class=\"pls-deliver-return-ask-questions\"><\/div>","protected":false},"featured_media":409835,"comment_status":"closed","ping_status":"closed","template":"","meta":{"_eb_attr":"","_crsspst_to_jayantr4sg-hostcom":false},"product_brand":[],"product_cat":[5457,5460,6083,5350,6084],"product_tag":[],"class_list":{"0":"post-409832","1":"product","2":"type-product","3":"status-publish","4":"has-post-thumbnail","6":"product_cat-diamond-jewellery","7":"product_cat-diamond-ring","8":"product_cat-platinum-jewellery-2","9":"product_cat-platinum-jewellery","10":"product_cat-platinum-ring","12":"first","13":"instock","14":"taxable","15":"shipping-taxable","16":"purchasable","17":"product-type-simple","18":"add-to-wishlist-before_image"},"yoast_head":"<!-- This site is optimized with the Yoast SEO plugin v27.5 - https:\/\/yoast.com\/product\/yoast-seo-wordpress\/ -->\n<title>Platinum Lotus Engagement Ring | Ethical Fine Jewellery<\/title>\n<meta name=\"description\" content=\"Celebrate your love with this Platinum Engagement Ring featuring a GIA-certified 0.49ct F\/IF centre diamond and 0.24ct of scintillating shoulder stones.\" \/>\n<meta name=\"robots\" content=\"index, follow, max-snippet:-1, max-image-preview:large, max-video-preview:-1\" \/>\n<link rel=\"canonical\" href=\"https:\/\/www.purejewels.com\/tr\/urun\/platin-lotus-pirlanta-nisan-yuzugu-52677\/\" \/>\n<meta property=\"og:locale\" content=\"tr_TR\" \/>\n<meta property=\"og:type\" content=\"article\" \/>\n<meta property=\"og:title\" content=\"Platinum Lotus Engagement Ring | Ethical Fine Jewellery\" \/>\n<meta property=\"og:description\" content=\"Celebrate your love with this Platinum Engagement Ring featuring a GIA-certified 0.49ct F\/IF centre diamond and 0.24ct of scintillating shoulder stones.\" \/>\n<meta property=\"og:url\" content=\"https:\/\/www.purejewels.com\/tr\/urun\/platin-lotus-pirlanta-nisan-yuzugu-52677\/\" \/>\n<meta property=\"og:site_name\" content=\"PureJewels UK\" \/>\n<meta property=\"article:modified_time\" content=\"2026-02-18T06:10:06+00:00\" \/>\n<meta property=\"og:image\" content=\"https:\/\/static.purejewels.com\/wp-content\/uploads\/2025\/08\/52677.jpg\" \/>\n\t<meta property=\"og:image:width\" content=\"1000\" \/>\n\t<meta property=\"og:image:height\" content=\"1000\" \/>\n\t<meta property=\"og:image:type\" content=\"image\/jpeg\" \/>\n<meta name=\"twitter:card\" content=\"summary_large_image\" \/>\n<meta name=\"twitter:label1\" content=\"Tahmini okuma s\u00fcresi\" \/>\n\t<meta name=\"twitter:data1\" content=\"1 dakika\" \/>\n<script type=\"application\/ld+json\" class=\"yoast-schema-graph\">{\"@context\":\"https:\\\/\\\/schema.org\",\"@graph\":[{\"@type\":[\"WebPage\",\"ItemPage\"],\"@id\":\"https:\\\/\\\/www.purejewels.com\\\/product\\\/platinum-lotus-diamond-engagement-ring-52677\\\/\",\"url\":\"https:\\\/\\\/www.purejewels.com\\\/product\\\/platinum-lotus-diamond-engagement-ring-52677\\\/\",\"name\":\"Platinum Lotus Engagement Ring | Ethical Fine Jewellery\",\"isPartOf\":{\"@id\":\"https:\\\/\\\/www.purejewels.com\\\/#website\"},\"primaryImageOfPage\":{\"@id\":\"https:\\\/\\\/www.purejewels.com\\\/product\\\/platinum-lotus-diamond-engagement-ring-52677\\\/#primaryimage\"},\"image\":{\"@id\":\"https:\\\/\\\/www.purejewels.com\\\/product\\\/platinum-lotus-diamond-engagement-ring-52677\\\/#primaryimage\"},\"thumbnailUrl\":\"https:\\\/\\\/static.purejewels.com\\\/wp-content\\\/uploads\\\/2025\\\/08\\\/52677.jpg\",\"datePublished\":\"2025-08-05T04:12:55+00:00\",\"dateModified\":\"2026-02-18T06:10:06+00:00\",\"description\":\"Celebrate your love with this Platinum Engagement Ring featuring a GIA-certified 0.49ct F\\\/IF centre diamond and 0.24ct of scintillating shoulder stones.\",\"breadcrumb\":{\"@id\":\"https:\\\/\\\/www.purejewels.com\\\/product\\\/platinum-lotus-diamond-engagement-ring-52677\\\/#breadcrumb\"},\"inLanguage\":\"tr\",\"potentialAction\":[{\"@type\":\"ReadAction\",\"target\":[\"https:\\\/\\\/www.purejewels.com\\\/product\\\/platinum-lotus-diamond-engagement-ring-52677\\\/\"]}]},{\"@type\":\"ImageObject\",\"inLanguage\":\"tr\",\"@id\":\"https:\\\/\\\/www.purejewels.com\\\/product\\\/platinum-lotus-diamond-engagement-ring-52677\\\/#primaryimage\",\"url\":\"https:\\\/\\\/static.purejewels.com\\\/wp-content\\\/uploads\\\/2025\\\/08\\\/52677.jpg\",\"contentUrl\":\"https:\\\/\\\/static.purejewels.com\\\/wp-content\\\/uploads\\\/2025\\\/08\\\/52677.jpg\",\"width\":1000,\"height\":1000,\"caption\":\"Platinum Lotus Diamond Engagement Ring\"},{\"@type\":\"BreadcrumbList\",\"@id\":\"https:\\\/\\\/www.purejewels.com\\\/product\\\/platinum-lotus-diamond-engagement-ring-52677\\\/#breadcrumb\",\"itemListElement\":[{\"@type\":\"ListItem\",\"position\":1,\"name\":\"Home\",\"item\":\"https:\\\/\\\/www.purejewels.com\\\/\"},{\"@type\":\"ListItem\",\"position\":2,\"name\":\"Shop\",\"item\":\"https:\\\/\\\/www.purejewels.com\\\/shop\\\/\"},{\"@type\":\"ListItem\",\"position\":3,\"name\":\"Platinum Lotus Diamond Engagement Ring\"}]},{\"@type\":\"WebSite\",\"@id\":\"https:\\\/\\\/www.purejewels.com\\\/#website\",\"url\":\"https:\\\/\\\/www.purejewels.com\\\/\",\"name\":\"PureJewels UK\",\"description\":\"Share the Love\",\"publisher\":{\"@id\":\"https:\\\/\\\/www.purejewels.com\\\/#organization\"},\"potentialAction\":[{\"@type\":\"SearchAction\",\"target\":{\"@type\":\"EntryPoint\",\"urlTemplate\":\"https:\\\/\\\/www.purejewels.com\\\/?s={search_term_string}\"},\"query-input\":{\"@type\":\"PropertyValueSpecification\",\"valueRequired\":true,\"valueName\":\"search_term_string\"}}],\"inLanguage\":\"tr\"},{\"@type\":\"Organization\",\"@id\":\"https:\\\/\\\/www.purejewels.com\\\/#organization\",\"name\":\"PureJewels UK\",\"url\":\"https:\\\/\\\/www.purejewels.com\\\/\",\"logo\":{\"@type\":\"ImageObject\",\"inLanguage\":\"tr\",\"@id\":\"https:\\\/\\\/www.purejewels.com\\\/#\\\/schema\\\/logo\\\/image\\\/\",\"url\":\"https:\\\/\\\/static.purejewels.com\\\/wp-content\\\/uploads\\\/2020\\\/11\\\/Logo-PJ-New-1.png\",\"contentUrl\":\"https:\\\/\\\/static.purejewels.com\\\/wp-content\\\/uploads\\\/2020\\\/11\\\/Logo-PJ-New-1.png\",\"width\":150,\"height\":80,\"caption\":\"PureJewels UK\"},\"image\":{\"@id\":\"https:\\\/\\\/www.purejewels.com\\\/#\\\/schema\\\/logo\\\/image\\\/\"}}]}<\/script>\n<!-- \/ Yoast SEO plugin. -->","yoast_head_json":{"title":"Platin Lotus Ni\u015fan Y\u00fcz\u00fc\u011f\u00fc | Ethical Fine Jewellery","description":"A\u015fk\u0131n\u0131z\u0131, GIA sertifikal\u0131 0,49 ct F\/IF merkez p\u0131rlanta ve 0,24 ct \u0131\u015f\u0131lt\u0131l\u0131 omuz ta\u015flar\u0131 i\u00e7eren bu Platin Ni\u015fan Y\u00fcz\u00fc\u011f\u00fc ile kutlay\u0131n.","robots":{"index":"index","follow":"follow","max-snippet":"max-snippet:-1","max-image-preview":"max-image-preview:large","max-video-preview":"max-video-preview:-1"},"canonical":"https:\/\/www.purejewels.com\/tr\/urun\/platin-lotus-pirlanta-nisan-yuzugu-52677\/","og_locale":"tr_TR","og_type":"article","og_title":"Platinum Lotus Engagement Ring | Ethical Fine Jewellery","og_description":"Celebrate your love with this Platinum Engagement Ring featuring a GIA-certified 0.49ct F\/IF centre diamond and 0.24ct of scintillating shoulder stones.","og_url":"https:\/\/www.purejewels.com\/tr\/urun\/platin-lotus-pirlanta-nisan-yuzugu-52677\/","og_site_name":"PureJewels UK","article_modified_time":"2026-02-18T06:10:06+00:00","og_image":[{"width":1000,"height":1000,"url":"https:\/\/static.purejewels.com\/wp-content\/uploads\/2025\/08\/52677.jpg","type":"image\/jpeg"}],"twitter_card":"summary_large_image","twitter_misc":{"Tahmini okuma s\u00fcresi":"1 dakika"},"schema":{"@context":"https:\/\/schema.org","@graph":[{"@type":["WebPage","ItemPage"],"@id":"https:\/\/www.purejewels.com\/product\/platinum-lotus-diamond-engagement-ring-52677\/","url":"https:\/\/www.purejewels.com\/product\/platinum-lotus-diamond-engagement-ring-52677\/","name":"Platin Lotus Ni\u015fan Y\u00fcz\u00fc\u011f\u00fc | Ethical Fine Jewellery","isPartOf":{"@id":"https:\/\/www.purejewels.com\/#website"},"primaryImageOfPage":{"@id":"https:\/\/www.purejewels.com\/product\/platinum-lotus-diamond-engagement-ring-52677\/#primaryimage"},"image":{"@id":"https:\/\/www.purejewels.com\/product\/platinum-lotus-diamond-engagement-ring-52677\/#primaryimage"},"thumbnailUrl":"https:\/\/static.purejewels.com\/wp-content\/uploads\/2025\/08\/52677.jpg","datePublished":"2025-08-05T04:12:55+00:00","dateModified":"2026-02-18T06:10:06+00:00","description":"A\u015fk\u0131n\u0131z\u0131, GIA sertifikal\u0131 0,49 ct F\/IF merkez p\u0131rlanta ve 0,24 ct \u0131\u015f\u0131lt\u0131l\u0131 omuz ta\u015flar\u0131 i\u00e7eren bu Platin Ni\u015fan Y\u00fcz\u00fc\u011f\u00fc ile kutlay\u0131n.","breadcrumb":{"@id":"https:\/\/www.purejewels.com\/product\/platinum-lotus-diamond-engagement-ring-52677\/#breadcrumb"},"inLanguage":"tr","potentialAction":[{"@type":"ReadAction","target":["https:\/\/www.purejewels.com\/product\/platinum-lotus-diamond-engagement-ring-52677\/"]}]},{"@type":"ImageObject","inLanguage":"tr","@id":"https:\/\/www.purejewels.com\/product\/platinum-lotus-diamond-engagement-ring-52677\/#primaryimage","url":"https:\/\/static.purejewels.com\/wp-content\/uploads\/2025\/08\/52677.jpg","contentUrl":"https:\/\/static.purejewels.com\/wp-content\/uploads\/2025\/08\/52677.jpg","width":1000,"height":1000,"caption":"Platinum Lotus Diamond Engagement Ring"},{"@type":"BreadcrumbList","@id":"https:\/\/www.purejewels.com\/product\/platinum-lotus-diamond-engagement-ring-52677\/#breadcrumb","itemListElement":[{"@type":"ListItem","position":1,"name":"Home","item":"https:\/\/www.purejewels.com\/"},{"@type":"ListItem","position":2,"name":"Shop","item":"https:\/\/www.purejewels.com\/shop\/"},{"@type":"ListItem","position":3,"name":"Platinum Lotus Diamond Engagement Ring"}]},{"@type":"WebSite","@id":"https:\/\/www.purejewels.com\/#website","url":"https:\/\/www.purejewels.com\/","name":"PureJewels \u0130ngiltere","description":"Sevgiyi Payla\u015f\u0131n","publisher":{"@id":"https:\/\/www.purejewels.com\/#organization"},"potentialAction":[{"@type":"SearchAction","target":{"@type":"EntryPoint","urlTemplate":"https:\/\/www.purejewels.com\/?s={search_term_string}"},"query-input":{"@type":"PropertyValueSpecification","valueRequired":true,"valueName":"search_term_string"}}],"inLanguage":"tr"},{"@type":"Organization","@id":"https:\/\/www.purejewels.com\/#organization","name":"PureJewels \u0130ngiltere","url":"https:\/\/www.purejewels.com\/","logo":{"@type":"ImageObject","inLanguage":"tr","@id":"https:\/\/www.purejewels.com\/#\/schema\/logo\/image\/","url":"https:\/\/static.purejewels.com\/wp-content\/uploads\/2020\/11\/Logo-PJ-New-1.png","contentUrl":"https:\/\/static.purejewels.com\/wp-content\/uploads\/2020\/11\/Logo-PJ-New-1.png","width":150,"height":80,"caption":"PureJewels UK"},"image":{"@id":"https:\/\/www.purejewels.com\/#\/schema\/logo\/image\/"}}]}},"_links":{"self":[{"href":"https:\/\/www.purejewels.com\/tr\/wp-json\/wp\/v2\/product\/409832","targetHints":{"allow":["GET"]}}],"collection":[{"href":"https:\/\/www.purejewels.com\/tr\/wp-json\/wp\/v2\/product"}],"about":[{"href":"https:\/\/www.purejewels.com\/tr\/wp-json\/wp\/v2\/types\/product"}],"replies":[{"embeddable":true,"href":"https:\/\/www.purejewels.com\/tr\/wp-json\/wp\/v2\/comments?post=409832"}],"version-history":[{"count":2,"href":"https:\/\/www.purejewels.com\/tr\/wp-json\/wp\/v2\/product\/409832\/revisions"}],"predecessor-version":[{"id":409908,"href":"https:\/\/www.purejewels.com\/tr\/wp-json\/wp\/v2\/product\/409832\/revisions\/409908"}],"wp:featuredmedia":[{"embeddable":true,"href":"https:\/\/www.purejewels.com\/tr\/wp-json\/wp\/v2\/media\/409835"}],"wp:attachment":[{"href":"https:\/\/www.purejewels.com\/tr\/wp-json\/wp\/v2\/media?parent=409832"}],"wp:term":[{"taxonomy":"product_brand","embeddable":true,"href":"https:\/\/www.purejewels.com\/tr\/wp-json\/wp\/v2\/product_brand?post=409832"},{"taxonomy":"product_cat","embeddable":true,"href":"https:\/\/www.purejewels.com\/tr\/wp-json\/wp\/v2\/product_cat?post=409832"},{"taxonomy":"product_tag","embeddable":true,"href":"https:\/\/www.purejewels.com\/tr\/wp-json\/wp\/v2\/product_tag?post=409832"}],"curies":[{"name":"wp","href":"https:\/\/api.w.org\/{rel}","templated":true}]}}