{"id":409842,"date":"2025-06-07T05:48:07","date_gmt":"2025-06-07T04:48:07","guid":{"rendered":"https:\/\/www.purejewels.com\/?post_type=product&#038;p=409842"},"modified":"2026-02-18T06:49:59","modified_gmt":"2026-02-18T06:49:59","slug":"platin-celeste-pirlanta-nisan-yuzugu-52670","status":"publish","type":"product","link":"https:\/\/www.purejewels.com\/tr\/product\/platinum-celeste-diamond-engagement-ring-52670\/","title":{"rendered":"Platin Celeste P\u0131rlanta Ni\u015fan Y\u00fcz\u00fc\u011f\u00fc"},"content":{"rendered":"<p data-start=\"524\" data-end=\"937\">Her a\u00e7\u0131dan \u0131\u015f\u0131l \u0131\u015f\u0131l parlayan Platin Celeste P\u0131rlanta Ni\u015fan Y\u00fcz\u00fc\u011f\u00fc kalpleri fethetmek i\u00e7in tasarland\u0131. Merkezinde 0,90 karatl\u0131k ola\u011fan\u00fcst\u00fc bir p\u0131rlanta yat\u0131yor. <strong data-start=\"693\" data-end=\"705\">E renk<\/strong> ve <strong data-start=\"710\" data-end=\"741\">\u0130\u00e7ten Kusursuz berrakl\u0131k<\/strong>GIA sertifikal\u0131 ve etik kaynakl\u0131d\u0131r. Ortadaki ta\u015f, par\u0131ldayan bir s\u0131ra <strong data-start=\"832\" data-end=\"870\">0.22 ct yuvarlak parlak p\u0131rlanta<\/strong>G\u00f6ksel ate\u015fini artt\u0131rmak i\u00e7in omuzlar boyunca incelikle yerle\u015ftirilmi\u015ftir.<\/p>\n<p data-start=\"939\" data-end=\"1394\">","protected":false},"excerpt":{"rendered":"<div class=\"woocommerce-product-details__short-description\">\n<p data-start=\"377\" data-end=\"605\">Platin Celeste Ni\u015fan Y\u00fcz\u00fc\u011f\u00fc, GIA sertifikal\u0131 0,90 ct E\/IF merkez p\u0131rlantas\u0131 ve 0,22 ct zarif omuz p\u0131rlantalar\u0131yla kucaklanan bir safl\u0131k ve \u0131\u015f\u0131k vizyonudur. Sonsuzluk an\u0131n\u0131z i\u00e7in el yap\u0131m\u0131, kal\u0131c\u0131 bir zarafet sembol\u00fc.<\/p>\n<p><strong>Malzeme:<\/strong> Platin<br \/>\n<strong>Hallmark:<\/strong>\u00a0\u0130ngiliz Damgas\u0131<br \/>\n<strong>Sertifika ile birlikte gelir: <\/strong>Evet.<br \/>\n<strong>Ta\u015f:<\/strong>\u00a0Do\u011fal Elmaslar<br \/>\n<b>Omuz<\/b> <strong>Elmas:<\/strong> 0.22ct<br \/>\n<strong>Merkez Elmas:<\/strong> 0.90ct<br \/>\n<b>Elmas rengi: <\/b>E<br \/>\n<b>Elmas Berrakl\u0131\u011f\u0131:\u00a0<\/b>E\u011eER<br \/>\n<strong>Br\u00fct A\u011f\u0131rl\u0131k:<\/strong>\u00a0 4.8 Gms<br \/>\n<strong>Boyut:<\/strong> K 1\/2<br \/>\n<strong>SKU: <\/strong>52670<\/p>\n<p><strong>Fiyat ve Teslimat:<\/strong>\u00a0KDV ve teslimat \u00fccretleri dahil<br \/>\n<strong>Garanti:<\/strong> \u00fccretsiz vale hizmeti ve g\u00fcvenlik a\u00e7\u0131\u011f\u0131 kontrolleri<br \/>\n<strong>Not:\u00a0<\/strong>Bu y\u00fcz\u00fck t\u00fcm parmak \u00f6l\u00e7\u00fclerinde mevcuttur. L\u00fctfen\u00a0<strong id=\"btn_TawkLink\">\u0130leti\u015fime ge\u00e7in\u00a0<\/strong>size en uygun olan\u0131 sipari\u015f etmek i\u00e7in.<br \/>\n<a href=\"https:\/\/www.purejewels.com\/tr\/i%cc%87ade-poli%cc%87ti%cc%87kasi\/\">\u0130ade Politikas\u0131<\/a><\/p>\n<\/div>\n<div class=\"pls-deliver-return-ask-questions\"><\/div>","protected":false},"featured_media":409844,"comment_status":"closed","ping_status":"closed","template":"","meta":{"_eb_attr":"","_crsspst_to_jayantr4sg-hostcom":false},"product_brand":[],"product_cat":[1791,5457,5460,5350,6083,6084,1569,1573,1574],"product_tag":[],"class_list":{"0":"post-409842","1":"product","2":"type-product","3":"status-publish","4":"has-post-thumbnail","6":"product_cat-anniversary-gifts","7":"product_cat-diamond-jewellery","8":"product_cat-diamond-ring","9":"product_cat-platinum-jewellery","10":"product_cat-platinum-jewellery-2","11":"product_cat-platinum-ring","12":"product_cat-valentine-day-gifts","13":"product_cat-wedding-gifts","14":"product_cat-womens-jewellery","16":"first","17":"instock","18":"taxable","19":"shipping-taxable","20":"purchasable","21":"product-type-simple","22":"add-to-wishlist-before_image"},"yoast_head":"<!-- This site is optimized with the Yoast SEO plugin v27.5 - https:\/\/yoast.com\/product\/yoast-seo-wordpress\/ -->\n<title>Platinum Celeste Engagement Ring | PureJewels London<\/title>\n<meta name=\"description\" content=\"Discover the Platinum Celeste Engagement Ring featuring a 0.90ct E\/IF GIA-certified diamond and 0.22ct of shoulder stones. A timeless expression of love.\" \/>\n<meta name=\"robots\" content=\"index, follow, max-snippet:-1, max-image-preview:large, max-video-preview:-1\" \/>\n<link rel=\"canonical\" href=\"https:\/\/www.purejewels.com\/tr\/urun\/platin-celeste-pirlanta-nisan-yuzugu-52670\/\" \/>\n<meta property=\"og:locale\" content=\"tr_TR\" \/>\n<meta property=\"og:type\" content=\"article\" \/>\n<meta property=\"og:title\" content=\"Platinum Celeste Engagement Ring | PureJewels London\" \/>\n<meta property=\"og:description\" content=\"Discover the Platinum Celeste Engagement Ring featuring a 0.90ct E\/IF GIA-certified diamond and 0.22ct of shoulder stones. A timeless expression of love.\" \/>\n<meta property=\"og:url\" content=\"https:\/\/www.purejewels.com\/tr\/urun\/platin-celeste-pirlanta-nisan-yuzugu-52670\/\" \/>\n<meta property=\"og:site_name\" content=\"PureJewels UK\" \/>\n<meta property=\"article:modified_time\" content=\"2026-02-18T06:49:59+00:00\" \/>\n<meta property=\"og:image\" content=\"https:\/\/static.purejewels.com\/wp-content\/uploads\/2025\/08\/52670.jpg\" \/>\n\t<meta property=\"og:image:width\" content=\"1000\" \/>\n\t<meta property=\"og:image:height\" content=\"1000\" \/>\n\t<meta property=\"og:image:type\" content=\"image\/jpeg\" \/>\n<meta name=\"twitter:card\" content=\"summary_large_image\" \/>\n<script type=\"application\/ld+json\" class=\"yoast-schema-graph\">{\"@context\":\"https:\\\/\\\/schema.org\",\"@graph\":[{\"@type\":[\"WebPage\",\"ItemPage\"],\"@id\":\"https:\\\/\\\/www.purejewels.com\\\/product\\\/platinum-celeste-diamond-engagement-ring-52670\\\/\",\"url\":\"https:\\\/\\\/www.purejewels.com\\\/product\\\/platinum-celeste-diamond-engagement-ring-52670\\\/\",\"name\":\"Platinum Celeste Engagement Ring | PureJewels London\",\"isPartOf\":{\"@id\":\"https:\\\/\\\/www.purejewels.com\\\/#website\"},\"primaryImageOfPage\":{\"@id\":\"https:\\\/\\\/www.purejewels.com\\\/product\\\/platinum-celeste-diamond-engagement-ring-52670\\\/#primaryimage\"},\"image\":{\"@id\":\"https:\\\/\\\/www.purejewels.com\\\/product\\\/platinum-celeste-diamond-engagement-ring-52670\\\/#primaryimage\"},\"thumbnailUrl\":\"https:\\\/\\\/static.purejewels.com\\\/wp-content\\\/uploads\\\/2025\\\/08\\\/52670.jpg\",\"datePublished\":\"2025-06-07T04:48:07+00:00\",\"dateModified\":\"2026-02-18T06:49:59+00:00\",\"description\":\"Discover the Platinum Celeste Engagement Ring featuring a 0.90ct E\\\/IF GIA-certified diamond and 0.22ct of shoulder stones. A timeless expression of love.\",\"breadcrumb\":{\"@id\":\"https:\\\/\\\/www.purejewels.com\\\/product\\\/platinum-celeste-diamond-engagement-ring-52670\\\/#breadcrumb\"},\"inLanguage\":\"tr\",\"potentialAction\":[{\"@type\":\"ReadAction\",\"target\":[\"https:\\\/\\\/www.purejewels.com\\\/product\\\/platinum-celeste-diamond-engagement-ring-52670\\\/\"]}]},{\"@type\":\"ImageObject\",\"inLanguage\":\"tr\",\"@id\":\"https:\\\/\\\/www.purejewels.com\\\/product\\\/platinum-celeste-diamond-engagement-ring-52670\\\/#primaryimage\",\"url\":\"https:\\\/\\\/static.purejewels.com\\\/wp-content\\\/uploads\\\/2025\\\/08\\\/52670.jpg\",\"contentUrl\":\"https:\\\/\\\/static.purejewels.com\\\/wp-content\\\/uploads\\\/2025\\\/08\\\/52670.jpg\",\"width\":1000,\"height\":1000,\"caption\":\"Platinum Celeste Diamond Engagement Ring\"},{\"@type\":\"BreadcrumbList\",\"@id\":\"https:\\\/\\\/www.purejewels.com\\\/product\\\/platinum-celeste-diamond-engagement-ring-52670\\\/#breadcrumb\",\"itemListElement\":[{\"@type\":\"ListItem\",\"position\":1,\"name\":\"Home\",\"item\":\"https:\\\/\\\/www.purejewels.com\\\/\"},{\"@type\":\"ListItem\",\"position\":2,\"name\":\"Shop\",\"item\":\"https:\\\/\\\/www.purejewels.com\\\/shop\\\/\"},{\"@type\":\"ListItem\",\"position\":3,\"name\":\"Platinum Celeste Diamond Engagement Ring\"}]},{\"@type\":\"WebSite\",\"@id\":\"https:\\\/\\\/www.purejewels.com\\\/#website\",\"url\":\"https:\\\/\\\/www.purejewels.com\\\/\",\"name\":\"PureJewels UK\",\"description\":\"Share the Love\",\"publisher\":{\"@id\":\"https:\\\/\\\/www.purejewels.com\\\/#organization\"},\"potentialAction\":[{\"@type\":\"SearchAction\",\"target\":{\"@type\":\"EntryPoint\",\"urlTemplate\":\"https:\\\/\\\/www.purejewels.com\\\/?s={search_term_string}\"},\"query-input\":{\"@type\":\"PropertyValueSpecification\",\"valueRequired\":true,\"valueName\":\"search_term_string\"}}],\"inLanguage\":\"tr\"},{\"@type\":\"Organization\",\"@id\":\"https:\\\/\\\/www.purejewels.com\\\/#organization\",\"name\":\"PureJewels UK\",\"url\":\"https:\\\/\\\/www.purejewels.com\\\/\",\"logo\":{\"@type\":\"ImageObject\",\"inLanguage\":\"tr\",\"@id\":\"https:\\\/\\\/www.purejewels.com\\\/#\\\/schema\\\/logo\\\/image\\\/\",\"url\":\"https:\\\/\\\/static.purejewels.com\\\/wp-content\\\/uploads\\\/2020\\\/11\\\/Logo-PJ-New-1.png\",\"contentUrl\":\"https:\\\/\\\/static.purejewels.com\\\/wp-content\\\/uploads\\\/2020\\\/11\\\/Logo-PJ-New-1.png\",\"width\":150,\"height\":80,\"caption\":\"PureJewels UK\"},\"image\":{\"@id\":\"https:\\\/\\\/www.purejewels.com\\\/#\\\/schema\\\/logo\\\/image\\\/\"}}]}<\/script>\n<!-- \/ Yoast SEO plugin. -->","yoast_head_json":{"title":"Platin Celeste Ni\u015fan Y\u00fcz\u00fc\u011f\u00fc | PureJewels Londra","description":"0,90ct E\/IF GIA sertifikal\u0131 p\u0131rlanta ve 0,22ct omuz ta\u015f\u0131 i\u00e7eren Platin Celeste Ni\u015fan Y\u00fcz\u00fc\u011f\u00fcn\u00fc ke\u015ffedin. A\u015fk\u0131n zamans\u0131z bir ifadesi.","robots":{"index":"index","follow":"follow","max-snippet":"max-snippet:-1","max-image-preview":"max-image-preview:large","max-video-preview":"max-video-preview:-1"},"canonical":"https:\/\/www.purejewels.com\/tr\/urun\/platin-celeste-pirlanta-nisan-yuzugu-52670\/","og_locale":"tr_TR","og_type":"article","og_title":"Platinum Celeste Engagement Ring | PureJewels London","og_description":"Discover the Platinum Celeste Engagement Ring featuring a 0.90ct E\/IF GIA-certified diamond and 0.22ct of shoulder stones. A timeless expression of love.","og_url":"https:\/\/www.purejewels.com\/tr\/urun\/platin-celeste-pirlanta-nisan-yuzugu-52670\/","og_site_name":"PureJewels UK","article_modified_time":"2026-02-18T06:49:59+00:00","og_image":[{"width":1000,"height":1000,"url":"https:\/\/static.purejewels.com\/wp-content\/uploads\/2025\/08\/52670.jpg","type":"image\/jpeg"}],"twitter_card":"summary_large_image","schema":{"@context":"https:\/\/schema.org","@graph":[{"@type":["WebPage","ItemPage"],"@id":"https:\/\/www.purejewels.com\/product\/platinum-celeste-diamond-engagement-ring-52670\/","url":"https:\/\/www.purejewels.com\/product\/platinum-celeste-diamond-engagement-ring-52670\/","name":"Platin Celeste Ni\u015fan Y\u00fcz\u00fc\u011f\u00fc | PureJewels Londra","isPartOf":{"@id":"https:\/\/www.purejewels.com\/#website"},"primaryImageOfPage":{"@id":"https:\/\/www.purejewels.com\/product\/platinum-celeste-diamond-engagement-ring-52670\/#primaryimage"},"image":{"@id":"https:\/\/www.purejewels.com\/product\/platinum-celeste-diamond-engagement-ring-52670\/#primaryimage"},"thumbnailUrl":"https:\/\/static.purejewels.com\/wp-content\/uploads\/2025\/08\/52670.jpg","datePublished":"2025-06-07T04:48:07+00:00","dateModified":"2026-02-18T06:49:59+00:00","description":"0,90ct E\/IF GIA sertifikal\u0131 p\u0131rlanta ve 0,22ct omuz ta\u015f\u0131 i\u00e7eren Platin Celeste Ni\u015fan Y\u00fcz\u00fc\u011f\u00fcn\u00fc ke\u015ffedin. A\u015fk\u0131n zamans\u0131z bir ifadesi.","breadcrumb":{"@id":"https:\/\/www.purejewels.com\/product\/platinum-celeste-diamond-engagement-ring-52670\/#breadcrumb"},"inLanguage":"tr","potentialAction":[{"@type":"ReadAction","target":["https:\/\/www.purejewels.com\/product\/platinum-celeste-diamond-engagement-ring-52670\/"]}]},{"@type":"ImageObject","inLanguage":"tr","@id":"https:\/\/www.purejewels.com\/product\/platinum-celeste-diamond-engagement-ring-52670\/#primaryimage","url":"https:\/\/static.purejewels.com\/wp-content\/uploads\/2025\/08\/52670.jpg","contentUrl":"https:\/\/static.purejewels.com\/wp-content\/uploads\/2025\/08\/52670.jpg","width":1000,"height":1000,"caption":"Platinum Celeste Diamond Engagement Ring"},{"@type":"BreadcrumbList","@id":"https:\/\/www.purejewels.com\/product\/platinum-celeste-diamond-engagement-ring-52670\/#breadcrumb","itemListElement":[{"@type":"ListItem","position":1,"name":"Home","item":"https:\/\/www.purejewels.com\/"},{"@type":"ListItem","position":2,"name":"Shop","item":"https:\/\/www.purejewels.com\/shop\/"},{"@type":"ListItem","position":3,"name":"Platinum Celeste Diamond Engagement Ring"}]},{"@type":"WebSite","@id":"https:\/\/www.purejewels.com\/#website","url":"https:\/\/www.purejewels.com\/","name":"PureJewels \u0130ngiltere","description":"Sevgiyi Payla\u015f\u0131n","publisher":{"@id":"https:\/\/www.purejewels.com\/#organization"},"potentialAction":[{"@type":"SearchAction","target":{"@type":"EntryPoint","urlTemplate":"https:\/\/www.purejewels.com\/?s={search_term_string}"},"query-input":{"@type":"PropertyValueSpecification","valueRequired":true,"valueName":"search_term_string"}}],"inLanguage":"tr"},{"@type":"Organization","@id":"https:\/\/www.purejewels.com\/#organization","name":"PureJewels \u0130ngiltere","url":"https:\/\/www.purejewels.com\/","logo":{"@type":"ImageObject","inLanguage":"tr","@id":"https:\/\/www.purejewels.com\/#\/schema\/logo\/image\/","url":"https:\/\/static.purejewels.com\/wp-content\/uploads\/2020\/11\/Logo-PJ-New-1.png","contentUrl":"https:\/\/static.purejewels.com\/wp-content\/uploads\/2020\/11\/Logo-PJ-New-1.png","width":150,"height":80,"caption":"PureJewels UK"},"image":{"@id":"https:\/\/www.purejewels.com\/#\/schema\/logo\/image\/"}}]}},"_links":{"self":[{"href":"https:\/\/www.purejewels.com\/tr\/wp-json\/wp\/v2\/product\/409842","targetHints":{"allow":["GET"]}}],"collection":[{"href":"https:\/\/www.purejewels.com\/tr\/wp-json\/wp\/v2\/product"}],"about":[{"href":"https:\/\/www.purejewels.com\/tr\/wp-json\/wp\/v2\/types\/product"}],"replies":[{"embeddable":true,"href":"https:\/\/www.purejewels.com\/tr\/wp-json\/wp\/v2\/comments?post=409842"}],"version-history":[{"count":1,"href":"https:\/\/www.purejewels.com\/tr\/wp-json\/wp\/v2\/product\/409842\/revisions"}],"predecessor-version":[{"id":409846,"href":"https:\/\/www.purejewels.com\/tr\/wp-json\/wp\/v2\/product\/409842\/revisions\/409846"}],"wp:featuredmedia":[{"embeddable":true,"href":"https:\/\/www.purejewels.com\/tr\/wp-json\/wp\/v2\/media\/409844"}],"wp:attachment":[{"href":"https:\/\/www.purejewels.com\/tr\/wp-json\/wp\/v2\/media?parent=409842"}],"wp:term":[{"taxonomy":"product_brand","embeddable":true,"href":"https:\/\/www.purejewels.com\/tr\/wp-json\/wp\/v2\/product_brand?post=409842"},{"taxonomy":"product_cat","embeddable":true,"href":"https:\/\/www.purejewels.com\/tr\/wp-json\/wp\/v2\/product_cat?post=409842"},{"taxonomy":"product_tag","embeddable":true,"href":"https:\/\/www.purejewels.com\/tr\/wp-json\/wp\/v2\/product_tag?post=409842"}],"curies":[{"name":"wp","href":"https:\/\/api.w.org\/{rel}","templated":true}]}}