{"id":409847,"date":"2025-07-07T06:08:33","date_gmt":"2025-07-07T05:08:33","guid":{"rendered":"https:\/\/www.purejewels.com\/?post_type=product&#038;p=409847"},"modified":"2026-02-18T06:31:57","modified_gmt":"2026-02-18T06:31:57","slug":"platin-lotus-tektas-nisan-yuzugu-52646","status":"publish","type":"product","link":"https:\/\/www.purejewels.com\/tr\/product\/platinum-lotus-solitaire-engagement-ring-52646\/","title":{"rendered":"Lotus Platin Ni\u015fan Y\u00fcz\u00fc\u011f\u00fc"},"content":{"rendered":"<p>\u00c7i\u00e7ek a\u00e7man\u0131n e\u015fi\u011findeki bir tomurcuk olarak en sembolik haliyle lotustan zarif bir \u015fekilde esinlenen bu Platin Tekta\u015f Ni\u015fan Y\u00fcz\u00fc\u011f\u00fc, GIA taraf\u0131ndan onaylanm\u0131\u015f ola\u011fan\u00fcst\u00fc F renk ve \u0130\u00e7ten Kusursuz berrakl\u0131kta 0,55 ct p\u0131rlantaya sahiptir. Benzersiz d\u00f6rt u\u00e7lu ayar\u0131 hafif\u00e7e yukar\u0131 do\u011fru k\u0131vr\u0131l\u0131r ve p\u0131rlantay\u0131 \u00e7i\u00e7ek a\u00e7maya haz\u0131r, hareket halindeki yapraklar gibi sarar.<\/p>\n<p>Yandan bak\u0131ld\u0131\u011f\u0131nda siluet t\u00fcm \u015fiirselli\u011fini ortaya koyuyor: A\u015fk\u0131 dura\u011fan bir sembol olarak de\u011fil, geli\u015fen bir yolculuk olarak kutlayan zamanda donmu\u015f bir an. G\u00fc\u00e7 ve safl\u0131k i\u00e7in platinden d\u00f6k\u00fclen bu y\u00fcz\u00fck, vaat, olas\u0131l\u0131k ve sessiz g\u00fc\u00e7le dolu g\u00fczel bir \u015feyin ba\u015flang\u0131c\u0131n\u0131 i\u015faret ediyor.<\/p>","protected":false},"excerpt":{"rendered":"<div class=\"woocommerce-product-details__short-description\">\n<p data-start=\"377\" data-end=\"605\">Bir lotus tomurcu\u011funun zarif siluetini \u00e7a\u011fr\u0131\u015ft\u0131ran bu Platin Tekta\u015f Ni\u015fan Y\u00fcz\u00fc\u011f\u00fc, 0,55ct F\/IF GIA sertifikal\u0131 bir p\u0131rlanta ile i\u015flenmi\u015ftir. D\u00f6rt heykelsi \u00e7atal, \u00e7i\u00e7ek a\u00e7mak \u00fczere olan ta\u00e7 yapraklar\u0131 gibi y\u00fckselerek dayan\u0131kl\u0131l\u0131\u011f\u0131, safl\u0131\u011f\u0131 ve a\u015fk\u0131n ortaya \u00e7\u0131kan yolculu\u011funu simgeliyor.<\/p>\n<p><strong>Malzeme:<\/strong> Platin<br \/>\n<strong>Hallmark:<\/strong>\u00a0\u0130ngiliz Damgas\u0131<br \/>\n<strong>Sertifika ile birlikte gelir: <\/strong>Evet.<br \/>\n<strong>Ta\u015f:<\/strong> Do\u011fal Elmas<br \/>\n<strong>Elmas A\u011f\u0131rl\u0131\u011f\u0131:<\/strong> 0.55ct<br \/>\n<b>Elmas rengi: <\/b>F - Neredeyse Renksiz<br \/>\n<b>Elmas Berrakl\u0131\u011f\u0131:\u00a0<\/b>IF - Dahili Olarak Kusursuz<br \/>\n<strong>Br\u00fct A\u011f\u0131rl\u0131k:<\/strong>\u00a0 5.8 Gms<br \/>\n<strong>Boyut:<\/strong> J<br \/>\n<strong>SKU: <\/strong>52646<\/p>\n<p><strong>Fiyat ve Teslimat:<\/strong>\u00a0KDV ve teslimat \u00fccretleri dahil<br \/>\n<strong>Garanti:<\/strong> \u00fccretsiz vale hizmeti ve g\u00fcvenlik a\u00e7\u0131\u011f\u0131 kontrolleri<br \/>\n<strong>Not:\u00a0<\/strong>Bu y\u00fcz\u00fck t\u00fcm parmak \u00f6l\u00e7\u00fclerinde mevcuttur. L\u00fctfen\u00a0<strong id=\"btn_TawkLink\">\u0130leti\u015fime ge\u00e7in\u00a0<\/strong>size en uygun olan\u0131 sipari\u015f etmek i\u00e7in.<br \/>\n<a href=\"https:\/\/www.purejewels.com\/tr\/i%cc%87ade-poli%cc%87ti%cc%87kasi\/\">\u0130ade Politikas\u0131<\/a><\/p>\n<\/div>\n<div class=\"pls-deliver-return-ask-questions\"><\/div>","protected":false},"featured_media":409849,"comment_status":"closed","ping_status":"closed","template":"","meta":{"_eb_attr":"","_crsspst_to_jayantr4sg-hostcom":false},"product_brand":[],"product_cat":[5457,5460,6083,5350,6084],"product_tag":[],"class_list":{"0":"post-409847","1":"product","2":"type-product","3":"status-publish","4":"has-post-thumbnail","6":"product_cat-diamond-jewellery","7":"product_cat-diamond-ring","8":"product_cat-platinum-jewellery-2","9":"product_cat-platinum-jewellery","10":"product_cat-platinum-ring","12":"first","13":"instock","14":"taxable","15":"shipping-taxable","16":"product-type-simple","17":"add-to-wishlist-before_image"},"yoast_head":"<!-- This site is optimized with the Yoast SEO plugin v27.5 - https:\/\/yoast.com\/product\/yoast-seo-wordpress\/ -->\n<title>Platinum Lotus Solitaire Engagement Ring | PureJewels London<\/title>\n<meta name=\"description\" content=\"Discover the Platinum Lotus Solitaire Engagement Ring set with a 0.55ct GIA-certified F\/IF diamond. An elegant and symbolic piece, handcrafted in London by PureJewels.\" \/>\n<meta name=\"robots\" content=\"index, follow, max-snippet:-1, max-image-preview:large, max-video-preview:-1\" \/>\n<link rel=\"canonical\" href=\"https:\/\/www.purejewels.com\/tr\/urun\/platin-lotus-tektas-nisan-yuzugu-52646\/\" \/>\n<meta property=\"og:locale\" content=\"tr_TR\" \/>\n<meta property=\"og:type\" content=\"article\" \/>\n<meta property=\"og:title\" content=\"Platinum Lotus Solitaire Engagement Ring | PureJewels London\" \/>\n<meta property=\"og:description\" content=\"Discover the Platinum Lotus Solitaire Engagement Ring set with a 0.55ct GIA-certified F\/IF diamond. An elegant and symbolic piece, handcrafted in London by PureJewels.\" \/>\n<meta property=\"og:url\" content=\"https:\/\/www.purejewels.com\/tr\/urun\/platin-lotus-tektas-nisan-yuzugu-52646\/\" \/>\n<meta property=\"og:site_name\" content=\"PureJewels UK\" \/>\n<meta property=\"article:modified_time\" content=\"2026-02-18T06:31:57+00:00\" \/>\n<meta property=\"og:image\" content=\"https:\/\/static.purejewels.com\/wp-content\/uploads\/2025\/08\/52646-1.jpg\" \/>\n\t<meta property=\"og:image:width\" content=\"1000\" \/>\n\t<meta property=\"og:image:height\" content=\"1000\" \/>\n\t<meta property=\"og:image:type\" content=\"image\/jpeg\" \/>\n<meta name=\"twitter:card\" content=\"summary_large_image\" \/>\n<meta name=\"twitter:label1\" content=\"Tahmini okuma s\u00fcresi\" \/>\n\t<meta name=\"twitter:data1\" content=\"1 dakika\" \/>\n<script type=\"application\/ld+json\" class=\"yoast-schema-graph\">{\"@context\":\"https:\\\/\\\/schema.org\",\"@graph\":[{\"@type\":[\"WebPage\",\"ItemPage\"],\"@id\":\"https:\\\/\\\/www.purejewels.com\\\/product\\\/platinum-lotus-solitaire-engagement-ring-52646\\\/\",\"url\":\"https:\\\/\\\/www.purejewels.com\\\/product\\\/platinum-lotus-solitaire-engagement-ring-52646\\\/\",\"name\":\"Platinum Lotus Solitaire Engagement Ring | PureJewels London\",\"isPartOf\":{\"@id\":\"https:\\\/\\\/www.purejewels.com\\\/#website\"},\"primaryImageOfPage\":{\"@id\":\"https:\\\/\\\/www.purejewels.com\\\/product\\\/platinum-lotus-solitaire-engagement-ring-52646\\\/#primaryimage\"},\"image\":{\"@id\":\"https:\\\/\\\/www.purejewels.com\\\/product\\\/platinum-lotus-solitaire-engagement-ring-52646\\\/#primaryimage\"},\"thumbnailUrl\":\"https:\\\/\\\/static.purejewels.com\\\/wp-content\\\/uploads\\\/2025\\\/08\\\/52646-1.jpg\",\"datePublished\":\"2025-07-07T05:08:33+00:00\",\"dateModified\":\"2026-02-18T06:31:57+00:00\",\"description\":\"Discover the Platinum Lotus Solitaire Engagement Ring set with a 0.55ct GIA-certified F\\\/IF diamond. An elegant and symbolic piece, handcrafted in London by PureJewels.\",\"breadcrumb\":{\"@id\":\"https:\\\/\\\/www.purejewels.com\\\/product\\\/platinum-lotus-solitaire-engagement-ring-52646\\\/#breadcrumb\"},\"inLanguage\":\"tr\",\"potentialAction\":[{\"@type\":\"ReadAction\",\"target\":[\"https:\\\/\\\/www.purejewels.com\\\/product\\\/platinum-lotus-solitaire-engagement-ring-52646\\\/\"]}]},{\"@type\":\"ImageObject\",\"inLanguage\":\"tr\",\"@id\":\"https:\\\/\\\/www.purejewels.com\\\/product\\\/platinum-lotus-solitaire-engagement-ring-52646\\\/#primaryimage\",\"url\":\"https:\\\/\\\/static.purejewels.com\\\/wp-content\\\/uploads\\\/2025\\\/08\\\/52646-1.jpg\",\"contentUrl\":\"https:\\\/\\\/static.purejewels.com\\\/wp-content\\\/uploads\\\/2025\\\/08\\\/52646-1.jpg\",\"width\":1000,\"height\":1000,\"caption\":\"Platinum Lotus Solitaire Engagement Ring\"},{\"@type\":\"BreadcrumbList\",\"@id\":\"https:\\\/\\\/www.purejewels.com\\\/product\\\/platinum-lotus-solitaire-engagement-ring-52646\\\/#breadcrumb\",\"itemListElement\":[{\"@type\":\"ListItem\",\"position\":1,\"name\":\"Home\",\"item\":\"https:\\\/\\\/www.purejewels.com\\\/\"},{\"@type\":\"ListItem\",\"position\":2,\"name\":\"Shop\",\"item\":\"https:\\\/\\\/www.purejewels.com\\\/shop\\\/\"},{\"@type\":\"ListItem\",\"position\":3,\"name\":\"Lotus Platinum Engagement Ring\"}]},{\"@type\":\"WebSite\",\"@id\":\"https:\\\/\\\/www.purejewels.com\\\/#website\",\"url\":\"https:\\\/\\\/www.purejewels.com\\\/\",\"name\":\"PureJewels UK\",\"description\":\"Share the Love\",\"publisher\":{\"@id\":\"https:\\\/\\\/www.purejewels.com\\\/#organization\"},\"potentialAction\":[{\"@type\":\"SearchAction\",\"target\":{\"@type\":\"EntryPoint\",\"urlTemplate\":\"https:\\\/\\\/www.purejewels.com\\\/?s={search_term_string}\"},\"query-input\":{\"@type\":\"PropertyValueSpecification\",\"valueRequired\":true,\"valueName\":\"search_term_string\"}}],\"inLanguage\":\"tr\"},{\"@type\":\"Organization\",\"@id\":\"https:\\\/\\\/www.purejewels.com\\\/#organization\",\"name\":\"PureJewels UK\",\"url\":\"https:\\\/\\\/www.purejewels.com\\\/\",\"logo\":{\"@type\":\"ImageObject\",\"inLanguage\":\"tr\",\"@id\":\"https:\\\/\\\/www.purejewels.com\\\/#\\\/schema\\\/logo\\\/image\\\/\",\"url\":\"https:\\\/\\\/static.purejewels.com\\\/wp-content\\\/uploads\\\/2020\\\/11\\\/Logo-PJ-New-1.png\",\"contentUrl\":\"https:\\\/\\\/static.purejewels.com\\\/wp-content\\\/uploads\\\/2020\\\/11\\\/Logo-PJ-New-1.png\",\"width\":150,\"height\":80,\"caption\":\"PureJewels UK\"},\"image\":{\"@id\":\"https:\\\/\\\/www.purejewels.com\\\/#\\\/schema\\\/logo\\\/image\\\/\"}}]}<\/script>\n<!-- \/ Yoast SEO plugin. -->","yoast_head_json":{"title":"Platin Lotus Tekta\u015f Ni\u015fan Y\u00fcz\u00fc\u011f\u00fc | PureJewels London","description":"GIA sertifikal\u0131 0,55ct F\/IF p\u0131rlanta ile ayarlanm\u0131\u015f Platin Lotus Tekta\u015f Ni\u015fan Y\u00fcz\u00fc\u011f\u00fcn\u00fc ke\u015ffedin. PureJewels taraf\u0131ndan Londra'da el i\u015f\u00e7ili\u011fiyle \u00fcretilen zarif ve sembolik bir par\u00e7a.","robots":{"index":"index","follow":"follow","max-snippet":"max-snippet:-1","max-image-preview":"max-image-preview:large","max-video-preview":"max-video-preview:-1"},"canonical":"https:\/\/www.purejewels.com\/tr\/urun\/platin-lotus-tektas-nisan-yuzugu-52646\/","og_locale":"tr_TR","og_type":"article","og_title":"Platinum Lotus Solitaire Engagement Ring | PureJewels London","og_description":"Discover the Platinum Lotus Solitaire Engagement Ring set with a 0.55ct GIA-certified F\/IF diamond. An elegant and symbolic piece, handcrafted in London by PureJewels.","og_url":"https:\/\/www.purejewels.com\/tr\/urun\/platin-lotus-tektas-nisan-yuzugu-52646\/","og_site_name":"PureJewels UK","article_modified_time":"2026-02-18T06:31:57+00:00","og_image":[{"width":1000,"height":1000,"url":"https:\/\/static.purejewels.com\/wp-content\/uploads\/2025\/08\/52646-1.jpg","type":"image\/jpeg"}],"twitter_card":"summary_large_image","twitter_misc":{"Tahmini okuma s\u00fcresi":"1 dakika"},"schema":{"@context":"https:\/\/schema.org","@graph":[{"@type":["WebPage","ItemPage"],"@id":"https:\/\/www.purejewels.com\/product\/platinum-lotus-solitaire-engagement-ring-52646\/","url":"https:\/\/www.purejewels.com\/product\/platinum-lotus-solitaire-engagement-ring-52646\/","name":"Platin Lotus Tekta\u015f Ni\u015fan Y\u00fcz\u00fc\u011f\u00fc | PureJewels London","isPartOf":{"@id":"https:\/\/www.purejewels.com\/#website"},"primaryImageOfPage":{"@id":"https:\/\/www.purejewels.com\/product\/platinum-lotus-solitaire-engagement-ring-52646\/#primaryimage"},"image":{"@id":"https:\/\/www.purejewels.com\/product\/platinum-lotus-solitaire-engagement-ring-52646\/#primaryimage"},"thumbnailUrl":"https:\/\/static.purejewels.com\/wp-content\/uploads\/2025\/08\/52646-1.jpg","datePublished":"2025-07-07T05:08:33+00:00","dateModified":"2026-02-18T06:31:57+00:00","description":"GIA sertifikal\u0131 0,55ct F\/IF p\u0131rlanta ile ayarlanm\u0131\u015f Platin Lotus Tekta\u015f Ni\u015fan Y\u00fcz\u00fc\u011f\u00fcn\u00fc ke\u015ffedin. PureJewels taraf\u0131ndan Londra'da el i\u015f\u00e7ili\u011fiyle \u00fcretilen zarif ve sembolik bir par\u00e7a.","breadcrumb":{"@id":"https:\/\/www.purejewels.com\/product\/platinum-lotus-solitaire-engagement-ring-52646\/#breadcrumb"},"inLanguage":"tr","potentialAction":[{"@type":"ReadAction","target":["https:\/\/www.purejewels.com\/product\/platinum-lotus-solitaire-engagement-ring-52646\/"]}]},{"@type":"ImageObject","inLanguage":"tr","@id":"https:\/\/www.purejewels.com\/product\/platinum-lotus-solitaire-engagement-ring-52646\/#primaryimage","url":"https:\/\/static.purejewels.com\/wp-content\/uploads\/2025\/08\/52646-1.jpg","contentUrl":"https:\/\/static.purejewels.com\/wp-content\/uploads\/2025\/08\/52646-1.jpg","width":1000,"height":1000,"caption":"Platinum Lotus Solitaire Engagement Ring"},{"@type":"BreadcrumbList","@id":"https:\/\/www.purejewels.com\/product\/platinum-lotus-solitaire-engagement-ring-52646\/#breadcrumb","itemListElement":[{"@type":"ListItem","position":1,"name":"Home","item":"https:\/\/www.purejewels.com\/"},{"@type":"ListItem","position":2,"name":"Shop","item":"https:\/\/www.purejewels.com\/shop\/"},{"@type":"ListItem","position":3,"name":"Lotus Platinum Engagement Ring"}]},{"@type":"WebSite","@id":"https:\/\/www.purejewels.com\/#website","url":"https:\/\/www.purejewels.com\/","name":"PureJewels \u0130ngiltere","description":"Sevgiyi Payla\u015f\u0131n","publisher":{"@id":"https:\/\/www.purejewels.com\/#organization"},"potentialAction":[{"@type":"SearchAction","target":{"@type":"EntryPoint","urlTemplate":"https:\/\/www.purejewels.com\/?s={search_term_string}"},"query-input":{"@type":"PropertyValueSpecification","valueRequired":true,"valueName":"search_term_string"}}],"inLanguage":"tr"},{"@type":"Organization","@id":"https:\/\/www.purejewels.com\/#organization","name":"PureJewels \u0130ngiltere","url":"https:\/\/www.purejewels.com\/","logo":{"@type":"ImageObject","inLanguage":"tr","@id":"https:\/\/www.purejewels.com\/#\/schema\/logo\/image\/","url":"https:\/\/static.purejewels.com\/wp-content\/uploads\/2020\/11\/Logo-PJ-New-1.png","contentUrl":"https:\/\/static.purejewels.com\/wp-content\/uploads\/2020\/11\/Logo-PJ-New-1.png","width":150,"height":80,"caption":"PureJewels UK"},"image":{"@id":"https:\/\/www.purejewels.com\/#\/schema\/logo\/image\/"}}]}},"_links":{"self":[{"href":"https:\/\/www.purejewels.com\/tr\/wp-json\/wp\/v2\/product\/409847","targetHints":{"allow":["GET"]}}],"collection":[{"href":"https:\/\/www.purejewels.com\/tr\/wp-json\/wp\/v2\/product"}],"about":[{"href":"https:\/\/www.purejewels.com\/tr\/wp-json\/wp\/v2\/types\/product"}],"replies":[{"embeddable":true,"href":"https:\/\/www.purejewels.com\/tr\/wp-json\/wp\/v2\/comments?post=409847"}],"version-history":[{"count":3,"href":"https:\/\/www.purejewels.com\/tr\/wp-json\/wp\/v2\/product\/409847\/revisions"}],"predecessor-version":[{"id":411346,"href":"https:\/\/www.purejewels.com\/tr\/wp-json\/wp\/v2\/product\/409847\/revisions\/411346"}],"wp:featuredmedia":[{"embeddable":true,"href":"https:\/\/www.purejewels.com\/tr\/wp-json\/wp\/v2\/media\/409849"}],"wp:attachment":[{"href":"https:\/\/www.purejewels.com\/tr\/wp-json\/wp\/v2\/media?parent=409847"}],"wp:term":[{"taxonomy":"product_brand","embeddable":true,"href":"https:\/\/www.purejewels.com\/tr\/wp-json\/wp\/v2\/product_brand?post=409847"},{"taxonomy":"product_cat","embeddable":true,"href":"https:\/\/www.purejewels.com\/tr\/wp-json\/wp\/v2\/product_cat?post=409847"},{"taxonomy":"product_tag","embeddable":true,"href":"https:\/\/www.purejewels.com\/tr\/wp-json\/wp\/v2\/product_tag?post=409847"}],"curies":[{"name":"wp","href":"https:\/\/api.w.org\/{rel}","templated":true}]}}