{"id":409852,"date":"2025-04-07T06:40:26","date_gmt":"2025-04-07T05:40:26","guid":{"rendered":"https:\/\/www.purejewels.com\/?post_type=product&#038;p=409852"},"modified":"2025-08-07T06:48:40","modified_gmt":"2025-08-07T05:48:40","slug":"18-ayar-beyaz-altin-pirlanta-mangalsutra-52327","status":"publish","type":"product","link":"https:\/\/www.purejewels.com\/tr\/product\/18k-white-gold-diamond-mangalsutra-52327\/","title":{"rendered":"18 Ayar Beyaz Alt\u0131n P\u0131rlanta Mangalsutra"},"content":{"rendered":"<p data-start=\"507\" data-end=\"899\">Kutsal birlikteli\u011fi \u00e7a\u011fda\u015f bir dokunu\u015fla kutlay\u0131n. Bu <strong data-start=\"562\" data-end=\"592\">18 Ayar Beyaz Alt\u0131n Mangalsutra<\/strong> modern a\u015fk\u0131n \u0131\u015f\u0131lt\u0131l\u0131 bir ifadesidir - gelene\u011fe ba\u011fl\u0131 ancak bug\u00fcn i\u00e7in \u015fekillendirilmi\u015ftir. Merkezinde, iki g\u00fczel kontrast <strong data-start=\"719\" data-end=\"741\">laboratuvarda yeti\u0307\u015fti\u0307ri\u0307len elmaslar<\/strong>-a <strong data-start=\"744\" data-end=\"766\">0,63 ct z\u00fcmr\u00fct kesim<\/strong> ve bir <strong data-start=\"773\" data-end=\"792\">0,42 ct armut kesim<\/strong>, her ikisi de derecelendirilmi\u015f <strong data-start=\"806\" data-end=\"832\">D renk, VVS2 berrakl\u0131k<\/strong>-\u015eiirsel bir d\u00fcette yan yana oturarak ayn\u0131 hizaya gelmi\u015f iki ruhu temsil ediyorlar.<\/p>\n<p data-start=\"901\" data-end=\"1193\">Narin siyah boncuklar ince beyaz alt\u0131n zincir boyunca s\u0131ralanarak as\u0131rl\u0131k koruma ve evlilik kutsamas\u0131 sembolizmini onurland\u0131r\u0131rken, sade siluet g\u00fcnl\u00fck kullan\u0131ma zahmetsiz bir \u015f\u0131kl\u0131k getiriyor. \u00d6l\u00e7\u00fcler <strong data-start=\"1101\" data-end=\"1114\">16 in\u00e7<\/strong>Yaka kemi\u011fi boyunca zarif bir \u015fekilde oturur; kat kat giymek veya tek ba\u015f\u0131na giymek i\u00e7in m\u00fckemmeldir.<\/p>","protected":false},"excerpt":{"rendered":"<p>Gelene\u011fin modern bir yorumu olan bu 18 Ayar Beyaz Alt\u0131n Mangalsutra, D renk ve VVS2 berrakl\u0131kta laboratuvarda yeti\u015ftirilmi\u015f p\u0131rlanta (inci ve z\u00fcmr\u00fct kesim) ikilisine sahiptir. \u00c7a\u011fda\u015f zarafetle i\u015flenmi\u015f anlaml\u0131 bir birlik sembol\u00fc.<\/p>\n<p><strong>Malzeme:<\/strong> 18 Ayar Sar\u0131 Alt\u0131n<br \/>\n<strong>Hallmark:<\/strong>\u00a0\u0130ngiliz Damgas\u0131<br \/>\n<strong>Br\u00fct A\u011f\u0131rl\u0131k:\u00a0<\/strong> 9 gram<br \/>\n<strong>Uzunluk:<\/strong> 16 \u0130n\u00e7<br \/>\n<strong>SKU:<\/strong> 52327<br \/>\n<b>Elmas A\u011f\u0131rl\u0131\u011f\u0131: <\/b>Toplam 0,95 ct<br \/>\n<b>Ta\u015f: <\/b>Do\u011fal Elmas<br \/>\n<b>Elmas rengi: <\/b>D<br \/>\n<b>Elmas Berrakl\u0131\u011f\u0131:\u00a0<\/b>VVS2<br \/>\n<strong>Sertifika:<\/strong>\u00a0Evet<\/p>\n<p><strong>Fiyat ve Teslimat:\u00a0<\/strong>KDV ve teslimat \u00fccretleri dahil<strong><br \/>\n<a href=\"https:\/\/www.purejewels.com\/tr\/i%cc%87ade-poli%cc%87ti%cc%87kasi\/\">\u0130ade Politikas\u0131<\/a><\/strong><\/p>","protected":false},"featured_media":409853,"comment_status":"closed","ping_status":"closed","template":"","meta":{"_eb_attr":"","_crsspst_to_jayantr4sg-hostcom":false},"product_brand":[],"product_cat":[5679,6087,5457,5461,1284,1776,1573,5348],"product_tag":[],"class_list":{"0":"post-409852","1":"product","2":"type-product","3":"status-publish","4":"has-post-thumbnail","6":"product_cat-18ct-gold-jewellery","7":"product_cat-18ct-gold-managlsutra","8":"product_cat-diamond-jewellery","9":"product_cat-diamond-mangalsutras","10":"product_cat-gold-mangalsutras","11":"product_cat-occasional-wear-mangalsutras","12":"product_cat-wedding-gifts","13":"product_cat-white-gold-jewellery","15":"first","16":"onbackorder","17":"taxable","18":"shipping-taxable","19":"product-type-simple","20":"add-to-wishlist-before_image"},"yoast_head":"<!-- This site is optimized with the Yoast SEO plugin v27.5 - https:\/\/yoast.com\/product\/yoast-seo-wordpress\/ -->\n<title>18K White Gold Mangalsutra \u2013Lab Grown Diamond Jewellery<\/title>\n<meta name=\"description\" content=\"Explore this 18K White Gold Mangalsutra with 1.05ct lab-grown pear and emerald cut diamonds, both D\/VVS2. A modern symbol of love, handcrafted by PureJewels in London.\" \/>\n<meta name=\"robots\" content=\"index, follow, max-snippet:-1, max-image-preview:large, max-video-preview:-1\" \/>\n<link rel=\"canonical\" href=\"https:\/\/www.purejewels.com\/tr\/urun\/18-ayar-beyaz-altin-pirlanta-mangalsutra-52327\/\" \/>\n<meta property=\"og:locale\" content=\"tr_TR\" \/>\n<meta property=\"og:type\" content=\"article\" \/>\n<meta property=\"og:title\" content=\"18K White Gold Mangalsutra \u2013Lab Grown Diamond Jewellery\" \/>\n<meta property=\"og:description\" content=\"Explore this 18K White Gold Mangalsutra with 1.05ct lab-grown pear and emerald cut diamonds, both D\/VVS2. A modern symbol of love, handcrafted by PureJewels in London.\" \/>\n<meta property=\"og:url\" content=\"https:\/\/www.purejewels.com\/tr\/urun\/18-ayar-beyaz-altin-pirlanta-mangalsutra-52327\/\" \/>\n<meta property=\"og:site_name\" content=\"PureJewels UK\" \/>\n<meta property=\"article:modified_time\" content=\"2025-08-07T05:48:40+00:00\" \/>\n<meta property=\"og:image\" content=\"https:\/\/www.purejewels.com\/wp-content\/uploads\/2025\/08\/52327.jpg\" \/>\n\t<meta property=\"og:image:width\" content=\"1000\" \/>\n\t<meta property=\"og:image:height\" content=\"1000\" \/>\n\t<meta property=\"og:image:type\" content=\"image\/jpeg\" \/>\n<meta name=\"twitter:card\" content=\"summary_large_image\" \/>\n<meta name=\"twitter:label1\" content=\"Tahmini okuma s\u00fcresi\" \/>\n\t<meta name=\"twitter:data1\" content=\"1 dakika\" \/>\n<script type=\"application\/ld+json\" class=\"yoast-schema-graph\">{\"@context\":\"https:\\\/\\\/schema.org\",\"@graph\":[{\"@type\":[\"WebPage\",\"ItemPage\"],\"@id\":\"https:\\\/\\\/www.purejewels.com\\\/product\\\/18k-white-gold-diamond-mangalsutra-52327\\\/\",\"url\":\"https:\\\/\\\/www.purejewels.com\\\/product\\\/18k-white-gold-diamond-mangalsutra-52327\\\/\",\"name\":\"18K White Gold Mangalsutra \u2013Lab Grown Diamond Jewellery\",\"isPartOf\":{\"@id\":\"https:\\\/\\\/www.purejewels.com\\\/#website\"},\"primaryImageOfPage\":{\"@id\":\"https:\\\/\\\/www.purejewels.com\\\/product\\\/18k-white-gold-diamond-mangalsutra-52327\\\/#primaryimage\"},\"image\":{\"@id\":\"https:\\\/\\\/www.purejewels.com\\\/product\\\/18k-white-gold-diamond-mangalsutra-52327\\\/#primaryimage\"},\"thumbnailUrl\":\"https:\\\/\\\/static.purejewels.com\\\/wp-content\\\/uploads\\\/2025\\\/08\\\/52327.jpg\",\"datePublished\":\"2025-04-07T05:40:26+00:00\",\"dateModified\":\"2025-08-07T05:48:40+00:00\",\"description\":\"Explore this 18K White Gold Mangalsutra with 1.05ct lab-grown pear and emerald cut diamonds, both D\\\/VVS2. A modern symbol of love, handcrafted by PureJewels in London.\",\"breadcrumb\":{\"@id\":\"https:\\\/\\\/www.purejewels.com\\\/product\\\/18k-white-gold-diamond-mangalsutra-52327\\\/#breadcrumb\"},\"inLanguage\":\"tr\",\"potentialAction\":[{\"@type\":\"ReadAction\",\"target\":[\"https:\\\/\\\/www.purejewels.com\\\/product\\\/18k-white-gold-diamond-mangalsutra-52327\\\/\"]}]},{\"@type\":\"ImageObject\",\"inLanguage\":\"tr\",\"@id\":\"https:\\\/\\\/www.purejewels.com\\\/product\\\/18k-white-gold-diamond-mangalsutra-52327\\\/#primaryimage\",\"url\":\"https:\\\/\\\/static.purejewels.com\\\/wp-content\\\/uploads\\\/2025\\\/08\\\/52327.jpg\",\"contentUrl\":\"https:\\\/\\\/static.purejewels.com\\\/wp-content\\\/uploads\\\/2025\\\/08\\\/52327.jpg\",\"width\":1000,\"height\":1000,\"caption\":\"18K White Gold Diamond Mangalsutra\"},{\"@type\":\"BreadcrumbList\",\"@id\":\"https:\\\/\\\/www.purejewels.com\\\/product\\\/18k-white-gold-diamond-mangalsutra-52327\\\/#breadcrumb\",\"itemListElement\":[{\"@type\":\"ListItem\",\"position\":1,\"name\":\"Home\",\"item\":\"https:\\\/\\\/www.purejewels.com\\\/\"},{\"@type\":\"ListItem\",\"position\":2,\"name\":\"Shop\",\"item\":\"https:\\\/\\\/www.purejewels.com\\\/shop\\\/\"},{\"@type\":\"ListItem\",\"position\":3,\"name\":\"18K White Gold Diamond Mangalsutra\"}]},{\"@type\":\"WebSite\",\"@id\":\"https:\\\/\\\/www.purejewels.com\\\/#website\",\"url\":\"https:\\\/\\\/www.purejewels.com\\\/\",\"name\":\"PureJewels UK\",\"description\":\"Share the Love\",\"publisher\":{\"@id\":\"https:\\\/\\\/www.purejewels.com\\\/#organization\"},\"potentialAction\":[{\"@type\":\"SearchAction\",\"target\":{\"@type\":\"EntryPoint\",\"urlTemplate\":\"https:\\\/\\\/www.purejewels.com\\\/?s={search_term_string}\"},\"query-input\":{\"@type\":\"PropertyValueSpecification\",\"valueRequired\":true,\"valueName\":\"search_term_string\"}}],\"inLanguage\":\"tr\"},{\"@type\":\"Organization\",\"@id\":\"https:\\\/\\\/www.purejewels.com\\\/#organization\",\"name\":\"PureJewels UK\",\"url\":\"https:\\\/\\\/www.purejewels.com\\\/\",\"logo\":{\"@type\":\"ImageObject\",\"inLanguage\":\"tr\",\"@id\":\"https:\\\/\\\/www.purejewels.com\\\/#\\\/schema\\\/logo\\\/image\\\/\",\"url\":\"https:\\\/\\\/static.purejewels.com\\\/wp-content\\\/uploads\\\/2020\\\/11\\\/Logo-PJ-New-1.png\",\"contentUrl\":\"https:\\\/\\\/static.purejewels.com\\\/wp-content\\\/uploads\\\/2020\\\/11\\\/Logo-PJ-New-1.png\",\"width\":150,\"height\":80,\"caption\":\"PureJewels UK\"},\"image\":{\"@id\":\"https:\\\/\\\/www.purejewels.com\\\/#\\\/schema\\\/logo\\\/image\\\/\"}}]}<\/script>\n<!-- \/ Yoast SEO plugin. -->","yoast_head_json":{"title":"18 Ayar Beyaz Alt\u0131n Mangalsutra -Lab Grown P\u0131rlanta M\u00fccevher","description":"Her ikisi de D\/VVS2 olan 1.05ct laboratuvarda yeti\u015ftirilmi\u015f armut ve z\u00fcmr\u00fct kesim p\u0131rlantal\u0131 bu 18 Ayar Beyaz Alt\u0131n Mangalsutra'y\u0131 ke\u015ffedin. PureJewels taraf\u0131ndan Londra'da el i\u015f\u00e7ili\u011fiyle \u00fcretilen modern bir a\u015fk sembol\u00fc.","robots":{"index":"index","follow":"follow","max-snippet":"max-snippet:-1","max-image-preview":"max-image-preview:large","max-video-preview":"max-video-preview:-1"},"canonical":"https:\/\/www.purejewels.com\/tr\/urun\/18-ayar-beyaz-altin-pirlanta-mangalsutra-52327\/","og_locale":"tr_TR","og_type":"article","og_title":"18K White Gold Mangalsutra \u2013Lab Grown Diamond Jewellery","og_description":"Explore this 18K White Gold Mangalsutra with 1.05ct lab-grown pear and emerald cut diamonds, both D\/VVS2. A modern symbol of love, handcrafted by PureJewels in London.","og_url":"https:\/\/www.purejewels.com\/tr\/urun\/18-ayar-beyaz-altin-pirlanta-mangalsutra-52327\/","og_site_name":"PureJewels UK","article_modified_time":"2025-08-07T05:48:40+00:00","og_image":[{"width":1000,"height":1000,"url":"https:\/\/www.purejewels.com\/wp-content\/uploads\/2025\/08\/52327.jpg","type":"image\/jpeg"}],"twitter_card":"summary_large_image","twitter_misc":{"Tahmini okuma s\u00fcresi":"1 dakika"},"schema":{"@context":"https:\/\/schema.org","@graph":[{"@type":["WebPage","ItemPage"],"@id":"https:\/\/www.purejewels.com\/product\/18k-white-gold-diamond-mangalsutra-52327\/","url":"https:\/\/www.purejewels.com\/product\/18k-white-gold-diamond-mangalsutra-52327\/","name":"18 Ayar Beyaz Alt\u0131n Mangalsutra -Lab Grown P\u0131rlanta M\u00fccevher","isPartOf":{"@id":"https:\/\/www.purejewels.com\/#website"},"primaryImageOfPage":{"@id":"https:\/\/www.purejewels.com\/product\/18k-white-gold-diamond-mangalsutra-52327\/#primaryimage"},"image":{"@id":"https:\/\/www.purejewels.com\/product\/18k-white-gold-diamond-mangalsutra-52327\/#primaryimage"},"thumbnailUrl":"https:\/\/static.purejewels.com\/wp-content\/uploads\/2025\/08\/52327.jpg","datePublished":"2025-04-07T05:40:26+00:00","dateModified":"2025-08-07T05:48:40+00:00","description":"Her ikisi de D\/VVS2 olan 1.05ct laboratuvarda yeti\u015ftirilmi\u015f armut ve z\u00fcmr\u00fct kesim p\u0131rlantal\u0131 bu 18 Ayar Beyaz Alt\u0131n Mangalsutra'y\u0131 ke\u015ffedin. PureJewels taraf\u0131ndan Londra'da el i\u015f\u00e7ili\u011fiyle \u00fcretilen modern bir a\u015fk sembol\u00fc.","breadcrumb":{"@id":"https:\/\/www.purejewels.com\/product\/18k-white-gold-diamond-mangalsutra-52327\/#breadcrumb"},"inLanguage":"tr","potentialAction":[{"@type":"ReadAction","target":["https:\/\/www.purejewels.com\/product\/18k-white-gold-diamond-mangalsutra-52327\/"]}]},{"@type":"ImageObject","inLanguage":"tr","@id":"https:\/\/www.purejewels.com\/product\/18k-white-gold-diamond-mangalsutra-52327\/#primaryimage","url":"https:\/\/static.purejewels.com\/wp-content\/uploads\/2025\/08\/52327.jpg","contentUrl":"https:\/\/static.purejewels.com\/wp-content\/uploads\/2025\/08\/52327.jpg","width":1000,"height":1000,"caption":"18K White Gold Diamond Mangalsutra"},{"@type":"BreadcrumbList","@id":"https:\/\/www.purejewels.com\/product\/18k-white-gold-diamond-mangalsutra-52327\/#breadcrumb","itemListElement":[{"@type":"ListItem","position":1,"name":"Home","item":"https:\/\/www.purejewels.com\/"},{"@type":"ListItem","position":2,"name":"Shop","item":"https:\/\/www.purejewels.com\/shop\/"},{"@type":"ListItem","position":3,"name":"18K White Gold Diamond Mangalsutra"}]},{"@type":"WebSite","@id":"https:\/\/www.purejewels.com\/#website","url":"https:\/\/www.purejewels.com\/","name":"PureJewels \u0130ngiltere","description":"Sevgiyi Payla\u015f\u0131n","publisher":{"@id":"https:\/\/www.purejewels.com\/#organization"},"potentialAction":[{"@type":"SearchAction","target":{"@type":"EntryPoint","urlTemplate":"https:\/\/www.purejewels.com\/?s={search_term_string}"},"query-input":{"@type":"PropertyValueSpecification","valueRequired":true,"valueName":"search_term_string"}}],"inLanguage":"tr"},{"@type":"Organization","@id":"https:\/\/www.purejewels.com\/#organization","name":"PureJewels \u0130ngiltere","url":"https:\/\/www.purejewels.com\/","logo":{"@type":"ImageObject","inLanguage":"tr","@id":"https:\/\/www.purejewels.com\/#\/schema\/logo\/image\/","url":"https:\/\/static.purejewels.com\/wp-content\/uploads\/2020\/11\/Logo-PJ-New-1.png","contentUrl":"https:\/\/static.purejewels.com\/wp-content\/uploads\/2020\/11\/Logo-PJ-New-1.png","width":150,"height":80,"caption":"PureJewels UK"},"image":{"@id":"https:\/\/www.purejewels.com\/#\/schema\/logo\/image\/"}}]}},"_links":{"self":[{"href":"https:\/\/www.purejewels.com\/tr\/wp-json\/wp\/v2\/product\/409852","targetHints":{"allow":["GET"]}}],"collection":[{"href":"https:\/\/www.purejewels.com\/tr\/wp-json\/wp\/v2\/product"}],"about":[{"href":"https:\/\/www.purejewels.com\/tr\/wp-json\/wp\/v2\/types\/product"}],"replies":[{"embeddable":true,"href":"https:\/\/www.purejewels.com\/tr\/wp-json\/wp\/v2\/comments?post=409852"}],"version-history":[{"count":1,"href":"https:\/\/www.purejewels.com\/tr\/wp-json\/wp\/v2\/product\/409852\/revisions"}],"predecessor-version":[{"id":409856,"href":"https:\/\/www.purejewels.com\/tr\/wp-json\/wp\/v2\/product\/409852\/revisions\/409856"}],"wp:featuredmedia":[{"embeddable":true,"href":"https:\/\/www.purejewels.com\/tr\/wp-json\/wp\/v2\/media\/409853"}],"wp:attachment":[{"href":"https:\/\/www.purejewels.com\/tr\/wp-json\/wp\/v2\/media?parent=409852"}],"wp:term":[{"taxonomy":"product_brand","embeddable":true,"href":"https:\/\/www.purejewels.com\/tr\/wp-json\/wp\/v2\/product_brand?post=409852"},{"taxonomy":"product_cat","embeddable":true,"href":"https:\/\/www.purejewels.com\/tr\/wp-json\/wp\/v2\/product_cat?post=409852"},{"taxonomy":"product_tag","embeddable":true,"href":"https:\/\/www.purejewels.com\/tr\/wp-json\/wp\/v2\/product_tag?post=409852"}],"curies":[{"name":"wp","href":"https:\/\/api.w.org\/{rel}","templated":true}]}}