{"id":409888,"date":"2025-11-18T09:02:05","date_gmt":"2025-11-18T09:02:05","guid":{"rendered":"https:\/\/www.purejewels.com\/?post_type=product&#038;p=409888"},"modified":"2026-03-04T11:26:03","modified_gmt":"2026-03-04T11:26:03","slug":"18-ayar-sari-altin-pirlanta-mangalsutra-18-inc-51956","status":"publish","type":"product","link":"https:\/\/www.purejewels.com\/tr\/product\/18k-yellow-gold-diamond-mangalsutra-18-inches-51956\/","title":{"rendered":"18 Ayar Sar\u0131 Alt\u0131n P\u0131rlanta Mangalsutra"},"content":{"rendered":"<h3 data-start=\"174\" data-end=\"196\"><strong data-start=\"178\" data-end=\"196\">Tasar\u0131m Konsepti<\/strong><\/h3>\n<p data-start=\"198\" data-end=\"608\">Bu 18 ayar sar\u0131 alt\u0131n elmas mangalsutra, gelenek ve \u00e7a\u011fda\u015f minimalizmin \u015fiirsel bir birle\u015fimidir. Merkezdeki kolye ucu, lotus yapraklar\u0131ndan esinlenen yumu\u015fak geometrik \u00e7i\u00e7ek desenine sahiptir. Bu desen, safl\u0131k, yeniden do\u011fu\u015f ve ba\u011fl\u0131l\u0131\u011f\u0131 temsil eden PureJewels'\u0131n imza motifidir. \u015e\u0131k silueti, zamans\u0131z bir k\u00fclt\u00fcrel sembol\u00fc modern bir bak\u0131\u015f a\u00e7\u0131s\u0131yla yorumlarken, \u00e7ift siyah boncuk zincirlerinin koruyucu sembolizmiyle g\u00fczel bir denge olu\u015fturur.<\/p>\n<h3 data-start=\"615\" data-end=\"636\"><strong data-start=\"619\" data-end=\"636\">Zanaatkarl\u0131k<\/strong><\/h3>\n<p data-start=\"638\" data-end=\"1057\">Londra at\u00f6lyemizde titizlikle \u00fcretilen bu par\u00e7a, d\u00f6rt nesildir s\u00fcren m\u00fccevher yap\u0131m gelene\u011fini yans\u0131t\u0131yor. Elmaslar etik kaynaklardan temin edilmi\u015f ve parlakl\u0131\u011f\u0131 art\u0131rmak i\u00e7in ince mikro \u00e7atal teknikleri kullan\u0131larak elle yerle\u015ftirilmi\u015ftir. Her bir siyah boncuk hassas bir \u015fekilde hizalanarak p\u00fcr\u00fczs\u00fcz bir d\u00f6k\u00fcm ve uzun \u00f6m\u00fcrl\u00fcl\u00fck sa\u011flanm\u0131\u015ft\u0131r. Londra Assay Office taraf\u0131ndan damgalanm\u0131\u015f olan bu Mangalsutra, her ayr\u0131nt\u0131s\u0131nda safl\u0131k ve m\u00fckemmelli\u011fi temsil ediyor.<\/p>\n<h3 data-start=\"1064\" data-end=\"1085\"><strong data-start=\"1068\" data-end=\"1085\">Stil Fikirleri<\/strong><\/h3>\n<p data-start=\"1087\" data-end=\"1507\">Zarif ve \u00e7ok y\u00f6nl\u00fc olan bu Mangalsutra, geleneksel tarzdan \u00e7a\u011fda\u015f tarza kolayca ge\u00e7i\u015f yapar. G\u00fcnl\u00fck kullan\u0131m i\u00e7in, beyaz bir g\u00f6mlek veya ipek bluzla g\u00fczel bir uyum sa\u011flar ve elmaslar\u0131n \u0131\u015f\u0131k katmas\u0131n\u0131 sa\u011flar. T\u00f6renlerde, alt\u0131n bilezikler veya uyumlu bir gerdanl\u0131k ile birlikte kullanarak tam bir gelin g\u00f6r\u00fcn\u00fcm\u00fc elde edebilirsiniz. Ayr\u0131ca, \u00f6zel dikilmi\u015f bir blazer veya f\u00fczyon sari ile birlikte kullanarak \u00e7arp\u0131c\u0131 ve modern bir g\u00f6r\u00fcn\u00fcm elde edebilirsiniz.<\/p>","protected":false},"excerpt":{"rendered":"<p>0,16 ct do\u011fal elmas ve klasik siyah boncuklar i\u00e7eren zarif bir 18 ayar Sar\u0131 Alt\u0131n Mangalsutra. Gelene\u011fi zarafetle onurland\u0131rmak i\u00e7in el yap\u0131m\u0131.<\/p>\n<p><strong>Malzeme:<\/strong> 18 Ayar Sar\u0131 Alt\u0131n<br \/>\n<strong>Hallmark:<\/strong>\u00a0\u0130ngiliz Damgas\u0131<br \/>\n<strong>Br\u00fct A\u011f\u0131rl\u0131k: <\/strong>2.90 gram<br \/>\n<b>Ta\u015f:\u00a0<\/b>Elmas<br \/>\n<b>Do\u011fal Elmas A\u011f\u0131rl\u0131\u011f\u0131: <\/b>0.16ct<br \/>\n<b>Elmas Berrakl\u0131\u011f\u0131: <\/b>VVS - \u00c7ok \u00c7ok K\u00fc\u00e7\u00fck Kapan\u0131mlar<br \/>\n<strong>Sertifika ile birlikte gelir:<\/strong>\u00a0Evet<br \/>\n<strong>Uzunluk:<\/strong>\u00a018 \u0130n\u00e7<br \/>\n<strong>SKU:<\/strong> 51956<\/p>\n<p><strong>Fiyat ve Teslimat:\u00a0<\/strong>KDV ve teslimat \u00fccretleri dahil<strong><br \/>\n<a href=\"https:\/\/www.purejewels.com\/tr\/i%cc%87ade-poli%cc%87ti%cc%87kasi\/\">\u0130ade Politikas\u0131<\/a><\/strong><\/p>","protected":false},"featured_media":409899,"comment_status":"closed","ping_status":"closed","template":"","meta":{"_eb_attr":"","_crsspst_to_jayantr4sg-hostcom":true},"product_brand":[],"product_cat":[5679,6087,1791,1559,1775,5457,5461,1793,1284,1776,1573],"product_tag":[],"class_list":{"0":"post-409888","1":"product","2":"type-product","3":"status-publish","4":"has-post-thumbnail","6":"product_cat-18ct-gold-jewellery","7":"product_cat-18ct-gold-managlsutra","8":"product_cat-anniversary-gifts","9":"product_cat-birthday-gifts","10":"product_cat-daily-wear-mangalsutras","11":"product_cat-diamond-jewellery","12":"product_cat-diamond-mangalsutras","13":"product_cat-diwali-gifts","14":"product_cat-gold-mangalsutras","15":"product_cat-occasional-wear-mangalsutras","16":"product_cat-wedding-gifts","18":"first","19":"outofstock","20":"taxable","21":"shipping-taxable","22":"product-type-simple","23":"add-to-wishlist-before_image"},"yoast_head":"<!-- This site is optimized with the Yoast SEO plugin v27.3 - https:\/\/yoast.com\/product\/yoast-seo-wordpress\/ -->\n<title>18ct Gold Mangalsutra with Natural Diamonds | PureJewels London<\/title>\n<meta name=\"description\" content=\"Celebrate heritage with elegance. This 18ct Yellow Gold Mangalsutra features 0.16cts of natural diamonds on an 18-inch chain. A timeless PureJewels creation.\" \/>\n<meta name=\"robots\" content=\"index, follow, max-snippet:-1, max-image-preview:large, max-video-preview:-1\" \/>\n<link rel=\"canonical\" href=\"https:\/\/www.purejewels.com\/tr\/urun\/18-ayar-sari-altin-pirlanta-mangalsutra-18-inc-51956\/\" \/>\n<meta property=\"og:locale\" content=\"tr_TR\" \/>\n<meta property=\"og:type\" content=\"article\" \/>\n<meta property=\"og:title\" content=\"18ct Gold Mangalsutra with Natural Diamonds | PureJewels London\" \/>\n<meta property=\"og:description\" content=\"Celebrate heritage with elegance. This 18ct Yellow Gold Mangalsutra features 0.16cts of natural diamonds on an 18-inch chain. A timeless PureJewels creation.\" \/>\n<meta property=\"og:url\" content=\"https:\/\/www.purejewels.com\/tr\/urun\/18-ayar-sari-altin-pirlanta-mangalsutra-18-inc-51956\/\" \/>\n<meta property=\"og:site_name\" content=\"PureJewels UK\" \/>\n<meta property=\"article:modified_time\" content=\"2026-03-04T11:26:03+00:00\" \/>\n<meta property=\"og:image\" content=\"https:\/\/static.purejewels.com\/wp-content\/uploads\/2025\/08\/SKU-51956.jpg\" \/>\n\t<meta property=\"og:image:width\" content=\"1000\" \/>\n\t<meta property=\"og:image:height\" content=\"1000\" \/>\n\t<meta property=\"og:image:type\" content=\"image\/jpeg\" \/>\n<meta name=\"twitter:card\" content=\"summary_large_image\" \/>\n<meta name=\"twitter:label1\" content=\"Tahmini okuma s\u00fcresi\" \/>\n\t<meta name=\"twitter:data1\" content=\"2 dakika\" \/>\n<script type=\"application\/ld+json\" class=\"yoast-schema-graph\">{\"@context\":\"https:\\\/\\\/schema.org\",\"@graph\":[{\"@type\":[\"WebPage\",\"ItemPage\"],\"@id\":\"https:\\\/\\\/www.purejewels.com\\\/product\\\/18k-yellow-gold-diamond-mangalsutra-18-inches-51956\\\/\",\"url\":\"https:\\\/\\\/www.purejewels.com\\\/product\\\/18k-yellow-gold-diamond-mangalsutra-18-inches-51956\\\/\",\"name\":\"18ct Gold Mangalsutra with Natural Diamonds | PureJewels London\",\"isPartOf\":{\"@id\":\"https:\\\/\\\/www.purejewels.com\\\/#website\"},\"primaryImageOfPage\":{\"@id\":\"https:\\\/\\\/www.purejewels.com\\\/product\\\/18k-yellow-gold-diamond-mangalsutra-18-inches-51956\\\/#primaryimage\"},\"image\":{\"@id\":\"https:\\\/\\\/www.purejewels.com\\\/product\\\/18k-yellow-gold-diamond-mangalsutra-18-inches-51956\\\/#primaryimage\"},\"thumbnailUrl\":\"https:\\\/\\\/static.purejewels.com\\\/wp-content\\\/uploads\\\/2025\\\/08\\\/SKU-51956.jpg\",\"datePublished\":\"2025-11-18T09:02:05+00:00\",\"dateModified\":\"2026-03-04T11:26:03+00:00\",\"description\":\"Celebrate heritage with elegance. This 18ct Yellow Gold Mangalsutra features 0.16cts of natural diamonds on an 18-inch chain. A timeless PureJewels creation.\",\"breadcrumb\":{\"@id\":\"https:\\\/\\\/www.purejewels.com\\\/product\\\/18k-yellow-gold-diamond-mangalsutra-18-inches-51956\\\/#breadcrumb\"},\"inLanguage\":\"tr\",\"potentialAction\":[{\"@type\":\"ReadAction\",\"target\":[\"https:\\\/\\\/www.purejewels.com\\\/product\\\/18k-yellow-gold-diamond-mangalsutra-18-inches-51956\\\/\"]}]},{\"@type\":\"ImageObject\",\"inLanguage\":\"tr\",\"@id\":\"https:\\\/\\\/www.purejewels.com\\\/product\\\/18k-yellow-gold-diamond-mangalsutra-18-inches-51956\\\/#primaryimage\",\"url\":\"https:\\\/\\\/static.purejewels.com\\\/wp-content\\\/uploads\\\/2025\\\/08\\\/SKU-51956.jpg\",\"contentUrl\":\"https:\\\/\\\/static.purejewels.com\\\/wp-content\\\/uploads\\\/2025\\\/08\\\/SKU-51956.jpg\",\"width\":1000,\"height\":1000,\"caption\":\"Stacked from 6 images. Method=B (R=8,S=4)\"},{\"@type\":\"BreadcrumbList\",\"@id\":\"https:\\\/\\\/www.purejewels.com\\\/product\\\/18k-yellow-gold-diamond-mangalsutra-18-inches-51956\\\/#breadcrumb\",\"itemListElement\":[{\"@type\":\"ListItem\",\"position\":1,\"name\":\"Home\",\"item\":\"https:\\\/\\\/www.purejewels.com\\\/\"},{\"@type\":\"ListItem\",\"position\":2,\"name\":\"Shop\",\"item\":\"https:\\\/\\\/www.purejewels.com\\\/shop\\\/\"},{\"@type\":\"ListItem\",\"position\":3,\"name\":\"18k Yellow Gold Diamond Mangalsutra\"}]},{\"@type\":\"WebSite\",\"@id\":\"https:\\\/\\\/www.purejewels.com\\\/#website\",\"url\":\"https:\\\/\\\/www.purejewels.com\\\/\",\"name\":\"PureJewels UK\",\"description\":\"Share the Love\",\"publisher\":{\"@id\":\"https:\\\/\\\/www.purejewels.com\\\/#organization\"},\"potentialAction\":[{\"@type\":\"SearchAction\",\"target\":{\"@type\":\"EntryPoint\",\"urlTemplate\":\"https:\\\/\\\/www.purejewels.com\\\/?s={search_term_string}\"},\"query-input\":{\"@type\":\"PropertyValueSpecification\",\"valueRequired\":true,\"valueName\":\"search_term_string\"}}],\"inLanguage\":\"tr\"},{\"@type\":\"Organization\",\"@id\":\"https:\\\/\\\/www.purejewels.com\\\/#organization\",\"name\":\"PureJewels UK\",\"url\":\"https:\\\/\\\/www.purejewels.com\\\/\",\"logo\":{\"@type\":\"ImageObject\",\"inLanguage\":\"tr\",\"@id\":\"https:\\\/\\\/www.purejewels.com\\\/#\\\/schema\\\/logo\\\/image\\\/\",\"url\":\"https:\\\/\\\/static.purejewels.com\\\/wp-content\\\/uploads\\\/2020\\\/11\\\/Logo-PJ-New-1.png\",\"contentUrl\":\"https:\\\/\\\/static.purejewels.com\\\/wp-content\\\/uploads\\\/2020\\\/11\\\/Logo-PJ-New-1.png\",\"width\":150,\"height\":80,\"caption\":\"PureJewels UK\"},\"image\":{\"@id\":\"https:\\\/\\\/www.purejewels.com\\\/#\\\/schema\\\/logo\\\/image\\\/\"}}]}<\/script>\n<!-- \/ Yoast SEO plugin. -->","yoast_head_json":{"title":"Do\u011fal P\u0131rlantal\u0131 18 Ayar Alt\u0131n Mangalsutra | PureJewels London","description":"Miras\u0131 zarafetle kutlay\u0131n. Bu 18 Ayar Sar\u0131 Alt\u0131n Mangalsutra, 18 in\u00e7 zincir \u00fczerinde 0,16 ons do\u011fal elmasa sahiptir. Zamans\u0131z bir PureJewels tasar\u0131m\u0131.","robots":{"index":"index","follow":"follow","max-snippet":"max-snippet:-1","max-image-preview":"max-image-preview:large","max-video-preview":"max-video-preview:-1"},"canonical":"https:\/\/www.purejewels.com\/tr\/urun\/18-ayar-sari-altin-pirlanta-mangalsutra-18-inc-51956\/","og_locale":"tr_TR","og_type":"article","og_title":"18ct Gold Mangalsutra with Natural Diamonds | PureJewels London","og_description":"Celebrate heritage with elegance. This 18ct Yellow Gold Mangalsutra features 0.16cts of natural diamonds on an 18-inch chain. A timeless PureJewels creation.","og_url":"https:\/\/www.purejewels.com\/tr\/urun\/18-ayar-sari-altin-pirlanta-mangalsutra-18-inc-51956\/","og_site_name":"PureJewels UK","article_modified_time":"2026-03-04T11:26:03+00:00","og_image":[{"width":1000,"height":1000,"url":"https:\/\/static.purejewels.com\/wp-content\/uploads\/2025\/08\/SKU-51956.jpg","type":"image\/jpeg"}],"twitter_card":"summary_large_image","twitter_misc":{"Tahmini okuma s\u00fcresi":"2 dakika"},"schema":{"@context":"https:\/\/schema.org","@graph":[{"@type":["WebPage","ItemPage"],"@id":"https:\/\/www.purejewels.com\/product\/18k-yellow-gold-diamond-mangalsutra-18-inches-51956\/","url":"https:\/\/www.purejewels.com\/product\/18k-yellow-gold-diamond-mangalsutra-18-inches-51956\/","name":"Do\u011fal P\u0131rlantal\u0131 18 Ayar Alt\u0131n Mangalsutra | PureJewels London","isPartOf":{"@id":"https:\/\/www.purejewels.com\/#website"},"primaryImageOfPage":{"@id":"https:\/\/www.purejewels.com\/product\/18k-yellow-gold-diamond-mangalsutra-18-inches-51956\/#primaryimage"},"image":{"@id":"https:\/\/www.purejewels.com\/product\/18k-yellow-gold-diamond-mangalsutra-18-inches-51956\/#primaryimage"},"thumbnailUrl":"https:\/\/static.purejewels.com\/wp-content\/uploads\/2025\/08\/SKU-51956.jpg","datePublished":"2025-11-18T09:02:05+00:00","dateModified":"2026-03-04T11:26:03+00:00","description":"Miras\u0131 zarafetle kutlay\u0131n. Bu 18 Ayar Sar\u0131 Alt\u0131n Mangalsutra, 18 in\u00e7 zincir \u00fczerinde 0,16 ons do\u011fal elmasa sahiptir. Zamans\u0131z bir PureJewels tasar\u0131m\u0131.","breadcrumb":{"@id":"https:\/\/www.purejewels.com\/product\/18k-yellow-gold-diamond-mangalsutra-18-inches-51956\/#breadcrumb"},"inLanguage":"tr","potentialAction":[{"@type":"ReadAction","target":["https:\/\/www.purejewels.com\/product\/18k-yellow-gold-diamond-mangalsutra-18-inches-51956\/"]}]},{"@type":"ImageObject","inLanguage":"tr","@id":"https:\/\/www.purejewels.com\/product\/18k-yellow-gold-diamond-mangalsutra-18-inches-51956\/#primaryimage","url":"https:\/\/static.purejewels.com\/wp-content\/uploads\/2025\/08\/SKU-51956.jpg","contentUrl":"https:\/\/static.purejewels.com\/wp-content\/uploads\/2025\/08\/SKU-51956.jpg","width":1000,"height":1000,"caption":"Stacked from 6 images. Method=B (R=8,S=4)"},{"@type":"BreadcrumbList","@id":"https:\/\/www.purejewels.com\/product\/18k-yellow-gold-diamond-mangalsutra-18-inches-51956\/#breadcrumb","itemListElement":[{"@type":"ListItem","position":1,"name":"Home","item":"https:\/\/www.purejewels.com\/"},{"@type":"ListItem","position":2,"name":"Shop","item":"https:\/\/www.purejewels.com\/shop\/"},{"@type":"ListItem","position":3,"name":"18k Yellow Gold Diamond Mangalsutra"}]},{"@type":"WebSite","@id":"https:\/\/www.purejewels.com\/#website","url":"https:\/\/www.purejewels.com\/","name":"PureJewels \u0130ngiltere","description":"Sevgiyi Payla\u015f\u0131n","publisher":{"@id":"https:\/\/www.purejewels.com\/#organization"},"potentialAction":[{"@type":"SearchAction","target":{"@type":"EntryPoint","urlTemplate":"https:\/\/www.purejewels.com\/?s={search_term_string}"},"query-input":{"@type":"PropertyValueSpecification","valueRequired":true,"valueName":"search_term_string"}}],"inLanguage":"tr"},{"@type":"Organization","@id":"https:\/\/www.purejewels.com\/#organization","name":"PureJewels \u0130ngiltere","url":"https:\/\/www.purejewels.com\/","logo":{"@type":"ImageObject","inLanguage":"tr","@id":"https:\/\/www.purejewels.com\/#\/schema\/logo\/image\/","url":"https:\/\/static.purejewels.com\/wp-content\/uploads\/2020\/11\/Logo-PJ-New-1.png","contentUrl":"https:\/\/static.purejewels.com\/wp-content\/uploads\/2020\/11\/Logo-PJ-New-1.png","width":150,"height":80,"caption":"PureJewels UK"},"image":{"@id":"https:\/\/www.purejewels.com\/#\/schema\/logo\/image\/"}}]}},"_links":{"self":[{"href":"https:\/\/www.purejewels.com\/tr\/wp-json\/wp\/v2\/product\/409888","targetHints":{"allow":["GET"]}}],"collection":[{"href":"https:\/\/www.purejewels.com\/tr\/wp-json\/wp\/v2\/product"}],"about":[{"href":"https:\/\/www.purejewels.com\/tr\/wp-json\/wp\/v2\/types\/product"}],"replies":[{"embeddable":true,"href":"https:\/\/www.purejewels.com\/tr\/wp-json\/wp\/v2\/comments?post=409888"}],"version-history":[{"count":4,"href":"https:\/\/www.purejewels.com\/tr\/wp-json\/wp\/v2\/product\/409888\/revisions"}],"predecessor-version":[{"id":421361,"href":"https:\/\/www.purejewels.com\/tr\/wp-json\/wp\/v2\/product\/409888\/revisions\/421361"}],"wp:featuredmedia":[{"embeddable":true,"href":"https:\/\/www.purejewels.com\/tr\/wp-json\/wp\/v2\/media\/409899"}],"wp:attachment":[{"href":"https:\/\/www.purejewels.com\/tr\/wp-json\/wp\/v2\/media?parent=409888"}],"wp:term":[{"taxonomy":"product_brand","embeddable":true,"href":"https:\/\/www.purejewels.com\/tr\/wp-json\/wp\/v2\/product_brand?post=409888"},{"taxonomy":"product_cat","embeddable":true,"href":"https:\/\/www.purejewels.com\/tr\/wp-json\/wp\/v2\/product_cat?post=409888"},{"taxonomy":"product_tag","embeddable":true,"href":"https:\/\/www.purejewels.com\/tr\/wp-json\/wp\/v2\/product_tag?post=409888"}],"curies":[{"name":"wp","href":"https:\/\/api.w.org\/{rel}","templated":true}]}}