{"id":409951,"date":"2025-08-07T13:27:03","date_gmt":"2025-08-07T12:27:03","guid":{"rendered":"https:\/\/www.purejewels.com\/?post_type=product&#038;p=409951"},"modified":"2026-05-05T13:13:55","modified_gmt":"2026-05-05T12:13:55","slug":"purejewels-ukden-rodyum-kaplamali-cift-ton-zincirli-22-ayar-altin-kolye","status":"publish","type":"product","link":"https:\/\/www.purejewels.com\/tr\/product\/22ct-gold-necklace-with-rhodium-finish-dual-tone-chain-by-purejewels-uk\/","title":{"rendered":"22 Ayar Alt\u0131n Rodyum Kaplama Kolye"},"content":{"rendered":"<p data-start=\"293\" data-end=\"599\">Gelenek ve modern sanat\u0131n \u00e7arp\u0131c\u0131 bir kar\u0131\u015f\u0131m\u0131 olan bu <strong data-start=\"349\" data-end=\"391\">Rodyum Kaplama 22 Ayar Alt\u0131n Kolye<\/strong> \u00e7ift tonlu zarafetin zarif bir ifadesidir. Parlak 22 ayar alt\u0131ndan \u00fcretilen ve ince bir rodyum kaplamayla s\u00fcslenen par\u00e7a, alt\u0131n\u0131n s\u0131cakl\u0131\u011f\u0131n\u0131n rodyumun so\u011fuk parlakl\u0131\u011f\u0131yla bulu\u015ftu\u011fu \u0131\u015f\u0131lt\u0131l\u0131 bir kontrast\u0131 yans\u0131t\u0131yor.<\/p>\n<p data-start=\"601\" data-end=\"820\">Rodyum kaplama, dayan\u0131kl\u0131l\u0131\u011f\u0131 ve parlakl\u0131\u011f\u0131 art\u0131r\u0131rken \u00e7a\u011fda\u015f bir dokunu\u015f katar. \u0130ster tek ba\u015f\u0131na bir kolye olarak tak\u0131ls\u0131n ister uyumlu k\u00fcpelerle e\u015fle\u015ftirilsin, f\u0131rsattan g\u00fcnl\u00fck giyime zahmetsizce ge\u00e7i\u015f yapar.<\/p>\n<p data-start=\"822\" data-end=\"915\">Her kolyenin \u00fczerinde <strong data-start=\"857\" data-end=\"880\">Londra Tahlil Ofisi<\/strong>safl\u0131k ve \u00f6zg\u00fcnl\u00fck sa\u011flar.<\/p>\n<p data-start=\"917\" data-end=\"938\"><strong data-start=\"917\" data-end=\"936\">\u00d6zellikler:<\/strong><\/p>\n<ul>\n<li>Alt\u0131n Safl\u0131\u011f\u0131: 22 Ayar Alt\u0131n<\/li>\n<li>Biti\u015f: Rodyum kaplama vurgular<\/li>\n<li>Uzunluk: 16 \u0130n\u00e7<\/li>\n<li>Stil: \u00c7ift tonlu, \u00e7a\u011fda\u015f geleneksel<\/li>\n<li>Damga: Londra Tahlil Ofisi<\/li>\n<\/ul>","protected":false},"excerpt":{"rendered":"<div class=\"woocommerce-product-details__short-description\">\n<div class=\"woocommerce-product-details__short-description\">\n<table class=\"sh_desc\">\n<tbody>\n<tr>\n<td>Kolye Tipi<\/td>\n<td>K\u0131sa Kolye<\/td>\n<\/tr>\n<tr>\n<td>SKU<\/td>\n<td>46471<\/td>\n<\/tr>\n<tr>\n<td>A\u011f\u0131rl\u0131k<\/td>\n<td>5.50 Gms<\/td>\n<\/tr>\n<tr>\n<td>Uzunluk<\/td>\n<td>16 in\u00e7<\/td>\n<\/tr>\n<tr>\n<td>Metal<\/td>\n<td>22 Ayar Alt\u0131n<\/td>\n<\/tr>\n<tr>\n<td>\u00dccretler<\/td>\n<td>Teslimat ve KDV Dahil<\/td>\n<\/tr>\n<tr>\n<td>Paketleme<\/td>\n<td>Sunum Kutusu ile Birlikte Gelir<\/td>\n<\/tr>\n<tr>\n<td>Daha Fazla Bilgi<\/td>\n<td>M\u00fcsaitlik durumu ve daha fazla resim i\u00e7in bizimle canl\u0131 sohbet edin<\/td>\n<\/tr>\n<\/tbody>\n<\/table>\n<\/div>\n<\/div>","protected":false},"featured_media":409952,"comment_status":"closed","ping_status":"closed","template":"","meta":{"_eb_attr":"","_crsspst_to_jayantr4sg-hostcom":true},"product_brand":[],"product_cat":[1791,6190,1792,1229,1253,5346,1570,1778,1573,1574,5349],"product_tag":[],"class_list":{"0":"post-409951","1":"product","2":"type-product","3":"status-publish","4":"has-post-thumbnail","6":"product_cat-anniversary-gifts","7":"product_cat-easter-jewellery","8":"product_cat-festival-gifts","9":"product_cat-22ct-gold-jewellery","10":"product_cat-gold-necklaces","11":"product_cat-gold-pendant-necklace","12":"product_cat-mothers-day-gifts","13":"product_cat-short-necklaces","14":"product_cat-wedding-gifts","15":"product_cat-womens-jewellery","16":"product_cat-yellow-gold-jewellery","18":"first","19":"outofstock","20":"taxable","21":"shipping-taxable","22":"product-type-simple","23":"add-to-wishlist-before_image"},"yoast_head":"<!-- This site is optimized with the Yoast SEO plugin v27.5 - https:\/\/yoast.com\/product\/yoast-seo-wordpress\/ -->\n<title>22ct Gold Necklace with Rhodium Finish online at PureJewels UK<\/title>\n<meta name=\"description\" content=\"Discover our 22ct Gold Necklace with Rhodium Finish \u2013 a modern dual-tone design crafted in London and hallmarked for authenticity. Free Delivery\" \/>\n<meta name=\"robots\" content=\"index, follow, max-snippet:-1, max-image-preview:large, max-video-preview:-1\" \/>\n<link rel=\"canonical\" href=\"https:\/\/www.purejewels.com\/tr\/urun\/purejewels-ukden-rodyum-kaplamali-cift-ton-zincirli-22-ayar-altin-kolye\/\" \/>\n<meta property=\"og:locale\" content=\"tr_TR\" \/>\n<meta property=\"og:type\" content=\"article\" \/>\n<meta property=\"og:title\" content=\"22ct Gold Necklace with Rhodium Finish online at PureJewels UK\" \/>\n<meta property=\"og:description\" content=\"Discover our 22ct Gold Necklace with Rhodium Finish \u2013 a modern dual-tone design crafted in London and hallmarked for authenticity. Free Delivery\" \/>\n<meta property=\"og:url\" content=\"https:\/\/www.purejewels.com\/tr\/urun\/purejewels-ukden-rodyum-kaplamali-cift-ton-zincirli-22-ayar-altin-kolye\/\" \/>\n<meta property=\"og:site_name\" content=\"PureJewels UK\" \/>\n<meta property=\"article:modified_time\" content=\"2026-05-05T12:13:55+00:00\" \/>\n<meta property=\"og:image\" content=\"https:\/\/static.purejewels.com\/wp-content\/uploads\/2025\/08\/SKU-46471.jpg\" \/>\n\t<meta property=\"og:image:width\" content=\"1000\" \/>\n\t<meta property=\"og:image:height\" content=\"1000\" \/>\n\t<meta property=\"og:image:type\" content=\"image\/jpeg\" \/>\n<meta name=\"twitter:card\" content=\"summary_large_image\" \/>\n<meta name=\"twitter:label1\" content=\"Tahmini okuma s\u00fcresi\" \/>\n\t<meta name=\"twitter:data1\" content=\"1 dakika\" \/>\n<script type=\"application\/ld+json\" class=\"yoast-schema-graph\">{\"@context\":\"https:\\\/\\\/schema.org\",\"@graph\":[{\"@type\":[\"WebPage\",\"ItemPage\"],\"@id\":\"https:\\\/\\\/www.purejewels.com\\\/product\\\/22ct-gold-necklace-with-rhodium-finish-dual-tone-chain-by-purejewels-uk\\\/\",\"url\":\"https:\\\/\\\/www.purejewels.com\\\/product\\\/22ct-gold-necklace-with-rhodium-finish-dual-tone-chain-by-purejewels-uk\\\/\",\"name\":\"22ct Gold Necklace with Rhodium Finish online at PureJewels UK\",\"isPartOf\":{\"@id\":\"https:\\\/\\\/www.purejewels.com\\\/#website\"},\"primaryImageOfPage\":{\"@id\":\"https:\\\/\\\/www.purejewels.com\\\/product\\\/22ct-gold-necklace-with-rhodium-finish-dual-tone-chain-by-purejewels-uk\\\/#primaryimage\"},\"image\":{\"@id\":\"https:\\\/\\\/www.purejewels.com\\\/product\\\/22ct-gold-necklace-with-rhodium-finish-dual-tone-chain-by-purejewels-uk\\\/#primaryimage\"},\"thumbnailUrl\":\"https:\\\/\\\/static.purejewels.com\\\/wp-content\\\/uploads\\\/2025\\\/08\\\/SKU-46471.jpg\",\"datePublished\":\"2025-08-07T12:27:03+00:00\",\"dateModified\":\"2026-05-05T12:13:55+00:00\",\"description\":\"Discover our 22ct Gold Necklace with Rhodium Finish \u2013 a modern dual-tone design crafted in London and hallmarked for authenticity. Free Delivery\",\"breadcrumb\":{\"@id\":\"https:\\\/\\\/www.purejewels.com\\\/product\\\/22ct-gold-necklace-with-rhodium-finish-dual-tone-chain-by-purejewels-uk\\\/#breadcrumb\"},\"inLanguage\":\"tr\",\"potentialAction\":[{\"@type\":\"ReadAction\",\"target\":[\"https:\\\/\\\/www.purejewels.com\\\/product\\\/22ct-gold-necklace-with-rhodium-finish-dual-tone-chain-by-purejewels-uk\\\/\"]}]},{\"@type\":\"ImageObject\",\"inLanguage\":\"tr\",\"@id\":\"https:\\\/\\\/www.purejewels.com\\\/product\\\/22ct-gold-necklace-with-rhodium-finish-dual-tone-chain-by-purejewels-uk\\\/#primaryimage\",\"url\":\"https:\\\/\\\/static.purejewels.com\\\/wp-content\\\/uploads\\\/2025\\\/08\\\/SKU-46471.jpg\",\"contentUrl\":\"https:\\\/\\\/static.purejewels.com\\\/wp-content\\\/uploads\\\/2025\\\/08\\\/SKU-46471.jpg\",\"width\":1000,\"height\":1000,\"caption\":\"Stacked from 6 images. Method=B (R=8,S=4)\"},{\"@type\":\"BreadcrumbList\",\"@id\":\"https:\\\/\\\/www.purejewels.com\\\/product\\\/22ct-gold-necklace-with-rhodium-finish-dual-tone-chain-by-purejewels-uk\\\/#breadcrumb\",\"itemListElement\":[{\"@type\":\"ListItem\",\"position\":1,\"name\":\"Home\",\"item\":\"https:\\\/\\\/www.purejewels.com\\\/\"},{\"@type\":\"ListItem\",\"position\":2,\"name\":\"Shop\",\"item\":\"https:\\\/\\\/www.purejewels.com\\\/shop\\\/\"},{\"@type\":\"ListItem\",\"position\":3,\"name\":\"22ct Gold Rhodium Finish Necklace\"}]},{\"@type\":\"WebSite\",\"@id\":\"https:\\\/\\\/www.purejewels.com\\\/#website\",\"url\":\"https:\\\/\\\/www.purejewels.com\\\/\",\"name\":\"PureJewels UK\",\"description\":\"Share the Love\",\"publisher\":{\"@id\":\"https:\\\/\\\/www.purejewels.com\\\/#organization\"},\"potentialAction\":[{\"@type\":\"SearchAction\",\"target\":{\"@type\":\"EntryPoint\",\"urlTemplate\":\"https:\\\/\\\/www.purejewels.com\\\/?s={search_term_string}\"},\"query-input\":{\"@type\":\"PropertyValueSpecification\",\"valueRequired\":true,\"valueName\":\"search_term_string\"}}],\"inLanguage\":\"tr\"},{\"@type\":\"Organization\",\"@id\":\"https:\\\/\\\/www.purejewels.com\\\/#organization\",\"name\":\"PureJewels UK\",\"url\":\"https:\\\/\\\/www.purejewels.com\\\/\",\"logo\":{\"@type\":\"ImageObject\",\"inLanguage\":\"tr\",\"@id\":\"https:\\\/\\\/www.purejewels.com\\\/#\\\/schema\\\/logo\\\/image\\\/\",\"url\":\"https:\\\/\\\/static.purejewels.com\\\/wp-content\\\/uploads\\\/2020\\\/11\\\/Logo-PJ-New-1.png\",\"contentUrl\":\"https:\\\/\\\/static.purejewels.com\\\/wp-content\\\/uploads\\\/2020\\\/11\\\/Logo-PJ-New-1.png\",\"width\":150,\"height\":80,\"caption\":\"PureJewels UK\"},\"image\":{\"@id\":\"https:\\\/\\\/www.purejewels.com\\\/#\\\/schema\\\/logo\\\/image\\\/\"}}]}<\/script>\n<!-- \/ Yoast SEO plugin. -->","yoast_head_json":{"title":"Rodyum Kaplama 22 Ayar Alt\u0131n Kolye PureJewels UK'de online","description":"Rodyum Kaplama 22 Ayar Alt\u0131n Kolyemizi ke\u015ffedin - Londra'da haz\u0131rlanm\u0131\u015f ve orijinalli\u011fi damgalanm\u0131\u015f modern \u00e7ift tonlu bir tasar\u0131m. \u00dccretsiz Teslimat","robots":{"index":"index","follow":"follow","max-snippet":"max-snippet:-1","max-image-preview":"max-image-preview:large","max-video-preview":"max-video-preview:-1"},"canonical":"https:\/\/www.purejewels.com\/tr\/urun\/purejewels-ukden-rodyum-kaplamali-cift-ton-zincirli-22-ayar-altin-kolye\/","og_locale":"tr_TR","og_type":"article","og_title":"22ct Gold Necklace with Rhodium Finish online at PureJewels UK","og_description":"Discover our 22ct Gold Necklace with Rhodium Finish \u2013 a modern dual-tone design crafted in London and hallmarked for authenticity. Free Delivery","og_url":"https:\/\/www.purejewels.com\/tr\/urun\/purejewels-ukden-rodyum-kaplamali-cift-ton-zincirli-22-ayar-altin-kolye\/","og_site_name":"PureJewels UK","article_modified_time":"2026-05-05T12:13:55+00:00","og_image":[{"width":1000,"height":1000,"url":"https:\/\/static.purejewels.com\/wp-content\/uploads\/2025\/08\/SKU-46471.jpg","type":"image\/jpeg"}],"twitter_card":"summary_large_image","twitter_misc":{"Tahmini okuma s\u00fcresi":"1 dakika"},"schema":{"@context":"https:\/\/schema.org","@graph":[{"@type":["WebPage","ItemPage"],"@id":"https:\/\/www.purejewels.com\/product\/22ct-gold-necklace-with-rhodium-finish-dual-tone-chain-by-purejewels-uk\/","url":"https:\/\/www.purejewels.com\/product\/22ct-gold-necklace-with-rhodium-finish-dual-tone-chain-by-purejewels-uk\/","name":"Rodyum Kaplama 22 Ayar Alt\u0131n Kolye PureJewels UK'de online","isPartOf":{"@id":"https:\/\/www.purejewels.com\/#website"},"primaryImageOfPage":{"@id":"https:\/\/www.purejewels.com\/product\/22ct-gold-necklace-with-rhodium-finish-dual-tone-chain-by-purejewels-uk\/#primaryimage"},"image":{"@id":"https:\/\/www.purejewels.com\/product\/22ct-gold-necklace-with-rhodium-finish-dual-tone-chain-by-purejewels-uk\/#primaryimage"},"thumbnailUrl":"https:\/\/static.purejewels.com\/wp-content\/uploads\/2025\/08\/SKU-46471.jpg","datePublished":"2025-08-07T12:27:03+00:00","dateModified":"2026-05-05T12:13:55+00:00","description":"Rodyum Kaplama 22 Ayar Alt\u0131n Kolyemizi ke\u015ffedin - Londra'da haz\u0131rlanm\u0131\u015f ve orijinalli\u011fi damgalanm\u0131\u015f modern \u00e7ift tonlu bir tasar\u0131m. \u00dccretsiz Teslimat","breadcrumb":{"@id":"https:\/\/www.purejewels.com\/product\/22ct-gold-necklace-with-rhodium-finish-dual-tone-chain-by-purejewels-uk\/#breadcrumb"},"inLanguage":"tr","potentialAction":[{"@type":"ReadAction","target":["https:\/\/www.purejewels.com\/product\/22ct-gold-necklace-with-rhodium-finish-dual-tone-chain-by-purejewels-uk\/"]}]},{"@type":"ImageObject","inLanguage":"tr","@id":"https:\/\/www.purejewels.com\/product\/22ct-gold-necklace-with-rhodium-finish-dual-tone-chain-by-purejewels-uk\/#primaryimage","url":"https:\/\/static.purejewels.com\/wp-content\/uploads\/2025\/08\/SKU-46471.jpg","contentUrl":"https:\/\/static.purejewels.com\/wp-content\/uploads\/2025\/08\/SKU-46471.jpg","width":1000,"height":1000,"caption":"Stacked from 6 images. Method=B (R=8,S=4)"},{"@type":"BreadcrumbList","@id":"https:\/\/www.purejewels.com\/product\/22ct-gold-necklace-with-rhodium-finish-dual-tone-chain-by-purejewels-uk\/#breadcrumb","itemListElement":[{"@type":"ListItem","position":1,"name":"Home","item":"https:\/\/www.purejewels.com\/"},{"@type":"ListItem","position":2,"name":"Shop","item":"https:\/\/www.purejewels.com\/shop\/"},{"@type":"ListItem","position":3,"name":"22ct Gold Rhodium Finish Necklace"}]},{"@type":"WebSite","@id":"https:\/\/www.purejewels.com\/#website","url":"https:\/\/www.purejewels.com\/","name":"PureJewels \u0130ngiltere","description":"Sevgiyi Payla\u015f\u0131n","publisher":{"@id":"https:\/\/www.purejewels.com\/#organization"},"potentialAction":[{"@type":"SearchAction","target":{"@type":"EntryPoint","urlTemplate":"https:\/\/www.purejewels.com\/?s={search_term_string}"},"query-input":{"@type":"PropertyValueSpecification","valueRequired":true,"valueName":"search_term_string"}}],"inLanguage":"tr"},{"@type":"Organization","@id":"https:\/\/www.purejewels.com\/#organization","name":"PureJewels \u0130ngiltere","url":"https:\/\/www.purejewels.com\/","logo":{"@type":"ImageObject","inLanguage":"tr","@id":"https:\/\/www.purejewels.com\/#\/schema\/logo\/image\/","url":"https:\/\/static.purejewels.com\/wp-content\/uploads\/2020\/11\/Logo-PJ-New-1.png","contentUrl":"https:\/\/static.purejewels.com\/wp-content\/uploads\/2020\/11\/Logo-PJ-New-1.png","width":150,"height":80,"caption":"PureJewels UK"},"image":{"@id":"https:\/\/www.purejewels.com\/#\/schema\/logo\/image\/"}}]}},"_links":{"self":[{"href":"https:\/\/www.purejewels.com\/tr\/wp-json\/wp\/v2\/product\/409951","targetHints":{"allow":["GET"]}}],"collection":[{"href":"https:\/\/www.purejewels.com\/tr\/wp-json\/wp\/v2\/product"}],"about":[{"href":"https:\/\/www.purejewels.com\/tr\/wp-json\/wp\/v2\/types\/product"}],"replies":[{"embeddable":true,"href":"https:\/\/www.purejewels.com\/tr\/wp-json\/wp\/v2\/comments?post=409951"}],"version-history":[{"count":3,"href":"https:\/\/www.purejewels.com\/tr\/wp-json\/wp\/v2\/product\/409951\/revisions"}],"predecessor-version":[{"id":410966,"href":"https:\/\/www.purejewels.com\/tr\/wp-json\/wp\/v2\/product\/409951\/revisions\/410966"}],"wp:featuredmedia":[{"embeddable":true,"href":"https:\/\/www.purejewels.com\/tr\/wp-json\/wp\/v2\/media\/409952"}],"wp:attachment":[{"href":"https:\/\/www.purejewels.com\/tr\/wp-json\/wp\/v2\/media?parent=409951"}],"wp:term":[{"taxonomy":"product_brand","embeddable":true,"href":"https:\/\/www.purejewels.com\/tr\/wp-json\/wp\/v2\/product_brand?post=409951"},{"taxonomy":"product_cat","embeddable":true,"href":"https:\/\/www.purejewels.com\/tr\/wp-json\/wp\/v2\/product_cat?post=409951"},{"taxonomy":"product_tag","embeddable":true,"href":"https:\/\/www.purejewels.com\/tr\/wp-json\/wp\/v2\/product_tag?post=409951"}],"curies":[{"name":"wp","href":"https:\/\/api.w.org\/{rel}","templated":true}]}}