{"id":409969,"date":"2025-07-07T14:05:52","date_gmt":"2025-07-07T13:05:52","guid":{"rendered":"https:\/\/www.purejewels.com\/?post_type=product&#038;p=409969"},"modified":"2026-05-08T12:08:59","modified_gmt":"2026-05-08T11:08:59","slug":"22-ayar-altin-boncuklu-mala-kolye-24-geleneksel-boncuklu-zincir","status":"publish","type":"product","link":"https:\/\/www.purejewels.com\/tr\/product\/22ct-gold-bead-mala-necklace-24-traditional-beaded-chain\/","title":{"rendered":"22 Ayar Alt\u0131n Geleneksel Boncuklu Kolye - 24\u2033"},"content":{"rendered":"<p data-start=\"297\" data-end=\"611\">Sayg\u0131 ve hassasiyetle haz\u0131rlanm\u0131\u015f olan <strong data-start=\"339\" data-end=\"371\">22 Ayar Alt\u0131n Boncuklu Mala Kolye<\/strong> k\u00fclt\u00fcrel mirasa ve zamans\u0131z tasar\u0131ma parlak bir \u00f6vg\u00fcd\u00fcr. Titizlikle elde parlat\u0131lm\u0131\u015f alt\u0131n boncuklardan olu\u015fan bu 24 in\u00e7lik zincir, geleneksel tak\u0131lar\u0131n sembolizmini yans\u0131t\u0131yor. <em data-start=\"536\" data-end=\"542\">mala<\/em> Tak\u0131lar - ba\u011fl\u0131l\u0131k, kutlama ve ki\u015fisel ifade i\u00e7in tak\u0131l\u0131r.<\/p>\n<p data-start=\"613\" data-end=\"837\">\u0130\u00e7inde \u00fcretilmi\u015ftir <strong data-start=\"621\" data-end=\"643\">saf 22 ayar alt\u0131n<\/strong>Kolye, zarif bir ak\u0131\u015fkanl\u0131\u011fa sahiptir ve hem katmanlar halinde hem de tek ba\u015f\u0131na kullan\u0131lmaya uygundur. Klasik formu, zanaatkar i\u015f\u00e7ili\u011fi ve p\u00fcr\u00fczs\u00fcz, y\u00fcksek parlakl\u0131\u011fa sahip y\u00fczeyiyle \u00f6ne \u00e7\u0131kar.<\/p>\n<p data-start=\"839\" data-end=\"929\">Her bir par\u00e7a <strong data-start=\"853\" data-end=\"894\">Londra Tahlil Ofisi taraf\u0131ndan damgalanm\u0131\u015ft\u0131r<\/strong>safl\u0131k ve \u00f6zg\u00fcnl\u00fck sa\u011flar.<\/p>\n<p data-start=\"931\" data-end=\"952\"><strong data-start=\"931\" data-end=\"950\">\u00d6zellikler:<\/strong><\/p>\n<ul>\n<li>Alt\u0131n Safl\u0131\u011f\u0131: 22ct<\/li>\n<li>Uzunluk: 24 in\u00e7<\/li>\n<li>Stil: Geleneksel boncuk mala<\/li>\n<li>Biti\u015f: Cilal\u0131 yuvarlak boncuklar<\/li>\n<li>Damga: Londra Tahlil Ofisi<\/li>\n<\/ul>","protected":false},"excerpt":{"rendered":"<p>I\u015f\u0131lt\u0131l\u0131 bir g\u00f6r\u00fcn\u00fcm i\u00e7in elle parlat\u0131lm\u0131\u015f alt\u0131n boncuklara sahip, 19,50 g a\u011f\u0131rl\u0131\u011f\u0131nda, zarif 22 ayar alt\u0131n Mala kolye. Ayarlanabilir 24 in\u00e7 uzunluk m\u00fckemmel bir uyum sa\u011flar. 91,6% safl\u0131kta geleneksel sar\u0131 alt\u0131ndan \u00fcretilmi\u015ftir - \u00f6zel g\u00fcnler ve kal\u0131c\u0131 g\u00fcnl\u00fck \u015f\u0131kl\u0131k i\u00e7in idealdir.<\/p>\n<p><strong>Kolye Tipi:<\/strong> Mala Kolye<br \/>\n<strong>SKU:<\/strong> 51349<br \/>\n<strong>A\u011f\u0131rl\u0131k:<\/strong> 19.50 Gms<br \/>\n<strong>Uzunluk:<\/strong> 24 in\u00e7 (Ayarlanabilir)<br \/>\n<strong>Metal:<\/strong> 22 Ayar Alt\u0131n<br \/>\n<strong>Safl\u0131k:<\/strong> 91.6% saf alt\u0131n<br \/>\n<strong>Bitir:<\/strong> El cilal\u0131 alt\u0131n boncuklar<br \/>\n<strong>Uygunluk:<\/strong> \u00d6zel G\u00fcnler<br \/>\n<strong>Renk:<\/strong> Geleneksel sar\u0131 alt\u0131n rengi ve g\u00fcnl\u00fck kullan\u0131mda solmaz veya rengi solmaz<\/p>\n<p><strong>Fiyat ve Teslimat:<\/strong> KDV ve teslimat \u00fccretleri dahil<br \/>\n<a href=\"https:\/\/www.purejewels.com\/tr\/i%cc%87ade-poli%cc%87ti%cc%87kasi\/\">\u0130ade Politikas\u0131<\/a><\/p>","protected":false},"featured_media":409970,"comment_status":"closed","ping_status":"closed","template":"","meta":{"_eb_attr":"","_crsspst_to_jayantr4sg-hostcom":true},"product_brand":[],"product_cat":[1791,1792,1229,1253,1779,1570,1573,1574,5349],"product_tag":[],"class_list":{"0":"post-409969","1":"product","2":"type-product","3":"status-publish","4":"has-post-thumbnail","6":"product_cat-anniversary-gifts","7":"product_cat-festival-gifts","8":"product_cat-22ct-gold-jewellery","9":"product_cat-gold-necklaces","10":"product_cat-mala-style-necklaces","11":"product_cat-mothers-day-gifts","12":"product_cat-wedding-gifts","13":"product_cat-womens-jewellery","14":"product_cat-yellow-gold-jewellery","16":"first","17":"outofstock","18":"taxable","19":"shipping-taxable","20":"product-type-simple","21":"add-to-wishlist-before_image"},"yoast_head":"<!-- This site is optimized with the Yoast SEO plugin v27.5 - https:\/\/yoast.com\/product\/yoast-seo-wordpress\/ -->\n<title>22ct Bead Mala Necklace \u2013Traditional Gold Chain | PureJewels UK<\/title>\n<meta name=\"description\" content=\"Shop the 22ct Gold Bead Mala Necklace \u2013 a 24-inch traditional chain made with polished gold beads. Crafted and hallmarked in London.\" \/>\n<meta name=\"robots\" content=\"index, follow, max-snippet:-1, max-image-preview:large, max-video-preview:-1\" \/>\n<link rel=\"canonical\" href=\"https:\/\/www.purejewels.com\/tr\/urun\/22-ayar-altin-boncuklu-mala-kolye-24-geleneksel-boncuklu-zincir\/\" \/>\n<meta property=\"og:locale\" content=\"tr_TR\" \/>\n<meta property=\"og:type\" content=\"article\" \/>\n<meta property=\"og:title\" content=\"22ct Bead Mala Necklace \u2013Traditional Gold Chain | PureJewels UK\" \/>\n<meta property=\"og:description\" content=\"Shop the 22ct Gold Bead Mala Necklace \u2013 a 24-inch traditional chain made with polished gold beads. Crafted and hallmarked in London.\" \/>\n<meta property=\"og:url\" content=\"https:\/\/www.purejewels.com\/tr\/urun\/22-ayar-altin-boncuklu-mala-kolye-24-geleneksel-boncuklu-zincir\/\" \/>\n<meta property=\"og:site_name\" content=\"PureJewels UK\" \/>\n<meta property=\"article:modified_time\" content=\"2026-05-08T11:08:59+00:00\" \/>\n<meta property=\"og:image\" content=\"https:\/\/static.purejewels.com\/wp-content\/uploads\/2025\/08\/SKU-51349.jpg\" \/>\n\t<meta property=\"og:image:width\" content=\"1000\" \/>\n\t<meta property=\"og:image:height\" content=\"1000\" \/>\n\t<meta property=\"og:image:type\" content=\"image\/jpeg\" \/>\n<meta name=\"twitter:card\" content=\"summary_large_image\" \/>\n<meta name=\"twitter:label1\" content=\"Tahmini okuma s\u00fcresi\" \/>\n\t<meta name=\"twitter:data1\" content=\"1 dakika\" \/>\n<script type=\"application\/ld+json\" class=\"yoast-schema-graph\">{\"@context\":\"https:\\\/\\\/schema.org\",\"@graph\":[{\"@type\":[\"WebPage\",\"ItemPage\"],\"@id\":\"https:\\\/\\\/www.purejewels.com\\\/product\\\/22ct-gold-bead-mala-necklace-24-traditional-beaded-chain\\\/\",\"url\":\"https:\\\/\\\/www.purejewels.com\\\/product\\\/22ct-gold-bead-mala-necklace-24-traditional-beaded-chain\\\/\",\"name\":\"22ct Bead Mala Necklace \u2013Traditional Gold Chain | PureJewels UK\",\"isPartOf\":{\"@id\":\"https:\\\/\\\/www.purejewels.com\\\/#website\"},\"primaryImageOfPage\":{\"@id\":\"https:\\\/\\\/www.purejewels.com\\\/product\\\/22ct-gold-bead-mala-necklace-24-traditional-beaded-chain\\\/#primaryimage\"},\"image\":{\"@id\":\"https:\\\/\\\/www.purejewels.com\\\/product\\\/22ct-gold-bead-mala-necklace-24-traditional-beaded-chain\\\/#primaryimage\"},\"thumbnailUrl\":\"https:\\\/\\\/static.purejewels.com\\\/wp-content\\\/uploads\\\/2025\\\/08\\\/SKU-51349.jpg\",\"datePublished\":\"2025-07-07T13:05:52+00:00\",\"dateModified\":\"2026-05-08T11:08:59+00:00\",\"description\":\"Shop the 22ct Gold Bead Mala Necklace \u2013 a 24-inch traditional chain made with polished gold beads. Crafted and hallmarked in London.\",\"breadcrumb\":{\"@id\":\"https:\\\/\\\/www.purejewels.com\\\/product\\\/22ct-gold-bead-mala-necklace-24-traditional-beaded-chain\\\/#breadcrumb\"},\"inLanguage\":\"tr\",\"potentialAction\":[{\"@type\":\"ReadAction\",\"target\":[\"https:\\\/\\\/www.purejewels.com\\\/product\\\/22ct-gold-bead-mala-necklace-24-traditional-beaded-chain\\\/\"]}]},{\"@type\":\"ImageObject\",\"inLanguage\":\"tr\",\"@id\":\"https:\\\/\\\/www.purejewels.com\\\/product\\\/22ct-gold-bead-mala-necklace-24-traditional-beaded-chain\\\/#primaryimage\",\"url\":\"https:\\\/\\\/static.purejewels.com\\\/wp-content\\\/uploads\\\/2025\\\/08\\\/SKU-51349.jpg\",\"contentUrl\":\"https:\\\/\\\/static.purejewels.com\\\/wp-content\\\/uploads\\\/2025\\\/08\\\/SKU-51349.jpg\",\"width\":1000,\"height\":1000,\"caption\":\"Stacked from 6 images. Method=B (R=8,S=4)\"},{\"@type\":\"BreadcrumbList\",\"@id\":\"https:\\\/\\\/www.purejewels.com\\\/product\\\/22ct-gold-bead-mala-necklace-24-traditional-beaded-chain\\\/#breadcrumb\",\"itemListElement\":[{\"@type\":\"ListItem\",\"position\":1,\"name\":\"Home\",\"item\":\"https:\\\/\\\/www.purejewels.com\\\/\"},{\"@type\":\"ListItem\",\"position\":2,\"name\":\"Shop\",\"item\":\"https:\\\/\\\/www.purejewels.com\\\/shop\\\/\"},{\"@type\":\"ListItem\",\"position\":3,\"name\":\"22ct Gold Traditional Beaded Necklace \u2013 24&#8243;\"}]},{\"@type\":\"WebSite\",\"@id\":\"https:\\\/\\\/www.purejewels.com\\\/#website\",\"url\":\"https:\\\/\\\/www.purejewels.com\\\/\",\"name\":\"PureJewels UK\",\"description\":\"Share the Love\",\"publisher\":{\"@id\":\"https:\\\/\\\/www.purejewels.com\\\/#organization\"},\"potentialAction\":[{\"@type\":\"SearchAction\",\"target\":{\"@type\":\"EntryPoint\",\"urlTemplate\":\"https:\\\/\\\/www.purejewels.com\\\/?s={search_term_string}\"},\"query-input\":{\"@type\":\"PropertyValueSpecification\",\"valueRequired\":true,\"valueName\":\"search_term_string\"}}],\"inLanguage\":\"tr\"},{\"@type\":\"Organization\",\"@id\":\"https:\\\/\\\/www.purejewels.com\\\/#organization\",\"name\":\"PureJewels UK\",\"url\":\"https:\\\/\\\/www.purejewels.com\\\/\",\"logo\":{\"@type\":\"ImageObject\",\"inLanguage\":\"tr\",\"@id\":\"https:\\\/\\\/www.purejewels.com\\\/#\\\/schema\\\/logo\\\/image\\\/\",\"url\":\"https:\\\/\\\/static.purejewels.com\\\/wp-content\\\/uploads\\\/2020\\\/11\\\/Logo-PJ-New-1.png\",\"contentUrl\":\"https:\\\/\\\/static.purejewels.com\\\/wp-content\\\/uploads\\\/2020\\\/11\\\/Logo-PJ-New-1.png\",\"width\":150,\"height\":80,\"caption\":\"PureJewels UK\"},\"image\":{\"@id\":\"https:\\\/\\\/www.purejewels.com\\\/#\\\/schema\\\/logo\\\/image\\\/\"}}]}<\/script>\n<!-- \/ Yoast SEO plugin. -->","yoast_head_json":{"title":"22 Ayar Boncuklu Mala Kolye -Geleneksel Alt\u0131n Zincir | PureJewels UK","description":"Parlak alt\u0131n boncuklarla yap\u0131lm\u0131\u015f 24 in\u00e7lik geleneksel bir zincir olan 22 Ayar Alt\u0131n Boncuklu Mala Kolye'yi sat\u0131n al\u0131n. Londra'da \u00fcretilmi\u015f ve damgalanm\u0131\u015ft\u0131r.","robots":{"index":"index","follow":"follow","max-snippet":"max-snippet:-1","max-image-preview":"max-image-preview:large","max-video-preview":"max-video-preview:-1"},"canonical":"https:\/\/www.purejewels.com\/tr\/urun\/22-ayar-altin-boncuklu-mala-kolye-24-geleneksel-boncuklu-zincir\/","og_locale":"tr_TR","og_type":"article","og_title":"22ct Bead Mala Necklace \u2013Traditional Gold Chain | PureJewels UK","og_description":"Shop the 22ct Gold Bead Mala Necklace \u2013 a 24-inch traditional chain made with polished gold beads. Crafted and hallmarked in London.","og_url":"https:\/\/www.purejewels.com\/tr\/urun\/22-ayar-altin-boncuklu-mala-kolye-24-geleneksel-boncuklu-zincir\/","og_site_name":"PureJewels UK","article_modified_time":"2026-05-08T11:08:59+00:00","og_image":[{"width":1000,"height":1000,"url":"https:\/\/static.purejewels.com\/wp-content\/uploads\/2025\/08\/SKU-51349.jpg","type":"image\/jpeg"}],"twitter_card":"summary_large_image","twitter_misc":{"Tahmini okuma s\u00fcresi":"1 dakika"},"schema":{"@context":"https:\/\/schema.org","@graph":[{"@type":["WebPage","ItemPage"],"@id":"https:\/\/www.purejewels.com\/product\/22ct-gold-bead-mala-necklace-24-traditional-beaded-chain\/","url":"https:\/\/www.purejewels.com\/product\/22ct-gold-bead-mala-necklace-24-traditional-beaded-chain\/","name":"22 Ayar Boncuklu Mala Kolye -Geleneksel Alt\u0131n Zincir | PureJewels UK","isPartOf":{"@id":"https:\/\/www.purejewels.com\/#website"},"primaryImageOfPage":{"@id":"https:\/\/www.purejewels.com\/product\/22ct-gold-bead-mala-necklace-24-traditional-beaded-chain\/#primaryimage"},"image":{"@id":"https:\/\/www.purejewels.com\/product\/22ct-gold-bead-mala-necklace-24-traditional-beaded-chain\/#primaryimage"},"thumbnailUrl":"https:\/\/static.purejewels.com\/wp-content\/uploads\/2025\/08\/SKU-51349.jpg","datePublished":"2025-07-07T13:05:52+00:00","dateModified":"2026-05-08T11:08:59+00:00","description":"Parlak alt\u0131n boncuklarla yap\u0131lm\u0131\u015f 24 in\u00e7lik geleneksel bir zincir olan 22 Ayar Alt\u0131n Boncuklu Mala Kolye'yi sat\u0131n al\u0131n. Londra'da \u00fcretilmi\u015f ve damgalanm\u0131\u015ft\u0131r.","breadcrumb":{"@id":"https:\/\/www.purejewels.com\/product\/22ct-gold-bead-mala-necklace-24-traditional-beaded-chain\/#breadcrumb"},"inLanguage":"tr","potentialAction":[{"@type":"ReadAction","target":["https:\/\/www.purejewels.com\/product\/22ct-gold-bead-mala-necklace-24-traditional-beaded-chain\/"]}]},{"@type":"ImageObject","inLanguage":"tr","@id":"https:\/\/www.purejewels.com\/product\/22ct-gold-bead-mala-necklace-24-traditional-beaded-chain\/#primaryimage","url":"https:\/\/static.purejewels.com\/wp-content\/uploads\/2025\/08\/SKU-51349.jpg","contentUrl":"https:\/\/static.purejewels.com\/wp-content\/uploads\/2025\/08\/SKU-51349.jpg","width":1000,"height":1000,"caption":"Stacked from 6 images. Method=B (R=8,S=4)"},{"@type":"BreadcrumbList","@id":"https:\/\/www.purejewels.com\/product\/22ct-gold-bead-mala-necklace-24-traditional-beaded-chain\/#breadcrumb","itemListElement":[{"@type":"ListItem","position":1,"name":"Home","item":"https:\/\/www.purejewels.com\/"},{"@type":"ListItem","position":2,"name":"Shop","item":"https:\/\/www.purejewels.com\/shop\/"},{"@type":"ListItem","position":3,"name":"22ct Gold Traditional Beaded Necklace \u2013 24&#8243;"}]},{"@type":"WebSite","@id":"https:\/\/www.purejewels.com\/#website","url":"https:\/\/www.purejewels.com\/","name":"PureJewels \u0130ngiltere","description":"Sevgiyi Payla\u015f\u0131n","publisher":{"@id":"https:\/\/www.purejewels.com\/#organization"},"potentialAction":[{"@type":"SearchAction","target":{"@type":"EntryPoint","urlTemplate":"https:\/\/www.purejewels.com\/?s={search_term_string}"},"query-input":{"@type":"PropertyValueSpecification","valueRequired":true,"valueName":"search_term_string"}}],"inLanguage":"tr"},{"@type":"Organization","@id":"https:\/\/www.purejewels.com\/#organization","name":"PureJewels \u0130ngiltere","url":"https:\/\/www.purejewels.com\/","logo":{"@type":"ImageObject","inLanguage":"tr","@id":"https:\/\/www.purejewels.com\/#\/schema\/logo\/image\/","url":"https:\/\/static.purejewels.com\/wp-content\/uploads\/2020\/11\/Logo-PJ-New-1.png","contentUrl":"https:\/\/static.purejewels.com\/wp-content\/uploads\/2020\/11\/Logo-PJ-New-1.png","width":150,"height":80,"caption":"PureJewels UK"},"image":{"@id":"https:\/\/www.purejewels.com\/#\/schema\/logo\/image\/"}}]}},"_links":{"self":[{"href":"https:\/\/www.purejewels.com\/tr\/wp-json\/wp\/v2\/product\/409969","targetHints":{"allow":["GET"]}}],"collection":[{"href":"https:\/\/www.purejewels.com\/tr\/wp-json\/wp\/v2\/product"}],"about":[{"href":"https:\/\/www.purejewels.com\/tr\/wp-json\/wp\/v2\/types\/product"}],"replies":[{"embeddable":true,"href":"https:\/\/www.purejewels.com\/tr\/wp-json\/wp\/v2\/comments?post=409969"}],"version-history":[{"count":4,"href":"https:\/\/www.purejewels.com\/tr\/wp-json\/wp\/v2\/product\/409969\/revisions"}],"predecessor-version":[{"id":410960,"href":"https:\/\/www.purejewels.com\/tr\/wp-json\/wp\/v2\/product\/409969\/revisions\/410960"}],"wp:featuredmedia":[{"embeddable":true,"href":"https:\/\/www.purejewels.com\/tr\/wp-json\/wp\/v2\/media\/409970"}],"wp:attachment":[{"href":"https:\/\/www.purejewels.com\/tr\/wp-json\/wp\/v2\/media?parent=409969"}],"wp:term":[{"taxonomy":"product_brand","embeddable":true,"href":"https:\/\/www.purejewels.com\/tr\/wp-json\/wp\/v2\/product_brand?post=409969"},{"taxonomy":"product_cat","embeddable":true,"href":"https:\/\/www.purejewels.com\/tr\/wp-json\/wp\/v2\/product_cat?post=409969"},{"taxonomy":"product_tag","embeddable":true,"href":"https:\/\/www.purejewels.com\/tr\/wp-json\/wp\/v2\/product_tag?post=409969"}],"curies":[{"name":"wp","href":"https:\/\/api.w.org\/{rel}","templated":true}]}}