{"id":410108,"date":"2025-07-08T04:48:46","date_gmt":"2025-07-08T03:48:46","guid":{"rendered":"https:\/\/www.purejewels.com\/?post_type=product&#038;p=410108"},"modified":"2026-01-30T13:27:08","modified_gmt":"2026-01-30T13:27:08","slug":"dhwani-harmony-ses-top-damla-kupe-45874","status":"publish","type":"product","link":"https:\/\/www.purejewels.com\/tr\/product\/dhwani-harmony-sound-ball-drop-earrings-45874\/","title":{"rendered":"Dhwani Harmony Ses Topu Damla K\u00fcpe"},"content":{"rendered":"<p data-start=\"219\" data-end=\"509\">PureJewels'in Dhwani Koleksiyonu'ndan bir s\u00fcsleme oldu\u011fu kadar bir deneyim de olan bir par\u00e7a geliyor. Bu <strong data-start=\"325\" data-end=\"368\">Dhwani Harmony Ses Topu Damla K\u00fcpe<\/strong> sesin sessiz g\u00fcc\u00fcnden - tek bir titre\u015fimin uzayda seyahat etme, zihni sakinle\u015ftirme ve denge hissi verme \u015feklinden - ilham al\u0131yor.<\/p>\n<p data-start=\"511\" data-end=\"997\">Zengin malzemeden titizlikle el yap\u0131m\u0131 <strong data-start=\"544\" data-end=\"565\">22 Ayar G\u00fcndo\u011fumu Alt\u0131n<\/strong>Bu k\u00fcpeler, geleneksel Hint jali desenlerini an\u0131msatan ve her \u015feyin birbirine ba\u011fl\u0131 oldu\u011funu simgeleyen kafes \u015feklindeki bir saplamayla ba\u015fl\u0131yor. Bundan sarkan ince alt\u0131n zincir, takan ki\u015fiyle birlikte ak\u0131c\u0131 bir \u015fekilde hareket etmesi i\u00e7in hassas bir \u015fekilde ba\u011flanm\u0131\u015ft\u0131r. Zincir boyunca, gran\u00fcl detayl\u0131 yontulmu\u015f bir orta boncuk, g\u00f6z\u00fc par\u00e7an\u0131n odak noktas\u0131 olan ses topuna y\u00f6nlendirmeden \u00f6nce, bir melodideki sabit ritim gibi ritmik bir duraklamaya i\u015faret ediyor.<\/p>\n<p data-start=\"511\" data-end=\"997\">\u0130ster ki\u015fisel temelin bir ifadesi olarak tak\u0131ls\u0131n, ister anlaml\u0131 bir hediye olarak verilsin <strong data-start=\"1921\" data-end=\"1964\">Dhwani Harmony Ses Topu Damla K\u00fcpe<\/strong> g\u00fczellik, ses ve duygunun m\u00fckemmel bir ritimle bulu\u015ftu\u011fu duyusal m\u00fccevherlerin bir kutlamas\u0131d\u0131r.<\/p>","protected":false},"excerpt":{"rendered":"<p>Sesin titre\u015fimlerinden ilham alan bu el yap\u0131m\u0131 22 Ayar Alt\u0131n Dhwani K\u00fcpeler narin zincirlere, dokulu boncuklara ve yumu\u015fak bir \u00e7an sesi yayan merkezi bir ses topuna sahiptir. Huzur, \u015fifa ve uyum getirmek i\u00e7in tasarlanan bu k\u00fcpeler, her zarif hareketinizde size e\u015flik eder.<\/p>\n<p><strong>Malzeme:<\/strong> 22 Ayar G\u00fcndo\u011fumu Alt\u0131n<br \/>\n<strong>Safl\u0131k:<\/strong> 91.6% saf<br \/>\n<strong>Uzunluk:<\/strong> 2 in\u00e7<br \/>\n<strong>Hallmark:<\/strong>\u00a0\u0130ngiliz Damgas\u0131<br \/>\n<strong>SKU:<\/strong> 45874<br \/>\n<strong>Br\u00fct A\u011f\u0131rl\u0131k:<\/strong> 5.80 Gms<\/p>\n<p><strong>Fiyat ve Teslimat:<\/strong>\u00a0KDV ve teslimat \u00fccretleri dahil<br \/>\n<a href=\"https:\/\/www.purejewels.com\/tr\/i%cc%87ade-poli%cc%87ti%cc%87kasi\/\"><strong>\u0130ade Politikas\u0131<\/strong><\/a><\/p>","protected":false},"featured_media":410111,"comment_status":"closed","ping_status":"closed","template":"","meta":{"_eb_attr":"","_crsspst_to_jayantr4sg-hostcom":false},"product_brand":[],"product_cat":[1559,236,5633,6182,1793,1685,1792,1790,1254,1229,5347,1570,5353,1575,1569,1574,5349],"product_tag":[],"class_list":{"0":"post-410108","1":"product","2":"type-product","3":"status-publish","4":"has-post-thumbnail","6":"product_cat-birthday-gifts","7":"product_cat-collections","8":"product_cat-dhwani-collection","9":"product_cat-dhwani-earring","10":"product_cat-diwali-gifts","11":"product_cat-drop-earrings","12":"product_cat-festival-gifts","13":"product_cat-for-whom-when","14":"product_cat-gold-earrings","15":"product_cat-22ct-gold-jewellery","16":"product_cat-shop-by-metal","17":"product_cat-mothers-day-gifts","18":"product_cat-shop-by","19":"product_cat-teenage-jewellery","20":"product_cat-valentine-day-gifts","21":"product_cat-womens-jewellery","22":"product_cat-yellow-gold-jewellery","24":"first","25":"instock","26":"taxable","27":"shipping-taxable","28":"purchasable","29":"product-type-simple","30":"add-to-wishlist-before_image"},"yoast_head":"<!-- This site is optimized with the Yoast SEO plugin v27.6 - https:\/\/yoast.com\/product\/yoast-seo-wordpress\/ -->\n<title>Dhwani Sound Ball Drop Earrings | 22ct Gold by PureJewels<\/title>\n<meta name=\"description\" content=\"Shop the Dhwani Harmony Sound Ball Drop Earrings from PureJewels\u2019 Dhwani Collection. Handcrafted in 22ct gold. Free delivery across UK.\" \/>\n<meta name=\"robots\" content=\"index, follow, max-snippet:-1, max-image-preview:large, max-video-preview:-1\" \/>\n<link rel=\"canonical\" href=\"https:\/\/www.purejewels.com\/tr\/urun\/dhwani-harmony-ses-top-damla-kupe-45874\/\" \/>\n<meta property=\"og:locale\" content=\"tr_TR\" \/>\n<meta property=\"og:type\" content=\"article\" \/>\n<meta property=\"og:title\" content=\"Dhwani Sound Ball Drop Earrings | 22ct Gold by PureJewels\" \/>\n<meta property=\"og:description\" content=\"Shop the Dhwani Harmony Sound Ball Drop Earrings from PureJewels\u2019 Dhwani Collection. Handcrafted in 22ct gold. Free delivery across UK.\" \/>\n<meta property=\"og:url\" content=\"https:\/\/www.purejewels.com\/tr\/urun\/dhwani-harmony-ses-top-damla-kupe-45874\/\" \/>\n<meta property=\"og:site_name\" content=\"PureJewels UK\" \/>\n<meta property=\"article:modified_time\" content=\"2026-01-30T13:27:08+00:00\" \/>\n<meta property=\"og:image\" content=\"https:\/\/static.purejewels.com\/wp-content\/uploads\/2025\/08\/SKU-45874.jpg\" \/>\n\t<meta property=\"og:image:width\" content=\"1000\" \/>\n\t<meta property=\"og:image:height\" content=\"1000\" \/>\n\t<meta property=\"og:image:type\" content=\"image\/jpeg\" \/>\n<meta name=\"twitter:card\" content=\"summary_large_image\" \/>\n<meta name=\"twitter:label1\" content=\"Tahmini okuma s\u00fcresi\" \/>\n\t<meta name=\"twitter:data1\" content=\"1 dakika\" \/>\n<script type=\"application\/ld+json\" class=\"yoast-schema-graph\">{\"@context\":\"https:\\\/\\\/schema.org\",\"@graph\":[{\"@type\":[\"WebPage\",\"ItemPage\"],\"@id\":\"https:\\\/\\\/www.purejewels.com\\\/product\\\/dhwani-harmony-sound-ball-drop-earrings-45874\\\/\",\"url\":\"https:\\\/\\\/www.purejewels.com\\\/product\\\/dhwani-harmony-sound-ball-drop-earrings-45874\\\/\",\"name\":\"Dhwani Sound Ball Drop Earrings | 22ct Gold by PureJewels\",\"isPartOf\":{\"@id\":\"https:\\\/\\\/www.purejewels.com\\\/#website\"},\"primaryImageOfPage\":{\"@id\":\"https:\\\/\\\/www.purejewels.com\\\/product\\\/dhwani-harmony-sound-ball-drop-earrings-45874\\\/#primaryimage\"},\"image\":{\"@id\":\"https:\\\/\\\/www.purejewels.com\\\/product\\\/dhwani-harmony-sound-ball-drop-earrings-45874\\\/#primaryimage\"},\"thumbnailUrl\":\"https:\\\/\\\/static.purejewels.com\\\/wp-content\\\/uploads\\\/2025\\\/08\\\/SKU-45874.jpg\",\"datePublished\":\"2025-07-08T03:48:46+00:00\",\"dateModified\":\"2026-01-30T13:27:08+00:00\",\"description\":\"Shop the Dhwani Harmony Sound Ball Drop Earrings from PureJewels\u2019 Dhwani Collection. Handcrafted in 22ct gold. Free delivery across UK.\",\"breadcrumb\":{\"@id\":\"https:\\\/\\\/www.purejewels.com\\\/product\\\/dhwani-harmony-sound-ball-drop-earrings-45874\\\/#breadcrumb\"},\"inLanguage\":\"tr\",\"potentialAction\":[{\"@type\":\"ReadAction\",\"target\":[\"https:\\\/\\\/www.purejewels.com\\\/product\\\/dhwani-harmony-sound-ball-drop-earrings-45874\\\/\"]}]},{\"@type\":\"ImageObject\",\"inLanguage\":\"tr\",\"@id\":\"https:\\\/\\\/www.purejewels.com\\\/product\\\/dhwani-harmony-sound-ball-drop-earrings-45874\\\/#primaryimage\",\"url\":\"https:\\\/\\\/static.purejewels.com\\\/wp-content\\\/uploads\\\/2025\\\/08\\\/SKU-45874.jpg\",\"contentUrl\":\"https:\\\/\\\/static.purejewels.com\\\/wp-content\\\/uploads\\\/2025\\\/08\\\/SKU-45874.jpg\",\"width\":1000,\"height\":1000,\"caption\":\"Dhwani Harmony Sound Ball Drop Earrings\"},{\"@type\":\"BreadcrumbList\",\"@id\":\"https:\\\/\\\/www.purejewels.com\\\/product\\\/dhwani-harmony-sound-ball-drop-earrings-45874\\\/#breadcrumb\",\"itemListElement\":[{\"@type\":\"ListItem\",\"position\":1,\"name\":\"Home\",\"item\":\"https:\\\/\\\/www.purejewels.com\\\/\"},{\"@type\":\"ListItem\",\"position\":2,\"name\":\"Shop\",\"item\":\"https:\\\/\\\/www.purejewels.com\\\/shop\\\/\"},{\"@type\":\"ListItem\",\"position\":3,\"name\":\"Dhwani Harmony Sound Ball Drop Earrings\"}]},{\"@type\":\"WebSite\",\"@id\":\"https:\\\/\\\/www.purejewels.com\\\/#website\",\"url\":\"https:\\\/\\\/www.purejewels.com\\\/\",\"name\":\"PureJewels UK\",\"description\":\"Share the Love\",\"publisher\":{\"@id\":\"https:\\\/\\\/www.purejewels.com\\\/#organization\"},\"potentialAction\":[{\"@type\":\"SearchAction\",\"target\":{\"@type\":\"EntryPoint\",\"urlTemplate\":\"https:\\\/\\\/www.purejewels.com\\\/?s={search_term_string}\"},\"query-input\":{\"@type\":\"PropertyValueSpecification\",\"valueRequired\":true,\"valueName\":\"search_term_string\"}}],\"inLanguage\":\"tr\"},{\"@type\":\"Organization\",\"@id\":\"https:\\\/\\\/www.purejewels.com\\\/#organization\",\"name\":\"PureJewels UK\",\"url\":\"https:\\\/\\\/www.purejewels.com\\\/\",\"logo\":{\"@type\":\"ImageObject\",\"inLanguage\":\"tr\",\"@id\":\"https:\\\/\\\/www.purejewels.com\\\/#\\\/schema\\\/logo\\\/image\\\/\",\"url\":\"https:\\\/\\\/static.purejewels.com\\\/wp-content\\\/uploads\\\/2020\\\/11\\\/Logo-PJ-New-1.png\",\"contentUrl\":\"https:\\\/\\\/static.purejewels.com\\\/wp-content\\\/uploads\\\/2020\\\/11\\\/Logo-PJ-New-1.png\",\"width\":150,\"height\":80,\"caption\":\"PureJewels UK\"},\"image\":{\"@id\":\"https:\\\/\\\/www.purejewels.com\\\/#\\\/schema\\\/logo\\\/image\\\/\"}}]}<\/script>\n<!-- \/ Yoast SEO plugin. -->","yoast_head_json":{"title":"Dhwani Ses Topu Damla K\u00fcpe | PureJewels taraf\u0131ndan 22 Ayar Alt\u0131n","description":"PureJewels'in Dhwani Koleksiyonu'ndan Dhwani Harmony Sound Top Damla K\u00fcpeleri sat\u0131n al\u0131n. 22 ayar alt\u0131ndan el yap\u0131m\u0131. \u0130ngiltere genelinde \u00fccretsiz teslimat.","robots":{"index":"index","follow":"follow","max-snippet":"max-snippet:-1","max-image-preview":"max-image-preview:large","max-video-preview":"max-video-preview:-1"},"canonical":"https:\/\/www.purejewels.com\/tr\/urun\/dhwani-harmony-ses-top-damla-kupe-45874\/","og_locale":"tr_TR","og_type":"article","og_title":"Dhwani Sound Ball Drop Earrings | 22ct Gold by PureJewels","og_description":"Shop the Dhwani Harmony Sound Ball Drop Earrings from PureJewels\u2019 Dhwani Collection. Handcrafted in 22ct gold. Free delivery across UK.","og_url":"https:\/\/www.purejewels.com\/tr\/urun\/dhwani-harmony-ses-top-damla-kupe-45874\/","og_site_name":"PureJewels UK","article_modified_time":"2026-01-30T13:27:08+00:00","og_image":[{"width":1000,"height":1000,"url":"https:\/\/static.purejewels.com\/wp-content\/uploads\/2025\/08\/SKU-45874.jpg","type":"image\/jpeg"}],"twitter_card":"summary_large_image","twitter_misc":{"Tahmini okuma s\u00fcresi":"1 dakika"},"schema":{"@context":"https:\/\/schema.org","@graph":[{"@type":["WebPage","ItemPage"],"@id":"https:\/\/www.purejewels.com\/product\/dhwani-harmony-sound-ball-drop-earrings-45874\/","url":"https:\/\/www.purejewels.com\/product\/dhwani-harmony-sound-ball-drop-earrings-45874\/","name":"Dhwani Ses Topu Damla K\u00fcpe | PureJewels taraf\u0131ndan 22 Ayar Alt\u0131n","isPartOf":{"@id":"https:\/\/www.purejewels.com\/#website"},"primaryImageOfPage":{"@id":"https:\/\/www.purejewels.com\/product\/dhwani-harmony-sound-ball-drop-earrings-45874\/#primaryimage"},"image":{"@id":"https:\/\/www.purejewels.com\/product\/dhwani-harmony-sound-ball-drop-earrings-45874\/#primaryimage"},"thumbnailUrl":"https:\/\/static.purejewels.com\/wp-content\/uploads\/2025\/08\/SKU-45874.jpg","datePublished":"2025-07-08T03:48:46+00:00","dateModified":"2026-01-30T13:27:08+00:00","description":"PureJewels'in Dhwani Koleksiyonu'ndan Dhwani Harmony Sound Top Damla K\u00fcpeleri sat\u0131n al\u0131n. 22 ayar alt\u0131ndan el yap\u0131m\u0131. \u0130ngiltere genelinde \u00fccretsiz teslimat.","breadcrumb":{"@id":"https:\/\/www.purejewels.com\/product\/dhwani-harmony-sound-ball-drop-earrings-45874\/#breadcrumb"},"inLanguage":"tr","potentialAction":[{"@type":"ReadAction","target":["https:\/\/www.purejewels.com\/product\/dhwani-harmony-sound-ball-drop-earrings-45874\/"]}]},{"@type":"ImageObject","inLanguage":"tr","@id":"https:\/\/www.purejewels.com\/product\/dhwani-harmony-sound-ball-drop-earrings-45874\/#primaryimage","url":"https:\/\/static.purejewels.com\/wp-content\/uploads\/2025\/08\/SKU-45874.jpg","contentUrl":"https:\/\/static.purejewels.com\/wp-content\/uploads\/2025\/08\/SKU-45874.jpg","width":1000,"height":1000,"caption":"Dhwani Harmony Sound Ball Drop Earrings"},{"@type":"BreadcrumbList","@id":"https:\/\/www.purejewels.com\/product\/dhwani-harmony-sound-ball-drop-earrings-45874\/#breadcrumb","itemListElement":[{"@type":"ListItem","position":1,"name":"Home","item":"https:\/\/www.purejewels.com\/"},{"@type":"ListItem","position":2,"name":"Shop","item":"https:\/\/www.purejewels.com\/shop\/"},{"@type":"ListItem","position":3,"name":"Dhwani Harmony Sound Ball Drop Earrings"}]},{"@type":"WebSite","@id":"https:\/\/www.purejewels.com\/#website","url":"https:\/\/www.purejewels.com\/","name":"PureJewels \u0130ngiltere","description":"Sevgiyi Payla\u015f\u0131n","publisher":{"@id":"https:\/\/www.purejewels.com\/#organization"},"potentialAction":[{"@type":"SearchAction","target":{"@type":"EntryPoint","urlTemplate":"https:\/\/www.purejewels.com\/?s={search_term_string}"},"query-input":{"@type":"PropertyValueSpecification","valueRequired":true,"valueName":"search_term_string"}}],"inLanguage":"tr"},{"@type":"Organization","@id":"https:\/\/www.purejewels.com\/#organization","name":"PureJewels \u0130ngiltere","url":"https:\/\/www.purejewels.com\/","logo":{"@type":"ImageObject","inLanguage":"tr","@id":"https:\/\/www.purejewels.com\/#\/schema\/logo\/image\/","url":"https:\/\/static.purejewels.com\/wp-content\/uploads\/2020\/11\/Logo-PJ-New-1.png","contentUrl":"https:\/\/static.purejewels.com\/wp-content\/uploads\/2020\/11\/Logo-PJ-New-1.png","width":150,"height":80,"caption":"PureJewels UK"},"image":{"@id":"https:\/\/www.purejewels.com\/#\/schema\/logo\/image\/"}}]}},"_links":{"self":[{"href":"https:\/\/www.purejewels.com\/tr\/wp-json\/wp\/v2\/product\/410108","targetHints":{"allow":["GET"]}}],"collection":[{"href":"https:\/\/www.purejewels.com\/tr\/wp-json\/wp\/v2\/product"}],"about":[{"href":"https:\/\/www.purejewels.com\/tr\/wp-json\/wp\/v2\/types\/product"}],"replies":[{"embeddable":true,"href":"https:\/\/www.purejewels.com\/tr\/wp-json\/wp\/v2\/comments?post=410108"}],"version-history":[{"count":3,"href":"https:\/\/www.purejewels.com\/tr\/wp-json\/wp\/v2\/product\/410108\/revisions"}],"predecessor-version":[{"id":410115,"href":"https:\/\/www.purejewels.com\/tr\/wp-json\/wp\/v2\/product\/410108\/revisions\/410115"}],"wp:featuredmedia":[{"embeddable":true,"href":"https:\/\/www.purejewels.com\/tr\/wp-json\/wp\/v2\/media\/410111"}],"wp:attachment":[{"href":"https:\/\/www.purejewels.com\/tr\/wp-json\/wp\/v2\/media?parent=410108"}],"wp:term":[{"taxonomy":"product_brand","embeddable":true,"href":"https:\/\/www.purejewels.com\/tr\/wp-json\/wp\/v2\/product_brand?post=410108"},{"taxonomy":"product_cat","embeddable":true,"href":"https:\/\/www.purejewels.com\/tr\/wp-json\/wp\/v2\/product_cat?post=410108"},{"taxonomy":"product_tag","embeddable":true,"href":"https:\/\/www.purejewels.com\/tr\/wp-json\/wp\/v2\/product_tag?post=410108"}],"curies":[{"name":"wp","href":"https:\/\/api.w.org\/{rel}","templated":true}]}}