{"id":410121,"date":"2025-07-08T05:34:26","date_gmt":"2025-07-08T04:34:26","guid":{"rendered":"https:\/\/www.purejewels.com\/?post_type=product&#038;p=410121"},"modified":"2026-02-18T06:30:35","modified_gmt":"2026-02-18T06:30:35","slug":"22ct-sunrise-altindan-kucuk-burgu-halka-kupe","status":"publish","type":"product","link":"https:\/\/www.purejewels.com\/tr\/product\/small-twist-hoop-earrings-in-22ct-sunrise-gold\/","title":{"rendered":"22ct Sunrise Alt\u0131ndan K\u00fc\u00e7\u00fck B\u00fck\u00fcm Halka K\u00fcpe"},"content":{"rendered":"<p data-start=\"368\" data-end=\"648\">PureJewels imzal\u0131 22 ayar Sunrise Alt\u0131n\u0131 ile yeniden tasarlanan zamans\u0131z bir tasar\u0131m olan Small Twist Hoop Earrings, g\u00fcnl\u00fck \u00e7ok y\u00f6nl\u00fcl\u00fc\u011f\u00fc ve zanaatkar i\u015f\u00e7ili\u011fi bir araya getiriyor. Sadece 4,7 gram a\u011f\u0131rl\u0131\u011f\u0131ndaki bu k\u00fcpeler, duru\u015fundan \u00f6d\u00fcn vermeden rahat bir uyum sunar.<\/p>\n<p data-start=\"650\" data-end=\"898\">Her bir \u00e7ember bir <strong data-start=\"677\" data-end=\"708\">halat dokulu b\u00fck\u00fcm deseni<\/strong>Her a\u00e7\u0131dan \u0131\u015f\u0131\u011f\u0131 g\u00fczel bir \u015fekilde yakalayan bir detay. G\u00fcn Do\u011fumu Alt\u0131n\u0131m\u0131z\u0131n s\u0131cak alt\u0131n tonu, tasar\u0131m\u0131n derinli\u011fini art\u0131rarak her cilt tonunu tamamlayan \u0131\u015f\u0131lt\u0131l\u0131 bir g\u00f6r\u00fcn\u00fcm kazand\u0131r\u0131r.<\/p>\n<p data-start=\"900\" data-end=\"1189\">Hem g\u00fcndelik hem de resmi davetler i\u00e7in ideal olan bu halka k\u00fcpeler m\u00fccevher kutunuzun vazge\u00e7ilmezidir; kolay \u015fekillendirilebilir, g\u00fcnl\u00fck kullan\u0131m i\u00e7in dayan\u0131kl\u0131 ve zahmetsizce zariftir. \u0130ster minimal bir g\u00f6r\u00fcn\u00fcm i\u00e7in tek ba\u015f\u0131na, ister modern bir dokunu\u015f i\u00e7in di\u011fer k\u00fcpelerle birlikte tak\u0131ls\u0131n, ki\u015fisel tarz\u0131n\u0131za kusursuz bir \u015fekilde uyum sa\u011flar.<\/p>","protected":false},"excerpt":{"rendered":"<div class=\"woocommerce-product-details__short-description\">22ct Sunrise Alt\u0131ndan bu K\u00fc\u00e7\u00fck B\u00fck\u00fcm Halka K\u00fcpeler, klasik bir siluete derinlik ve zarafet katan ipten ilham alan bir dokuya sahiptir. 4,7 gram a\u011f\u0131rl\u0131\u011f\u0131yla g\u00fcnl\u00fck kullan\u0131m i\u00e7in m\u00fckemmel olan bu k\u00fcpeler, l\u00fcks ve el yap\u0131m\u0131 g\u00f6r\u00fcn\u00fcm\u00fcn\u00fc koruyor.<\/div>\n<div><\/div>\n<div>\n<p><strong>Malzeme:<\/strong> 22 Ayar G\u00fcndo\u011fumu Alt\u0131n<br \/>\n<strong>Safl\u0131k:<\/strong> 91.6% saf<br \/>\n<strong>Hallmark:<\/strong>\u00a0\u0130ngiliz Damgas\u0131<br \/>\n<strong>SKU:<\/strong> 51921<br \/>\n<strong>Br\u00fct A\u011f\u0131rl\u0131k:<\/strong> 4.70 Gms<\/p>\n<p><strong>Fiyat ve Teslimat:<\/strong>\u00a0KDV ve teslimat \u00fccretleri dahil<br \/>\n<a href=\"https:\/\/www.purejewels.com\/tr\/i%cc%87ade-poli%cc%87ti%cc%87kasi\/\"><strong>\u0130ade Politikas\u0131<\/strong><\/a><\/p>\n<\/div>\n<div class=\"btn-atc atc-slide\"><\/div>\n<div class=\"product_meta\"><\/div>","protected":false},"featured_media":410127,"comment_status":"closed","ping_status":"closed","template":"","meta":{"_eb_attr":"","_crsspst_to_jayantr4sg-hostcom":false},"product_brand":[],"product_cat":[1791,1559,1793,1254,1229,1579,1570,5353,5608,1574,5747],"product_tag":[66],"class_list":{"0":"post-410121","1":"product","2":"type-product","3":"status-publish","4":"has-post-thumbnail","6":"product_cat-anniversary-gifts","7":"product_cat-birthday-gifts","8":"product_cat-diwali-gifts","9":"product_cat-gold-earrings","10":"product_cat-22ct-gold-jewellery","11":"product_cat-hoop-earrings","12":"product_cat-mothers-day-gifts","13":"product_cat-shop-by","14":"product_cat-simple-hoops","15":"product_cat-womens-jewellery","16":"product_cat-mantra-collection","17":"product_tag-earrings","19":"first","20":"outofstock","21":"taxable","22":"shipping-taxable","23":"product-type-simple","24":"add-to-wishlist-before_image"},"yoast_head":"<!-- This site is optimized with the Yoast SEO plugin v27.5 - https:\/\/yoast.com\/product\/yoast-seo-wordpress\/ -->\n<title>Small Twist Hoop Earrings in 22ct Sunrise Gold | PureJewels<\/title>\n<meta name=\"description\" content=\"Shop Small Twist Hoop Earrings in 22ct Sunrise Gold. Lightweight 4.7g hoops with a rope-textured twist, perfect for daily wear and handcrafted in PureJewels\u2019 signature gold tone.\" \/>\n<meta name=\"robots\" content=\"index, follow, max-snippet:-1, max-image-preview:large, max-video-preview:-1\" \/>\n<link rel=\"canonical\" href=\"https:\/\/www.purejewels.com\/tr\/urun\/22ct-sunrise-altindan-kucuk-burgu-halka-kupe\/\" \/>\n<meta property=\"og:locale\" content=\"tr_TR\" \/>\n<meta property=\"og:type\" content=\"article\" \/>\n<meta property=\"og:title\" content=\"Small Twist Hoop Earrings in 22ct Sunrise Gold | PureJewels\" \/>\n<meta property=\"og:description\" content=\"Shop Small Twist Hoop Earrings in 22ct Sunrise Gold. Lightweight 4.7g hoops with a rope-textured twist, perfect for daily wear and handcrafted in PureJewels\u2019 signature gold tone.\" \/>\n<meta property=\"og:url\" content=\"https:\/\/www.purejewels.com\/tr\/urun\/22ct-sunrise-altindan-kucuk-burgu-halka-kupe\/\" \/>\n<meta property=\"og:site_name\" content=\"PureJewels UK\" \/>\n<meta property=\"article:modified_time\" content=\"2026-02-18T06:30:35+00:00\" \/>\n<meta property=\"og:image\" content=\"https:\/\/static.purejewels.com\/wp-content\/uploads\/2025\/08\/SKU-51921.1.jpg\" \/>\n\t<meta property=\"og:image:width\" content=\"1000\" \/>\n\t<meta property=\"og:image:height\" content=\"1000\" \/>\n\t<meta property=\"og:image:type\" content=\"image\/jpeg\" \/>\n<meta name=\"twitter:card\" content=\"summary_large_image\" \/>\n<meta name=\"twitter:label1\" content=\"Tahmini okuma s\u00fcresi\" \/>\n\t<meta name=\"twitter:data1\" content=\"1 dakika\" \/>\n<script type=\"application\/ld+json\" class=\"yoast-schema-graph\">{\"@context\":\"https:\\\/\\\/schema.org\",\"@graph\":[{\"@type\":[\"WebPage\",\"ItemPage\"],\"@id\":\"https:\\\/\\\/www.purejewels.com\\\/product\\\/small-twist-hoop-earrings-in-22ct-sunrise-gold\\\/\",\"url\":\"https:\\\/\\\/www.purejewels.com\\\/product\\\/small-twist-hoop-earrings-in-22ct-sunrise-gold\\\/\",\"name\":\"Small Twist Hoop Earrings in 22ct Sunrise Gold | PureJewels\",\"isPartOf\":{\"@id\":\"https:\\\/\\\/www.purejewels.com\\\/#website\"},\"primaryImageOfPage\":{\"@id\":\"https:\\\/\\\/www.purejewels.com\\\/product\\\/small-twist-hoop-earrings-in-22ct-sunrise-gold\\\/#primaryimage\"},\"image\":{\"@id\":\"https:\\\/\\\/www.purejewels.com\\\/product\\\/small-twist-hoop-earrings-in-22ct-sunrise-gold\\\/#primaryimage\"},\"thumbnailUrl\":\"https:\\\/\\\/static.purejewels.com\\\/wp-content\\\/uploads\\\/2025\\\/08\\\/SKU-51921.1.jpg\",\"datePublished\":\"2025-07-08T04:34:26+00:00\",\"dateModified\":\"2026-02-18T06:30:35+00:00\",\"description\":\"Shop Small Twist Hoop Earrings in 22ct Sunrise Gold. Lightweight 4.7g hoops with a rope-textured twist, perfect for daily wear and handcrafted in PureJewels\u2019 signature gold tone.\",\"breadcrumb\":{\"@id\":\"https:\\\/\\\/www.purejewels.com\\\/product\\\/small-twist-hoop-earrings-in-22ct-sunrise-gold\\\/#breadcrumb\"},\"inLanguage\":\"tr\",\"potentialAction\":[{\"@type\":\"ReadAction\",\"target\":[\"https:\\\/\\\/www.purejewels.com\\\/product\\\/small-twist-hoop-earrings-in-22ct-sunrise-gold\\\/\"]}]},{\"@type\":\"ImageObject\",\"inLanguage\":\"tr\",\"@id\":\"https:\\\/\\\/www.purejewels.com\\\/product\\\/small-twist-hoop-earrings-in-22ct-sunrise-gold\\\/#primaryimage\",\"url\":\"https:\\\/\\\/static.purejewels.com\\\/wp-content\\\/uploads\\\/2025\\\/08\\\/SKU-51921.1.jpg\",\"contentUrl\":\"https:\\\/\\\/static.purejewels.com\\\/wp-content\\\/uploads\\\/2025\\\/08\\\/SKU-51921.1.jpg\",\"width\":1000,\"height\":1000,\"caption\":\"Small Twist Hoop Earrings in 22ct Sunrise Gold\"},{\"@type\":\"BreadcrumbList\",\"@id\":\"https:\\\/\\\/www.purejewels.com\\\/product\\\/small-twist-hoop-earrings-in-22ct-sunrise-gold\\\/#breadcrumb\",\"itemListElement\":[{\"@type\":\"ListItem\",\"position\":1,\"name\":\"Home\",\"item\":\"https:\\\/\\\/www.purejewels.com\\\/\"},{\"@type\":\"ListItem\",\"position\":2,\"name\":\"Shop\",\"item\":\"https:\\\/\\\/www.purejewels.com\\\/shop\\\/\"},{\"@type\":\"ListItem\",\"position\":3,\"name\":\"Small Twist Hoop Earrings in 22ct Sunrise Gold\"}]},{\"@type\":\"WebSite\",\"@id\":\"https:\\\/\\\/www.purejewels.com\\\/#website\",\"url\":\"https:\\\/\\\/www.purejewels.com\\\/\",\"name\":\"PureJewels UK\",\"description\":\"Share the Love\",\"publisher\":{\"@id\":\"https:\\\/\\\/www.purejewels.com\\\/#organization\"},\"potentialAction\":[{\"@type\":\"SearchAction\",\"target\":{\"@type\":\"EntryPoint\",\"urlTemplate\":\"https:\\\/\\\/www.purejewels.com\\\/?s={search_term_string}\"},\"query-input\":{\"@type\":\"PropertyValueSpecification\",\"valueRequired\":true,\"valueName\":\"search_term_string\"}}],\"inLanguage\":\"tr\"},{\"@type\":\"Organization\",\"@id\":\"https:\\\/\\\/www.purejewels.com\\\/#organization\",\"name\":\"PureJewels UK\",\"url\":\"https:\\\/\\\/www.purejewels.com\\\/\",\"logo\":{\"@type\":\"ImageObject\",\"inLanguage\":\"tr\",\"@id\":\"https:\\\/\\\/www.purejewels.com\\\/#\\\/schema\\\/logo\\\/image\\\/\",\"url\":\"https:\\\/\\\/static.purejewels.com\\\/wp-content\\\/uploads\\\/2020\\\/11\\\/Logo-PJ-New-1.png\",\"contentUrl\":\"https:\\\/\\\/static.purejewels.com\\\/wp-content\\\/uploads\\\/2020\\\/11\\\/Logo-PJ-New-1.png\",\"width\":150,\"height\":80,\"caption\":\"PureJewels UK\"},\"image\":{\"@id\":\"https:\\\/\\\/www.purejewels.com\\\/#\\\/schema\\\/logo\\\/image\\\/\"}}]}<\/script>\n<!-- \/ Yoast SEO plugin. -->","yoast_head_json":{"title":"22ct Sunrise Alt\u0131n K\u00fc\u00e7\u00fck B\u00fck\u00fcm Halka K\u00fcpe | PureJewels","description":"22ct Sunrise Alt\u0131ndan K\u00fc\u00e7\u00fck Burgulu Halka K\u00fcpeler sat\u0131n al\u0131n. PureJewels'in \u00f6zel alt\u0131n tonunda el yap\u0131m\u0131, g\u00fcnl\u00fck kullan\u0131m i\u00e7in m\u00fckemmel, ip dokulu burgulu, 4,7 g a\u011f\u0131rl\u0131\u011f\u0131nda hafif halka k\u00fcpeler.","robots":{"index":"index","follow":"follow","max-snippet":"max-snippet:-1","max-image-preview":"max-image-preview:large","max-video-preview":"max-video-preview:-1"},"canonical":"https:\/\/www.purejewels.com\/tr\/urun\/22ct-sunrise-altindan-kucuk-burgu-halka-kupe\/","og_locale":"tr_TR","og_type":"article","og_title":"Small Twist Hoop Earrings in 22ct Sunrise Gold | PureJewels","og_description":"Shop Small Twist Hoop Earrings in 22ct Sunrise Gold. Lightweight 4.7g hoops with a rope-textured twist, perfect for daily wear and handcrafted in PureJewels\u2019 signature gold tone.","og_url":"https:\/\/www.purejewels.com\/tr\/urun\/22ct-sunrise-altindan-kucuk-burgu-halka-kupe\/","og_site_name":"PureJewels UK","article_modified_time":"2026-02-18T06:30:35+00:00","og_image":[{"width":1000,"height":1000,"url":"https:\/\/static.purejewels.com\/wp-content\/uploads\/2025\/08\/SKU-51921.1.jpg","type":"image\/jpeg"}],"twitter_card":"summary_large_image","twitter_misc":{"Tahmini okuma s\u00fcresi":"1 dakika"},"schema":{"@context":"https:\/\/schema.org","@graph":[{"@type":["WebPage","ItemPage"],"@id":"https:\/\/www.purejewels.com\/product\/small-twist-hoop-earrings-in-22ct-sunrise-gold\/","url":"https:\/\/www.purejewels.com\/product\/small-twist-hoop-earrings-in-22ct-sunrise-gold\/","name":"22ct Sunrise Alt\u0131n K\u00fc\u00e7\u00fck B\u00fck\u00fcm Halka K\u00fcpe | PureJewels","isPartOf":{"@id":"https:\/\/www.purejewels.com\/#website"},"primaryImageOfPage":{"@id":"https:\/\/www.purejewels.com\/product\/small-twist-hoop-earrings-in-22ct-sunrise-gold\/#primaryimage"},"image":{"@id":"https:\/\/www.purejewels.com\/product\/small-twist-hoop-earrings-in-22ct-sunrise-gold\/#primaryimage"},"thumbnailUrl":"https:\/\/static.purejewels.com\/wp-content\/uploads\/2025\/08\/SKU-51921.1.jpg","datePublished":"2025-07-08T04:34:26+00:00","dateModified":"2026-02-18T06:30:35+00:00","description":"22ct Sunrise Alt\u0131ndan K\u00fc\u00e7\u00fck Burgulu Halka K\u00fcpeler sat\u0131n al\u0131n. PureJewels'in \u00f6zel alt\u0131n tonunda el yap\u0131m\u0131, g\u00fcnl\u00fck kullan\u0131m i\u00e7in m\u00fckemmel, ip dokulu burgulu, 4,7 g a\u011f\u0131rl\u0131\u011f\u0131nda hafif halka k\u00fcpeler.","breadcrumb":{"@id":"https:\/\/www.purejewels.com\/product\/small-twist-hoop-earrings-in-22ct-sunrise-gold\/#breadcrumb"},"inLanguage":"tr","potentialAction":[{"@type":"ReadAction","target":["https:\/\/www.purejewels.com\/product\/small-twist-hoop-earrings-in-22ct-sunrise-gold\/"]}]},{"@type":"ImageObject","inLanguage":"tr","@id":"https:\/\/www.purejewels.com\/product\/small-twist-hoop-earrings-in-22ct-sunrise-gold\/#primaryimage","url":"https:\/\/static.purejewels.com\/wp-content\/uploads\/2025\/08\/SKU-51921.1.jpg","contentUrl":"https:\/\/static.purejewels.com\/wp-content\/uploads\/2025\/08\/SKU-51921.1.jpg","width":1000,"height":1000,"caption":"Small Twist Hoop Earrings in 22ct Sunrise Gold"},{"@type":"BreadcrumbList","@id":"https:\/\/www.purejewels.com\/product\/small-twist-hoop-earrings-in-22ct-sunrise-gold\/#breadcrumb","itemListElement":[{"@type":"ListItem","position":1,"name":"Home","item":"https:\/\/www.purejewels.com\/"},{"@type":"ListItem","position":2,"name":"Shop","item":"https:\/\/www.purejewels.com\/shop\/"},{"@type":"ListItem","position":3,"name":"Small Twist Hoop Earrings in 22ct Sunrise Gold"}]},{"@type":"WebSite","@id":"https:\/\/www.purejewels.com\/#website","url":"https:\/\/www.purejewels.com\/","name":"PureJewels \u0130ngiltere","description":"Sevgiyi Payla\u015f\u0131n","publisher":{"@id":"https:\/\/www.purejewels.com\/#organization"},"potentialAction":[{"@type":"SearchAction","target":{"@type":"EntryPoint","urlTemplate":"https:\/\/www.purejewels.com\/?s={search_term_string}"},"query-input":{"@type":"PropertyValueSpecification","valueRequired":true,"valueName":"search_term_string"}}],"inLanguage":"tr"},{"@type":"Organization","@id":"https:\/\/www.purejewels.com\/#organization","name":"PureJewels \u0130ngiltere","url":"https:\/\/www.purejewels.com\/","logo":{"@type":"ImageObject","inLanguage":"tr","@id":"https:\/\/www.purejewels.com\/#\/schema\/logo\/image\/","url":"https:\/\/static.purejewels.com\/wp-content\/uploads\/2020\/11\/Logo-PJ-New-1.png","contentUrl":"https:\/\/static.purejewels.com\/wp-content\/uploads\/2020\/11\/Logo-PJ-New-1.png","width":150,"height":80,"caption":"PureJewels UK"},"image":{"@id":"https:\/\/www.purejewels.com\/#\/schema\/logo\/image\/"}}]}},"_links":{"self":[{"href":"https:\/\/www.purejewels.com\/tr\/wp-json\/wp\/v2\/product\/410121","targetHints":{"allow":["GET"]}}],"collection":[{"href":"https:\/\/www.purejewels.com\/tr\/wp-json\/wp\/v2\/product"}],"about":[{"href":"https:\/\/www.purejewels.com\/tr\/wp-json\/wp\/v2\/types\/product"}],"replies":[{"embeddable":true,"href":"https:\/\/www.purejewels.com\/tr\/wp-json\/wp\/v2\/comments?post=410121"}],"version-history":[{"count":2,"href":"https:\/\/www.purejewels.com\/tr\/wp-json\/wp\/v2\/product\/410121\/revisions"}],"predecessor-version":[{"id":410134,"href":"https:\/\/www.purejewels.com\/tr\/wp-json\/wp\/v2\/product\/410121\/revisions\/410134"}],"wp:featuredmedia":[{"embeddable":true,"href":"https:\/\/www.purejewels.com\/tr\/wp-json\/wp\/v2\/media\/410127"}],"wp:attachment":[{"href":"https:\/\/www.purejewels.com\/tr\/wp-json\/wp\/v2\/media?parent=410121"}],"wp:term":[{"taxonomy":"product_brand","embeddable":true,"href":"https:\/\/www.purejewels.com\/tr\/wp-json\/wp\/v2\/product_brand?post=410121"},{"taxonomy":"product_cat","embeddable":true,"href":"https:\/\/www.purejewels.com\/tr\/wp-json\/wp\/v2\/product_cat?post=410121"},{"taxonomy":"product_tag","embeddable":true,"href":"https:\/\/www.purejewels.com\/tr\/wp-json\/wp\/v2\/product_tag?post=410121"}],"curies":[{"name":"wp","href":"https:\/\/api.w.org\/{rel}","templated":true}]}}