{"id":410138,"date":"2025-07-08T06:08:21","date_gmt":"2025-07-08T05:08:21","guid":{"rendered":"https:\/\/www.purejewels.com\/?post_type=product&#038;p=410138"},"modified":"2026-03-23T07:30:00","modified_gmt":"2026-03-23T07:30:00","slug":"cicekli-kubbe-jhumka-kupeler","status":"publish","type":"product","link":"https:\/\/www.purejewels.com\/tr\/product\/floral-dome-jhumka-earrings\/","title":{"rendered":"\u00c7i\u00e7ekli Kubbe Jhumka K\u00fcpe | 22 Ayar Alt\u0131n Jali Koleksiyonu"},"content":{"rendered":"<p data-start=\"391\" data-end=\"720\">PureJewels'ten <strong data-start=\"431\" data-end=\"450\">Jali Koleksiyonu<\/strong>, \u00c7i\u00e7ekli Kubbe <a href=\"https:\/\/www.purejewels.com\/tr\/urun-kategori%cc%87si%cc%87\/22-ayar-altin-takilar\/altin-kupeler\/jhumkha-kupeler\/\" target=\"_blank\" rel=\"noopener\">Jhumka K\u00fcpeler<\/a> geleneksel sanat\u0131n ve k\u00fclt\u00fcrel miras\u0131n bir kutlamas\u0131d\u0131r. Parlak el i\u015f\u00e7ili\u011fiyle <strong data-start=\"573\" data-end=\"586\">22 ayar alt\u0131n<\/strong>her bir k\u00fcpe \u00e7i\u00e7ekli bir saplamayla ba\u015flar, s\u00fcsl\u00fc par\u015f\u00f6menler ve narin gran\u00fclasyonla bezenmi\u015f kubbe \u015feklindeki jali tasar\u0131m\u0131na yol a\u00e7ar.<\/p>\n<p data-start=\"722\" data-end=\"1040\">Eser, y\u00fczy\u0131llard\u0131r s\u00fcregelen <strong data-start=\"760\" data-end=\"786\">telkari\u0307 i\u0307\u015f\u00e7i\u0307li\u0307\u011fi\u0307<\/strong>-\u0130nce alt\u0131n tellerin karma\u015f\u0131k dantel benzeri desenler olu\u015fturmak i\u00e7in b\u00fck\u00fcld\u00fc\u011f\u00fc, sar\u0131ld\u0131\u011f\u0131 ve lehimlendi\u011fi titiz bir tekniktir. Bu sanat bi\u00e7imi sadece hassasiyet ve sab\u0131r gerektirmekle kalmaz, ayn\u0131 zamanda m\u00fccevher yap\u0131m\u0131n\u0131n en \u00fcnl\u00fc miras becerilerinden birini de korur.<\/p>\n<p data-start=\"1042\" data-end=\"1307\">Kubbenin alt\u0131nda, cilal\u0131 alt\u0131n yapraklar ve ince ip zincirler minyat\u00fcr k\u00fcrelerle sonlanarak her ad\u0131mda zarif bir hareket ve ince bir \u0131\u015f\u0131lt\u0131 yarat\u0131r. 9,2 gram a\u011f\u0131rl\u0131\u011f\u0131ndaki bu jhumkalar m\u00fckemmel bir dengeye sahiptir - rahat kullan\u0131m i\u00e7in yeterince hafif, ancak varl\u0131\u011f\u0131 da olduk\u00e7a \u00f6nemlidir.<\/p>\n<p data-start=\"1309\" data-end=\"1585\">\u0130ster bayram kutlamalar\u0131 i\u00e7in bir saree ile e\u015fle\u015ftirilsin, ister modern k\u0131yafetlerle bir aksesuar olarak kullan\u0131ls\u0131n <strong data-start=\"1426\" data-end=\"1457\">\u00c7i\u00e7ekli Kubbe Jhumka K\u00fcpeler<\/strong> Zamans\u0131z Hint m\u00fccevherlerinin \u00f6z\u00fcn\u00fc yakalay\u0131n; ayr\u0131nt\u0131lar a\u00e7\u0131s\u0131ndan zengin, geleneklere ba\u011fl\u0131 ve nesiller boyu kullan\u0131lmak \u00fczere sevgiyle \u00fcretilmi\u015ftir.<\/p>","protected":false},"excerpt":{"rendered":"<p>22 ayar alt\u0131ndan el yap\u0131m\u0131 olarak \u00fcretilen Jali Koleksiyonumuza ait bu \u00c7i\u00e7ekli Kubbe Jhumka K\u00fcpeler, karma\u015f\u0131k telkari i\u015f\u00e7ili\u011fine ve narin sarkan zincirlere sahiptir. Hafif ama s\u00fcsl\u00fc olan bu k\u00fcpeler, geleneksel cazibeyi zamans\u0131z bir zarafetle harmanl\u0131yor.<\/p>\n<p><strong>Malzeme:<\/strong> 22 Ayar Sar\u0131 Alt\u0131n<br \/>\n<strong>Safl\u0131k:<\/strong> 91.6% saf<br \/>\n<strong>Hallmark:<\/strong> \u0130ngiliz Damgas\u0131<br \/>\n<strong>SKU:<\/strong> 46066<br \/>\n<strong>Br\u00fct A\u011f\u0131rl\u0131k:<\/strong> 9.20 gram<\/p>\n<p><strong>Fiyat ve Teslimat:\u00a0<\/strong>KDV ve teslimat \u00fccretleri dahil<br \/>\n<a href=\"https:\/\/www.purejewels.com\/tr\/i%cc%87ade-poli%cc%87ti%cc%87kasi\/\">\u0130ade Politikas\u0131<\/a><\/p>","protected":false},"featured_media":410139,"comment_status":"closed","ping_status":"closed","template":"","meta":{"_eb_attr":"","_crsspst_to_jayantr4sg-hostcom":true},"product_brand":[],"product_cat":[1791,5315,236,1793,1792,1254,1229,252,5611,1578,1570,1573,1574,5349],"product_tag":[66],"class_list":{"0":"post-410138","1":"product","2":"type-product","3":"status-publish","4":"has-post-thumbnail","6":"product_cat-anniversary-gifts","7":"product_cat-bridal-and-wedding-earrings","8":"product_cat-collections","9":"product_cat-diwali-gifts","10":"product_cat-festival-gifts","11":"product_cat-gold-earrings","12":"product_cat-22ct-gold-jewellery","13":"product_cat-jali-collections","14":"product_cat-jali-earrings","15":"product_cat-jhumkha-earrings","16":"product_cat-mothers-day-gifts","17":"product_cat-wedding-gifts","18":"product_cat-womens-jewellery","19":"product_cat-yellow-gold-jewellery","20":"product_tag-earrings","22":"first","23":"instock","24":"sale","25":"taxable","26":"shipping-taxable","27":"purchasable","28":"product-type-simple","29":"add-to-wishlist-before_image"},"yoast_head":"<!-- This site is optimized with the Yoast SEO plugin v27.3 - https:\/\/yoast.com\/product\/yoast-seo-wordpress\/ -->\n<title>Floral Dome Jhumka Earrings | 22ct Gold Jewellery | PureJewels<\/title>\n<meta name=\"description\" content=\"Shop Floral Dome Jhumka Earrings from PureJewels\u2019 Jali Collection. Handcrafted in 22ct gold with exquisite filigree detailing.\" \/>\n<meta name=\"robots\" content=\"index, follow, max-snippet:-1, max-image-preview:large, max-video-preview:-1\" \/>\n<link rel=\"canonical\" href=\"https:\/\/www.purejewels.com\/tr\/urun\/cicekli-kubbe-jhumka-kupeler\/\" \/>\n<meta property=\"og:locale\" content=\"tr_TR\" \/>\n<meta property=\"og:type\" content=\"article\" \/>\n<meta property=\"og:title\" content=\"Floral Dome Jhumka Earrings | 22ct Gold Jewellery | PureJewels\" \/>\n<meta property=\"og:description\" content=\"Shop Floral Dome Jhumka Earrings from PureJewels\u2019 Jali Collection. Handcrafted in 22ct gold with exquisite filigree detailing.\" \/>\n<meta property=\"og:url\" content=\"https:\/\/www.purejewels.com\/tr\/urun\/cicekli-kubbe-jhumka-kupeler\/\" \/>\n<meta property=\"og:site_name\" content=\"PureJewels UK\" \/>\n<meta property=\"article:modified_time\" content=\"2026-03-23T07:30:00+00:00\" \/>\n<meta property=\"og:image\" content=\"https:\/\/static.purejewels.com\/wp-content\/uploads\/2025\/08\/SKU-46066.jpg\" \/>\n\t<meta property=\"og:image:width\" content=\"1000\" \/>\n\t<meta property=\"og:image:height\" content=\"1000\" \/>\n\t<meta property=\"og:image:type\" content=\"image\/jpeg\" \/>\n<meta name=\"twitter:card\" content=\"summary_large_image\" \/>\n<meta name=\"twitter:label1\" content=\"Tahmini okuma s\u00fcresi\" \/>\n\t<meta name=\"twitter:data1\" content=\"1 dakika\" \/>\n<script type=\"application\/ld+json\" class=\"yoast-schema-graph\">{\"@context\":\"https:\\\/\\\/schema.org\",\"@graph\":[{\"@type\":[\"WebPage\",\"ItemPage\"],\"@id\":\"https:\\\/\\\/www.purejewels.com\\\/product\\\/floral-dome-jhumka-earrings\\\/\",\"url\":\"https:\\\/\\\/www.purejewels.com\\\/product\\\/floral-dome-jhumka-earrings\\\/\",\"name\":\"Floral Dome Jhumka Earrings | 22ct Gold Jewellery | PureJewels\",\"isPartOf\":{\"@id\":\"https:\\\/\\\/www.purejewels.com\\\/#website\"},\"primaryImageOfPage\":{\"@id\":\"https:\\\/\\\/www.purejewels.com\\\/product\\\/floral-dome-jhumka-earrings\\\/#primaryimage\"},\"image\":{\"@id\":\"https:\\\/\\\/www.purejewels.com\\\/product\\\/floral-dome-jhumka-earrings\\\/#primaryimage\"},\"thumbnailUrl\":\"https:\\\/\\\/static.purejewels.com\\\/wp-content\\\/uploads\\\/2025\\\/08\\\/SKU-46066.jpg\",\"datePublished\":\"2025-07-08T05:08:21+00:00\",\"dateModified\":\"2026-03-23T07:30:00+00:00\",\"description\":\"Shop Floral Dome Jhumka Earrings from PureJewels\u2019 Jali Collection. Handcrafted in 22ct gold with exquisite filigree detailing.\",\"breadcrumb\":{\"@id\":\"https:\\\/\\\/www.purejewels.com\\\/product\\\/floral-dome-jhumka-earrings\\\/#breadcrumb\"},\"inLanguage\":\"tr\",\"potentialAction\":[{\"@type\":\"ReadAction\",\"target\":[\"https:\\\/\\\/www.purejewels.com\\\/product\\\/floral-dome-jhumka-earrings\\\/\"]}]},{\"@type\":\"ImageObject\",\"inLanguage\":\"tr\",\"@id\":\"https:\\\/\\\/www.purejewels.com\\\/product\\\/floral-dome-jhumka-earrings\\\/#primaryimage\",\"url\":\"https:\\\/\\\/static.purejewels.com\\\/wp-content\\\/uploads\\\/2025\\\/08\\\/SKU-46066.jpg\",\"contentUrl\":\"https:\\\/\\\/static.purejewels.com\\\/wp-content\\\/uploads\\\/2025\\\/08\\\/SKU-46066.jpg\",\"width\":1000,\"height\":1000,\"caption\":\"Floral Dome Jhumka Earrings\"},{\"@type\":\"BreadcrumbList\",\"@id\":\"https:\\\/\\\/www.purejewels.com\\\/product\\\/floral-dome-jhumka-earrings\\\/#breadcrumb\",\"itemListElement\":[{\"@type\":\"ListItem\",\"position\":1,\"name\":\"Home\",\"item\":\"https:\\\/\\\/www.purejewels.com\\\/\"},{\"@type\":\"ListItem\",\"position\":2,\"name\":\"Shop\",\"item\":\"https:\\\/\\\/www.purejewels.com\\\/shop\\\/\"},{\"@type\":\"ListItem\",\"position\":3,\"name\":\"Floral Dome Jhumka Earrings | 22ct Gold Jali Collection\"}]},{\"@type\":\"WebSite\",\"@id\":\"https:\\\/\\\/www.purejewels.com\\\/#website\",\"url\":\"https:\\\/\\\/www.purejewels.com\\\/\",\"name\":\"PureJewels UK\",\"description\":\"Share the Love\",\"publisher\":{\"@id\":\"https:\\\/\\\/www.purejewels.com\\\/#organization\"},\"potentialAction\":[{\"@type\":\"SearchAction\",\"target\":{\"@type\":\"EntryPoint\",\"urlTemplate\":\"https:\\\/\\\/www.purejewels.com\\\/?s={search_term_string}\"},\"query-input\":{\"@type\":\"PropertyValueSpecification\",\"valueRequired\":true,\"valueName\":\"search_term_string\"}}],\"inLanguage\":\"tr\"},{\"@type\":\"Organization\",\"@id\":\"https:\\\/\\\/www.purejewels.com\\\/#organization\",\"name\":\"PureJewels UK\",\"url\":\"https:\\\/\\\/www.purejewels.com\\\/\",\"logo\":{\"@type\":\"ImageObject\",\"inLanguage\":\"tr\",\"@id\":\"https:\\\/\\\/www.purejewels.com\\\/#\\\/schema\\\/logo\\\/image\\\/\",\"url\":\"https:\\\/\\\/static.purejewels.com\\\/wp-content\\\/uploads\\\/2020\\\/11\\\/Logo-PJ-New-1.png\",\"contentUrl\":\"https:\\\/\\\/static.purejewels.com\\\/wp-content\\\/uploads\\\/2020\\\/11\\\/Logo-PJ-New-1.png\",\"width\":150,\"height\":80,\"caption\":\"PureJewels UK\"},\"image\":{\"@id\":\"https:\\\/\\\/www.purejewels.com\\\/#\\\/schema\\\/logo\\\/image\\\/\"}}]}<\/script>\n<!-- \/ Yoast SEO plugin. -->","yoast_head_json":{"title":"\u00c7i\u00e7ekli Kubbe Jhumka K\u00fcpe | 22 Ayar Alt\u0131n Tak\u0131lar | PureJewels","description":"PureJewels'in Jali Koleksiyonundan \u00c7i\u00e7ekli Kubbe Jhumka K\u00fcpeler sat\u0131n al\u0131n. Zarif telkari detaylar\u0131yla 22 ayar alt\u0131ndan el yap\u0131m\u0131.","robots":{"index":"index","follow":"follow","max-snippet":"max-snippet:-1","max-image-preview":"max-image-preview:large","max-video-preview":"max-video-preview:-1"},"canonical":"https:\/\/www.purejewels.com\/tr\/urun\/cicekli-kubbe-jhumka-kupeler\/","og_locale":"tr_TR","og_type":"article","og_title":"Floral Dome Jhumka Earrings | 22ct Gold Jewellery | PureJewels","og_description":"Shop Floral Dome Jhumka Earrings from PureJewels\u2019 Jali Collection. Handcrafted in 22ct gold with exquisite filigree detailing.","og_url":"https:\/\/www.purejewels.com\/tr\/urun\/cicekli-kubbe-jhumka-kupeler\/","og_site_name":"PureJewels UK","article_modified_time":"2026-03-23T07:30:00+00:00","og_image":[{"width":1000,"height":1000,"url":"https:\/\/static.purejewels.com\/wp-content\/uploads\/2025\/08\/SKU-46066.jpg","type":"image\/jpeg"}],"twitter_card":"summary_large_image","twitter_misc":{"Tahmini okuma s\u00fcresi":"1 dakika"},"schema":{"@context":"https:\/\/schema.org","@graph":[{"@type":["WebPage","ItemPage"],"@id":"https:\/\/www.purejewels.com\/product\/floral-dome-jhumka-earrings\/","url":"https:\/\/www.purejewels.com\/product\/floral-dome-jhumka-earrings\/","name":"\u00c7i\u00e7ekli Kubbe Jhumka K\u00fcpe | 22 Ayar Alt\u0131n Tak\u0131lar | PureJewels","isPartOf":{"@id":"https:\/\/www.purejewels.com\/#website"},"primaryImageOfPage":{"@id":"https:\/\/www.purejewels.com\/product\/floral-dome-jhumka-earrings\/#primaryimage"},"image":{"@id":"https:\/\/www.purejewels.com\/product\/floral-dome-jhumka-earrings\/#primaryimage"},"thumbnailUrl":"https:\/\/static.purejewels.com\/wp-content\/uploads\/2025\/08\/SKU-46066.jpg","datePublished":"2025-07-08T05:08:21+00:00","dateModified":"2026-03-23T07:30:00+00:00","description":"PureJewels'in Jali Koleksiyonundan \u00c7i\u00e7ekli Kubbe Jhumka K\u00fcpeler sat\u0131n al\u0131n. Zarif telkari detaylar\u0131yla 22 ayar alt\u0131ndan el yap\u0131m\u0131.","breadcrumb":{"@id":"https:\/\/www.purejewels.com\/product\/floral-dome-jhumka-earrings\/#breadcrumb"},"inLanguage":"tr","potentialAction":[{"@type":"ReadAction","target":["https:\/\/www.purejewels.com\/product\/floral-dome-jhumka-earrings\/"]}]},{"@type":"ImageObject","inLanguage":"tr","@id":"https:\/\/www.purejewels.com\/product\/floral-dome-jhumka-earrings\/#primaryimage","url":"https:\/\/static.purejewels.com\/wp-content\/uploads\/2025\/08\/SKU-46066.jpg","contentUrl":"https:\/\/static.purejewels.com\/wp-content\/uploads\/2025\/08\/SKU-46066.jpg","width":1000,"height":1000,"caption":"Floral Dome Jhumka Earrings"},{"@type":"BreadcrumbList","@id":"https:\/\/www.purejewels.com\/product\/floral-dome-jhumka-earrings\/#breadcrumb","itemListElement":[{"@type":"ListItem","position":1,"name":"Home","item":"https:\/\/www.purejewels.com\/"},{"@type":"ListItem","position":2,"name":"Shop","item":"https:\/\/www.purejewels.com\/shop\/"},{"@type":"ListItem","position":3,"name":"Floral Dome Jhumka Earrings | 22ct Gold Jali Collection"}]},{"@type":"WebSite","@id":"https:\/\/www.purejewels.com\/#website","url":"https:\/\/www.purejewels.com\/","name":"PureJewels \u0130ngiltere","description":"Sevgiyi Payla\u015f\u0131n","publisher":{"@id":"https:\/\/www.purejewels.com\/#organization"},"potentialAction":[{"@type":"SearchAction","target":{"@type":"EntryPoint","urlTemplate":"https:\/\/www.purejewels.com\/?s={search_term_string}"},"query-input":{"@type":"PropertyValueSpecification","valueRequired":true,"valueName":"search_term_string"}}],"inLanguage":"tr"},{"@type":"Organization","@id":"https:\/\/www.purejewels.com\/#organization","name":"PureJewels \u0130ngiltere","url":"https:\/\/www.purejewels.com\/","logo":{"@type":"ImageObject","inLanguage":"tr","@id":"https:\/\/www.purejewels.com\/#\/schema\/logo\/image\/","url":"https:\/\/static.purejewels.com\/wp-content\/uploads\/2020\/11\/Logo-PJ-New-1.png","contentUrl":"https:\/\/static.purejewels.com\/wp-content\/uploads\/2020\/11\/Logo-PJ-New-1.png","width":150,"height":80,"caption":"PureJewels UK"},"image":{"@id":"https:\/\/www.purejewels.com\/#\/schema\/logo\/image\/"}}]}},"_links":{"self":[{"href":"https:\/\/www.purejewels.com\/tr\/wp-json\/wp\/v2\/product\/410138","targetHints":{"allow":["GET"]}}],"collection":[{"href":"https:\/\/www.purejewels.com\/tr\/wp-json\/wp\/v2\/product"}],"about":[{"href":"https:\/\/www.purejewels.com\/tr\/wp-json\/wp\/v2\/types\/product"}],"replies":[{"embeddable":true,"href":"https:\/\/www.purejewels.com\/tr\/wp-json\/wp\/v2\/comments?post=410138"}],"version-history":[{"count":3,"href":"https:\/\/www.purejewels.com\/tr\/wp-json\/wp\/v2\/product\/410138\/revisions"}],"predecessor-version":[{"id":427469,"href":"https:\/\/www.purejewels.com\/tr\/wp-json\/wp\/v2\/product\/410138\/revisions\/427469"}],"wp:featuredmedia":[{"embeddable":true,"href":"https:\/\/www.purejewels.com\/tr\/wp-json\/wp\/v2\/media\/410139"}],"wp:attachment":[{"href":"https:\/\/www.purejewels.com\/tr\/wp-json\/wp\/v2\/media?parent=410138"}],"wp:term":[{"taxonomy":"product_brand","embeddable":true,"href":"https:\/\/www.purejewels.com\/tr\/wp-json\/wp\/v2\/product_brand?post=410138"},{"taxonomy":"product_cat","embeddable":true,"href":"https:\/\/www.purejewels.com\/tr\/wp-json\/wp\/v2\/product_cat?post=410138"},{"taxonomy":"product_tag","embeddable":true,"href":"https:\/\/www.purejewels.com\/tr\/wp-json\/wp\/v2\/product_tag?post=410138"}],"curies":[{"name":"wp","href":"https:\/\/api.w.org\/{rel}","templated":true}]}}