{"id":410160,"date":"2025-07-08T07:38:23","date_gmt":"2025-07-08T06:38:23","guid":{"rendered":"https:\/\/www.purejewels.com\/?post_type=product&#038;p=410160"},"modified":"2026-01-06T05:33:52","modified_gmt":"2026-01-06T05:33:52","slug":"cift-ton-elmas-kesim-saplama-kupe-48290","status":"publish","type":"product","link":"https:\/\/www.purejewels.com\/tr\/product\/dual-tone-diamond-cut-stud-earrings-48290\/","title":{"rendered":"\u00c7ift Tonlu Elmas Kesim Saplama K\u00fcpe"},"content":{"rendered":"<p data-start=\"376\" data-end=\"715\">G\u00fcnl\u00fck stilinizi bu model ile y\u00fckseltin <strong data-start=\"436\" data-end=\"475\">\u00c7ift Ton P\u0131rlanta Kesimli Saplama K\u00fcpe<\/strong>i\u015f\u00e7ilik ve modern zarafetin sofistike bir kar\u0131\u015f\u0131m\u0131d\u0131r. Ustal\u0131kla el yap\u0131m\u0131 <strong data-start=\"561\" data-end=\"574\">22 ayar alt\u0131n<\/strong>her bir k\u00fcpe \u0131\u015f\u0131lt\u0131l\u0131 bir <strong data-start=\"609\" data-end=\"641\">sunburst elmas kesim desen<\/strong> merkezde, her hareketle \u0131\u015f\u0131\u011f\u0131 yakalamak ve yans\u0131tmak i\u00e7in tasarlanm\u0131\u015ft\u0131r.<\/p>\n<p data-start=\"717\" data-end=\"963\">Merkezi \u00e7evreleyen ince dokulu bir bord\u00fcr, bir <strong data-start=\"784\" data-end=\"802\">rodyum kaplama<\/strong> \u00e7arp\u0131c\u0131 iki tonlu bir etki yaratmak i\u00e7in. Bu kontrast sadece alt\u0131n\u0131n parlakl\u0131\u011f\u0131n\u0131 artt\u0131rmakla kalmaz, ayn\u0131 zamanda zamans\u0131z bir saplama tasar\u0131m\u0131na \u00e7a\u011fda\u015f bir hava katar.<\/p>\n<p data-start=\"965\" data-end=\"1273\">A\u011f\u0131rl\u0131\u011f\u0131 sadece <strong data-start=\"979\" data-end=\"992\">2,5 gram<\/strong>Bu k\u00fcpeler hafif bir konfor sunarak g\u00fcnl\u00fck kullan\u0131m i\u00e7in idealdir ve l\u00fcks bir dokunu\u015f katmaya devam eder. \u0130ster resmi k\u0131yafetlerle, ister g\u00fcndelik k\u0131yafetlerle veya bayram k\u0131yafetleriyle e\u015fle\u015ftirilsin, \u00c7ift Tonlu P\u0131rlanta Kesimli Saplama K\u00fcpeler her duruma ince ama b\u00fcy\u00fcleyici bir \u0131\u015f\u0131lt\u0131 getirir.<\/p>\n<p data-start=\"1275\" data-end=\"1433\">Koleksiyonunuza \u00e7ok y\u00f6nl\u00fc bir katk\u0131 sa\u011flayan bu tak\u0131lar, gelene\u011fi modern bir dokunu\u015fla dengeleyen m\u00fccevherleri takdir eden biri i\u00e7in de d\u00fc\u015f\u00fcnceli bir hediye olacakt\u0131r.<\/p>","protected":false},"excerpt":{"rendered":"<p>Rodyum kaplamal\u0131 22 ayar alt\u0131ndan el i\u015f\u00e7ili\u011fiyle \u00fcretilen bu 2,5 g \u00c7ift Ton P\u0131rlanta Kesimli Saplama K\u00fcpeler, dokulu iki tonlu kenarl\u0131kla \u00e7er\u00e7evelenmi\u015f g\u00fcne\u015f patlamas\u0131ndan ilham alan bir merkeze sahiptir. G\u00fcnl\u00fck g\u00f6r\u00fcn\u00fcm\u00fcn\u00fcze zarif bir \u0131\u015f\u0131lt\u0131 katmak i\u00e7in m\u00fckemmeldir.<\/p>\n<p><strong>Malzeme:<\/strong> 22 Ayar Alt\u0131n<br \/>\n<strong>Safl\u0131k:<\/strong> 91.6% saf<br \/>\n<strong>Hallmark:<\/strong>\u00a0\u0130ngiliz Damgas\u0131<br \/>\n<strong>SKU:<\/strong> 48290<br \/>\n<strong>Br\u00fct A\u011f\u0131rl\u0131k:<\/strong> 2.50 Gms<\/p>\n<p><strong>Fiyat ve Teslimat:<\/strong>\u00a0KDV ve teslimat \u00fccretleri dahil<br \/>\n<a href=\"https:\/\/www.purejewels.com\/tr\/i%cc%87ade-poli%cc%87ti%cc%87kasi\/\"><strong>\u0130ade Politikas\u0131<\/strong><\/a><\/p>","protected":false},"featured_media":410164,"comment_status":"closed","ping_status":"closed","template":"","meta":{"_eb_attr":"","_crsspst_to_jayantr4sg-hostcom":true},"product_brand":[],"product_cat":[1559,1793,1254,1229,5343,1570,5338,1577,1574,5349],"product_tag":[66],"class_list":{"0":"post-410160","1":"product","2":"type-product","3":"status-publish","4":"has-post-thumbnail","6":"product_cat-birthday-gifts","7":"product_cat-diwali-gifts","8":"product_cat-gold-earrings","9":"product_cat-22ct-gold-jewellery","10":"product_cat-jewellery-under-550","11":"product_cat-mothers-day-gifts","12":"product_cat-shop-by-price","13":"product_cat-stud-earrings","14":"product_cat-womens-jewellery","15":"product_cat-yellow-gold-jewellery","16":"product_tag-earrings","18":"first","19":"outofstock","20":"taxable","21":"shipping-taxable","22":"product-type-simple","23":"add-to-wishlist-before_image"},"yoast_head":"<!-- This site is optimized with the Yoast SEO plugin v27.5 - https:\/\/yoast.com\/product\/yoast-seo-wordpress\/ -->\n<title>Dual-Tone Diamond-Cut Stud Earrings | PureJewels UK<\/title>\n<meta name=\"description\" content=\"Shop Dual-Tone Diamond-Cut Stud Earrings from PureJewels. Handcrafted in gold with rhodium finish, these studs feature a sunburst design and textured two-tone border.\" \/>\n<meta name=\"robots\" content=\"index, follow, max-snippet:-1, max-image-preview:large, max-video-preview:-1\" \/>\n<link rel=\"canonical\" href=\"https:\/\/www.purejewels.com\/tr\/urun\/cift-ton-elmas-kesim-saplama-kupe-48290\/\" \/>\n<meta property=\"og:locale\" content=\"tr_TR\" \/>\n<meta property=\"og:type\" content=\"article\" \/>\n<meta property=\"og:title\" content=\"Dual-Tone Diamond-Cut Stud Earrings | PureJewels UK\" \/>\n<meta property=\"og:description\" content=\"Shop Dual-Tone Diamond-Cut Stud Earrings from PureJewels. Handcrafted in gold with rhodium finish, these studs feature a sunburst design and textured two-tone border.\" \/>\n<meta property=\"og:url\" content=\"https:\/\/www.purejewels.com\/tr\/urun\/cift-ton-elmas-kesim-saplama-kupe-48290\/\" \/>\n<meta property=\"og:site_name\" content=\"PureJewels UK\" \/>\n<meta property=\"article:modified_time\" content=\"2026-01-06T05:33:52+00:00\" \/>\n<meta property=\"og:image\" content=\"https:\/\/www.purejewels.com\/wp-content\/uploads\/2025\/08\/SKU-48290.jpg\" \/>\n\t<meta property=\"og:image:width\" content=\"1000\" \/>\n\t<meta property=\"og:image:height\" content=\"1000\" \/>\n\t<meta property=\"og:image:type\" content=\"image\/jpeg\" \/>\n<meta name=\"twitter:card\" content=\"summary_large_image\" \/>\n<meta name=\"twitter:label1\" content=\"Tahmini okuma s\u00fcresi\" \/>\n\t<meta name=\"twitter:data1\" content=\"1 dakika\" \/>\n<script type=\"application\/ld+json\" class=\"yoast-schema-graph\">{\"@context\":\"https:\\\/\\\/schema.org\",\"@graph\":[{\"@type\":[\"WebPage\",\"ItemPage\"],\"@id\":\"https:\\\/\\\/www.purejewels.com\\\/product\\\/dual-tone-diamond-cut-stud-earrings-48290\\\/\",\"url\":\"https:\\\/\\\/www.purejewels.com\\\/product\\\/dual-tone-diamond-cut-stud-earrings-48290\\\/\",\"name\":\"Dual-Tone Diamond-Cut Stud Earrings | PureJewels UK\",\"isPartOf\":{\"@id\":\"https:\\\/\\\/www.purejewels.com\\\/#website\"},\"primaryImageOfPage\":{\"@id\":\"https:\\\/\\\/www.purejewels.com\\\/product\\\/dual-tone-diamond-cut-stud-earrings-48290\\\/#primaryimage\"},\"image\":{\"@id\":\"https:\\\/\\\/www.purejewels.com\\\/product\\\/dual-tone-diamond-cut-stud-earrings-48290\\\/#primaryimage\"},\"thumbnailUrl\":\"https:\\\/\\\/static.purejewels.com\\\/wp-content\\\/uploads\\\/2025\\\/08\\\/SKU-48290.jpg\",\"datePublished\":\"2025-07-08T06:38:23+00:00\",\"dateModified\":\"2026-01-06T05:33:52+00:00\",\"description\":\"Shop Dual-Tone Diamond-Cut Stud Earrings from PureJewels. Handcrafted in gold with rhodium finish, these studs feature a sunburst design and textured two-tone border.\",\"breadcrumb\":{\"@id\":\"https:\\\/\\\/www.purejewels.com\\\/product\\\/dual-tone-diamond-cut-stud-earrings-48290\\\/#breadcrumb\"},\"inLanguage\":\"tr\",\"potentialAction\":[{\"@type\":\"ReadAction\",\"target\":[\"https:\\\/\\\/www.purejewels.com\\\/product\\\/dual-tone-diamond-cut-stud-earrings-48290\\\/\"]}]},{\"@type\":\"ImageObject\",\"inLanguage\":\"tr\",\"@id\":\"https:\\\/\\\/www.purejewels.com\\\/product\\\/dual-tone-diamond-cut-stud-earrings-48290\\\/#primaryimage\",\"url\":\"https:\\\/\\\/static.purejewels.com\\\/wp-content\\\/uploads\\\/2025\\\/08\\\/SKU-48290.jpg\",\"contentUrl\":\"https:\\\/\\\/static.purejewels.com\\\/wp-content\\\/uploads\\\/2025\\\/08\\\/SKU-48290.jpg\",\"width\":1000,\"height\":1000,\"caption\":\"Dual-Tone Diamond-Cut Stud Earrings\"},{\"@type\":\"BreadcrumbList\",\"@id\":\"https:\\\/\\\/www.purejewels.com\\\/product\\\/dual-tone-diamond-cut-stud-earrings-48290\\\/#breadcrumb\",\"itemListElement\":[{\"@type\":\"ListItem\",\"position\":1,\"name\":\"Home\",\"item\":\"https:\\\/\\\/www.purejewels.com\\\/\"},{\"@type\":\"ListItem\",\"position\":2,\"name\":\"Shop\",\"item\":\"https:\\\/\\\/www.purejewels.com\\\/shop\\\/\"},{\"@type\":\"ListItem\",\"position\":3,\"name\":\"Dual Tone Diamond Cut Stud Earrings\"}]},{\"@type\":\"WebSite\",\"@id\":\"https:\\\/\\\/www.purejewels.com\\\/#website\",\"url\":\"https:\\\/\\\/www.purejewels.com\\\/\",\"name\":\"PureJewels UK\",\"description\":\"Share the Love\",\"publisher\":{\"@id\":\"https:\\\/\\\/www.purejewels.com\\\/#organization\"},\"potentialAction\":[{\"@type\":\"SearchAction\",\"target\":{\"@type\":\"EntryPoint\",\"urlTemplate\":\"https:\\\/\\\/www.purejewels.com\\\/?s={search_term_string}\"},\"query-input\":{\"@type\":\"PropertyValueSpecification\",\"valueRequired\":true,\"valueName\":\"search_term_string\"}}],\"inLanguage\":\"tr\"},{\"@type\":\"Organization\",\"@id\":\"https:\\\/\\\/www.purejewels.com\\\/#organization\",\"name\":\"PureJewels UK\",\"url\":\"https:\\\/\\\/www.purejewels.com\\\/\",\"logo\":{\"@type\":\"ImageObject\",\"inLanguage\":\"tr\",\"@id\":\"https:\\\/\\\/www.purejewels.com\\\/#\\\/schema\\\/logo\\\/image\\\/\",\"url\":\"https:\\\/\\\/static.purejewels.com\\\/wp-content\\\/uploads\\\/2020\\\/11\\\/Logo-PJ-New-1.png\",\"contentUrl\":\"https:\\\/\\\/static.purejewels.com\\\/wp-content\\\/uploads\\\/2020\\\/11\\\/Logo-PJ-New-1.png\",\"width\":150,\"height\":80,\"caption\":\"PureJewels UK\"},\"image\":{\"@id\":\"https:\\\/\\\/www.purejewels.com\\\/#\\\/schema\\\/logo\\\/image\\\/\"}}]}<\/script>\n<!-- \/ Yoast SEO plugin. -->","yoast_head_json":{"title":"\u00c7ift Ton P\u0131rlanta Kesimli Saplama K\u00fcpe | PureJewels UK","description":"PureJewels'ten \u00c7ift Tonlu P\u0131rlanta Kesimli Saplama K\u00fcpe sat\u0131n al\u0131n. Rodyum kaplamal\u0131 alt\u0131ndan el i\u015f\u00e7ili\u011fiyle \u00fcretilen bu k\u00fcpeler, g\u00fcne\u015f patlamas\u0131 tasar\u0131m\u0131na ve dokulu iki tonlu kenarl\u0131\u011fa sahiptir.","robots":{"index":"index","follow":"follow","max-snippet":"max-snippet:-1","max-image-preview":"max-image-preview:large","max-video-preview":"max-video-preview:-1"},"canonical":"https:\/\/www.purejewels.com\/tr\/urun\/cift-ton-elmas-kesim-saplama-kupe-48290\/","og_locale":"tr_TR","og_type":"article","og_title":"Dual-Tone Diamond-Cut Stud Earrings | PureJewels UK","og_description":"Shop Dual-Tone Diamond-Cut Stud Earrings from PureJewels. Handcrafted in gold with rhodium finish, these studs feature a sunburst design and textured two-tone border.","og_url":"https:\/\/www.purejewels.com\/tr\/urun\/cift-ton-elmas-kesim-saplama-kupe-48290\/","og_site_name":"PureJewels UK","article_modified_time":"2026-01-06T05:33:52+00:00","og_image":[{"width":1000,"height":1000,"url":"https:\/\/www.purejewels.com\/wp-content\/uploads\/2025\/08\/SKU-48290.jpg","type":"image\/jpeg"}],"twitter_card":"summary_large_image","twitter_misc":{"Tahmini okuma s\u00fcresi":"1 dakika"},"schema":{"@context":"https:\/\/schema.org","@graph":[{"@type":["WebPage","ItemPage"],"@id":"https:\/\/www.purejewels.com\/product\/dual-tone-diamond-cut-stud-earrings-48290\/","url":"https:\/\/www.purejewels.com\/product\/dual-tone-diamond-cut-stud-earrings-48290\/","name":"\u00c7ift Ton P\u0131rlanta Kesimli Saplama K\u00fcpe | PureJewels UK","isPartOf":{"@id":"https:\/\/www.purejewels.com\/#website"},"primaryImageOfPage":{"@id":"https:\/\/www.purejewels.com\/product\/dual-tone-diamond-cut-stud-earrings-48290\/#primaryimage"},"image":{"@id":"https:\/\/www.purejewels.com\/product\/dual-tone-diamond-cut-stud-earrings-48290\/#primaryimage"},"thumbnailUrl":"https:\/\/static.purejewels.com\/wp-content\/uploads\/2025\/08\/SKU-48290.jpg","datePublished":"2025-07-08T06:38:23+00:00","dateModified":"2026-01-06T05:33:52+00:00","description":"PureJewels'ten \u00c7ift Tonlu P\u0131rlanta Kesimli Saplama K\u00fcpe sat\u0131n al\u0131n. Rodyum kaplamal\u0131 alt\u0131ndan el i\u015f\u00e7ili\u011fiyle \u00fcretilen bu k\u00fcpeler, g\u00fcne\u015f patlamas\u0131 tasar\u0131m\u0131na ve dokulu iki tonlu kenarl\u0131\u011fa sahiptir.","breadcrumb":{"@id":"https:\/\/www.purejewels.com\/product\/dual-tone-diamond-cut-stud-earrings-48290\/#breadcrumb"},"inLanguage":"tr","potentialAction":[{"@type":"ReadAction","target":["https:\/\/www.purejewels.com\/product\/dual-tone-diamond-cut-stud-earrings-48290\/"]}]},{"@type":"ImageObject","inLanguage":"tr","@id":"https:\/\/www.purejewels.com\/product\/dual-tone-diamond-cut-stud-earrings-48290\/#primaryimage","url":"https:\/\/static.purejewels.com\/wp-content\/uploads\/2025\/08\/SKU-48290.jpg","contentUrl":"https:\/\/static.purejewels.com\/wp-content\/uploads\/2025\/08\/SKU-48290.jpg","width":1000,"height":1000,"caption":"Dual-Tone Diamond-Cut Stud Earrings"},{"@type":"BreadcrumbList","@id":"https:\/\/www.purejewels.com\/product\/dual-tone-diamond-cut-stud-earrings-48290\/#breadcrumb","itemListElement":[{"@type":"ListItem","position":1,"name":"Home","item":"https:\/\/www.purejewels.com\/"},{"@type":"ListItem","position":2,"name":"Shop","item":"https:\/\/www.purejewels.com\/shop\/"},{"@type":"ListItem","position":3,"name":"Dual Tone Diamond Cut Stud Earrings"}]},{"@type":"WebSite","@id":"https:\/\/www.purejewels.com\/#website","url":"https:\/\/www.purejewels.com\/","name":"PureJewels \u0130ngiltere","description":"Sevgiyi Payla\u015f\u0131n","publisher":{"@id":"https:\/\/www.purejewels.com\/#organization"},"potentialAction":[{"@type":"SearchAction","target":{"@type":"EntryPoint","urlTemplate":"https:\/\/www.purejewels.com\/?s={search_term_string}"},"query-input":{"@type":"PropertyValueSpecification","valueRequired":true,"valueName":"search_term_string"}}],"inLanguage":"tr"},{"@type":"Organization","@id":"https:\/\/www.purejewels.com\/#organization","name":"PureJewels \u0130ngiltere","url":"https:\/\/www.purejewels.com\/","logo":{"@type":"ImageObject","inLanguage":"tr","@id":"https:\/\/www.purejewels.com\/#\/schema\/logo\/image\/","url":"https:\/\/static.purejewels.com\/wp-content\/uploads\/2020\/11\/Logo-PJ-New-1.png","contentUrl":"https:\/\/static.purejewels.com\/wp-content\/uploads\/2020\/11\/Logo-PJ-New-1.png","width":150,"height":80,"caption":"PureJewels UK"},"image":{"@id":"https:\/\/www.purejewels.com\/#\/schema\/logo\/image\/"}}]}},"_links":{"self":[{"href":"https:\/\/www.purejewels.com\/tr\/wp-json\/wp\/v2\/product\/410160","targetHints":{"allow":["GET"]}}],"collection":[{"href":"https:\/\/www.purejewels.com\/tr\/wp-json\/wp\/v2\/product"}],"about":[{"href":"https:\/\/www.purejewels.com\/tr\/wp-json\/wp\/v2\/types\/product"}],"replies":[{"embeddable":true,"href":"https:\/\/www.purejewels.com\/tr\/wp-json\/wp\/v2\/comments?post=410160"}],"version-history":[{"count":3,"href":"https:\/\/www.purejewels.com\/tr\/wp-json\/wp\/v2\/product\/410160\/revisions"}],"predecessor-version":[{"id":414482,"href":"https:\/\/www.purejewels.com\/tr\/wp-json\/wp\/v2\/product\/410160\/revisions\/414482"}],"wp:featuredmedia":[{"embeddable":true,"href":"https:\/\/www.purejewels.com\/tr\/wp-json\/wp\/v2\/media\/410164"}],"wp:attachment":[{"href":"https:\/\/www.purejewels.com\/tr\/wp-json\/wp\/v2\/media?parent=410160"}],"wp:term":[{"taxonomy":"product_brand","embeddable":true,"href":"https:\/\/www.purejewels.com\/tr\/wp-json\/wp\/v2\/product_brand?post=410160"},{"taxonomy":"product_cat","embeddable":true,"href":"https:\/\/www.purejewels.com\/tr\/wp-json\/wp\/v2\/product_cat?post=410160"},{"taxonomy":"product_tag","embeddable":true,"href":"https:\/\/www.purejewels.com\/tr\/wp-json\/wp\/v2\/product_tag?post=410160"}],"curies":[{"name":"wp","href":"https:\/\/api.w.org\/{rel}","templated":true}]}}