{"id":410197,"date":"2025-07-24T09:32:27","date_gmt":"2025-07-24T08:32:27","guid":{"rendered":"https:\/\/www.purejewels.com\/?post_type=product&#038;p=410197"},"modified":"2026-01-07T10:40:46","modified_gmt":"2026-01-07T10:40:46","slug":"18-ayar-altin-yuvarlak-pirlanta-mangalsutra-48962","status":"publish","type":"product","link":"https:\/\/www.purejewels.com\/tr\/product\/18ct-gold-round-diamond-mangalsutra-48962\/","title":{"rendered":"18 Ayar Alt\u0131n Yuvarlak P\u0131rlanta Mangalsutra"},"content":{"rendered":"<p data-start=\"187\" data-end=\"560\">Geleneksel ve modern zarafetin zarif bir ifadesi olan bu <strong data-start=\"272\" data-end=\"311\">18 Ayar Alt\u0131n Yuvarlak P\u0131rlanta Mangalsutra<\/strong> a\u015fk\u0131 ve ba\u011fl\u0131l\u0131\u011f\u0131 kutlamak i\u00e7in g\u00fczel bir \u015fekilde \u00fcretilmi\u015ftir. Merkezinde, toplam de\u011feri 1,5 milyonu bulan do\u011fal p\u0131rlantalarla s\u00fcslenmi\u015f dairesel bir kolye bulunur. <strong data-start=\"449\" data-end=\"463\">0,33 karat<\/strong>. Her bir ta\u015f, kolyenin karma\u015f\u0131k hale tasar\u0131m\u0131n\u0131 zenginle\u015ftiren parlak \u0131\u015f\u0131lt\u0131s\u0131 i\u00e7in se\u00e7ilmi\u015ftir.<\/p>\n<p data-start=\"562\" data-end=\"834\">Birlik ve korumay\u0131 simgeleyen klasik siyah boncuklu zincir, 18 ayar alt\u0131n\u0131n s\u0131cak \u0131\u015f\u0131lt\u0131s\u0131yla e\u015fle\u015ftirilerek zarif bir kontrast olu\u015fturuyor. \u00d6l\u00e7\u00fcler <strong data-start=\"710\" data-end=\"723\">18 in\u00e7<\/strong> uzunlu\u011fundaki bu Mangalsutra, boyun \u00e7izgisinde zarif bir \u015fekilde \u00f6rt\u00fcl\u00fcr, g\u00fcnl\u00fck \u015f\u0131kl\u0131k veya t\u00f6ren giyimi i\u00e7in m\u00fckemmeldir.<\/p>\n<p data-start=\"836\" data-end=\"1051\">PureJewels'in her bir eseri, \u00f6zel bir damgaya sahiptir. <strong data-start=\"883\" data-end=\"906\">Londra Tahlil Ofisi<\/strong> Kalite ve orijinalli\u011fi garanti alt\u0131na almak i\u00e7in imzal\u0131 l\u00fcks ambalaj\u0131m\u0131zda gelir - hediye edilmeye veya \u00f6m\u00fcr boyu hat\u0131ra olarak de\u011fer verilmeye haz\u0131rd\u0131r.<\/p>","protected":false},"excerpt":{"rendered":"<p>K\u00fclt\u00fcrel miras\u0131 rafine bir tarzla harmanlayan, 0,33 karat yuvarlak hale tasar\u0131m\u0131na sahip 18 Ayar Alt\u0131n P\u0131rlanta Mangalsutra.<\/p>\n<p><strong>Malzeme:<\/strong> 18 Ayar Sar\u0131 Alt\u0131n<br \/>\n<strong>Hallmark:<\/strong>\u00a0\u0130ngiliz Damgas\u0131<br \/>\n<strong>Br\u00fct A\u011f\u0131rl\u0131k:\u00a0<\/strong> 5.30 Gms<br \/>\n<strong>Uzunluk:<\/strong> 18 \u0130n\u00e7<br \/>\n<strong>SKU:<\/strong> 48962<br \/>\n<b>Do\u011fal Elmas A\u011f\u0131rl\u0131\u011f\u0131: <\/b>0.33ct<br \/>\n<b>Ta\u015f: <\/b>Do\u011fal Elmas<br \/>\n<strong>Sertifika ile birlikte gelir:<\/strong>\u00a0Evet<\/p>\n<p><strong>Fiyat ve Teslimat:\u00a0<\/strong>KDV ve teslimat \u00fccretleri dahil<strong><br \/>\n<a href=\"https:\/\/www.purejewels.com\/tr\/i%cc%87ade-poli%cc%87ti%cc%87kasi\/\">\u0130ade Politikas\u0131<\/a><\/strong><\/p>","protected":false},"featured_media":410202,"comment_status":"closed","ping_status":"closed","template":"","meta":{"_eb_attr":"","_crsspst_to_jayantr4sg-hostcom":true},"product_brand":[],"product_cat":[5679,6087,1791,1559,1775,5457,5461,1284,1776,1573],"product_tag":[],"class_list":{"0":"post-410197","1":"product","2":"type-product","3":"status-publish","4":"has-post-thumbnail","6":"product_cat-18ct-gold-jewellery","7":"product_cat-18ct-gold-managlsutra","8":"product_cat-anniversary-gifts","9":"product_cat-birthday-gifts","10":"product_cat-daily-wear-mangalsutras","11":"product_cat-diamond-jewellery","12":"product_cat-diamond-mangalsutras","13":"product_cat-gold-mangalsutras","14":"product_cat-occasional-wear-mangalsutras","15":"product_cat-wedding-gifts","17":"first","18":"instock","19":"taxable","20":"shipping-taxable","21":"purchasable","22":"product-type-simple","23":"add-to-wishlist-before_image"},"yoast_head":"<!-- This site is optimized with the Yoast SEO plugin v27.6 - https:\/\/yoast.com\/product\/yoast-seo-wordpress\/ -->\n<title>18ct Gold Round Diamond Mangalsutra \u2013 0.33 Carat | PureJewels<\/title>\n<meta name=\"description\" content=\"Shop the 18ct Gold Round Diamond Mangalsutra \u2013 0.33 Carat at PureJewels. A timeless blend of tradition, craftsmanship, and sparkling elegance.\" \/>\n<meta name=\"robots\" content=\"index, follow, max-snippet:-1, max-image-preview:large, max-video-preview:-1\" \/>\n<link rel=\"canonical\" href=\"https:\/\/www.purejewels.com\/tr\/urun\/18-ayar-altin-yuvarlak-pirlanta-mangalsutra-48962\/\" \/>\n<meta property=\"og:locale\" content=\"tr_TR\" \/>\n<meta property=\"og:type\" content=\"article\" \/>\n<meta property=\"og:title\" content=\"18ct Gold Round Diamond Mangalsutra \u2013 0.33 Carat | PureJewels\" \/>\n<meta property=\"og:description\" content=\"Shop the 18ct Gold Round Diamond Mangalsutra \u2013 0.33 Carat at PureJewels. A timeless blend of tradition, craftsmanship, and sparkling elegance.\" \/>\n<meta property=\"og:url\" content=\"https:\/\/www.purejewels.com\/tr\/urun\/18-ayar-altin-yuvarlak-pirlanta-mangalsutra-48962\/\" \/>\n<meta property=\"og:site_name\" content=\"PureJewels UK\" \/>\n<meta property=\"article:modified_time\" content=\"2026-01-07T10:40:46+00:00\" \/>\n<meta property=\"og:image\" content=\"https:\/\/www.purejewels.com\/wp-content\/uploads\/2025\/08\/SKU-48962.jpg\" \/>\n\t<meta property=\"og:image:width\" content=\"1000\" \/>\n\t<meta property=\"og:image:height\" content=\"1000\" \/>\n\t<meta property=\"og:image:type\" content=\"image\/jpeg\" \/>\n<meta name=\"twitter:card\" content=\"summary_large_image\" \/>\n<meta name=\"twitter:label1\" content=\"Tahmini okuma s\u00fcresi\" \/>\n\t<meta name=\"twitter:data1\" content=\"1 dakika\" \/>\n<script type=\"application\/ld+json\" class=\"yoast-schema-graph\">{\"@context\":\"https:\\\/\\\/schema.org\",\"@graph\":[{\"@type\":[\"WebPage\",\"ItemPage\"],\"@id\":\"https:\\\/\\\/www.purejewels.com\\\/product\\\/18ct-gold-round-diamond-mangalsutra-48962\\\/\",\"url\":\"https:\\\/\\\/www.purejewels.com\\\/product\\\/18ct-gold-round-diamond-mangalsutra-48962\\\/\",\"name\":\"18ct Gold Round Diamond Mangalsutra \u2013 0.33 Carat | PureJewels\",\"isPartOf\":{\"@id\":\"https:\\\/\\\/www.purejewels.com\\\/#website\"},\"primaryImageOfPage\":{\"@id\":\"https:\\\/\\\/www.purejewels.com\\\/product\\\/18ct-gold-round-diamond-mangalsutra-48962\\\/#primaryimage\"},\"image\":{\"@id\":\"https:\\\/\\\/www.purejewels.com\\\/product\\\/18ct-gold-round-diamond-mangalsutra-48962\\\/#primaryimage\"},\"thumbnailUrl\":\"https:\\\/\\\/static.purejewels.com\\\/wp-content\\\/uploads\\\/2025\\\/08\\\/SKU-48962.jpg\",\"datePublished\":\"2025-07-24T08:32:27+00:00\",\"dateModified\":\"2026-01-07T10:40:46+00:00\",\"description\":\"Shop the 18ct Gold Round Diamond Mangalsutra \u2013 0.33 Carat at PureJewels. A timeless blend of tradition, craftsmanship, and sparkling elegance.\",\"breadcrumb\":{\"@id\":\"https:\\\/\\\/www.purejewels.com\\\/product\\\/18ct-gold-round-diamond-mangalsutra-48962\\\/#breadcrumb\"},\"inLanguage\":\"tr\",\"potentialAction\":[{\"@type\":\"ReadAction\",\"target\":[\"https:\\\/\\\/www.purejewels.com\\\/product\\\/18ct-gold-round-diamond-mangalsutra-48962\\\/\"]}]},{\"@type\":\"ImageObject\",\"inLanguage\":\"tr\",\"@id\":\"https:\\\/\\\/www.purejewels.com\\\/product\\\/18ct-gold-round-diamond-mangalsutra-48962\\\/#primaryimage\",\"url\":\"https:\\\/\\\/static.purejewels.com\\\/wp-content\\\/uploads\\\/2025\\\/08\\\/SKU-48962.jpg\",\"contentUrl\":\"https:\\\/\\\/static.purejewels.com\\\/wp-content\\\/uploads\\\/2025\\\/08\\\/SKU-48962.jpg\",\"width\":1000,\"height\":1000,\"caption\":\"Stacked from 5 images. Method=B (R=8,S=4)\"},{\"@type\":\"BreadcrumbList\",\"@id\":\"https:\\\/\\\/www.purejewels.com\\\/product\\\/18ct-gold-round-diamond-mangalsutra-48962\\\/#breadcrumb\",\"itemListElement\":[{\"@type\":\"ListItem\",\"position\":1,\"name\":\"Home\",\"item\":\"https:\\\/\\\/www.purejewels.com\\\/\"},{\"@type\":\"ListItem\",\"position\":2,\"name\":\"Shop\",\"item\":\"https:\\\/\\\/www.purejewels.com\\\/shop\\\/\"},{\"@type\":\"ListItem\",\"position\":3,\"name\":\"18ct Gold Round Diamond Mangalsutra\"}]},{\"@type\":\"WebSite\",\"@id\":\"https:\\\/\\\/www.purejewels.com\\\/#website\",\"url\":\"https:\\\/\\\/www.purejewels.com\\\/\",\"name\":\"PureJewels UK\",\"description\":\"Share the Love\",\"publisher\":{\"@id\":\"https:\\\/\\\/www.purejewels.com\\\/#organization\"},\"potentialAction\":[{\"@type\":\"SearchAction\",\"target\":{\"@type\":\"EntryPoint\",\"urlTemplate\":\"https:\\\/\\\/www.purejewels.com\\\/?s={search_term_string}\"},\"query-input\":{\"@type\":\"PropertyValueSpecification\",\"valueRequired\":true,\"valueName\":\"search_term_string\"}}],\"inLanguage\":\"tr\"},{\"@type\":\"Organization\",\"@id\":\"https:\\\/\\\/www.purejewels.com\\\/#organization\",\"name\":\"PureJewels UK\",\"url\":\"https:\\\/\\\/www.purejewels.com\\\/\",\"logo\":{\"@type\":\"ImageObject\",\"inLanguage\":\"tr\",\"@id\":\"https:\\\/\\\/www.purejewels.com\\\/#\\\/schema\\\/logo\\\/image\\\/\",\"url\":\"https:\\\/\\\/static.purejewels.com\\\/wp-content\\\/uploads\\\/2020\\\/11\\\/Logo-PJ-New-1.png\",\"contentUrl\":\"https:\\\/\\\/static.purejewels.com\\\/wp-content\\\/uploads\\\/2020\\\/11\\\/Logo-PJ-New-1.png\",\"width\":150,\"height\":80,\"caption\":\"PureJewels UK\"},\"image\":{\"@id\":\"https:\\\/\\\/www.purejewels.com\\\/#\\\/schema\\\/logo\\\/image\\\/\"}}]}<\/script>\n<!-- \/ Yoast SEO plugin. -->","yoast_head_json":{"title":"18 Ayar Alt\u0131n Yuvarlak P\u0131rlanta Mangalsutra - 0,33 Karat | PureJewels","description":"PureJewels'te 18 Ayar Alt\u0131n Yuvarlak P\u0131rlanta Mangalsutra - 0,33 Karat'\u0131 sat\u0131n al\u0131n. Gelenek, i\u015f\u00e7ilik ve \u0131\u015f\u0131lt\u0131l\u0131 zarafetin zamans\u0131z bir kar\u0131\u015f\u0131m\u0131.","robots":{"index":"index","follow":"follow","max-snippet":"max-snippet:-1","max-image-preview":"max-image-preview:large","max-video-preview":"max-video-preview:-1"},"canonical":"https:\/\/www.purejewels.com\/tr\/urun\/18-ayar-altin-yuvarlak-pirlanta-mangalsutra-48962\/","og_locale":"tr_TR","og_type":"article","og_title":"18ct Gold Round Diamond Mangalsutra \u2013 0.33 Carat | PureJewels","og_description":"Shop the 18ct Gold Round Diamond Mangalsutra \u2013 0.33 Carat at PureJewels. A timeless blend of tradition, craftsmanship, and sparkling elegance.","og_url":"https:\/\/www.purejewels.com\/tr\/urun\/18-ayar-altin-yuvarlak-pirlanta-mangalsutra-48962\/","og_site_name":"PureJewels UK","article_modified_time":"2026-01-07T10:40:46+00:00","og_image":[{"width":1000,"height":1000,"url":"https:\/\/www.purejewels.com\/wp-content\/uploads\/2025\/08\/SKU-48962.jpg","type":"image\/jpeg"}],"twitter_card":"summary_large_image","twitter_misc":{"Tahmini okuma s\u00fcresi":"1 dakika"},"schema":{"@context":"https:\/\/schema.org","@graph":[{"@type":["WebPage","ItemPage"],"@id":"https:\/\/www.purejewels.com\/product\/18ct-gold-round-diamond-mangalsutra-48962\/","url":"https:\/\/www.purejewels.com\/product\/18ct-gold-round-diamond-mangalsutra-48962\/","name":"18 Ayar Alt\u0131n Yuvarlak P\u0131rlanta Mangalsutra - 0,33 Karat | PureJewels","isPartOf":{"@id":"https:\/\/www.purejewels.com\/#website"},"primaryImageOfPage":{"@id":"https:\/\/www.purejewels.com\/product\/18ct-gold-round-diamond-mangalsutra-48962\/#primaryimage"},"image":{"@id":"https:\/\/www.purejewels.com\/product\/18ct-gold-round-diamond-mangalsutra-48962\/#primaryimage"},"thumbnailUrl":"https:\/\/static.purejewels.com\/wp-content\/uploads\/2025\/08\/SKU-48962.jpg","datePublished":"2025-07-24T08:32:27+00:00","dateModified":"2026-01-07T10:40:46+00:00","description":"PureJewels'te 18 Ayar Alt\u0131n Yuvarlak P\u0131rlanta Mangalsutra - 0,33 Karat'\u0131 sat\u0131n al\u0131n. Gelenek, i\u015f\u00e7ilik ve \u0131\u015f\u0131lt\u0131l\u0131 zarafetin zamans\u0131z bir kar\u0131\u015f\u0131m\u0131.","breadcrumb":{"@id":"https:\/\/www.purejewels.com\/product\/18ct-gold-round-diamond-mangalsutra-48962\/#breadcrumb"},"inLanguage":"tr","potentialAction":[{"@type":"ReadAction","target":["https:\/\/www.purejewels.com\/product\/18ct-gold-round-diamond-mangalsutra-48962\/"]}]},{"@type":"ImageObject","inLanguage":"tr","@id":"https:\/\/www.purejewels.com\/product\/18ct-gold-round-diamond-mangalsutra-48962\/#primaryimage","url":"https:\/\/static.purejewels.com\/wp-content\/uploads\/2025\/08\/SKU-48962.jpg","contentUrl":"https:\/\/static.purejewels.com\/wp-content\/uploads\/2025\/08\/SKU-48962.jpg","width":1000,"height":1000,"caption":"Stacked from 5 images. Method=B (R=8,S=4)"},{"@type":"BreadcrumbList","@id":"https:\/\/www.purejewels.com\/product\/18ct-gold-round-diamond-mangalsutra-48962\/#breadcrumb","itemListElement":[{"@type":"ListItem","position":1,"name":"Home","item":"https:\/\/www.purejewels.com\/"},{"@type":"ListItem","position":2,"name":"Shop","item":"https:\/\/www.purejewels.com\/shop\/"},{"@type":"ListItem","position":3,"name":"18ct Gold Round Diamond Mangalsutra"}]},{"@type":"WebSite","@id":"https:\/\/www.purejewels.com\/#website","url":"https:\/\/www.purejewels.com\/","name":"PureJewels \u0130ngiltere","description":"Sevgiyi Payla\u015f\u0131n","publisher":{"@id":"https:\/\/www.purejewels.com\/#organization"},"potentialAction":[{"@type":"SearchAction","target":{"@type":"EntryPoint","urlTemplate":"https:\/\/www.purejewels.com\/?s={search_term_string}"},"query-input":{"@type":"PropertyValueSpecification","valueRequired":true,"valueName":"search_term_string"}}],"inLanguage":"tr"},{"@type":"Organization","@id":"https:\/\/www.purejewels.com\/#organization","name":"PureJewels \u0130ngiltere","url":"https:\/\/www.purejewels.com\/","logo":{"@type":"ImageObject","inLanguage":"tr","@id":"https:\/\/www.purejewels.com\/#\/schema\/logo\/image\/","url":"https:\/\/static.purejewels.com\/wp-content\/uploads\/2020\/11\/Logo-PJ-New-1.png","contentUrl":"https:\/\/static.purejewels.com\/wp-content\/uploads\/2020\/11\/Logo-PJ-New-1.png","width":150,"height":80,"caption":"PureJewels UK"},"image":{"@id":"https:\/\/www.purejewels.com\/#\/schema\/logo\/image\/"}}]}},"_links":{"self":[{"href":"https:\/\/www.purejewels.com\/tr\/wp-json\/wp\/v2\/product\/410197","targetHints":{"allow":["GET"]}}],"collection":[{"href":"https:\/\/www.purejewels.com\/tr\/wp-json\/wp\/v2\/product"}],"about":[{"href":"https:\/\/www.purejewels.com\/tr\/wp-json\/wp\/v2\/types\/product"}],"replies":[{"embeddable":true,"href":"https:\/\/www.purejewels.com\/tr\/wp-json\/wp\/v2\/comments?post=410197"}],"version-history":[{"count":1,"href":"https:\/\/www.purejewels.com\/tr\/wp-json\/wp\/v2\/product\/410197\/revisions"}],"predecessor-version":[{"id":410205,"href":"https:\/\/www.purejewels.com\/tr\/wp-json\/wp\/v2\/product\/410197\/revisions\/410205"}],"wp:featuredmedia":[{"embeddable":true,"href":"https:\/\/www.purejewels.com\/tr\/wp-json\/wp\/v2\/media\/410202"}],"wp:attachment":[{"href":"https:\/\/www.purejewels.com\/tr\/wp-json\/wp\/v2\/media?parent=410197"}],"wp:term":[{"taxonomy":"product_brand","embeddable":true,"href":"https:\/\/www.purejewels.com\/tr\/wp-json\/wp\/v2\/product_brand?post=410197"},{"taxonomy":"product_cat","embeddable":true,"href":"https:\/\/www.purejewels.com\/tr\/wp-json\/wp\/v2\/product_cat?post=410197"},{"taxonomy":"product_tag","embeddable":true,"href":"https:\/\/www.purejewels.com\/tr\/wp-json\/wp\/v2\/product_tag?post=410197"}],"curies":[{"name":"wp","href":"https:\/\/api.w.org\/{rel}","templated":true}]}}