{"id":410204,"date":"2026-01-08T09:58:34","date_gmt":"2026-01-08T09:58:34","guid":{"rendered":"https:\/\/www.purejewels.com\/?post_type=product&#038;p=410204"},"modified":"2026-04-28T12:30:59","modified_gmt":"2026-04-28T11:30:59","slug":"mandala-sikke-saplama-kupe-49590","status":"publish","type":"product","link":"https:\/\/www.purejewels.com\/tr\/product\/mandala-coin-stud-earrings-49590\/","title":{"rendered":"Mandala Sikke Saplama K\u00fcpe | 22 Ayar Alt\u0131n Aiyna Koleksiyonu"},"content":{"rendered":"<p data-start=\"369\" data-end=\"712\">PureJewels'ten <strong data-start=\"409\" data-end=\"429\">Aiyna Koleksiyonu<\/strong>, the <strong data-start=\"435\" data-end=\"465\">Mandala Sikke Saplama K\u00fcpe<\/strong> simetri ve sembolizmin zamans\u0131z g\u00fczelli\u011fini yakalay\u0131n. I\u015f\u0131lt\u0131l\u0131 kuma\u015ftan <strong data-start=\"540\" data-end=\"553\">22 ayar alt\u0131n<\/strong>14 mm'lik her bir saplama, bir mandala'n\u0131n meditatif geometrisini \u00e7a\u011fr\u0131\u015ft\u0131ran dokulu desenlerin e\u015fmerkezli katmanlar\u0131yla \u00e7er\u00e7evelenmi\u015f merkezi bir motifle titizlikle detayland\u0131r\u0131lm\u0131\u015ft\u0131r.<\/p>\n<p data-start=\"714\" data-end=\"1077\">Tasar\u0131m, mandalalar\u0131n b\u00fct\u00fcnl\u00fc\u011f\u00fc, dengeyi ve ba\u011flant\u0131y\u0131 temsil etti\u011fi geleneksel Hint sanat\u0131ndan esinlenmi\u015ftir. Her bir k\u00fcpenin ince r\u00f6lyef \u00e7al\u0131\u015fmas\u0131, y\u00fczeye derinlik ve ince bir \u0131\u015f\u0131k oyunu veren yetenekli el i\u015f\u00e7ili\u011fi ile elde edilmi\u015ftir. Madeni para \u015feklindeki formu cesur ama zarif bir duru\u015f sergilerken, 5,2 g a\u011f\u0131rl\u0131\u011f\u0131 t\u00fcm g\u00fcn kullan\u0131m i\u00e7in rahat bir uyum sa\u011flar.<\/p>\n<p data-start=\"1079\" data-end=\"1381\">G\u00fcnl\u00fck stilinize k\u00fclt\u00fcrel miras\u0131n bir ifadesini eklemek veya bayram k\u0131yafetlerinizi zenginle\u015ftirmek i\u00e7in m\u00fckemmel olan bu k\u00fcpeler, hazine de\u011ferinde \u00e7ok y\u00f6nl\u00fc bir par\u00e7ad\u0131r. \u0130ster \u00f6zel bir g\u00fcn i\u00e7in hediye edilsin ister ki\u015fisel bir t\u0131ls\u0131m olarak se\u00e7ilsin, Aiyna Koleksiyonu'nun merkezinde yer alan sanat\u0131 ve anlam\u0131 yans\u0131t\u0131rlar.<\/p>","protected":false},"excerpt":{"rendered":"<p>PureJewels'in Aiyna Koleksiyonundan Mandala Sikke Saplama K\u00fcpeler sat\u0131n al\u0131n. K\u00fclt\u00fcrel miras\u0131 rafine zarafetle birle\u015ftiren, mandala esintili karma\u015f\u0131k detaylara sahip, 22 ayar alt\u0131ndan el yap\u0131m\u0131 14 mm k\u00fcpeler.<\/p>\n<p><strong>Malzeme:<\/strong>\u00a022 Ayar Sar\u0131 Alt\u0131n<br \/>\n<strong>Safl\u0131k:<\/strong>\u00a091.6% saf<br \/>\n<strong>Hallmark:<\/strong>\u00a0\u0130ngiliz Damgas\u0131<br \/>\n<strong>SKU:<\/strong> 49590<br \/>\n<strong>Br\u00fct A\u011f\u0131rl\u0131k:<\/strong> 5.20 gram<\/p>\n<p><strong>Fiyat ve Teslimat:\u00a0<\/strong>KDV ve teslimat \u00fccretleri dahil<br \/>\n<a href=\"https:\/\/www.purejewels.com\/tr\/i%cc%87ade-poli%cc%87ti%cc%87kasi\/\">\u0130ade Politikas\u0131<\/a><\/p>","protected":false},"featured_media":410212,"comment_status":"closed","ping_status":"closed","template":"","meta":{"_eb_attr":"","_crsspst_to_jayantr4sg-hostcom":true},"product_brand":[],"product_cat":[6118,1559,236,1793,5701,1792,1254,1229,1570,1577,1574,5349],"product_tag":[66],"class_list":{"0":"post-410204","1":"product","2":"type-product","3":"status-publish","4":"has-post-thumbnail","6":"product_cat-aiyna-collection","7":"product_cat-birthday-gifts","8":"product_cat-collections","9":"product_cat-diwali-gifts","10":"product_cat-eid-jewellery","11":"product_cat-festival-gifts","12":"product_cat-gold-earrings","13":"product_cat-22ct-gold-jewellery","14":"product_cat-mothers-day-gifts","15":"product_cat-stud-earrings","16":"product_cat-womens-jewellery","17":"product_cat-yellow-gold-jewellery","18":"product_tag-earrings","20":"first","21":"instock","22":"sale","23":"taxable","24":"shipping-taxable","25":"purchasable","26":"product-type-simple","27":"add-to-wishlist-before_image"},"yoast_head":"<!-- This site is optimized with the Yoast SEO plugin v27.5 - https:\/\/yoast.com\/product\/yoast-seo-wordpress\/ -->\n<title>Mandala Coin Stud Earrings | 22ct Gold Jewellery | PureJewels<\/title>\n<meta name=\"description\" content=\"Shop Mandala Coin Stud Earrings from PureJewels\u2019 Aiyna Collection. Handcrafted 14mm studs in 22ct gold with intricate mandala-inspired detailing.\" \/>\n<meta name=\"robots\" content=\"index, follow, max-snippet:-1, max-image-preview:large, max-video-preview:-1\" \/>\n<link rel=\"canonical\" href=\"https:\/\/www.purejewels.com\/tr\/urun\/mandala-sikke-saplama-kupe-49590\/\" \/>\n<meta property=\"og:locale\" content=\"tr_TR\" \/>\n<meta property=\"og:type\" content=\"article\" \/>\n<meta property=\"og:title\" content=\"Mandala Coin Stud Earrings | 22ct Gold Jewellery | PureJewels\" \/>\n<meta property=\"og:description\" content=\"Shop Mandala Coin Stud Earrings from PureJewels\u2019 Aiyna Collection. Handcrafted 14mm studs in 22ct gold with intricate mandala-inspired detailing.\" \/>\n<meta property=\"og:url\" content=\"https:\/\/www.purejewels.com\/tr\/urun\/mandala-sikke-saplama-kupe-49590\/\" \/>\n<meta property=\"og:site_name\" content=\"PureJewels UK\" \/>\n<meta property=\"article:modified_time\" content=\"2026-04-28T11:30:59+00:00\" \/>\n<meta property=\"og:image\" content=\"https:\/\/static.purejewels.com\/wp-content\/uploads\/2025\/08\/SKU-49590.jpg\" \/>\n\t<meta property=\"og:image:width\" content=\"1000\" \/>\n\t<meta property=\"og:image:height\" content=\"1000\" \/>\n\t<meta property=\"og:image:type\" content=\"image\/jpeg\" \/>\n<meta name=\"twitter:card\" content=\"summary_large_image\" \/>\n<meta name=\"twitter:label1\" content=\"Tahmini okuma s\u00fcresi\" \/>\n\t<meta name=\"twitter:data1\" content=\"1 dakika\" \/>\n<script type=\"application\/ld+json\" class=\"yoast-schema-graph\">{\"@context\":\"https:\\\/\\\/schema.org\",\"@graph\":[{\"@type\":[\"WebPage\",\"ItemPage\"],\"@id\":\"https:\\\/\\\/www.purejewels.com\\\/product\\\/mandala-coin-stud-earrings-49590\\\/\",\"url\":\"https:\\\/\\\/www.purejewels.com\\\/product\\\/mandala-coin-stud-earrings-49590\\\/\",\"name\":\"Mandala Coin Stud Earrings | 22ct Gold Jewellery | PureJewels\",\"isPartOf\":{\"@id\":\"https:\\\/\\\/www.purejewels.com\\\/#website\"},\"primaryImageOfPage\":{\"@id\":\"https:\\\/\\\/www.purejewels.com\\\/product\\\/mandala-coin-stud-earrings-49590\\\/#primaryimage\"},\"image\":{\"@id\":\"https:\\\/\\\/www.purejewels.com\\\/product\\\/mandala-coin-stud-earrings-49590\\\/#primaryimage\"},\"thumbnailUrl\":\"https:\\\/\\\/static.purejewels.com\\\/wp-content\\\/uploads\\\/2025\\\/08\\\/SKU-49590.jpg\",\"datePublished\":\"2026-01-08T09:58:34+00:00\",\"dateModified\":\"2026-04-28T11:30:59+00:00\",\"description\":\"Shop Mandala Coin Stud Earrings from PureJewels\u2019 Aiyna Collection. Handcrafted 14mm studs in 22ct gold with intricate mandala-inspired detailing.\",\"breadcrumb\":{\"@id\":\"https:\\\/\\\/www.purejewels.com\\\/product\\\/mandala-coin-stud-earrings-49590\\\/#breadcrumb\"},\"inLanguage\":\"tr\",\"potentialAction\":[{\"@type\":\"ReadAction\",\"target\":[\"https:\\\/\\\/www.purejewels.com\\\/product\\\/mandala-coin-stud-earrings-49590\\\/\"]}]},{\"@type\":\"ImageObject\",\"inLanguage\":\"tr\",\"@id\":\"https:\\\/\\\/www.purejewels.com\\\/product\\\/mandala-coin-stud-earrings-49590\\\/#primaryimage\",\"url\":\"https:\\\/\\\/static.purejewels.com\\\/wp-content\\\/uploads\\\/2025\\\/08\\\/SKU-49590.jpg\",\"contentUrl\":\"https:\\\/\\\/static.purejewels.com\\\/wp-content\\\/uploads\\\/2025\\\/08\\\/SKU-49590.jpg\",\"width\":1000,\"height\":1000,\"caption\":\"Mandala Coin Stud Earrings\"},{\"@type\":\"BreadcrumbList\",\"@id\":\"https:\\\/\\\/www.purejewels.com\\\/product\\\/mandala-coin-stud-earrings-49590\\\/#breadcrumb\",\"itemListElement\":[{\"@type\":\"ListItem\",\"position\":1,\"name\":\"Home\",\"item\":\"https:\\\/\\\/www.purejewels.com\\\/\"},{\"@type\":\"ListItem\",\"position\":2,\"name\":\"Shop\",\"item\":\"https:\\\/\\\/www.purejewels.com\\\/shop\\\/\"},{\"@type\":\"ListItem\",\"position\":3,\"name\":\"Mandala Coin Stud Earrings | 22ct Gold Aiyna Collection\"}]},{\"@type\":\"WebSite\",\"@id\":\"https:\\\/\\\/www.purejewels.com\\\/#website\",\"url\":\"https:\\\/\\\/www.purejewels.com\\\/\",\"name\":\"PureJewels UK\",\"description\":\"Share the Love\",\"publisher\":{\"@id\":\"https:\\\/\\\/www.purejewels.com\\\/#organization\"},\"potentialAction\":[{\"@type\":\"SearchAction\",\"target\":{\"@type\":\"EntryPoint\",\"urlTemplate\":\"https:\\\/\\\/www.purejewels.com\\\/?s={search_term_string}\"},\"query-input\":{\"@type\":\"PropertyValueSpecification\",\"valueRequired\":true,\"valueName\":\"search_term_string\"}}],\"inLanguage\":\"tr\"},{\"@type\":\"Organization\",\"@id\":\"https:\\\/\\\/www.purejewels.com\\\/#organization\",\"name\":\"PureJewels UK\",\"url\":\"https:\\\/\\\/www.purejewels.com\\\/\",\"logo\":{\"@type\":\"ImageObject\",\"inLanguage\":\"tr\",\"@id\":\"https:\\\/\\\/www.purejewels.com\\\/#\\\/schema\\\/logo\\\/image\\\/\",\"url\":\"https:\\\/\\\/static.purejewels.com\\\/wp-content\\\/uploads\\\/2020\\\/11\\\/Logo-PJ-New-1.png\",\"contentUrl\":\"https:\\\/\\\/static.purejewels.com\\\/wp-content\\\/uploads\\\/2020\\\/11\\\/Logo-PJ-New-1.png\",\"width\":150,\"height\":80,\"caption\":\"PureJewels UK\"},\"image\":{\"@id\":\"https:\\\/\\\/www.purejewels.com\\\/#\\\/schema\\\/logo\\\/image\\\/\"}}]}<\/script>\n<!-- \/ Yoast SEO plugin. -->","yoast_head_json":{"title":"Mandala Sikke Saplama K\u00fcpe | 22 Ayar Alt\u0131n M\u00fccevher | PureJewels","description":"PureJewels'in Aiyna Koleksiyonundan Mandala Sikke Saplama K\u00fcpeler sat\u0131n al\u0131n. Karma\u015f\u0131k mandala esintili detaylara sahip 22 ayar alt\u0131ndan el yap\u0131m\u0131 14 mm k\u00fcpeler.","robots":{"index":"index","follow":"follow","max-snippet":"max-snippet:-1","max-image-preview":"max-image-preview:large","max-video-preview":"max-video-preview:-1"},"canonical":"https:\/\/www.purejewels.com\/tr\/urun\/mandala-sikke-saplama-kupe-49590\/","og_locale":"tr_TR","og_type":"article","og_title":"Mandala Coin Stud Earrings | 22ct Gold Jewellery | PureJewels","og_description":"Shop Mandala Coin Stud Earrings from PureJewels\u2019 Aiyna Collection. Handcrafted 14mm studs in 22ct gold with intricate mandala-inspired detailing.","og_url":"https:\/\/www.purejewels.com\/tr\/urun\/mandala-sikke-saplama-kupe-49590\/","og_site_name":"PureJewels UK","article_modified_time":"2026-04-28T11:30:59+00:00","og_image":[{"width":1000,"height":1000,"url":"https:\/\/static.purejewels.com\/wp-content\/uploads\/2025\/08\/SKU-49590.jpg","type":"image\/jpeg"}],"twitter_card":"summary_large_image","twitter_misc":{"Tahmini okuma s\u00fcresi":"1 dakika"},"schema":{"@context":"https:\/\/schema.org","@graph":[{"@type":["WebPage","ItemPage"],"@id":"https:\/\/www.purejewels.com\/product\/mandala-coin-stud-earrings-49590\/","url":"https:\/\/www.purejewels.com\/product\/mandala-coin-stud-earrings-49590\/","name":"Mandala Sikke Saplama K\u00fcpe | 22 Ayar Alt\u0131n M\u00fccevher | PureJewels","isPartOf":{"@id":"https:\/\/www.purejewels.com\/#website"},"primaryImageOfPage":{"@id":"https:\/\/www.purejewels.com\/product\/mandala-coin-stud-earrings-49590\/#primaryimage"},"image":{"@id":"https:\/\/www.purejewels.com\/product\/mandala-coin-stud-earrings-49590\/#primaryimage"},"thumbnailUrl":"https:\/\/static.purejewels.com\/wp-content\/uploads\/2025\/08\/SKU-49590.jpg","datePublished":"2026-01-08T09:58:34+00:00","dateModified":"2026-04-28T11:30:59+00:00","description":"PureJewels'in Aiyna Koleksiyonundan Mandala Sikke Saplama K\u00fcpeler sat\u0131n al\u0131n. Karma\u015f\u0131k mandala esintili detaylara sahip 22 ayar alt\u0131ndan el yap\u0131m\u0131 14 mm k\u00fcpeler.","breadcrumb":{"@id":"https:\/\/www.purejewels.com\/product\/mandala-coin-stud-earrings-49590\/#breadcrumb"},"inLanguage":"tr","potentialAction":[{"@type":"ReadAction","target":["https:\/\/www.purejewels.com\/product\/mandala-coin-stud-earrings-49590\/"]}]},{"@type":"ImageObject","inLanguage":"tr","@id":"https:\/\/www.purejewels.com\/product\/mandala-coin-stud-earrings-49590\/#primaryimage","url":"https:\/\/static.purejewels.com\/wp-content\/uploads\/2025\/08\/SKU-49590.jpg","contentUrl":"https:\/\/static.purejewels.com\/wp-content\/uploads\/2025\/08\/SKU-49590.jpg","width":1000,"height":1000,"caption":"Mandala Coin Stud Earrings"},{"@type":"BreadcrumbList","@id":"https:\/\/www.purejewels.com\/product\/mandala-coin-stud-earrings-49590\/#breadcrumb","itemListElement":[{"@type":"ListItem","position":1,"name":"Home","item":"https:\/\/www.purejewels.com\/"},{"@type":"ListItem","position":2,"name":"Shop","item":"https:\/\/www.purejewels.com\/shop\/"},{"@type":"ListItem","position":3,"name":"Mandala Coin Stud Earrings | 22ct Gold Aiyna Collection"}]},{"@type":"WebSite","@id":"https:\/\/www.purejewels.com\/#website","url":"https:\/\/www.purejewels.com\/","name":"PureJewels \u0130ngiltere","description":"Sevgiyi Payla\u015f\u0131n","publisher":{"@id":"https:\/\/www.purejewels.com\/#organization"},"potentialAction":[{"@type":"SearchAction","target":{"@type":"EntryPoint","urlTemplate":"https:\/\/www.purejewels.com\/?s={search_term_string}"},"query-input":{"@type":"PropertyValueSpecification","valueRequired":true,"valueName":"search_term_string"}}],"inLanguage":"tr"},{"@type":"Organization","@id":"https:\/\/www.purejewels.com\/#organization","name":"PureJewels \u0130ngiltere","url":"https:\/\/www.purejewels.com\/","logo":{"@type":"ImageObject","inLanguage":"tr","@id":"https:\/\/www.purejewels.com\/#\/schema\/logo\/image\/","url":"https:\/\/static.purejewels.com\/wp-content\/uploads\/2020\/11\/Logo-PJ-New-1.png","contentUrl":"https:\/\/static.purejewels.com\/wp-content\/uploads\/2020\/11\/Logo-PJ-New-1.png","width":150,"height":80,"caption":"PureJewels UK"},"image":{"@id":"https:\/\/www.purejewels.com\/#\/schema\/logo\/image\/"}}]}},"_links":{"self":[{"href":"https:\/\/www.purejewels.com\/tr\/wp-json\/wp\/v2\/product\/410204","targetHints":{"allow":["GET"]}}],"collection":[{"href":"https:\/\/www.purejewels.com\/tr\/wp-json\/wp\/v2\/product"}],"about":[{"href":"https:\/\/www.purejewels.com\/tr\/wp-json\/wp\/v2\/types\/product"}],"replies":[{"embeddable":true,"href":"https:\/\/www.purejewels.com\/tr\/wp-json\/wp\/v2\/comments?post=410204"}],"version-history":[{"count":1,"href":"https:\/\/www.purejewels.com\/tr\/wp-json\/wp\/v2\/product\/410204\/revisions"}],"predecessor-version":[{"id":410215,"href":"https:\/\/www.purejewels.com\/tr\/wp-json\/wp\/v2\/product\/410204\/revisions\/410215"}],"wp:featuredmedia":[{"embeddable":true,"href":"https:\/\/www.purejewels.com\/tr\/wp-json\/wp\/v2\/media\/410212"}],"wp:attachment":[{"href":"https:\/\/www.purejewels.com\/tr\/wp-json\/wp\/v2\/media?parent=410204"}],"wp:term":[{"taxonomy":"product_brand","embeddable":true,"href":"https:\/\/www.purejewels.com\/tr\/wp-json\/wp\/v2\/product_brand?post=410204"},{"taxonomy":"product_cat","embeddable":true,"href":"https:\/\/www.purejewels.com\/tr\/wp-json\/wp\/v2\/product_cat?post=410204"},{"taxonomy":"product_tag","embeddable":true,"href":"https:\/\/www.purejewels.com\/tr\/wp-json\/wp\/v2\/product_tag?post=410204"}],"curies":[{"name":"wp","href":"https:\/\/api.w.org\/{rel}","templated":true}]}}