{"id":410599,"date":"2025-05-11T05:50:36","date_gmt":"2025-05-11T04:50:36","guid":{"rendered":"https:\/\/www.purejewels.com\/?post_type=product&#038;p=410599"},"modified":"2026-02-18T09:40:55","modified_gmt":"2026-02-18T09:40:55","slug":"pembe-altin-polki-cicekli-kupe-51891","status":"publish","type":"product","link":"https:\/\/www.purejewels.com\/tr\/product\/rose-gold-polki-floral-earrings-51891\/","title":{"rendered":"Pembe Alt\u0131n Polki \u00c7i\u00e7ekli K\u00fcpe"},"content":{"rendered":"<p data-start=\"324\" data-end=\"769\">G\u00fcl Alt\u0131n Polki \u00c7i\u00e7ekli K\u00fcpelerimizle i\u015f\u00e7ili\u011fi ve gelene\u011fi kutlay\u0131n. L\u00fcks 22 ayar pembe alt\u0131ndan \u00fcretilen her bir k\u00fcpe, \u0131\u015f\u0131lt\u0131l\u0131 sentetik Polki ta\u015flar\u0131yla vurgulanan parlak bir \u00e7i\u00e7ek motifine sahiptir. Karma\u015f\u0131k ta\u00e7 yapra\u011f\u0131 detaylar\u0131 ve narin yaprak desenleri ince sanat\u0131 yans\u0131t\u0131rken, nazik damla daha fazla hareket ve zarafet i\u00e7in b\u00fcy\u00fcleyici alt\u0131n boncuklarla tamamlanm\u0131\u015ft\u0131r.<\/p>\n<p data-start=\"771\" data-end=\"1044\">Yakla\u015f\u0131k 9,7 g a\u011f\u0131rl\u0131\u011f\u0131ndaki bu k\u00fcpeler rahat ama sa\u011flam bir his sunarak d\u00fc\u011f\u00fcnler, kutlamalar ve k\u00fclt\u00fcrel toplant\u0131lar i\u00e7in idealdir. Londra Assay Ofisi taraf\u0131ndan damgalanan bu k\u00fcpeler, PureJewels'in titiz tasar\u0131m ve kal\u0131c\u0131 kalite miras\u0131n\u0131 yans\u0131tmaktad\u0131r.<\/p>","protected":false},"excerpt":{"rendered":"<p>22 ayar pembe alt\u0131ndan \u00fcretilen bu \u00e7i\u00e7ekli k\u00fcpeler, \u0131\u015f\u0131lt\u0131l\u0131 sentetik Polki ta\u015flarla s\u00fcslenmi\u015ftir. Karma\u015f\u0131k tasar\u0131mlar\u0131 ve zarif d\u00fc\u015f\u00fc\u015fleri, onlar\u0131 bayram ve \u00f6zel g\u00fcnler i\u00e7in m\u00fckemmel k\u0131lar.<\/p>\n<p><strong>Malzeme:<\/strong> 22 Ayar Pembe Alt\u0131n<br \/>\n<strong>Hallmark:<\/strong>\u00a0\u0130ngiliz Damgas\u0131<br \/>\n<strong>Ta\u015f:<\/strong> Sentetik Polki<br \/>\n<strong>Safl\u0131k:<\/strong> 91.6% saf<br \/>\n<strong>SKU:<\/strong> 51891<br \/>\n<strong>Br\u00fct A\u011f\u0131rl\u0131k:<\/strong> 9.70 Gms<br \/>\n<strong>Net a\u011f\u0131rl\u0131k:<\/strong> 9.50 Gms<\/p>\n<p><strong>Fiyat ve Teslimat:<\/strong>\u00a0KDV ve teslimat \u00fccretleri dahil<br \/>\n<a href=\"https:\/\/www.purejewels.com\/tr\/i%cc%87ade-poli%cc%87ti%cc%87kasi\/\"><strong>\u0130ade Politikas\u0131<\/strong><\/a><\/p>","protected":false},"featured_media":410600,"comment_status":"closed","ping_status":"closed","template":"","meta":{"_eb_attr":"","_crsspst_to_jayantr4sg-hostcom":false},"product_brand":[],"product_cat":[1559,1793,1685,1254,1229,1570,1574],"product_tag":[66],"class_list":{"0":"post-410599","1":"product","2":"type-product","3":"status-publish","4":"has-post-thumbnail","6":"product_cat-birthday-gifts","7":"product_cat-diwali-gifts","8":"product_cat-drop-earrings","9":"product_cat-gold-earrings","10":"product_cat-22ct-gold-jewellery","11":"product_cat-mothers-day-gifts","12":"product_cat-womens-jewellery","13":"product_tag-earrings","15":"first","16":"instock","17":"taxable","18":"shipping-taxable","19":"purchasable","20":"product-type-simple","21":"add-to-wishlist-before_image"},"yoast_head":"<!-- This site is optimized with the Yoast SEO plugin v27.5 - https:\/\/yoast.com\/product\/yoast-seo-wordpress\/ -->\n<title>22ct Rose Gold Polki Floral Earrings \u2013 PureJewels UK<\/title>\n<meta name=\"description\" content=\"22ct rose gold floral drop earrings with sparkling synthetic Polki stones. Intricate design, hallmarked in London. Perfect for festive and special occasions.\" \/>\n<meta name=\"robots\" content=\"index, follow, max-snippet:-1, max-image-preview:large, max-video-preview:-1\" \/>\n<link rel=\"canonical\" href=\"https:\/\/www.purejewels.com\/tr\/urun\/pembe-altin-polki-cicekli-kupe-51891\/\" \/>\n<meta property=\"og:locale\" content=\"tr_TR\" \/>\n<meta property=\"og:type\" content=\"article\" \/>\n<meta property=\"og:title\" content=\"22ct Rose Gold Polki Floral Earrings \u2013 PureJewels UK\" \/>\n<meta property=\"og:description\" content=\"22ct rose gold floral drop earrings with sparkling synthetic Polki stones. Intricate design, hallmarked in London. Perfect for festive and special occasions.\" \/>\n<meta property=\"og:url\" content=\"https:\/\/www.purejewels.com\/tr\/urun\/pembe-altin-polki-cicekli-kupe-51891\/\" \/>\n<meta property=\"og:site_name\" content=\"PureJewels UK\" \/>\n<meta property=\"article:modified_time\" content=\"2026-02-18T09:40:55+00:00\" \/>\n<meta property=\"og:image\" content=\"https:\/\/static.purejewels.com\/wp-content\/uploads\/2025\/08\/SKU-51891.jpg\" \/>\n\t<meta property=\"og:image:width\" content=\"1000\" \/>\n\t<meta property=\"og:image:height\" content=\"1000\" \/>\n\t<meta property=\"og:image:type\" content=\"image\/jpeg\" \/>\n<meta name=\"twitter:card\" content=\"summary_large_image\" \/>\n<meta name=\"twitter:label1\" content=\"Tahmini okuma s\u00fcresi\" \/>\n\t<meta name=\"twitter:data1\" content=\"1 dakika\" \/>\n<script type=\"application\/ld+json\" class=\"yoast-schema-graph\">{\"@context\":\"https:\\\/\\\/schema.org\",\"@graph\":[{\"@type\":[\"WebPage\",\"ItemPage\"],\"@id\":\"https:\\\/\\\/www.purejewels.com\\\/product\\\/rose-gold-polki-floral-earrings-51891\\\/\",\"url\":\"https:\\\/\\\/www.purejewels.com\\\/product\\\/rose-gold-polki-floral-earrings-51891\\\/\",\"name\":\"22ct Rose Gold Polki Floral Earrings \u2013 PureJewels UK\",\"isPartOf\":{\"@id\":\"https:\\\/\\\/www.purejewels.com\\\/#website\"},\"primaryImageOfPage\":{\"@id\":\"https:\\\/\\\/www.purejewels.com\\\/product\\\/rose-gold-polki-floral-earrings-51891\\\/#primaryimage\"},\"image\":{\"@id\":\"https:\\\/\\\/www.purejewels.com\\\/product\\\/rose-gold-polki-floral-earrings-51891\\\/#primaryimage\"},\"thumbnailUrl\":\"https:\\\/\\\/static.purejewels.com\\\/wp-content\\\/uploads\\\/2025\\\/08\\\/SKU-51891.jpg\",\"datePublished\":\"2025-05-11T04:50:36+00:00\",\"dateModified\":\"2026-02-18T09:40:55+00:00\",\"description\":\"22ct rose gold floral drop earrings with sparkling synthetic Polki stones. Intricate design, hallmarked in London. Perfect for festive and special occasions.\",\"breadcrumb\":{\"@id\":\"https:\\\/\\\/www.purejewels.com\\\/product\\\/rose-gold-polki-floral-earrings-51891\\\/#breadcrumb\"},\"inLanguage\":\"tr\",\"potentialAction\":[{\"@type\":\"ReadAction\",\"target\":[\"https:\\\/\\\/www.purejewels.com\\\/product\\\/rose-gold-polki-floral-earrings-51891\\\/\"]}]},{\"@type\":\"ImageObject\",\"inLanguage\":\"tr\",\"@id\":\"https:\\\/\\\/www.purejewels.com\\\/product\\\/rose-gold-polki-floral-earrings-51891\\\/#primaryimage\",\"url\":\"https:\\\/\\\/static.purejewels.com\\\/wp-content\\\/uploads\\\/2025\\\/08\\\/SKU-51891.jpg\",\"contentUrl\":\"https:\\\/\\\/static.purejewels.com\\\/wp-content\\\/uploads\\\/2025\\\/08\\\/SKU-51891.jpg\",\"width\":1000,\"height\":1000,\"caption\":\"Rose Gold Polki Floral Earrings\"},{\"@type\":\"BreadcrumbList\",\"@id\":\"https:\\\/\\\/www.purejewels.com\\\/product\\\/rose-gold-polki-floral-earrings-51891\\\/#breadcrumb\",\"itemListElement\":[{\"@type\":\"ListItem\",\"position\":1,\"name\":\"Home\",\"item\":\"https:\\\/\\\/www.purejewels.com\\\/\"},{\"@type\":\"ListItem\",\"position\":2,\"name\":\"Shop\",\"item\":\"https:\\\/\\\/www.purejewels.com\\\/shop\\\/\"},{\"@type\":\"ListItem\",\"position\":3,\"name\":\"Rose Gold Polki Floral Earrings\"}]},{\"@type\":\"WebSite\",\"@id\":\"https:\\\/\\\/www.purejewels.com\\\/#website\",\"url\":\"https:\\\/\\\/www.purejewels.com\\\/\",\"name\":\"PureJewels UK\",\"description\":\"Share the Love\",\"publisher\":{\"@id\":\"https:\\\/\\\/www.purejewels.com\\\/#organization\"},\"potentialAction\":[{\"@type\":\"SearchAction\",\"target\":{\"@type\":\"EntryPoint\",\"urlTemplate\":\"https:\\\/\\\/www.purejewels.com\\\/?s={search_term_string}\"},\"query-input\":{\"@type\":\"PropertyValueSpecification\",\"valueRequired\":true,\"valueName\":\"search_term_string\"}}],\"inLanguage\":\"tr\"},{\"@type\":\"Organization\",\"@id\":\"https:\\\/\\\/www.purejewels.com\\\/#organization\",\"name\":\"PureJewels UK\",\"url\":\"https:\\\/\\\/www.purejewels.com\\\/\",\"logo\":{\"@type\":\"ImageObject\",\"inLanguage\":\"tr\",\"@id\":\"https:\\\/\\\/www.purejewels.com\\\/#\\\/schema\\\/logo\\\/image\\\/\",\"url\":\"https:\\\/\\\/static.purejewels.com\\\/wp-content\\\/uploads\\\/2020\\\/11\\\/Logo-PJ-New-1.png\",\"contentUrl\":\"https:\\\/\\\/static.purejewels.com\\\/wp-content\\\/uploads\\\/2020\\\/11\\\/Logo-PJ-New-1.png\",\"width\":150,\"height\":80,\"caption\":\"PureJewels UK\"},\"image\":{\"@id\":\"https:\\\/\\\/www.purejewels.com\\\/#\\\/schema\\\/logo\\\/image\\\/\"}}]}<\/script>\n<!-- \/ Yoast SEO plugin. -->","yoast_head_json":{"title":"22 Ayar Pembe Alt\u0131n Polki \u00c7i\u00e7ekli K\u00fcpe - PureJewels UK","description":"22 ayar pembe alt\u0131n, \u0131\u015f\u0131lt\u0131l\u0131 sentetik Polki ta\u015fl\u0131 \u00e7i\u00e7ekli damla k\u00fcpe. Karma\u015f\u0131k tasar\u0131m, Londra'da damgalanm\u0131\u015ft\u0131r. Bayram ve \u00f6zel g\u00fcnler i\u00e7in m\u00fckemmeldir.","robots":{"index":"index","follow":"follow","max-snippet":"max-snippet:-1","max-image-preview":"max-image-preview:large","max-video-preview":"max-video-preview:-1"},"canonical":"https:\/\/www.purejewels.com\/tr\/urun\/pembe-altin-polki-cicekli-kupe-51891\/","og_locale":"tr_TR","og_type":"article","og_title":"22ct Rose Gold Polki Floral Earrings \u2013 PureJewels UK","og_description":"22ct rose gold floral drop earrings with sparkling synthetic Polki stones. Intricate design, hallmarked in London. Perfect for festive and special occasions.","og_url":"https:\/\/www.purejewels.com\/tr\/urun\/pembe-altin-polki-cicekli-kupe-51891\/","og_site_name":"PureJewels UK","article_modified_time":"2026-02-18T09:40:55+00:00","og_image":[{"width":1000,"height":1000,"url":"https:\/\/static.purejewels.com\/wp-content\/uploads\/2025\/08\/SKU-51891.jpg","type":"image\/jpeg"}],"twitter_card":"summary_large_image","twitter_misc":{"Tahmini okuma s\u00fcresi":"1 dakika"},"schema":{"@context":"https:\/\/schema.org","@graph":[{"@type":["WebPage","ItemPage"],"@id":"https:\/\/www.purejewels.com\/product\/rose-gold-polki-floral-earrings-51891\/","url":"https:\/\/www.purejewels.com\/product\/rose-gold-polki-floral-earrings-51891\/","name":"22 Ayar Pembe Alt\u0131n Polki \u00c7i\u00e7ekli K\u00fcpe - PureJewels UK","isPartOf":{"@id":"https:\/\/www.purejewels.com\/#website"},"primaryImageOfPage":{"@id":"https:\/\/www.purejewels.com\/product\/rose-gold-polki-floral-earrings-51891\/#primaryimage"},"image":{"@id":"https:\/\/www.purejewels.com\/product\/rose-gold-polki-floral-earrings-51891\/#primaryimage"},"thumbnailUrl":"https:\/\/static.purejewels.com\/wp-content\/uploads\/2025\/08\/SKU-51891.jpg","datePublished":"2025-05-11T04:50:36+00:00","dateModified":"2026-02-18T09:40:55+00:00","description":"22 ayar pembe alt\u0131n, \u0131\u015f\u0131lt\u0131l\u0131 sentetik Polki ta\u015fl\u0131 \u00e7i\u00e7ekli damla k\u00fcpe. Karma\u015f\u0131k tasar\u0131m, Londra'da damgalanm\u0131\u015ft\u0131r. Bayram ve \u00f6zel g\u00fcnler i\u00e7in m\u00fckemmeldir.","breadcrumb":{"@id":"https:\/\/www.purejewels.com\/product\/rose-gold-polki-floral-earrings-51891\/#breadcrumb"},"inLanguage":"tr","potentialAction":[{"@type":"ReadAction","target":["https:\/\/www.purejewels.com\/product\/rose-gold-polki-floral-earrings-51891\/"]}]},{"@type":"ImageObject","inLanguage":"tr","@id":"https:\/\/www.purejewels.com\/product\/rose-gold-polki-floral-earrings-51891\/#primaryimage","url":"https:\/\/static.purejewels.com\/wp-content\/uploads\/2025\/08\/SKU-51891.jpg","contentUrl":"https:\/\/static.purejewels.com\/wp-content\/uploads\/2025\/08\/SKU-51891.jpg","width":1000,"height":1000,"caption":"Rose Gold Polki Floral Earrings"},{"@type":"BreadcrumbList","@id":"https:\/\/www.purejewels.com\/product\/rose-gold-polki-floral-earrings-51891\/#breadcrumb","itemListElement":[{"@type":"ListItem","position":1,"name":"Home","item":"https:\/\/www.purejewels.com\/"},{"@type":"ListItem","position":2,"name":"Shop","item":"https:\/\/www.purejewels.com\/shop\/"},{"@type":"ListItem","position":3,"name":"Rose Gold Polki Floral Earrings"}]},{"@type":"WebSite","@id":"https:\/\/www.purejewels.com\/#website","url":"https:\/\/www.purejewels.com\/","name":"PureJewels \u0130ngiltere","description":"Sevgiyi Payla\u015f\u0131n","publisher":{"@id":"https:\/\/www.purejewels.com\/#organization"},"potentialAction":[{"@type":"SearchAction","target":{"@type":"EntryPoint","urlTemplate":"https:\/\/www.purejewels.com\/?s={search_term_string}"},"query-input":{"@type":"PropertyValueSpecification","valueRequired":true,"valueName":"search_term_string"}}],"inLanguage":"tr"},{"@type":"Organization","@id":"https:\/\/www.purejewels.com\/#organization","name":"PureJewels \u0130ngiltere","url":"https:\/\/www.purejewels.com\/","logo":{"@type":"ImageObject","inLanguage":"tr","@id":"https:\/\/www.purejewels.com\/#\/schema\/logo\/image\/","url":"https:\/\/static.purejewels.com\/wp-content\/uploads\/2020\/11\/Logo-PJ-New-1.png","contentUrl":"https:\/\/static.purejewels.com\/wp-content\/uploads\/2020\/11\/Logo-PJ-New-1.png","width":150,"height":80,"caption":"PureJewels UK"},"image":{"@id":"https:\/\/www.purejewels.com\/#\/schema\/logo\/image\/"}}]}},"_links":{"self":[{"href":"https:\/\/www.purejewels.com\/tr\/wp-json\/wp\/v2\/product\/410599","targetHints":{"allow":["GET"]}}],"collection":[{"href":"https:\/\/www.purejewels.com\/tr\/wp-json\/wp\/v2\/product"}],"about":[{"href":"https:\/\/www.purejewels.com\/tr\/wp-json\/wp\/v2\/types\/product"}],"replies":[{"embeddable":true,"href":"https:\/\/www.purejewels.com\/tr\/wp-json\/wp\/v2\/comments?post=410599"}],"version-history":[{"count":1,"href":"https:\/\/www.purejewels.com\/tr\/wp-json\/wp\/v2\/product\/410599\/revisions"}],"predecessor-version":[{"id":410601,"href":"https:\/\/www.purejewels.com\/tr\/wp-json\/wp\/v2\/product\/410599\/revisions\/410601"}],"wp:featuredmedia":[{"embeddable":true,"href":"https:\/\/www.purejewels.com\/tr\/wp-json\/wp\/v2\/media\/410600"}],"wp:attachment":[{"href":"https:\/\/www.purejewels.com\/tr\/wp-json\/wp\/v2\/media?parent=410599"}],"wp:term":[{"taxonomy":"product_brand","embeddable":true,"href":"https:\/\/www.purejewels.com\/tr\/wp-json\/wp\/v2\/product_brand?post=410599"},{"taxonomy":"product_cat","embeddable":true,"href":"https:\/\/www.purejewels.com\/tr\/wp-json\/wp\/v2\/product_cat?post=410599"},{"taxonomy":"product_tag","embeddable":true,"href":"https:\/\/www.purejewels.com\/tr\/wp-json\/wp\/v2\/product_tag?post=410599"}],"curies":[{"name":"wp","href":"https:\/\/api.w.org\/{rel}","templated":true}]}}