{"id":410619,"date":"2025-07-11T06:53:51","date_gmt":"2025-07-11T05:53:51","guid":{"rendered":"https:\/\/www.purejewels.com\/?post_type=product&#038;p=410619"},"modified":"2026-02-27T05:14:01","modified_gmt":"2026-02-27T05:14:01","slug":"sari-altin-pirlanta-kume-saplama-51951","status":"publish","type":"product","link":"https:\/\/www.purejewels.com\/tr\/product\/yellow-gold-diamond-cluster-stud-51951\/","title":{"rendered":"Sar\u0131 Alt\u0131n P\u0131rlanta K\u00fcme Saplama"},"content":{"rendered":"<p><strong>Tasar\u0131m<\/strong><\/p>\n<p>Bu \u0131\u015f\u0131lt\u0131l\u0131 k\u00fcpe, zengin 18 ayar sar\u0131 alt\u0131ndan yap\u0131lm\u0131\u015f ve toplam 0,12 karatl\u0131k parlak elmaslar\u0131n zarif bir d\u00fczenlemesiyle s\u00fcslenmi\u015ftir. Yumu\u015fak konturlu kare \u00e7er\u00e7eveler i\u00e7ine yerle\u015ftirilmi\u015f her bir k\u00fcpe, \u0131\u015f\u0131\u011f\u0131 g\u00fczel bir \u015fekilde yakalayan simetrik, \u00e7i\u00e7eklerden ilham alan bir k\u00fcme olu\u015fturur. Tasar\u0131m, klasik cazibeyi modern ve temiz bir siluetle harmanlayarak g\u00fcnl\u00fck kullan\u0131m ve \u00f6zel anlar i\u00e7in uygun hale getirir.<\/p>\n<p><strong>Zanaatkarl\u0131k<\/strong><\/p>\n<p>Her bir elmas, g\u00fcvenli bir \u015fekilde yerle\u015ftirilmesi ve maksimum \u0131\u015f\u0131lt\u0131 sa\u011flamak i\u00e7in titizlikle elle yerle\u015ftirilmi\u015ftir. Y\u00fcksek safl\u0131kta 18 ayar alt\u0131n ayar, elmaslar\u0131n parlakl\u0131\u011f\u0131n\u0131 art\u0131r\u0131rken l\u00fcks bir s\u0131cakl\u0131k sunar. P\u00fcr\u00fczs\u00fcz kenarlar ve g\u00fcvenli saplarla tamamlanan k\u00fcpeler, orijinalli\u011fini ve safl\u0131\u011f\u0131n\u0131 onaylamak i\u00e7in \u0130ngiltere'de damgalanm\u0131\u015ft\u0131r.<\/p>\n<p><strong>\u015eekillendirme &amp; Hediyele\u015fme<\/strong><\/p>\n<p>Bu k\u00fcme saplamalar, minimal ve dikkat \u00e7ekici tak\u0131larla kolayca e\u015fle\u015ftirilebilir ve i\u015f, kutlama veya ak\u015fam k\u0131yafetlerine sofistike bir dokunu\u015f katar. Zamans\u0131z zarafetleri, onlar\u0131 do\u011fum g\u00fcnleri, y\u0131ld\u00f6n\u00fcmleri i\u00e7in anlaml\u0131 bir hediye veya ki\u015fisel tak\u0131 koleksiyonuna de\u011ferli bir ek haline getirir.<\/p>","protected":false},"excerpt":{"rendered":"<p>18 ayar sar\u0131 alt\u0131ndan \u00fcretilen bu zarif k\u00fcpe, toplamda 0,12 ct de\u011ferinde bir do\u011fal p\u0131rlanta k\u00fcmesine sahiptir. Zamans\u0131z ve \u00e7ok y\u00f6nl\u00fc, g\u00fcnl\u00fck kullan\u0131m i\u00e7in veya \u00f6zel g\u00fcnler i\u00e7in ince bir \u0131\u015f\u0131lt\u0131 olarak m\u00fckemmeldir.<\/p>\n<p><strong>Malzeme:<\/strong> 18 Ayar Sar\u0131 Alt\u0131n<br \/>\n<strong>Hallmark:\u00a0<\/strong>\u0130ngiliz Damgas\u0131<strong><br \/>\n<\/strong><strong>Ta\u015f:\u00a0<\/strong>Do\u011fal Elmaslar<strong><br \/>\nElmas A\u011f\u0131rl\u0131\u011f\u0131: <\/strong>0,12 (toplam)<br \/>\n<strong>Br\u00fct A\u011f\u0131rl\u0131k:<\/strong> 1.98 Gms<strong><br \/>\n<\/strong><strong>SKU: <\/strong>51951<\/p>\n<p><strong>Fiyat ve Teslimat:\u00a0<\/strong>KDV ve teslimat \u00fccretleri dahil<strong><br \/>\n<a href=\"https:\/\/www.purejewels.com\/tr\/i%cc%87ade-poli%cc%87ti%cc%87kasi\/\">\u0130ade Politikas\u0131<\/a><\/strong><\/p>","protected":false},"featured_media":410620,"comment_status":"closed","ping_status":"closed","template":"","meta":{"_eb_attr":"","_crsspst_to_jayantr4sg-hostcom":true},"product_brand":[],"product_cat":[6086,5679,1791,1559,1794,5458,5457,1254,5344,1577,1569,1574],"product_tag":[66],"class_list":{"0":"post-410619","1":"product","2":"type-product","3":"status-publish","4":"has-post-thumbnail","6":"product_cat-18ct-gold-earring","7":"product_cat-18ct-gold-jewellery","8":"product_cat-anniversary-gifts","9":"product_cat-birthday-gifts","10":"product_cat-christmas-gifts","11":"product_cat-diamond-earring","12":"product_cat-diamond-jewellery","13":"product_cat-gold-earrings","14":"product_cat-jewellery-under-750","15":"product_cat-stud-earrings","16":"product_cat-valentine-day-gifts","17":"product_cat-womens-jewellery","18":"product_tag-earrings","20":"first","21":"outofstock","22":"taxable","23":"shipping-taxable","24":"product-type-simple","25":"add-to-wishlist-before_image"},"yoast_head":"<!-- This site is optimized with the Yoast SEO plugin v27.3 - https:\/\/yoast.com\/product\/yoast-seo-wordpress\/ -->\n<title>18ct Yellow Gold Diamond Cluster Stud \u2013 PureJewels UK<\/title>\n<meta name=\"description\" content=\"Elegant 18ct yellow gold stud with 0.12ct natural diamond cluster. Timeless design, hallmarked in London. Perfect for everyday elegance.\" \/>\n<meta name=\"robots\" content=\"index, follow, max-snippet:-1, max-image-preview:large, max-video-preview:-1\" \/>\n<link rel=\"canonical\" href=\"https:\/\/www.purejewels.com\/tr\/urun\/sari-altin-pirlanta-kume-saplama-51951\/\" \/>\n<meta property=\"og:locale\" content=\"tr_TR\" \/>\n<meta property=\"og:type\" content=\"article\" \/>\n<meta property=\"og:title\" content=\"18ct Yellow Gold Diamond Cluster Stud \u2013 PureJewels UK\" \/>\n<meta property=\"og:description\" content=\"Elegant 18ct yellow gold stud with 0.12ct natural diamond cluster. Timeless design, hallmarked in London. Perfect for everyday elegance.\" \/>\n<meta property=\"og:url\" content=\"https:\/\/www.purejewels.com\/tr\/urun\/sari-altin-pirlanta-kume-saplama-51951\/\" \/>\n<meta property=\"og:site_name\" content=\"PureJewels UK\" \/>\n<meta property=\"article:modified_time\" content=\"2026-02-27T05:14:01+00:00\" \/>\n<meta property=\"og:image\" content=\"https:\/\/static.purejewels.com\/wp-content\/uploads\/2025\/08\/SKU-51951.jpg\" \/>\n\t<meta property=\"og:image:width\" content=\"1000\" \/>\n\t<meta property=\"og:image:height\" content=\"1000\" \/>\n\t<meta property=\"og:image:type\" content=\"image\/jpeg\" \/>\n<meta name=\"twitter:card\" content=\"summary_large_image\" \/>\n<meta name=\"twitter:label1\" content=\"Tahmini okuma s\u00fcresi\" \/>\n\t<meta name=\"twitter:data1\" content=\"1 dakika\" \/>\n<script type=\"application\/ld+json\" class=\"yoast-schema-graph\">{\"@context\":\"https:\\\/\\\/schema.org\",\"@graph\":[{\"@type\":[\"WebPage\",\"ItemPage\"],\"@id\":\"https:\\\/\\\/www.purejewels.com\\\/product\\\/yellow-gold-diamond-cluster-stud-51951\\\/\",\"url\":\"https:\\\/\\\/www.purejewels.com\\\/product\\\/yellow-gold-diamond-cluster-stud-51951\\\/\",\"name\":\"18ct Yellow Gold Diamond Cluster Stud \u2013 PureJewels UK\",\"isPartOf\":{\"@id\":\"https:\\\/\\\/www.purejewels.com\\\/#website\"},\"primaryImageOfPage\":{\"@id\":\"https:\\\/\\\/www.purejewels.com\\\/product\\\/yellow-gold-diamond-cluster-stud-51951\\\/#primaryimage\"},\"image\":{\"@id\":\"https:\\\/\\\/www.purejewels.com\\\/product\\\/yellow-gold-diamond-cluster-stud-51951\\\/#primaryimage\"},\"thumbnailUrl\":\"https:\\\/\\\/static.purejewels.com\\\/wp-content\\\/uploads\\\/2025\\\/08\\\/SKU-51951.jpg\",\"datePublished\":\"2025-07-11T05:53:51+00:00\",\"dateModified\":\"2026-02-27T05:14:01+00:00\",\"description\":\"Elegant 18ct yellow gold stud with 0.12ct natural diamond cluster. Timeless design, hallmarked in London. Perfect for everyday elegance.\",\"breadcrumb\":{\"@id\":\"https:\\\/\\\/www.purejewels.com\\\/product\\\/yellow-gold-diamond-cluster-stud-51951\\\/#breadcrumb\"},\"inLanguage\":\"tr\",\"potentialAction\":[{\"@type\":\"ReadAction\",\"target\":[\"https:\\\/\\\/www.purejewels.com\\\/product\\\/yellow-gold-diamond-cluster-stud-51951\\\/\"]}]},{\"@type\":\"ImageObject\",\"inLanguage\":\"tr\",\"@id\":\"https:\\\/\\\/www.purejewels.com\\\/product\\\/yellow-gold-diamond-cluster-stud-51951\\\/#primaryimage\",\"url\":\"https:\\\/\\\/static.purejewels.com\\\/wp-content\\\/uploads\\\/2025\\\/08\\\/SKU-51951.jpg\",\"contentUrl\":\"https:\\\/\\\/static.purejewels.com\\\/wp-content\\\/uploads\\\/2025\\\/08\\\/SKU-51951.jpg\",\"width\":1000,\"height\":1000,\"caption\":\"Yellow Gold Diamond Cluster Stud\"},{\"@type\":\"BreadcrumbList\",\"@id\":\"https:\\\/\\\/www.purejewels.com\\\/product\\\/yellow-gold-diamond-cluster-stud-51951\\\/#breadcrumb\",\"itemListElement\":[{\"@type\":\"ListItem\",\"position\":1,\"name\":\"Home\",\"item\":\"https:\\\/\\\/www.purejewels.com\\\/\"},{\"@type\":\"ListItem\",\"position\":2,\"name\":\"Shop\",\"item\":\"https:\\\/\\\/www.purejewels.com\\\/shop\\\/\"},{\"@type\":\"ListItem\",\"position\":3,\"name\":\"Yellow Gold Diamond Cluster Stud\"}]},{\"@type\":\"WebSite\",\"@id\":\"https:\\\/\\\/www.purejewels.com\\\/#website\",\"url\":\"https:\\\/\\\/www.purejewels.com\\\/\",\"name\":\"PureJewels UK\",\"description\":\"Share the Love\",\"publisher\":{\"@id\":\"https:\\\/\\\/www.purejewels.com\\\/#organization\"},\"potentialAction\":[{\"@type\":\"SearchAction\",\"target\":{\"@type\":\"EntryPoint\",\"urlTemplate\":\"https:\\\/\\\/www.purejewels.com\\\/?s={search_term_string}\"},\"query-input\":{\"@type\":\"PropertyValueSpecification\",\"valueRequired\":true,\"valueName\":\"search_term_string\"}}],\"inLanguage\":\"tr\"},{\"@type\":\"Organization\",\"@id\":\"https:\\\/\\\/www.purejewels.com\\\/#organization\",\"name\":\"PureJewels UK\",\"url\":\"https:\\\/\\\/www.purejewels.com\\\/\",\"logo\":{\"@type\":\"ImageObject\",\"inLanguage\":\"tr\",\"@id\":\"https:\\\/\\\/www.purejewels.com\\\/#\\\/schema\\\/logo\\\/image\\\/\",\"url\":\"https:\\\/\\\/static.purejewels.com\\\/wp-content\\\/uploads\\\/2020\\\/11\\\/Logo-PJ-New-1.png\",\"contentUrl\":\"https:\\\/\\\/static.purejewels.com\\\/wp-content\\\/uploads\\\/2020\\\/11\\\/Logo-PJ-New-1.png\",\"width\":150,\"height\":80,\"caption\":\"PureJewels UK\"},\"image\":{\"@id\":\"https:\\\/\\\/www.purejewels.com\\\/#\\\/schema\\\/logo\\\/image\\\/\"}}]}<\/script>\n<!-- \/ Yoast SEO plugin. -->","yoast_head_json":{"title":"18 Ayar Sar\u0131 Alt\u0131n P\u0131rlanta K\u00fcme Saplama - PureJewels UK","description":"18 ayar sar\u0131 alt\u0131ndan, 0,12 ayar do\u011fal p\u0131rlanta k\u00fcmeli zarif k\u00fcpe. Zamans\u0131z tasar\u0131m, Londra'da damgalanm\u0131\u015ft\u0131r. G\u00fcnl\u00fck \u015f\u0131kl\u0131k i\u00e7in m\u00fckemmel.","robots":{"index":"index","follow":"follow","max-snippet":"max-snippet:-1","max-image-preview":"max-image-preview:large","max-video-preview":"max-video-preview:-1"},"canonical":"https:\/\/www.purejewels.com\/tr\/urun\/sari-altin-pirlanta-kume-saplama-51951\/","og_locale":"tr_TR","og_type":"article","og_title":"18ct Yellow Gold Diamond Cluster Stud \u2013 PureJewels UK","og_description":"Elegant 18ct yellow gold stud with 0.12ct natural diamond cluster. Timeless design, hallmarked in London. Perfect for everyday elegance.","og_url":"https:\/\/www.purejewels.com\/tr\/urun\/sari-altin-pirlanta-kume-saplama-51951\/","og_site_name":"PureJewels UK","article_modified_time":"2026-02-27T05:14:01+00:00","og_image":[{"width":1000,"height":1000,"url":"https:\/\/static.purejewels.com\/wp-content\/uploads\/2025\/08\/SKU-51951.jpg","type":"image\/jpeg"}],"twitter_card":"summary_large_image","twitter_misc":{"Tahmini okuma s\u00fcresi":"1 dakika"},"schema":{"@context":"https:\/\/schema.org","@graph":[{"@type":["WebPage","ItemPage"],"@id":"https:\/\/www.purejewels.com\/product\/yellow-gold-diamond-cluster-stud-51951\/","url":"https:\/\/www.purejewels.com\/product\/yellow-gold-diamond-cluster-stud-51951\/","name":"18 Ayar Sar\u0131 Alt\u0131n P\u0131rlanta K\u00fcme Saplama - PureJewels UK","isPartOf":{"@id":"https:\/\/www.purejewels.com\/#website"},"primaryImageOfPage":{"@id":"https:\/\/www.purejewels.com\/product\/yellow-gold-diamond-cluster-stud-51951\/#primaryimage"},"image":{"@id":"https:\/\/www.purejewels.com\/product\/yellow-gold-diamond-cluster-stud-51951\/#primaryimage"},"thumbnailUrl":"https:\/\/static.purejewels.com\/wp-content\/uploads\/2025\/08\/SKU-51951.jpg","datePublished":"2025-07-11T05:53:51+00:00","dateModified":"2026-02-27T05:14:01+00:00","description":"18 ayar sar\u0131 alt\u0131ndan, 0,12 ayar do\u011fal p\u0131rlanta k\u00fcmeli zarif k\u00fcpe. Zamans\u0131z tasar\u0131m, Londra'da damgalanm\u0131\u015ft\u0131r. G\u00fcnl\u00fck \u015f\u0131kl\u0131k i\u00e7in m\u00fckemmel.","breadcrumb":{"@id":"https:\/\/www.purejewels.com\/product\/yellow-gold-diamond-cluster-stud-51951\/#breadcrumb"},"inLanguage":"tr","potentialAction":[{"@type":"ReadAction","target":["https:\/\/www.purejewels.com\/product\/yellow-gold-diamond-cluster-stud-51951\/"]}]},{"@type":"ImageObject","inLanguage":"tr","@id":"https:\/\/www.purejewels.com\/product\/yellow-gold-diamond-cluster-stud-51951\/#primaryimage","url":"https:\/\/static.purejewels.com\/wp-content\/uploads\/2025\/08\/SKU-51951.jpg","contentUrl":"https:\/\/static.purejewels.com\/wp-content\/uploads\/2025\/08\/SKU-51951.jpg","width":1000,"height":1000,"caption":"Yellow Gold Diamond Cluster Stud"},{"@type":"BreadcrumbList","@id":"https:\/\/www.purejewels.com\/product\/yellow-gold-diamond-cluster-stud-51951\/#breadcrumb","itemListElement":[{"@type":"ListItem","position":1,"name":"Home","item":"https:\/\/www.purejewels.com\/"},{"@type":"ListItem","position":2,"name":"Shop","item":"https:\/\/www.purejewels.com\/shop\/"},{"@type":"ListItem","position":3,"name":"Yellow Gold Diamond Cluster Stud"}]},{"@type":"WebSite","@id":"https:\/\/www.purejewels.com\/#website","url":"https:\/\/www.purejewels.com\/","name":"PureJewels \u0130ngiltere","description":"Sevgiyi Payla\u015f\u0131n","publisher":{"@id":"https:\/\/www.purejewels.com\/#organization"},"potentialAction":[{"@type":"SearchAction","target":{"@type":"EntryPoint","urlTemplate":"https:\/\/www.purejewels.com\/?s={search_term_string}"},"query-input":{"@type":"PropertyValueSpecification","valueRequired":true,"valueName":"search_term_string"}}],"inLanguage":"tr"},{"@type":"Organization","@id":"https:\/\/www.purejewels.com\/#organization","name":"PureJewels \u0130ngiltere","url":"https:\/\/www.purejewels.com\/","logo":{"@type":"ImageObject","inLanguage":"tr","@id":"https:\/\/www.purejewels.com\/#\/schema\/logo\/image\/","url":"https:\/\/static.purejewels.com\/wp-content\/uploads\/2020\/11\/Logo-PJ-New-1.png","contentUrl":"https:\/\/static.purejewels.com\/wp-content\/uploads\/2020\/11\/Logo-PJ-New-1.png","width":150,"height":80,"caption":"PureJewels UK"},"image":{"@id":"https:\/\/www.purejewels.com\/#\/schema\/logo\/image\/"}}]}},"_links":{"self":[{"href":"https:\/\/www.purejewels.com\/tr\/wp-json\/wp\/v2\/product\/410619","targetHints":{"allow":["GET"]}}],"collection":[{"href":"https:\/\/www.purejewels.com\/tr\/wp-json\/wp\/v2\/product"}],"about":[{"href":"https:\/\/www.purejewels.com\/tr\/wp-json\/wp\/v2\/types\/product"}],"replies":[{"embeddable":true,"href":"https:\/\/www.purejewels.com\/tr\/wp-json\/wp\/v2\/comments?post=410619"}],"version-history":[{"count":2,"href":"https:\/\/www.purejewels.com\/tr\/wp-json\/wp\/v2\/product\/410619\/revisions"}],"predecessor-version":[{"id":422647,"href":"https:\/\/www.purejewels.com\/tr\/wp-json\/wp\/v2\/product\/410619\/revisions\/422647"}],"wp:featuredmedia":[{"embeddable":true,"href":"https:\/\/www.purejewels.com\/tr\/wp-json\/wp\/v2\/media\/410620"}],"wp:attachment":[{"href":"https:\/\/www.purejewels.com\/tr\/wp-json\/wp\/v2\/media?parent=410619"}],"wp:term":[{"taxonomy":"product_brand","embeddable":true,"href":"https:\/\/www.purejewels.com\/tr\/wp-json\/wp\/v2\/product_brand?post=410619"},{"taxonomy":"product_cat","embeddable":true,"href":"https:\/\/www.purejewels.com\/tr\/wp-json\/wp\/v2\/product_cat?post=410619"},{"taxonomy":"product_tag","embeddable":true,"href":"https:\/\/www.purejewels.com\/tr\/wp-json\/wp\/v2\/product_tag?post=410619"}],"curies":[{"name":"wp","href":"https:\/\/api.w.org\/{rel}","templated":true}]}}