{"id":410626,"date":"2025-05-11T07:12:37","date_gmt":"2025-05-11T06:12:37","guid":{"rendered":"https:\/\/www.purejewels.com\/?post_type=product&#038;p=410626"},"modified":"2026-04-08T07:38:02","modified_gmt":"2026-04-08T06:38:02","slug":"22-ayar-sunrise-altin-oval-fantezi-pirlanta-yuzuk-52730","status":"publish","type":"product","link":"https:\/\/www.purejewels.com\/tr\/product\/22ct-sunrise-gold-oval-fancy-diamond-ring-52730\/","title":{"rendered":"22 Ayar Sunrise Alt\u0131n Oval Fantezi P\u0131rlanta Y\u00fcz\u00fck"},"content":{"rendered":"<p data-start=\"332\" data-end=\"802\">Do\u011fal renk p\u0131rlantalar\u0131n nadir g\u00fczelli\u011fini 22 ayar Sunrise Alt\u0131n Oval Fantezi P\u0131rlanta Y\u00fcz\u00fck ile kutlay\u0131n. Bu zarif tasar\u0131m, 1,04 karatl\u0131k oval bir p\u0131rlantay\u0131 zarif bir turuncu-kahverengi tonunda sergiliyor ve hem \u00e7a\u011fda\u015f hem de zamans\u0131z b\u00fcy\u00fcleyici bir renk derinli\u011fi sunuyor. GIA (Sertifika No. 6227946639) taraf\u0131ndan VVS2 berrakl\u0131k derecesiyle sertifikaland\u0131r\u0131lan ta\u015f, ola\u011fan\u00fcst\u00fc bir parlakl\u0131k ve berrakl\u0131kla \u0131\u015f\u0131ld\u0131yor.<\/p>\n<p data-start=\"804\" data-end=\"1084\">P\u00fcr\u00fczs\u00fcz, cilal\u0131 22 ayar Sunrise Gold kordon m\u00fckemmel bir \u00e7er\u00e7eve olu\u015ftururken, s\u0131cak alt\u0131n tonu p\u0131rlantan\u0131n zengin, topraks\u0131 \u0131\u015f\u0131lt\u0131s\u0131n\u0131 art\u0131r\u0131yor. Nadirli\u011fi ve i\u015f\u00e7ili\u011fi takdir edenler i\u00e7in tasarlanan bu y\u00fcz\u00fck, PureJewels'in m\u00fccevher sanat\u0131na olan ba\u011fl\u0131l\u0131\u011f\u0131n\u0131n bir kan\u0131t\u0131d\u0131r.<\/p>","protected":false},"excerpt":{"rendered":"<div class=\"woocommerce-product-details__short-description\">\n<p data-start=\"377\" data-end=\"605\">22 ayar Sunrise Alt\u0131ndan \u00fcretilen bu zarif y\u00fcz\u00fck, GIA taraf\u0131ndan VVS2 olarak derecelendirilmi\u015f, nadir bulunan turuncu-kahverengi renk tonunda do\u011fal 1,04 ct oval p\u0131rlantaya sahiptir. S\u0131cakl\u0131k, nadirlik ve zamans\u0131z tasar\u0131m\u0131n \u00e7arp\u0131c\u0131 bir kar\u0131\u015f\u0131m\u0131.<\/p>\n<p><strong>Malzeme:<\/strong> 18 Ayar Sar\u0131 Alt\u0131n<br \/>\n<strong>Hallmark:<\/strong>\u00a0\u0130ngiliz Damgas\u0131<br \/>\n<strong>Sertifika ile birlikte gelir: <\/strong>Evet<br \/>\n<strong>Ta\u015f: <\/strong> Do\u011fal Elmas<br \/>\n<b>Do\u011fal<\/b>\u00a0<strong>Elmas:<\/strong> 1.04ct<br \/>\n<b>Elmas Berrakl\u0131\u011f\u0131: <\/b>VVS2 (\u00c7ok \u00c7ok Az Dahil)<br \/>\n<strong>Br\u00fct A\u011f\u0131rl\u0131k:<\/strong>\u00a0 7.10 Gms<br \/>\n<strong>SKU: <\/strong>52730<\/p>\n<p><strong>Fiyat ve Teslimat:<\/strong>\u00a0KDV ve teslimat \u00fccretleri dahil<br \/>\n<strong>Garanti:<\/strong> \u00fccretsiz vale hizmeti ve g\u00fcvenlik a\u00e7\u0131\u011f\u0131 kontrolleri<br \/>\n<strong>Not:\u00a0<\/strong>Bu y\u00fcz\u00fck t\u00fcm parmak \u00f6l\u00e7\u00fclerinde mevcuttur. L\u00fctfen\u00a0<strong id=\"btn_TawkLink\">\u0130leti\u015fime ge\u00e7in\u00a0<\/strong>size en uygun olan\u0131 sipari\u015f etmek i\u00e7in.<br \/>\n<a href=\"https:\/\/www.purejewels.com\/tr\/i%cc%87ade-poli%cc%87ti%cc%87kasi\/\">\u0130ade Politikas\u0131<\/a><\/p>\n<\/div>\n<div class=\"pls-deliver-return-ask-questions\"><\/div>","protected":false},"featured_media":410628,"comment_status":"closed","ping_status":"closed","template":"","meta":{"_eb_attr":"","_crsspst_to_jayantr4sg-hostcom":false},"product_brand":[],"product_cat":[1791,5699,1229,1783,1786,5906,5927,6081,1573,1574],"product_tag":[],"class_list":{"0":"post-410626","1":"product","2":"type-product","3":"status-publish","4":"has-post-thumbnail","6":"product_cat-anniversary-gifts","7":"product_cat-coloured-gemstone-jewellery","8":"product_cat-22ct-gold-jewellery","9":"product_cat-ladies-rings","10":"product_cat-occasional-wear-rings","11":"product_cat-personalised-jewellery","12":"product_cat-personalised-ring","13":"product_cat-sunrise-gold","14":"product_cat-wedding-gifts","15":"product_cat-womens-jewellery","17":"first","18":"onbackorder","19":"taxable","20":"shipping-taxable","21":"product-type-simple","22":"add-to-wishlist-before_image"},"yoast_head":"<!-- This site is optimized with the Yoast SEO plugin v27.5 - https:\/\/yoast.com\/product\/yoast-seo-wordpress\/ -->\n<title>22ct Sunrise Gold Oval Fancy Diamond Ring \u2013 PureJewels UK<\/title>\n<meta name=\"description\" content=\"22ct Sunrise Gold ring with 1.04ct oval fancy orange-brown diamond, VVS2 clarity, GIA certified. Rare beauty, timeless craftsmanship.\" \/>\n<meta name=\"robots\" content=\"index, follow, max-snippet:-1, max-image-preview:large, max-video-preview:-1\" \/>\n<link rel=\"canonical\" href=\"https:\/\/www.purejewels.com\/tr\/urun\/22-ayar-sunrise-altin-oval-fantezi-pirlanta-yuzuk-52730\/\" \/>\n<meta property=\"og:locale\" content=\"tr_TR\" \/>\n<meta property=\"og:type\" content=\"article\" \/>\n<meta property=\"og:title\" content=\"22ct Sunrise Gold Oval Fancy Diamond Ring \u2013 PureJewels UK\" \/>\n<meta property=\"og:description\" content=\"22ct Sunrise Gold ring with 1.04ct oval fancy orange-brown diamond, VVS2 clarity, GIA certified. Rare beauty, timeless craftsmanship.\" \/>\n<meta property=\"og:url\" content=\"https:\/\/www.purejewels.com\/tr\/urun\/22-ayar-sunrise-altin-oval-fantezi-pirlanta-yuzuk-52730\/\" \/>\n<meta property=\"og:site_name\" content=\"PureJewels UK\" \/>\n<meta property=\"article:modified_time\" content=\"2026-04-08T06:38:02+00:00\" \/>\n<meta property=\"og:image\" content=\"https:\/\/static.purejewels.com\/wp-content\/uploads\/2025\/08\/Custom-Ring.1.jpg\" \/>\n\t<meta property=\"og:image:width\" content=\"1000\" \/>\n\t<meta property=\"og:image:height\" content=\"1000\" \/>\n\t<meta property=\"og:image:type\" content=\"image\/jpeg\" \/>\n<meta name=\"twitter:card\" content=\"summary_large_image\" \/>\n<meta name=\"twitter:label1\" content=\"Tahmini okuma s\u00fcresi\" \/>\n\t<meta name=\"twitter:data1\" content=\"1 dakika\" \/>\n<script type=\"application\/ld+json\" class=\"yoast-schema-graph\">{\"@context\":\"https:\\\/\\\/schema.org\",\"@graph\":[{\"@type\":[\"WebPage\",\"ItemPage\"],\"@id\":\"https:\\\/\\\/www.purejewels.com\\\/product\\\/22ct-sunrise-gold-oval-fancy-diamond-ring-52730\\\/\",\"url\":\"https:\\\/\\\/www.purejewels.com\\\/product\\\/22ct-sunrise-gold-oval-fancy-diamond-ring-52730\\\/\",\"name\":\"22ct Sunrise Gold Oval Fancy Diamond Ring \u2013 PureJewels UK\",\"isPartOf\":{\"@id\":\"https:\\\/\\\/www.purejewels.com\\\/#website\"},\"primaryImageOfPage\":{\"@id\":\"https:\\\/\\\/www.purejewels.com\\\/product\\\/22ct-sunrise-gold-oval-fancy-diamond-ring-52730\\\/#primaryimage\"},\"image\":{\"@id\":\"https:\\\/\\\/www.purejewels.com\\\/product\\\/22ct-sunrise-gold-oval-fancy-diamond-ring-52730\\\/#primaryimage\"},\"thumbnailUrl\":\"https:\\\/\\\/static.purejewels.com\\\/wp-content\\\/uploads\\\/2025\\\/08\\\/Custom-Ring.1.jpg\",\"datePublished\":\"2025-05-11T06:12:37+00:00\",\"dateModified\":\"2026-04-08T06:38:02+00:00\",\"description\":\"22ct Sunrise Gold ring with 1.04ct oval fancy orange-brown diamond, VVS2 clarity, GIA certified. Rare beauty, timeless craftsmanship.\",\"breadcrumb\":{\"@id\":\"https:\\\/\\\/www.purejewels.com\\\/product\\\/22ct-sunrise-gold-oval-fancy-diamond-ring-52730\\\/#breadcrumb\"},\"inLanguage\":\"tr\",\"potentialAction\":[{\"@type\":\"ReadAction\",\"target\":[\"https:\\\/\\\/www.purejewels.com\\\/product\\\/22ct-sunrise-gold-oval-fancy-diamond-ring-52730\\\/\"]}]},{\"@type\":\"ImageObject\",\"inLanguage\":\"tr\",\"@id\":\"https:\\\/\\\/www.purejewels.com\\\/product\\\/22ct-sunrise-gold-oval-fancy-diamond-ring-52730\\\/#primaryimage\",\"url\":\"https:\\\/\\\/static.purejewels.com\\\/wp-content\\\/uploads\\\/2025\\\/08\\\/Custom-Ring.1.jpg\",\"contentUrl\":\"https:\\\/\\\/static.purejewels.com\\\/wp-content\\\/uploads\\\/2025\\\/08\\\/Custom-Ring.1.jpg\",\"width\":1000,\"height\":1000,\"caption\":\"22ct Sunrise Gold Oval Fancy Diamond Ring\"},{\"@type\":\"BreadcrumbList\",\"@id\":\"https:\\\/\\\/www.purejewels.com\\\/product\\\/22ct-sunrise-gold-oval-fancy-diamond-ring-52730\\\/#breadcrumb\",\"itemListElement\":[{\"@type\":\"ListItem\",\"position\":1,\"name\":\"Home\",\"item\":\"https:\\\/\\\/www.purejewels.com\\\/\"},{\"@type\":\"ListItem\",\"position\":2,\"name\":\"Shop\",\"item\":\"https:\\\/\\\/www.purejewels.com\\\/shop\\\/\"},{\"@type\":\"ListItem\",\"position\":3,\"name\":\"22ct Sunrise Gold Oval Fancy Diamond Ring\"}]},{\"@type\":\"WebSite\",\"@id\":\"https:\\\/\\\/www.purejewels.com\\\/#website\",\"url\":\"https:\\\/\\\/www.purejewels.com\\\/\",\"name\":\"PureJewels UK\",\"description\":\"Share the Love\",\"publisher\":{\"@id\":\"https:\\\/\\\/www.purejewels.com\\\/#organization\"},\"potentialAction\":[{\"@type\":\"SearchAction\",\"target\":{\"@type\":\"EntryPoint\",\"urlTemplate\":\"https:\\\/\\\/www.purejewels.com\\\/?s={search_term_string}\"},\"query-input\":{\"@type\":\"PropertyValueSpecification\",\"valueRequired\":true,\"valueName\":\"search_term_string\"}}],\"inLanguage\":\"tr\"},{\"@type\":\"Organization\",\"@id\":\"https:\\\/\\\/www.purejewels.com\\\/#organization\",\"name\":\"PureJewels UK\",\"url\":\"https:\\\/\\\/www.purejewels.com\\\/\",\"logo\":{\"@type\":\"ImageObject\",\"inLanguage\":\"tr\",\"@id\":\"https:\\\/\\\/www.purejewels.com\\\/#\\\/schema\\\/logo\\\/image\\\/\",\"url\":\"https:\\\/\\\/static.purejewels.com\\\/wp-content\\\/uploads\\\/2020\\\/11\\\/Logo-PJ-New-1.png\",\"contentUrl\":\"https:\\\/\\\/static.purejewels.com\\\/wp-content\\\/uploads\\\/2020\\\/11\\\/Logo-PJ-New-1.png\",\"width\":150,\"height\":80,\"caption\":\"PureJewels UK\"},\"image\":{\"@id\":\"https:\\\/\\\/www.purejewels.com\\\/#\\\/schema\\\/logo\\\/image\\\/\"}}]}<\/script>\n<!-- \/ Yoast SEO plugin. -->","yoast_head_json":{"title":"22ct Sunrise Alt\u0131n Oval Fantezi P\u0131rlanta Y\u00fcz\u00fck - PureJewels UK","description":"22 ayar Sunrise Alt\u0131n y\u00fcz\u00fck, 1.04 ayar oval fantezi turuncu-kahverengi p\u0131rlanta, VVS2 berrakl\u0131k, GIA sertifikal\u0131. Nadir g\u00fczellik, zamans\u0131z i\u015f\u00e7ilik.","robots":{"index":"index","follow":"follow","max-snippet":"max-snippet:-1","max-image-preview":"max-image-preview:large","max-video-preview":"max-video-preview:-1"},"canonical":"https:\/\/www.purejewels.com\/tr\/urun\/22-ayar-sunrise-altin-oval-fantezi-pirlanta-yuzuk-52730\/","og_locale":"tr_TR","og_type":"article","og_title":"22ct Sunrise Gold Oval Fancy Diamond Ring \u2013 PureJewels UK","og_description":"22ct Sunrise Gold ring with 1.04ct oval fancy orange-brown diamond, VVS2 clarity, GIA certified. Rare beauty, timeless craftsmanship.","og_url":"https:\/\/www.purejewels.com\/tr\/urun\/22-ayar-sunrise-altin-oval-fantezi-pirlanta-yuzuk-52730\/","og_site_name":"PureJewels UK","article_modified_time":"2026-04-08T06:38:02+00:00","og_image":[{"width":1000,"height":1000,"url":"https:\/\/static.purejewels.com\/wp-content\/uploads\/2025\/08\/Custom-Ring.1.jpg","type":"image\/jpeg"}],"twitter_card":"summary_large_image","twitter_misc":{"Tahmini okuma s\u00fcresi":"1 dakika"},"schema":{"@context":"https:\/\/schema.org","@graph":[{"@type":["WebPage","ItemPage"],"@id":"https:\/\/www.purejewels.com\/product\/22ct-sunrise-gold-oval-fancy-diamond-ring-52730\/","url":"https:\/\/www.purejewels.com\/product\/22ct-sunrise-gold-oval-fancy-diamond-ring-52730\/","name":"22ct Sunrise Alt\u0131n Oval Fantezi P\u0131rlanta Y\u00fcz\u00fck - PureJewels UK","isPartOf":{"@id":"https:\/\/www.purejewels.com\/#website"},"primaryImageOfPage":{"@id":"https:\/\/www.purejewels.com\/product\/22ct-sunrise-gold-oval-fancy-diamond-ring-52730\/#primaryimage"},"image":{"@id":"https:\/\/www.purejewels.com\/product\/22ct-sunrise-gold-oval-fancy-diamond-ring-52730\/#primaryimage"},"thumbnailUrl":"https:\/\/static.purejewels.com\/wp-content\/uploads\/2025\/08\/Custom-Ring.1.jpg","datePublished":"2025-05-11T06:12:37+00:00","dateModified":"2026-04-08T06:38:02+00:00","description":"22 ayar Sunrise Alt\u0131n y\u00fcz\u00fck, 1.04 ayar oval fantezi turuncu-kahverengi p\u0131rlanta, VVS2 berrakl\u0131k, GIA sertifikal\u0131. Nadir g\u00fczellik, zamans\u0131z i\u015f\u00e7ilik.","breadcrumb":{"@id":"https:\/\/www.purejewels.com\/product\/22ct-sunrise-gold-oval-fancy-diamond-ring-52730\/#breadcrumb"},"inLanguage":"tr","potentialAction":[{"@type":"ReadAction","target":["https:\/\/www.purejewels.com\/product\/22ct-sunrise-gold-oval-fancy-diamond-ring-52730\/"]}]},{"@type":"ImageObject","inLanguage":"tr","@id":"https:\/\/www.purejewels.com\/product\/22ct-sunrise-gold-oval-fancy-diamond-ring-52730\/#primaryimage","url":"https:\/\/static.purejewels.com\/wp-content\/uploads\/2025\/08\/Custom-Ring.1.jpg","contentUrl":"https:\/\/static.purejewels.com\/wp-content\/uploads\/2025\/08\/Custom-Ring.1.jpg","width":1000,"height":1000,"caption":"22ct Sunrise Gold Oval Fancy Diamond Ring"},{"@type":"BreadcrumbList","@id":"https:\/\/www.purejewels.com\/product\/22ct-sunrise-gold-oval-fancy-diamond-ring-52730\/#breadcrumb","itemListElement":[{"@type":"ListItem","position":1,"name":"Home","item":"https:\/\/www.purejewels.com\/"},{"@type":"ListItem","position":2,"name":"Shop","item":"https:\/\/www.purejewels.com\/shop\/"},{"@type":"ListItem","position":3,"name":"22ct Sunrise Gold Oval Fancy Diamond Ring"}]},{"@type":"WebSite","@id":"https:\/\/www.purejewels.com\/#website","url":"https:\/\/www.purejewels.com\/","name":"PureJewels \u0130ngiltere","description":"Sevgiyi Payla\u015f\u0131n","publisher":{"@id":"https:\/\/www.purejewels.com\/#organization"},"potentialAction":[{"@type":"SearchAction","target":{"@type":"EntryPoint","urlTemplate":"https:\/\/www.purejewels.com\/?s={search_term_string}"},"query-input":{"@type":"PropertyValueSpecification","valueRequired":true,"valueName":"search_term_string"}}],"inLanguage":"tr"},{"@type":"Organization","@id":"https:\/\/www.purejewels.com\/#organization","name":"PureJewels \u0130ngiltere","url":"https:\/\/www.purejewels.com\/","logo":{"@type":"ImageObject","inLanguage":"tr","@id":"https:\/\/www.purejewels.com\/#\/schema\/logo\/image\/","url":"https:\/\/static.purejewels.com\/wp-content\/uploads\/2020\/11\/Logo-PJ-New-1.png","contentUrl":"https:\/\/static.purejewels.com\/wp-content\/uploads\/2020\/11\/Logo-PJ-New-1.png","width":150,"height":80,"caption":"PureJewels UK"},"image":{"@id":"https:\/\/www.purejewels.com\/#\/schema\/logo\/image\/"}}]}},"_links":{"self":[{"href":"https:\/\/www.purejewels.com\/tr\/wp-json\/wp\/v2\/product\/410626","targetHints":{"allow":["GET"]}}],"collection":[{"href":"https:\/\/www.purejewels.com\/tr\/wp-json\/wp\/v2\/product"}],"about":[{"href":"https:\/\/www.purejewels.com\/tr\/wp-json\/wp\/v2\/types\/product"}],"replies":[{"embeddable":true,"href":"https:\/\/www.purejewels.com\/tr\/wp-json\/wp\/v2\/comments?post=410626"}],"version-history":[{"count":1,"href":"https:\/\/www.purejewels.com\/tr\/wp-json\/wp\/v2\/product\/410626\/revisions"}],"predecessor-version":[{"id":410632,"href":"https:\/\/www.purejewels.com\/tr\/wp-json\/wp\/v2\/product\/410626\/revisions\/410632"}],"wp:featuredmedia":[{"embeddable":true,"href":"https:\/\/www.purejewels.com\/tr\/wp-json\/wp\/v2\/media\/410628"}],"wp:attachment":[{"href":"https:\/\/www.purejewels.com\/tr\/wp-json\/wp\/v2\/media?parent=410626"}],"wp:term":[{"taxonomy":"product_brand","embeddable":true,"href":"https:\/\/www.purejewels.com\/tr\/wp-json\/wp\/v2\/product_brand?post=410626"},{"taxonomy":"product_cat","embeddable":true,"href":"https:\/\/www.purejewels.com\/tr\/wp-json\/wp\/v2\/product_cat?post=410626"},{"taxonomy":"product_tag","embeddable":true,"href":"https:\/\/www.purejewels.com\/tr\/wp-json\/wp\/v2\/product_tag?post=410626"}],"curies":[{"name":"wp","href":"https:\/\/api.w.org\/{rel}","templated":true}]}}