{"id":411141,"date":"2025-07-13T05:50:00","date_gmt":"2025-07-13T04:50:00","guid":{"rendered":"https:\/\/www.purejewels.com\/?post_type=product&#038;p=411141"},"modified":"2026-01-10T16:15:12","modified_gmt":"2026-01-10T16:15:12","slug":"22-ayar-altin-boncuklu-bileklik-51764","status":"publish","type":"product","link":"https:\/\/www.purejewels.com\/tr\/product\/22ct-gold-beaded-bangle-51764\/","title":{"rendered":"22 Ayar Alt\u0131n Boncuklu Bileklik"},"content":{"rendered":"<p>Parlak 22 ayar alt\u0131ndan el i\u015f\u00e7ili\u011fiyle \u00fcretilen bu boncuklu bileklik, zarif bir sadeli\u011fi temsil ediyor. Her bir boncuk bile\u011fin etraf\u0131nda s\u00fcrekli, dokunsal bir ritim yaratmak i\u00e7in m\u00fckemmel bir \u015fekilde parlat\u0131lm\u0131\u015ft\u0131r ve her hareketle \u0131\u015f\u0131\u011f\u0131 yakalar. G\u00fcvenli kilitleme tokas\u0131 rahatl\u0131k ve huzur sa\u011flarken, 6,8 g a\u011f\u0131rl\u0131\u011f\u0131 g\u00fcven verici bir kalite hissi sunar. Londra Assay Ofisi taraf\u0131ndan damgalanan bu bilezik, PureJewels'in ince alt\u0131n i\u015f\u00e7ili\u011fi miras\u0131n\u0131 yans\u0131tarak hem g\u00fcnl\u00fck \u015f\u0131kl\u0131k hem de de\u011ferli hediyeler i\u00e7in ideal bir se\u00e7imdir.<\/p>","protected":false},"excerpt":{"rendered":"<p>Zarif ve \u00e7ok y\u00f6nl\u00fc bu 22 ayar alt\u0131n boncuklu bileklik, zarif bir ak\u0131\u015fla birbirine ba\u011flanm\u0131\u015f ve klasik bir kilitle sabitlenmi\u015f cilal\u0131 k\u00fcrelere sahiptir. G\u00fcnl\u00fck kullan\u0131m veya \u00f6zel g\u00fcnler i\u00e7in zamans\u0131z bir tasar\u0131m.<\/p>\n<ul>\n<li><strong>Malzeme:<\/strong>\u00a022 Ayar Alt\u0131n<\/li>\n<li><strong>Safl\u0131k:<\/strong> 91.6% saf<\/li>\n<li><strong>Hallmark:\u00a0<\/strong>\u0130ngiliz Damgas\u0131<\/li>\n<li><strong>Br\u00fct A\u011f\u0131rl\u0131k: <\/strong>6.79 Gms<\/li>\n<li><strong>SKU: <\/strong>51764<\/li>\n<\/ul>\n<p>&nbsp;<\/p>\n<p><strong>Fiyat ve Teslimat: <\/strong>\u00a0KDV ve teslimat \u00fccretleri dahil<strong><br \/>\n<a href=\"https:\/\/www.purejewels.com\/tr\/i%cc%87ade-poli%cc%87ti%cc%87kasi\/\">\u0130ade Politikas\u0131<\/a><\/strong><\/p>\n<p>&nbsp;<\/p>\n<p>&nbsp;<\/p>","protected":false},"featured_media":411143,"comment_status":"closed","ping_status":"closed","template":"","meta":{"_eb_attr":"","_crsspst_to_jayantr4sg-hostcom":true},"product_brand":[],"product_cat":[1791,5270,1793,1792,1233,1229,1657,1574,5349],"product_tag":[5310],"class_list":{"0":"post-411141","1":"product","2":"type-product","3":"status-publish","4":"has-post-thumbnail","6":"product_cat-anniversary-gifts","7":"product_cat-daily-wear-bangles","8":"product_cat-diwali-gifts","9":"product_cat-festival-gifts","10":"product_cat-gold-bangles","11":"product_cat-22ct-gold-jewellery","12":"product_cat-single-bangle","13":"product_cat-womens-jewellery","14":"product_cat-yellow-gold-jewellery","15":"product_tag-22k-gold-bangles","17":"first","18":"outofstock","19":"taxable","20":"shipping-taxable","21":"product-type-simple","22":"add-to-wishlist-before_image"},"yoast_head":"<!-- This site is optimized with the Yoast SEO plugin v27.5 - https:\/\/yoast.com\/product\/yoast-seo-wordpress\/ -->\n<title>22ct Gold Beaded Bangle Bracelet | PureJewels<\/title>\n<meta name=\"description\" content=\"Shop the 22ct Gold Beaded Bangle Bracelet, 6.8g. Hallmarked, handcrafted, and secured with a lock for timeless elegance and everyday wearability.\" \/>\n<meta name=\"robots\" content=\"index, follow, max-snippet:-1, max-image-preview:large, max-video-preview:-1\" \/>\n<link rel=\"canonical\" href=\"https:\/\/www.purejewels.com\/tr\/urun\/22-ayar-altin-boncuklu-bileklik-51764\/\" \/>\n<meta property=\"og:locale\" content=\"tr_TR\" \/>\n<meta property=\"og:type\" content=\"article\" \/>\n<meta property=\"og:title\" content=\"22ct Gold Beaded Bangle Bracelet | PureJewels\" \/>\n<meta property=\"og:description\" content=\"Shop the 22ct Gold Beaded Bangle Bracelet, 6.8g. Hallmarked, handcrafted, and secured with a lock for timeless elegance and everyday wearability.\" \/>\n<meta property=\"og:url\" content=\"https:\/\/www.purejewels.com\/tr\/urun\/22-ayar-altin-boncuklu-bileklik-51764\/\" \/>\n<meta property=\"og:site_name\" content=\"PureJewels UK\" \/>\n<meta property=\"article:modified_time\" content=\"2026-01-10T16:15:12+00:00\" \/>\n<meta property=\"og:image\" content=\"https:\/\/static.purejewels.com\/wp-content\/uploads\/2025\/08\/SKU-51764.jpg\" \/>\n\t<meta property=\"og:image:width\" content=\"1000\" \/>\n\t<meta property=\"og:image:height\" content=\"1000\" \/>\n\t<meta property=\"og:image:type\" content=\"image\/jpeg\" \/>\n<meta name=\"twitter:card\" content=\"summary_large_image\" \/>\n<meta name=\"twitter:label1\" content=\"Tahmini okuma s\u00fcresi\" \/>\n\t<meta name=\"twitter:data1\" content=\"1 dakika\" \/>\n<script type=\"application\/ld+json\" class=\"yoast-schema-graph\">{\"@context\":\"https:\\\/\\\/schema.org\",\"@graph\":[{\"@type\":[\"WebPage\",\"ItemPage\"],\"@id\":\"https:\\\/\\\/www.purejewels.com\\\/product\\\/22ct-gold-beaded-bangle-51764\\\/\",\"url\":\"https:\\\/\\\/www.purejewels.com\\\/product\\\/22ct-gold-beaded-bangle-51764\\\/\",\"name\":\"22ct Gold Beaded Bangle Bracelet | PureJewels\",\"isPartOf\":{\"@id\":\"https:\\\/\\\/www.purejewels.com\\\/#website\"},\"primaryImageOfPage\":{\"@id\":\"https:\\\/\\\/www.purejewels.com\\\/product\\\/22ct-gold-beaded-bangle-51764\\\/#primaryimage\"},\"image\":{\"@id\":\"https:\\\/\\\/www.purejewels.com\\\/product\\\/22ct-gold-beaded-bangle-51764\\\/#primaryimage\"},\"thumbnailUrl\":\"https:\\\/\\\/static.purejewels.com\\\/wp-content\\\/uploads\\\/2025\\\/08\\\/SKU-51764.jpg\",\"datePublished\":\"2025-07-13T04:50:00+00:00\",\"dateModified\":\"2026-01-10T16:15:12+00:00\",\"description\":\"Shop the 22ct Gold Beaded Bangle Bracelet, 6.8g. Hallmarked, handcrafted, and secured with a lock for timeless elegance and everyday wearability.\",\"breadcrumb\":{\"@id\":\"https:\\\/\\\/www.purejewels.com\\\/product\\\/22ct-gold-beaded-bangle-51764\\\/#breadcrumb\"},\"inLanguage\":\"tr\",\"potentialAction\":[{\"@type\":\"ReadAction\",\"target\":[\"https:\\\/\\\/www.purejewels.com\\\/product\\\/22ct-gold-beaded-bangle-51764\\\/\"]}]},{\"@type\":\"ImageObject\",\"inLanguage\":\"tr\",\"@id\":\"https:\\\/\\\/www.purejewels.com\\\/product\\\/22ct-gold-beaded-bangle-51764\\\/#primaryimage\",\"url\":\"https:\\\/\\\/static.purejewels.com\\\/wp-content\\\/uploads\\\/2025\\\/08\\\/SKU-51764.jpg\",\"contentUrl\":\"https:\\\/\\\/static.purejewels.com\\\/wp-content\\\/uploads\\\/2025\\\/08\\\/SKU-51764.jpg\",\"width\":1000,\"height\":1000,\"caption\":\"22ct Gold Beaded Bangle Bracelet\"},{\"@type\":\"BreadcrumbList\",\"@id\":\"https:\\\/\\\/www.purejewels.com\\\/product\\\/22ct-gold-beaded-bangle-51764\\\/#breadcrumb\",\"itemListElement\":[{\"@type\":\"ListItem\",\"position\":1,\"name\":\"Home\",\"item\":\"https:\\\/\\\/www.purejewels.com\\\/\"},{\"@type\":\"ListItem\",\"position\":2,\"name\":\"Shop\",\"item\":\"https:\\\/\\\/www.purejewels.com\\\/shop\\\/\"},{\"@type\":\"ListItem\",\"position\":3,\"name\":\"22ct Gold Beaded Bangle Bracelet\"}]},{\"@type\":\"WebSite\",\"@id\":\"https:\\\/\\\/www.purejewels.com\\\/#website\",\"url\":\"https:\\\/\\\/www.purejewels.com\\\/\",\"name\":\"PureJewels UK\",\"description\":\"Share the Love\",\"publisher\":{\"@id\":\"https:\\\/\\\/www.purejewels.com\\\/#organization\"},\"potentialAction\":[{\"@type\":\"SearchAction\",\"target\":{\"@type\":\"EntryPoint\",\"urlTemplate\":\"https:\\\/\\\/www.purejewels.com\\\/?s={search_term_string}\"},\"query-input\":{\"@type\":\"PropertyValueSpecification\",\"valueRequired\":true,\"valueName\":\"search_term_string\"}}],\"inLanguage\":\"tr\"},{\"@type\":\"Organization\",\"@id\":\"https:\\\/\\\/www.purejewels.com\\\/#organization\",\"name\":\"PureJewels UK\",\"url\":\"https:\\\/\\\/www.purejewels.com\\\/\",\"logo\":{\"@type\":\"ImageObject\",\"inLanguage\":\"tr\",\"@id\":\"https:\\\/\\\/www.purejewels.com\\\/#\\\/schema\\\/logo\\\/image\\\/\",\"url\":\"https:\\\/\\\/static.purejewels.com\\\/wp-content\\\/uploads\\\/2020\\\/11\\\/Logo-PJ-New-1.png\",\"contentUrl\":\"https:\\\/\\\/static.purejewels.com\\\/wp-content\\\/uploads\\\/2020\\\/11\\\/Logo-PJ-New-1.png\",\"width\":150,\"height\":80,\"caption\":\"PureJewels UK\"},\"image\":{\"@id\":\"https:\\\/\\\/www.purejewels.com\\\/#\\\/schema\\\/logo\\\/image\\\/\"}}]}<\/script>\n<!-- \/ Yoast SEO plugin. -->","yoast_head_json":{"title":"22 Ayar Alt\u0131n Boncuklu Bileklik | PureJewels","description":"22 Ayar Alt\u0131n Boncuklu Bileklik Bileklik, 6,8 g. Damgal\u0131, el yap\u0131m\u0131 ve zamans\u0131z \u015f\u0131kl\u0131k ve g\u00fcnl\u00fck giyilebilirlik i\u00e7in bir kilitle sabitlenmi\u015ftir.","robots":{"index":"index","follow":"follow","max-snippet":"max-snippet:-1","max-image-preview":"max-image-preview:large","max-video-preview":"max-video-preview:-1"},"canonical":"https:\/\/www.purejewels.com\/tr\/urun\/22-ayar-altin-boncuklu-bileklik-51764\/","og_locale":"tr_TR","og_type":"article","og_title":"22ct Gold Beaded Bangle Bracelet | PureJewels","og_description":"Shop the 22ct Gold Beaded Bangle Bracelet, 6.8g. Hallmarked, handcrafted, and secured with a lock for timeless elegance and everyday wearability.","og_url":"https:\/\/www.purejewels.com\/tr\/urun\/22-ayar-altin-boncuklu-bileklik-51764\/","og_site_name":"PureJewels UK","article_modified_time":"2026-01-10T16:15:12+00:00","og_image":[{"width":1000,"height":1000,"url":"https:\/\/static.purejewels.com\/wp-content\/uploads\/2025\/08\/SKU-51764.jpg","type":"image\/jpeg"}],"twitter_card":"summary_large_image","twitter_misc":{"Tahmini okuma s\u00fcresi":"1 dakika"},"schema":{"@context":"https:\/\/schema.org","@graph":[{"@type":["WebPage","ItemPage"],"@id":"https:\/\/www.purejewels.com\/product\/22ct-gold-beaded-bangle-51764\/","url":"https:\/\/www.purejewels.com\/product\/22ct-gold-beaded-bangle-51764\/","name":"22 Ayar Alt\u0131n Boncuklu Bileklik | PureJewels","isPartOf":{"@id":"https:\/\/www.purejewels.com\/#website"},"primaryImageOfPage":{"@id":"https:\/\/www.purejewels.com\/product\/22ct-gold-beaded-bangle-51764\/#primaryimage"},"image":{"@id":"https:\/\/www.purejewels.com\/product\/22ct-gold-beaded-bangle-51764\/#primaryimage"},"thumbnailUrl":"https:\/\/static.purejewels.com\/wp-content\/uploads\/2025\/08\/SKU-51764.jpg","datePublished":"2025-07-13T04:50:00+00:00","dateModified":"2026-01-10T16:15:12+00:00","description":"22 Ayar Alt\u0131n Boncuklu Bileklik Bileklik, 6,8 g. Damgal\u0131, el yap\u0131m\u0131 ve zamans\u0131z \u015f\u0131kl\u0131k ve g\u00fcnl\u00fck giyilebilirlik i\u00e7in bir kilitle sabitlenmi\u015ftir.","breadcrumb":{"@id":"https:\/\/www.purejewels.com\/product\/22ct-gold-beaded-bangle-51764\/#breadcrumb"},"inLanguage":"tr","potentialAction":[{"@type":"ReadAction","target":["https:\/\/www.purejewels.com\/product\/22ct-gold-beaded-bangle-51764\/"]}]},{"@type":"ImageObject","inLanguage":"tr","@id":"https:\/\/www.purejewels.com\/product\/22ct-gold-beaded-bangle-51764\/#primaryimage","url":"https:\/\/static.purejewels.com\/wp-content\/uploads\/2025\/08\/SKU-51764.jpg","contentUrl":"https:\/\/static.purejewels.com\/wp-content\/uploads\/2025\/08\/SKU-51764.jpg","width":1000,"height":1000,"caption":"22ct Gold Beaded Bangle Bracelet"},{"@type":"BreadcrumbList","@id":"https:\/\/www.purejewels.com\/product\/22ct-gold-beaded-bangle-51764\/#breadcrumb","itemListElement":[{"@type":"ListItem","position":1,"name":"Home","item":"https:\/\/www.purejewels.com\/"},{"@type":"ListItem","position":2,"name":"Shop","item":"https:\/\/www.purejewels.com\/shop\/"},{"@type":"ListItem","position":3,"name":"22ct Gold Beaded Bangle Bracelet"}]},{"@type":"WebSite","@id":"https:\/\/www.purejewels.com\/#website","url":"https:\/\/www.purejewels.com\/","name":"PureJewels \u0130ngiltere","description":"Sevgiyi Payla\u015f\u0131n","publisher":{"@id":"https:\/\/www.purejewels.com\/#organization"},"potentialAction":[{"@type":"SearchAction","target":{"@type":"EntryPoint","urlTemplate":"https:\/\/www.purejewels.com\/?s={search_term_string}"},"query-input":{"@type":"PropertyValueSpecification","valueRequired":true,"valueName":"search_term_string"}}],"inLanguage":"tr"},{"@type":"Organization","@id":"https:\/\/www.purejewels.com\/#organization","name":"PureJewels \u0130ngiltere","url":"https:\/\/www.purejewels.com\/","logo":{"@type":"ImageObject","inLanguage":"tr","@id":"https:\/\/www.purejewels.com\/#\/schema\/logo\/image\/","url":"https:\/\/static.purejewels.com\/wp-content\/uploads\/2020\/11\/Logo-PJ-New-1.png","contentUrl":"https:\/\/static.purejewels.com\/wp-content\/uploads\/2020\/11\/Logo-PJ-New-1.png","width":150,"height":80,"caption":"PureJewels UK"},"image":{"@id":"https:\/\/www.purejewels.com\/#\/schema\/logo\/image\/"}}]}},"_links":{"self":[{"href":"https:\/\/www.purejewels.com\/tr\/wp-json\/wp\/v2\/product\/411141","targetHints":{"allow":["GET"]}}],"collection":[{"href":"https:\/\/www.purejewels.com\/tr\/wp-json\/wp\/v2\/product"}],"about":[{"href":"https:\/\/www.purejewels.com\/tr\/wp-json\/wp\/v2\/types\/product"}],"replies":[{"embeddable":true,"href":"https:\/\/www.purejewels.com\/tr\/wp-json\/wp\/v2\/comments?post=411141"}],"version-history":[{"count":1,"href":"https:\/\/www.purejewels.com\/tr\/wp-json\/wp\/v2\/product\/411141\/revisions"}],"predecessor-version":[{"id":411145,"href":"https:\/\/www.purejewels.com\/tr\/wp-json\/wp\/v2\/product\/411141\/revisions\/411145"}],"wp:featuredmedia":[{"embeddable":true,"href":"https:\/\/www.purejewels.com\/tr\/wp-json\/wp\/v2\/media\/411143"}],"wp:attachment":[{"href":"https:\/\/www.purejewels.com\/tr\/wp-json\/wp\/v2\/media?parent=411141"}],"wp:term":[{"taxonomy":"product_brand","embeddable":true,"href":"https:\/\/www.purejewels.com\/tr\/wp-json\/wp\/v2\/product_brand?post=411141"},{"taxonomy":"product_cat","embeddable":true,"href":"https:\/\/www.purejewels.com\/tr\/wp-json\/wp\/v2\/product_cat?post=411141"},{"taxonomy":"product_tag","embeddable":true,"href":"https:\/\/www.purejewels.com\/tr\/wp-json\/wp\/v2\/product_tag?post=411141"}],"curies":[{"name":"wp","href":"https:\/\/api.w.org\/{rel}","templated":true}]}}