{"id":411159,"date":"2025-09-18T06:37:11","date_gmt":"2025-09-18T05:37:11","guid":{"rendered":"https:\/\/www.purejewels.com\/?post_type=product&#038;p=411159"},"modified":"2026-05-11T13:00:49","modified_gmt":"2026-05-11T12:00:49","slug":"22-ayar-altin-zarif-boncuk-zincir-bileklik-52620","status":"publish","type":"product","link":"https:\/\/www.purejewels.com\/tr\/product\/22ct-gold-elegant-bead-chain-bracelet-52620\/","title":{"rendered":"22 Ayar Alt\u0131n Zarif Boncuklu Zincir Bileklik"},"content":{"rendered":"<p>Bu 22 Ayar Alt\u0131n Zarif Boncuklu Zincir Bileklik, sadelik ve zarafetin zarif bir birle\u015fimidir. Y\u00fcksek safl\u0131kta 22 ayar alt\u0131ndan \u00fcretilen ince zincir, e\u015fit aral\u0131klarla yerle\u015ftirilmi\u015f, ince dokulu boncuklarla s\u00fcslenmi\u015ftir ve her hareketle ince bir \u0131\u015f\u0131k oyunu yarat\u0131r. 1,5 gram a\u011f\u0131rl\u0131\u011f\u0131nda ve 7 in\u00e7 \u00f6l\u00e7\u00fcs\u00fcndeki zincir, l\u00fcks duru\u015funu korurken g\u00fcnl\u00fck kullan\u0131m i\u00e7in rahat bir uyum sunar. Londra Assay Ofisi taraf\u0131ndan orijinalli\u011finden emin olmak i\u00e7in damgalanan bu bileklik, hediye etmek, di\u011fer par\u00e7alarla istiflemek veya m\u00fccevher koleksiyonunuza zarif bir vurgu eklemek i\u00e7in m\u00fckemmel bir se\u00e7imdir.<\/p>","protected":false},"excerpt":{"rendered":"<p data-start=\"728\" data-end=\"910\">Zamans\u0131z bir zarafet dokunu\u015fu i\u00e7in narin dokulu boncuklarla vurgulanm\u0131\u015f ince 22 ayar alt\u0131n zincir bileklik. Hafif ve \u00e7ok y\u00f6nl\u00fc olan bu bileklik, g\u00fcnl\u00fck kullan\u0131m veya kat kat giymek i\u00e7in m\u00fckemmeldir.<\/p>\n<p><strong>Malzeme:<\/strong>\u00a022 Ayar Alt\u0131n<br \/>\n<strong>Safl\u0131k:<\/strong> 91.6% saf<strong><br \/>\nHallmark:\u00a0<\/strong>\u0130ngiliz Damgas\u0131<strong><br \/>\n<\/strong><strong>Br\u00fct A\u011f\u0131rl\u0131k: <\/strong>1.50 Gms<br \/>\n<strong>Uzunluk:<\/strong> 7 in\u00e7<br \/>\n<strong>SKU:<\/strong> 52620<\/p>\n<p><strong>Fiyat ve Teslimat<\/strong>: KDV ve teslimat \u00fccreti dahil<br \/>\n<a href=\"https:\/\/www.purejewels.com\/tr\/i%cc%87ade-poli%cc%87ti%cc%87kasi\/\">\u0130ade Politikas\u0131<\/a><\/p>","protected":false},"featured_media":411167,"comment_status":"closed","ping_status":"closed","template":"","meta":{"_eb_attr":"","_crsspst_to_jayantr4sg-hostcom":true},"product_brand":[],"product_cat":[5441,1559,1794,1793,1790,1324,1627,1229,5343,1575,1569,1574,5349],"product_tag":[],"class_list":{"0":"post-411159","1":"product","2":"type-product","3":"status-publish","4":"has-post-thumbnail","6":"product_cat-gold-bead-bracelets","7":"product_cat-birthday-gifts","8":"product_cat-christmas-gifts","9":"product_cat-diwali-gifts","10":"product_cat-for-whom-when","11":"product_cat-gold-bracelet","12":"product_cat-ladies-bracelet","13":"product_cat-22ct-gold-jewellery","14":"product_cat-jewellery-under-550","15":"product_cat-teenage-jewellery","16":"product_cat-valentine-day-gifts","17":"product_cat-womens-jewellery","18":"product_cat-yellow-gold-jewellery","20":"first","21":"outofstock","22":"taxable","23":"shipping-taxable","24":"product-type-simple","25":"add-to-wishlist-before_image"},"yoast_head":"<!-- This site is optimized with the Yoast SEO plugin v27.5 - https:\/\/yoast.com\/product\/yoast-seo-wordpress\/ -->\n<title>22ct Gold Elegant Bead Chain Bracelet \u2013 7 Inches | PureJewels<\/title>\n<meta name=\"description\" content=\"Shop the 22ct Gold Elegant Bead Chain Bracelet, 1.5g and 7 inches long. Hallmarked, handcrafted, and perfect for everyday elegance or layering.\" \/>\n<meta name=\"robots\" content=\"index, follow, max-snippet:-1, max-image-preview:large, max-video-preview:-1\" \/>\n<link rel=\"canonical\" href=\"https:\/\/www.purejewels.com\/tr\/urun\/22-ayar-altin-zarif-boncuk-zincir-bileklik-52620\/\" \/>\n<meta property=\"og:locale\" content=\"tr_TR\" \/>\n<meta property=\"og:type\" content=\"article\" \/>\n<meta property=\"og:title\" content=\"22ct Gold Elegant Bead Chain Bracelet \u2013 7 Inches | PureJewels\" \/>\n<meta property=\"og:description\" content=\"Shop the 22ct Gold Elegant Bead Chain Bracelet, 1.5g and 7 inches long. Hallmarked, handcrafted, and perfect for everyday elegance or layering.\" \/>\n<meta property=\"og:url\" content=\"https:\/\/www.purejewels.com\/tr\/urun\/22-ayar-altin-zarif-boncuk-zincir-bileklik-52620\/\" \/>\n<meta property=\"og:site_name\" content=\"PureJewels UK\" \/>\n<meta property=\"article:modified_time\" content=\"2026-05-11T12:00:49+00:00\" \/>\n<meta property=\"og:image\" content=\"https:\/\/static.purejewels.com\/wp-content\/uploads\/2025\/08\/SKU-52620.jpg\" \/>\n\t<meta property=\"og:image:width\" content=\"1000\" \/>\n\t<meta property=\"og:image:height\" content=\"1000\" \/>\n\t<meta property=\"og:image:type\" content=\"image\/jpeg\" \/>\n<meta name=\"twitter:card\" content=\"summary_large_image\" \/>\n<meta name=\"twitter:label1\" content=\"Tahmini okuma s\u00fcresi\" \/>\n\t<meta name=\"twitter:data1\" content=\"1 dakika\" \/>\n<script type=\"application\/ld+json\" class=\"yoast-schema-graph\">{\"@context\":\"https:\\\/\\\/schema.org\",\"@graph\":[{\"@type\":[\"WebPage\",\"ItemPage\"],\"@id\":\"https:\\\/\\\/www.purejewels.com\\\/product\\\/22ct-gold-elegant-bead-chain-bracelet-52620\\\/\",\"url\":\"https:\\\/\\\/www.purejewels.com\\\/product\\\/22ct-gold-elegant-bead-chain-bracelet-52620\\\/\",\"name\":\"22ct Gold Elegant Bead Chain Bracelet \u2013 7 Inches | PureJewels\",\"isPartOf\":{\"@id\":\"https:\\\/\\\/www.purejewels.com\\\/#website\"},\"primaryImageOfPage\":{\"@id\":\"https:\\\/\\\/www.purejewels.com\\\/product\\\/22ct-gold-elegant-bead-chain-bracelet-52620\\\/#primaryimage\"},\"image\":{\"@id\":\"https:\\\/\\\/www.purejewels.com\\\/product\\\/22ct-gold-elegant-bead-chain-bracelet-52620\\\/#primaryimage\"},\"thumbnailUrl\":\"https:\\\/\\\/static.purejewels.com\\\/wp-content\\\/uploads\\\/2025\\\/08\\\/SKU-52620.jpg\",\"datePublished\":\"2025-09-18T05:37:11+00:00\",\"dateModified\":\"2026-05-11T12:00:49+00:00\",\"description\":\"Shop the 22ct Gold Elegant Bead Chain Bracelet, 1.5g and 7 inches long. Hallmarked, handcrafted, and perfect for everyday elegance or layering.\",\"breadcrumb\":{\"@id\":\"https:\\\/\\\/www.purejewels.com\\\/product\\\/22ct-gold-elegant-bead-chain-bracelet-52620\\\/#breadcrumb\"},\"inLanguage\":\"tr\",\"potentialAction\":[{\"@type\":\"ReadAction\",\"target\":[\"https:\\\/\\\/www.purejewels.com\\\/product\\\/22ct-gold-elegant-bead-chain-bracelet-52620\\\/\"]}]},{\"@type\":\"ImageObject\",\"inLanguage\":\"tr\",\"@id\":\"https:\\\/\\\/www.purejewels.com\\\/product\\\/22ct-gold-elegant-bead-chain-bracelet-52620\\\/#primaryimage\",\"url\":\"https:\\\/\\\/static.purejewels.com\\\/wp-content\\\/uploads\\\/2025\\\/08\\\/SKU-52620.jpg\",\"contentUrl\":\"https:\\\/\\\/static.purejewels.com\\\/wp-content\\\/uploads\\\/2025\\\/08\\\/SKU-52620.jpg\",\"width\":1000,\"height\":1000,\"caption\":\"22ct Gold Elegant Bead Chain Bracelet\"},{\"@type\":\"BreadcrumbList\",\"@id\":\"https:\\\/\\\/www.purejewels.com\\\/product\\\/22ct-gold-elegant-bead-chain-bracelet-52620\\\/#breadcrumb\",\"itemListElement\":[{\"@type\":\"ListItem\",\"position\":1,\"name\":\"Home\",\"item\":\"https:\\\/\\\/www.purejewels.com\\\/\"},{\"@type\":\"ListItem\",\"position\":2,\"name\":\"Shop\",\"item\":\"https:\\\/\\\/www.purejewels.com\\\/shop\\\/\"},{\"@type\":\"ListItem\",\"position\":3,\"name\":\"22ct Gold Elegant Bead Chain Bracelet\"}]},{\"@type\":\"WebSite\",\"@id\":\"https:\\\/\\\/www.purejewels.com\\\/#website\",\"url\":\"https:\\\/\\\/www.purejewels.com\\\/\",\"name\":\"PureJewels UK\",\"description\":\"Share the Love\",\"publisher\":{\"@id\":\"https:\\\/\\\/www.purejewels.com\\\/#organization\"},\"potentialAction\":[{\"@type\":\"SearchAction\",\"target\":{\"@type\":\"EntryPoint\",\"urlTemplate\":\"https:\\\/\\\/www.purejewels.com\\\/?s={search_term_string}\"},\"query-input\":{\"@type\":\"PropertyValueSpecification\",\"valueRequired\":true,\"valueName\":\"search_term_string\"}}],\"inLanguage\":\"tr\"},{\"@type\":\"Organization\",\"@id\":\"https:\\\/\\\/www.purejewels.com\\\/#organization\",\"name\":\"PureJewels UK\",\"url\":\"https:\\\/\\\/www.purejewels.com\\\/\",\"logo\":{\"@type\":\"ImageObject\",\"inLanguage\":\"tr\",\"@id\":\"https:\\\/\\\/www.purejewels.com\\\/#\\\/schema\\\/logo\\\/image\\\/\",\"url\":\"https:\\\/\\\/static.purejewels.com\\\/wp-content\\\/uploads\\\/2020\\\/11\\\/Logo-PJ-New-1.png\",\"contentUrl\":\"https:\\\/\\\/static.purejewels.com\\\/wp-content\\\/uploads\\\/2020\\\/11\\\/Logo-PJ-New-1.png\",\"width\":150,\"height\":80,\"caption\":\"PureJewels UK\"},\"image\":{\"@id\":\"https:\\\/\\\/www.purejewels.com\\\/#\\\/schema\\\/logo\\\/image\\\/\"}}]}<\/script>\n<!-- \/ Yoast SEO plugin. -->","yoast_head_json":{"title":"22 Ayar Alt\u0131n Zarif Boncuklu Zincir Bileklik - 7 \u0130n\u00e7 | PureJewels","description":"1,5 g ve 7 in\u00e7 uzunlu\u011fundaki 22 Ayar Alt\u0131n Zarif Boncuk Zincir Bilezi\u011fi sat\u0131n al\u0131n. Damgal\u0131, el yap\u0131m\u0131 ve g\u00fcnl\u00fck \u015f\u0131kl\u0131k veya katmanlama i\u00e7in m\u00fckemmel.","robots":{"index":"index","follow":"follow","max-snippet":"max-snippet:-1","max-image-preview":"max-image-preview:large","max-video-preview":"max-video-preview:-1"},"canonical":"https:\/\/www.purejewels.com\/tr\/urun\/22-ayar-altin-zarif-boncuk-zincir-bileklik-52620\/","og_locale":"tr_TR","og_type":"article","og_title":"22ct Gold Elegant Bead Chain Bracelet \u2013 7 Inches | PureJewels","og_description":"Shop the 22ct Gold Elegant Bead Chain Bracelet, 1.5g and 7 inches long. Hallmarked, handcrafted, and perfect for everyday elegance or layering.","og_url":"https:\/\/www.purejewels.com\/tr\/urun\/22-ayar-altin-zarif-boncuk-zincir-bileklik-52620\/","og_site_name":"PureJewels UK","article_modified_time":"2026-05-11T12:00:49+00:00","og_image":[{"width":1000,"height":1000,"url":"https:\/\/static.purejewels.com\/wp-content\/uploads\/2025\/08\/SKU-52620.jpg","type":"image\/jpeg"}],"twitter_card":"summary_large_image","twitter_misc":{"Tahmini okuma s\u00fcresi":"1 dakika"},"schema":{"@context":"https:\/\/schema.org","@graph":[{"@type":["WebPage","ItemPage"],"@id":"https:\/\/www.purejewels.com\/product\/22ct-gold-elegant-bead-chain-bracelet-52620\/","url":"https:\/\/www.purejewels.com\/product\/22ct-gold-elegant-bead-chain-bracelet-52620\/","name":"22 Ayar Alt\u0131n Zarif Boncuklu Zincir Bileklik - 7 \u0130n\u00e7 | PureJewels","isPartOf":{"@id":"https:\/\/www.purejewels.com\/#website"},"primaryImageOfPage":{"@id":"https:\/\/www.purejewels.com\/product\/22ct-gold-elegant-bead-chain-bracelet-52620\/#primaryimage"},"image":{"@id":"https:\/\/www.purejewels.com\/product\/22ct-gold-elegant-bead-chain-bracelet-52620\/#primaryimage"},"thumbnailUrl":"https:\/\/static.purejewels.com\/wp-content\/uploads\/2025\/08\/SKU-52620.jpg","datePublished":"2025-09-18T05:37:11+00:00","dateModified":"2026-05-11T12:00:49+00:00","description":"1,5 g ve 7 in\u00e7 uzunlu\u011fundaki 22 Ayar Alt\u0131n Zarif Boncuk Zincir Bilezi\u011fi sat\u0131n al\u0131n. Damgal\u0131, el yap\u0131m\u0131 ve g\u00fcnl\u00fck \u015f\u0131kl\u0131k veya katmanlama i\u00e7in m\u00fckemmel.","breadcrumb":{"@id":"https:\/\/www.purejewels.com\/product\/22ct-gold-elegant-bead-chain-bracelet-52620\/#breadcrumb"},"inLanguage":"tr","potentialAction":[{"@type":"ReadAction","target":["https:\/\/www.purejewels.com\/product\/22ct-gold-elegant-bead-chain-bracelet-52620\/"]}]},{"@type":"ImageObject","inLanguage":"tr","@id":"https:\/\/www.purejewels.com\/product\/22ct-gold-elegant-bead-chain-bracelet-52620\/#primaryimage","url":"https:\/\/static.purejewels.com\/wp-content\/uploads\/2025\/08\/SKU-52620.jpg","contentUrl":"https:\/\/static.purejewels.com\/wp-content\/uploads\/2025\/08\/SKU-52620.jpg","width":1000,"height":1000,"caption":"22ct Gold Elegant Bead Chain Bracelet"},{"@type":"BreadcrumbList","@id":"https:\/\/www.purejewels.com\/product\/22ct-gold-elegant-bead-chain-bracelet-52620\/#breadcrumb","itemListElement":[{"@type":"ListItem","position":1,"name":"Home","item":"https:\/\/www.purejewels.com\/"},{"@type":"ListItem","position":2,"name":"Shop","item":"https:\/\/www.purejewels.com\/shop\/"},{"@type":"ListItem","position":3,"name":"22ct Gold Elegant Bead Chain Bracelet"}]},{"@type":"WebSite","@id":"https:\/\/www.purejewels.com\/#website","url":"https:\/\/www.purejewels.com\/","name":"PureJewels \u0130ngiltere","description":"Sevgiyi Payla\u015f\u0131n","publisher":{"@id":"https:\/\/www.purejewels.com\/#organization"},"potentialAction":[{"@type":"SearchAction","target":{"@type":"EntryPoint","urlTemplate":"https:\/\/www.purejewels.com\/?s={search_term_string}"},"query-input":{"@type":"PropertyValueSpecification","valueRequired":true,"valueName":"search_term_string"}}],"inLanguage":"tr"},{"@type":"Organization","@id":"https:\/\/www.purejewels.com\/#organization","name":"PureJewels \u0130ngiltere","url":"https:\/\/www.purejewels.com\/","logo":{"@type":"ImageObject","inLanguage":"tr","@id":"https:\/\/www.purejewels.com\/#\/schema\/logo\/image\/","url":"https:\/\/static.purejewels.com\/wp-content\/uploads\/2020\/11\/Logo-PJ-New-1.png","contentUrl":"https:\/\/static.purejewels.com\/wp-content\/uploads\/2020\/11\/Logo-PJ-New-1.png","width":150,"height":80,"caption":"PureJewels UK"},"image":{"@id":"https:\/\/www.purejewels.com\/#\/schema\/logo\/image\/"}}]}},"_links":{"self":[{"href":"https:\/\/www.purejewels.com\/tr\/wp-json\/wp\/v2\/product\/411159","targetHints":{"allow":["GET"]}}],"collection":[{"href":"https:\/\/www.purejewels.com\/tr\/wp-json\/wp\/v2\/product"}],"about":[{"href":"https:\/\/www.purejewels.com\/tr\/wp-json\/wp\/v2\/types\/product"}],"replies":[{"embeddable":true,"href":"https:\/\/www.purejewels.com\/tr\/wp-json\/wp\/v2\/comments?post=411159"}],"version-history":[{"count":2,"href":"https:\/\/www.purejewels.com\/tr\/wp-json\/wp\/v2\/product\/411159\/revisions"}],"predecessor-version":[{"id":412555,"href":"https:\/\/www.purejewels.com\/tr\/wp-json\/wp\/v2\/product\/411159\/revisions\/412555"}],"wp:featuredmedia":[{"embeddable":true,"href":"https:\/\/www.purejewels.com\/tr\/wp-json\/wp\/v2\/media\/411167"}],"wp:attachment":[{"href":"https:\/\/www.purejewels.com\/tr\/wp-json\/wp\/v2\/media?parent=411159"}],"wp:term":[{"taxonomy":"product_brand","embeddable":true,"href":"https:\/\/www.purejewels.com\/tr\/wp-json\/wp\/v2\/product_brand?post=411159"},{"taxonomy":"product_cat","embeddable":true,"href":"https:\/\/www.purejewels.com\/tr\/wp-json\/wp\/v2\/product_cat?post=411159"},{"taxonomy":"product_tag","embeddable":true,"href":"https:\/\/www.purejewels.com\/tr\/wp-json\/wp\/v2\/product_tag?post=411159"}],"curies":[{"name":"wp","href":"https:\/\/api.w.org\/{rel}","templated":true}]}}