{"id":411191,"date":"2025-07-13T07:47:28","date_gmt":"2025-07-13T06:47:28","guid":{"rendered":"https:\/\/www.purejewels.com\/?post_type=product&#038;p=411191"},"modified":"2026-01-06T10:00:31","modified_gmt":"2026-01-06T10:00:31","slug":"22-ayar-altin-uclu-boncuk-zincir-bileklik-52622","status":"publish","type":"product","link":"https:\/\/www.purejewels.com\/tr\/product\/22ct-gold-triple-bead-chain-bracelet-52622\/","title":{"rendered":"22 Ayar Alt\u0131n \u00dc\u00e7l\u00fc Boncuk Zincir Bileklik"},"content":{"rendered":"<p>Bu <strong data-start=\"366\" data-end=\"406\">22 Ayar Alt\u0131n \u00dc\u00e7l\u00fc Boncuk Zincir Bileklik<\/strong> abart\u0131s\u0131z zarafetin g\u00fczel bir \u00f6rne\u011fidir. Y\u00fcksek safl\u0131kta 22 ayar alt\u0131ndan \u00fcretilen bilezik, uzunlu\u011fu boyunca daha k\u00fc\u00e7\u00fck vurgu boncuklar\u0131yla tamamlanan \u00fc\u00e7 merkezi dokulu boncukla s\u00fcslenmi\u015f ince, cilal\u0131 bir zincire sahiptir. 1,6 gram a\u011f\u0131rl\u0131\u011f\u0131nda ve 7 in\u00e7 \u00f6l\u00e7\u00fcs\u00fcndeki bileklik, rahat bir uyum ve bilekte zarif bir duru\u015f sunar. Sa\u011flam bir toka ile sabitlenen ve Londra Assay Ofisi taraf\u0131ndan damgalanan bu par\u00e7a, g\u00fcnl\u00fck kullan\u0131m, hediye etme veya \u015f\u0131k bir katmanl\u0131 g\u00f6r\u00fcn\u00fcm i\u00e7in di\u011fer alt\u0131n bileziklerle istifleme i\u00e7in idealdir.<\/p>","protected":false},"excerpt":{"rendered":"<p data-start=\"728\" data-end=\"910\">\u0130nce ama ay\u0131rt edici bir dokunu\u015f i\u00e7in \u00fc\u00e7 merkezi dokulu boncuk i\u00e7eren zarif bir 22 ayar alt\u0131n zincir bileklik. Hafif ve \u00e7ok y\u00f6nl\u00fc olan bu bileklik, g\u00fcnl\u00fck \u015f\u0131kl\u0131k veya katmanlar i\u00e7in m\u00fckemmeldir.<\/p>\n<p><strong>Malzeme:<\/strong>\u00a022 Ayar Alt\u0131n<br \/>\n<strong>Safl\u0131k:<\/strong> 91.6% saf<br \/>\n<strong>Hallmark:<\/strong>\u00a0\u0130ngiliz Damgas\u0131<strong><br \/>\n<\/strong><strong>Br\u00fct A\u011f\u0131rl\u0131k: <\/strong>1.60 Gms<br \/>\n<strong>Uzunluk:<\/strong> 7 in\u00e7<br \/>\n<strong>SKU:<\/strong> 52622<\/p>\n<p><strong>Fiyat ve Teslimat<\/strong>: KDV ve teslimat \u00fccreti dahil<br \/>\n<a href=\"https:\/\/www.purejewels.com\/tr\/i%cc%87ade-poli%cc%87ti%cc%87kasi\/\">\u0130ade Politikas\u0131<\/a><\/p>","protected":false},"featured_media":411189,"comment_status":"closed","ping_status":"closed","template":"","meta":{"_eb_attr":"","_crsspst_to_jayantr4sg-hostcom":true},"product_brand":[],"product_cat":[5441,1559,1794,1793,1790,1324,1627,1229,5342,1575,1569,1574,5349],"product_tag":[],"class_list":{"0":"post-411191","1":"product","2":"type-product","3":"status-publish","4":"has-post-thumbnail","6":"product_cat-gold-bead-bracelets","7":"product_cat-birthday-gifts","8":"product_cat-christmas-gifts","9":"product_cat-diwali-gifts","10":"product_cat-for-whom-when","11":"product_cat-gold-bracelet","12":"product_cat-ladies-bracelet","13":"product_cat-22ct-gold-jewellery","14":"product_cat-jewellery-under-250","15":"product_cat-teenage-jewellery","16":"product_cat-valentine-day-gifts","17":"product_cat-womens-jewellery","18":"product_cat-yellow-gold-jewellery","20":"first","21":"outofstock","22":"taxable","23":"shipping-taxable","24":"product-type-simple","25":"add-to-wishlist-before_image"},"yoast_head":"<!-- This site is optimized with the Yoast SEO plugin v27.5 - https:\/\/yoast.com\/product\/yoast-seo-wordpress\/ -->\n<title>22ct Gold Triple Bead Chain Bracelet \u2013 7 Inches | PureJewels<\/title>\n<meta name=\"description\" content=\"Shop the 22ct Gold Triple Bead Chain Bracelet, 1.6g and 7 inches long. Hallmarked, handcrafted, and perfect for everyday wear or elegant layering.\" \/>\n<meta name=\"robots\" content=\"index, follow, max-snippet:-1, max-image-preview:large, max-video-preview:-1\" \/>\n<link rel=\"canonical\" href=\"https:\/\/www.purejewels.com\/tr\/urun\/22-ayar-altin-uclu-boncuk-zincir-bileklik-52622\/\" \/>\n<meta property=\"og:locale\" content=\"tr_TR\" \/>\n<meta property=\"og:type\" content=\"article\" \/>\n<meta property=\"og:title\" content=\"22ct Gold Triple Bead Chain Bracelet \u2013 7 Inches | PureJewels\" \/>\n<meta property=\"og:description\" content=\"Shop the 22ct Gold Triple Bead Chain Bracelet, 1.6g and 7 inches long. Hallmarked, handcrafted, and perfect for everyday wear or elegant layering.\" \/>\n<meta property=\"og:url\" content=\"https:\/\/www.purejewels.com\/tr\/urun\/22-ayar-altin-uclu-boncuk-zincir-bileklik-52622\/\" \/>\n<meta property=\"og:site_name\" content=\"PureJewels UK\" \/>\n<meta property=\"article:modified_time\" content=\"2026-01-06T10:00:31+00:00\" \/>\n<meta property=\"og:image\" content=\"https:\/\/www.purejewels.com\/wp-content\/uploads\/2025\/07\/SKU-52622.jpg\" \/>\n\t<meta property=\"og:image:width\" content=\"1000\" \/>\n\t<meta property=\"og:image:height\" content=\"1000\" \/>\n\t<meta property=\"og:image:type\" content=\"image\/jpeg\" \/>\n<meta name=\"twitter:card\" content=\"summary_large_image\" \/>\n<meta name=\"twitter:label1\" content=\"Tahmini okuma s\u00fcresi\" \/>\n\t<meta name=\"twitter:data1\" content=\"2 dakika\" \/>\n<script type=\"application\/ld+json\" class=\"yoast-schema-graph\">{\"@context\":\"https:\\\/\\\/schema.org\",\"@graph\":[{\"@type\":[\"WebPage\",\"ItemPage\"],\"@id\":\"https:\\\/\\\/www.purejewels.com\\\/product\\\/22ct-gold-triple-bead-chain-bracelet-52622\\\/\",\"url\":\"https:\\\/\\\/www.purejewels.com\\\/product\\\/22ct-gold-triple-bead-chain-bracelet-52622\\\/\",\"name\":\"22ct Gold Triple Bead Chain Bracelet \u2013 7 Inches | PureJewels\",\"isPartOf\":{\"@id\":\"https:\\\/\\\/www.purejewels.com\\\/#website\"},\"primaryImageOfPage\":{\"@id\":\"https:\\\/\\\/www.purejewels.com\\\/product\\\/22ct-gold-triple-bead-chain-bracelet-52622\\\/#primaryimage\"},\"image\":{\"@id\":\"https:\\\/\\\/www.purejewels.com\\\/product\\\/22ct-gold-triple-bead-chain-bracelet-52622\\\/#primaryimage\"},\"thumbnailUrl\":\"https:\\\/\\\/static.purejewels.com\\\/wp-content\\\/uploads\\\/2025\\\/07\\\/SKU-52622.jpg\",\"datePublished\":\"2025-07-13T06:47:28+00:00\",\"dateModified\":\"2026-01-06T10:00:31+00:00\",\"description\":\"Shop the 22ct Gold Triple Bead Chain Bracelet, 1.6g and 7 inches long. Hallmarked, handcrafted, and perfect for everyday wear or elegant layering.\",\"breadcrumb\":{\"@id\":\"https:\\\/\\\/www.purejewels.com\\\/product\\\/22ct-gold-triple-bead-chain-bracelet-52622\\\/#breadcrumb\"},\"inLanguage\":\"tr\",\"potentialAction\":[{\"@type\":\"ReadAction\",\"target\":[\"https:\\\/\\\/www.purejewels.com\\\/product\\\/22ct-gold-triple-bead-chain-bracelet-52622\\\/\"]}]},{\"@type\":\"ImageObject\",\"inLanguage\":\"tr\",\"@id\":\"https:\\\/\\\/www.purejewels.com\\\/product\\\/22ct-gold-triple-bead-chain-bracelet-52622\\\/#primaryimage\",\"url\":\"https:\\\/\\\/static.purejewels.com\\\/wp-content\\\/uploads\\\/2025\\\/07\\\/SKU-52622.jpg\",\"contentUrl\":\"https:\\\/\\\/static.purejewels.com\\\/wp-content\\\/uploads\\\/2025\\\/07\\\/SKU-52622.jpg\",\"width\":1000,\"height\":1000,\"caption\":\"22ct Gold Triple Bead Chain Bracelet\"},{\"@type\":\"BreadcrumbList\",\"@id\":\"https:\\\/\\\/www.purejewels.com\\\/product\\\/22ct-gold-triple-bead-chain-bracelet-52622\\\/#breadcrumb\",\"itemListElement\":[{\"@type\":\"ListItem\",\"position\":1,\"name\":\"Home\",\"item\":\"https:\\\/\\\/www.purejewels.com\\\/\"},{\"@type\":\"ListItem\",\"position\":2,\"name\":\"Shop\",\"item\":\"https:\\\/\\\/www.purejewels.com\\\/shop\\\/\"},{\"@type\":\"ListItem\",\"position\":3,\"name\":\"22ct Gold Triple Bead Chain Bracelet\"}]},{\"@type\":\"WebSite\",\"@id\":\"https:\\\/\\\/www.purejewels.com\\\/#website\",\"url\":\"https:\\\/\\\/www.purejewels.com\\\/\",\"name\":\"PureJewels UK\",\"description\":\"Share the Love\",\"publisher\":{\"@id\":\"https:\\\/\\\/www.purejewels.com\\\/#organization\"},\"potentialAction\":[{\"@type\":\"SearchAction\",\"target\":{\"@type\":\"EntryPoint\",\"urlTemplate\":\"https:\\\/\\\/www.purejewels.com\\\/?s={search_term_string}\"},\"query-input\":{\"@type\":\"PropertyValueSpecification\",\"valueRequired\":true,\"valueName\":\"search_term_string\"}}],\"inLanguage\":\"tr\"},{\"@type\":\"Organization\",\"@id\":\"https:\\\/\\\/www.purejewels.com\\\/#organization\",\"name\":\"PureJewels UK\",\"url\":\"https:\\\/\\\/www.purejewels.com\\\/\",\"logo\":{\"@type\":\"ImageObject\",\"inLanguage\":\"tr\",\"@id\":\"https:\\\/\\\/www.purejewels.com\\\/#\\\/schema\\\/logo\\\/image\\\/\",\"url\":\"https:\\\/\\\/static.purejewels.com\\\/wp-content\\\/uploads\\\/2020\\\/11\\\/Logo-PJ-New-1.png\",\"contentUrl\":\"https:\\\/\\\/static.purejewels.com\\\/wp-content\\\/uploads\\\/2020\\\/11\\\/Logo-PJ-New-1.png\",\"width\":150,\"height\":80,\"caption\":\"PureJewels UK\"},\"image\":{\"@id\":\"https:\\\/\\\/www.purejewels.com\\\/#\\\/schema\\\/logo\\\/image\\\/\"}}]}<\/script>\n<!-- \/ Yoast SEO plugin. -->","yoast_head_json":{"title":"22 Ayar Alt\u0131n \u00dc\u00e7l\u00fc Boncuklu Zincir Bileklik - 7 \u0130n\u00e7 | PureJewels","description":"1,6 g a\u011f\u0131rl\u0131\u011f\u0131nda ve 7 in\u00e7 uzunlu\u011fundaki 22 ayar alt\u0131n \u00dc\u00e7l\u00fc Boncuk Zincir Bilezi\u011fi sat\u0131n al\u0131n. Damgal\u0131, el yap\u0131m\u0131 ve g\u00fcnl\u00fck kullan\u0131m veya zarif katmanlar i\u00e7in m\u00fckemmel.","robots":{"index":"index","follow":"follow","max-snippet":"max-snippet:-1","max-image-preview":"max-image-preview:large","max-video-preview":"max-video-preview:-1"},"canonical":"https:\/\/www.purejewels.com\/tr\/urun\/22-ayar-altin-uclu-boncuk-zincir-bileklik-52622\/","og_locale":"tr_TR","og_type":"article","og_title":"22ct Gold Triple Bead Chain Bracelet \u2013 7 Inches | PureJewels","og_description":"Shop the 22ct Gold Triple Bead Chain Bracelet, 1.6g and 7 inches long. Hallmarked, handcrafted, and perfect for everyday wear or elegant layering.","og_url":"https:\/\/www.purejewels.com\/tr\/urun\/22-ayar-altin-uclu-boncuk-zincir-bileklik-52622\/","og_site_name":"PureJewels UK","article_modified_time":"2026-01-06T10:00:31+00:00","og_image":[{"width":1000,"height":1000,"url":"https:\/\/www.purejewels.com\/wp-content\/uploads\/2025\/07\/SKU-52622.jpg","type":"image\/jpeg"}],"twitter_card":"summary_large_image","twitter_misc":{"Tahmini okuma s\u00fcresi":"2 dakika"},"schema":{"@context":"https:\/\/schema.org","@graph":[{"@type":["WebPage","ItemPage"],"@id":"https:\/\/www.purejewels.com\/product\/22ct-gold-triple-bead-chain-bracelet-52622\/","url":"https:\/\/www.purejewels.com\/product\/22ct-gold-triple-bead-chain-bracelet-52622\/","name":"22 Ayar Alt\u0131n \u00dc\u00e7l\u00fc Boncuklu Zincir Bileklik - 7 \u0130n\u00e7 | PureJewels","isPartOf":{"@id":"https:\/\/www.purejewels.com\/#website"},"primaryImageOfPage":{"@id":"https:\/\/www.purejewels.com\/product\/22ct-gold-triple-bead-chain-bracelet-52622\/#primaryimage"},"image":{"@id":"https:\/\/www.purejewels.com\/product\/22ct-gold-triple-bead-chain-bracelet-52622\/#primaryimage"},"thumbnailUrl":"https:\/\/static.purejewels.com\/wp-content\/uploads\/2025\/07\/SKU-52622.jpg","datePublished":"2025-07-13T06:47:28+00:00","dateModified":"2026-01-06T10:00:31+00:00","description":"1,6 g a\u011f\u0131rl\u0131\u011f\u0131nda ve 7 in\u00e7 uzunlu\u011fundaki 22 ayar alt\u0131n \u00dc\u00e7l\u00fc Boncuk Zincir Bilezi\u011fi sat\u0131n al\u0131n. Damgal\u0131, el yap\u0131m\u0131 ve g\u00fcnl\u00fck kullan\u0131m veya zarif katmanlar i\u00e7in m\u00fckemmel.","breadcrumb":{"@id":"https:\/\/www.purejewels.com\/product\/22ct-gold-triple-bead-chain-bracelet-52622\/#breadcrumb"},"inLanguage":"tr","potentialAction":[{"@type":"ReadAction","target":["https:\/\/www.purejewels.com\/product\/22ct-gold-triple-bead-chain-bracelet-52622\/"]}]},{"@type":"ImageObject","inLanguage":"tr","@id":"https:\/\/www.purejewels.com\/product\/22ct-gold-triple-bead-chain-bracelet-52622\/#primaryimage","url":"https:\/\/static.purejewels.com\/wp-content\/uploads\/2025\/07\/SKU-52622.jpg","contentUrl":"https:\/\/static.purejewels.com\/wp-content\/uploads\/2025\/07\/SKU-52622.jpg","width":1000,"height":1000,"caption":"22ct Gold Triple Bead Chain Bracelet"},{"@type":"BreadcrumbList","@id":"https:\/\/www.purejewels.com\/product\/22ct-gold-triple-bead-chain-bracelet-52622\/#breadcrumb","itemListElement":[{"@type":"ListItem","position":1,"name":"Home","item":"https:\/\/www.purejewels.com\/"},{"@type":"ListItem","position":2,"name":"Shop","item":"https:\/\/www.purejewels.com\/shop\/"},{"@type":"ListItem","position":3,"name":"22ct Gold Triple Bead Chain Bracelet"}]},{"@type":"WebSite","@id":"https:\/\/www.purejewels.com\/#website","url":"https:\/\/www.purejewels.com\/","name":"PureJewels \u0130ngiltere","description":"Sevgiyi Payla\u015f\u0131n","publisher":{"@id":"https:\/\/www.purejewels.com\/#organization"},"potentialAction":[{"@type":"SearchAction","target":{"@type":"EntryPoint","urlTemplate":"https:\/\/www.purejewels.com\/?s={search_term_string}"},"query-input":{"@type":"PropertyValueSpecification","valueRequired":true,"valueName":"search_term_string"}}],"inLanguage":"tr"},{"@type":"Organization","@id":"https:\/\/www.purejewels.com\/#organization","name":"PureJewels \u0130ngiltere","url":"https:\/\/www.purejewels.com\/","logo":{"@type":"ImageObject","inLanguage":"tr","@id":"https:\/\/www.purejewels.com\/#\/schema\/logo\/image\/","url":"https:\/\/static.purejewels.com\/wp-content\/uploads\/2020\/11\/Logo-PJ-New-1.png","contentUrl":"https:\/\/static.purejewels.com\/wp-content\/uploads\/2020\/11\/Logo-PJ-New-1.png","width":150,"height":80,"caption":"PureJewels UK"},"image":{"@id":"https:\/\/www.purejewels.com\/#\/schema\/logo\/image\/"}}]}},"_links":{"self":[{"href":"https:\/\/www.purejewels.com\/tr\/wp-json\/wp\/v2\/product\/411191","targetHints":{"allow":["GET"]}}],"collection":[{"href":"https:\/\/www.purejewels.com\/tr\/wp-json\/wp\/v2\/product"}],"about":[{"href":"https:\/\/www.purejewels.com\/tr\/wp-json\/wp\/v2\/types\/product"}],"replies":[{"embeddable":true,"href":"https:\/\/www.purejewels.com\/tr\/wp-json\/wp\/v2\/comments?post=411191"}],"version-history":[{"count":1,"href":"https:\/\/www.purejewels.com\/tr\/wp-json\/wp\/v2\/product\/411191\/revisions"}],"predecessor-version":[{"id":411193,"href":"https:\/\/www.purejewels.com\/tr\/wp-json\/wp\/v2\/product\/411191\/revisions\/411193"}],"wp:featuredmedia":[{"embeddable":true,"href":"https:\/\/www.purejewels.com\/tr\/wp-json\/wp\/v2\/media\/411189"}],"wp:attachment":[{"href":"https:\/\/www.purejewels.com\/tr\/wp-json\/wp\/v2\/media?parent=411191"}],"wp:term":[{"taxonomy":"product_brand","embeddable":true,"href":"https:\/\/www.purejewels.com\/tr\/wp-json\/wp\/v2\/product_brand?post=411191"},{"taxonomy":"product_cat","embeddable":true,"href":"https:\/\/www.purejewels.com\/tr\/wp-json\/wp\/v2\/product_cat?post=411191"},{"taxonomy":"product_tag","embeddable":true,"href":"https:\/\/www.purejewels.com\/tr\/wp-json\/wp\/v2\/product_tag?post=411191"}],"curies":[{"name":"wp","href":"https:\/\/api.w.org\/{rel}","templated":true}]}}