{"id":4112,"date":"2017-07-19T13:24:37","date_gmt":"2017-07-19T12:24:37","guid":{"rendered":"http:\/\/new.purejewels.com\/product\/brown-newirth-wedding-ring\/"},"modified":"2025-12-18T07:03:33","modified_gmt":"2025-12-18T07:03:33","slug":"kahverengi-newirth-alyans","status":"publish","type":"product","link":"https:\/\/www.purejewels.com\/tr\/product\/brown-newirth-wedding-ring\/","title":{"rendered":"Brown &amp; Newirth Platin P\u0131rlanta Alyans"},"content":{"rendered":"<p data-start=\"221\" data-end=\"529\">Sonsuz sevginin ve rafine i\u015f\u00e7ili\u011fin ger\u00e7ek sembol\u00fc olan Brown &amp; Newirth Platinum Diamond Wedding Ring ile zamans\u0131z zarafeti kutlay\u0131n. Birinci s\u0131n\u0131f platinden el i\u015f\u00e7ili\u011fi ile \u00fcretilen bu y\u00fcz\u00fck, gelenekselli\u011fe modern bir dokunu\u015f katan beyaz elmaslar\u0131n ve pembe safirlerin zarif bir d\u00fczenlemesiyle s\u00fcslenmi\u015ftir.<\/p>\n<p data-start=\"531\" data-end=\"826\">\u015e\u0131k ve zarif tasar\u0131m\u0131, \u00e7a\u011fda\u015f ama klasik bir g\u00f6r\u00fcn\u00fcm sunarak, sade l\u00fcks\u00fc sevenler i\u00e7in ideal bir se\u00e7imdir. Her bir elmas, parlakl\u0131k i\u00e7in hassas bir \u015fekilde yerle\u015ftirilmi\u015fken, nadir bulunan pembe safir detaylar, a\u015fk, \u015fefkat ve ba\u011fl\u0131l\u0131\u011f\u0131 temsil eden romantik ve anlaml\u0131 bir dokunu\u015f katmaktad\u0131r.<\/p>\n<p data-start=\"828\" data-end=\"1034\">Hem erkekler hem de kad\u0131nlar i\u00e7in m\u00fckemmel olan bu \u00e7ok y\u00f6nl\u00fc y\u00fcz\u00fck, tek ba\u015f\u0131na, ni\u015fan y\u00fcz\u00fc\u011f\u00fcyle birlikte veya daha modaya uygun bir estetik i\u00e7in birden fazla y\u00fcz\u00fckle birlikte tak\u0131labilir. Bu sadece bir y\u00fcz\u00fck de\u011fil, bir \u00f6m\u00fcr boyu s\u00fcrecek bir ifadedir.<\/p>","protected":false},"excerpt":{"rendered":"<p>Alyans<\/p>\n<p>Biti\u015f: Mat ve Cilal\u0131 Bitmi\u015f<br \/>\nTa\u015f Ayar\u0131: Rubover<br \/>\nMetal Platin<br \/>\nParmak \u00d6l\u00e7\u00fcs\u00fc:L\u00a0<span style=\"display: inline !important; float: none; background-color: transparent; color: #333333; cursor: text; font-family: Georgia,'Times New Roman','Bitstream Charter',Times,serif; font-size: 16px; font-style: normal; font-variant: normal; font-weight: 400; letter-spacing: normal; orphans: 2; text-align: left; text-decoration: none; text-indent: 0px; text-transform: none; -webkit-text-stroke-width: 0px; white-space: normal; word-spacing: 0px;\">beden \u00f6l\u00e7\u00fcn\u00fcze g\u00f6re sipari\u015f edilebilir<\/span><br \/>\nGeni\u015flik: 3,5 mm<\/p>\n<p>Gururla takman\u0131z i\u00e7in sanatla haz\u0131rlanm\u0131\u015f bu g\u00fczel Brown &amp; Newirth alyans, g\u00fc\u00e7l\u00fc, parlak platinden \u00fcretilmi\u015f ve y\u00fczeye ayn\u0131 hizada duran \u00fc\u00e7 p\u0131rlanta ile i\u015flenmi\u015ftir (g\u00fcnl\u00fck kullan\u0131m i\u00e7in pratik bir y\u00f6ntem). Farkl\u0131 bir alyans i\u00e7in \u015f\u0131k ve dayan\u0131kl\u0131 bir se\u00e7im. Bunu denemek isteyeceksiniz - bu y\u00fczden istedi\u011finiz zaman ma\u011fazaya gelin. Bu ve Brown &amp; Newirth'in di\u011fer y\u00fcz\u00fcklerini Green Street'teki showroomumuzda sergilemekten mutluluk duyuyoruz.<\/p>\n<ul>\n<li>Brown &amp; Newirth, Kuzey Londra merkezli bir m\u00fccevher at\u00f6lyesidir.<\/li>\n<li>\u015eirket, alyanslar\u0131 el i\u015f\u00e7ili\u011fiyle \u00fcretmekten gurur duymaktad\u0131r ve her Brown &amp; Newirth y\u00fcz\u00fc\u011f\u00fc \u00fcretim yolculu\u011fu boyunca en az 12 \u00e7ift elden ge\u00e7mektedir. P\u0131rlantalar \u00f6zenle elle ayarlan\u0131r ve y\u00fcz\u00fckler ma\u011fazam\u0131za gelmeden \u00f6nce cilalan\u0131r ve titizlikle kontrol edilir.<\/li>\n<li>Brown &amp; Newirth'in en yeni par\u00e7alar\u0131n\u0131 ke\u015ffetmek ve neden dolaplar\u0131m\u0131za koymaya de\u011fer olduklar\u0131n\u0131 d\u00fc\u015f\u00fcnd\u00fc\u011f\u00fcm\u00fcz\u00fc \u00f6\u011frenmek i\u00e7in gelin.<\/li>\n<\/ul>","protected":false},"featured_media":4113,"comment_status":"closed","ping_status":"closed","template":"","meta":{"_eb_attr":"","_crsspst_to_jayantr4sg-hostcom":false},"product_brand":[],"product_cat":[1660],"product_tag":[],"class_list":{"0":"post-4112","1":"product","2":"type-product","3":"status-publish","4":"has-post-thumbnail","6":"product_cat-newrith-bands","8":"first","9":"outofstock","10":"taxable","11":"shipping-taxable","12":"product-type-simple","13":"add-to-wishlist-before_image"},"yoast_head":"<!-- This site is optimized with the Yoast SEO plugin v27.3 - https:\/\/yoast.com\/product\/yoast-seo-wordpress\/ -->\n<title>Elegant Platinum Diamond Band \u2013 Brown &amp; Newirth<\/title>\n<meta name=\"description\" content=\"Discover the Brown &amp; Newirth platinum diamond wedding ring featuring sparkling diamonds. A timeless symbol of love, handcrafted in the UK.\" \/>\n<meta name=\"robots\" content=\"index, follow, max-snippet:-1, max-image-preview:large, max-video-preview:-1\" \/>\n<link rel=\"canonical\" href=\"https:\/\/www.purejewels.com\/tr\/urun\/kahverengi-newirth-alyans\/\" \/>\n<meta property=\"og:locale\" content=\"tr_TR\" \/>\n<meta property=\"og:type\" content=\"article\" \/>\n<meta property=\"og:title\" content=\"Elegant Platinum Diamond Band \u2013 Brown &amp; Newirth\" \/>\n<meta property=\"og:description\" content=\"Discover the Brown &amp; Newirth platinum diamond wedding ring featuring sparkling diamonds. A timeless symbol of love, handcrafted in the UK.\" \/>\n<meta property=\"og:url\" content=\"https:\/\/www.purejewels.com\/tr\/urun\/kahverengi-newirth-alyans\/\" \/>\n<meta property=\"og:site_name\" content=\"PureJewels UK\" \/>\n<meta property=\"article:modified_time\" content=\"2025-12-18T07:03:33+00:00\" \/>\n<meta property=\"og:image\" content=\"https:\/\/static.purejewels.com\/wp-content\/uploads\/2017\/07\/d052_xl-2.jpg\" \/>\n\t<meta property=\"og:image:width\" content=\"960\" \/>\n\t<meta property=\"og:image:height\" content=\"960\" \/>\n\t<meta property=\"og:image:type\" content=\"image\/jpeg\" \/>\n<meta name=\"twitter:card\" content=\"summary_large_image\" \/>\n<meta name=\"twitter:label1\" content=\"Tahmini okuma s\u00fcresi\" \/>\n\t<meta name=\"twitter:data1\" content=\"1 dakika\" \/>\n<script type=\"application\/ld+json\" class=\"yoast-schema-graph\">{\"@context\":\"https:\\\/\\\/schema.org\",\"@graph\":[{\"@type\":[\"WebPage\",\"ItemPage\"],\"@id\":\"https:\\\/\\\/www.purejewels.com\\\/product\\\/brown-newirth-wedding-ring\\\/\",\"url\":\"https:\\\/\\\/www.purejewels.com\\\/product\\\/brown-newirth-wedding-ring\\\/\",\"name\":\"Elegant Platinum Diamond Band \u2013 Brown & Newirth\",\"isPartOf\":{\"@id\":\"https:\\\/\\\/www.purejewels.com\\\/#website\"},\"primaryImageOfPage\":{\"@id\":\"https:\\\/\\\/www.purejewels.com\\\/product\\\/brown-newirth-wedding-ring\\\/#primaryimage\"},\"image\":{\"@id\":\"https:\\\/\\\/www.purejewels.com\\\/product\\\/brown-newirth-wedding-ring\\\/#primaryimage\"},\"thumbnailUrl\":\"https:\\\/\\\/static.purejewels.com\\\/wp-content\\\/uploads\\\/2017\\\/07\\\/d052_xl-2.jpg\",\"datePublished\":\"2017-07-19T12:24:37+00:00\",\"dateModified\":\"2025-12-18T07:03:33+00:00\",\"description\":\"Discover the Brown & Newirth platinum diamond wedding ring featuring sparkling diamonds. A timeless symbol of love, handcrafted in the UK.\",\"breadcrumb\":{\"@id\":\"https:\\\/\\\/www.purejewels.com\\\/product\\\/brown-newirth-wedding-ring\\\/#breadcrumb\"},\"inLanguage\":\"tr\",\"potentialAction\":[{\"@type\":\"ReadAction\",\"target\":[\"https:\\\/\\\/www.purejewels.com\\\/product\\\/brown-newirth-wedding-ring\\\/\"]}]},{\"@type\":\"ImageObject\",\"inLanguage\":\"tr\",\"@id\":\"https:\\\/\\\/www.purejewels.com\\\/product\\\/brown-newirth-wedding-ring\\\/#primaryimage\",\"url\":\"https:\\\/\\\/static.purejewels.com\\\/wp-content\\\/uploads\\\/2017\\\/07\\\/d052_xl-2.jpg\",\"contentUrl\":\"https:\\\/\\\/static.purejewels.com\\\/wp-content\\\/uploads\\\/2017\\\/07\\\/d052_xl-2.jpg\",\"width\":960,\"height\":960,\"caption\":\"d052_xl.jpg\"},{\"@type\":\"BreadcrumbList\",\"@id\":\"https:\\\/\\\/www.purejewels.com\\\/product\\\/brown-newirth-wedding-ring\\\/#breadcrumb\",\"itemListElement\":[{\"@type\":\"ListItem\",\"position\":1,\"name\":\"Home\",\"item\":\"https:\\\/\\\/www.purejewels.com\\\/\"},{\"@type\":\"ListItem\",\"position\":2,\"name\":\"Shop\",\"item\":\"https:\\\/\\\/www.purejewels.com\\\/shop\\\/\"},{\"@type\":\"ListItem\",\"position\":3,\"name\":\"Brown &#038; Newirth Platinum Diamond Wedding Ring\"}]},{\"@type\":\"WebSite\",\"@id\":\"https:\\\/\\\/www.purejewels.com\\\/#website\",\"url\":\"https:\\\/\\\/www.purejewels.com\\\/\",\"name\":\"PureJewels UK\",\"description\":\"Share the Love\",\"publisher\":{\"@id\":\"https:\\\/\\\/www.purejewels.com\\\/#organization\"},\"potentialAction\":[{\"@type\":\"SearchAction\",\"target\":{\"@type\":\"EntryPoint\",\"urlTemplate\":\"https:\\\/\\\/www.purejewels.com\\\/?s={search_term_string}\"},\"query-input\":{\"@type\":\"PropertyValueSpecification\",\"valueRequired\":true,\"valueName\":\"search_term_string\"}}],\"inLanguage\":\"tr\"},{\"@type\":\"Organization\",\"@id\":\"https:\\\/\\\/www.purejewels.com\\\/#organization\",\"name\":\"PureJewels UK\",\"url\":\"https:\\\/\\\/www.purejewels.com\\\/\",\"logo\":{\"@type\":\"ImageObject\",\"inLanguage\":\"tr\",\"@id\":\"https:\\\/\\\/www.purejewels.com\\\/#\\\/schema\\\/logo\\\/image\\\/\",\"url\":\"https:\\\/\\\/static.purejewels.com\\\/wp-content\\\/uploads\\\/2020\\\/11\\\/Logo-PJ-New-1.png\",\"contentUrl\":\"https:\\\/\\\/static.purejewels.com\\\/wp-content\\\/uploads\\\/2020\\\/11\\\/Logo-PJ-New-1.png\",\"width\":150,\"height\":80,\"caption\":\"PureJewels UK\"},\"image\":{\"@id\":\"https:\\\/\\\/www.purejewels.com\\\/#\\\/schema\\\/logo\\\/image\\\/\"}}]}<\/script>\n<!-- \/ Yoast SEO plugin. -->","yoast_head_json":{"title":"Zarif Platin P\u0131rlanta Y\u00fcz\u00fck \u2013 Brown &amp; Newirth","description":"Parlak elmaslarla s\u00fcslenmi\u015f Brown &amp; Newirth platin elmas alyans\u0131n\u0131 ke\u015ffedin. \u0130ngiltere'de el i\u015f\u00e7ili\u011fi ile \u00fcretilen, zamans\u0131z bir a\u015fk sembol\u00fc.","robots":{"index":"index","follow":"follow","max-snippet":"max-snippet:-1","max-image-preview":"max-image-preview:large","max-video-preview":"max-video-preview:-1"},"canonical":"https:\/\/www.purejewels.com\/tr\/urun\/kahverengi-newirth-alyans\/","og_locale":"tr_TR","og_type":"article","og_title":"Elegant Platinum Diamond Band \u2013 Brown & Newirth","og_description":"Discover the Brown & Newirth platinum diamond wedding ring featuring sparkling diamonds. A timeless symbol of love, handcrafted in the UK.","og_url":"https:\/\/www.purejewels.com\/tr\/urun\/kahverengi-newirth-alyans\/","og_site_name":"PureJewels UK","article_modified_time":"2025-12-18T07:03:33+00:00","og_image":[{"width":960,"height":960,"url":"https:\/\/static.purejewels.com\/wp-content\/uploads\/2017\/07\/d052_xl-2.jpg","type":"image\/jpeg"}],"twitter_card":"summary_large_image","twitter_misc":{"Tahmini okuma s\u00fcresi":"1 dakika"},"schema":{"@context":"https:\/\/schema.org","@graph":[{"@type":["WebPage","ItemPage"],"@id":"https:\/\/www.purejewels.com\/product\/brown-newirth-wedding-ring\/","url":"https:\/\/www.purejewels.com\/product\/brown-newirth-wedding-ring\/","name":"Zarif Platin P\u0131rlanta Y\u00fcz\u00fck \u2013 Brown &amp; Newirth","isPartOf":{"@id":"https:\/\/www.purejewels.com\/#website"},"primaryImageOfPage":{"@id":"https:\/\/www.purejewels.com\/product\/brown-newirth-wedding-ring\/#primaryimage"},"image":{"@id":"https:\/\/www.purejewels.com\/product\/brown-newirth-wedding-ring\/#primaryimage"},"thumbnailUrl":"https:\/\/static.purejewels.com\/wp-content\/uploads\/2017\/07\/d052_xl-2.jpg","datePublished":"2017-07-19T12:24:37+00:00","dateModified":"2025-12-18T07:03:33+00:00","description":"Parlak elmaslarla s\u00fcslenmi\u015f Brown &amp; Newirth platin elmas alyans\u0131n\u0131 ke\u015ffedin. \u0130ngiltere'de el i\u015f\u00e7ili\u011fi ile \u00fcretilen, zamans\u0131z bir a\u015fk sembol\u00fc.","breadcrumb":{"@id":"https:\/\/www.purejewels.com\/product\/brown-newirth-wedding-ring\/#breadcrumb"},"inLanguage":"tr","potentialAction":[{"@type":"ReadAction","target":["https:\/\/www.purejewels.com\/product\/brown-newirth-wedding-ring\/"]}]},{"@type":"ImageObject","inLanguage":"tr","@id":"https:\/\/www.purejewels.com\/product\/brown-newirth-wedding-ring\/#primaryimage","url":"https:\/\/static.purejewels.com\/wp-content\/uploads\/2017\/07\/d052_xl-2.jpg","contentUrl":"https:\/\/static.purejewels.com\/wp-content\/uploads\/2017\/07\/d052_xl-2.jpg","width":960,"height":960,"caption":"d052_xl.jpg"},{"@type":"BreadcrumbList","@id":"https:\/\/www.purejewels.com\/product\/brown-newirth-wedding-ring\/#breadcrumb","itemListElement":[{"@type":"ListItem","position":1,"name":"Home","item":"https:\/\/www.purejewels.com\/"},{"@type":"ListItem","position":2,"name":"Shop","item":"https:\/\/www.purejewels.com\/shop\/"},{"@type":"ListItem","position":3,"name":"Brown &#038; Newirth Platinum Diamond Wedding Ring"}]},{"@type":"WebSite","@id":"https:\/\/www.purejewels.com\/#website","url":"https:\/\/www.purejewels.com\/","name":"PureJewels \u0130ngiltere","description":"Sevgiyi Payla\u015f\u0131n","publisher":{"@id":"https:\/\/www.purejewels.com\/#organization"},"potentialAction":[{"@type":"SearchAction","target":{"@type":"EntryPoint","urlTemplate":"https:\/\/www.purejewels.com\/?s={search_term_string}"},"query-input":{"@type":"PropertyValueSpecification","valueRequired":true,"valueName":"search_term_string"}}],"inLanguage":"tr"},{"@type":"Organization","@id":"https:\/\/www.purejewels.com\/#organization","name":"PureJewels \u0130ngiltere","url":"https:\/\/www.purejewels.com\/","logo":{"@type":"ImageObject","inLanguage":"tr","@id":"https:\/\/www.purejewels.com\/#\/schema\/logo\/image\/","url":"https:\/\/static.purejewels.com\/wp-content\/uploads\/2020\/11\/Logo-PJ-New-1.png","contentUrl":"https:\/\/static.purejewels.com\/wp-content\/uploads\/2020\/11\/Logo-PJ-New-1.png","width":150,"height":80,"caption":"PureJewels UK"},"image":{"@id":"https:\/\/www.purejewels.com\/#\/schema\/logo\/image\/"}}]}},"_links":{"self":[{"href":"https:\/\/www.purejewels.com\/tr\/wp-json\/wp\/v2\/product\/4112","targetHints":{"allow":["GET"]}}],"collection":[{"href":"https:\/\/www.purejewels.com\/tr\/wp-json\/wp\/v2\/product"}],"about":[{"href":"https:\/\/www.purejewels.com\/tr\/wp-json\/wp\/v2\/types\/product"}],"replies":[{"embeddable":true,"href":"https:\/\/www.purejewels.com\/tr\/wp-json\/wp\/v2\/comments?post=4112"}],"version-history":[{"count":2,"href":"https:\/\/www.purejewels.com\/tr\/wp-json\/wp\/v2\/product\/4112\/revisions"}],"predecessor-version":[{"id":423385,"href":"https:\/\/www.purejewels.com\/tr\/wp-json\/wp\/v2\/product\/4112\/revisions\/423385"}],"wp:featuredmedia":[{"embeddable":true,"href":"https:\/\/www.purejewels.com\/tr\/wp-json\/wp\/v2\/media\/4113"}],"wp:attachment":[{"href":"https:\/\/www.purejewels.com\/tr\/wp-json\/wp\/v2\/media?parent=4112"}],"wp:term":[{"taxonomy":"product_brand","embeddable":true,"href":"https:\/\/www.purejewels.com\/tr\/wp-json\/wp\/v2\/product_brand?post=4112"},{"taxonomy":"product_cat","embeddable":true,"href":"https:\/\/www.purejewels.com\/tr\/wp-json\/wp\/v2\/product_cat?post=4112"},{"taxonomy":"product_tag","embeddable":true,"href":"https:\/\/www.purejewels.com\/tr\/wp-json\/wp\/v2\/product_tag?post=4112"}],"curies":[{"name":"wp","href":"https:\/\/api.w.org\/{rel}","templated":true}]}}