{"id":411524,"date":"2025-07-14T10:16:36","date_gmt":"2025-07-14T09:16:36","guid":{"rendered":"https:\/\/www.purejewels.com\/?post_type=product&#038;p=411524"},"modified":"2026-03-26T05:18:15","modified_gmt":"2026-03-26T05:18:15","slug":"22-ayar-altin-om-sembolu-kolye-ucu-51815","status":"publish","type":"product","link":"https:\/\/www.purejewels.com\/tr\/product\/22ct-gold-om-symbol-pendant-51815\/","title":{"rendered":"22 Ayar Alt\u0131n Om Sembol\u00fc Kolye"},"content":{"rendered":"<p data-start=\"118\" data-end=\"425\">Parlak 22 ayar sar\u0131 alt\u0131ndan \u00fcretilen bu Om Sembol\u00fc Kolye, Hinduizm'in en kutsal ve evrensel sembollerinden birine zarif bir \u00f6vg\u00fc niteli\u011findedir. Evrenin \u00f6z\u00fcn\u00fc ve yarat\u0131l\u0131\u015f\u0131n ebedi sesini temsil eden \u201cOm \u201dun takan ki\u015fiye huzur, berrakl\u0131k ve ruhsal denge getirdi\u011fine inan\u0131l\u0131r.<\/p>\n<p data-start=\"427\" data-end=\"854\">Kolyenin ak\u0131c\u0131 formu hassasiyetle \u015fekillendirilmi\u015ftir ve y\u00fcksek safl\u0131ktaki alt\u0131n\u0131n s\u0131cakl\u0131\u011f\u0131n\u0131 ve \u0131\u015f\u0131lt\u0131s\u0131n\u0131 yakalayan p\u00fcr\u00fczs\u00fcz, cilal\u0131 bir y\u00fczey sunar. 1,2 gram a\u011f\u0131rl\u0131\u011f\u0131yla g\u00fcnl\u00fck kullan\u0131m i\u00e7in yeterince hafif, ancak \u00f6zel g\u00fcnler i\u00e7in son derece anlaml\u0131. \u00c7ok y\u00f6nl\u00fcl\u00fck i\u00e7in g\u00fcvenli bir halka ile tasarlanan kolye, \u00e7e\u015fitli zincir stilleri ile e\u015fle\u015ftirilebilir, bu da onu hem ki\u015fisel ba\u011fl\u0131l\u0131k, zarif stil hem de d\u00fc\u015f\u00fcnceli Diwali hediye fikirleri i\u00e7in ideal hale getirir.<\/p>\n<p data-start=\"856\" data-end=\"1025\">Londra Assay Ofisi taraf\u0131ndan damgalanan bu par\u00e7a, PureJewels'in mirasa, i\u015f\u00e7ili\u011fe ve kal\u0131c\u0131 de\u011fere olan ba\u011fl\u0131l\u0131\u011f\u0131n\u0131 yans\u0131tan \u00f6zg\u00fcnl\u00fc\u011f\u00fc ve safl\u0131\u011f\u0131 garanti eder.<\/p>\n<p data-start=\"856\" data-end=\"1025\"><span data-sheets-root=\"1\">Bar\u0131\u015f ve uyumun simgesi olan bu zarif 22 Ayar Alt\u0131n Om Sembol\u00fc Kolye ile ruhani ba\u011flant\u0131n\u0131z\u0131 g\u00fc\u00e7lendirin. Hassasiyet ve \u00f6zenle el yap\u0131m\u0131 olarak \u00fcretilen bu kolye ucu, derin bir anlam ve \u00f6nem ta\u015f\u0131yan zamans\u0131z bir ruhani alt\u0131n tak\u0131 par\u00e7as\u0131d\u0131r. Cilal\u0131 y\u00fczeyi bu kutsal sembole zarafet katarak onu g\u00fcnl\u00fck kullan\u0131m veya \u00f6zel g\u00fcnler i\u00e7in m\u00fckemmel hale getirir.<\/span><\/p>\n<p>91.6% safl\u0131kta 22 ayar alt\u0131ndan \u00fcretilen bu kolye ucu, ilahi ba\u011flant\u0131n\u0131n ve i\u00e7 huzurun sembol\u00fcd\u00fcr. \u0130ngiliz damgas\u0131 \u00f6zg\u00fcnl\u00fc\u011f\u00fcn\u00fc ve kalitesini garanti ederken, hafif tasar\u0131m\u0131 g\u00fcn boyu rahat\u00e7a tak\u0131lmas\u0131n\u0131 sa\u011flar. \u0130ster ki\u015fisel manevi \u00f6nemi i\u00e7in tak\u0131n ister sevdi\u011finiz birine kutsamalarla hediye edin, bu Om Semboll\u00fc Kolye g\u00fczel ve anlaml\u0131 bir se\u00e7imdir.<\/p>\n<p>Bu 22 Ayar Alt\u0131n Om Sembol\u00fc Kolyeyi bug\u00fcn koleksiyonunuza ekleyin ve her tak\u0131\u015f\u0131n\u0131zda yayd\u0131\u011f\u0131 ruhani enerjiyi hissedin. \u00dccretsiz takipli teslimat, g\u00fcvenli \u00e7evrimi\u00e7i \u00f6demeler ve 30 g\u00fcnl\u00fck para iade garantisi ile g\u00fcvenle ve g\u00f6n\u00fcl rahatl\u0131\u011f\u0131yla al\u0131\u015fveri\u015f yapabilirsiniz.<\/p>","protected":false},"excerpt":{"rendered":"<p data-start=\"45\" data-end=\"265\">Maneviyat\u0131n zamans\u0131z bir amblemi olan bu 22 Ayar Alt\u0131n Om Sembol\u00fc Kolye, huzuru, uyumu ve ilahi ba\u011flant\u0131y\u0131 temsil eder. Saf alt\u0131ndan cilal\u0131 bir y\u00fczeyle el yap\u0131m\u0131 olarak \u00fcretilen bu kolye, kalbe yak\u0131n takmak veya kutsamalarla hediye etmek i\u00e7in anlaml\u0131 bir par\u00e7ad\u0131r.<\/p>\n<p><strong>Malzeme:<\/strong>\u00a022 Ayar Alt\u0131n<strong><br \/>\nSafl\u0131k: <\/strong>91.6% saf<strong><br \/>\nHallmark:\u00a0<\/strong>\u0130ngiliz Damgas\u0131<strong><br \/>\n<\/strong><strong>Br\u00fct A\u011f\u0131rl\u0131k: <\/strong>1.00 Gms<strong><br \/>\nSKU: <\/strong>51815, 51816, 53462<\/p>\n<p><strong>Fiyat ve Teslimat: <\/strong>Zincir fiyat\u0131 dahil de\u011fildir, KDV ve teslimat \u00fccretleri dahildir<strong><br \/>\n<a href=\"https:\/\/www.purejewels.com\/tr\/i%cc%87ade-poli%cc%87ti%cc%87kasi\/\">\u0130ade Politikas\u0131<\/a><\/strong><\/p>","protected":false},"featured_media":411526,"comment_status":"closed","ping_status":"closed","template":"","meta":{"_eb_attr":"","_crsspst_to_jayantr4sg-hostcom":true},"product_brand":[],"product_cat":[1576,1793,1571,1790,1229,1255,5342,1767,1572,1768,5600,5338,1701,5349],"product_tag":[],"class_list":{"0":"post-411524","1":"product","2":"type-product","3":"status-publish","4":"has-post-thumbnail","6":"product_cat-childrens-jewellery","7":"product_cat-diwali-gifts","8":"product_cat-fathers-day-gifts","9":"product_cat-for-whom-when","10":"product_cat-22ct-gold-jewellery","11":"product_cat-gold-pendants","12":"product_cat-jewellery-under-250","13":"product_cat-ladies-pendants","14":"product_cat-mens-jewellery","15":"product_cat-mens-pendants","16":"product_cat-om-pendants","17":"product_cat-shop-by-price","18":"product_cat-religious-pendants","19":"product_cat-yellow-gold-jewellery","21":"first","22":"instock","23":"taxable","24":"shipping-taxable","25":"purchasable","26":"product-type-simple","27":"add-to-wishlist-before_image"},"yoast_head":"<!-- This site is optimized with the Yoast SEO plugin v27.3 - https:\/\/yoast.com\/product\/yoast-seo-wordpress\/ -->\n<title>22ct Gold Om Symbol Pendant | Spiritual Gold Jewellery UK<\/title>\n<meta name=\"description\" content=\"Discover the 22ct Gold Om Symbol Pendant \u2013 a sacred emblem of peace, harmony, and creation. Hallmarked, handcrafted, and perfect for daily wear or gifting.\" \/>\n<meta name=\"robots\" content=\"index, follow, max-snippet:-1, max-image-preview:large, max-video-preview:-1\" \/>\n<link rel=\"canonical\" href=\"https:\/\/www.purejewels.com\/tr\/urun\/22-ayar-altin-om-sembolu-kolye-ucu-51815\/\" \/>\n<meta property=\"og:locale\" content=\"tr_TR\" \/>\n<meta property=\"og:type\" content=\"article\" \/>\n<meta property=\"og:title\" content=\"22ct Gold Om Symbol Pendant | Spiritual Gold Jewellery UK\" \/>\n<meta property=\"og:description\" content=\"Discover the 22ct Gold Om Symbol Pendant \u2013 a sacred emblem of peace, harmony, and creation. Hallmarked, handcrafted, and perfect for daily wear or gifting.\" \/>\n<meta property=\"og:url\" content=\"https:\/\/www.purejewels.com\/tr\/urun\/22-ayar-altin-om-sembolu-kolye-ucu-51815\/\" \/>\n<meta property=\"og:site_name\" content=\"PureJewels UK\" \/>\n<meta property=\"article:modified_time\" content=\"2026-03-26T05:18:15+00:00\" \/>\n<meta property=\"og:image\" content=\"https:\/\/static.purejewels.com\/wp-content\/uploads\/2025\/08\/SKU-51815.jpg\" \/>\n\t<meta property=\"og:image:width\" content=\"1000\" \/>\n\t<meta property=\"og:image:height\" content=\"1000\" \/>\n\t<meta property=\"og:image:type\" content=\"image\/jpeg\" \/>\n<meta name=\"twitter:card\" content=\"summary_large_image\" \/>\n<meta name=\"twitter:label1\" content=\"Tahmini okuma s\u00fcresi\" \/>\n\t<meta name=\"twitter:data1\" content=\"2 dakika\" \/>\n<script type=\"application\/ld+json\" class=\"yoast-schema-graph\">{\"@context\":\"https:\\\/\\\/schema.org\",\"@graph\":[{\"@type\":[\"WebPage\",\"ItemPage\"],\"@id\":\"https:\\\/\\\/www.purejewels.com\\\/product\\\/22ct-gold-om-symbol-pendant-51815\\\/\",\"url\":\"https:\\\/\\\/www.purejewels.com\\\/product\\\/22ct-gold-om-symbol-pendant-51815\\\/\",\"name\":\"22ct Gold Om Symbol Pendant | Spiritual Gold Jewellery UK\",\"isPartOf\":{\"@id\":\"https:\\\/\\\/www.purejewels.com\\\/#website\"},\"primaryImageOfPage\":{\"@id\":\"https:\\\/\\\/www.purejewels.com\\\/product\\\/22ct-gold-om-symbol-pendant-51815\\\/#primaryimage\"},\"image\":{\"@id\":\"https:\\\/\\\/www.purejewels.com\\\/product\\\/22ct-gold-om-symbol-pendant-51815\\\/#primaryimage\"},\"thumbnailUrl\":\"https:\\\/\\\/static.purejewels.com\\\/wp-content\\\/uploads\\\/2025\\\/08\\\/SKU-51815.jpg\",\"datePublished\":\"2025-07-14T09:16:36+00:00\",\"dateModified\":\"2026-03-26T05:18:15+00:00\",\"description\":\"Discover the 22ct Gold Om Symbol Pendant \u2013 a sacred emblem of peace, harmony, and creation. Hallmarked, handcrafted, and perfect for daily wear or gifting.\",\"breadcrumb\":{\"@id\":\"https:\\\/\\\/www.purejewels.com\\\/product\\\/22ct-gold-om-symbol-pendant-51815\\\/#breadcrumb\"},\"inLanguage\":\"tr\",\"potentialAction\":[{\"@type\":\"ReadAction\",\"target\":[\"https:\\\/\\\/www.purejewels.com\\\/product\\\/22ct-gold-om-symbol-pendant-51815\\\/\"]}]},{\"@type\":\"ImageObject\",\"inLanguage\":\"tr\",\"@id\":\"https:\\\/\\\/www.purejewels.com\\\/product\\\/22ct-gold-om-symbol-pendant-51815\\\/#primaryimage\",\"url\":\"https:\\\/\\\/static.purejewels.com\\\/wp-content\\\/uploads\\\/2025\\\/08\\\/SKU-51815.jpg\",\"contentUrl\":\"https:\\\/\\\/static.purejewels.com\\\/wp-content\\\/uploads\\\/2025\\\/08\\\/SKU-51815.jpg\",\"width\":1000,\"height\":1000,\"caption\":\"22ct Gold Om Symbol Pendant\"},{\"@type\":\"BreadcrumbList\",\"@id\":\"https:\\\/\\\/www.purejewels.com\\\/product\\\/22ct-gold-om-symbol-pendant-51815\\\/#breadcrumb\",\"itemListElement\":[{\"@type\":\"ListItem\",\"position\":1,\"name\":\"Home\",\"item\":\"https:\\\/\\\/www.purejewels.com\\\/\"},{\"@type\":\"ListItem\",\"position\":2,\"name\":\"Shop\",\"item\":\"https:\\\/\\\/www.purejewels.com\\\/shop\\\/\"},{\"@type\":\"ListItem\",\"position\":3,\"name\":\"22ct Gold Om Symbol Pendant\"}]},{\"@type\":\"WebSite\",\"@id\":\"https:\\\/\\\/www.purejewels.com\\\/#website\",\"url\":\"https:\\\/\\\/www.purejewels.com\\\/\",\"name\":\"PureJewels UK\",\"description\":\"Share the Love\",\"publisher\":{\"@id\":\"https:\\\/\\\/www.purejewels.com\\\/#organization\"},\"potentialAction\":[{\"@type\":\"SearchAction\",\"target\":{\"@type\":\"EntryPoint\",\"urlTemplate\":\"https:\\\/\\\/www.purejewels.com\\\/?s={search_term_string}\"},\"query-input\":{\"@type\":\"PropertyValueSpecification\",\"valueRequired\":true,\"valueName\":\"search_term_string\"}}],\"inLanguage\":\"tr\"},{\"@type\":\"Organization\",\"@id\":\"https:\\\/\\\/www.purejewels.com\\\/#organization\",\"name\":\"PureJewels UK\",\"url\":\"https:\\\/\\\/www.purejewels.com\\\/\",\"logo\":{\"@type\":\"ImageObject\",\"inLanguage\":\"tr\",\"@id\":\"https:\\\/\\\/www.purejewels.com\\\/#\\\/schema\\\/logo\\\/image\\\/\",\"url\":\"https:\\\/\\\/static.purejewels.com\\\/wp-content\\\/uploads\\\/2020\\\/11\\\/Logo-PJ-New-1.png\",\"contentUrl\":\"https:\\\/\\\/static.purejewels.com\\\/wp-content\\\/uploads\\\/2020\\\/11\\\/Logo-PJ-New-1.png\",\"width\":150,\"height\":80,\"caption\":\"PureJewels UK\"},\"image\":{\"@id\":\"https:\\\/\\\/www.purejewels.com\\\/#\\\/schema\\\/logo\\\/image\\\/\"}}]}<\/script>\n<!-- \/ Yoast SEO plugin. -->","yoast_head_json":{"title":"22 Ayar Alt\u0131n Om Sembol\u00fc Kolye | Spirit\u00fcel Alt\u0131n Tak\u0131lar \u0130ngiltere","description":"Bar\u0131\u015f, uyum ve yarat\u0131l\u0131\u015f\u0131n kutsal bir amblemi olan 22 Ayar Alt\u0131n Om Sembol\u00fc Kolyeyi ke\u015ffedin. Damgal\u0131, el yap\u0131m\u0131 ve g\u00fcnl\u00fck kullan\u0131m veya hediye i\u00e7in m\u00fckemmel.","robots":{"index":"index","follow":"follow","max-snippet":"max-snippet:-1","max-image-preview":"max-image-preview:large","max-video-preview":"max-video-preview:-1"},"canonical":"https:\/\/www.purejewels.com\/tr\/urun\/22-ayar-altin-om-sembolu-kolye-ucu-51815\/","og_locale":"tr_TR","og_type":"article","og_title":"22ct Gold Om Symbol Pendant | Spiritual Gold Jewellery UK","og_description":"Discover the 22ct Gold Om Symbol Pendant \u2013 a sacred emblem of peace, harmony, and creation. Hallmarked, handcrafted, and perfect for daily wear or gifting.","og_url":"https:\/\/www.purejewels.com\/tr\/urun\/22-ayar-altin-om-sembolu-kolye-ucu-51815\/","og_site_name":"PureJewels UK","article_modified_time":"2026-03-26T05:18:15+00:00","og_image":[{"width":1000,"height":1000,"url":"https:\/\/static.purejewels.com\/wp-content\/uploads\/2025\/08\/SKU-51815.jpg","type":"image\/jpeg"}],"twitter_card":"summary_large_image","twitter_misc":{"Tahmini okuma s\u00fcresi":"2 dakika"},"schema":{"@context":"https:\/\/schema.org","@graph":[{"@type":["WebPage","ItemPage"],"@id":"https:\/\/www.purejewels.com\/product\/22ct-gold-om-symbol-pendant-51815\/","url":"https:\/\/www.purejewels.com\/product\/22ct-gold-om-symbol-pendant-51815\/","name":"22 Ayar Alt\u0131n Om Sembol\u00fc Kolye | Spirit\u00fcel Alt\u0131n Tak\u0131lar \u0130ngiltere","isPartOf":{"@id":"https:\/\/www.purejewels.com\/#website"},"primaryImageOfPage":{"@id":"https:\/\/www.purejewels.com\/product\/22ct-gold-om-symbol-pendant-51815\/#primaryimage"},"image":{"@id":"https:\/\/www.purejewels.com\/product\/22ct-gold-om-symbol-pendant-51815\/#primaryimage"},"thumbnailUrl":"https:\/\/static.purejewels.com\/wp-content\/uploads\/2025\/08\/SKU-51815.jpg","datePublished":"2025-07-14T09:16:36+00:00","dateModified":"2026-03-26T05:18:15+00:00","description":"Bar\u0131\u015f, uyum ve yarat\u0131l\u0131\u015f\u0131n kutsal bir amblemi olan 22 Ayar Alt\u0131n Om Sembol\u00fc Kolyeyi ke\u015ffedin. Damgal\u0131, el yap\u0131m\u0131 ve g\u00fcnl\u00fck kullan\u0131m veya hediye i\u00e7in m\u00fckemmel.","breadcrumb":{"@id":"https:\/\/www.purejewels.com\/product\/22ct-gold-om-symbol-pendant-51815\/#breadcrumb"},"inLanguage":"tr","potentialAction":[{"@type":"ReadAction","target":["https:\/\/www.purejewels.com\/product\/22ct-gold-om-symbol-pendant-51815\/"]}]},{"@type":"ImageObject","inLanguage":"tr","@id":"https:\/\/www.purejewels.com\/product\/22ct-gold-om-symbol-pendant-51815\/#primaryimage","url":"https:\/\/static.purejewels.com\/wp-content\/uploads\/2025\/08\/SKU-51815.jpg","contentUrl":"https:\/\/static.purejewels.com\/wp-content\/uploads\/2025\/08\/SKU-51815.jpg","width":1000,"height":1000,"caption":"22ct Gold Om Symbol Pendant"},{"@type":"BreadcrumbList","@id":"https:\/\/www.purejewels.com\/product\/22ct-gold-om-symbol-pendant-51815\/#breadcrumb","itemListElement":[{"@type":"ListItem","position":1,"name":"Home","item":"https:\/\/www.purejewels.com\/"},{"@type":"ListItem","position":2,"name":"Shop","item":"https:\/\/www.purejewels.com\/shop\/"},{"@type":"ListItem","position":3,"name":"22ct Gold Om Symbol Pendant"}]},{"@type":"WebSite","@id":"https:\/\/www.purejewels.com\/#website","url":"https:\/\/www.purejewels.com\/","name":"PureJewels \u0130ngiltere","description":"Sevgiyi Payla\u015f\u0131n","publisher":{"@id":"https:\/\/www.purejewels.com\/#organization"},"potentialAction":[{"@type":"SearchAction","target":{"@type":"EntryPoint","urlTemplate":"https:\/\/www.purejewels.com\/?s={search_term_string}"},"query-input":{"@type":"PropertyValueSpecification","valueRequired":true,"valueName":"search_term_string"}}],"inLanguage":"tr"},{"@type":"Organization","@id":"https:\/\/www.purejewels.com\/#organization","name":"PureJewels \u0130ngiltere","url":"https:\/\/www.purejewels.com\/","logo":{"@type":"ImageObject","inLanguage":"tr","@id":"https:\/\/www.purejewels.com\/#\/schema\/logo\/image\/","url":"https:\/\/static.purejewels.com\/wp-content\/uploads\/2020\/11\/Logo-PJ-New-1.png","contentUrl":"https:\/\/static.purejewels.com\/wp-content\/uploads\/2020\/11\/Logo-PJ-New-1.png","width":150,"height":80,"caption":"PureJewels UK"},"image":{"@id":"https:\/\/www.purejewels.com\/#\/schema\/logo\/image\/"}}]}},"_links":{"self":[{"href":"https:\/\/www.purejewels.com\/tr\/wp-json\/wp\/v2\/product\/411524","targetHints":{"allow":["GET"]}}],"collection":[{"href":"https:\/\/www.purejewels.com\/tr\/wp-json\/wp\/v2\/product"}],"about":[{"href":"https:\/\/www.purejewels.com\/tr\/wp-json\/wp\/v2\/types\/product"}],"replies":[{"embeddable":true,"href":"https:\/\/www.purejewels.com\/tr\/wp-json\/wp\/v2\/comments?post=411524"}],"version-history":[{"count":5,"href":"https:\/\/www.purejewels.com\/tr\/wp-json\/wp\/v2\/product\/411524\/revisions"}],"predecessor-version":[{"id":427637,"href":"https:\/\/www.purejewels.com\/tr\/wp-json\/wp\/v2\/product\/411524\/revisions\/427637"}],"wp:featuredmedia":[{"embeddable":true,"href":"https:\/\/www.purejewels.com\/tr\/wp-json\/wp\/v2\/media\/411526"}],"wp:attachment":[{"href":"https:\/\/www.purejewels.com\/tr\/wp-json\/wp\/v2\/media?parent=411524"}],"wp:term":[{"taxonomy":"product_brand","embeddable":true,"href":"https:\/\/www.purejewels.com\/tr\/wp-json\/wp\/v2\/product_brand?post=411524"},{"taxonomy":"product_cat","embeddable":true,"href":"https:\/\/www.purejewels.com\/tr\/wp-json\/wp\/v2\/product_cat?post=411524"},{"taxonomy":"product_tag","embeddable":true,"href":"https:\/\/www.purejewels.com\/tr\/wp-json\/wp\/v2\/product_tag?post=411524"}],"curies":[{"name":"wp","href":"https:\/\/api.w.org\/{rel}","templated":true}]}}