{"id":411997,"date":"2025-07-29T09:52:13","date_gmt":"2025-07-29T08:52:13","guid":{"rendered":"https:\/\/www.purejewels.com\/?post_type=product&#038;p=411997"},"modified":"2026-03-19T05:37:08","modified_gmt":"2026-03-19T05:37:08","slug":"22-ayar-sari-altin-cz-yuzuk-n-52011-beden","status":"publish","type":"product","link":"https:\/\/www.purejewels.com\/tr\/product\/22ct-yellow-gold-cz-ring-size-n-52011\/","title":{"rendered":"22 Ayar Alt\u0131n Tekta\u015f CZ Y\u00fcz\u00fck"},"content":{"rendered":"<p data-start=\"0\" data-end=\"412\"><strong data-start=\"0\" data-end=\"10\">Tasar\u0131m<\/strong><br data-start=\"10\" data-end=\"13\" \/>Bu 22 ayar alt\u0131n tekta\u015f CZ y\u00fcz\u00fck, \u0131\u015f\u0131\u011f\u0131 ve parlakl\u0131\u011f\u0131 en \u00fcst d\u00fczeye \u00e7\u0131karmak i\u00e7in tasarlanm\u0131\u015f zarif bir ayarda y\u00fckseltilmi\u015f klasik bir yuvarlak orta ta\u015fa sahiptir. Omuzlar boyunca CZ vurgulara sahip hafif\u00e7e konturlu bir bant, dengeli ve zarif bir profili korurken ince bir \u0131\u015f\u0131lt\u0131 katar. Zamans\u0131z formuyla tekta\u015f\u0131n romantizmini, Sevgililer G\u00fcn\u00fc i\u00e7in \u00f6zellikle anlaml\u0131 hissettiren bir s\u0131cakl\u0131kla yakal\u0131yor.<\/p>\n<p data-start=\"414\" data-end=\"768\"><strong data-start=\"414\" data-end=\"431\">Zanaatkarl\u0131k<\/strong><br data-start=\"431\" data-end=\"434\" \/>Parlak 22 ayar alt\u0131ndan \u00fcretilen y\u00fcz\u00fck, band\u0131n p\u00fcr\u00fczs\u00fcz k\u0131vr\u0131m\u0131n\u0131 ve merkezi CZ'nin parlakl\u0131\u011f\u0131n\u0131 geli\u015ftirmek i\u00e7in \u00f6zenle tamamlanm\u0131\u015ft\u0131r. Her bir ta\u015f, kal\u0131c\u0131 g\u00fczellik ve her g\u00fcn tak\u0131labilirlik sa\u011flamak i\u00e7in g\u00fcvenli ve hassas bir \u015fekilde ayarlanm\u0131\u015ft\u0131r. \u0130ngiltere'de damgalanan y\u00fcz\u00fck, g\u00fcvenilir kalite, \u00f6zg\u00fcnl\u00fck ve \u00f6zenli i\u015f\u00e7ili\u011fi yans\u0131tmaktad\u0131r.<\/p>\n<p data-start=\"770\" data-end=\"1147\" data-is-last-node=\"\" data-is-only-node=\"\"><strong data-start=\"770\" data-end=\"791\">\u015eekillendirme &amp; Hediyele\u015fme<\/strong><br data-start=\"791\" data-end=\"794\" \/>Romantik bir Sevgililer G\u00fcn\u00fc y\u00fcz\u00fc\u011f\u00fc olarak tasarlanan bu tekta\u015f, hem g\u00fcnl\u00fck k\u0131yafetlerle hem de gece g\u00f6r\u00fcn\u00fcmleriyle zahmetsizce e\u015fle\u015fir. Bir a\u015fk ifadesi olarak tek ba\u015f\u0131na tak\u0131n veya modern bir katmanl\u0131 stil i\u00e7in ince alt\u0131n bantlarla istifleyin. Onun i\u00e7in zamans\u0131z bir Sevgililer G\u00fcn\u00fc hediyesi olan bu y\u00fcz\u00fck, a\u015fk\u0131, d\u00f6n\u00fcm noktalar\u0131n\u0131 ve hat\u0131rlanmay\u0131 hak eden anlar\u0131 kutlamak i\u00e7in m\u00fckemmeldir.<\/p>","protected":false},"excerpt":{"rendered":"<p>22 Ayar Sar\u0131 Alt\u0131n CZ Tekta\u015f Y\u00fcz\u00fck, alt\u0131n\u0131n zengin s\u0131cakl\u0131\u011f\u0131n\u0131 k\u00fcbik zirkonun \u0131\u015f\u0131lt\u0131s\u0131yla harmanl\u0131yor.<\/p>\n<p><strong>Malzeme:<\/strong>\u00a022 Ayar Alt\u0131n<br \/>\n<strong>Hallmark:<\/strong>\u00a0\u0130ngiliz Damgas\u0131<strong><br \/>\n<\/strong><strong>A\u011f\u0131rl\u0131k Aral\u0131\u011f\u0131: <\/strong>2,46 Gms - 2,68 Gms<br \/>\n<strong>Boyut:<\/strong> T\u00fcm farkl\u0131 boyutlar<br \/>\n<strong>SKU:<\/strong> 51197, 51198, 51199, 51200<\/p>\n<p><strong>Fiyat ve Teslimat<\/strong>: KDV ve teslimat \u00fccretleri dahil<br \/>\n<a href=\"https:\/\/www.purejewels.com\/tr\/i%cc%87ade-poli%cc%87ti%cc%87kasi\/\">\u0130ade Politikas\u0131<\/a><\/p>","protected":false},"featured_media":407646,"comment_status":"closed","ping_status":"closed","template":"","meta":{"_eb_attr":"","_crsspst_to_jayantr4sg-hostcom":false},"product_brand":[],"product_cat":[1791,1559,6152,1785,1235,5343,1783,5347,1786,5338,6042,1569,1573,1574,5349],"product_tag":[64],"class_list":{"0":"post-411997","1":"product","2":"type-product","3":"status-publish","4":"has-post-thumbnail","6":"product_cat-anniversary-gifts","7":"product_cat-birthday-gifts","8":"product_cat-cubic-zirconia-rings","9":"product_cat-daily-wear-rings","10":"product_cat-gold-rings","11":"product_cat-jewellery-under-550","12":"product_cat-ladies-rings","13":"product_cat-shop-by-metal","14":"product_cat-occasional-wear-rings","15":"product_cat-shop-by-price","16":"product_cat-solitaire-ring","17":"product_cat-valentine-day-gifts","18":"product_cat-wedding-gifts","19":"product_cat-womens-jewellery","20":"product_cat-yellow-gold-jewellery","21":"product_tag-rings","23":"first","24":"outofstock","25":"taxable","26":"shipping-taxable","27":"product-type-variable","28":"add-to-wishlist-before_image"},"yoast_head":"<!-- This site is optimized with the Yoast SEO plugin v27.5 - https:\/\/yoast.com\/product\/yoast-seo-wordpress\/ -->\n<title>22ct Yellow Gold CZ Ring | PureJewels London<\/title>\n<meta name=\"description\" content=\"Discover the 22ct Yellow Gold CZ Ring at PureJewels. Crafted in hallmarked gold with sparkling cubic zirconia, perfect for timeless elegance.\" \/>\n<meta name=\"robots\" content=\"index, follow, max-snippet:-1, max-image-preview:large, max-video-preview:-1\" \/>\n<link rel=\"canonical\" href=\"https:\/\/www.purejewels.com\/tr\/urun\/22-ayar-sari-altin-cz-yuzuk-n-52011-beden\/\" \/>\n<meta property=\"og:locale\" content=\"tr_TR\" \/>\n<meta property=\"og:type\" content=\"article\" \/>\n<meta property=\"og:title\" content=\"22ct Yellow Gold CZ Ring | PureJewels London\" \/>\n<meta property=\"og:description\" content=\"Discover the 22ct Yellow Gold CZ Ring at PureJewels. Crafted in hallmarked gold with sparkling cubic zirconia, perfect for timeless elegance.\" \/>\n<meta property=\"og:url\" content=\"https:\/\/www.purejewels.com\/tr\/urun\/22-ayar-sari-altin-cz-yuzuk-n-52011-beden\/\" \/>\n<meta property=\"og:site_name\" content=\"PureJewels UK\" \/>\n<meta property=\"article:modified_time\" content=\"2026-03-19T05:37:08+00:00\" \/>\n<meta property=\"og:image\" content=\"https:\/\/static.purejewels.com\/wp-content\/uploads\/2025\/07\/SKU-51777.jpg\" \/>\n\t<meta property=\"og:image:width\" content=\"1000\" \/>\n\t<meta property=\"og:image:height\" content=\"1000\" \/>\n\t<meta property=\"og:image:type\" content=\"image\/jpeg\" \/>\n<meta name=\"twitter:card\" content=\"summary_large_image\" \/>\n<meta name=\"twitter:label1\" content=\"Tahmini okuma s\u00fcresi\" \/>\n\t<meta name=\"twitter:data1\" content=\"1 dakika\" \/>\n<script type=\"application\/ld+json\" class=\"yoast-schema-graph\">{\"@context\":\"https:\\\/\\\/schema.org\",\"@graph\":[{\"@type\":[\"WebPage\",\"ItemPage\"],\"@id\":\"https:\\\/\\\/www.purejewels.com\\\/product\\\/22ct-yellow-gold-cz-ring-size-n-52011\\\/\",\"url\":\"https:\\\/\\\/www.purejewels.com\\\/product\\\/22ct-yellow-gold-cz-ring-size-n-52011\\\/\",\"name\":\"22ct Yellow Gold CZ Ring | PureJewels London\",\"isPartOf\":{\"@id\":\"https:\\\/\\\/www.purejewels.com\\\/#website\"},\"primaryImageOfPage\":{\"@id\":\"https:\\\/\\\/www.purejewels.com\\\/product\\\/22ct-yellow-gold-cz-ring-size-n-52011\\\/#primaryimage\"},\"image\":{\"@id\":\"https:\\\/\\\/www.purejewels.com\\\/product\\\/22ct-yellow-gold-cz-ring-size-n-52011\\\/#primaryimage\"},\"thumbnailUrl\":\"https:\\\/\\\/static.purejewels.com\\\/wp-content\\\/uploads\\\/2025\\\/07\\\/SKU-51777.jpg\",\"datePublished\":\"2025-07-29T08:52:13+00:00\",\"dateModified\":\"2026-03-19T05:37:08+00:00\",\"description\":\"Discover the 22ct Yellow Gold CZ Ring at PureJewels. Crafted in hallmarked gold with sparkling cubic zirconia, perfect for timeless elegance.\",\"breadcrumb\":{\"@id\":\"https:\\\/\\\/www.purejewels.com\\\/product\\\/22ct-yellow-gold-cz-ring-size-n-52011\\\/#breadcrumb\"},\"inLanguage\":\"tr\",\"potentialAction\":[{\"@type\":\"ReadAction\",\"target\":[\"https:\\\/\\\/www.purejewels.com\\\/product\\\/22ct-yellow-gold-cz-ring-size-n-52011\\\/\"]}]},{\"@type\":\"ImageObject\",\"inLanguage\":\"tr\",\"@id\":\"https:\\\/\\\/www.purejewels.com\\\/product\\\/22ct-yellow-gold-cz-ring-size-n-52011\\\/#primaryimage\",\"url\":\"https:\\\/\\\/static.purejewels.com\\\/wp-content\\\/uploads\\\/2025\\\/07\\\/SKU-51777.jpg\",\"contentUrl\":\"https:\\\/\\\/static.purejewels.com\\\/wp-content\\\/uploads\\\/2025\\\/07\\\/SKU-51777.jpg\",\"width\":1000,\"height\":1000,\"caption\":\"Stacked from 5 images. Method=B (R=8,S=4)\"},{\"@type\":\"BreadcrumbList\",\"@id\":\"https:\\\/\\\/www.purejewels.com\\\/product\\\/22ct-yellow-gold-cz-ring-size-n-52011\\\/#breadcrumb\",\"itemListElement\":[{\"@type\":\"ListItem\",\"position\":1,\"name\":\"Home\",\"item\":\"https:\\\/\\\/www.purejewels.com\\\/\"},{\"@type\":\"ListItem\",\"position\":2,\"name\":\"Shop\",\"item\":\"https:\\\/\\\/www.purejewels.com\\\/shop\\\/\"},{\"@type\":\"ListItem\",\"position\":3,\"name\":\"22ct Gold Solitaire CZ Ring\"}]},{\"@type\":\"WebSite\",\"@id\":\"https:\\\/\\\/www.purejewels.com\\\/#website\",\"url\":\"https:\\\/\\\/www.purejewels.com\\\/\",\"name\":\"PureJewels UK\",\"description\":\"Share the Love\",\"publisher\":{\"@id\":\"https:\\\/\\\/www.purejewels.com\\\/#organization\"},\"potentialAction\":[{\"@type\":\"SearchAction\",\"target\":{\"@type\":\"EntryPoint\",\"urlTemplate\":\"https:\\\/\\\/www.purejewels.com\\\/?s={search_term_string}\"},\"query-input\":{\"@type\":\"PropertyValueSpecification\",\"valueRequired\":true,\"valueName\":\"search_term_string\"}}],\"inLanguage\":\"tr\"},{\"@type\":\"Organization\",\"@id\":\"https:\\\/\\\/www.purejewels.com\\\/#organization\",\"name\":\"PureJewels UK\",\"url\":\"https:\\\/\\\/www.purejewels.com\\\/\",\"logo\":{\"@type\":\"ImageObject\",\"inLanguage\":\"tr\",\"@id\":\"https:\\\/\\\/www.purejewels.com\\\/#\\\/schema\\\/logo\\\/image\\\/\",\"url\":\"https:\\\/\\\/static.purejewels.com\\\/wp-content\\\/uploads\\\/2020\\\/11\\\/Logo-PJ-New-1.png\",\"contentUrl\":\"https:\\\/\\\/static.purejewels.com\\\/wp-content\\\/uploads\\\/2020\\\/11\\\/Logo-PJ-New-1.png\",\"width\":150,\"height\":80,\"caption\":\"PureJewels UK\"},\"image\":{\"@id\":\"https:\\\/\\\/www.purejewels.com\\\/#\\\/schema\\\/logo\\\/image\\\/\"}}]}<\/script>\n<!-- \/ Yoast SEO plugin. -->","yoast_head_json":{"title":"22 Ayar Sar\u0131 Alt\u0131n CZ Y\u00fcz\u00fck | PureJewels London","description":"PureJewels'te 22 ayar sar\u0131 alt\u0131n CZ y\u00fcz\u00fc\u011f\u00fc ke\u015ffedin. I\u015f\u0131lt\u0131l\u0131 k\u00fcbik zirkonya ile damgal\u0131 alt\u0131ndan \u00fcretilmi\u015ftir, zamans\u0131z \u015f\u0131kl\u0131k i\u00e7in m\u00fckemmeldir.","robots":{"index":"index","follow":"follow","max-snippet":"max-snippet:-1","max-image-preview":"max-image-preview:large","max-video-preview":"max-video-preview:-1"},"canonical":"https:\/\/www.purejewels.com\/tr\/urun\/22-ayar-sari-altin-cz-yuzuk-n-52011-beden\/","og_locale":"tr_TR","og_type":"article","og_title":"22ct Yellow Gold CZ Ring | PureJewels London","og_description":"Discover the 22ct Yellow Gold CZ Ring at PureJewels. Crafted in hallmarked gold with sparkling cubic zirconia, perfect for timeless elegance.","og_url":"https:\/\/www.purejewels.com\/tr\/urun\/22-ayar-sari-altin-cz-yuzuk-n-52011-beden\/","og_site_name":"PureJewels UK","article_modified_time":"2026-03-19T05:37:08+00:00","og_image":[{"width":1000,"height":1000,"url":"https:\/\/static.purejewels.com\/wp-content\/uploads\/2025\/07\/SKU-51777.jpg","type":"image\/jpeg"}],"twitter_card":"summary_large_image","twitter_misc":{"Tahmini okuma s\u00fcresi":"1 dakika"},"schema":{"@context":"https:\/\/schema.org","@graph":[{"@type":["WebPage","ItemPage"],"@id":"https:\/\/www.purejewels.com\/product\/22ct-yellow-gold-cz-ring-size-n-52011\/","url":"https:\/\/www.purejewels.com\/product\/22ct-yellow-gold-cz-ring-size-n-52011\/","name":"22 Ayar Sar\u0131 Alt\u0131n CZ Y\u00fcz\u00fck | PureJewels London","isPartOf":{"@id":"https:\/\/www.purejewels.com\/#website"},"primaryImageOfPage":{"@id":"https:\/\/www.purejewels.com\/product\/22ct-yellow-gold-cz-ring-size-n-52011\/#primaryimage"},"image":{"@id":"https:\/\/www.purejewels.com\/product\/22ct-yellow-gold-cz-ring-size-n-52011\/#primaryimage"},"thumbnailUrl":"https:\/\/static.purejewels.com\/wp-content\/uploads\/2025\/07\/SKU-51777.jpg","datePublished":"2025-07-29T08:52:13+00:00","dateModified":"2026-03-19T05:37:08+00:00","description":"PureJewels'te 22 ayar sar\u0131 alt\u0131n CZ y\u00fcz\u00fc\u011f\u00fc ke\u015ffedin. I\u015f\u0131lt\u0131l\u0131 k\u00fcbik zirkonya ile damgal\u0131 alt\u0131ndan \u00fcretilmi\u015ftir, zamans\u0131z \u015f\u0131kl\u0131k i\u00e7in m\u00fckemmeldir.","breadcrumb":{"@id":"https:\/\/www.purejewels.com\/product\/22ct-yellow-gold-cz-ring-size-n-52011\/#breadcrumb"},"inLanguage":"tr","potentialAction":[{"@type":"ReadAction","target":["https:\/\/www.purejewels.com\/product\/22ct-yellow-gold-cz-ring-size-n-52011\/"]}]},{"@type":"ImageObject","inLanguage":"tr","@id":"https:\/\/www.purejewels.com\/product\/22ct-yellow-gold-cz-ring-size-n-52011\/#primaryimage","url":"https:\/\/static.purejewels.com\/wp-content\/uploads\/2025\/07\/SKU-51777.jpg","contentUrl":"https:\/\/static.purejewels.com\/wp-content\/uploads\/2025\/07\/SKU-51777.jpg","width":1000,"height":1000,"caption":"Stacked from 5 images. Method=B (R=8,S=4)"},{"@type":"BreadcrumbList","@id":"https:\/\/www.purejewels.com\/product\/22ct-yellow-gold-cz-ring-size-n-52011\/#breadcrumb","itemListElement":[{"@type":"ListItem","position":1,"name":"Home","item":"https:\/\/www.purejewels.com\/"},{"@type":"ListItem","position":2,"name":"Shop","item":"https:\/\/www.purejewels.com\/shop\/"},{"@type":"ListItem","position":3,"name":"22ct Gold Solitaire CZ Ring"}]},{"@type":"WebSite","@id":"https:\/\/www.purejewels.com\/#website","url":"https:\/\/www.purejewels.com\/","name":"PureJewels \u0130ngiltere","description":"Sevgiyi Payla\u015f\u0131n","publisher":{"@id":"https:\/\/www.purejewels.com\/#organization"},"potentialAction":[{"@type":"SearchAction","target":{"@type":"EntryPoint","urlTemplate":"https:\/\/www.purejewels.com\/?s={search_term_string}"},"query-input":{"@type":"PropertyValueSpecification","valueRequired":true,"valueName":"search_term_string"}}],"inLanguage":"tr"},{"@type":"Organization","@id":"https:\/\/www.purejewels.com\/#organization","name":"PureJewels \u0130ngiltere","url":"https:\/\/www.purejewels.com\/","logo":{"@type":"ImageObject","inLanguage":"tr","@id":"https:\/\/www.purejewels.com\/#\/schema\/logo\/image\/","url":"https:\/\/static.purejewels.com\/wp-content\/uploads\/2020\/11\/Logo-PJ-New-1.png","contentUrl":"https:\/\/static.purejewels.com\/wp-content\/uploads\/2020\/11\/Logo-PJ-New-1.png","width":150,"height":80,"caption":"PureJewels UK"},"image":{"@id":"https:\/\/www.purejewels.com\/#\/schema\/logo\/image\/"}}]}},"_links":{"self":[{"href":"https:\/\/www.purejewels.com\/tr\/wp-json\/wp\/v2\/product\/411997","targetHints":{"allow":["GET"]}}],"collection":[{"href":"https:\/\/www.purejewels.com\/tr\/wp-json\/wp\/v2\/product"}],"about":[{"href":"https:\/\/www.purejewels.com\/tr\/wp-json\/wp\/v2\/types\/product"}],"replies":[{"embeddable":true,"href":"https:\/\/www.purejewels.com\/tr\/wp-json\/wp\/v2\/comments?post=411997"}],"version-history":[{"count":4,"href":"https:\/\/www.purejewels.com\/tr\/wp-json\/wp\/v2\/product\/411997\/revisions"}],"predecessor-version":[{"id":427066,"href":"https:\/\/www.purejewels.com\/tr\/wp-json\/wp\/v2\/product\/411997\/revisions\/427066"}],"wp:featuredmedia":[{"embeddable":true,"href":"https:\/\/www.purejewels.com\/tr\/wp-json\/wp\/v2\/media\/407646"}],"wp:attachment":[{"href":"https:\/\/www.purejewels.com\/tr\/wp-json\/wp\/v2\/media?parent=411997"}],"wp:term":[{"taxonomy":"product_brand","embeddable":true,"href":"https:\/\/www.purejewels.com\/tr\/wp-json\/wp\/v2\/product_brand?post=411997"},{"taxonomy":"product_cat","embeddable":true,"href":"https:\/\/www.purejewels.com\/tr\/wp-json\/wp\/v2\/product_cat?post=411997"},{"taxonomy":"product_tag","embeddable":true,"href":"https:\/\/www.purejewels.com\/tr\/wp-json\/wp\/v2\/product_tag?post=411997"}],"curies":[{"name":"wp","href":"https:\/\/api.w.org\/{rel}","templated":true}]}}