{"id":4120,"date":"2017-07-19T13:24:43","date_gmt":"2017-07-19T12:24:43","guid":{"rendered":"http:\/\/new.purejewels.com\/product\/brown-and-newirth-wedding-ring-3\/"},"modified":"2020-11-10T09:56:52","modified_gmt":"2020-11-10T09:56:52","slug":"kahverengi-ve-newirth-alyans-3","status":"publish","type":"product","link":"https:\/\/www.purejewels.com\/tr\/product\/brown-and-newirth-wedding-ring-3\/","title":{"rendered":"Kahverengi ve Newirth Alyans Yar\u0131 \u00c7er\u00e7eveli"},"content":{"rendered":"<p>Alyans<\/p>\n<p>Bitirmek: Mat Bitmi\u015f<br \/>\nTa\u015f Ayar\u0131: Yar\u0131-bezel<br \/>\nMetal Platin<br \/>\nParmak \u00d6l\u00e7\u00fcs\u00fc:P<br \/>\nGeni\u015flik: 4mm<\/p>\n<p>Gururla takman\u0131z i\u00e7in sanatla haz\u0131rlanm\u0131\u015f bu g\u00fczel Brown &amp; Newirth alyans, g\u00fc\u00e7l\u00fc, parlak platinden \u00fcretilmi\u015f ve y\u00fczeye ayn\u0131 hizada duran \u00fc\u00e7 p\u0131rlanta ile i\u015flenmi\u015ftir (g\u00fcnl\u00fck kullan\u0131m i\u00e7in pratik bir y\u00f6ntem). Farkl\u0131 bir alyans i\u00e7in \u015f\u0131k ve dayan\u0131kl\u0131 bir se\u00e7im. Bunu denemek isteyeceksiniz - bu y\u00fczden istedi\u011finiz zaman ma\u011fazaya gelin. Bunu ve di\u011ferlerini g\u00f6stermekten mutluluk duyuyoruz <a href=\"https:\/\/www.purejewels.com\/tr\/product-category\/22ct-gold-jewellery\/gold-rings\/\">halkalar<\/a> Brown &amp; Newirth taraf\u0131ndan Green Street'teki showroomumuzda.<\/p>\n<ul>\n<li>Brown &amp; Newirth, Kuzey Londra merkezli bir m\u00fccevher at\u00f6lyesidir.<\/li>\n<li>\u015eirket, alyanslar\u0131 el i\u015f\u00e7ili\u011fiyle \u00fcretmekten gurur duymaktad\u0131r ve her Brown &amp; Newirth y\u00fcz\u00fc\u011f\u00fc \u00fcretim yolculu\u011fu boyunca en az 12 \u00e7ift elden ge\u00e7mektedir. P\u0131rlantalar \u00f6zenle elle ayarlan\u0131r ve y\u00fcz\u00fckler ma\u011fazam\u0131za gelmeden \u00f6nce cilalan\u0131r ve titizlikle kontrol edilir.<\/li>\n<li>Brown &amp; Newirth'in en yeni par\u00e7alar\u0131n\u0131 ke\u015ffetmek ve neden dolaplar\u0131m\u0131za koymaya de\u011fer olduklar\u0131n\u0131 d\u00fc\u015f\u00fcnd\u00fc\u011f\u00fcm\u00fcz\u00fc \u00f6\u011frenmek i\u00e7in gelin.<\/li>\n<\/ul>","protected":false},"excerpt":{"rendered":"<p>Alyans<\/p>\n<p>Bitirmek: Mat Bitmi\u015f<br \/>\nTa\u015f Ayar\u0131: Yar\u0131-bezel<br \/>\nMetal Platin<br \/>\nParmak \u00d6l\u00e7\u00fcs\u00fc:P<br \/>\nGeni\u015flik: 4mm<\/p>\n<p>Gururla takman\u0131z i\u00e7in sanatla haz\u0131rlanm\u0131\u015f bu g\u00fczel Brown &amp; Newirth alyans, g\u00fc\u00e7l\u00fc, parlak platinden \u00fcretilmi\u015f ve y\u00fczeye ayn\u0131 hizada duran \u00fc\u00e7 p\u0131rlanta ile i\u015flenmi\u015ftir (g\u00fcnl\u00fck kullan\u0131m i\u00e7in pratik bir y\u00f6ntem). Farkl\u0131 bir alyans i\u00e7in \u015f\u0131k ve dayan\u0131kl\u0131 bir se\u00e7im. Bunu denemek isteyeceksiniz - bu y\u00fczden istedi\u011finiz zaman ma\u011fazaya gelin. Bu ve Brown &amp; Newirth'in di\u011fer y\u00fcz\u00fcklerini Green Street'teki showroomumuzda sergilemekten mutluluk duyuyoruz.<\/p>\n<ul>\n<li>Brown &amp; Newirth, Kuzey Londra merkezli bir m\u00fccevher at\u00f6lyesidir.<\/li>\n<li>\u015eirket, alyanslar\u0131 el i\u015f\u00e7ili\u011fiyle \u00fcretmekten gurur duymaktad\u0131r ve her Brown &amp; Newirth y\u00fcz\u00fc\u011f\u00fc \u00fcretim yolculu\u011fu boyunca en az 12 \u00e7ift elden ge\u00e7mektedir. P\u0131rlantalar \u00f6zenle elle ayarlan\u0131r ve y\u00fcz\u00fckler ma\u011fazam\u0131za gelmeden \u00f6nce cilalan\u0131r ve titizlikle kontrol edilir.<\/li>\n<li>Brown &amp; Newirth'in en yeni par\u00e7alar\u0131n\u0131 ke\u015ffetmek ve neden dolaplar\u0131m\u0131za koymaya de\u011fer olduklar\u0131n\u0131 d\u00fc\u015f\u00fcnd\u00fc\u011f\u00fcm\u00fcz\u00fc \u00f6\u011frenmek i\u00e7in gelin.<\/li>\n<\/ul>","protected":false},"featured_media":4121,"comment_status":"closed","ping_status":"closed","template":"","meta":{"_eb_attr":"","_crsspst_to_jayantr4sg-hostcom":false},"product_brand":[],"product_cat":[1660],"product_tag":[],"class_list":{"0":"post-4120","1":"product","2":"type-product","3":"status-publish","4":"has-post-thumbnail","6":"product_cat-newrith-bands","8":"first","9":"outofstock","10":"taxable","11":"shipping-taxable","12":"product-type-simple","13":"add-to-wishlist-before_image"},"yoast_head":"<!-- This site is optimized with the Yoast SEO plugin v27.3 - https:\/\/yoast.com\/product\/yoast-seo-wordpress\/ -->\n<title>Brown and Newirth Wedding Ring With Semi-bezel - PureJewels UK<\/title>\n<meta name=\"robots\" content=\"index, follow, max-snippet:-1, max-image-preview:large, max-video-preview:-1\" \/>\n<link rel=\"canonical\" href=\"https:\/\/www.purejewels.com\/tr\/urun\/kahverengi-ve-newirth-alyans-3\/\" \/>\n<meta property=\"og:locale\" content=\"tr_TR\" \/>\n<meta property=\"og:type\" content=\"article\" \/>\n<meta property=\"og:title\" content=\"Brown and Newirth Wedding Ring With Semi-bezel - PureJewels UK\" \/>\n<meta property=\"og:description\" content=\"Wedding Ring  Finish: Matte Finished Stone Setting: Semi-bezel Metal: Platinum Finger Size:P Width: 4mm  Crafted with artistry for you to wear with pride... this beautiful Brown &amp; Newirth wedding ring is fashioned from strong, glossy platinum and inlaid with three diamonds that lie flush to the surface (a practical method for everyday wear). A stylish, hardwearing choice for a distinctive wedding ring. You&#039;ll want to try this on - so come along to the store any time. We are delighted to show this and other rings by Brown &amp; Newirth in our showroom in Green Street.   Brown &amp; Newirth is a jewellery workshop based in north London.  The company prides itself on hand-crafting wedding rings, and every Brown &amp; Newirth ring will pass through at least 12 pairs of hands on its journey through production. Diamonds are carefully hand-set, and rings and polished and painstakingly checked before they even arrive in our store.  Come in to discover the latest pieces from Brown &amp; Newirth, and find out why we think they&#039;re worth putting in our cabinets.\" \/>\n<meta property=\"og:url\" content=\"https:\/\/www.purejewels.com\/tr\/urun\/kahverengi-ve-newirth-alyans-3\/\" \/>\n<meta property=\"og:site_name\" content=\"PureJewels UK\" \/>\n<meta property=\"article:modified_time\" content=\"2020-11-10T09:56:52+00:00\" \/>\n<meta property=\"og:image\" content=\"https:\/\/www.purejewels.com\/wp-content\/uploads\/2017\/07\/d070_xl-2.jpg\" \/>\n\t<meta property=\"og:image:width\" content=\"960\" \/>\n\t<meta property=\"og:image:height\" content=\"960\" \/>\n\t<meta property=\"og:image:type\" content=\"image\/jpeg\" \/>\n<meta name=\"twitter:card\" content=\"summary_large_image\" \/>\n<meta name=\"twitter:label1\" content=\"Tahmini okuma s\u00fcresi\" \/>\n\t<meta name=\"twitter:data1\" content=\"1 dakika\" \/>\n<script type=\"application\/ld+json\" class=\"yoast-schema-graph\">{\"@context\":\"https:\\\/\\\/schema.org\",\"@graph\":[{\"@type\":[\"WebPage\",\"ItemPage\"],\"@id\":\"https:\\\/\\\/www.purejewels.com\\\/product\\\/brown-and-newirth-wedding-ring-3\\\/\",\"url\":\"https:\\\/\\\/www.purejewels.com\\\/product\\\/brown-and-newirth-wedding-ring-3\\\/\",\"name\":\"Brown and Newirth Wedding Ring With Semi-bezel - PureJewels UK\",\"isPartOf\":{\"@id\":\"https:\\\/\\\/www.purejewels.com\\\/#website\"},\"primaryImageOfPage\":{\"@id\":\"https:\\\/\\\/www.purejewels.com\\\/product\\\/brown-and-newirth-wedding-ring-3\\\/#primaryimage\"},\"image\":{\"@id\":\"https:\\\/\\\/www.purejewels.com\\\/product\\\/brown-and-newirth-wedding-ring-3\\\/#primaryimage\"},\"thumbnailUrl\":\"https:\\\/\\\/static.purejewels.com\\\/wp-content\\\/uploads\\\/2017\\\/07\\\/d070_xl-2.jpg\",\"datePublished\":\"2017-07-19T12:24:43+00:00\",\"dateModified\":\"2020-11-10T09:56:52+00:00\",\"breadcrumb\":{\"@id\":\"https:\\\/\\\/www.purejewels.com\\\/product\\\/brown-and-newirth-wedding-ring-3\\\/#breadcrumb\"},\"inLanguage\":\"tr\",\"potentialAction\":[{\"@type\":\"ReadAction\",\"target\":[\"https:\\\/\\\/www.purejewels.com\\\/product\\\/brown-and-newirth-wedding-ring-3\\\/\"]}]},{\"@type\":\"ImageObject\",\"inLanguage\":\"tr\",\"@id\":\"https:\\\/\\\/www.purejewels.com\\\/product\\\/brown-and-newirth-wedding-ring-3\\\/#primaryimage\",\"url\":\"https:\\\/\\\/static.purejewels.com\\\/wp-content\\\/uploads\\\/2017\\\/07\\\/d070_xl-2.jpg\",\"contentUrl\":\"https:\\\/\\\/static.purejewels.com\\\/wp-content\\\/uploads\\\/2017\\\/07\\\/d070_xl-2.jpg\",\"width\":960,\"height\":960,\"caption\":\"d070_xl.jpg\"},{\"@type\":\"BreadcrumbList\",\"@id\":\"https:\\\/\\\/www.purejewels.com\\\/product\\\/brown-and-newirth-wedding-ring-3\\\/#breadcrumb\",\"itemListElement\":[{\"@type\":\"ListItem\",\"position\":1,\"name\":\"Home\",\"item\":\"https:\\\/\\\/www.purejewels.com\\\/\"},{\"@type\":\"ListItem\",\"position\":2,\"name\":\"Shop\",\"item\":\"https:\\\/\\\/www.purejewels.com\\\/shop\\\/\"},{\"@type\":\"ListItem\",\"position\":3,\"name\":\"Brown and Newirth Wedding Ring With Semi-bezel\"}]},{\"@type\":\"WebSite\",\"@id\":\"https:\\\/\\\/www.purejewels.com\\\/#website\",\"url\":\"https:\\\/\\\/www.purejewels.com\\\/\",\"name\":\"PureJewels UK\",\"description\":\"Share the Love\",\"publisher\":{\"@id\":\"https:\\\/\\\/www.purejewels.com\\\/#organization\"},\"potentialAction\":[{\"@type\":\"SearchAction\",\"target\":{\"@type\":\"EntryPoint\",\"urlTemplate\":\"https:\\\/\\\/www.purejewels.com\\\/?s={search_term_string}\"},\"query-input\":{\"@type\":\"PropertyValueSpecification\",\"valueRequired\":true,\"valueName\":\"search_term_string\"}}],\"inLanguage\":\"tr\"},{\"@type\":\"Organization\",\"@id\":\"https:\\\/\\\/www.purejewels.com\\\/#organization\",\"name\":\"PureJewels UK\",\"url\":\"https:\\\/\\\/www.purejewels.com\\\/\",\"logo\":{\"@type\":\"ImageObject\",\"inLanguage\":\"tr\",\"@id\":\"https:\\\/\\\/www.purejewels.com\\\/#\\\/schema\\\/logo\\\/image\\\/\",\"url\":\"https:\\\/\\\/static.purejewels.com\\\/wp-content\\\/uploads\\\/2020\\\/11\\\/Logo-PJ-New-1.png\",\"contentUrl\":\"https:\\\/\\\/static.purejewels.com\\\/wp-content\\\/uploads\\\/2020\\\/11\\\/Logo-PJ-New-1.png\",\"width\":150,\"height\":80,\"caption\":\"PureJewels UK\"},\"image\":{\"@id\":\"https:\\\/\\\/www.purejewels.com\\\/#\\\/schema\\\/logo\\\/image\\\/\"}}]}<\/script>\n<!-- \/ Yoast SEO plugin. -->","yoast_head_json":{"title":"Yar\u0131 \u00c7er\u00e7eveli Kahverengi ve Newirth Alyans - PureJewels UK","robots":{"index":"index","follow":"follow","max-snippet":"max-snippet:-1","max-image-preview":"max-image-preview:large","max-video-preview":"max-video-preview:-1"},"canonical":"https:\/\/www.purejewels.com\/tr\/urun\/kahverengi-ve-newirth-alyans-3\/","og_locale":"tr_TR","og_type":"article","og_title":"Brown and Newirth Wedding Ring With Semi-bezel - PureJewels UK","og_description":"Wedding Ring  Finish: Matte Finished Stone Setting: Semi-bezel Metal: Platinum Finger Size:P Width: 4mm  Crafted with artistry for you to wear with pride... this beautiful Brown &amp; Newirth wedding ring is fashioned from strong, glossy platinum and inlaid with three diamonds that lie flush to the surface (a practical method for everyday wear). A stylish, hardwearing choice for a distinctive wedding ring. You'll want to try this on - so come along to the store any time. We are delighted to show this and other rings by Brown &amp; Newirth in our showroom in Green Street.   Brown &amp; Newirth is a jewellery workshop based in north London.  The company prides itself on hand-crafting wedding rings, and every Brown &amp; Newirth ring will pass through at least 12 pairs of hands on its journey through production. Diamonds are carefully hand-set, and rings and polished and painstakingly checked before they even arrive in our store.  Come in to discover the latest pieces from Brown &amp; Newirth, and find out why we think they're worth putting in our cabinets.","og_url":"https:\/\/www.purejewels.com\/tr\/urun\/kahverengi-ve-newirth-alyans-3\/","og_site_name":"PureJewels UK","article_modified_time":"2020-11-10T09:56:52+00:00","og_image":[{"width":960,"height":960,"url":"https:\/\/www.purejewels.com\/wp-content\/uploads\/2017\/07\/d070_xl-2.jpg","type":"image\/jpeg"}],"twitter_card":"summary_large_image","twitter_misc":{"Tahmini okuma s\u00fcresi":"1 dakika"},"schema":{"@context":"https:\/\/schema.org","@graph":[{"@type":["WebPage","ItemPage"],"@id":"https:\/\/www.purejewels.com\/product\/brown-and-newirth-wedding-ring-3\/","url":"https:\/\/www.purejewels.com\/product\/brown-and-newirth-wedding-ring-3\/","name":"Yar\u0131 \u00c7er\u00e7eveli Kahverengi ve Newirth Alyans - PureJewels UK","isPartOf":{"@id":"https:\/\/www.purejewels.com\/#website"},"primaryImageOfPage":{"@id":"https:\/\/www.purejewels.com\/product\/brown-and-newirth-wedding-ring-3\/#primaryimage"},"image":{"@id":"https:\/\/www.purejewels.com\/product\/brown-and-newirth-wedding-ring-3\/#primaryimage"},"thumbnailUrl":"https:\/\/static.purejewels.com\/wp-content\/uploads\/2017\/07\/d070_xl-2.jpg","datePublished":"2017-07-19T12:24:43+00:00","dateModified":"2020-11-10T09:56:52+00:00","breadcrumb":{"@id":"https:\/\/www.purejewels.com\/product\/brown-and-newirth-wedding-ring-3\/#breadcrumb"},"inLanguage":"tr","potentialAction":[{"@type":"ReadAction","target":["https:\/\/www.purejewels.com\/product\/brown-and-newirth-wedding-ring-3\/"]}]},{"@type":"ImageObject","inLanguage":"tr","@id":"https:\/\/www.purejewels.com\/product\/brown-and-newirth-wedding-ring-3\/#primaryimage","url":"https:\/\/static.purejewels.com\/wp-content\/uploads\/2017\/07\/d070_xl-2.jpg","contentUrl":"https:\/\/static.purejewels.com\/wp-content\/uploads\/2017\/07\/d070_xl-2.jpg","width":960,"height":960,"caption":"d070_xl.jpg"},{"@type":"BreadcrumbList","@id":"https:\/\/www.purejewels.com\/product\/brown-and-newirth-wedding-ring-3\/#breadcrumb","itemListElement":[{"@type":"ListItem","position":1,"name":"Home","item":"https:\/\/www.purejewels.com\/"},{"@type":"ListItem","position":2,"name":"Shop","item":"https:\/\/www.purejewels.com\/shop\/"},{"@type":"ListItem","position":3,"name":"Brown and Newirth Wedding Ring With Semi-bezel"}]},{"@type":"WebSite","@id":"https:\/\/www.purejewels.com\/#website","url":"https:\/\/www.purejewels.com\/","name":"PureJewels \u0130ngiltere","description":"Sevgiyi Payla\u015f\u0131n","publisher":{"@id":"https:\/\/www.purejewels.com\/#organization"},"potentialAction":[{"@type":"SearchAction","target":{"@type":"EntryPoint","urlTemplate":"https:\/\/www.purejewels.com\/?s={search_term_string}"},"query-input":{"@type":"PropertyValueSpecification","valueRequired":true,"valueName":"search_term_string"}}],"inLanguage":"tr"},{"@type":"Organization","@id":"https:\/\/www.purejewels.com\/#organization","name":"PureJewels \u0130ngiltere","url":"https:\/\/www.purejewels.com\/","logo":{"@type":"ImageObject","inLanguage":"tr","@id":"https:\/\/www.purejewels.com\/#\/schema\/logo\/image\/","url":"https:\/\/static.purejewels.com\/wp-content\/uploads\/2020\/11\/Logo-PJ-New-1.png","contentUrl":"https:\/\/static.purejewels.com\/wp-content\/uploads\/2020\/11\/Logo-PJ-New-1.png","width":150,"height":80,"caption":"PureJewels UK"},"image":{"@id":"https:\/\/www.purejewels.com\/#\/schema\/logo\/image\/"}}]}},"_links":{"self":[{"href":"https:\/\/www.purejewels.com\/tr\/wp-json\/wp\/v2\/product\/4120","targetHints":{"allow":["GET"]}}],"collection":[{"href":"https:\/\/www.purejewels.com\/tr\/wp-json\/wp\/v2\/product"}],"about":[{"href":"https:\/\/www.purejewels.com\/tr\/wp-json\/wp\/v2\/types\/product"}],"replies":[{"embeddable":true,"href":"https:\/\/www.purejewels.com\/tr\/wp-json\/wp\/v2\/comments?post=4120"}],"version-history":[{"count":0,"href":"https:\/\/www.purejewels.com\/tr\/wp-json\/wp\/v2\/product\/4120\/revisions"}],"wp:featuredmedia":[{"embeddable":true,"href":"https:\/\/www.purejewels.com\/tr\/wp-json\/wp\/v2\/media\/4121"}],"wp:attachment":[{"href":"https:\/\/www.purejewels.com\/tr\/wp-json\/wp\/v2\/media?parent=4120"}],"wp:term":[{"taxonomy":"product_brand","embeddable":true,"href":"https:\/\/www.purejewels.com\/tr\/wp-json\/wp\/v2\/product_brand?post=4120"},{"taxonomy":"product_cat","embeddable":true,"href":"https:\/\/www.purejewels.com\/tr\/wp-json\/wp\/v2\/product_cat?post=4120"},{"taxonomy":"product_tag","embeddable":true,"href":"https:\/\/www.purejewels.com\/tr\/wp-json\/wp\/v2\/product_tag?post=4120"}],"curies":[{"name":"wp","href":"https:\/\/api.w.org\/{rel}","templated":true}]}}