{"id":412009,"date":"2025-06-18T10:42:32","date_gmt":"2025-06-18T09:42:32","guid":{"rendered":"https:\/\/www.purejewels.com\/?post_type=product&#038;p=412009"},"modified":"2026-01-07T06:39:02","modified_gmt":"2026-01-07T06:39:02","slug":"22-ayar-altin-tektas-yuzuk-j-beden-51197","status":"publish","type":"product","link":"https:\/\/www.purejewels.com\/tr\/product\/22ct-gold-solitaire-ring-with-cz-size-j-51197\/","title":{"rendered":"22 Ayar Alt\u0131n Tekta\u015f Y\u00fcz\u00fck CZ | J Beden"},"content":{"rendered":"<p>Bu <strong>K\u00fcbik Zirkon Ta\u015fl\u0131 22 Ayar Sar\u0131 Alt\u0131n Tekta\u015f Y\u00fcz\u00fck<\/strong> zamans\u0131z zarafet ve usta i\u015f\u00e7ili\u011fin \u00e7arp\u0131c\u0131 bir birle\u015fimidir. Merkezde, parlakl\u0131\u011f\u0131n\u0131 ve elmas benzeri \u0131\u015f\u0131lt\u0131s\u0131n\u0131 en \u00fcst d\u00fczeye \u00e7\u0131karmak i\u00e7in u\u00e7 uca yerle\u015ftirilmi\u015f, \u0131\u015f\u0131lt\u0131l\u0131 bir tekta\u015f CZ bulunur. Band\u0131 vurgulayan daha k\u00fc\u00e7\u00fck CZ ta\u015flar, y\u00fcz\u00fc\u011f\u00fcn zarif siluetini zenginle\u015ftirerek \u0131\u015f\u0131lt\u0131l\u0131 bir dokunu\u015f kat\u0131yor.<\/p>\n<p>L\u00fcks 22 ayar sar\u0131 alt\u0131ndan el yap\u0131m\u0131 olarak \u00fcretilen bu y\u00fcz\u00fck, geleneksellik ile modern sofistikeli\u011fi dengeler. S\u00f6z y\u00fcz\u00fc\u011f\u00fc, ni\u015fan m\u00fccevheri veya zarif bir aksesuar olarak m\u00fckemmel olan bu y\u00fcz\u00fck, hem g\u00fcnl\u00fck kullan\u0131m hem de \u00f6zel g\u00fcnler i\u00e7in yeterince \u00e7ok y\u00f6nl\u00fcd\u00fcr.<\/p>\n<p>PureJewels m\u00fccevherlerinin her bir par\u00e7as\u0131 <strong>Londra Tahlil Ofisi<\/strong>Orijinalli\u011fi ve safl\u0131\u011f\u0131 garantilenen ve bize \u00f6zel l\u00fcks ambalaj\u0131nda sunulan bu \u00fcr\u00fcn, ideal bir hediye ya da ki\u015fisel koleksiyonunuza yadig\u00e2r bir katk\u0131d\u0131r.<\/p>","protected":false},"excerpt":{"rendered":"<p>Bu zarif tasar\u0131mla tarz\u0131n\u0131z\u0131 y\u00fckseltin <strong>K\u00fcbik Zirkon Ta\u015fl\u0131 22 Ayar Sar\u0131 Alt\u0131n Tekta\u015f Y\u00fcz\u00fck<\/strong>Zamans\u0131z g\u00fczelli\u011fi \u00e7a\u011fda\u015f bir yakla\u015f\u0131mla yakalamak i\u00e7in tasarland\u0131. Y\u00fcz\u00fck, parlakl\u0131\u011f\u0131n\u0131 vurgulamak i\u00e7in ustal\u0131kla monte edilmi\u015f, bant boyunca \u0131\u015f\u0131lt\u0131l\u0131 CZ aksanlarla tamamlanan \u0131\u015f\u0131lt\u0131l\u0131 bir tekta\u015f CZ sergiliyor.<\/p>\n<p><strong>Malzeme:<\/strong>\u00a022 Ayar Alt\u0131n<br \/>\n<strong>Hallmark:<\/strong>\u00a0\u0130ngiliz Damgas\u0131<strong><br \/>\n<\/strong><strong>Br\u00fct A\u011f\u0131rl\u0131k: <\/strong>2.56 Gms<br \/>\n<strong>Boyut:<\/strong> J<br \/>\n<strong>SKU<\/strong>: 51197<\/p>\n<p><strong>Fiyat ve Teslimat<\/strong>: KDV ve teslimat \u00fccretleri dahil<br \/>\n<a href=\"https:\/\/www.purejewels.com\/tr\/i%cc%87ade-poli%cc%87ti%cc%87kasi\/\">\u0130ade Politikas\u0131<\/a><\/p>","protected":false},"featured_media":407646,"comment_status":"closed","ping_status":"closed","template":"","meta":{"_eb_attr":"","_crsspst_to_jayantr4sg-hostcom":true},"product_brand":[],"product_cat":[1791,1559,6152,1785,1235,5343,1783,5347,1786,5338,6042,1569,1573,1574,5349],"product_tag":[64],"class_list":{"0":"post-412009","1":"product","2":"type-product","3":"status-publish","4":"has-post-thumbnail","6":"product_cat-anniversary-gifts","7":"product_cat-birthday-gifts","8":"product_cat-cubic-zirconia-rings","9":"product_cat-daily-wear-rings","10":"product_cat-gold-rings","11":"product_cat-jewellery-under-550","12":"product_cat-ladies-rings","13":"product_cat-shop-by-metal","14":"product_cat-occasional-wear-rings","15":"product_cat-shop-by-price","16":"product_cat-solitaire-ring","17":"product_cat-valentine-day-gifts","18":"product_cat-wedding-gifts","19":"product_cat-womens-jewellery","20":"product_cat-yellow-gold-jewellery","21":"product_tag-rings","23":"first","24":"outofstock","25":"taxable","26":"shipping-taxable","27":"product-type-simple","28":"add-to-wishlist-before_image"},"yoast_head":"<!-- This site is optimized with the Yoast SEO plugin v27.5 - https:\/\/yoast.com\/product\/yoast-seo-wordpress\/ -->\n<title>22ct Yellow Gold Solitaire CZ Ring | PureJewels London<\/title>\n<meta name=\"description\" content=\"Shop the 22ct Yellow Gold Solitaire CZ Ring at PureJewels. Featuring a radiant solitaire cubic zirconia with accent stones, crafted in hallmarked gold.\" \/>\n<meta name=\"robots\" content=\"index, follow, max-snippet:-1, max-image-preview:large, max-video-preview:-1\" \/>\n<link rel=\"canonical\" href=\"https:\/\/www.purejewels.com\/tr\/urun\/22-ayar-altin-tektas-yuzuk-j-beden-51197\/\" \/>\n<meta property=\"og:locale\" content=\"tr_TR\" \/>\n<meta property=\"og:type\" content=\"article\" \/>\n<meta property=\"og:title\" content=\"22ct Yellow Gold Solitaire CZ Ring | PureJewels London\" \/>\n<meta property=\"og:description\" content=\"Shop the 22ct Yellow Gold Solitaire CZ Ring at PureJewels. Featuring a radiant solitaire cubic zirconia with accent stones, crafted in hallmarked gold.\" \/>\n<meta property=\"og:url\" content=\"https:\/\/www.purejewels.com\/tr\/urun\/22-ayar-altin-tektas-yuzuk-j-beden-51197\/\" \/>\n<meta property=\"og:site_name\" content=\"PureJewels UK\" \/>\n<meta property=\"article:modified_time\" content=\"2026-01-07T06:39:02+00:00\" \/>\n<meta property=\"og:image\" content=\"https:\/\/www.purejewels.com\/wp-content\/uploads\/2025\/07\/SKU-51777.jpg\" \/>\n\t<meta property=\"og:image:width\" content=\"1000\" \/>\n\t<meta property=\"og:image:height\" content=\"1000\" \/>\n\t<meta property=\"og:image:type\" content=\"image\/jpeg\" \/>\n<meta name=\"twitter:card\" content=\"summary_large_image\" \/>\n<meta name=\"twitter:label1\" content=\"Tahmini okuma s\u00fcresi\" \/>\n\t<meta name=\"twitter:data1\" content=\"1 dakika\" \/>\n<script type=\"application\/ld+json\" class=\"yoast-schema-graph\">{\"@context\":\"https:\\\/\\\/schema.org\",\"@graph\":[{\"@type\":[\"WebPage\",\"ItemPage\"],\"@id\":\"https:\\\/\\\/www.purejewels.com\\\/product\\\/22ct-gold-solitaire-ring-with-cz-size-j-51197\\\/\",\"url\":\"https:\\\/\\\/www.purejewels.com\\\/product\\\/22ct-gold-solitaire-ring-with-cz-size-j-51197\\\/\",\"name\":\"22ct Yellow Gold Solitaire CZ Ring | PureJewels London\",\"isPartOf\":{\"@id\":\"https:\\\/\\\/www.purejewels.com\\\/#website\"},\"primaryImageOfPage\":{\"@id\":\"https:\\\/\\\/www.purejewels.com\\\/product\\\/22ct-gold-solitaire-ring-with-cz-size-j-51197\\\/#primaryimage\"},\"image\":{\"@id\":\"https:\\\/\\\/www.purejewels.com\\\/product\\\/22ct-gold-solitaire-ring-with-cz-size-j-51197\\\/#primaryimage\"},\"thumbnailUrl\":\"https:\\\/\\\/static.purejewels.com\\\/wp-content\\\/uploads\\\/2025\\\/07\\\/SKU-51777.jpg\",\"datePublished\":\"2025-06-18T09:42:32+00:00\",\"dateModified\":\"2026-01-07T06:39:02+00:00\",\"description\":\"Shop the 22ct Yellow Gold Solitaire CZ Ring at PureJewels. Featuring a radiant solitaire cubic zirconia with accent stones, crafted in hallmarked gold.\",\"breadcrumb\":{\"@id\":\"https:\\\/\\\/www.purejewels.com\\\/product\\\/22ct-gold-solitaire-ring-with-cz-size-j-51197\\\/#breadcrumb\"},\"inLanguage\":\"tr\",\"potentialAction\":[{\"@type\":\"ReadAction\",\"target\":[\"https:\\\/\\\/www.purejewels.com\\\/product\\\/22ct-gold-solitaire-ring-with-cz-size-j-51197\\\/\"]}]},{\"@type\":\"ImageObject\",\"inLanguage\":\"tr\",\"@id\":\"https:\\\/\\\/www.purejewels.com\\\/product\\\/22ct-gold-solitaire-ring-with-cz-size-j-51197\\\/#primaryimage\",\"url\":\"https:\\\/\\\/static.purejewels.com\\\/wp-content\\\/uploads\\\/2025\\\/07\\\/SKU-51777.jpg\",\"contentUrl\":\"https:\\\/\\\/static.purejewels.com\\\/wp-content\\\/uploads\\\/2025\\\/07\\\/SKU-51777.jpg\",\"width\":1000,\"height\":1000,\"caption\":\"Stacked from 5 images. Method=B (R=8,S=4)\"},{\"@type\":\"BreadcrumbList\",\"@id\":\"https:\\\/\\\/www.purejewels.com\\\/product\\\/22ct-gold-solitaire-ring-with-cz-size-j-51197\\\/#breadcrumb\",\"itemListElement\":[{\"@type\":\"ListItem\",\"position\":1,\"name\":\"Home\",\"item\":\"https:\\\/\\\/www.purejewels.com\\\/\"},{\"@type\":\"ListItem\",\"position\":2,\"name\":\"Shop\",\"item\":\"https:\\\/\\\/www.purejewels.com\\\/shop\\\/\"},{\"@type\":\"ListItem\",\"position\":3,\"name\":\"22ct Gold Solitaire Ring with CZ | Size J\"}]},{\"@type\":\"WebSite\",\"@id\":\"https:\\\/\\\/www.purejewels.com\\\/#website\",\"url\":\"https:\\\/\\\/www.purejewels.com\\\/\",\"name\":\"PureJewels UK\",\"description\":\"Share the Love\",\"publisher\":{\"@id\":\"https:\\\/\\\/www.purejewels.com\\\/#organization\"},\"potentialAction\":[{\"@type\":\"SearchAction\",\"target\":{\"@type\":\"EntryPoint\",\"urlTemplate\":\"https:\\\/\\\/www.purejewels.com\\\/?s={search_term_string}\"},\"query-input\":{\"@type\":\"PropertyValueSpecification\",\"valueRequired\":true,\"valueName\":\"search_term_string\"}}],\"inLanguage\":\"tr\"},{\"@type\":\"Organization\",\"@id\":\"https:\\\/\\\/www.purejewels.com\\\/#organization\",\"name\":\"PureJewels UK\",\"url\":\"https:\\\/\\\/www.purejewels.com\\\/\",\"logo\":{\"@type\":\"ImageObject\",\"inLanguage\":\"tr\",\"@id\":\"https:\\\/\\\/www.purejewels.com\\\/#\\\/schema\\\/logo\\\/image\\\/\",\"url\":\"https:\\\/\\\/static.purejewels.com\\\/wp-content\\\/uploads\\\/2020\\\/11\\\/Logo-PJ-New-1.png\",\"contentUrl\":\"https:\\\/\\\/static.purejewels.com\\\/wp-content\\\/uploads\\\/2020\\\/11\\\/Logo-PJ-New-1.png\",\"width\":150,\"height\":80,\"caption\":\"PureJewels UK\"},\"image\":{\"@id\":\"https:\\\/\\\/www.purejewels.com\\\/#\\\/schema\\\/logo\\\/image\\\/\"}}]}<\/script>\n<!-- \/ Yoast SEO plugin. -->","yoast_head_json":{"title":"22 Ayar Sar\u0131 Alt\u0131n Tekta\u015f CZ Y\u00fcz\u00fck | PureJewels London","description":"PureJewels'te 22 Ayar Sar\u0131 Alt\u0131n Tekta\u015f CZ Y\u00fcz\u00fck sat\u0131n al\u0131n. Damgal\u0131 alt\u0131ndan \u00fcretilmi\u015f, vurgulu ta\u015flara sahip \u0131\u015f\u0131lt\u0131l\u0131 bir tekta\u015f k\u00fcbik zirkonya i\u00e7erir.","robots":{"index":"index","follow":"follow","max-snippet":"max-snippet:-1","max-image-preview":"max-image-preview:large","max-video-preview":"max-video-preview:-1"},"canonical":"https:\/\/www.purejewels.com\/tr\/urun\/22-ayar-altin-tektas-yuzuk-j-beden-51197\/","og_locale":"tr_TR","og_type":"article","og_title":"22ct Yellow Gold Solitaire CZ Ring | PureJewels London","og_description":"Shop the 22ct Yellow Gold Solitaire CZ Ring at PureJewels. Featuring a radiant solitaire cubic zirconia with accent stones, crafted in hallmarked gold.","og_url":"https:\/\/www.purejewels.com\/tr\/urun\/22-ayar-altin-tektas-yuzuk-j-beden-51197\/","og_site_name":"PureJewels UK","article_modified_time":"2026-01-07T06:39:02+00:00","og_image":[{"width":1000,"height":1000,"url":"https:\/\/www.purejewels.com\/wp-content\/uploads\/2025\/07\/SKU-51777.jpg","type":"image\/jpeg"}],"twitter_card":"summary_large_image","twitter_misc":{"Tahmini okuma s\u00fcresi":"1 dakika"},"schema":{"@context":"https:\/\/schema.org","@graph":[{"@type":["WebPage","ItemPage"],"@id":"https:\/\/www.purejewels.com\/product\/22ct-gold-solitaire-ring-with-cz-size-j-51197\/","url":"https:\/\/www.purejewels.com\/product\/22ct-gold-solitaire-ring-with-cz-size-j-51197\/","name":"22 Ayar Sar\u0131 Alt\u0131n Tekta\u015f CZ Y\u00fcz\u00fck | PureJewels London","isPartOf":{"@id":"https:\/\/www.purejewels.com\/#website"},"primaryImageOfPage":{"@id":"https:\/\/www.purejewels.com\/product\/22ct-gold-solitaire-ring-with-cz-size-j-51197\/#primaryimage"},"image":{"@id":"https:\/\/www.purejewels.com\/product\/22ct-gold-solitaire-ring-with-cz-size-j-51197\/#primaryimage"},"thumbnailUrl":"https:\/\/static.purejewels.com\/wp-content\/uploads\/2025\/07\/SKU-51777.jpg","datePublished":"2025-06-18T09:42:32+00:00","dateModified":"2026-01-07T06:39:02+00:00","description":"PureJewels'te 22 Ayar Sar\u0131 Alt\u0131n Tekta\u015f CZ Y\u00fcz\u00fck sat\u0131n al\u0131n. Damgal\u0131 alt\u0131ndan \u00fcretilmi\u015f, vurgulu ta\u015flara sahip \u0131\u015f\u0131lt\u0131l\u0131 bir tekta\u015f k\u00fcbik zirkonya i\u00e7erir.","breadcrumb":{"@id":"https:\/\/www.purejewels.com\/product\/22ct-gold-solitaire-ring-with-cz-size-j-51197\/#breadcrumb"},"inLanguage":"tr","potentialAction":[{"@type":"ReadAction","target":["https:\/\/www.purejewels.com\/product\/22ct-gold-solitaire-ring-with-cz-size-j-51197\/"]}]},{"@type":"ImageObject","inLanguage":"tr","@id":"https:\/\/www.purejewels.com\/product\/22ct-gold-solitaire-ring-with-cz-size-j-51197\/#primaryimage","url":"https:\/\/static.purejewels.com\/wp-content\/uploads\/2025\/07\/SKU-51777.jpg","contentUrl":"https:\/\/static.purejewels.com\/wp-content\/uploads\/2025\/07\/SKU-51777.jpg","width":1000,"height":1000,"caption":"Stacked from 5 images. Method=B (R=8,S=4)"},{"@type":"BreadcrumbList","@id":"https:\/\/www.purejewels.com\/product\/22ct-gold-solitaire-ring-with-cz-size-j-51197\/#breadcrumb","itemListElement":[{"@type":"ListItem","position":1,"name":"Home","item":"https:\/\/www.purejewels.com\/"},{"@type":"ListItem","position":2,"name":"Shop","item":"https:\/\/www.purejewels.com\/shop\/"},{"@type":"ListItem","position":3,"name":"22ct Gold Solitaire Ring with CZ | Size J"}]},{"@type":"WebSite","@id":"https:\/\/www.purejewels.com\/#website","url":"https:\/\/www.purejewels.com\/","name":"PureJewels \u0130ngiltere","description":"Sevgiyi Payla\u015f\u0131n","publisher":{"@id":"https:\/\/www.purejewels.com\/#organization"},"potentialAction":[{"@type":"SearchAction","target":{"@type":"EntryPoint","urlTemplate":"https:\/\/www.purejewels.com\/?s={search_term_string}"},"query-input":{"@type":"PropertyValueSpecification","valueRequired":true,"valueName":"search_term_string"}}],"inLanguage":"tr"},{"@type":"Organization","@id":"https:\/\/www.purejewels.com\/#organization","name":"PureJewels \u0130ngiltere","url":"https:\/\/www.purejewels.com\/","logo":{"@type":"ImageObject","inLanguage":"tr","@id":"https:\/\/www.purejewels.com\/#\/schema\/logo\/image\/","url":"https:\/\/static.purejewels.com\/wp-content\/uploads\/2020\/11\/Logo-PJ-New-1.png","contentUrl":"https:\/\/static.purejewels.com\/wp-content\/uploads\/2020\/11\/Logo-PJ-New-1.png","width":150,"height":80,"caption":"PureJewels UK"},"image":{"@id":"https:\/\/www.purejewels.com\/#\/schema\/logo\/image\/"}}]}},"_links":{"self":[{"href":"https:\/\/www.purejewels.com\/tr\/wp-json\/wp\/v2\/product\/412009","targetHints":{"allow":["GET"]}}],"collection":[{"href":"https:\/\/www.purejewels.com\/tr\/wp-json\/wp\/v2\/product"}],"about":[{"href":"https:\/\/www.purejewels.com\/tr\/wp-json\/wp\/v2\/types\/product"}],"replies":[{"embeddable":true,"href":"https:\/\/www.purejewels.com\/tr\/wp-json\/wp\/v2\/comments?post=412009"}],"version-history":[{"count":1,"href":"https:\/\/www.purejewels.com\/tr\/wp-json\/wp\/v2\/product\/412009\/revisions"}],"predecessor-version":[{"id":412010,"href":"https:\/\/www.purejewels.com\/tr\/wp-json\/wp\/v2\/product\/412009\/revisions\/412010"}],"wp:featuredmedia":[{"embeddable":true,"href":"https:\/\/www.purejewels.com\/tr\/wp-json\/wp\/v2\/media\/407646"}],"wp:attachment":[{"href":"https:\/\/www.purejewels.com\/tr\/wp-json\/wp\/v2\/media?parent=412009"}],"wp:term":[{"taxonomy":"product_brand","embeddable":true,"href":"https:\/\/www.purejewels.com\/tr\/wp-json\/wp\/v2\/product_brand?post=412009"},{"taxonomy":"product_cat","embeddable":true,"href":"https:\/\/www.purejewels.com\/tr\/wp-json\/wp\/v2\/product_cat?post=412009"},{"taxonomy":"product_tag","embeddable":true,"href":"https:\/\/www.purejewels.com\/tr\/wp-json\/wp\/v2\/product_tag?post=412009"}],"curies":[{"name":"wp","href":"https:\/\/api.w.org\/{rel}","templated":true}]}}