{"id":412025,"date":"2025-07-18T12:56:01","date_gmt":"2025-07-18T11:56:01","guid":{"rendered":"https:\/\/www.purejewels.com\/?post_type=product&#038;p=412025"},"modified":"2026-01-06T07:30:23","modified_gmt":"2026-01-06T07:30:23","slug":"kutsal-akis-om-kolye-ucu","status":"publish","type":"product","link":"https:\/\/www.purejewels.com\/tr\/product\/sacred-flow-om-pendant\/","title":{"rendered":"Kutsal Ak\u0131\u015f Om Kolye Ucu"},"content":{"rendered":"<p>Bu <strong data-start=\"534\" data-end=\"560\">Kutsal Ak\u0131\u015f Om Kolye Ucu<\/strong> el yap\u0131m\u0131, inan\u00e7 ve sanat\u0131n rafine bir ifadesidir. <strong data-start=\"623\" data-end=\"643\">22 ayar sar\u0131 alt\u0131n<\/strong> a\u011f\u0131rl\u0131\u011f\u0131 ile <strong data-start=\"661\" data-end=\"674\">1,9 gram<\/strong>. \u0130\u00e7 uyumun ve ruhani ba\u011flant\u0131n\u0131n zamans\u0131z sembol\u00fc Om, burada hem sadeli\u011fi hem de derinli\u011fi yans\u0131tan p\u00fcr\u00fczs\u00fcz, ak\u0131c\u0131 k\u0131vr\u0131mlarla \u015fekillendirilmi\u015ftir. I\u015f\u0131lt\u0131l\u0131 bir cilaya sahip olan bu kolye ucu, s\u0131cakl\u0131k ve ba\u011fl\u0131l\u0131k yayarak g\u00fcnl\u00fck kullan\u0131m\u0131n yan\u0131 s\u0131ra t\u00f6rensel durumlar i\u00e7in de uygundur.<\/p>\n<p>Hafif tasar\u0131m\u0131 rahatl\u0131k sa\u011flarken, evrensel sembolizmi onu sevdikleriniz i\u00e7in d\u00fc\u015f\u00fcnceli bir hediye haline getirir. Kal\u0131c\u0131 bir hat\u0131ra olan bu kolye ucu, el i\u015f\u00e7ili\u011fini manevi anlamla birle\u015ftiriyor.<\/p>","protected":false},"excerpt":{"rendered":"<p data-start=\"45\" data-end=\"265\">Bu <strong data-start=\"152\" data-end=\"178\">Kutsal Ak\u0131\u015f Om Kolye Ucu<\/strong>, \u0131\u015f\u0131lt\u0131l\u0131 kuma\u015ftan \u00fcretilmi\u015f <strong data-start=\"199\" data-end=\"219\">22 ayar sar\u0131 alt\u0131n<\/strong> ve tart\u0131m <strong data-start=\"233\" data-end=\"241\">1.9g<\/strong>huzur, maneviyat ve ba\u011fl\u0131l\u0131\u011f\u0131 temsil eder. Ak\u0131c\u0131 tasar\u0131m\u0131, sonsuz Om'un \u00f6z\u00fcn\u00fc yakalayarak onu g\u00fcnl\u00fck kullan\u0131m veya hediye i\u00e7in anlaml\u0131 bir par\u00e7a haline getirir. Hafif ancak g\u00fc\u00e7l\u00fc bir sembolizme sahip olan bu par\u00e7a, ince alt\u0131n zincirle zarif bir \u015fekilde e\u015fle\u015fir.<\/p>\n<p><strong>Malzeme:<\/strong>\u00a022 Ayar Alt\u0131n<strong><br \/>\nSafl\u0131k: <\/strong>91.6% saf<strong><br \/>\nHallmark:\u00a0<\/strong>\u0130ngiliz Damgas\u0131<strong><br \/>\n<\/strong><strong>Br\u00fct A\u011f\u0131rl\u0131k: <\/strong>1.90 Gms<strong><br \/>\nSKU: <\/strong>51820<\/p>\n<p><strong>Fiyat ve Teslimat: <\/strong>Zincir fiyat\u0131 dahil de\u011fildir, KDV ve teslimat \u00fccretleri dahildir<strong><br \/>\n<a href=\"https:\/\/www.purejewels.com\/tr\/i%cc%87ade-poli%cc%87ti%cc%87kasi\/\">\u0130ade Politikas\u0131<\/a><\/strong><\/p>","protected":false},"featured_media":412027,"comment_status":"closed","ping_status":"closed","template":"","meta":{"_eb_attr":"","_crsspst_to_jayantr4sg-hostcom":true},"product_brand":[],"product_cat":[1576,1793,1571,1790,1229,1255,5343,1767,1572,1768,5600,5338,1701,5349],"product_tag":[],"class_list":{"0":"post-412025","1":"product","2":"type-product","3":"status-publish","4":"has-post-thumbnail","6":"product_cat-childrens-jewellery","7":"product_cat-diwali-gifts","8":"product_cat-fathers-day-gifts","9":"product_cat-for-whom-when","10":"product_cat-22ct-gold-jewellery","11":"product_cat-gold-pendants","12":"product_cat-jewellery-under-550","13":"product_cat-ladies-pendants","14":"product_cat-mens-jewellery","15":"product_cat-mens-pendants","16":"product_cat-om-pendants","17":"product_cat-shop-by-price","18":"product_cat-religious-pendants","19":"product_cat-yellow-gold-jewellery","21":"first","22":"outofstock","23":"sale","24":"taxable","25":"shipping-taxable","26":"product-type-simple","27":"add-to-wishlist-before_image"},"yoast_head":"<!-- This site is optimized with the Yoast SEO plugin v27.5 - https:\/\/yoast.com\/product\/yoast-seo-wordpress\/ -->\n<title>Sacred Flow 22ct Gold Om Pendant | PureJewels UK<\/title>\n<meta name=\"description\" content=\"Shop the Sacred Flow Om Pendant from PureJewels. Handcrafted in 22ct yellow gold and weighing 1.9g, this pendant features a flowing Om design.\" \/>\n<meta name=\"robots\" content=\"index, follow, max-snippet:-1, max-image-preview:large, max-video-preview:-1\" \/>\n<link rel=\"canonical\" href=\"https:\/\/www.purejewels.com\/tr\/urun\/kutsal-akis-om-kolye-ucu\/\" \/>\n<meta property=\"og:locale\" content=\"tr_TR\" \/>\n<meta property=\"og:type\" content=\"article\" \/>\n<meta property=\"og:title\" content=\"Sacred Flow 22ct Gold Om Pendant | PureJewels UK\" \/>\n<meta property=\"og:description\" content=\"Shop the Sacred Flow Om Pendant from PureJewels. Handcrafted in 22ct yellow gold and weighing 1.9g, this pendant features a flowing Om design.\" \/>\n<meta property=\"og:url\" content=\"https:\/\/www.purejewels.com\/tr\/urun\/kutsal-akis-om-kolye-ucu\/\" \/>\n<meta property=\"og:site_name\" content=\"PureJewels UK\" \/>\n<meta property=\"article:modified_time\" content=\"2026-01-06T07:30:23+00:00\" \/>\n<meta property=\"og:image\" content=\"https:\/\/www.purejewels.com\/wp-content\/uploads\/2025\/07\/SKU-51820.jpg\" \/>\n\t<meta property=\"og:image:width\" content=\"1000\" \/>\n\t<meta property=\"og:image:height\" content=\"1000\" \/>\n\t<meta property=\"og:image:type\" content=\"image\/jpeg\" \/>\n<meta name=\"twitter:card\" content=\"summary_large_image\" \/>\n<script type=\"application\/ld+json\" class=\"yoast-schema-graph\">{\"@context\":\"https:\\\/\\\/schema.org\",\"@graph\":[{\"@type\":[\"WebPage\",\"ItemPage\"],\"@id\":\"https:\\\/\\\/www.purejewels.com\\\/product\\\/sacred-flow-om-pendant\\\/\",\"url\":\"https:\\\/\\\/www.purejewels.com\\\/product\\\/sacred-flow-om-pendant\\\/\",\"name\":\"Sacred Flow 22ct Gold Om Pendant | PureJewels UK\",\"isPartOf\":{\"@id\":\"https:\\\/\\\/www.purejewels.com\\\/#website\"},\"primaryImageOfPage\":{\"@id\":\"https:\\\/\\\/www.purejewels.com\\\/product\\\/sacred-flow-om-pendant\\\/#primaryimage\"},\"image\":{\"@id\":\"https:\\\/\\\/www.purejewels.com\\\/product\\\/sacred-flow-om-pendant\\\/#primaryimage\"},\"thumbnailUrl\":\"https:\\\/\\\/static.purejewels.com\\\/wp-content\\\/uploads\\\/2025\\\/07\\\/SKU-51820.jpg\",\"datePublished\":\"2025-07-18T11:56:01+00:00\",\"dateModified\":\"2026-01-06T07:30:23+00:00\",\"description\":\"Shop the Sacred Flow Om Pendant from PureJewels. Handcrafted in 22ct yellow gold and weighing 1.9g, this pendant features a flowing Om design.\",\"breadcrumb\":{\"@id\":\"https:\\\/\\\/www.purejewels.com\\\/product\\\/sacred-flow-om-pendant\\\/#breadcrumb\"},\"inLanguage\":\"tr\",\"potentialAction\":[{\"@type\":\"ReadAction\",\"target\":[\"https:\\\/\\\/www.purejewels.com\\\/product\\\/sacred-flow-om-pendant\\\/\"]}]},{\"@type\":\"ImageObject\",\"inLanguage\":\"tr\",\"@id\":\"https:\\\/\\\/www.purejewels.com\\\/product\\\/sacred-flow-om-pendant\\\/#primaryimage\",\"url\":\"https:\\\/\\\/static.purejewels.com\\\/wp-content\\\/uploads\\\/2025\\\/07\\\/SKU-51820.jpg\",\"contentUrl\":\"https:\\\/\\\/static.purejewels.com\\\/wp-content\\\/uploads\\\/2025\\\/07\\\/SKU-51820.jpg\",\"width\":1000,\"height\":1000,\"caption\":\"Sacred Flow Om Pendant\"},{\"@type\":\"BreadcrumbList\",\"@id\":\"https:\\\/\\\/www.purejewels.com\\\/product\\\/sacred-flow-om-pendant\\\/#breadcrumb\",\"itemListElement\":[{\"@type\":\"ListItem\",\"position\":1,\"name\":\"Home\",\"item\":\"https:\\\/\\\/www.purejewels.com\\\/\"},{\"@type\":\"ListItem\",\"position\":2,\"name\":\"Shop\",\"item\":\"https:\\\/\\\/www.purejewels.com\\\/shop\\\/\"},{\"@type\":\"ListItem\",\"position\":3,\"name\":\"Sacred Flow Om Pendant\"}]},{\"@type\":\"WebSite\",\"@id\":\"https:\\\/\\\/www.purejewels.com\\\/#website\",\"url\":\"https:\\\/\\\/www.purejewels.com\\\/\",\"name\":\"PureJewels UK\",\"description\":\"Share the Love\",\"publisher\":{\"@id\":\"https:\\\/\\\/www.purejewels.com\\\/#organization\"},\"potentialAction\":[{\"@type\":\"SearchAction\",\"target\":{\"@type\":\"EntryPoint\",\"urlTemplate\":\"https:\\\/\\\/www.purejewels.com\\\/?s={search_term_string}\"},\"query-input\":{\"@type\":\"PropertyValueSpecification\",\"valueRequired\":true,\"valueName\":\"search_term_string\"}}],\"inLanguage\":\"tr\"},{\"@type\":\"Organization\",\"@id\":\"https:\\\/\\\/www.purejewels.com\\\/#organization\",\"name\":\"PureJewels UK\",\"url\":\"https:\\\/\\\/www.purejewels.com\\\/\",\"logo\":{\"@type\":\"ImageObject\",\"inLanguage\":\"tr\",\"@id\":\"https:\\\/\\\/www.purejewels.com\\\/#\\\/schema\\\/logo\\\/image\\\/\",\"url\":\"https:\\\/\\\/static.purejewels.com\\\/wp-content\\\/uploads\\\/2020\\\/11\\\/Logo-PJ-New-1.png\",\"contentUrl\":\"https:\\\/\\\/static.purejewels.com\\\/wp-content\\\/uploads\\\/2020\\\/11\\\/Logo-PJ-New-1.png\",\"width\":150,\"height\":80,\"caption\":\"PureJewels UK\"},\"image\":{\"@id\":\"https:\\\/\\\/www.purejewels.com\\\/#\\\/schema\\\/logo\\\/image\\\/\"}}]}<\/script>\n<!-- \/ Yoast SEO plugin. -->","yoast_head_json":{"title":"Sacred Flow 22ct Alt\u0131n Om Kolye Ucu | PureJewels UK","description":"PureJewels'ten Kutsal Ak\u0131\u015f Om Kolyesini sat\u0131n al\u0131n. 22 ayar sar\u0131 alt\u0131ndan el yap\u0131m\u0131 ve 1,9 g a\u011f\u0131rl\u0131\u011f\u0131ndaki bu kolye ucunda akan bir Om tasar\u0131m\u0131 bulunuyor.","robots":{"index":"index","follow":"follow","max-snippet":"max-snippet:-1","max-image-preview":"max-image-preview:large","max-video-preview":"max-video-preview:-1"},"canonical":"https:\/\/www.purejewels.com\/tr\/urun\/kutsal-akis-om-kolye-ucu\/","og_locale":"tr_TR","og_type":"article","og_title":"Sacred Flow 22ct Gold Om Pendant | PureJewels UK","og_description":"Shop the Sacred Flow Om Pendant from PureJewels. Handcrafted in 22ct yellow gold and weighing 1.9g, this pendant features a flowing Om design.","og_url":"https:\/\/www.purejewels.com\/tr\/urun\/kutsal-akis-om-kolye-ucu\/","og_site_name":"PureJewels UK","article_modified_time":"2026-01-06T07:30:23+00:00","og_image":[{"width":1000,"height":1000,"url":"https:\/\/www.purejewels.com\/wp-content\/uploads\/2025\/07\/SKU-51820.jpg","type":"image\/jpeg"}],"twitter_card":"summary_large_image","schema":{"@context":"https:\/\/schema.org","@graph":[{"@type":["WebPage","ItemPage"],"@id":"https:\/\/www.purejewels.com\/product\/sacred-flow-om-pendant\/","url":"https:\/\/www.purejewels.com\/product\/sacred-flow-om-pendant\/","name":"Sacred Flow 22ct Alt\u0131n Om Kolye Ucu | PureJewels UK","isPartOf":{"@id":"https:\/\/www.purejewels.com\/#website"},"primaryImageOfPage":{"@id":"https:\/\/www.purejewels.com\/product\/sacred-flow-om-pendant\/#primaryimage"},"image":{"@id":"https:\/\/www.purejewels.com\/product\/sacred-flow-om-pendant\/#primaryimage"},"thumbnailUrl":"https:\/\/static.purejewels.com\/wp-content\/uploads\/2025\/07\/SKU-51820.jpg","datePublished":"2025-07-18T11:56:01+00:00","dateModified":"2026-01-06T07:30:23+00:00","description":"PureJewels'ten Kutsal Ak\u0131\u015f Om Kolyesini sat\u0131n al\u0131n. 22 ayar sar\u0131 alt\u0131ndan el yap\u0131m\u0131 ve 1,9 g a\u011f\u0131rl\u0131\u011f\u0131ndaki bu kolye ucunda akan bir Om tasar\u0131m\u0131 bulunuyor.","breadcrumb":{"@id":"https:\/\/www.purejewels.com\/product\/sacred-flow-om-pendant\/#breadcrumb"},"inLanguage":"tr","potentialAction":[{"@type":"ReadAction","target":["https:\/\/www.purejewels.com\/product\/sacred-flow-om-pendant\/"]}]},{"@type":"ImageObject","inLanguage":"tr","@id":"https:\/\/www.purejewels.com\/product\/sacred-flow-om-pendant\/#primaryimage","url":"https:\/\/static.purejewels.com\/wp-content\/uploads\/2025\/07\/SKU-51820.jpg","contentUrl":"https:\/\/static.purejewels.com\/wp-content\/uploads\/2025\/07\/SKU-51820.jpg","width":1000,"height":1000,"caption":"Sacred Flow Om Pendant"},{"@type":"BreadcrumbList","@id":"https:\/\/www.purejewels.com\/product\/sacred-flow-om-pendant\/#breadcrumb","itemListElement":[{"@type":"ListItem","position":1,"name":"Home","item":"https:\/\/www.purejewels.com\/"},{"@type":"ListItem","position":2,"name":"Shop","item":"https:\/\/www.purejewels.com\/shop\/"},{"@type":"ListItem","position":3,"name":"Sacred Flow Om Pendant"}]},{"@type":"WebSite","@id":"https:\/\/www.purejewels.com\/#website","url":"https:\/\/www.purejewels.com\/","name":"PureJewels \u0130ngiltere","description":"Sevgiyi Payla\u015f\u0131n","publisher":{"@id":"https:\/\/www.purejewels.com\/#organization"},"potentialAction":[{"@type":"SearchAction","target":{"@type":"EntryPoint","urlTemplate":"https:\/\/www.purejewels.com\/?s={search_term_string}"},"query-input":{"@type":"PropertyValueSpecification","valueRequired":true,"valueName":"search_term_string"}}],"inLanguage":"tr"},{"@type":"Organization","@id":"https:\/\/www.purejewels.com\/#organization","name":"PureJewels \u0130ngiltere","url":"https:\/\/www.purejewels.com\/","logo":{"@type":"ImageObject","inLanguage":"tr","@id":"https:\/\/www.purejewels.com\/#\/schema\/logo\/image\/","url":"https:\/\/static.purejewels.com\/wp-content\/uploads\/2020\/11\/Logo-PJ-New-1.png","contentUrl":"https:\/\/static.purejewels.com\/wp-content\/uploads\/2020\/11\/Logo-PJ-New-1.png","width":150,"height":80,"caption":"PureJewels UK"},"image":{"@id":"https:\/\/www.purejewels.com\/#\/schema\/logo\/image\/"}}]}},"_links":{"self":[{"href":"https:\/\/www.purejewels.com\/tr\/wp-json\/wp\/v2\/product\/412025","targetHints":{"allow":["GET"]}}],"collection":[{"href":"https:\/\/www.purejewels.com\/tr\/wp-json\/wp\/v2\/product"}],"about":[{"href":"https:\/\/www.purejewels.com\/tr\/wp-json\/wp\/v2\/types\/product"}],"replies":[{"embeddable":true,"href":"https:\/\/www.purejewels.com\/tr\/wp-json\/wp\/v2\/comments?post=412025"}],"version-history":[{"count":1,"href":"https:\/\/www.purejewels.com\/tr\/wp-json\/wp\/v2\/product\/412025\/revisions"}],"predecessor-version":[{"id":412026,"href":"https:\/\/www.purejewels.com\/tr\/wp-json\/wp\/v2\/product\/412025\/revisions\/412026"}],"wp:featuredmedia":[{"embeddable":true,"href":"https:\/\/www.purejewels.com\/tr\/wp-json\/wp\/v2\/media\/412027"}],"wp:attachment":[{"href":"https:\/\/www.purejewels.com\/tr\/wp-json\/wp\/v2\/media?parent=412025"}],"wp:term":[{"taxonomy":"product_brand","embeddable":true,"href":"https:\/\/www.purejewels.com\/tr\/wp-json\/wp\/v2\/product_brand?post=412025"},{"taxonomy":"product_cat","embeddable":true,"href":"https:\/\/www.purejewels.com\/tr\/wp-json\/wp\/v2\/product_cat?post=412025"},{"taxonomy":"product_tag","embeddable":true,"href":"https:\/\/www.purejewels.com\/tr\/wp-json\/wp\/v2\/product_tag?post=412025"}],"curies":[{"name":"wp","href":"https:\/\/api.w.org\/{rel}","templated":true}]}}