{"id":412033,"date":"2025-07-18T13:37:53","date_gmt":"2025-07-18T12:37:53","guid":{"rendered":"https:\/\/www.purejewels.com\/?post_type=product&#038;p=412033"},"modified":"2026-05-11T18:04:15","modified_gmt":"2026-05-11T17:04:15","slug":"cz-tasli-22-ayar-altin-hizma-51933","status":"publish","type":"product","link":"https:\/\/www.purejewels.com\/tr\/product\/22ct-gold-nose-ring-with-cz-stones-51933\/","title":{"rendered":"CZ Ta\u015fl\u0131 22 Ayar Alt\u0131n Burun Y\u00fcz\u00fc\u011f\u00fc"},"content":{"rendered":"<p>El yap\u0131m\u0131 <strong data-start=\"592\" data-end=\"612\">22 ayar sar\u0131 alt\u0131n<\/strong>, bu <strong data-start=\"619\" data-end=\"647\">CZ Ta\u015fl\u0131 Burun Y\u00fcz\u00fc\u011f\u00fc<\/strong> a\u011f\u0131rl\u0131\u011f\u0131nda <strong data-start=\"655\" data-end=\"669\">0,49 gram<\/strong>narin ama g\u00f6z al\u0131c\u0131 bir tasar\u0131m sunar. Hassas bir \u015fekilde yerle\u015ftirilmi\u015f bir s\u0131ra k\u00fcbik zirkon ta\u015f, saf alt\u0131n\u0131n s\u0131cak \u0131\u015f\u0131lt\u0131s\u0131yla g\u00fczel bir kontrast olu\u015fturarak rafine bir \u0131\u015f\u0131lt\u0131 katar. P\u00fcr\u00fczs\u00fcz dairesel \u00e7er\u00e7evesi rahat kullan\u0131m sa\u011flarken, cilal\u0131 y\u00fczeyi \u0131\u015f\u0131lt\u0131l\u0131 \u00e7ekicili\u011fini art\u0131r\u0131r.<\/p>\n<p>Hem modern hem de geleneksel g\u00f6r\u00fcn\u00fcmler i\u00e7in ideal olan bu h\u0131zma, g\u00fcnl\u00fck kullan\u0131m veya bayram stilleri i\u00e7in uygun \u00e7ok y\u00f6nl\u00fc bir par\u00e7ad\u0131r. T\u00fcm m\u00fccevher koleksiyonlar\u0131na zarif bir ektir.<\/p>","protected":false},"excerpt":{"rendered":"<p>Bu <strong data-start=\"275\" data-end=\"313\">CZ Ta\u015fl\u0131 22 Ayar Alt\u0131n Burun Y\u00fcz\u00fc\u011f\u00fc<\/strong> (0,49 g) g\u00fcnl\u00fck stile \u0131\u015f\u0131lt\u0131l\u0131 bir dokunu\u015f katar. I\u015f\u0131lt\u0131l\u0131 sar\u0131 alt\u0131ndan \u00fcretilmi\u015ftir ve zarif bir g\u00f6r\u00fcn\u00fcm i\u00e7in par\u0131ldayan CZ ta\u015flarla donat\u0131lm\u0131\u015ft\u0131r. Hafif ve rahatt\u0131r, g\u00fcnl\u00fck kullan\u0131m veya \u00f6zel g\u00fcnler i\u00e7in m\u00fckemmeldir.<\/p>\n<p><strong>Malzeme:<\/strong> 22 Ayar Alt\u0131n<br \/>\n<strong>Safl\u0131k:<\/strong> 91.6% saf alt\u0131n<br \/>\n<strong>Hallmark:<\/strong> \u0130ngiliz Damgas\u0131<br \/>\n<strong>SKU:<\/strong> 51933<br \/>\n<strong>Br\u00fct A\u011f\u0131rl\u0131k:<\/strong> 0,49 Gms<br \/>\n<strong>Net A\u011f\u0131rl\u0131k:<\/strong> 0,46 Gms<\/p>\n<p><strong>Fiyat ve Teslimat:<\/strong>\u00a0KDV ve teslimat \u00fccretleri dahil<br \/>\n<a href=\"https:\/\/www.purejewels.com\/tr\/i%cc%87ade-poli%cc%87ti%cc%87kasi\/\"><strong>\u0130ade Politikas\u0131<\/strong><\/a><\/p>","protected":false},"featured_media":412101,"comment_status":"closed","ping_status":"closed","template":"","meta":{"_eb_attr":"","_crsspst_to_jayantr4sg-hostcom":false},"product_brand":[],"product_cat":[1793,1792,1229,1712,5342,5942,1574,5349],"product_tag":[],"class_list":{"0":"post-412033","1":"product","2":"type-product","3":"status-publish","4":"has-post-thumbnail","6":"product_cat-diwali-gifts","7":"product_cat-festival-gifts","8":"product_cat-22ct-gold-jewellery","9":"product_cat-gold-nose-ring","10":"product_cat-jewellery-under-250","11":"product_cat-nose-jewellery","12":"product_cat-womens-jewellery","13":"product_cat-yellow-gold-jewellery","15":"first","16":"outofstock","17":"taxable","18":"shipping-taxable","19":"product-type-simple","20":"add-to-wishlist-before_image"},"yoast_head":"<!-- This site is optimized with the Yoast SEO plugin v27.6 - https:\/\/yoast.com\/product\/yoast-seo-wordpress\/ -->\n<title>22ct Gold Nose Ring with CZ Stones | PureJewels UK<\/title>\n<meta name=\"description\" content=\"Shop the 22ct Gold Nose Ring with CZ Stones from PureJewels. Weighing 0.49g, this handcrafted nose ring features sparkling CZ accents in radiant 22ct yellow gold.\" \/>\n<meta name=\"robots\" content=\"index, follow, max-snippet:-1, max-image-preview:large, max-video-preview:-1\" \/>\n<link rel=\"canonical\" href=\"https:\/\/www.purejewels.com\/tr\/urun\/cz-tasli-22-ayar-altin-hizma-51933\/\" \/>\n<meta property=\"og:locale\" content=\"tr_TR\" \/>\n<meta property=\"og:type\" content=\"article\" \/>\n<meta property=\"og:title\" content=\"22ct Gold Nose Ring with CZ Stones | PureJewels UK\" \/>\n<meta property=\"og:description\" content=\"Shop the 22ct Gold Nose Ring with CZ Stones from PureJewels. Weighing 0.49g, this handcrafted nose ring features sparkling CZ accents in radiant 22ct yellow gold.\" \/>\n<meta property=\"og:url\" content=\"https:\/\/www.purejewels.com\/tr\/urun\/cz-tasli-22-ayar-altin-hizma-51933\/\" \/>\n<meta property=\"og:site_name\" content=\"PureJewels UK\" \/>\n<meta property=\"article:modified_time\" content=\"2026-05-11T17:04:15+00:00\" \/>\n<meta property=\"og:image\" content=\"https:\/\/static.purejewels.com\/wp-content\/uploads\/2025\/07\/SKU-51933.jpg\" \/>\n\t<meta property=\"og:image:width\" content=\"1000\" \/>\n\t<meta property=\"og:image:height\" content=\"1000\" \/>\n\t<meta property=\"og:image:type\" content=\"image\/jpeg\" \/>\n<meta name=\"twitter:card\" content=\"summary_large_image\" \/>\n<script type=\"application\/ld+json\" class=\"yoast-schema-graph\">{\"@context\":\"https:\\\/\\\/schema.org\",\"@graph\":[{\"@type\":[\"WebPage\",\"ItemPage\"],\"@id\":\"https:\\\/\\\/www.purejewels.com\\\/product\\\/22ct-gold-nose-ring-with-cz-stones-51933\\\/\",\"url\":\"https:\\\/\\\/www.purejewels.com\\\/product\\\/22ct-gold-nose-ring-with-cz-stones-51933\\\/\",\"name\":\"22ct Gold Nose Ring with CZ Stones | PureJewels UK\",\"isPartOf\":{\"@id\":\"https:\\\/\\\/www.purejewels.com\\\/#website\"},\"primaryImageOfPage\":{\"@id\":\"https:\\\/\\\/www.purejewels.com\\\/product\\\/22ct-gold-nose-ring-with-cz-stones-51933\\\/#primaryimage\"},\"image\":{\"@id\":\"https:\\\/\\\/www.purejewels.com\\\/product\\\/22ct-gold-nose-ring-with-cz-stones-51933\\\/#primaryimage\"},\"thumbnailUrl\":\"https:\\\/\\\/static.purejewels.com\\\/wp-content\\\/uploads\\\/2025\\\/07\\\/SKU-51933.jpg\",\"datePublished\":\"2025-07-18T12:37:53+00:00\",\"dateModified\":\"2026-05-11T17:04:15+00:00\",\"description\":\"Shop the 22ct Gold Nose Ring with CZ Stones from PureJewels. Weighing 0.49g, this handcrafted nose ring features sparkling CZ accents in radiant 22ct yellow gold.\",\"breadcrumb\":{\"@id\":\"https:\\\/\\\/www.purejewels.com\\\/product\\\/22ct-gold-nose-ring-with-cz-stones-51933\\\/#breadcrumb\"},\"inLanguage\":\"tr\",\"potentialAction\":[{\"@type\":\"ReadAction\",\"target\":[\"https:\\\/\\\/www.purejewels.com\\\/product\\\/22ct-gold-nose-ring-with-cz-stones-51933\\\/\"]}]},{\"@type\":\"ImageObject\",\"inLanguage\":\"tr\",\"@id\":\"https:\\\/\\\/www.purejewels.com\\\/product\\\/22ct-gold-nose-ring-with-cz-stones-51933\\\/#primaryimage\",\"url\":\"https:\\\/\\\/static.purejewels.com\\\/wp-content\\\/uploads\\\/2025\\\/07\\\/SKU-51933.jpg\",\"contentUrl\":\"https:\\\/\\\/static.purejewels.com\\\/wp-content\\\/uploads\\\/2025\\\/07\\\/SKU-51933.jpg\",\"width\":1000,\"height\":1000,\"caption\":\"22ct Gold Nose Ring with CZ Stones\"},{\"@type\":\"BreadcrumbList\",\"@id\":\"https:\\\/\\\/www.purejewels.com\\\/product\\\/22ct-gold-nose-ring-with-cz-stones-51933\\\/#breadcrumb\",\"itemListElement\":[{\"@type\":\"ListItem\",\"position\":1,\"name\":\"Home\",\"item\":\"https:\\\/\\\/www.purejewels.com\\\/\"},{\"@type\":\"ListItem\",\"position\":2,\"name\":\"Shop\",\"item\":\"https:\\\/\\\/www.purejewels.com\\\/shop\\\/\"},{\"@type\":\"ListItem\",\"position\":3,\"name\":\"22ct Gold Nose Ring with CZ Stones\"}]},{\"@type\":\"WebSite\",\"@id\":\"https:\\\/\\\/www.purejewels.com\\\/#website\",\"url\":\"https:\\\/\\\/www.purejewels.com\\\/\",\"name\":\"PureJewels UK\",\"description\":\"Share the Love\",\"publisher\":{\"@id\":\"https:\\\/\\\/www.purejewels.com\\\/#organization\"},\"potentialAction\":[{\"@type\":\"SearchAction\",\"target\":{\"@type\":\"EntryPoint\",\"urlTemplate\":\"https:\\\/\\\/www.purejewels.com\\\/?s={search_term_string}\"},\"query-input\":{\"@type\":\"PropertyValueSpecification\",\"valueRequired\":true,\"valueName\":\"search_term_string\"}}],\"inLanguage\":\"tr\"},{\"@type\":\"Organization\",\"@id\":\"https:\\\/\\\/www.purejewels.com\\\/#organization\",\"name\":\"PureJewels UK\",\"url\":\"https:\\\/\\\/www.purejewels.com\\\/\",\"logo\":{\"@type\":\"ImageObject\",\"inLanguage\":\"tr\",\"@id\":\"https:\\\/\\\/www.purejewels.com\\\/#\\\/schema\\\/logo\\\/image\\\/\",\"url\":\"https:\\\/\\\/static.purejewels.com\\\/wp-content\\\/uploads\\\/2020\\\/11\\\/Logo-PJ-New-1.png\",\"contentUrl\":\"https:\\\/\\\/static.purejewels.com\\\/wp-content\\\/uploads\\\/2020\\\/11\\\/Logo-PJ-New-1.png\",\"width\":150,\"height\":80,\"caption\":\"PureJewels UK\"},\"image\":{\"@id\":\"https:\\\/\\\/www.purejewels.com\\\/#\\\/schema\\\/logo\\\/image\\\/\"}}]}<\/script>\n<!-- \/ Yoast SEO plugin. -->","yoast_head_json":{"title":"CZ Ta\u015fl\u0131 22 Ayar Alt\u0131n Burun Y\u00fcz\u00fc\u011f\u00fc | PureJewels UK","description":"PureJewels'ten CZ Ta\u015fl\u0131 22 Ayar Alt\u0131n Burun Y\u00fcz\u00fc\u011f\u00fcn\u00fc sat\u0131n al\u0131n. 0,49 gr a\u011f\u0131rl\u0131\u011f\u0131ndaki bu el yap\u0131m\u0131 burun halkas\u0131, \u0131\u015f\u0131lt\u0131l\u0131 22 ayar sar\u0131 alt\u0131ndan \u0131\u015f\u0131lt\u0131l\u0131 CZ vurgulara sahiptir.","robots":{"index":"index","follow":"follow","max-snippet":"max-snippet:-1","max-image-preview":"max-image-preview:large","max-video-preview":"max-video-preview:-1"},"canonical":"https:\/\/www.purejewels.com\/tr\/urun\/cz-tasli-22-ayar-altin-hizma-51933\/","og_locale":"tr_TR","og_type":"article","og_title":"22ct Gold Nose Ring with CZ Stones | PureJewels UK","og_description":"Shop the 22ct Gold Nose Ring with CZ Stones from PureJewels. Weighing 0.49g, this handcrafted nose ring features sparkling CZ accents in radiant 22ct yellow gold.","og_url":"https:\/\/www.purejewels.com\/tr\/urun\/cz-tasli-22-ayar-altin-hizma-51933\/","og_site_name":"PureJewels UK","article_modified_time":"2026-05-11T17:04:15+00:00","og_image":[{"width":1000,"height":1000,"url":"https:\/\/static.purejewels.com\/wp-content\/uploads\/2025\/07\/SKU-51933.jpg","type":"image\/jpeg"}],"twitter_card":"summary_large_image","schema":{"@context":"https:\/\/schema.org","@graph":[{"@type":["WebPage","ItemPage"],"@id":"https:\/\/www.purejewels.com\/product\/22ct-gold-nose-ring-with-cz-stones-51933\/","url":"https:\/\/www.purejewels.com\/product\/22ct-gold-nose-ring-with-cz-stones-51933\/","name":"CZ Ta\u015fl\u0131 22 Ayar Alt\u0131n Burun Y\u00fcz\u00fc\u011f\u00fc | PureJewels UK","isPartOf":{"@id":"https:\/\/www.purejewels.com\/#website"},"primaryImageOfPage":{"@id":"https:\/\/www.purejewels.com\/product\/22ct-gold-nose-ring-with-cz-stones-51933\/#primaryimage"},"image":{"@id":"https:\/\/www.purejewels.com\/product\/22ct-gold-nose-ring-with-cz-stones-51933\/#primaryimage"},"thumbnailUrl":"https:\/\/static.purejewels.com\/wp-content\/uploads\/2025\/07\/SKU-51933.jpg","datePublished":"2025-07-18T12:37:53+00:00","dateModified":"2026-05-11T17:04:15+00:00","description":"PureJewels'ten CZ Ta\u015fl\u0131 22 Ayar Alt\u0131n Burun Y\u00fcz\u00fc\u011f\u00fcn\u00fc sat\u0131n al\u0131n. 0,49 gr a\u011f\u0131rl\u0131\u011f\u0131ndaki bu el yap\u0131m\u0131 burun halkas\u0131, \u0131\u015f\u0131lt\u0131l\u0131 22 ayar sar\u0131 alt\u0131ndan \u0131\u015f\u0131lt\u0131l\u0131 CZ vurgulara sahiptir.","breadcrumb":{"@id":"https:\/\/www.purejewels.com\/product\/22ct-gold-nose-ring-with-cz-stones-51933\/#breadcrumb"},"inLanguage":"tr","potentialAction":[{"@type":"ReadAction","target":["https:\/\/www.purejewels.com\/product\/22ct-gold-nose-ring-with-cz-stones-51933\/"]}]},{"@type":"ImageObject","inLanguage":"tr","@id":"https:\/\/www.purejewels.com\/product\/22ct-gold-nose-ring-with-cz-stones-51933\/#primaryimage","url":"https:\/\/static.purejewels.com\/wp-content\/uploads\/2025\/07\/SKU-51933.jpg","contentUrl":"https:\/\/static.purejewels.com\/wp-content\/uploads\/2025\/07\/SKU-51933.jpg","width":1000,"height":1000,"caption":"22ct Gold Nose Ring with CZ Stones"},{"@type":"BreadcrumbList","@id":"https:\/\/www.purejewels.com\/product\/22ct-gold-nose-ring-with-cz-stones-51933\/#breadcrumb","itemListElement":[{"@type":"ListItem","position":1,"name":"Home","item":"https:\/\/www.purejewels.com\/"},{"@type":"ListItem","position":2,"name":"Shop","item":"https:\/\/www.purejewels.com\/shop\/"},{"@type":"ListItem","position":3,"name":"22ct Gold Nose Ring with CZ Stones"}]},{"@type":"WebSite","@id":"https:\/\/www.purejewels.com\/#website","url":"https:\/\/www.purejewels.com\/","name":"PureJewels \u0130ngiltere","description":"Sevgiyi Payla\u015f\u0131n","publisher":{"@id":"https:\/\/www.purejewels.com\/#organization"},"potentialAction":[{"@type":"SearchAction","target":{"@type":"EntryPoint","urlTemplate":"https:\/\/www.purejewels.com\/?s={search_term_string}"},"query-input":{"@type":"PropertyValueSpecification","valueRequired":true,"valueName":"search_term_string"}}],"inLanguage":"tr"},{"@type":"Organization","@id":"https:\/\/www.purejewels.com\/#organization","name":"PureJewels \u0130ngiltere","url":"https:\/\/www.purejewels.com\/","logo":{"@type":"ImageObject","inLanguage":"tr","@id":"https:\/\/www.purejewels.com\/#\/schema\/logo\/image\/","url":"https:\/\/static.purejewels.com\/wp-content\/uploads\/2020\/11\/Logo-PJ-New-1.png","contentUrl":"https:\/\/static.purejewels.com\/wp-content\/uploads\/2020\/11\/Logo-PJ-New-1.png","width":150,"height":80,"caption":"PureJewels UK"},"image":{"@id":"https:\/\/www.purejewels.com\/#\/schema\/logo\/image\/"}}]}},"_links":{"self":[{"href":"https:\/\/www.purejewels.com\/tr\/wp-json\/wp\/v2\/product\/412033","targetHints":{"allow":["GET"]}}],"collection":[{"href":"https:\/\/www.purejewels.com\/tr\/wp-json\/wp\/v2\/product"}],"about":[{"href":"https:\/\/www.purejewels.com\/tr\/wp-json\/wp\/v2\/types\/product"}],"replies":[{"embeddable":true,"href":"https:\/\/www.purejewels.com\/tr\/wp-json\/wp\/v2\/comments?post=412033"}],"version-history":[{"count":2,"href":"https:\/\/www.purejewels.com\/tr\/wp-json\/wp\/v2\/product\/412033\/revisions"}],"predecessor-version":[{"id":424181,"href":"https:\/\/www.purejewels.com\/tr\/wp-json\/wp\/v2\/product\/412033\/revisions\/424181"}],"wp:featuredmedia":[{"embeddable":true,"href":"https:\/\/www.purejewels.com\/tr\/wp-json\/wp\/v2\/media\/412101"}],"wp:attachment":[{"href":"https:\/\/www.purejewels.com\/tr\/wp-json\/wp\/v2\/media?parent=412033"}],"wp:term":[{"taxonomy":"product_brand","embeddable":true,"href":"https:\/\/www.purejewels.com\/tr\/wp-json\/wp\/v2\/product_brand?post=412033"},{"taxonomy":"product_cat","embeddable":true,"href":"https:\/\/www.purejewels.com\/tr\/wp-json\/wp\/v2\/product_cat?post=412033"},{"taxonomy":"product_tag","embeddable":true,"href":"https:\/\/www.purejewels.com\/tr\/wp-json\/wp\/v2\/product_tag?post=412033"}],"curies":[{"name":"wp","href":"https:\/\/api.w.org\/{rel}","templated":true}]}}