{"id":412115,"date":"2025-07-19T08:22:03","date_gmt":"2025-07-19T07:22:03","guid":{"rendered":"https:\/\/www.purejewels.com\/?post_type=product&#038;p=412115"},"modified":"2026-03-05T12:48:03","modified_gmt":"2026-03-05T12:48:03","slug":"22-ayar-altin-telkari-gozyasi-burun-ignesi-50785","status":"publish","type":"product","link":"https:\/\/www.purejewels.com\/tr\/product\/22ct-gold-filigree-teardrop-nose-pin-50785\/","title":{"rendered":"22 Ayar Alt\u0131n Telkari G\u00f6zya\u015f\u0131 Burun \u0130\u011fnesi"},"content":{"rendered":"<p data-start=\"627\" data-end=\"1030\">Miras\u0131 bu enfes \u00fcr\u00fcnle kutlay\u0131n <strong data-start=\"666\" data-end=\"706\">22 ayar alt\u0131n telkari g\u00f6zya\u015f\u0131 damlas\u0131 <a href=\"https:\/\/www.purejewels.com\/tr\/urun-kategori%cc%87si%cc%87\/22-ayar-altin-takilar\/burun-takilari\/altin-burun-igneleri\/\">burun pimi<\/a><\/strong>geleneksel Hint sanat\u0131ndan ilham alan zarif bir ba\u015fyap\u0131t. Karma\u015f\u0131k delikli telkari tasar\u0131m\u0131, s\u00fcsleme g\u00fczelli\u011fini art\u0131ran minik alt\u0131n boncuk detaylar\u0131yla titiz bir i\u015f\u00e7ilik sergiliyor. G\u00f6zya\u015f\u0131 damlas\u0131 \u015feklindeki bu tasar\u0131m, buruna zarif bir \u015fekilde oturan ve k\u00fclt\u00fcrel cazibe yayan zarif bir siluet sunar.<\/p>\n<p data-start=\"1032\" data-end=\"1366\">Hafif ve rahat olan bu <a href=\"https:\/\/www.purejewels.com\/tr\/urun-kategori%cc%87si%cc%87\/22-ayar-altin-takilar\/burun-takilari\/altin-burun-igneleri\/\">burun pimi<\/a> g\u00fcnl\u00fck s\u00fcslemelerin yan\u0131 s\u0131ra bayram ve gelin g\u00fcnleri i\u00e7in de idealdir. Tamamen <strong data-start=\"1154\" data-end=\"1195\">Londra Tahlil Ofisi taraf\u0131ndan damgalanm\u0131\u015ft\u0131r<\/strong>safl\u0131\u011f\u0131 ve \u00f6zg\u00fcnl\u00fc\u011f\u00fc garanti eder. \u00c7ok y\u00f6nl\u00fc ve zamans\u0131z bir par\u00e7a olarak, hem gelene\u011fi hem de bireyselli\u011fi onurland\u0131rarak yolculu\u011funuzun bir par\u00e7as\u0131 olarak el \u00fcst\u00fcnde tutulmak \u00fczere tasarlanm\u0131\u015ft\u0131r.<\/p>","protected":false},"excerpt":{"rendered":"<div class=\"product_meta\">22 ayar sar\u0131 alt\u0131ndan zarif\u00e7e i\u015flenmi\u015f bu g\u00f6zya\u015f\u0131 damlas\u0131 <a href=\"https:\/\/www.purejewels.com\/tr\/urun-kategori%cc%87si%cc%87\/22-ayar-altin-takilar\/burun-takilari\/altin-burun-igneleri\/\">burun pimi<\/a> zamans\u0131z sanat\u00e7\u0131l\u0131\u011f\u0131 kutlayan karma\u015f\u0131k bir telkari tasar\u0131ma sahiptir. Hafif ama detayl\u0131 olan bu tasar\u0131m, geleneksel bir dokunu\u015fu modern bir zarafetle bulu\u015fturur; bayramlar veya g\u00fcnl\u00fck k\u00fclt\u00fcrel kullan\u0131m i\u00e7in m\u00fckemmeldir. Orijinallik damgas\u0131 ta\u015f\u0131yan bu par\u00e7a, PureJewels'in ince i\u015f\u00e7ilik miras\u0131n\u0131 yans\u0131tmaktad\u0131r.<\/div>\n<div>\n<p><strong>Malzeme:<\/strong>\u00a022 Ayar Alt\u0131n<br \/>\n<strong>Safl\u0131k:<\/strong>\u00a091.6% saf alt\u0131n<br \/>\n<strong>Hallmark:<\/strong>\u00a0\u0130ngiliz Damgas\u0131<br \/>\n<strong>SKU:<\/strong> 52109, 52108, 52107, 50785<br \/>\n<strong>Br\u00fct A\u011f\u0131rl\u0131k:<\/strong> 0,89 Gms<\/p>\n<p><strong>Fiyat ve Teslimat:<\/strong>\u00a0KDV ve teslimat \u00fccretleri dahil<br \/>\n<a href=\"https:\/\/www.purejewels.com\/tr\/i%cc%87ade-poli%cc%87ti%cc%87kasi\/\"><strong>\u0130ade Politikas\u0131<\/strong><\/a><\/p>\n<\/div>","protected":false},"featured_media":412117,"comment_status":"closed","ping_status":"closed","template":"","meta":{"_eb_attr":"","_crsspst_to_jayantr4sg-hostcom":false},"product_brand":[],"product_cat":[236,1793,1792,1229,252,5342,5942,1463,1574,5349],"product_tag":[],"class_list":{"0":"post-412115","1":"product","2":"type-product","3":"status-publish","4":"has-post-thumbnail","6":"product_cat-collections","7":"product_cat-diwali-gifts","8":"product_cat-festival-gifts","9":"product_cat-22ct-gold-jewellery","10":"product_cat-jali-collections","11":"product_cat-jewellery-under-250","12":"product_cat-nose-jewellery","13":"product_cat-gold-nose-pins","14":"product_cat-womens-jewellery","15":"product_cat-yellow-gold-jewellery","17":"first","18":"outofstock","19":"taxable","20":"shipping-taxable","21":"product-type-simple","22":"add-to-wishlist-before_image"},"yoast_head":"<!-- This site is optimized with the Yoast SEO plugin v27.5 - https:\/\/yoast.com\/product\/yoast-seo-wordpress\/ -->\n<title>22ct Gold Filigree Teardrop Nose Pin | PureJewels UK<\/title>\n<meta name=\"description\" content=\"Discover the 22ct Gold Filigree Teardrop Nose Pin, delicately handcrafted with intricate detailing. Lightweight and hallmarked for purity.\" \/>\n<meta name=\"robots\" content=\"index, follow, max-snippet:-1, max-image-preview:large, max-video-preview:-1\" \/>\n<link rel=\"canonical\" href=\"https:\/\/www.purejewels.com\/tr\/urun\/22-ayar-altin-telkari-gozyasi-burun-ignesi-50785\/\" \/>\n<meta property=\"og:locale\" content=\"tr_TR\" \/>\n<meta property=\"og:type\" content=\"article\" \/>\n<meta property=\"og:title\" content=\"22ct Gold Filigree Teardrop Nose Pin | PureJewels UK\" \/>\n<meta property=\"og:description\" content=\"Discover the 22ct Gold Filigree Teardrop Nose Pin, delicately handcrafted with intricate detailing. Lightweight and hallmarked for purity.\" \/>\n<meta property=\"og:url\" content=\"https:\/\/www.purejewels.com\/tr\/urun\/22-ayar-altin-telkari-gozyasi-burun-ignesi-50785\/\" \/>\n<meta property=\"og:site_name\" content=\"PureJewels UK\" \/>\n<meta property=\"article:modified_time\" content=\"2026-03-05T12:48:03+00:00\" \/>\n<meta property=\"og:image\" content=\"https:\/\/static.purejewels.com\/wp-content\/uploads\/2025\/08\/SKU-52110.jpg\" \/>\n\t<meta property=\"og:image:width\" content=\"1000\" \/>\n\t<meta property=\"og:image:height\" content=\"1000\" \/>\n\t<meta property=\"og:image:type\" content=\"image\/jpeg\" \/>\n<meta name=\"twitter:card\" content=\"summary_large_image\" \/>\n<meta name=\"twitter:label1\" content=\"Tahmini okuma s\u00fcresi\" \/>\n\t<meta name=\"twitter:data1\" content=\"1 dakika\" \/>\n<script type=\"application\/ld+json\" class=\"yoast-schema-graph\">{\"@context\":\"https:\\\/\\\/schema.org\",\"@graph\":[{\"@type\":[\"WebPage\",\"ItemPage\"],\"@id\":\"https:\\\/\\\/www.purejewels.com\\\/product\\\/22ct-gold-filigree-teardrop-nose-pin-50785\\\/\",\"url\":\"https:\\\/\\\/www.purejewels.com\\\/product\\\/22ct-gold-filigree-teardrop-nose-pin-50785\\\/\",\"name\":\"22ct Gold Filigree Teardrop Nose Pin | PureJewels UK\",\"isPartOf\":{\"@id\":\"https:\\\/\\\/www.purejewels.com\\\/#website\"},\"primaryImageOfPage\":{\"@id\":\"https:\\\/\\\/www.purejewels.com\\\/product\\\/22ct-gold-filigree-teardrop-nose-pin-50785\\\/#primaryimage\"},\"image\":{\"@id\":\"https:\\\/\\\/www.purejewels.com\\\/product\\\/22ct-gold-filigree-teardrop-nose-pin-50785\\\/#primaryimage\"},\"thumbnailUrl\":\"https:\\\/\\\/static.purejewels.com\\\/wp-content\\\/uploads\\\/2025\\\/08\\\/SKU-52110.jpg\",\"datePublished\":\"2025-07-19T07:22:03+00:00\",\"dateModified\":\"2026-03-05T12:48:03+00:00\",\"description\":\"Discover the 22ct Gold Filigree Teardrop Nose Pin, delicately handcrafted with intricate detailing. Lightweight and hallmarked for purity.\",\"breadcrumb\":{\"@id\":\"https:\\\/\\\/www.purejewels.com\\\/product\\\/22ct-gold-filigree-teardrop-nose-pin-50785\\\/#breadcrumb\"},\"inLanguage\":\"tr\",\"potentialAction\":[{\"@type\":\"ReadAction\",\"target\":[\"https:\\\/\\\/www.purejewels.com\\\/product\\\/22ct-gold-filigree-teardrop-nose-pin-50785\\\/\"]}]},{\"@type\":\"ImageObject\",\"inLanguage\":\"tr\",\"@id\":\"https:\\\/\\\/www.purejewels.com\\\/product\\\/22ct-gold-filigree-teardrop-nose-pin-50785\\\/#primaryimage\",\"url\":\"https:\\\/\\\/static.purejewels.com\\\/wp-content\\\/uploads\\\/2025\\\/08\\\/SKU-52110.jpg\",\"contentUrl\":\"https:\\\/\\\/static.purejewels.com\\\/wp-content\\\/uploads\\\/2025\\\/08\\\/SKU-52110.jpg\",\"width\":1000,\"height\":1000,\"caption\":\"22ct Gold Filigree Teardrop Nose Pin\"},{\"@type\":\"BreadcrumbList\",\"@id\":\"https:\\\/\\\/www.purejewels.com\\\/product\\\/22ct-gold-filigree-teardrop-nose-pin-50785\\\/#breadcrumb\",\"itemListElement\":[{\"@type\":\"ListItem\",\"position\":1,\"name\":\"Home\",\"item\":\"https:\\\/\\\/www.purejewels.com\\\/\"},{\"@type\":\"ListItem\",\"position\":2,\"name\":\"Shop\",\"item\":\"https:\\\/\\\/www.purejewels.com\\\/shop\\\/\"},{\"@type\":\"ListItem\",\"position\":3,\"name\":\"22ct Gold Filigree Teardrop Nose Pin\"}]},{\"@type\":\"WebSite\",\"@id\":\"https:\\\/\\\/www.purejewels.com\\\/#website\",\"url\":\"https:\\\/\\\/www.purejewels.com\\\/\",\"name\":\"PureJewels UK\",\"description\":\"Share the Love\",\"publisher\":{\"@id\":\"https:\\\/\\\/www.purejewels.com\\\/#organization\"},\"potentialAction\":[{\"@type\":\"SearchAction\",\"target\":{\"@type\":\"EntryPoint\",\"urlTemplate\":\"https:\\\/\\\/www.purejewels.com\\\/?s={search_term_string}\"},\"query-input\":{\"@type\":\"PropertyValueSpecification\",\"valueRequired\":true,\"valueName\":\"search_term_string\"}}],\"inLanguage\":\"tr\"},{\"@type\":\"Organization\",\"@id\":\"https:\\\/\\\/www.purejewels.com\\\/#organization\",\"name\":\"PureJewels UK\",\"url\":\"https:\\\/\\\/www.purejewels.com\\\/\",\"logo\":{\"@type\":\"ImageObject\",\"inLanguage\":\"tr\",\"@id\":\"https:\\\/\\\/www.purejewels.com\\\/#\\\/schema\\\/logo\\\/image\\\/\",\"url\":\"https:\\\/\\\/static.purejewels.com\\\/wp-content\\\/uploads\\\/2020\\\/11\\\/Logo-PJ-New-1.png\",\"contentUrl\":\"https:\\\/\\\/static.purejewels.com\\\/wp-content\\\/uploads\\\/2020\\\/11\\\/Logo-PJ-New-1.png\",\"width\":150,\"height\":80,\"caption\":\"PureJewels UK\"},\"image\":{\"@id\":\"https:\\\/\\\/www.purejewels.com\\\/#\\\/schema\\\/logo\\\/image\\\/\"}}]}<\/script>\n<!-- \/ Yoast SEO plugin. -->","yoast_head_json":{"title":"22 Ayar Alt\u0131n Telkari G\u00f6zya\u015f\u0131 Damlas\u0131 Burun \u0130\u011fnesi | PureJewels UK","description":"Karma\u015f\u0131k detaylarla \u00f6zenle i\u015flenmi\u015f 22 Ayar Alt\u0131n Telkari G\u00f6zya\u015f\u0131 Burun \u0130\u011fnesini ke\u015ffedin. Hafiftir ve safl\u0131k damgal\u0131d\u0131r.","robots":{"index":"index","follow":"follow","max-snippet":"max-snippet:-1","max-image-preview":"max-image-preview:large","max-video-preview":"max-video-preview:-1"},"canonical":"https:\/\/www.purejewels.com\/tr\/urun\/22-ayar-altin-telkari-gozyasi-burun-ignesi-50785\/","og_locale":"tr_TR","og_type":"article","og_title":"22ct Gold Filigree Teardrop Nose Pin | PureJewels UK","og_description":"Discover the 22ct Gold Filigree Teardrop Nose Pin, delicately handcrafted with intricate detailing. Lightweight and hallmarked for purity.","og_url":"https:\/\/www.purejewels.com\/tr\/urun\/22-ayar-altin-telkari-gozyasi-burun-ignesi-50785\/","og_site_name":"PureJewels UK","article_modified_time":"2026-03-05T12:48:03+00:00","og_image":[{"width":1000,"height":1000,"url":"https:\/\/static.purejewels.com\/wp-content\/uploads\/2025\/08\/SKU-52110.jpg","type":"image\/jpeg"}],"twitter_card":"summary_large_image","twitter_misc":{"Tahmini okuma s\u00fcresi":"1 dakika"},"schema":{"@context":"https:\/\/schema.org","@graph":[{"@type":["WebPage","ItemPage"],"@id":"https:\/\/www.purejewels.com\/product\/22ct-gold-filigree-teardrop-nose-pin-50785\/","url":"https:\/\/www.purejewels.com\/product\/22ct-gold-filigree-teardrop-nose-pin-50785\/","name":"22 Ayar Alt\u0131n Telkari G\u00f6zya\u015f\u0131 Damlas\u0131 Burun \u0130\u011fnesi | PureJewels UK","isPartOf":{"@id":"https:\/\/www.purejewels.com\/#website"},"primaryImageOfPage":{"@id":"https:\/\/www.purejewels.com\/product\/22ct-gold-filigree-teardrop-nose-pin-50785\/#primaryimage"},"image":{"@id":"https:\/\/www.purejewels.com\/product\/22ct-gold-filigree-teardrop-nose-pin-50785\/#primaryimage"},"thumbnailUrl":"https:\/\/static.purejewels.com\/wp-content\/uploads\/2025\/08\/SKU-52110.jpg","datePublished":"2025-07-19T07:22:03+00:00","dateModified":"2026-03-05T12:48:03+00:00","description":"Karma\u015f\u0131k detaylarla \u00f6zenle i\u015flenmi\u015f 22 Ayar Alt\u0131n Telkari G\u00f6zya\u015f\u0131 Burun \u0130\u011fnesini ke\u015ffedin. Hafiftir ve safl\u0131k damgal\u0131d\u0131r.","breadcrumb":{"@id":"https:\/\/www.purejewels.com\/product\/22ct-gold-filigree-teardrop-nose-pin-50785\/#breadcrumb"},"inLanguage":"tr","potentialAction":[{"@type":"ReadAction","target":["https:\/\/www.purejewels.com\/product\/22ct-gold-filigree-teardrop-nose-pin-50785\/"]}]},{"@type":"ImageObject","inLanguage":"tr","@id":"https:\/\/www.purejewels.com\/product\/22ct-gold-filigree-teardrop-nose-pin-50785\/#primaryimage","url":"https:\/\/static.purejewels.com\/wp-content\/uploads\/2025\/08\/SKU-52110.jpg","contentUrl":"https:\/\/static.purejewels.com\/wp-content\/uploads\/2025\/08\/SKU-52110.jpg","width":1000,"height":1000,"caption":"22ct Gold Filigree Teardrop Nose Pin"},{"@type":"BreadcrumbList","@id":"https:\/\/www.purejewels.com\/product\/22ct-gold-filigree-teardrop-nose-pin-50785\/#breadcrumb","itemListElement":[{"@type":"ListItem","position":1,"name":"Home","item":"https:\/\/www.purejewels.com\/"},{"@type":"ListItem","position":2,"name":"Shop","item":"https:\/\/www.purejewels.com\/shop\/"},{"@type":"ListItem","position":3,"name":"22ct Gold Filigree Teardrop Nose Pin"}]},{"@type":"WebSite","@id":"https:\/\/www.purejewels.com\/#website","url":"https:\/\/www.purejewels.com\/","name":"PureJewels \u0130ngiltere","description":"Sevgiyi Payla\u015f\u0131n","publisher":{"@id":"https:\/\/www.purejewels.com\/#organization"},"potentialAction":[{"@type":"SearchAction","target":{"@type":"EntryPoint","urlTemplate":"https:\/\/www.purejewels.com\/?s={search_term_string}"},"query-input":{"@type":"PropertyValueSpecification","valueRequired":true,"valueName":"search_term_string"}}],"inLanguage":"tr"},{"@type":"Organization","@id":"https:\/\/www.purejewels.com\/#organization","name":"PureJewels \u0130ngiltere","url":"https:\/\/www.purejewels.com\/","logo":{"@type":"ImageObject","inLanguage":"tr","@id":"https:\/\/www.purejewels.com\/#\/schema\/logo\/image\/","url":"https:\/\/static.purejewels.com\/wp-content\/uploads\/2020\/11\/Logo-PJ-New-1.png","contentUrl":"https:\/\/static.purejewels.com\/wp-content\/uploads\/2020\/11\/Logo-PJ-New-1.png","width":150,"height":80,"caption":"PureJewels UK"},"image":{"@id":"https:\/\/www.purejewels.com\/#\/schema\/logo\/image\/"}}]}},"_links":{"self":[{"href":"https:\/\/www.purejewels.com\/tr\/wp-json\/wp\/v2\/product\/412115","targetHints":{"allow":["GET"]}}],"collection":[{"href":"https:\/\/www.purejewels.com\/tr\/wp-json\/wp\/v2\/product"}],"about":[{"href":"https:\/\/www.purejewels.com\/tr\/wp-json\/wp\/v2\/types\/product"}],"replies":[{"embeddable":true,"href":"https:\/\/www.purejewels.com\/tr\/wp-json\/wp\/v2\/comments?post=412115"}],"version-history":[{"count":2,"href":"https:\/\/www.purejewels.com\/tr\/wp-json\/wp\/v2\/product\/412115\/revisions"}],"predecessor-version":[{"id":426685,"href":"https:\/\/www.purejewels.com\/tr\/wp-json\/wp\/v2\/product\/412115\/revisions\/426685"}],"wp:featuredmedia":[{"embeddable":true,"href":"https:\/\/www.purejewels.com\/tr\/wp-json\/wp\/v2\/media\/412117"}],"wp:attachment":[{"href":"https:\/\/www.purejewels.com\/tr\/wp-json\/wp\/v2\/media?parent=412115"}],"wp:term":[{"taxonomy":"product_brand","embeddable":true,"href":"https:\/\/www.purejewels.com\/tr\/wp-json\/wp\/v2\/product_brand?post=412115"},{"taxonomy":"product_cat","embeddable":true,"href":"https:\/\/www.purejewels.com\/tr\/wp-json\/wp\/v2\/product_cat?post=412115"},{"taxonomy":"product_tag","embeddable":true,"href":"https:\/\/www.purejewels.com\/tr\/wp-json\/wp\/v2\/product_tag?post=412115"}],"curies":[{"name":"wp","href":"https:\/\/api.w.org\/{rel}","templated":true}]}}