{"id":412120,"date":"2025-07-19T08:42:46","date_gmt":"2025-07-19T07:42:46","guid":{"rendered":"https:\/\/www.purejewels.com\/?post_type=product&#038;p=412120"},"modified":"2026-03-05T05:38:15","modified_gmt":"2026-03-05T05:38:15","slug":"22-ayar-altin-telkari-yuvarlak-cicek-tasarimli-burun-ignesi-52114","status":"publish","type":"product","link":"https:\/\/www.purejewels.com\/tr\/product\/22ct-gold-filigree-round-floral-design-nose-pin-52114\/","title":{"rendered":"22 Ayar Alt\u0131n Telkari Yuvarlak \u00c7i\u00e7ek Tasar\u0131ml\u0131 Burun \u0130\u011fnesi"},"content":{"rendered":"<p data-start=\"566\" data-end=\"886\">Gelenek ve zanaatk\u00e2rl\u0131\u011f\u0131n bir kutlamas\u0131 olan bu <strong data-start=\"617\" data-end=\"661\">22 ayar alt\u0131n telkari yuvarlak \u00e7i\u00e7ekli burun i\u011fnesi<\/strong> k\u00fclt\u00fcrel zarafeti onurland\u0131rmak i\u00e7in tasarlanm\u0131\u015f narin bir m\u00fccevher par\u00e7as\u0131d\u0131r. Karma\u015f\u0131k ajurlu telkari, ince boncuklu bir bord\u00fcrle \u00e7evrelenmi\u015f detayl\u0131 \u00e7i\u00e7ek motiflerini sergileyerek hem zarif hem de zamans\u0131z bir g\u00f6r\u00fcn\u00fcm yarat\u0131r.<\/p>\n<p data-start=\"888\" data-end=\"1225\">Rahat kullan\u0131m i\u00e7in hafif olan bu par\u00e7a, g\u00fcnl\u00fck s\u00fcsleme i\u00e7in veya d\u00fc\u011f\u00fcnlerde ve bayramlarda zarif bir vurgu olarak m\u00fckemmeldir. Tamamen <strong data-start=\"1032\" data-end=\"1073\">Londra Tahlil Ofisi taraf\u0131ndan damgalanm\u0131\u015ft\u0131r<\/strong>safl\u0131\u011f\u0131 ve \u00f6zg\u00fcnl\u00fc\u011f\u00fc garanti eder. Ak\u0131lda miras ve kalpte sanat ile tasarlanan bu m\u00fccevher, nesiller boyunca hazine olarak saklanabilecek \u00e7ok y\u00f6nl\u00fc bir m\u00fccevherdir.<\/p>","protected":false},"excerpt":{"rendered":"<div class=\"product_meta\">22 ayar sar\u0131 alt\u0131ndan \u00fcretilen bu yuvarlak burun i\u011fnesi, narin boncuklarla \u00e7er\u00e7evelenmi\u015f karma\u015f\u0131k bir \u00e7i\u00e7ek telkari desenine sahiptir. Hafif ve zamans\u0131z olan bu i\u011fne, geleneksel sanat\u0131 g\u00fcnl\u00fck \u015f\u0131kl\u0131kla harmanl\u0131yor. Safl\u0131k damgal\u0131 bu i\u011fne, hem g\u00fcnl\u00fck kullan\u0131m hem de \u00f6zel g\u00fcnler i\u00e7in zarif bir par\u00e7ad\u0131r.<\/div>\n<div><\/div>\n<div>\n<p><strong>Malzeme:<\/strong>\u00a022 Ayar Alt\u0131n<br \/>\n<strong>Safl\u0131k:<\/strong>\u00a091.6% saf alt\u0131n<br \/>\n<strong>Hallmark:<\/strong>\u00a0\u0130ngiliz Damgas\u0131<br \/>\n<strong>SKU:<\/strong> 52114, 52113<br \/>\n<strong>Br\u00fct A\u011f\u0131rl\u0131k:<\/strong> 1.13 Gms<\/p>\n<p><strong>Fiyat ve Teslimat:<\/strong>\u00a0KDV ve teslimat \u00fccretleri dahil<br \/>\n<a href=\"https:\/\/www.purejewels.com\/tr\/i%cc%87ade-poli%cc%87ti%cc%87kasi\/\"><strong>\u0130ade Politikas\u0131<\/strong><\/a><\/p>\n<\/div>","protected":false},"featured_media":412121,"comment_status":"closed","ping_status":"closed","template":"","meta":{"_eb_attr":"","_crsspst_to_jayantr4sg-hostcom":false},"product_brand":[],"product_cat":[236,1793,1792,1229,252,5342,5942,1463,1574,5349],"product_tag":[],"class_list":{"0":"post-412120","1":"product","2":"type-product","3":"status-publish","4":"has-post-thumbnail","6":"product_cat-collections","7":"product_cat-diwali-gifts","8":"product_cat-festival-gifts","9":"product_cat-22ct-gold-jewellery","10":"product_cat-jali-collections","11":"product_cat-jewellery-under-250","12":"product_cat-nose-jewellery","13":"product_cat-gold-nose-pins","14":"product_cat-womens-jewellery","15":"product_cat-yellow-gold-jewellery","17":"first","18":"outofstock","19":"taxable","20":"shipping-taxable","21":"product-type-simple","22":"add-to-wishlist-before_image"},"yoast_head":"<!-- This site is optimized with the Yoast SEO plugin v27.5 - https:\/\/yoast.com\/product\/yoast-seo-wordpress\/ -->\n<title>22ct Gold Filigree Round Floral Nose Pin | PureJewels UK<\/title>\n<meta name=\"description\" content=\"Shop the 22ct Gold Filigree Round Floral Nose Pin, intricately handcrafted with a delicate beaded border. Lightweight, hallmarked, and elegant, it\u2019s a timeless expression.\" \/>\n<meta name=\"robots\" content=\"index, follow, max-snippet:-1, max-image-preview:large, max-video-preview:-1\" \/>\n<link rel=\"canonical\" href=\"https:\/\/www.purejewels.com\/tr\/urun\/22-ayar-altin-telkari-yuvarlak-cicek-tasarimli-burun-ignesi-52114\/\" \/>\n<meta property=\"og:locale\" content=\"tr_TR\" \/>\n<meta property=\"og:type\" content=\"article\" \/>\n<meta property=\"og:title\" content=\"22ct Gold Filigree Round Floral Nose Pin | PureJewels UK\" \/>\n<meta property=\"og:description\" content=\"Shop the 22ct Gold Filigree Round Floral Nose Pin, intricately handcrafted with a delicate beaded border. Lightweight, hallmarked, and elegant, it\u2019s a timeless expression.\" \/>\n<meta property=\"og:url\" content=\"https:\/\/www.purejewels.com\/tr\/urun\/22-ayar-altin-telkari-yuvarlak-cicek-tasarimli-burun-ignesi-52114\/\" \/>\n<meta property=\"og:site_name\" content=\"PureJewels UK\" \/>\n<meta property=\"article:modified_time\" content=\"2026-03-05T05:38:15+00:00\" \/>\n<meta property=\"og:image\" content=\"https:\/\/static.purejewels.com\/wp-content\/uploads\/2025\/08\/SKU-52114.jpg\" \/>\n\t<meta property=\"og:image:width\" content=\"1000\" \/>\n\t<meta property=\"og:image:height\" content=\"1000\" \/>\n\t<meta property=\"og:image:type\" content=\"image\/jpeg\" \/>\n<meta name=\"twitter:card\" content=\"summary_large_image\" \/>\n<meta name=\"twitter:label1\" content=\"Tahmini okuma s\u00fcresi\" \/>\n\t<meta name=\"twitter:data1\" content=\"1 dakika\" \/>\n<script type=\"application\/ld+json\" class=\"yoast-schema-graph\">{\"@context\":\"https:\\\/\\\/schema.org\",\"@graph\":[{\"@type\":[\"WebPage\",\"ItemPage\"],\"@id\":\"https:\\\/\\\/www.purejewels.com\\\/product\\\/22ct-gold-filigree-round-floral-design-nose-pin-52114\\\/\",\"url\":\"https:\\\/\\\/www.purejewels.com\\\/product\\\/22ct-gold-filigree-round-floral-design-nose-pin-52114\\\/\",\"name\":\"22ct Gold Filigree Round Floral Nose Pin | PureJewels UK\",\"isPartOf\":{\"@id\":\"https:\\\/\\\/www.purejewels.com\\\/#website\"},\"primaryImageOfPage\":{\"@id\":\"https:\\\/\\\/www.purejewels.com\\\/product\\\/22ct-gold-filigree-round-floral-design-nose-pin-52114\\\/#primaryimage\"},\"image\":{\"@id\":\"https:\\\/\\\/www.purejewels.com\\\/product\\\/22ct-gold-filigree-round-floral-design-nose-pin-52114\\\/#primaryimage\"},\"thumbnailUrl\":\"https:\\\/\\\/static.purejewels.com\\\/wp-content\\\/uploads\\\/2025\\\/08\\\/SKU-52114.jpg\",\"datePublished\":\"2025-07-19T07:42:46+00:00\",\"dateModified\":\"2026-03-05T05:38:15+00:00\",\"description\":\"Shop the 22ct Gold Filigree Round Floral Nose Pin, intricately handcrafted with a delicate beaded border. Lightweight, hallmarked, and elegant, it\u2019s a timeless expression.\",\"breadcrumb\":{\"@id\":\"https:\\\/\\\/www.purejewels.com\\\/product\\\/22ct-gold-filigree-round-floral-design-nose-pin-52114\\\/#breadcrumb\"},\"inLanguage\":\"tr\",\"potentialAction\":[{\"@type\":\"ReadAction\",\"target\":[\"https:\\\/\\\/www.purejewels.com\\\/product\\\/22ct-gold-filigree-round-floral-design-nose-pin-52114\\\/\"]}]},{\"@type\":\"ImageObject\",\"inLanguage\":\"tr\",\"@id\":\"https:\\\/\\\/www.purejewels.com\\\/product\\\/22ct-gold-filigree-round-floral-design-nose-pin-52114\\\/#primaryimage\",\"url\":\"https:\\\/\\\/static.purejewels.com\\\/wp-content\\\/uploads\\\/2025\\\/08\\\/SKU-52114.jpg\",\"contentUrl\":\"https:\\\/\\\/static.purejewels.com\\\/wp-content\\\/uploads\\\/2025\\\/08\\\/SKU-52114.jpg\",\"width\":1000,\"height\":1000,\"caption\":\"22ct Gold Filigree Round Floral Design Nose Pin\"},{\"@type\":\"BreadcrumbList\",\"@id\":\"https:\\\/\\\/www.purejewels.com\\\/product\\\/22ct-gold-filigree-round-floral-design-nose-pin-52114\\\/#breadcrumb\",\"itemListElement\":[{\"@type\":\"ListItem\",\"position\":1,\"name\":\"Home\",\"item\":\"https:\\\/\\\/www.purejewels.com\\\/\"},{\"@type\":\"ListItem\",\"position\":2,\"name\":\"Shop\",\"item\":\"https:\\\/\\\/www.purejewels.com\\\/shop\\\/\"},{\"@type\":\"ListItem\",\"position\":3,\"name\":\"22ct Gold Filigree Round Floral Design Nose Pin\"}]},{\"@type\":\"WebSite\",\"@id\":\"https:\\\/\\\/www.purejewels.com\\\/#website\",\"url\":\"https:\\\/\\\/www.purejewels.com\\\/\",\"name\":\"PureJewels UK\",\"description\":\"Share the Love\",\"publisher\":{\"@id\":\"https:\\\/\\\/www.purejewels.com\\\/#organization\"},\"potentialAction\":[{\"@type\":\"SearchAction\",\"target\":{\"@type\":\"EntryPoint\",\"urlTemplate\":\"https:\\\/\\\/www.purejewels.com\\\/?s={search_term_string}\"},\"query-input\":{\"@type\":\"PropertyValueSpecification\",\"valueRequired\":true,\"valueName\":\"search_term_string\"}}],\"inLanguage\":\"tr\"},{\"@type\":\"Organization\",\"@id\":\"https:\\\/\\\/www.purejewels.com\\\/#organization\",\"name\":\"PureJewels UK\",\"url\":\"https:\\\/\\\/www.purejewels.com\\\/\",\"logo\":{\"@type\":\"ImageObject\",\"inLanguage\":\"tr\",\"@id\":\"https:\\\/\\\/www.purejewels.com\\\/#\\\/schema\\\/logo\\\/image\\\/\",\"url\":\"https:\\\/\\\/static.purejewels.com\\\/wp-content\\\/uploads\\\/2020\\\/11\\\/Logo-PJ-New-1.png\",\"contentUrl\":\"https:\\\/\\\/static.purejewels.com\\\/wp-content\\\/uploads\\\/2020\\\/11\\\/Logo-PJ-New-1.png\",\"width\":150,\"height\":80,\"caption\":\"PureJewels UK\"},\"image\":{\"@id\":\"https:\\\/\\\/www.purejewels.com\\\/#\\\/schema\\\/logo\\\/image\\\/\"}}]}<\/script>\n<!-- \/ Yoast SEO plugin. -->","yoast_head_json":{"title":"22 Ayar Alt\u0131n Telkari Yuvarlak \u00c7i\u00e7ekli Burun \u0130\u011fnesi | PureJewels UK","description":"22 ayar alt\u0131n telkari yuvarlak \u00e7i\u00e7ekli burun i\u011fnesini sat\u0131n al\u0131n, narin boncuklu bord\u00fcr\u00fcyle karma\u015f\u0131k bir \u015fekilde el yap\u0131m\u0131d\u0131r. Hafif, damgal\u0131 ve zarif, zamans\u0131z bir ifade.","robots":{"index":"index","follow":"follow","max-snippet":"max-snippet:-1","max-image-preview":"max-image-preview:large","max-video-preview":"max-video-preview:-1"},"canonical":"https:\/\/www.purejewels.com\/tr\/urun\/22-ayar-altin-telkari-yuvarlak-cicek-tasarimli-burun-ignesi-52114\/","og_locale":"tr_TR","og_type":"article","og_title":"22ct Gold Filigree Round Floral Nose Pin | PureJewels UK","og_description":"Shop the 22ct Gold Filigree Round Floral Nose Pin, intricately handcrafted with a delicate beaded border. Lightweight, hallmarked, and elegant, it\u2019s a timeless expression.","og_url":"https:\/\/www.purejewels.com\/tr\/urun\/22-ayar-altin-telkari-yuvarlak-cicek-tasarimli-burun-ignesi-52114\/","og_site_name":"PureJewels UK","article_modified_time":"2026-03-05T05:38:15+00:00","og_image":[{"width":1000,"height":1000,"url":"https:\/\/static.purejewels.com\/wp-content\/uploads\/2025\/08\/SKU-52114.jpg","type":"image\/jpeg"}],"twitter_card":"summary_large_image","twitter_misc":{"Tahmini okuma s\u00fcresi":"1 dakika"},"schema":{"@context":"https:\/\/schema.org","@graph":[{"@type":["WebPage","ItemPage"],"@id":"https:\/\/www.purejewels.com\/product\/22ct-gold-filigree-round-floral-design-nose-pin-52114\/","url":"https:\/\/www.purejewels.com\/product\/22ct-gold-filigree-round-floral-design-nose-pin-52114\/","name":"22 Ayar Alt\u0131n Telkari Yuvarlak \u00c7i\u00e7ekli Burun \u0130\u011fnesi | PureJewels UK","isPartOf":{"@id":"https:\/\/www.purejewels.com\/#website"},"primaryImageOfPage":{"@id":"https:\/\/www.purejewels.com\/product\/22ct-gold-filigree-round-floral-design-nose-pin-52114\/#primaryimage"},"image":{"@id":"https:\/\/www.purejewels.com\/product\/22ct-gold-filigree-round-floral-design-nose-pin-52114\/#primaryimage"},"thumbnailUrl":"https:\/\/static.purejewels.com\/wp-content\/uploads\/2025\/08\/SKU-52114.jpg","datePublished":"2025-07-19T07:42:46+00:00","dateModified":"2026-03-05T05:38:15+00:00","description":"22 ayar alt\u0131n telkari yuvarlak \u00e7i\u00e7ekli burun i\u011fnesini sat\u0131n al\u0131n, narin boncuklu bord\u00fcr\u00fcyle karma\u015f\u0131k bir \u015fekilde el yap\u0131m\u0131d\u0131r. Hafif, damgal\u0131 ve zarif, zamans\u0131z bir ifade.","breadcrumb":{"@id":"https:\/\/www.purejewels.com\/product\/22ct-gold-filigree-round-floral-design-nose-pin-52114\/#breadcrumb"},"inLanguage":"tr","potentialAction":[{"@type":"ReadAction","target":["https:\/\/www.purejewels.com\/product\/22ct-gold-filigree-round-floral-design-nose-pin-52114\/"]}]},{"@type":"ImageObject","inLanguage":"tr","@id":"https:\/\/www.purejewels.com\/product\/22ct-gold-filigree-round-floral-design-nose-pin-52114\/#primaryimage","url":"https:\/\/static.purejewels.com\/wp-content\/uploads\/2025\/08\/SKU-52114.jpg","contentUrl":"https:\/\/static.purejewels.com\/wp-content\/uploads\/2025\/08\/SKU-52114.jpg","width":1000,"height":1000,"caption":"22ct Gold Filigree Round Floral Design Nose Pin"},{"@type":"BreadcrumbList","@id":"https:\/\/www.purejewels.com\/product\/22ct-gold-filigree-round-floral-design-nose-pin-52114\/#breadcrumb","itemListElement":[{"@type":"ListItem","position":1,"name":"Home","item":"https:\/\/www.purejewels.com\/"},{"@type":"ListItem","position":2,"name":"Shop","item":"https:\/\/www.purejewels.com\/shop\/"},{"@type":"ListItem","position":3,"name":"22ct Gold Filigree Round Floral Design Nose Pin"}]},{"@type":"WebSite","@id":"https:\/\/www.purejewels.com\/#website","url":"https:\/\/www.purejewels.com\/","name":"PureJewels \u0130ngiltere","description":"Sevgiyi Payla\u015f\u0131n","publisher":{"@id":"https:\/\/www.purejewels.com\/#organization"},"potentialAction":[{"@type":"SearchAction","target":{"@type":"EntryPoint","urlTemplate":"https:\/\/www.purejewels.com\/?s={search_term_string}"},"query-input":{"@type":"PropertyValueSpecification","valueRequired":true,"valueName":"search_term_string"}}],"inLanguage":"tr"},{"@type":"Organization","@id":"https:\/\/www.purejewels.com\/#organization","name":"PureJewels \u0130ngiltere","url":"https:\/\/www.purejewels.com\/","logo":{"@type":"ImageObject","inLanguage":"tr","@id":"https:\/\/www.purejewels.com\/#\/schema\/logo\/image\/","url":"https:\/\/static.purejewels.com\/wp-content\/uploads\/2020\/11\/Logo-PJ-New-1.png","contentUrl":"https:\/\/static.purejewels.com\/wp-content\/uploads\/2020\/11\/Logo-PJ-New-1.png","width":150,"height":80,"caption":"PureJewels UK"},"image":{"@id":"https:\/\/www.purejewels.com\/#\/schema\/logo\/image\/"}}]}},"_links":{"self":[{"href":"https:\/\/www.purejewels.com\/tr\/wp-json\/wp\/v2\/product\/412120","targetHints":{"allow":["GET"]}}],"collection":[{"href":"https:\/\/www.purejewels.com\/tr\/wp-json\/wp\/v2\/product"}],"about":[{"href":"https:\/\/www.purejewels.com\/tr\/wp-json\/wp\/v2\/types\/product"}],"replies":[{"embeddable":true,"href":"https:\/\/www.purejewels.com\/tr\/wp-json\/wp\/v2\/comments?post=412120"}],"version-history":[{"count":1,"href":"https:\/\/www.purejewels.com\/tr\/wp-json\/wp\/v2\/product\/412120\/revisions"}],"predecessor-version":[{"id":412123,"href":"https:\/\/www.purejewels.com\/tr\/wp-json\/wp\/v2\/product\/412120\/revisions\/412123"}],"wp:featuredmedia":[{"embeddable":true,"href":"https:\/\/www.purejewels.com\/tr\/wp-json\/wp\/v2\/media\/412121"}],"wp:attachment":[{"href":"https:\/\/www.purejewels.com\/tr\/wp-json\/wp\/v2\/media?parent=412120"}],"wp:term":[{"taxonomy":"product_brand","embeddable":true,"href":"https:\/\/www.purejewels.com\/tr\/wp-json\/wp\/v2\/product_brand?post=412120"},{"taxonomy":"product_cat","embeddable":true,"href":"https:\/\/www.purejewels.com\/tr\/wp-json\/wp\/v2\/product_cat?post=412120"},{"taxonomy":"product_tag","embeddable":true,"href":"https:\/\/www.purejewels.com\/tr\/wp-json\/wp\/v2\/product_tag?post=412120"}],"curies":[{"name":"wp","href":"https:\/\/api.w.org\/{rel}","templated":true}]}}