{"id":412124,"date":"2025-09-15T09:01:15","date_gmt":"2025-09-15T08:01:15","guid":{"rendered":"https:\/\/www.purejewels.com\/?post_type=product&#038;p=412124"},"modified":"2026-03-11T05:38:14","modified_gmt":"2026-03-11T05:38:14","slug":"22-ayar-altin-telkari-kare-burun-ignesi-52119","status":"publish","type":"product","link":"https:\/\/www.purejewels.com\/tr\/product\/22ct-gold-filigree-square-nose-pin-52119\/","title":{"rendered":"22 Ayar Alt\u0131n Telkari Kare Burun \u0130\u011fnesi"},"content":{"rendered":"<p data-start=\"137\" data-end=\"509\"><strong data-start=\"137\" data-end=\"147\">Tasar\u0131m<\/strong><br data-start=\"147\" data-end=\"150\" \/>Bu telkari burun halkas\u0131, derinlik ve boyut yaratan minik boncuklar ve tel benzeri dokularla karma\u015f\u0131k bir \u015fekilde desenlendirilmi\u015f s\u00fcsl\u00fc kare tepesiyle tan\u0131mlan\u0131r. Y\u00fckseltilmi\u015f bord\u00fcr, merkezi telkari \u00e7al\u0131\u015fmas\u0131n\u0131 \u00e7er\u00e7eveleyerek tasar\u0131ma yontulmu\u015f, mimari bir nitelik kazand\u0131r\u0131r. A\u00e7\u0131k u\u00e7lu sap\u0131 rahat bir uyum sa\u011flarken zarif, dekoratif bir biti\u015f sa\u011flar.<\/p>\n<p data-start=\"511\" data-end=\"830\"><strong data-start=\"511\" data-end=\"528\">Zanaatkarl\u0131k<\/strong><br data-start=\"528\" data-end=\"531\" \/>22 ayar alt\u0131ndan el yap\u0131m\u0131 y\u00fcz\u00fckte, ince telleri narin motifler halinde b\u00fck\u00fcp \u015fekillendiren geleneksel telkari teknikleri kullan\u0131lm\u0131\u015ft\u0131r. Her bir gran\u00fcl ve detay \u00f6zenle yerle\u015ftirilerek tasar\u0131ma dokunsal bir zenginlik kat\u0131lm\u0131\u015ft\u0131r. Londra'da damgalanan bu y\u00fcz\u00fck, otantik sanat ve garantili kalitenin bir kar\u0131\u015f\u0131m\u0131n\u0131 yans\u0131tmaktad\u0131r.<\/p>\n<p data-start=\"832\" data-end=\"1105\"><strong data-start=\"832\" data-end=\"843\">\u015eekillendirme<\/strong><br data-start=\"843\" data-end=\"846\" \/>Karma\u015f\u0131k alt\u0131n i\u015f\u00e7ili\u011fine vurgu yapan bu h\u0131zma, bayraml\u0131k elbiseler ve gelin k\u0131yafetleriyle g\u00fczel bir uyum yakalayabilir ya da \u00e7a\u011fda\u015f k\u0131yafetlere miras niteli\u011finde bir dokunu\u015f katabilir. Detayl\u0131 tasar\u0131m\u0131, hem cesur hem de abart\u0131s\u0131z g\u00f6r\u00fcn\u00fcmleri tamamlamas\u0131n\u0131 sa\u011flar.<\/p>","protected":false},"excerpt":{"rendered":"<div class=\"product_meta\">22 ayar sar\u0131 alt\u0131ndan \u00fcretilen bu zarif kare burun i\u011fnesi, s\u00fcsl\u00fc detaylara sahip karma\u015f\u0131k bir telkari tasar\u0131ma sahiptir. Hafif ve \u00e7ok y\u00f6nl\u00fc olan bu \u00fcr\u00fcn, k\u00fclt\u00fcrel miras\u0131 modern cazibeyle harmanlayarak g\u00fcnl\u00fck kullan\u0131m veya \u00f6zel g\u00fcnler i\u00e7in idealdir. Safl\u0131k damgal\u0131 bu \u00fcr\u00fcn, zamans\u0131z sanat\u0131 yans\u0131tmaktad\u0131r.<\/div>\n<div><\/div>\n<div>\n<p><strong>Malzeme:<\/strong>\u00a022 Ayar Alt\u0131n<br \/>\n<strong>Safl\u0131k:<\/strong>\u00a091.6% saf alt\u0131n<br \/>\n<strong>Hallmark:<\/strong>\u00a0\u0130ngiliz Damgas\u0131<br \/>\n<strong>SKU:<\/strong> 52119, 52118,52117, 52116, 52115, 50787<br \/>\n<strong>Br\u00fct A\u011f\u0131rl\u0131k:<\/strong> 0.57 Gms<\/p>\n<p><strong>Fiyat ve Teslimat:<\/strong>\u00a0KDV ve teslimat \u00fccretleri dahil<br \/>\n<a href=\"https:\/\/www.purejewels.com\/tr\/i%cc%87ade-poli%cc%87ti%cc%87kasi\/\"><strong>\u0130ade Politikas\u0131<\/strong><\/a><\/p>\n<\/div>","protected":false},"featured_media":412127,"comment_status":"closed","ping_status":"closed","template":"","meta":{"_eb_attr":"","_crsspst_to_jayantr4sg-hostcom":true},"product_brand":[],"product_cat":[236,1793,1792,1229,252,5342,5942,1463,1574,5349],"product_tag":[],"class_list":{"0":"post-412124","1":"product","2":"type-product","3":"status-publish","4":"has-post-thumbnail","6":"product_cat-collections","7":"product_cat-diwali-gifts","8":"product_cat-festival-gifts","9":"product_cat-22ct-gold-jewellery","10":"product_cat-jali-collections","11":"product_cat-jewellery-under-250","12":"product_cat-nose-jewellery","13":"product_cat-gold-nose-pins","14":"product_cat-womens-jewellery","15":"product_cat-yellow-gold-jewellery","17":"first","18":"outofstock","19":"taxable","20":"shipping-taxable","21":"product-type-simple","22":"add-to-wishlist-before_image"},"yoast_head":"<!-- This site is optimized with the Yoast SEO plugin v27.5 - https:\/\/yoast.com\/product\/yoast-seo-wordpress\/ -->\n<title>22ct Gold Filigree Square Nose Pin | PureJewels UK<\/title>\n<meta name=\"description\" content=\"Discover the 22ct Gold Filigree Square Nose Pin, handcrafted with intricate detailing in a bold square design. Lightweight, hallmarked, and timeless.\" \/>\n<meta name=\"robots\" content=\"index, follow, max-snippet:-1, max-image-preview:large, max-video-preview:-1\" \/>\n<link rel=\"canonical\" href=\"https:\/\/www.purejewels.com\/tr\/urun\/22-ayar-altin-telkari-kare-burun-ignesi-52119\/\" \/>\n<meta property=\"og:locale\" content=\"tr_TR\" \/>\n<meta property=\"og:type\" content=\"article\" \/>\n<meta property=\"og:title\" content=\"22ct Gold Filigree Square Nose Pin | PureJewels UK\" \/>\n<meta property=\"og:description\" content=\"Discover the 22ct Gold Filigree Square Nose Pin, handcrafted with intricate detailing in a bold square design. Lightweight, hallmarked, and timeless.\" \/>\n<meta property=\"og:url\" content=\"https:\/\/www.purejewels.com\/tr\/urun\/22-ayar-altin-telkari-kare-burun-ignesi-52119\/\" \/>\n<meta property=\"og:site_name\" content=\"PureJewels UK\" \/>\n<meta property=\"article:modified_time\" content=\"2026-03-11T05:38:14+00:00\" \/>\n<meta property=\"og:image\" content=\"https:\/\/static.purejewels.com\/wp-content\/uploads\/2025\/08\/SKU-52119.jpg\" \/>\n\t<meta property=\"og:image:width\" content=\"1000\" \/>\n\t<meta property=\"og:image:height\" content=\"1000\" \/>\n\t<meta property=\"og:image:type\" content=\"image\/jpeg\" \/>\n<meta name=\"twitter:card\" content=\"summary_large_image\" \/>\n<meta name=\"twitter:label1\" content=\"Tahmini okuma s\u00fcresi\" \/>\n\t<meta name=\"twitter:data1\" content=\"1 dakika\" \/>\n<script type=\"application\/ld+json\" class=\"yoast-schema-graph\">{\"@context\":\"https:\\\/\\\/schema.org\",\"@graph\":[{\"@type\":[\"WebPage\",\"ItemPage\"],\"@id\":\"https:\\\/\\\/www.purejewels.com\\\/product\\\/22ct-gold-filigree-square-nose-pin-52119\\\/\",\"url\":\"https:\\\/\\\/www.purejewels.com\\\/product\\\/22ct-gold-filigree-square-nose-pin-52119\\\/\",\"name\":\"22ct Gold Filigree Square Nose Pin | PureJewels UK\",\"isPartOf\":{\"@id\":\"https:\\\/\\\/www.purejewels.com\\\/#website\"},\"primaryImageOfPage\":{\"@id\":\"https:\\\/\\\/www.purejewels.com\\\/product\\\/22ct-gold-filigree-square-nose-pin-52119\\\/#primaryimage\"},\"image\":{\"@id\":\"https:\\\/\\\/www.purejewels.com\\\/product\\\/22ct-gold-filigree-square-nose-pin-52119\\\/#primaryimage\"},\"thumbnailUrl\":\"https:\\\/\\\/static.purejewels.com\\\/wp-content\\\/uploads\\\/2025\\\/08\\\/SKU-52119.jpg\",\"datePublished\":\"2025-09-15T08:01:15+00:00\",\"dateModified\":\"2026-03-11T05:38:14+00:00\",\"description\":\"Discover the 22ct Gold Filigree Square Nose Pin, handcrafted with intricate detailing in a bold square design. Lightweight, hallmarked, and timeless.\",\"breadcrumb\":{\"@id\":\"https:\\\/\\\/www.purejewels.com\\\/product\\\/22ct-gold-filigree-square-nose-pin-52119\\\/#breadcrumb\"},\"inLanguage\":\"tr\",\"potentialAction\":[{\"@type\":\"ReadAction\",\"target\":[\"https:\\\/\\\/www.purejewels.com\\\/product\\\/22ct-gold-filigree-square-nose-pin-52119\\\/\"]}]},{\"@type\":\"ImageObject\",\"inLanguage\":\"tr\",\"@id\":\"https:\\\/\\\/www.purejewels.com\\\/product\\\/22ct-gold-filigree-square-nose-pin-52119\\\/#primaryimage\",\"url\":\"https:\\\/\\\/static.purejewels.com\\\/wp-content\\\/uploads\\\/2025\\\/08\\\/SKU-52119.jpg\",\"contentUrl\":\"https:\\\/\\\/static.purejewels.com\\\/wp-content\\\/uploads\\\/2025\\\/08\\\/SKU-52119.jpg\",\"width\":1000,\"height\":1000,\"caption\":\"22ct Gold Filigree Square Nose Pin\"},{\"@type\":\"BreadcrumbList\",\"@id\":\"https:\\\/\\\/www.purejewels.com\\\/product\\\/22ct-gold-filigree-square-nose-pin-52119\\\/#breadcrumb\",\"itemListElement\":[{\"@type\":\"ListItem\",\"position\":1,\"name\":\"Home\",\"item\":\"https:\\\/\\\/www.purejewels.com\\\/\"},{\"@type\":\"ListItem\",\"position\":2,\"name\":\"Shop\",\"item\":\"https:\\\/\\\/www.purejewels.com\\\/shop\\\/\"},{\"@type\":\"ListItem\",\"position\":3,\"name\":\"22ct Gold Filigree Square Nose Pin\"}]},{\"@type\":\"WebSite\",\"@id\":\"https:\\\/\\\/www.purejewels.com\\\/#website\",\"url\":\"https:\\\/\\\/www.purejewels.com\\\/\",\"name\":\"PureJewels UK\",\"description\":\"Share the Love\",\"publisher\":{\"@id\":\"https:\\\/\\\/www.purejewels.com\\\/#organization\"},\"potentialAction\":[{\"@type\":\"SearchAction\",\"target\":{\"@type\":\"EntryPoint\",\"urlTemplate\":\"https:\\\/\\\/www.purejewels.com\\\/?s={search_term_string}\"},\"query-input\":{\"@type\":\"PropertyValueSpecification\",\"valueRequired\":true,\"valueName\":\"search_term_string\"}}],\"inLanguage\":\"tr\"},{\"@type\":\"Organization\",\"@id\":\"https:\\\/\\\/www.purejewels.com\\\/#organization\",\"name\":\"PureJewels UK\",\"url\":\"https:\\\/\\\/www.purejewels.com\\\/\",\"logo\":{\"@type\":\"ImageObject\",\"inLanguage\":\"tr\",\"@id\":\"https:\\\/\\\/www.purejewels.com\\\/#\\\/schema\\\/logo\\\/image\\\/\",\"url\":\"https:\\\/\\\/static.purejewels.com\\\/wp-content\\\/uploads\\\/2020\\\/11\\\/Logo-PJ-New-1.png\",\"contentUrl\":\"https:\\\/\\\/static.purejewels.com\\\/wp-content\\\/uploads\\\/2020\\\/11\\\/Logo-PJ-New-1.png\",\"width\":150,\"height\":80,\"caption\":\"PureJewels UK\"},\"image\":{\"@id\":\"https:\\\/\\\/www.purejewels.com\\\/#\\\/schema\\\/logo\\\/image\\\/\"}}]}<\/script>\n<!-- \/ Yoast SEO plugin. -->","yoast_head_json":{"title":"22 Ayar Alt\u0131n Telkari Kare Burun \u0130\u011fnesi | PureJewels UK","description":"Cesur bir kare tasar\u0131mda karma\u015f\u0131k detaylarla el yap\u0131m\u0131 22 Ayar Alt\u0131n Telkari Kare Burun \u0130\u011fnesini ke\u015ffedin. Hafif, damgal\u0131 ve zamans\u0131z.","robots":{"index":"index","follow":"follow","max-snippet":"max-snippet:-1","max-image-preview":"max-image-preview:large","max-video-preview":"max-video-preview:-1"},"canonical":"https:\/\/www.purejewels.com\/tr\/urun\/22-ayar-altin-telkari-kare-burun-ignesi-52119\/","og_locale":"tr_TR","og_type":"article","og_title":"22ct Gold Filigree Square Nose Pin | PureJewels UK","og_description":"Discover the 22ct Gold Filigree Square Nose Pin, handcrafted with intricate detailing in a bold square design. Lightweight, hallmarked, and timeless.","og_url":"https:\/\/www.purejewels.com\/tr\/urun\/22-ayar-altin-telkari-kare-burun-ignesi-52119\/","og_site_name":"PureJewels UK","article_modified_time":"2026-03-11T05:38:14+00:00","og_image":[{"width":1000,"height":1000,"url":"https:\/\/static.purejewels.com\/wp-content\/uploads\/2025\/08\/SKU-52119.jpg","type":"image\/jpeg"}],"twitter_card":"summary_large_image","twitter_misc":{"Tahmini okuma s\u00fcresi":"1 dakika"},"schema":{"@context":"https:\/\/schema.org","@graph":[{"@type":["WebPage","ItemPage"],"@id":"https:\/\/www.purejewels.com\/product\/22ct-gold-filigree-square-nose-pin-52119\/","url":"https:\/\/www.purejewels.com\/product\/22ct-gold-filigree-square-nose-pin-52119\/","name":"22 Ayar Alt\u0131n Telkari Kare Burun \u0130\u011fnesi | PureJewels UK","isPartOf":{"@id":"https:\/\/www.purejewels.com\/#website"},"primaryImageOfPage":{"@id":"https:\/\/www.purejewels.com\/product\/22ct-gold-filigree-square-nose-pin-52119\/#primaryimage"},"image":{"@id":"https:\/\/www.purejewels.com\/product\/22ct-gold-filigree-square-nose-pin-52119\/#primaryimage"},"thumbnailUrl":"https:\/\/static.purejewels.com\/wp-content\/uploads\/2025\/08\/SKU-52119.jpg","datePublished":"2025-09-15T08:01:15+00:00","dateModified":"2026-03-11T05:38:14+00:00","description":"Cesur bir kare tasar\u0131mda karma\u015f\u0131k detaylarla el yap\u0131m\u0131 22 Ayar Alt\u0131n Telkari Kare Burun \u0130\u011fnesini ke\u015ffedin. Hafif, damgal\u0131 ve zamans\u0131z.","breadcrumb":{"@id":"https:\/\/www.purejewels.com\/product\/22ct-gold-filigree-square-nose-pin-52119\/#breadcrumb"},"inLanguage":"tr","potentialAction":[{"@type":"ReadAction","target":["https:\/\/www.purejewels.com\/product\/22ct-gold-filigree-square-nose-pin-52119\/"]}]},{"@type":"ImageObject","inLanguage":"tr","@id":"https:\/\/www.purejewels.com\/product\/22ct-gold-filigree-square-nose-pin-52119\/#primaryimage","url":"https:\/\/static.purejewels.com\/wp-content\/uploads\/2025\/08\/SKU-52119.jpg","contentUrl":"https:\/\/static.purejewels.com\/wp-content\/uploads\/2025\/08\/SKU-52119.jpg","width":1000,"height":1000,"caption":"22ct Gold Filigree Square Nose Pin"},{"@type":"BreadcrumbList","@id":"https:\/\/www.purejewels.com\/product\/22ct-gold-filigree-square-nose-pin-52119\/#breadcrumb","itemListElement":[{"@type":"ListItem","position":1,"name":"Home","item":"https:\/\/www.purejewels.com\/"},{"@type":"ListItem","position":2,"name":"Shop","item":"https:\/\/www.purejewels.com\/shop\/"},{"@type":"ListItem","position":3,"name":"22ct Gold Filigree Square Nose Pin"}]},{"@type":"WebSite","@id":"https:\/\/www.purejewels.com\/#website","url":"https:\/\/www.purejewels.com\/","name":"PureJewels \u0130ngiltere","description":"Sevgiyi Payla\u015f\u0131n","publisher":{"@id":"https:\/\/www.purejewels.com\/#organization"},"potentialAction":[{"@type":"SearchAction","target":{"@type":"EntryPoint","urlTemplate":"https:\/\/www.purejewels.com\/?s={search_term_string}"},"query-input":{"@type":"PropertyValueSpecification","valueRequired":true,"valueName":"search_term_string"}}],"inLanguage":"tr"},{"@type":"Organization","@id":"https:\/\/www.purejewels.com\/#organization","name":"PureJewels \u0130ngiltere","url":"https:\/\/www.purejewels.com\/","logo":{"@type":"ImageObject","inLanguage":"tr","@id":"https:\/\/www.purejewels.com\/#\/schema\/logo\/image\/","url":"https:\/\/static.purejewels.com\/wp-content\/uploads\/2020\/11\/Logo-PJ-New-1.png","contentUrl":"https:\/\/static.purejewels.com\/wp-content\/uploads\/2020\/11\/Logo-PJ-New-1.png","width":150,"height":80,"caption":"PureJewels UK"},"image":{"@id":"https:\/\/www.purejewels.com\/#\/schema\/logo\/image\/"}}]}},"_links":{"self":[{"href":"https:\/\/www.purejewels.com\/tr\/wp-json\/wp\/v2\/product\/412124","targetHints":{"allow":["GET"]}}],"collection":[{"href":"https:\/\/www.purejewels.com\/tr\/wp-json\/wp\/v2\/product"}],"about":[{"href":"https:\/\/www.purejewels.com\/tr\/wp-json\/wp\/v2\/types\/product"}],"replies":[{"embeddable":true,"href":"https:\/\/www.purejewels.com\/tr\/wp-json\/wp\/v2\/comments?post=412124"}],"version-history":[{"count":4,"href":"https:\/\/www.purejewels.com\/tr\/wp-json\/wp\/v2\/product\/412124\/revisions"}],"predecessor-version":[{"id":425862,"href":"https:\/\/www.purejewels.com\/tr\/wp-json\/wp\/v2\/product\/412124\/revisions\/425862"}],"wp:featuredmedia":[{"embeddable":true,"href":"https:\/\/www.purejewels.com\/tr\/wp-json\/wp\/v2\/media\/412127"}],"wp:attachment":[{"href":"https:\/\/www.purejewels.com\/tr\/wp-json\/wp\/v2\/media?parent=412124"}],"wp:term":[{"taxonomy":"product_brand","embeddable":true,"href":"https:\/\/www.purejewels.com\/tr\/wp-json\/wp\/v2\/product_brand?post=412124"},{"taxonomy":"product_cat","embeddable":true,"href":"https:\/\/www.purejewels.com\/tr\/wp-json\/wp\/v2\/product_cat?post=412124"},{"taxonomy":"product_tag","embeddable":true,"href":"https:\/\/www.purejewels.com\/tr\/wp-json\/wp\/v2\/product_tag?post=412124"}],"curies":[{"name":"wp","href":"https:\/\/api.w.org\/{rel}","templated":true}]}}