{"id":412136,"date":"2025-07-19T09:26:54","date_gmt":"2025-07-19T08:26:54","guid":{"rendered":"https:\/\/www.purejewels.com\/?post_type=product&#038;p=412136"},"modified":"2026-03-23T04:33:07","modified_gmt":"2026-03-23T04:33:07","slug":"22-ayar-altin-klasik-mahkeme-bandi-51963","status":"publish","type":"product","link":"https:\/\/www.purejewels.com\/tr\/product\/22ct-gold-classic-court-band-51963\/","title":{"rendered":"22 Ayar Alt\u0131n Klasik Mahkeme Band\u0131"},"content":{"rendered":"<p><strong>Tasar\u0131m<\/strong><\/p>\n<p>Bu klasik mahkeme band\u0131 dengeli oranlar\u0131 ve abart\u0131s\u0131z zarafetiyle tan\u0131mlan\u0131r. Hafif\u00e7e yuvarlat\u0131lm\u0131\u015f profil p\u00fcr\u00fczs\u00fcz, kesintisiz bir form sunarken, f\u0131r\u00e7alanm\u0131\u015f merkez cilal\u0131 kenarlara kar\u015f\u0131 yumu\u015fak bir kontrast olu\u015fturur. \u00d6z\u00fcnde sadelik olan bu tasar\u0131m, erkekler i\u00e7in modern m\u00fccevherler aras\u0131nda rahat\u00e7a yer alan zamans\u0131z bir esteti\u011fi yans\u0131t\u0131yor.<\/p>\n<p><strong>Zanaatkarl\u0131k<\/strong><\/p>\n<p>Zengin 22 ayar alt\u0131ndan \u00fcretilen kordon, parma\u011fa do\u011fal bir \u015fekilde oturmas\u0131n\u0131 sa\u011flayan kavisli i\u00e7 y\u00fczeyiyle hem dayan\u0131kl\u0131l\u0131k hem de rahatl\u0131k i\u00e7in \u015fekillendirilmi\u015ftir. F\u0131r\u00e7alanm\u0131\u015f kaplama, ince bir doku elde etmek i\u00e7in dikkatlice uygulan\u0131rken, cilal\u0131 kenarlar y\u00fcz\u00fc\u011f\u00fcn temiz tan\u0131m\u0131n\u0131 geli\u015ftirir. Her bir par\u00e7a Birle\u015fik Krall\u0131k'ta damgalanarak sertifikal\u0131 safl\u0131k ve g\u00fcvenilir i\u015f\u00e7ilik sa\u011flar.<\/p>\n<p><strong>\u015eekillendirme &amp; Hediyele\u015fme<\/strong><\/p>\n<p>\u00c7ok y\u00f6nl\u00fc bir vazge\u00e7ilmez olan bu y\u00fcz\u00fck, bir alyans veya anlaml\u0131 bir g\u00fcnl\u00fck par\u00e7a olarak idealdir. Minimal tasar\u0131m\u0131, bilezik veya saat gibi di\u011fer erkek tak\u0131lar\u0131yla zahmetsizce e\u015fle\u015firken, tek ba\u015f\u0131na zarif bir duru\u015f sergiler. D\u00fc\u011f\u00fcnler, y\u0131ld\u00f6n\u00fcmleri veya ki\u015fisel d\u00f6n\u00fcm noktalar\u0131 i\u00e7in d\u00fc\u015f\u00fcnceli bir se\u00e7im olan bu y\u00fcz\u00fck, ba\u011fl\u0131l\u0131\u011f\u0131, g\u00fcc\u00fc ve kal\u0131c\u0131 stili temsil eder.<\/p>","protected":false},"excerpt":{"rendered":"<p>Zamans\u0131z ve zarif, bu <strong data-start=\"156\" data-end=\"188\">22 Ayar Alt\u0131n Klasik Mahkeme Band\u0131<\/strong> 5,2 gram saf sar\u0131 alt\u0131ndan \u00fcretilmi\u015ftir. P\u00fcr\u00fczs\u00fcz avize profili hem rahatl\u0131k hem de sofistike bir g\u00f6r\u00fcn\u00fcm sunarak d\u00fc\u011f\u00fcnler, y\u0131ld\u00f6n\u00fcmleri veya kal\u0131c\u0131 bir g\u00fcnl\u00fck y\u00fcz\u00fck olarak ideal bir se\u00e7imdir. Orijinallik damgas\u0131 ta\u015f\u0131yan bu y\u00fcz\u00fck PureJewels'in ince i\u015f\u00e7ilik gelene\u011fini yans\u0131tmaktad\u0131r.<\/p>\n<p><strong>Malzeme:<\/strong>\u00a022 Ayar Alt\u0131n<br \/>\n<strong>Safl\u0131k:<\/strong>\u00a091.6% saf alt\u0131n<br \/>\n<strong>Hallmark:<\/strong>\u00a0\u0130ngiliz Damgas\u0131<br \/>\n<strong>SKU:<\/strong> 51963<br \/>\n<strong>Br\u00fct A\u011f\u0131rl\u0131k:<\/strong> 5.20 Gms<br \/>\n<strong>Y\u00fcz\u00fck \u00d6l\u00e7\u00fcs\u00fc:<\/strong> P (farkl\u0131 boyut i\u00e7in sorunuz)<br \/>\n<strong>Geni\u015flik:<\/strong> 5 mm<\/p>\n<p><strong>Fiyat ve Teslimat:<\/strong>\u00a0KDV ve teslimat \u00fccretleri dahil<br \/>\n<a href=\"https:\/\/www.purejewels.com\/tr\/i%cc%87ade-poli%cc%87ti%cc%87kasi\/\"><strong>\u0130ade Politikas\u0131<\/strong><\/a><\/p>","protected":false},"featured_media":412149,"comment_status":"closed","ping_status":"closed","template":"","meta":{"_eb_attr":"","_crsspst_to_jayantr4sg-hostcom":true},"product_brand":[],"product_cat":[1640,1784,1235,1783,1572,229,1573,1574,5349],"product_tag":[],"class_list":{"0":"post-412136","1":"product","2":"type-product","3":"status-publish","4":"has-post-thumbnail","6":"product_cat-22ct-gold-bands","7":"product_cat-gents-rings","8":"product_cat-gold-rings","9":"product_cat-ladies-rings","10":"product_cat-mens-jewellery","11":"product_cat-wedding-bands","12":"product_cat-wedding-gifts","13":"product_cat-womens-jewellery","14":"product_cat-yellow-gold-jewellery","16":"first","17":"instock","18":"featured","19":"taxable","20":"shipping-taxable","21":"purchasable","22":"product-type-simple","23":"add-to-wishlist-before_image"},"yoast_head":"<!-- This site is optimized with the Yoast SEO plugin v27.5 - https:\/\/yoast.com\/product\/yoast-seo-wordpress\/ -->\n<title>22ct Gold Classic Court Band \u2013 5.2gms, Size P | PureJewels UK<\/title>\n<meta name=\"description\" content=\"Shop the 22ct Gold Classic Court Band, weighing 5.2gms. A timeless wedding or everyday ring with a smooth court profile, hallmarked for purity.\" \/>\n<meta name=\"robots\" content=\"index, follow, max-snippet:-1, max-image-preview:large, max-video-preview:-1\" \/>\n<link rel=\"canonical\" href=\"https:\/\/www.purejewels.com\/tr\/urun\/22-ayar-altin-klasik-mahkeme-bandi-51963\/\" \/>\n<meta property=\"og:locale\" content=\"tr_TR\" \/>\n<meta property=\"og:type\" content=\"article\" \/>\n<meta property=\"og:title\" content=\"22ct Gold Classic Court Band \u2013 5.2gms, Size P | PureJewels UK\" \/>\n<meta property=\"og:description\" content=\"Shop the 22ct Gold Classic Court Band, weighing 5.2gms. A timeless wedding or everyday ring with a smooth court profile, hallmarked for purity.\" \/>\n<meta property=\"og:url\" content=\"https:\/\/www.purejewels.com\/tr\/urun\/22-ayar-altin-klasik-mahkeme-bandi-51963\/\" \/>\n<meta property=\"og:site_name\" content=\"PureJewels UK\" \/>\n<meta property=\"article:modified_time\" content=\"2026-03-23T04:33:07+00:00\" \/>\n<meta property=\"og:image\" content=\"https:\/\/static.purejewels.com\/wp-content\/uploads\/2025\/08\/SKU-51963.jpg\" \/>\n\t<meta property=\"og:image:width\" content=\"1000\" \/>\n\t<meta property=\"og:image:height\" content=\"1000\" \/>\n\t<meta property=\"og:image:type\" content=\"image\/jpeg\" \/>\n<meta name=\"twitter:card\" content=\"summary_large_image\" \/>\n<meta name=\"twitter:label1\" content=\"Tahmini okuma s\u00fcresi\" \/>\n\t<meta name=\"twitter:data1\" content=\"1 dakika\" \/>\n<script type=\"application\/ld+json\" class=\"yoast-schema-graph\">{\"@context\":\"https:\\\/\\\/schema.org\",\"@graph\":[{\"@type\":[\"WebPage\",\"ItemPage\"],\"@id\":\"https:\\\/\\\/www.purejewels.com\\\/product\\\/22ct-gold-classic-court-band-51963\\\/\",\"url\":\"https:\\\/\\\/www.purejewels.com\\\/product\\\/22ct-gold-classic-court-band-51963\\\/\",\"name\":\"22ct Gold Classic Court Band \u2013 5.2gms, Size P | PureJewels UK\",\"isPartOf\":{\"@id\":\"https:\\\/\\\/www.purejewels.com\\\/#website\"},\"primaryImageOfPage\":{\"@id\":\"https:\\\/\\\/www.purejewels.com\\\/product\\\/22ct-gold-classic-court-band-51963\\\/#primaryimage\"},\"image\":{\"@id\":\"https:\\\/\\\/www.purejewels.com\\\/product\\\/22ct-gold-classic-court-band-51963\\\/#primaryimage\"},\"thumbnailUrl\":\"https:\\\/\\\/static.purejewels.com\\\/wp-content\\\/uploads\\\/2025\\\/08\\\/SKU-51963.jpg\",\"datePublished\":\"2025-07-19T08:26:54+00:00\",\"dateModified\":\"2026-03-23T04:33:07+00:00\",\"description\":\"Shop the 22ct Gold Classic Court Band, weighing 5.2gms. A timeless wedding or everyday ring with a smooth court profile, hallmarked for purity.\",\"breadcrumb\":{\"@id\":\"https:\\\/\\\/www.purejewels.com\\\/product\\\/22ct-gold-classic-court-band-51963\\\/#breadcrumb\"},\"inLanguage\":\"tr\",\"potentialAction\":[{\"@type\":\"ReadAction\",\"target\":[\"https:\\\/\\\/www.purejewels.com\\\/product\\\/22ct-gold-classic-court-band-51963\\\/\"]}]},{\"@type\":\"ImageObject\",\"inLanguage\":\"tr\",\"@id\":\"https:\\\/\\\/www.purejewels.com\\\/product\\\/22ct-gold-classic-court-band-51963\\\/#primaryimage\",\"url\":\"https:\\\/\\\/static.purejewels.com\\\/wp-content\\\/uploads\\\/2025\\\/08\\\/SKU-51963.jpg\",\"contentUrl\":\"https:\\\/\\\/static.purejewels.com\\\/wp-content\\\/uploads\\\/2025\\\/08\\\/SKU-51963.jpg\",\"width\":1000,\"height\":1000,\"caption\":\"22ct Gold Classic Court Band\"},{\"@type\":\"BreadcrumbList\",\"@id\":\"https:\\\/\\\/www.purejewels.com\\\/product\\\/22ct-gold-classic-court-band-51963\\\/#breadcrumb\",\"itemListElement\":[{\"@type\":\"ListItem\",\"position\":1,\"name\":\"Home\",\"item\":\"https:\\\/\\\/www.purejewels.com\\\/\"},{\"@type\":\"ListItem\",\"position\":2,\"name\":\"Shop\",\"item\":\"https:\\\/\\\/www.purejewels.com\\\/shop\\\/\"},{\"@type\":\"ListItem\",\"position\":3,\"name\":\"22ct Gold Classic Court Band\"}]},{\"@type\":\"WebSite\",\"@id\":\"https:\\\/\\\/www.purejewels.com\\\/#website\",\"url\":\"https:\\\/\\\/www.purejewels.com\\\/\",\"name\":\"PureJewels UK\",\"description\":\"Share the Love\",\"publisher\":{\"@id\":\"https:\\\/\\\/www.purejewels.com\\\/#organization\"},\"potentialAction\":[{\"@type\":\"SearchAction\",\"target\":{\"@type\":\"EntryPoint\",\"urlTemplate\":\"https:\\\/\\\/www.purejewels.com\\\/?s={search_term_string}\"},\"query-input\":{\"@type\":\"PropertyValueSpecification\",\"valueRequired\":true,\"valueName\":\"search_term_string\"}}],\"inLanguage\":\"tr\"},{\"@type\":\"Organization\",\"@id\":\"https:\\\/\\\/www.purejewels.com\\\/#organization\",\"name\":\"PureJewels UK\",\"url\":\"https:\\\/\\\/www.purejewels.com\\\/\",\"logo\":{\"@type\":\"ImageObject\",\"inLanguage\":\"tr\",\"@id\":\"https:\\\/\\\/www.purejewels.com\\\/#\\\/schema\\\/logo\\\/image\\\/\",\"url\":\"https:\\\/\\\/static.purejewels.com\\\/wp-content\\\/uploads\\\/2020\\\/11\\\/Logo-PJ-New-1.png\",\"contentUrl\":\"https:\\\/\\\/static.purejewels.com\\\/wp-content\\\/uploads\\\/2020\\\/11\\\/Logo-PJ-New-1.png\",\"width\":150,\"height\":80,\"caption\":\"PureJewels UK\"},\"image\":{\"@id\":\"https:\\\/\\\/www.purejewels.com\\\/#\\\/schema\\\/logo\\\/image\\\/\"}}]}<\/script>\n<!-- \/ Yoast SEO plugin. -->","yoast_head_json":{"title":"22 Ayar Alt\u0131n Klasik Mahkeme Kordonu - 5,2 gms, P Beden | PureJewels UK","description":"5,2 gram a\u011f\u0131rl\u0131\u011f\u0131ndaki 22 Ayar Alt\u0131n Klasik Kordonlu Y\u00fcz\u00fc\u011f\u00fc sat\u0131n al\u0131n. Safl\u0131k damgal\u0131, p\u00fcr\u00fczs\u00fcz kort profiliyle zamans\u0131z bir d\u00fc\u011f\u00fcn veya g\u00fcnl\u00fck y\u00fcz\u00fck.","robots":{"index":"index","follow":"follow","max-snippet":"max-snippet:-1","max-image-preview":"max-image-preview:large","max-video-preview":"max-video-preview:-1"},"canonical":"https:\/\/www.purejewels.com\/tr\/urun\/22-ayar-altin-klasik-mahkeme-bandi-51963\/","og_locale":"tr_TR","og_type":"article","og_title":"22ct Gold Classic Court Band \u2013 5.2gms, Size P | PureJewels UK","og_description":"Shop the 22ct Gold Classic Court Band, weighing 5.2gms. A timeless wedding or everyday ring with a smooth court profile, hallmarked for purity.","og_url":"https:\/\/www.purejewels.com\/tr\/urun\/22-ayar-altin-klasik-mahkeme-bandi-51963\/","og_site_name":"PureJewels UK","article_modified_time":"2026-03-23T04:33:07+00:00","og_image":[{"width":1000,"height":1000,"url":"https:\/\/static.purejewels.com\/wp-content\/uploads\/2025\/08\/SKU-51963.jpg","type":"image\/jpeg"}],"twitter_card":"summary_large_image","twitter_misc":{"Tahmini okuma s\u00fcresi":"1 dakika"},"schema":{"@context":"https:\/\/schema.org","@graph":[{"@type":["WebPage","ItemPage"],"@id":"https:\/\/www.purejewels.com\/product\/22ct-gold-classic-court-band-51963\/","url":"https:\/\/www.purejewels.com\/product\/22ct-gold-classic-court-band-51963\/","name":"22 Ayar Alt\u0131n Klasik Mahkeme Kordonu - 5,2 gms, P Beden | PureJewels UK","isPartOf":{"@id":"https:\/\/www.purejewels.com\/#website"},"primaryImageOfPage":{"@id":"https:\/\/www.purejewels.com\/product\/22ct-gold-classic-court-band-51963\/#primaryimage"},"image":{"@id":"https:\/\/www.purejewels.com\/product\/22ct-gold-classic-court-band-51963\/#primaryimage"},"thumbnailUrl":"https:\/\/static.purejewels.com\/wp-content\/uploads\/2025\/08\/SKU-51963.jpg","datePublished":"2025-07-19T08:26:54+00:00","dateModified":"2026-03-23T04:33:07+00:00","description":"5,2 gram a\u011f\u0131rl\u0131\u011f\u0131ndaki 22 Ayar Alt\u0131n Klasik Kordonlu Y\u00fcz\u00fc\u011f\u00fc sat\u0131n al\u0131n. Safl\u0131k damgal\u0131, p\u00fcr\u00fczs\u00fcz kort profiliyle zamans\u0131z bir d\u00fc\u011f\u00fcn veya g\u00fcnl\u00fck y\u00fcz\u00fck.","breadcrumb":{"@id":"https:\/\/www.purejewels.com\/product\/22ct-gold-classic-court-band-51963\/#breadcrumb"},"inLanguage":"tr","potentialAction":[{"@type":"ReadAction","target":["https:\/\/www.purejewels.com\/product\/22ct-gold-classic-court-band-51963\/"]}]},{"@type":"ImageObject","inLanguage":"tr","@id":"https:\/\/www.purejewels.com\/product\/22ct-gold-classic-court-band-51963\/#primaryimage","url":"https:\/\/static.purejewels.com\/wp-content\/uploads\/2025\/08\/SKU-51963.jpg","contentUrl":"https:\/\/static.purejewels.com\/wp-content\/uploads\/2025\/08\/SKU-51963.jpg","width":1000,"height":1000,"caption":"22ct Gold Classic Court Band"},{"@type":"BreadcrumbList","@id":"https:\/\/www.purejewels.com\/product\/22ct-gold-classic-court-band-51963\/#breadcrumb","itemListElement":[{"@type":"ListItem","position":1,"name":"Home","item":"https:\/\/www.purejewels.com\/"},{"@type":"ListItem","position":2,"name":"Shop","item":"https:\/\/www.purejewels.com\/shop\/"},{"@type":"ListItem","position":3,"name":"22ct Gold Classic Court Band"}]},{"@type":"WebSite","@id":"https:\/\/www.purejewels.com\/#website","url":"https:\/\/www.purejewels.com\/","name":"PureJewels \u0130ngiltere","description":"Sevgiyi Payla\u015f\u0131n","publisher":{"@id":"https:\/\/www.purejewels.com\/#organization"},"potentialAction":[{"@type":"SearchAction","target":{"@type":"EntryPoint","urlTemplate":"https:\/\/www.purejewels.com\/?s={search_term_string}"},"query-input":{"@type":"PropertyValueSpecification","valueRequired":true,"valueName":"search_term_string"}}],"inLanguage":"tr"},{"@type":"Organization","@id":"https:\/\/www.purejewels.com\/#organization","name":"PureJewels \u0130ngiltere","url":"https:\/\/www.purejewels.com\/","logo":{"@type":"ImageObject","inLanguage":"tr","@id":"https:\/\/www.purejewels.com\/#\/schema\/logo\/image\/","url":"https:\/\/static.purejewels.com\/wp-content\/uploads\/2020\/11\/Logo-PJ-New-1.png","contentUrl":"https:\/\/static.purejewels.com\/wp-content\/uploads\/2020\/11\/Logo-PJ-New-1.png","width":150,"height":80,"caption":"PureJewels UK"},"image":{"@id":"https:\/\/www.purejewels.com\/#\/schema\/logo\/image\/"}}]}},"_links":{"self":[{"href":"https:\/\/www.purejewels.com\/tr\/wp-json\/wp\/v2\/product\/412136","targetHints":{"allow":["GET"]}}],"collection":[{"href":"https:\/\/www.purejewels.com\/tr\/wp-json\/wp\/v2\/product"}],"about":[{"href":"https:\/\/www.purejewels.com\/tr\/wp-json\/wp\/v2\/types\/product"}],"replies":[{"embeddable":true,"href":"https:\/\/www.purejewels.com\/tr\/wp-json\/wp\/v2\/comments?post=412136"}],"version-history":[{"count":3,"href":"https:\/\/www.purejewels.com\/tr\/wp-json\/wp\/v2\/product\/412136\/revisions"}],"predecessor-version":[{"id":427430,"href":"https:\/\/www.purejewels.com\/tr\/wp-json\/wp\/v2\/product\/412136\/revisions\/427430"}],"wp:featuredmedia":[{"embeddable":true,"href":"https:\/\/www.purejewels.com\/tr\/wp-json\/wp\/v2\/media\/412149"}],"wp:attachment":[{"href":"https:\/\/www.purejewels.com\/tr\/wp-json\/wp\/v2\/media?parent=412136"}],"wp:term":[{"taxonomy":"product_brand","embeddable":true,"href":"https:\/\/www.purejewels.com\/tr\/wp-json\/wp\/v2\/product_brand?post=412136"},{"taxonomy":"product_cat","embeddable":true,"href":"https:\/\/www.purejewels.com\/tr\/wp-json\/wp\/v2\/product_cat?post=412136"},{"taxonomy":"product_tag","embeddable":true,"href":"https:\/\/www.purejewels.com\/tr\/wp-json\/wp\/v2\/product_tag?post=412136"}],"curies":[{"name":"wp","href":"https:\/\/api.w.org\/{rel}","templated":true}]}}