{"id":412156,"date":"2025-07-19T11:26:40","date_gmt":"2025-07-19T10:26:40","guid":{"rendered":"https:\/\/www.purejewels.com\/?post_type=product&#038;p=412156"},"modified":"2026-02-18T06:26:11","modified_gmt":"2026-02-18T06:26:11","slug":"22-ayar-sari-altin-klasik-muhur-yuzuk-52589","status":"publish","type":"product","link":"https:\/\/www.purejewels.com\/tr\/product\/22ct-yellow-gold-classic-signet-ring-52589\/","title":{"rendered":"22 Ayar Sar\u0131 Alt\u0131n Klasik Signet Y\u00fcz\u00fck"},"content":{"rendered":"<p data-start=\"549\" data-end=\"861\">G\u00fc\u00e7 ve miras\u0131n sembol\u00fc olan bu <strong data-start=\"589\" data-end=\"629\">22 Ayar Sar\u0131 Alt\u0131n Klasik Signet Y\u00fcz\u00fck<\/strong> zamans\u0131z stili takdir edenler i\u00e7in tasarlanm\u0131\u015ft\u0131r. Cesur sekizgen bir y\u00fcze ve omuzlar boyunca nerv\u00fcrl\u00fc detaylara sahip olan bu \u00fcr\u00fcn, temiz geometriyi geleneksel i\u015f\u00e7ilikle birle\u015ftirerek rafine ancak hakim bir duru\u015f yarat\u0131yor.<\/p>\n<p data-start=\"863\" data-end=\"1245\">Grav\u00fcr i\u00e7in ideal olan veya ayr\u0131cal\u0131kl\u0131 bir ifade olarak sade bir \u015fekilde tak\u0131lan bu par\u00e7a, de\u011ferli bir yadig\u00e2r olarak k\u00fclt\u00fcrel bir \u00f6nem ta\u015f\u0131r. Saf 22 ayar sar\u0131 alt\u0131ndan \u00fcretilmi\u015ftir ve tamamen <strong data-start=\"1037\" data-end=\"1078\">Londra Tahlil Ofisi taraf\u0131ndan damgalanm\u0131\u015ft\u0131r<\/strong>\u00f6zg\u00fcnl\u00fc\u011f\u00fc ve ola\u011fan\u00fcst\u00fc kaliteyi garanti eder. \u0130ster ki\u015fisel imza y\u00fcz\u00fc\u011f\u00fc ister anlaml\u0131 bir hediye olarak se\u00e7ilsin, zarafeti, miras\u0131 ve bireyselli\u011fi temsil eder.<\/p>\n<p data-start=\"1247\" data-end=\"1405\"><strong data-start=\"1247\" data-end=\"1259\">Anahtar Kelimeler<\/strong>: 22 ayar alt\u0131n m\u00fch\u00fcr y\u00fcz\u00fck, erkek alt\u0131n m\u00fch\u00fcr y\u00fcz\u00fck, sekizgen m\u00fch\u00fcr y\u00fcz\u00fck, sar\u0131 alt\u0131n ifade y\u00fcz\u00fc\u011f\u00fc, yadigar alt\u0131n tak\u0131lar, PureJewels alt\u0131n y\u00fcz\u00fck.<\/p>","protected":false},"excerpt":{"rendered":"<p>Som 22 ayar sar\u0131 alt\u0131ndan \u00fcretilen bu klasik m\u00fch\u00fcr y\u00fcz\u00fck, zarif bir g\u00f6r\u00fcn\u00fcm i\u00e7in yivli omuzlara sahip cesur bir sekizgen y\u00fcze sahiptir. Zamans\u0131z ve \u00e7ok y\u00f6nl\u00fc olan bu y\u00fcz\u00fck, se\u00e7kin bir ifade par\u00e7as\u0131 veya anlaml\u0131 bir aile yadigar\u0131d\u0131r. Safl\u0131k damgal\u0131 bu y\u00fcz\u00fck, PureJewels'in kaliteli alt\u0131n i\u015f\u00e7ili\u011fi gelene\u011fini yans\u0131tmaktad\u0131r.<\/p>\n<p><strong>Malzeme:<\/strong>\u00a022 Ayar Alt\u0131n<br \/>\n<strong>Safl\u0131k:<\/strong>\u00a091.6% saf alt\u0131n<br \/>\n<strong>Hallmark:<\/strong>\u00a0\u0130ngiliz Damgas\u0131<br \/>\n<strong>SKU:<\/strong> 52589<br \/>\n<strong>Br\u00fct A\u011f\u0131rl\u0131k:<\/strong> 18.70 Gms<\/p>\n<p><strong>Fiyat ve Teslimat:<\/strong>\u00a0KDV ve teslimat \u00fccretleri dahil<br \/>\n<a href=\"https:\/\/www.purejewels.com\/tr\/i%cc%87ade-poli%cc%87ti%cc%87kasi\/\"><strong>\u0130ade Politikas\u0131<\/strong><\/a><\/p>","protected":false},"featured_media":412159,"comment_status":"closed","ping_status":"closed","template":"","meta":{"_eb_attr":"","_crsspst_to_jayantr4sg-hostcom":false},"product_brand":[],"product_cat":[1785,1784,1235,1572,5349],"product_tag":[],"class_list":{"0":"post-412156","1":"product","2":"type-product","3":"status-publish","4":"has-post-thumbnail","6":"product_cat-daily-wear-rings","7":"product_cat-gents-rings","8":"product_cat-gold-rings","9":"product_cat-mens-jewellery","10":"product_cat-yellow-gold-jewellery","12":"first","13":"outofstock","14":"featured","15":"taxable","16":"shipping-taxable","17":"product-type-simple","18":"add-to-wishlist-before_image"},"yoast_head":"<!-- This site is optimized with the Yoast SEO plugin v27.3 - https:\/\/yoast.com\/product\/yoast-seo-wordpress\/ -->\n<title>22ct Yellow Gold Classic Signet Ring | PureJewels UK<\/title>\n<meta name=\"description\" content=\"Discover the 22ct Yellow Gold Classic Signet Ring with a bold octagonal face and ribbed shoulders. A timeless statement piece, hallmarked for purity.\" \/>\n<meta name=\"robots\" content=\"index, follow, max-snippet:-1, max-image-preview:large, max-video-preview:-1\" \/>\n<link rel=\"canonical\" href=\"https:\/\/www.purejewels.com\/tr\/urun\/22-ayar-sari-altin-klasik-muhur-yuzuk-52589\/\" \/>\n<meta property=\"og:locale\" content=\"tr_TR\" \/>\n<meta property=\"og:type\" content=\"article\" \/>\n<meta property=\"og:title\" content=\"22ct Yellow Gold Classic Signet Ring | PureJewels UK\" \/>\n<meta property=\"og:description\" content=\"Discover the 22ct Yellow Gold Classic Signet Ring with a bold octagonal face and ribbed shoulders. A timeless statement piece, hallmarked for purity.\" \/>\n<meta property=\"og:url\" content=\"https:\/\/www.purejewels.com\/tr\/urun\/22-ayar-sari-altin-klasik-muhur-yuzuk-52589\/\" \/>\n<meta property=\"og:site_name\" content=\"PureJewels UK\" \/>\n<meta property=\"article:modified_time\" content=\"2026-02-18T06:26:11+00:00\" \/>\n<meta property=\"og:image\" content=\"https:\/\/static.purejewels.com\/wp-content\/uploads\/2025\/08\/SKU-52589.jpg\" \/>\n\t<meta property=\"og:image:width\" content=\"1000\" \/>\n\t<meta property=\"og:image:height\" content=\"1000\" \/>\n\t<meta property=\"og:image:type\" content=\"image\/jpeg\" \/>\n<meta name=\"twitter:card\" content=\"summary_large_image\" \/>\n<meta name=\"twitter:label1\" content=\"Tahmini okuma s\u00fcresi\" \/>\n\t<meta name=\"twitter:data1\" content=\"1 dakika\" \/>\n<script type=\"application\/ld+json\" class=\"yoast-schema-graph\">{\"@context\":\"https:\\\/\\\/schema.org\",\"@graph\":[{\"@type\":[\"WebPage\",\"ItemPage\"],\"@id\":\"https:\\\/\\\/www.purejewels.com\\\/product\\\/22ct-yellow-gold-classic-signet-ring-52589\\\/\",\"url\":\"https:\\\/\\\/www.purejewels.com\\\/product\\\/22ct-yellow-gold-classic-signet-ring-52589\\\/\",\"name\":\"22ct Yellow Gold Classic Signet Ring | PureJewels UK\",\"isPartOf\":{\"@id\":\"https:\\\/\\\/www.purejewels.com\\\/#website\"},\"primaryImageOfPage\":{\"@id\":\"https:\\\/\\\/www.purejewels.com\\\/product\\\/22ct-yellow-gold-classic-signet-ring-52589\\\/#primaryimage\"},\"image\":{\"@id\":\"https:\\\/\\\/www.purejewels.com\\\/product\\\/22ct-yellow-gold-classic-signet-ring-52589\\\/#primaryimage\"},\"thumbnailUrl\":\"https:\\\/\\\/static.purejewels.com\\\/wp-content\\\/uploads\\\/2025\\\/08\\\/SKU-52589.jpg\",\"datePublished\":\"2025-07-19T10:26:40+00:00\",\"dateModified\":\"2026-02-18T06:26:11+00:00\",\"description\":\"Discover the 22ct Yellow Gold Classic Signet Ring with a bold octagonal face and ribbed shoulders. A timeless statement piece, hallmarked for purity.\",\"breadcrumb\":{\"@id\":\"https:\\\/\\\/www.purejewels.com\\\/product\\\/22ct-yellow-gold-classic-signet-ring-52589\\\/#breadcrumb\"},\"inLanguage\":\"tr\",\"potentialAction\":[{\"@type\":\"ReadAction\",\"target\":[\"https:\\\/\\\/www.purejewels.com\\\/product\\\/22ct-yellow-gold-classic-signet-ring-52589\\\/\"]}]},{\"@type\":\"ImageObject\",\"inLanguage\":\"tr\",\"@id\":\"https:\\\/\\\/www.purejewels.com\\\/product\\\/22ct-yellow-gold-classic-signet-ring-52589\\\/#primaryimage\",\"url\":\"https:\\\/\\\/static.purejewels.com\\\/wp-content\\\/uploads\\\/2025\\\/08\\\/SKU-52589.jpg\",\"contentUrl\":\"https:\\\/\\\/static.purejewels.com\\\/wp-content\\\/uploads\\\/2025\\\/08\\\/SKU-52589.jpg\",\"width\":1000,\"height\":1000,\"caption\":\"22ct Yellow Gold Classic Signet Ring\"},{\"@type\":\"BreadcrumbList\",\"@id\":\"https:\\\/\\\/www.purejewels.com\\\/product\\\/22ct-yellow-gold-classic-signet-ring-52589\\\/#breadcrumb\",\"itemListElement\":[{\"@type\":\"ListItem\",\"position\":1,\"name\":\"Home\",\"item\":\"https:\\\/\\\/www.purejewels.com\\\/\"},{\"@type\":\"ListItem\",\"position\":2,\"name\":\"Shop\",\"item\":\"https:\\\/\\\/www.purejewels.com\\\/shop\\\/\"},{\"@type\":\"ListItem\",\"position\":3,\"name\":\"22ct Yellow Gold Classic Signet Ring\"}]},{\"@type\":\"WebSite\",\"@id\":\"https:\\\/\\\/www.purejewels.com\\\/#website\",\"url\":\"https:\\\/\\\/www.purejewels.com\\\/\",\"name\":\"PureJewels UK\",\"description\":\"Share the Love\",\"publisher\":{\"@id\":\"https:\\\/\\\/www.purejewels.com\\\/#organization\"},\"potentialAction\":[{\"@type\":\"SearchAction\",\"target\":{\"@type\":\"EntryPoint\",\"urlTemplate\":\"https:\\\/\\\/www.purejewels.com\\\/?s={search_term_string}\"},\"query-input\":{\"@type\":\"PropertyValueSpecification\",\"valueRequired\":true,\"valueName\":\"search_term_string\"}}],\"inLanguage\":\"tr\"},{\"@type\":\"Organization\",\"@id\":\"https:\\\/\\\/www.purejewels.com\\\/#organization\",\"name\":\"PureJewels UK\",\"url\":\"https:\\\/\\\/www.purejewels.com\\\/\",\"logo\":{\"@type\":\"ImageObject\",\"inLanguage\":\"tr\",\"@id\":\"https:\\\/\\\/www.purejewels.com\\\/#\\\/schema\\\/logo\\\/image\\\/\",\"url\":\"https:\\\/\\\/static.purejewels.com\\\/wp-content\\\/uploads\\\/2020\\\/11\\\/Logo-PJ-New-1.png\",\"contentUrl\":\"https:\\\/\\\/static.purejewels.com\\\/wp-content\\\/uploads\\\/2020\\\/11\\\/Logo-PJ-New-1.png\",\"width\":150,\"height\":80,\"caption\":\"PureJewels UK\"},\"image\":{\"@id\":\"https:\\\/\\\/www.purejewels.com\\\/#\\\/schema\\\/logo\\\/image\\\/\"}}]}<\/script>\n<!-- \/ Yoast SEO plugin. -->","yoast_head_json":{"title":"22 Ayar Sar\u0131 Alt\u0131n Klasik Signet Y\u00fcz\u00fck | PureJewels UK","description":"Cesur sekizgen y\u00fcz\u00fc ve yivli omuzlar\u0131yla 22 Ayar Sar\u0131 Alt\u0131n Klasik Signet Y\u00fcz\u00fc\u011f\u00fc ke\u015ffedin. Safl\u0131k damgal\u0131, zamans\u0131z bir ifade par\u00e7as\u0131.","robots":{"index":"index","follow":"follow","max-snippet":"max-snippet:-1","max-image-preview":"max-image-preview:large","max-video-preview":"max-video-preview:-1"},"canonical":"https:\/\/www.purejewels.com\/tr\/urun\/22-ayar-sari-altin-klasik-muhur-yuzuk-52589\/","og_locale":"tr_TR","og_type":"article","og_title":"22ct Yellow Gold Classic Signet Ring | PureJewels UK","og_description":"Discover the 22ct Yellow Gold Classic Signet Ring with a bold octagonal face and ribbed shoulders. A timeless statement piece, hallmarked for purity.","og_url":"https:\/\/www.purejewels.com\/tr\/urun\/22-ayar-sari-altin-klasik-muhur-yuzuk-52589\/","og_site_name":"PureJewels UK","article_modified_time":"2026-02-18T06:26:11+00:00","og_image":[{"width":1000,"height":1000,"url":"https:\/\/static.purejewels.com\/wp-content\/uploads\/2025\/08\/SKU-52589.jpg","type":"image\/jpeg"}],"twitter_card":"summary_large_image","twitter_misc":{"Tahmini okuma s\u00fcresi":"1 dakika"},"schema":{"@context":"https:\/\/schema.org","@graph":[{"@type":["WebPage","ItemPage"],"@id":"https:\/\/www.purejewels.com\/product\/22ct-yellow-gold-classic-signet-ring-52589\/","url":"https:\/\/www.purejewels.com\/product\/22ct-yellow-gold-classic-signet-ring-52589\/","name":"22 Ayar Sar\u0131 Alt\u0131n Klasik Signet Y\u00fcz\u00fck | PureJewels UK","isPartOf":{"@id":"https:\/\/www.purejewels.com\/#website"},"primaryImageOfPage":{"@id":"https:\/\/www.purejewels.com\/product\/22ct-yellow-gold-classic-signet-ring-52589\/#primaryimage"},"image":{"@id":"https:\/\/www.purejewels.com\/product\/22ct-yellow-gold-classic-signet-ring-52589\/#primaryimage"},"thumbnailUrl":"https:\/\/static.purejewels.com\/wp-content\/uploads\/2025\/08\/SKU-52589.jpg","datePublished":"2025-07-19T10:26:40+00:00","dateModified":"2026-02-18T06:26:11+00:00","description":"Cesur sekizgen y\u00fcz\u00fc ve yivli omuzlar\u0131yla 22 Ayar Sar\u0131 Alt\u0131n Klasik Signet Y\u00fcz\u00fc\u011f\u00fc ke\u015ffedin. Safl\u0131k damgal\u0131, zamans\u0131z bir ifade par\u00e7as\u0131.","breadcrumb":{"@id":"https:\/\/www.purejewels.com\/product\/22ct-yellow-gold-classic-signet-ring-52589\/#breadcrumb"},"inLanguage":"tr","potentialAction":[{"@type":"ReadAction","target":["https:\/\/www.purejewels.com\/product\/22ct-yellow-gold-classic-signet-ring-52589\/"]}]},{"@type":"ImageObject","inLanguage":"tr","@id":"https:\/\/www.purejewels.com\/product\/22ct-yellow-gold-classic-signet-ring-52589\/#primaryimage","url":"https:\/\/static.purejewels.com\/wp-content\/uploads\/2025\/08\/SKU-52589.jpg","contentUrl":"https:\/\/static.purejewels.com\/wp-content\/uploads\/2025\/08\/SKU-52589.jpg","width":1000,"height":1000,"caption":"22ct Yellow Gold Classic Signet Ring"},{"@type":"BreadcrumbList","@id":"https:\/\/www.purejewels.com\/product\/22ct-yellow-gold-classic-signet-ring-52589\/#breadcrumb","itemListElement":[{"@type":"ListItem","position":1,"name":"Home","item":"https:\/\/www.purejewels.com\/"},{"@type":"ListItem","position":2,"name":"Shop","item":"https:\/\/www.purejewels.com\/shop\/"},{"@type":"ListItem","position":3,"name":"22ct Yellow Gold Classic Signet Ring"}]},{"@type":"WebSite","@id":"https:\/\/www.purejewels.com\/#website","url":"https:\/\/www.purejewels.com\/","name":"PureJewels \u0130ngiltere","description":"Sevgiyi Payla\u015f\u0131n","publisher":{"@id":"https:\/\/www.purejewels.com\/#organization"},"potentialAction":[{"@type":"SearchAction","target":{"@type":"EntryPoint","urlTemplate":"https:\/\/www.purejewels.com\/?s={search_term_string}"},"query-input":{"@type":"PropertyValueSpecification","valueRequired":true,"valueName":"search_term_string"}}],"inLanguage":"tr"},{"@type":"Organization","@id":"https:\/\/www.purejewels.com\/#organization","name":"PureJewels \u0130ngiltere","url":"https:\/\/www.purejewels.com\/","logo":{"@type":"ImageObject","inLanguage":"tr","@id":"https:\/\/www.purejewels.com\/#\/schema\/logo\/image\/","url":"https:\/\/static.purejewels.com\/wp-content\/uploads\/2020\/11\/Logo-PJ-New-1.png","contentUrl":"https:\/\/static.purejewels.com\/wp-content\/uploads\/2020\/11\/Logo-PJ-New-1.png","width":150,"height":80,"caption":"PureJewels UK"},"image":{"@id":"https:\/\/www.purejewels.com\/#\/schema\/logo\/image\/"}}]}},"_links":{"self":[{"href":"https:\/\/www.purejewels.com\/tr\/wp-json\/wp\/v2\/product\/412156","targetHints":{"allow":["GET"]}}],"collection":[{"href":"https:\/\/www.purejewels.com\/tr\/wp-json\/wp\/v2\/product"}],"about":[{"href":"https:\/\/www.purejewels.com\/tr\/wp-json\/wp\/v2\/types\/product"}],"replies":[{"embeddable":true,"href":"https:\/\/www.purejewels.com\/tr\/wp-json\/wp\/v2\/comments?post=412156"}],"version-history":[{"count":2,"href":"https:\/\/www.purejewels.com\/tr\/wp-json\/wp\/v2\/product\/412156\/revisions"}],"predecessor-version":[{"id":412162,"href":"https:\/\/www.purejewels.com\/tr\/wp-json\/wp\/v2\/product\/412156\/revisions\/412162"}],"wp:featuredmedia":[{"embeddable":true,"href":"https:\/\/www.purejewels.com\/tr\/wp-json\/wp\/v2\/media\/412159"}],"wp:attachment":[{"href":"https:\/\/www.purejewels.com\/tr\/wp-json\/wp\/v2\/media?parent=412156"}],"wp:term":[{"taxonomy":"product_brand","embeddable":true,"href":"https:\/\/www.purejewels.com\/tr\/wp-json\/wp\/v2\/product_brand?post=412156"},{"taxonomy":"product_cat","embeddable":true,"href":"https:\/\/www.purejewels.com\/tr\/wp-json\/wp\/v2\/product_cat?post=412156"},{"taxonomy":"product_tag","embeddable":true,"href":"https:\/\/www.purejewels.com\/tr\/wp-json\/wp\/v2\/product_tag?post=412156"}],"curies":[{"name":"wp","href":"https:\/\/api.w.org\/{rel}","templated":true}]}}