{"id":412168,"date":"2025-07-19T12:00:09","date_gmt":"2025-07-19T11:00:09","guid":{"rendered":"https:\/\/www.purejewels.com\/?post_type=product&#038;p=412168"},"modified":"2026-05-03T18:20:44","modified_gmt":"2026-05-03T17:20:44","slug":"damlacikli-22-ayar-altin-klasik-zincir-halhal-52301","status":"publish","type":"product","link":"https:\/\/www.purejewels.com\/tr\/product\/22ct-gold-classic-chain-anklet-with-droplets-52301\/","title":{"rendered":"Damlac\u0131kl\u0131 22 Ayar Alt\u0131n Klasik Zincir Halhal"},"content":{"rendered":"<p data-start=\"555\" data-end=\"816\">Bu g\u00fczel tasar\u0131ml\u0131 \u00fcr\u00fcnle zarafeti kutlay\u0131n <strong data-start=\"605\" data-end=\"639\">22 Ayar Alt\u0131n Klasik Zincir Halhal<\/strong>narin alt\u0131n damlac\u0131k tak\u0131lar\u0131yla s\u00fcslenmi\u015ftir. Halhal, ince bir alt\u0131n zinciri e\u015fit aral\u0131kl\u0131 damlac\u0131klarla birle\u015ftirerek siz hareket ettik\u00e7e ince bir \u0131\u015f\u0131lt\u0131 ve yumu\u015fak bir \u015f\u0131ng\u0131rt\u0131 etkisi yarat\u0131r.<\/p>\n<p data-start=\"818\" data-end=\"1114\">\u00d6l\u00e7me <strong data-start=\"828\" data-end=\"841\">10 in\u00e7<\/strong>rahat bir uyum sunarak g\u00fcnl\u00fck kullan\u0131m i\u00e7in m\u00fckemmel hale getirirken, d\u00fc\u011f\u00fcnler ve \u00f6zel g\u00fcnler i\u00e7in zarif bir se\u00e7im olarak kal\u0131r. Tamamen <strong data-start=\"981\" data-end=\"1022\">Londra Tahlil Ofisi taraf\u0131ndan damgalanm\u0131\u015ft\u0131r<\/strong>, Bu halhal PureJewels'in el i\u015f\u00e7ili\u011fi, safl\u0131k ve zamans\u0131z tasar\u0131m miras\u0131n\u0131 yans\u0131t\u0131yor.<\/p>\n<p data-start=\"1116\" data-end=\"1248\">\u0130ster bir sevgi simgesi olarak hediye edilsin ister ki\u015fisel bir hazine olarak tak\u0131ls\u0131n, bu alt\u0131n halhal her ad\u0131m\u0131n\u0131za cazibe, zarafet ve gelenek katar.<\/p>","protected":false},"excerpt":{"rendered":"<p>Sadeli\u011fiyle zarif olan bu <strong data-start=\"176\" data-end=\"196\">22 ayar alt\u0131n halhal<\/strong> narin alt\u0131n damlac\u0131klarla s\u00fcslenmi\u015f tek bir ince zincire sahiptir ve her ad\u0131mda nazik bir ritim ve zamans\u0131z bir \u00e7ekicilik yarat\u0131r. Hafif, zarif ve safl\u0131k damgal\u0131 bu zincir, k\u00f6kleri mirasa dayanan ve modern kullan\u0131m i\u00e7in \u00fcretilmi\u015f klasik bir s\u00fcslemedir.<\/p>\n<p><strong>Malzeme:<\/strong>\u00a022 Ayar Alt\u0131n<br \/>\n<strong>Safl\u0131k:<\/strong>\u00a091.6% saf<br \/>\n<strong>Hallmark:<\/strong>\u00a0\u0130ngiliz Damgas\u0131<strong><br \/>\n<\/strong><strong>Br\u00fct A\u011f\u0131rl\u0131k: <\/strong>10.4 Gms<br \/>\n<strong>Uzunluk:<\/strong> 10 in\u00e7<br \/>\n<strong>SKU:<\/strong> <span data-teams=\"true\">52301<\/span><\/p>\n<p><strong>Fiyat ve Teslimat<\/strong>: KDV ve teslimat \u00fccreti dahil<br \/>\n<a href=\"https:\/\/www.purejewels.com\/tr\/i%cc%87ade-poli%cc%87ti%cc%87kasi\/\">\u0130ade Politikas\u0131<\/a><\/p>\n<p>&nbsp;<\/p>","protected":false},"featured_media":412506,"comment_status":"closed","ping_status":"closed","template":"","meta":{"_eb_attr":"","_crsspst_to_jayantr4sg-hostcom":true},"product_brand":[],"product_cat":[1760,1559,1793,1792,1574,5349],"product_tag":[],"class_list":{"0":"post-412168","1":"product","2":"type-product","3":"status-publish","4":"has-post-thumbnail","6":"product_cat-gold-anklets","7":"product_cat-birthday-gifts","8":"product_cat-diwali-gifts","9":"product_cat-festival-gifts","10":"product_cat-womens-jewellery","11":"product_cat-yellow-gold-jewellery","13":"first","14":"outofstock","15":"taxable","16":"shipping-taxable","17":"product-type-simple","18":"add-to-wishlist-before_image"},"yoast_head":"<!-- This site is optimized with the Yoast SEO plugin v27.6 - https:\/\/yoast.com\/product\/yoast-seo-wordpress\/ -->\n<title>22ct Gold Classic Chain Anklet with Droplets | PureJewels UK<\/title>\n<meta name=\"description\" content=\"Grace your steps with timeless beauty. This 22ct gold chain anklet with delicate droplets embodies PureJewels\u2019 heritage and craftsmanship.\" \/>\n<meta name=\"robots\" content=\"index, follow, max-snippet:-1, max-image-preview:large, max-video-preview:-1\" \/>\n<link rel=\"canonical\" href=\"https:\/\/www.purejewels.com\/tr\/urun\/damlacikli-22-ayar-altin-klasik-zincir-halhal-52301\/\" \/>\n<meta property=\"og:locale\" content=\"tr_TR\" \/>\n<meta property=\"og:type\" content=\"article\" \/>\n<meta property=\"og:title\" content=\"22ct Gold Classic Chain Anklet with Droplets | PureJewels UK\" \/>\n<meta property=\"og:description\" content=\"Grace your steps with timeless beauty. This 22ct gold chain anklet with delicate droplets embodies PureJewels\u2019 heritage and craftsmanship.\" \/>\n<meta property=\"og:url\" content=\"https:\/\/www.purejewels.com\/tr\/urun\/damlacikli-22-ayar-altin-klasik-zincir-halhal-52301\/\" \/>\n<meta property=\"og:site_name\" content=\"PureJewels UK\" \/>\n<meta property=\"article:modified_time\" content=\"2026-05-03T17:20:44+00:00\" \/>\n<meta property=\"og:image\" content=\"https:\/\/static.purejewels.com\/wp-content\/uploads\/2025\/08\/SKU-52300.jpg\" \/>\n\t<meta property=\"og:image:width\" content=\"1000\" \/>\n\t<meta property=\"og:image:height\" content=\"1000\" \/>\n\t<meta property=\"og:image:type\" content=\"image\/jpeg\" \/>\n<meta name=\"twitter:card\" content=\"summary_large_image\" \/>\n<meta name=\"twitter:label1\" content=\"Tahmini okuma s\u00fcresi\" \/>\n\t<meta name=\"twitter:data1\" content=\"1 dakika\" \/>\n<script type=\"application\/ld+json\" class=\"yoast-schema-graph\">{\"@context\":\"https:\\\/\\\/schema.org\",\"@graph\":[{\"@type\":[\"WebPage\",\"ItemPage\"],\"@id\":\"https:\\\/\\\/www.purejewels.com\\\/product\\\/22ct-gold-classic-chain-anklet-with-droplets-52301\\\/\",\"url\":\"https:\\\/\\\/www.purejewels.com\\\/product\\\/22ct-gold-classic-chain-anklet-with-droplets-52301\\\/\",\"name\":\"22ct Gold Classic Chain Anklet with Droplets | PureJewels UK\",\"isPartOf\":{\"@id\":\"https:\\\/\\\/www.purejewels.com\\\/#website\"},\"primaryImageOfPage\":{\"@id\":\"https:\\\/\\\/www.purejewels.com\\\/product\\\/22ct-gold-classic-chain-anklet-with-droplets-52301\\\/#primaryimage\"},\"image\":{\"@id\":\"https:\\\/\\\/www.purejewels.com\\\/product\\\/22ct-gold-classic-chain-anklet-with-droplets-52301\\\/#primaryimage\"},\"thumbnailUrl\":\"https:\\\/\\\/static.purejewels.com\\\/wp-content\\\/uploads\\\/2025\\\/08\\\/SKU-52300.jpg\",\"datePublished\":\"2025-07-19T11:00:09+00:00\",\"dateModified\":\"2026-05-03T17:20:44+00:00\",\"description\":\"Grace your steps with timeless beauty. This 22ct gold chain anklet with delicate droplets embodies PureJewels\u2019 heritage and craftsmanship.\",\"breadcrumb\":{\"@id\":\"https:\\\/\\\/www.purejewels.com\\\/product\\\/22ct-gold-classic-chain-anklet-with-droplets-52301\\\/#breadcrumb\"},\"inLanguage\":\"tr\",\"potentialAction\":[{\"@type\":\"ReadAction\",\"target\":[\"https:\\\/\\\/www.purejewels.com\\\/product\\\/22ct-gold-classic-chain-anklet-with-droplets-52301\\\/\"]}]},{\"@type\":\"ImageObject\",\"inLanguage\":\"tr\",\"@id\":\"https:\\\/\\\/www.purejewels.com\\\/product\\\/22ct-gold-classic-chain-anklet-with-droplets-52301\\\/#primaryimage\",\"url\":\"https:\\\/\\\/static.purejewels.com\\\/wp-content\\\/uploads\\\/2025\\\/08\\\/SKU-52300.jpg\",\"contentUrl\":\"https:\\\/\\\/static.purejewels.com\\\/wp-content\\\/uploads\\\/2025\\\/08\\\/SKU-52300.jpg\",\"width\":1000,\"height\":1000,\"caption\":\"22ct Gold Classic Chain Anklet with Droplets\"},{\"@type\":\"BreadcrumbList\",\"@id\":\"https:\\\/\\\/www.purejewels.com\\\/product\\\/22ct-gold-classic-chain-anklet-with-droplets-52301\\\/#breadcrumb\",\"itemListElement\":[{\"@type\":\"ListItem\",\"position\":1,\"name\":\"Home\",\"item\":\"https:\\\/\\\/www.purejewels.com\\\/\"},{\"@type\":\"ListItem\",\"position\":2,\"name\":\"Shop\",\"item\":\"https:\\\/\\\/www.purejewels.com\\\/shop\\\/\"},{\"@type\":\"ListItem\",\"position\":3,\"name\":\"22ct Gold Classic Chain Anklet with Droplets\"}]},{\"@type\":\"WebSite\",\"@id\":\"https:\\\/\\\/www.purejewels.com\\\/#website\",\"url\":\"https:\\\/\\\/www.purejewels.com\\\/\",\"name\":\"PureJewels UK\",\"description\":\"Share the Love\",\"publisher\":{\"@id\":\"https:\\\/\\\/www.purejewels.com\\\/#organization\"},\"potentialAction\":[{\"@type\":\"SearchAction\",\"target\":{\"@type\":\"EntryPoint\",\"urlTemplate\":\"https:\\\/\\\/www.purejewels.com\\\/?s={search_term_string}\"},\"query-input\":{\"@type\":\"PropertyValueSpecification\",\"valueRequired\":true,\"valueName\":\"search_term_string\"}}],\"inLanguage\":\"tr\"},{\"@type\":\"Organization\",\"@id\":\"https:\\\/\\\/www.purejewels.com\\\/#organization\",\"name\":\"PureJewels UK\",\"url\":\"https:\\\/\\\/www.purejewels.com\\\/\",\"logo\":{\"@type\":\"ImageObject\",\"inLanguage\":\"tr\",\"@id\":\"https:\\\/\\\/www.purejewels.com\\\/#\\\/schema\\\/logo\\\/image\\\/\",\"url\":\"https:\\\/\\\/static.purejewels.com\\\/wp-content\\\/uploads\\\/2020\\\/11\\\/Logo-PJ-New-1.png\",\"contentUrl\":\"https:\\\/\\\/static.purejewels.com\\\/wp-content\\\/uploads\\\/2020\\\/11\\\/Logo-PJ-New-1.png\",\"width\":150,\"height\":80,\"caption\":\"PureJewels UK\"},\"image\":{\"@id\":\"https:\\\/\\\/www.purejewels.com\\\/#\\\/schema\\\/logo\\\/image\\\/\"}}]}<\/script>\n<!-- \/ Yoast SEO plugin. -->","yoast_head_json":{"title":"Damlac\u0131kl\u0131 22 Ayar Alt\u0131n Klasik Zincir Halhal | PureJewels UK","description":"Ad\u0131mlar\u0131n\u0131z\u0131 zamans\u0131z bir g\u00fczellikle s\u00fcsleyin. Narin damlac\u0131klara sahip bu 22 ayar alt\u0131n zincir halhal, PureJewels'in miras\u0131n\u0131 ve i\u015f\u00e7ili\u011fini temsil ediyor.","robots":{"index":"index","follow":"follow","max-snippet":"max-snippet:-1","max-image-preview":"max-image-preview:large","max-video-preview":"max-video-preview:-1"},"canonical":"https:\/\/www.purejewels.com\/tr\/urun\/damlacikli-22-ayar-altin-klasik-zincir-halhal-52301\/","og_locale":"tr_TR","og_type":"article","og_title":"22ct Gold Classic Chain Anklet with Droplets | PureJewels UK","og_description":"Grace your steps with timeless beauty. This 22ct gold chain anklet with delicate droplets embodies PureJewels\u2019 heritage and craftsmanship.","og_url":"https:\/\/www.purejewels.com\/tr\/urun\/damlacikli-22-ayar-altin-klasik-zincir-halhal-52301\/","og_site_name":"PureJewels UK","article_modified_time":"2026-05-03T17:20:44+00:00","og_image":[{"width":1000,"height":1000,"url":"https:\/\/static.purejewels.com\/wp-content\/uploads\/2025\/08\/SKU-52300.jpg","type":"image\/jpeg"}],"twitter_card":"summary_large_image","twitter_misc":{"Tahmini okuma s\u00fcresi":"1 dakika"},"schema":{"@context":"https:\/\/schema.org","@graph":[{"@type":["WebPage","ItemPage"],"@id":"https:\/\/www.purejewels.com\/product\/22ct-gold-classic-chain-anklet-with-droplets-52301\/","url":"https:\/\/www.purejewels.com\/product\/22ct-gold-classic-chain-anklet-with-droplets-52301\/","name":"Damlac\u0131kl\u0131 22 Ayar Alt\u0131n Klasik Zincir Halhal | PureJewels UK","isPartOf":{"@id":"https:\/\/www.purejewels.com\/#website"},"primaryImageOfPage":{"@id":"https:\/\/www.purejewels.com\/product\/22ct-gold-classic-chain-anklet-with-droplets-52301\/#primaryimage"},"image":{"@id":"https:\/\/www.purejewels.com\/product\/22ct-gold-classic-chain-anklet-with-droplets-52301\/#primaryimage"},"thumbnailUrl":"https:\/\/static.purejewels.com\/wp-content\/uploads\/2025\/08\/SKU-52300.jpg","datePublished":"2025-07-19T11:00:09+00:00","dateModified":"2026-05-03T17:20:44+00:00","description":"Ad\u0131mlar\u0131n\u0131z\u0131 zamans\u0131z bir g\u00fczellikle s\u00fcsleyin. Narin damlac\u0131klara sahip bu 22 ayar alt\u0131n zincir halhal, PureJewels'in miras\u0131n\u0131 ve i\u015f\u00e7ili\u011fini temsil ediyor.","breadcrumb":{"@id":"https:\/\/www.purejewels.com\/product\/22ct-gold-classic-chain-anklet-with-droplets-52301\/#breadcrumb"},"inLanguage":"tr","potentialAction":[{"@type":"ReadAction","target":["https:\/\/www.purejewels.com\/product\/22ct-gold-classic-chain-anklet-with-droplets-52301\/"]}]},{"@type":"ImageObject","inLanguage":"tr","@id":"https:\/\/www.purejewels.com\/product\/22ct-gold-classic-chain-anklet-with-droplets-52301\/#primaryimage","url":"https:\/\/static.purejewels.com\/wp-content\/uploads\/2025\/08\/SKU-52300.jpg","contentUrl":"https:\/\/static.purejewels.com\/wp-content\/uploads\/2025\/08\/SKU-52300.jpg","width":1000,"height":1000,"caption":"22ct Gold Classic Chain Anklet with Droplets"},{"@type":"BreadcrumbList","@id":"https:\/\/www.purejewels.com\/product\/22ct-gold-classic-chain-anklet-with-droplets-52301\/#breadcrumb","itemListElement":[{"@type":"ListItem","position":1,"name":"Home","item":"https:\/\/www.purejewels.com\/"},{"@type":"ListItem","position":2,"name":"Shop","item":"https:\/\/www.purejewels.com\/shop\/"},{"@type":"ListItem","position":3,"name":"22ct Gold Classic Chain Anklet with Droplets"}]},{"@type":"WebSite","@id":"https:\/\/www.purejewels.com\/#website","url":"https:\/\/www.purejewels.com\/","name":"PureJewels \u0130ngiltere","description":"Sevgiyi Payla\u015f\u0131n","publisher":{"@id":"https:\/\/www.purejewels.com\/#organization"},"potentialAction":[{"@type":"SearchAction","target":{"@type":"EntryPoint","urlTemplate":"https:\/\/www.purejewels.com\/?s={search_term_string}"},"query-input":{"@type":"PropertyValueSpecification","valueRequired":true,"valueName":"search_term_string"}}],"inLanguage":"tr"},{"@type":"Organization","@id":"https:\/\/www.purejewels.com\/#organization","name":"PureJewels \u0130ngiltere","url":"https:\/\/www.purejewels.com\/","logo":{"@type":"ImageObject","inLanguage":"tr","@id":"https:\/\/www.purejewels.com\/#\/schema\/logo\/image\/","url":"https:\/\/static.purejewels.com\/wp-content\/uploads\/2020\/11\/Logo-PJ-New-1.png","contentUrl":"https:\/\/static.purejewels.com\/wp-content\/uploads\/2020\/11\/Logo-PJ-New-1.png","width":150,"height":80,"caption":"PureJewels UK"},"image":{"@id":"https:\/\/www.purejewels.com\/#\/schema\/logo\/image\/"}}]}},"_links":{"self":[{"href":"https:\/\/www.purejewels.com\/tr\/wp-json\/wp\/v2\/product\/412168","targetHints":{"allow":["GET"]}}],"collection":[{"href":"https:\/\/www.purejewels.com\/tr\/wp-json\/wp\/v2\/product"}],"about":[{"href":"https:\/\/www.purejewels.com\/tr\/wp-json\/wp\/v2\/types\/product"}],"replies":[{"embeddable":true,"href":"https:\/\/www.purejewels.com\/tr\/wp-json\/wp\/v2\/comments?post=412168"}],"version-history":[{"count":4,"href":"https:\/\/www.purejewels.com\/tr\/wp-json\/wp\/v2\/product\/412168\/revisions"}],"predecessor-version":[{"id":429412,"href":"https:\/\/www.purejewels.com\/tr\/wp-json\/wp\/v2\/product\/412168\/revisions\/429412"}],"wp:featuredmedia":[{"embeddable":true,"href":"https:\/\/www.purejewels.com\/tr\/wp-json\/wp\/v2\/media\/412506"}],"wp:attachment":[{"href":"https:\/\/www.purejewels.com\/tr\/wp-json\/wp\/v2\/media?parent=412168"}],"wp:term":[{"taxonomy":"product_brand","embeddable":true,"href":"https:\/\/www.purejewels.com\/tr\/wp-json\/wp\/v2\/product_brand?post=412168"},{"taxonomy":"product_cat","embeddable":true,"href":"https:\/\/www.purejewels.com\/tr\/wp-json\/wp\/v2\/product_cat?post=412168"},{"taxonomy":"product_tag","embeddable":true,"href":"https:\/\/www.purejewels.com\/tr\/wp-json\/wp\/v2\/product_tag?post=412168"}],"curies":[{"name":"wp","href":"https:\/\/api.w.org\/{rel}","templated":true}]}}