{"id":412369,"date":"2025-01-21T06:05:51","date_gmt":"2025-01-21T06:05:51","guid":{"rendered":"https:\/\/www.purejewels.com\/?post_type=product&#038;p=412369"},"modified":"2026-02-02T10:00:10","modified_gmt":"2026-02-02T10:00:10","slug":"18-ayar-altin-baklali-zincir-51986","status":"publish","type":"product","link":"https:\/\/www.purejewels.com\/tr\/product\/18ct-gold-link-chain-51986\/","title":{"rendered":"18 Ayar Alt\u0131n Link Zincir"},"content":{"rendered":"<p data-start=\"267\" data-end=\"578\">Bu <strong data-start=\"313\" data-end=\"339\">18 Ayar Sar\u0131 Alt\u0131n Zincir<\/strong> g\u00fcnl\u00fck stilinizi tamamlamak veya de\u011ferli bir kolyeyi y\u00fckseltmek i\u00e7in tasarlanm\u0131\u015f zarif bir temeldir. \u00d6l\u00e7\u00fcm <strong data-start=\"448\" data-end=\"463\">17,5 in\u00e7<\/strong> adresinde ek bir ba\u011flant\u0131 ile <strong data-start=\"491\" data-end=\"506\">16,5 in\u00e7<\/strong>Katmanl\u0131 g\u00f6r\u00fcn\u00fcmler veya daha yak\u0131n bir yaka uyumu i\u00e7in esnek bir stil sunar.<\/p>\n<p data-start=\"580\" data-end=\"830\">Parlak kuma\u015ftan \u00fcretilmi\u015ftir <strong data-start=\"599\" data-end=\"623\">18 ayar sar\u0131 alt\u0131n<\/strong>zincir hem hafiftir hem de <strong data-start=\"658\" data-end=\"671\">2,7 gram<\/strong> ve l\u00fcks bir \u015fekilde tamamlanm\u0131\u015ft\u0131r. Zarif ba\u011flant\u0131 tasar\u0131m\u0131 ince bir sofistikeli\u011fi yans\u0131t\u0131r, tek ba\u015f\u0131na takmak veya g\u00fczel bir tak\u0131 veya kolye ile e\u015fle\u015ftirmek i\u00e7in uygundur.<\/p>\n<p data-start=\"832\" data-end=\"1094\"><strong data-start=\"832\" data-end=\"857\">Safl\u0131k i\u00e7in damgalanm\u0131\u015ft\u0131r<\/strong> ve titizlikle parlat\u0131lm\u0131\u015f bu zincir, PureJewels'in kaliteli malzemelere ve zamans\u0131z tasar\u0131ma olan ba\u011fl\u0131l\u0131\u011f\u0131n\u0131 temsil eder. \u0130ster hediye edilsin ister ki\u015fisel bir z\u0131mba olarak se\u00e7ilsin, sizinle birlikte zahmetsizce hareket eden bir par\u00e7ad\u0131r; zarif, uyarlanabilir ve kal\u0131c\u0131d\u0131r.<\/p>","protected":false},"excerpt":{"rendered":"<div class=\"woocommerce-product-details__short-description\">\n<div class=\"woocommerce-product-details__short-description\">\n<table class=\"sh_desc\">\n<tbody>\n<tr>\n<td>Zincir Tipi<\/td>\n<td>Ba\u011flant\u0131 Zinciri<\/td>\n<\/tr>\n<tr>\n<td>SKU<\/td>\n<td>51986<\/td>\n<\/tr>\n<tr>\n<td>Metal<\/td>\n<td>18 Ayar Alt\u0131n<\/td>\n<\/tr>\n<tr>\n<td>Kal\u0131nl\u0131k<\/td>\n<td>0,8 mm<\/td>\n<\/tr>\n<tr>\n<td>Uzunluk<\/td>\n<td>17,5 in\u00e7<\/td>\n<\/tr>\n<tr>\n<td>A\u011f\u0131rl\u0131k.<\/td>\n<td>2.7 Gms<\/td>\n<\/tr>\n<tr>\n<td>Hallmark<\/td>\n<td>Londra Tahlil Ofisi Taraf\u0131ndan Damgalanm\u0131\u015f 18 Ayar Alt\u0131n<\/td>\n<\/tr>\n<tr>\n<td>\u00dccretler<\/td>\n<td>Teslimat ve KDV Dahil<\/td>\n<\/tr>\n<tr>\n<td>Paketleme<\/td>\n<td>Sunum Kutusu ile Birlikte Gelir<\/td>\n<\/tr>\n<tr>\n<td>Daha Fazla Bilgi<\/td>\n<td>M\u00fcsaitlik durumu ve daha fazla resim i\u00e7in bizimle canl\u0131 sohbet edin<\/td>\n<\/tr>\n<\/tbody>\n<\/table>\n<\/div>\n<div class=\"btn-atc atc-slide\"><\/div>\n<div class=\"product_meta\"><\/div>\n<\/div>\n<div class=\"btn-atc atc-slide\"><\/div>\n<div class=\"product_meta\"><\/div>","protected":false},"featured_media":347989,"comment_status":"closed","ping_status":"closed","template":"","meta":{"_eb_attr":"","_crsspst_to_jayantr4sg-hostcom":true},"product_brand":[],"product_cat":[5316,1559,1794,1793,1475,5597,1575,1569,1574,5349],"product_tag":[65,1430],"class_list":{"0":"post-412369","1":"product","2":"type-product","3":"status-publish","4":"has-post-thumbnail","6":"product_cat-18ct-white-gold-chain","7":"product_cat-birthday-gifts","8":"product_cat-christmas-gifts","9":"product_cat-diwali-gifts","10":"product_cat-gold-chains","11":"product_cat-link-chain","12":"product_cat-teenage-jewellery","13":"product_cat-valentine-day-gifts","14":"product_cat-womens-jewellery","15":"product_cat-yellow-gold-jewellery","16":"product_tag-chains","17":"product_tag-diwali-gift","19":"first","20":"instock","21":"taxable","22":"shipping-taxable","23":"purchasable","24":"product-type-simple","25":"add-to-wishlist-before_image"},"yoast_head":"<!-- This site is optimized with the Yoast SEO plugin v27.5 - https:\/\/yoast.com\/product\/yoast-seo-wordpress\/ -->\n<title>18ct Yellow Gold Chain 17.5&quot; with Adjustable Link | PureJewels<\/title>\n<meta name=\"description\" content=\"Elegant 18ct yellow gold chain, 17.5 inches with a link at 16.5 inches. Lightweight at 2.7g, perfect for layering or wearing solo. Hallmarked and beautifully finished.\" \/>\n<meta name=\"robots\" content=\"index, follow, max-snippet:-1, max-image-preview:large, max-video-preview:-1\" \/>\n<link rel=\"canonical\" href=\"https:\/\/www.purejewels.com\/tr\/urun\/18-ayar-altin-baklali-zincir-51986\/\" \/>\n<meta property=\"og:locale\" content=\"tr_TR\" \/>\n<meta property=\"og:type\" content=\"article\" \/>\n<meta property=\"og:title\" content=\"18ct Yellow Gold Chain 17.5&quot; with Adjustable Link | PureJewels\" \/>\n<meta property=\"og:description\" content=\"Elegant 18ct yellow gold chain, 17.5 inches with a link at 16.5 inches. Lightweight at 2.7g, perfect for layering or wearing solo. Hallmarked and beautifully finished.\" \/>\n<meta property=\"og:url\" content=\"https:\/\/www.purejewels.com\/tr\/urun\/18-ayar-altin-baklali-zincir-51986\/\" \/>\n<meta property=\"og:site_name\" content=\"PureJewels UK\" \/>\n<meta property=\"article:modified_time\" content=\"2026-02-02T10:00:10+00:00\" \/>\n<meta property=\"og:image\" content=\"https:\/\/static.purejewels.com\/wp-content\/uploads\/2023\/06\/SKU-34421-scaled.jpg\" \/>\n\t<meta property=\"og:image:width\" content=\"2560\" \/>\n\t<meta property=\"og:image:height\" content=\"2560\" \/>\n\t<meta property=\"og:image:type\" content=\"image\/jpeg\" \/>\n<meta name=\"twitter:card\" content=\"summary_large_image\" \/>\n<meta name=\"twitter:label1\" content=\"Tahmini okuma s\u00fcresi\" \/>\n\t<meta name=\"twitter:data1\" content=\"1 dakika\" \/>\n<script type=\"application\/ld+json\" class=\"yoast-schema-graph\">{\"@context\":\"https:\\\/\\\/schema.org\",\"@graph\":[{\"@type\":[\"WebPage\",\"ItemPage\"],\"@id\":\"https:\\\/\\\/www.purejewels.com\\\/product\\\/18ct-gold-link-chain-51986\\\/\",\"url\":\"https:\\\/\\\/www.purejewels.com\\\/product\\\/18ct-gold-link-chain-51986\\\/\",\"name\":\"18ct Yellow Gold Chain 17.5\\\" with Adjustable Link | PureJewels\",\"isPartOf\":{\"@id\":\"https:\\\/\\\/www.purejewels.com\\\/#website\"},\"primaryImageOfPage\":{\"@id\":\"https:\\\/\\\/www.purejewels.com\\\/product\\\/18ct-gold-link-chain-51986\\\/#primaryimage\"},\"image\":{\"@id\":\"https:\\\/\\\/www.purejewels.com\\\/product\\\/18ct-gold-link-chain-51986\\\/#primaryimage\"},\"thumbnailUrl\":\"https:\\\/\\\/static.purejewels.com\\\/wp-content\\\/uploads\\\/2023\\\/06\\\/SKU-34421-scaled.jpg\",\"datePublished\":\"2025-01-21T06:05:51+00:00\",\"dateModified\":\"2026-02-02T10:00:10+00:00\",\"description\":\"Elegant 18ct yellow gold chain, 17.5 inches with a link at 16.5 inches. Lightweight at 2.7g, perfect for layering or wearing solo. Hallmarked and beautifully finished.\",\"breadcrumb\":{\"@id\":\"https:\\\/\\\/www.purejewels.com\\\/product\\\/18ct-gold-link-chain-51986\\\/#breadcrumb\"},\"inLanguage\":\"tr\",\"potentialAction\":[{\"@type\":\"ReadAction\",\"target\":[\"https:\\\/\\\/www.purejewels.com\\\/product\\\/18ct-gold-link-chain-51986\\\/\"]}]},{\"@type\":\"ImageObject\",\"inLanguage\":\"tr\",\"@id\":\"https:\\\/\\\/www.purejewels.com\\\/product\\\/18ct-gold-link-chain-51986\\\/#primaryimage\",\"url\":\"https:\\\/\\\/static.purejewels.com\\\/wp-content\\\/uploads\\\/2023\\\/06\\\/SKU-34421-scaled.jpg\",\"contentUrl\":\"https:\\\/\\\/static.purejewels.com\\\/wp-content\\\/uploads\\\/2023\\\/06\\\/SKU-34421-scaled.jpg\",\"width\":2560,\"height\":2560,\"caption\":\"18ct Yellow Gold Link Chain\"},{\"@type\":\"BreadcrumbList\",\"@id\":\"https:\\\/\\\/www.purejewels.com\\\/product\\\/18ct-gold-link-chain-51986\\\/#breadcrumb\",\"itemListElement\":[{\"@type\":\"ListItem\",\"position\":1,\"name\":\"Home\",\"item\":\"https:\\\/\\\/www.purejewels.com\\\/\"},{\"@type\":\"ListItem\",\"position\":2,\"name\":\"Shop\",\"item\":\"https:\\\/\\\/www.purejewels.com\\\/shop\\\/\"},{\"@type\":\"ListItem\",\"position\":3,\"name\":\"18ct Gold Link Chain\"}]},{\"@type\":\"WebSite\",\"@id\":\"https:\\\/\\\/www.purejewels.com\\\/#website\",\"url\":\"https:\\\/\\\/www.purejewels.com\\\/\",\"name\":\"PureJewels UK\",\"description\":\"Share the Love\",\"publisher\":{\"@id\":\"https:\\\/\\\/www.purejewels.com\\\/#organization\"},\"potentialAction\":[{\"@type\":\"SearchAction\",\"target\":{\"@type\":\"EntryPoint\",\"urlTemplate\":\"https:\\\/\\\/www.purejewels.com\\\/?s={search_term_string}\"},\"query-input\":{\"@type\":\"PropertyValueSpecification\",\"valueRequired\":true,\"valueName\":\"search_term_string\"}}],\"inLanguage\":\"tr\"},{\"@type\":\"Organization\",\"@id\":\"https:\\\/\\\/www.purejewels.com\\\/#organization\",\"name\":\"PureJewels UK\",\"url\":\"https:\\\/\\\/www.purejewels.com\\\/\",\"logo\":{\"@type\":\"ImageObject\",\"inLanguage\":\"tr\",\"@id\":\"https:\\\/\\\/www.purejewels.com\\\/#\\\/schema\\\/logo\\\/image\\\/\",\"url\":\"https:\\\/\\\/static.purejewels.com\\\/wp-content\\\/uploads\\\/2020\\\/11\\\/Logo-PJ-New-1.png\",\"contentUrl\":\"https:\\\/\\\/static.purejewels.com\\\/wp-content\\\/uploads\\\/2020\\\/11\\\/Logo-PJ-New-1.png\",\"width\":150,\"height\":80,\"caption\":\"PureJewels UK\"},\"image\":{\"@id\":\"https:\\\/\\\/www.purejewels.com\\\/#\\\/schema\\\/logo\\\/image\\\/\"}}]}<\/script>\n<!-- \/ Yoast SEO plugin. -->","yoast_head_json":{"title":"18 Ayar Sar\u0131 Alt\u0131n Zincir 17,5\" Ayarlanabilir Ba\u011flant\u0131l\u0131 | PureJewels","description":"Zarif 18 ayar sar\u0131 alt\u0131n zincir, 17,5 in\u00e7, bir baklas\u0131 16,5 in\u00e7. 2,7 gram a\u011f\u0131rl\u0131\u011f\u0131yla hafiftir, kat kat takmak veya tek ba\u015f\u0131na kullanmak i\u00e7in m\u00fckemmeldir. Damgal\u0131 ve g\u00fczel bir \u015fekilde tamamlanm\u0131\u015ft\u0131r.","robots":{"index":"index","follow":"follow","max-snippet":"max-snippet:-1","max-image-preview":"max-image-preview:large","max-video-preview":"max-video-preview:-1"},"canonical":"https:\/\/www.purejewels.com\/tr\/urun\/18-ayar-altin-baklali-zincir-51986\/","og_locale":"tr_TR","og_type":"article","og_title":"18ct Yellow Gold Chain 17.5\" with Adjustable Link | PureJewels","og_description":"Elegant 18ct yellow gold chain, 17.5 inches with a link at 16.5 inches. Lightweight at 2.7g, perfect for layering or wearing solo. Hallmarked and beautifully finished.","og_url":"https:\/\/www.purejewels.com\/tr\/urun\/18-ayar-altin-baklali-zincir-51986\/","og_site_name":"PureJewels UK","article_modified_time":"2026-02-02T10:00:10+00:00","og_image":[{"width":2560,"height":2560,"url":"https:\/\/static.purejewels.com\/wp-content\/uploads\/2023\/06\/SKU-34421-scaled.jpg","type":"image\/jpeg"}],"twitter_card":"summary_large_image","twitter_misc":{"Tahmini okuma s\u00fcresi":"1 dakika"},"schema":{"@context":"https:\/\/schema.org","@graph":[{"@type":["WebPage","ItemPage"],"@id":"https:\/\/www.purejewels.com\/product\/18ct-gold-link-chain-51986\/","url":"https:\/\/www.purejewels.com\/product\/18ct-gold-link-chain-51986\/","name":"18 Ayar Sar\u0131 Alt\u0131n Zincir 17,5\" Ayarlanabilir Ba\u011flant\u0131l\u0131 | PureJewels","isPartOf":{"@id":"https:\/\/www.purejewels.com\/#website"},"primaryImageOfPage":{"@id":"https:\/\/www.purejewels.com\/product\/18ct-gold-link-chain-51986\/#primaryimage"},"image":{"@id":"https:\/\/www.purejewels.com\/product\/18ct-gold-link-chain-51986\/#primaryimage"},"thumbnailUrl":"https:\/\/static.purejewels.com\/wp-content\/uploads\/2023\/06\/SKU-34421-scaled.jpg","datePublished":"2025-01-21T06:05:51+00:00","dateModified":"2026-02-02T10:00:10+00:00","description":"Zarif 18 ayar sar\u0131 alt\u0131n zincir, 17,5 in\u00e7, bir baklas\u0131 16,5 in\u00e7. 2,7 gram a\u011f\u0131rl\u0131\u011f\u0131yla hafiftir, kat kat takmak veya tek ba\u015f\u0131na kullanmak i\u00e7in m\u00fckemmeldir. Damgal\u0131 ve g\u00fczel bir \u015fekilde tamamlanm\u0131\u015ft\u0131r.","breadcrumb":{"@id":"https:\/\/www.purejewels.com\/product\/18ct-gold-link-chain-51986\/#breadcrumb"},"inLanguage":"tr","potentialAction":[{"@type":"ReadAction","target":["https:\/\/www.purejewels.com\/product\/18ct-gold-link-chain-51986\/"]}]},{"@type":"ImageObject","inLanguage":"tr","@id":"https:\/\/www.purejewels.com\/product\/18ct-gold-link-chain-51986\/#primaryimage","url":"https:\/\/static.purejewels.com\/wp-content\/uploads\/2023\/06\/SKU-34421-scaled.jpg","contentUrl":"https:\/\/static.purejewels.com\/wp-content\/uploads\/2023\/06\/SKU-34421-scaled.jpg","width":2560,"height":2560,"caption":"18ct Yellow Gold Link Chain"},{"@type":"BreadcrumbList","@id":"https:\/\/www.purejewels.com\/product\/18ct-gold-link-chain-51986\/#breadcrumb","itemListElement":[{"@type":"ListItem","position":1,"name":"Home","item":"https:\/\/www.purejewels.com\/"},{"@type":"ListItem","position":2,"name":"Shop","item":"https:\/\/www.purejewels.com\/shop\/"},{"@type":"ListItem","position":3,"name":"18ct Gold Link Chain"}]},{"@type":"WebSite","@id":"https:\/\/www.purejewels.com\/#website","url":"https:\/\/www.purejewels.com\/","name":"PureJewels \u0130ngiltere","description":"Sevgiyi Payla\u015f\u0131n","publisher":{"@id":"https:\/\/www.purejewels.com\/#organization"},"potentialAction":[{"@type":"SearchAction","target":{"@type":"EntryPoint","urlTemplate":"https:\/\/www.purejewels.com\/?s={search_term_string}"},"query-input":{"@type":"PropertyValueSpecification","valueRequired":true,"valueName":"search_term_string"}}],"inLanguage":"tr"},{"@type":"Organization","@id":"https:\/\/www.purejewels.com\/#organization","name":"PureJewels \u0130ngiltere","url":"https:\/\/www.purejewels.com\/","logo":{"@type":"ImageObject","inLanguage":"tr","@id":"https:\/\/www.purejewels.com\/#\/schema\/logo\/image\/","url":"https:\/\/static.purejewels.com\/wp-content\/uploads\/2020\/11\/Logo-PJ-New-1.png","contentUrl":"https:\/\/static.purejewels.com\/wp-content\/uploads\/2020\/11\/Logo-PJ-New-1.png","width":150,"height":80,"caption":"PureJewels UK"},"image":{"@id":"https:\/\/www.purejewels.com\/#\/schema\/logo\/image\/"}}]}},"_links":{"self":[{"href":"https:\/\/www.purejewels.com\/tr\/wp-json\/wp\/v2\/product\/412369","targetHints":{"allow":["GET"]}}],"collection":[{"href":"https:\/\/www.purejewels.com\/tr\/wp-json\/wp\/v2\/product"}],"about":[{"href":"https:\/\/www.purejewels.com\/tr\/wp-json\/wp\/v2\/types\/product"}],"replies":[{"embeddable":true,"href":"https:\/\/www.purejewels.com\/tr\/wp-json\/wp\/v2\/comments?post=412369"}],"version-history":[{"count":3,"href":"https:\/\/www.purejewels.com\/tr\/wp-json\/wp\/v2\/product\/412369\/revisions"}],"predecessor-version":[{"id":421707,"href":"https:\/\/www.purejewels.com\/tr\/wp-json\/wp\/v2\/product\/412369\/revisions\/421707"}],"wp:featuredmedia":[{"embeddable":true,"href":"https:\/\/www.purejewels.com\/tr\/wp-json\/wp\/v2\/media\/347989"}],"wp:attachment":[{"href":"https:\/\/www.purejewels.com\/tr\/wp-json\/wp\/v2\/media?parent=412369"}],"wp:term":[{"taxonomy":"product_brand","embeddable":true,"href":"https:\/\/www.purejewels.com\/tr\/wp-json\/wp\/v2\/product_brand?post=412369"},{"taxonomy":"product_cat","embeddable":true,"href":"https:\/\/www.purejewels.com\/tr\/wp-json\/wp\/v2\/product_cat?post=412369"},{"taxonomy":"product_tag","embeddable":true,"href":"https:\/\/www.purejewels.com\/tr\/wp-json\/wp\/v2\/product_tag?post=412369"}],"curies":[{"name":"wp","href":"https:\/\/api.w.org\/{rel}","templated":true}]}}