{"id":412661,"date":"2025-07-25T11:53:57","date_gmt":"2025-07-25T10:53:57","guid":{"rendered":"https:\/\/www.purejewels.com\/?post_type=product&#038;p=412661"},"modified":"2026-04-24T11:02:18","modified_gmt":"2026-04-24T10:02:18","slug":"22-ayar-sunrise-altin-o-harfi-kolye-ucu-52298","status":"publish","type":"product","link":"https:\/\/www.purejewels.com\/tr\/product\/22k-sunrise-gold-letter-o-pendant-52298\/","title":{"rendered":"22 ayar Sunrise Alt\u0131n O Harfi Kolye"},"content":{"rendered":"<p data-start=\"755\" data-end=\"990\">Bu <strong data-start=\"759\" data-end=\"796\">22 ayar Sunrise Alt\u0131n O Harfi Kolye<\/strong> ki\u015fisel stil ve anlam\u0131n rafine bir ifadesidir. I\u015f\u0131l \u0131\u015f\u0131l el yap\u0131m\u0131 <strong data-start=\"875\" data-end=\"891\">G\u00fcndo\u011fumu Alt\u0131n<\/strong>Bu hafif kolyenin a\u011f\u0131rl\u0131\u011f\u0131 sadece <strong data-start=\"930\" data-end=\"940\">1.2 gram<\/strong>Bu sayede hem zarif hem de zahmetsizce giyilebilir.<\/p>\n<p data-start=\"992\" data-end=\"1251\">Hassasiyetle \u015fekillendirilmi\u015f <strong data-start=\"1019\" data-end=\"1034\">'O' ba\u015f harfi<\/strong> B\u00fct\u00fcnl\u00fc\u011f\u00fc, s\u00fcreklili\u011fi ve ki\u015fisel kimli\u011fi simgeleyen bu kolye anlaml\u0131 bir hat\u0131ra niteli\u011findedir. \u0130ster sevdi\u011finiz biri i\u00e7in bir hediye ister ki\u015fisel bir hazine olarak se\u00e7in, alt\u0131n s\u0131cakl\u0131\u011f\u0131yla bireyselli\u011fi yans\u0131t\u0131r.<\/p>\n<p data-start=\"1253\" data-end=\"1552\">Minimalist tasar\u0131m\u0131 \u00e7ok y\u00f6nl\u00fc \u015fekillendirmeye olanak tan\u0131r: ince bir ifade i\u00e7in tek ba\u015f\u0131na tak\u0131n veya katmanl\u0131, \u00e7a\u011fda\u015f bir g\u00f6r\u00fcn\u00fcm i\u00e7in di\u011fer tak\u0131larla e\u015fle\u015ftirin. Zamans\u0131z \u00e7ekicili\u011fiyle 22 ayar Sunrise Alt\u0131n O Harfi Kolye, bir m\u00fccevherden \u00e7ok daha fazlas\u0131d\u0131r - hikayenizin kalbinize yak\u0131n ta\u015f\u0131nan bir par\u00e7as\u0131d\u0131r.<\/p>","protected":false},"excerpt":{"rendered":"<p>Bireyselli\u011fi kutlamak i\u00e7in <strong data-start=\"482\" data-end=\"519\">22 ayar Sunrise Alt\u0131n O Harfi Kolye<\/strong>. A\u011f\u0131rl\u0131\u011f\u0131 sadece <strong data-start=\"537\" data-end=\"547\">1.2 gram<\/strong>Hafif ama zarif bir tak\u0131d\u0131r. G\u00fcnl\u00fck kullan\u0131m i\u00e7in veya \u00f6zenle haz\u0131rlanm\u0131\u015f ki\u015fiselle\u015ftirilmi\u015f bir hediye olarak m\u00fckemmeldir. Zarafet ve sadeli\u011fi temsil eden zamans\u0131z bir hat\u0131ra.<\/p>\n<p><strong>Malzeme:<\/strong> 22 Ayar G\u00fcndo\u011fumu Alt\u0131n\u0131 (91,6% saf alt\u0131n)<strong><br \/>\nHallmark:\u00a0<\/strong>\u0130ngiliz Damgas\u0131<strong><br \/>\n<\/strong><strong>Br\u00fct A\u011f\u0131rl\u0131k: <\/strong>1.20 Gms<strong><br \/>\nSKU: <\/strong>52298<\/p>\n<p><strong>Fiyat ve Teslimat: <\/strong>KDV ve teslimat \u00fccretleri dahil<br \/>\nZincir dahil de\u011fildir.<br \/>\n<strong><a href=\"https:\/\/www.purejewels.com\/tr\/i%cc%87ade-poli%cc%87ti%cc%87kasi\/\">\u0130ade Politikas\u0131<\/a><\/strong><\/p>","protected":false},"featured_media":412662,"comment_status":"closed","ping_status":"closed","template":"","meta":{"_eb_attr":"","_crsspst_to_jayantr4sg-hostcom":false},"product_brand":[],"product_cat":[1576,1793,1770,1792,1790,1229,1255,6122,5598,5343,1767,1572,1768,5906,6051,5338,6120,1575,1574,5349],"product_tag":[],"class_list":{"0":"post-412661","1":"product","2":"type-product","3":"status-publish","4":"has-post-thumbnail","6":"product_cat-childrens-jewellery","7":"product_cat-diwali-gifts","8":"product_cat-fancy-pendants","9":"product_cat-festival-gifts","10":"product_cat-for-whom-when","11":"product_cat-22ct-gold-jewellery","12":"product_cat-gold-pendants","13":"product_cat-initial","14":"product_cat-initial-pendant","15":"product_cat-jewellery-under-550","16":"product_cat-ladies-pendants","17":"product_cat-mens-jewellery","18":"product_cat-mens-pendants","19":"product_cat-personalised-jewellery","20":"product_cat-personalised-pendant","21":"product_cat-shop-by-price","22":"product_cat-shop-by-style","23":"product_cat-teenage-jewellery","24":"product_cat-womens-jewellery","25":"product_cat-yellow-gold-jewellery","27":"first","28":"instock","29":"taxable","30":"shipping-taxable","31":"purchasable","32":"product-type-simple","33":"add-to-wishlist-before_image"},"yoast_head":"<!-- This site is optimized with the Yoast SEO plugin v27.5 - https:\/\/yoast.com\/product\/yoast-seo-wordpress\/ -->\n<title>22k Sunrise Gold Letter O Pendant | PureJewels UK<\/title>\n<meta name=\"description\" content=\"Personalised elegance in 22k Sunrise Gold \u2014 the Letter O Pendant is a timeless keepsake, handcrafted for daily wear or meaningful gifting.\" \/>\n<meta name=\"robots\" content=\"index, follow, max-snippet:-1, max-image-preview:large, max-video-preview:-1\" \/>\n<link rel=\"canonical\" href=\"https:\/\/www.purejewels.com\/tr\/urun\/22-ayar-sunrise-altin-o-harfi-kolye-ucu-52298\/\" \/>\n<meta property=\"og:locale\" content=\"tr_TR\" \/>\n<meta property=\"og:type\" content=\"article\" \/>\n<meta property=\"og:title\" content=\"22k Sunrise Gold Letter O Pendant | PureJewels UK\" \/>\n<meta property=\"og:description\" content=\"Personalised elegance in 22k Sunrise Gold \u2014 the Letter O Pendant is a timeless keepsake, handcrafted for daily wear or meaningful gifting.\" \/>\n<meta property=\"og:url\" content=\"https:\/\/www.purejewels.com\/tr\/urun\/22-ayar-sunrise-altin-o-harfi-kolye-ucu-52298\/\" \/>\n<meta property=\"og:site_name\" content=\"PureJewels UK\" \/>\n<meta property=\"article:modified_time\" content=\"2026-04-24T10:02:18+00:00\" \/>\n<meta property=\"og:image\" content=\"https:\/\/static.purejewels.com\/wp-content\/uploads\/2025\/08\/SKU-52298.jpg\" \/>\n\t<meta property=\"og:image:width\" content=\"1000\" \/>\n\t<meta property=\"og:image:height\" content=\"1000\" \/>\n\t<meta property=\"og:image:type\" content=\"image\/jpeg\" \/>\n<meta name=\"twitter:card\" content=\"summary_large_image\" \/>\n<meta name=\"twitter:label1\" content=\"Tahmini okuma s\u00fcresi\" \/>\n\t<meta name=\"twitter:data1\" content=\"1 dakika\" \/>\n<script type=\"application\/ld+json\" class=\"yoast-schema-graph\">{\"@context\":\"https:\\\/\\\/schema.org\",\"@graph\":[{\"@type\":[\"WebPage\",\"ItemPage\"],\"@id\":\"https:\\\/\\\/www.purejewels.com\\\/product\\\/22k-sunrise-gold-letter-o-pendant-52298\\\/\",\"url\":\"https:\\\/\\\/www.purejewels.com\\\/product\\\/22k-sunrise-gold-letter-o-pendant-52298\\\/\",\"name\":\"22k Sunrise Gold Letter O Pendant | PureJewels UK\",\"isPartOf\":{\"@id\":\"https:\\\/\\\/www.purejewels.com\\\/#website\"},\"primaryImageOfPage\":{\"@id\":\"https:\\\/\\\/www.purejewels.com\\\/product\\\/22k-sunrise-gold-letter-o-pendant-52298\\\/#primaryimage\"},\"image\":{\"@id\":\"https:\\\/\\\/www.purejewels.com\\\/product\\\/22k-sunrise-gold-letter-o-pendant-52298\\\/#primaryimage\"},\"thumbnailUrl\":\"https:\\\/\\\/static.purejewels.com\\\/wp-content\\\/uploads\\\/2025\\\/08\\\/SKU-52298.jpg\",\"datePublished\":\"2025-07-25T10:53:57+00:00\",\"dateModified\":\"2026-04-24T10:02:18+00:00\",\"description\":\"Personalised elegance in 22k Sunrise Gold \u2014 the Letter O Pendant is a timeless keepsake, handcrafted for daily wear or meaningful gifting.\",\"breadcrumb\":{\"@id\":\"https:\\\/\\\/www.purejewels.com\\\/product\\\/22k-sunrise-gold-letter-o-pendant-52298\\\/#breadcrumb\"},\"inLanguage\":\"tr\",\"potentialAction\":[{\"@type\":\"ReadAction\",\"target\":[\"https:\\\/\\\/www.purejewels.com\\\/product\\\/22k-sunrise-gold-letter-o-pendant-52298\\\/\"]}]},{\"@type\":\"ImageObject\",\"inLanguage\":\"tr\",\"@id\":\"https:\\\/\\\/www.purejewels.com\\\/product\\\/22k-sunrise-gold-letter-o-pendant-52298\\\/#primaryimage\",\"url\":\"https:\\\/\\\/static.purejewels.com\\\/wp-content\\\/uploads\\\/2025\\\/08\\\/SKU-52298.jpg\",\"contentUrl\":\"https:\\\/\\\/static.purejewels.com\\\/wp-content\\\/uploads\\\/2025\\\/08\\\/SKU-52298.jpg\",\"width\":1000,\"height\":1000,\"caption\":\"22k Sunrise Gold Letter O Pendant\"},{\"@type\":\"BreadcrumbList\",\"@id\":\"https:\\\/\\\/www.purejewels.com\\\/product\\\/22k-sunrise-gold-letter-o-pendant-52298\\\/#breadcrumb\",\"itemListElement\":[{\"@type\":\"ListItem\",\"position\":1,\"name\":\"Home\",\"item\":\"https:\\\/\\\/www.purejewels.com\\\/\"},{\"@type\":\"ListItem\",\"position\":2,\"name\":\"Shop\",\"item\":\"https:\\\/\\\/www.purejewels.com\\\/shop\\\/\"},{\"@type\":\"ListItem\",\"position\":3,\"name\":\"22k Sunrise Gold Letter O Pendant\"}]},{\"@type\":\"WebSite\",\"@id\":\"https:\\\/\\\/www.purejewels.com\\\/#website\",\"url\":\"https:\\\/\\\/www.purejewels.com\\\/\",\"name\":\"PureJewels UK\",\"description\":\"Share the Love\",\"publisher\":{\"@id\":\"https:\\\/\\\/www.purejewels.com\\\/#organization\"},\"potentialAction\":[{\"@type\":\"SearchAction\",\"target\":{\"@type\":\"EntryPoint\",\"urlTemplate\":\"https:\\\/\\\/www.purejewels.com\\\/?s={search_term_string}\"},\"query-input\":{\"@type\":\"PropertyValueSpecification\",\"valueRequired\":true,\"valueName\":\"search_term_string\"}}],\"inLanguage\":\"tr\"},{\"@type\":\"Organization\",\"@id\":\"https:\\\/\\\/www.purejewels.com\\\/#organization\",\"name\":\"PureJewels UK\",\"url\":\"https:\\\/\\\/www.purejewels.com\\\/\",\"logo\":{\"@type\":\"ImageObject\",\"inLanguage\":\"tr\",\"@id\":\"https:\\\/\\\/www.purejewels.com\\\/#\\\/schema\\\/logo\\\/image\\\/\",\"url\":\"https:\\\/\\\/static.purejewels.com\\\/wp-content\\\/uploads\\\/2020\\\/11\\\/Logo-PJ-New-1.png\",\"contentUrl\":\"https:\\\/\\\/static.purejewels.com\\\/wp-content\\\/uploads\\\/2020\\\/11\\\/Logo-PJ-New-1.png\",\"width\":150,\"height\":80,\"caption\":\"PureJewels UK\"},\"image\":{\"@id\":\"https:\\\/\\\/www.purejewels.com\\\/#\\\/schema\\\/logo\\\/image\\\/\"}}]}<\/script>\n<!-- \/ Yoast SEO plugin. -->","yoast_head_json":{"title":"22 ayar G\u00fcndo\u011fumu Alt\u0131n O Harfi Kolye Ucu | PureJewels UK","description":"22 ayar G\u00fcndo\u011fumu Alt\u0131n\u0131ndan ki\u015fiselle\u015ftirilmi\u015f zarafet - O Harfi Kolye, g\u00fcnl\u00fck kullan\u0131m veya anlaml\u0131 bir hediye i\u00e7in el yap\u0131m\u0131, zamans\u0131z bir hat\u0131rad\u0131r.","robots":{"index":"index","follow":"follow","max-snippet":"max-snippet:-1","max-image-preview":"max-image-preview:large","max-video-preview":"max-video-preview:-1"},"canonical":"https:\/\/www.purejewels.com\/tr\/urun\/22-ayar-sunrise-altin-o-harfi-kolye-ucu-52298\/","og_locale":"tr_TR","og_type":"article","og_title":"22k Sunrise Gold Letter O Pendant | PureJewels UK","og_description":"Personalised elegance in 22k Sunrise Gold \u2014 the Letter O Pendant is a timeless keepsake, handcrafted for daily wear or meaningful gifting.","og_url":"https:\/\/www.purejewels.com\/tr\/urun\/22-ayar-sunrise-altin-o-harfi-kolye-ucu-52298\/","og_site_name":"PureJewels UK","article_modified_time":"2026-04-24T10:02:18+00:00","og_image":[{"width":1000,"height":1000,"url":"https:\/\/static.purejewels.com\/wp-content\/uploads\/2025\/08\/SKU-52298.jpg","type":"image\/jpeg"}],"twitter_card":"summary_large_image","twitter_misc":{"Tahmini okuma s\u00fcresi":"1 dakika"},"schema":{"@context":"https:\/\/schema.org","@graph":[{"@type":["WebPage","ItemPage"],"@id":"https:\/\/www.purejewels.com\/product\/22k-sunrise-gold-letter-o-pendant-52298\/","url":"https:\/\/www.purejewels.com\/product\/22k-sunrise-gold-letter-o-pendant-52298\/","name":"22 ayar G\u00fcndo\u011fumu Alt\u0131n O Harfi Kolye Ucu | PureJewels UK","isPartOf":{"@id":"https:\/\/www.purejewels.com\/#website"},"primaryImageOfPage":{"@id":"https:\/\/www.purejewels.com\/product\/22k-sunrise-gold-letter-o-pendant-52298\/#primaryimage"},"image":{"@id":"https:\/\/www.purejewels.com\/product\/22k-sunrise-gold-letter-o-pendant-52298\/#primaryimage"},"thumbnailUrl":"https:\/\/static.purejewels.com\/wp-content\/uploads\/2025\/08\/SKU-52298.jpg","datePublished":"2025-07-25T10:53:57+00:00","dateModified":"2026-04-24T10:02:18+00:00","description":"22 ayar G\u00fcndo\u011fumu Alt\u0131n\u0131ndan ki\u015fiselle\u015ftirilmi\u015f zarafet - O Harfi Kolye, g\u00fcnl\u00fck kullan\u0131m veya anlaml\u0131 bir hediye i\u00e7in el yap\u0131m\u0131, zamans\u0131z bir hat\u0131rad\u0131r.","breadcrumb":{"@id":"https:\/\/www.purejewels.com\/product\/22k-sunrise-gold-letter-o-pendant-52298\/#breadcrumb"},"inLanguage":"tr","potentialAction":[{"@type":"ReadAction","target":["https:\/\/www.purejewels.com\/product\/22k-sunrise-gold-letter-o-pendant-52298\/"]}]},{"@type":"ImageObject","inLanguage":"tr","@id":"https:\/\/www.purejewels.com\/product\/22k-sunrise-gold-letter-o-pendant-52298\/#primaryimage","url":"https:\/\/static.purejewels.com\/wp-content\/uploads\/2025\/08\/SKU-52298.jpg","contentUrl":"https:\/\/static.purejewels.com\/wp-content\/uploads\/2025\/08\/SKU-52298.jpg","width":1000,"height":1000,"caption":"22k Sunrise Gold Letter O Pendant"},{"@type":"BreadcrumbList","@id":"https:\/\/www.purejewels.com\/product\/22k-sunrise-gold-letter-o-pendant-52298\/#breadcrumb","itemListElement":[{"@type":"ListItem","position":1,"name":"Home","item":"https:\/\/www.purejewels.com\/"},{"@type":"ListItem","position":2,"name":"Shop","item":"https:\/\/www.purejewels.com\/shop\/"},{"@type":"ListItem","position":3,"name":"22k Sunrise Gold Letter O Pendant"}]},{"@type":"WebSite","@id":"https:\/\/www.purejewels.com\/#website","url":"https:\/\/www.purejewels.com\/","name":"PureJewels \u0130ngiltere","description":"Sevgiyi Payla\u015f\u0131n","publisher":{"@id":"https:\/\/www.purejewels.com\/#organization"},"potentialAction":[{"@type":"SearchAction","target":{"@type":"EntryPoint","urlTemplate":"https:\/\/www.purejewels.com\/?s={search_term_string}"},"query-input":{"@type":"PropertyValueSpecification","valueRequired":true,"valueName":"search_term_string"}}],"inLanguage":"tr"},{"@type":"Organization","@id":"https:\/\/www.purejewels.com\/#organization","name":"PureJewels \u0130ngiltere","url":"https:\/\/www.purejewels.com\/","logo":{"@type":"ImageObject","inLanguage":"tr","@id":"https:\/\/www.purejewels.com\/#\/schema\/logo\/image\/","url":"https:\/\/static.purejewels.com\/wp-content\/uploads\/2020\/11\/Logo-PJ-New-1.png","contentUrl":"https:\/\/static.purejewels.com\/wp-content\/uploads\/2020\/11\/Logo-PJ-New-1.png","width":150,"height":80,"caption":"PureJewels UK"},"image":{"@id":"https:\/\/www.purejewels.com\/#\/schema\/logo\/image\/"}}]}},"_links":{"self":[{"href":"https:\/\/www.purejewels.com\/tr\/wp-json\/wp\/v2\/product\/412661","targetHints":{"allow":["GET"]}}],"collection":[{"href":"https:\/\/www.purejewels.com\/tr\/wp-json\/wp\/v2\/product"}],"about":[{"href":"https:\/\/www.purejewels.com\/tr\/wp-json\/wp\/v2\/types\/product"}],"replies":[{"embeddable":true,"href":"https:\/\/www.purejewels.com\/tr\/wp-json\/wp\/v2\/comments?post=412661"}],"version-history":[{"count":1,"href":"https:\/\/www.purejewels.com\/tr\/wp-json\/wp\/v2\/product\/412661\/revisions"}],"predecessor-version":[{"id":412664,"href":"https:\/\/www.purejewels.com\/tr\/wp-json\/wp\/v2\/product\/412661\/revisions\/412664"}],"wp:featuredmedia":[{"embeddable":true,"href":"https:\/\/www.purejewels.com\/tr\/wp-json\/wp\/v2\/media\/412662"}],"wp:attachment":[{"href":"https:\/\/www.purejewels.com\/tr\/wp-json\/wp\/v2\/media?parent=412661"}],"wp:term":[{"taxonomy":"product_brand","embeddable":true,"href":"https:\/\/www.purejewels.com\/tr\/wp-json\/wp\/v2\/product_brand?post=412661"},{"taxonomy":"product_cat","embeddable":true,"href":"https:\/\/www.purejewels.com\/tr\/wp-json\/wp\/v2\/product_cat?post=412661"},{"taxonomy":"product_tag","embeddable":true,"href":"https:\/\/www.purejewels.com\/tr\/wp-json\/wp\/v2\/product_tag?post=412661"}],"curies":[{"name":"wp","href":"https:\/\/api.w.org\/{rel}","templated":true}]}}