{"id":412886,"date":"2025-07-06T07:49:21","date_gmt":"2025-07-06T06:49:21","guid":{"rendered":"https:\/\/www.purejewels.com\/?post_type=product&#038;p=412886"},"modified":"2026-04-20T09:45:46","modified_gmt":"2026-04-20T08:45:46","slug":"22-ayar-gundogumu-altin-rozet-koleksiyon-yuzuk-6mm","status":"publish","type":"product","link":"https:\/\/www.purejewels.com\/tr\/product\/22ct-sunrise-gold-rosettes-collection-ring-6mm\/","title":{"rendered":"22 Ayar G\u00fcndo\u011fumu Alt\u0131n Rozet Y\u00fcz\u00fck | 6mm"},"content":{"rendered":"<p data-start=\"259\" data-end=\"691\"><strong data-start=\"259\" data-end=\"269\">Tasar\u0131m<\/strong><br data-start=\"269\" data-end=\"272\" \/>Modern bir aile yadigar\u0131 olarak tasarlanan bu miras y\u00fcz\u00fck, elde sa\u011flam ama zarif bir his uyand\u0131ran yontulmu\u015f bir banda sahiptir. Tasar\u0131m ar\u015fivlerimizdeki geleneksel desenlerden esinlenilerek tasarlanan y\u00fczeydeki karma\u015f\u0131k detaylar, k\u00f6klerini tarihten alan ancak \u00e7a\u011fda\u015f stile uygun bir par\u00e7a yarat\u0131yor. Klasik profili, ister y\u00fcz\u00fck parma\u011f\u0131na ister cesur bir i\u015faret y\u00fcz\u00fc\u011f\u00fc olarak tak\u0131ls\u0131n, onu kendi ba\u015f\u0131na bir ifade haline getirir.<\/p>\n<p data-start=\"693\" data-end=\"1123\"><strong data-start=\"693\" data-end=\"710\">Zanaatkarl\u0131k<\/strong><br data-start=\"710\" data-end=\"713\" \/>Yetenekli zanaatk\u00e2rlar taraf\u0131ndan ince de\u011ferli metal kullan\u0131larak el i\u015f\u00e7ili\u011fiyle \u00fcretilen her y\u00fcz\u00fck, tasar\u0131m\u0131n her n\u00fcans\u0131n\u0131 ortaya \u00e7\u0131karmak i\u00e7in \u00f6zenle \u015fekillendirilir, oyulur ve parlat\u0131l\u0131r. \u0130\u00e7 bant rahat ve g\u00fcnl\u00fck bir uyum i\u00e7in d\u00fczle\u015ftirilirken, d\u0131\u015f y\u00fczeyler derinlik ve belirginli\u011fi art\u0131rmak i\u00e7in tamamlan\u0131r. Her par\u00e7a, kalite ve kal\u0131c\u0131 i\u015f\u00e7ili\u011fe olan ba\u011fl\u0131l\u0131\u011f\u0131m\u0131z\u0131 yans\u0131tan safl\u0131k sertifikas\u0131 i\u00e7in \u0130ngiltere'de damgalanm\u0131\u015ft\u0131r.<\/p>\n<p data-start=\"1125\" data-end=\"1573\" data-is-last-node=\"\" data-is-only-node=\"\"><strong data-start=\"1125\" data-end=\"1142\">Stil Fikirleri<\/strong><br data-start=\"1142\" data-end=\"1145\" \/>Miras y\u00fcz\u00fc\u011f\u00fc odak noktas\u0131 olarak tek ba\u015f\u0131na tak\u0131n, detaylar\u0131n her hareketle \u0131\u015f\u0131\u011f\u0131 yakalamas\u0131na izin verin veya merkezi motifini \u00e7er\u00e7evelemek i\u00e7in ince istifleme bantlar\u0131yla e\u015fle\u015ftirin. Hem geleneksel hem de \u00e7a\u011fda\u015f k\u0131yafetlerle, f\u0131rsat k\u0131yafetlerinden g\u00fcnl\u00fck g\u00f6r\u00fcn\u00fcmlere kadar zahmetsizce \u00e7al\u0131\u015f\u0131r. Uyumlu bir hikaye i\u00e7in, mirastan ilham alan bir kolye ucu veya man\u015fetle birlikte stilize edin, mirasa ve ki\u015fisel anlama sessizce selam veren bir set olu\u015fturun.<\/p>","protected":false},"excerpt":{"rendered":"<p>Bu <strong data-start=\"133\" data-end=\"159\">22 Ayar G\u00fcndo\u011fumu Alt\u0131n Y\u00fcz\u00fck<\/strong> t\u00fcm farkl\u0131 boyutlarda (6mm) cesur ama zarif bir \u00e7i\u00e7ek band\u0131 olu\u015fturan yontulmu\u015f rozet motifleriyle s\u00fcslenmi\u015ftir. Miras sanat\u0131n\u0131 \u00e7a\u011fda\u015f giyilebilirlikle harmanlar; d\u00f6n\u00fcm noktalar\u0131n\u0131 i\u015faretlemek veya bir ifade par\u00e7as\u0131 olarak m\u00fckemmeldir.<\/p>\n<p><strong>Malzeme:<\/strong>\u00a022 Ayar Sunrise Alt\u0131n (91,6% saf Alt\u0131n)<br \/>\n<strong>Hallmark:<\/strong>\u00a0\u0130ngiliz Damgas\u0131<br \/>\n<strong>Br\u00fct A\u011f\u0131rl\u0131k Aral\u0131\u011f\u0131:<\/strong> 4,9 Gms - 6,2 Gms<br \/>\n<strong>Y\u00fcz\u00fck \u00d6l\u00e7\u00fcs\u00fc:<\/strong> Farkl\u0131 boyutlarda mevcuttur<br \/>\n<strong>Geni\u015flik:<\/strong> 6mm<br \/>\n<strong>SKU: <\/strong>50842, 50843, 48103, 48108, 48109, 48110, 48113, 48114, 48115, 50841, 48111<\/p>\n<p><strong>Fiyat ve Teslimat<\/strong>: KDV ve teslimat \u00fccreti dahil<br \/>\nTalep \u00fczerine uluslararas\u0131 nakliye mevcuttur<br \/>\n<a href=\"https:\/\/www.purejewels.com\/tr\/i%cc%87ade-poli%cc%87ti%cc%87kasi\/\">\u0130ade Politikas\u0131<\/a><\/p>","protected":false},"featured_media":366571,"comment_status":"closed","ping_status":"closed","template":"","meta":{"_eb_attr":"","_crsspst_to_jayantr4sg-hostcom":false},"product_brand":[],"product_cat":[1229,1235,1783,1786,6156,1656,5276,5349],"product_tag":[64],"class_list":{"0":"post-412886","1":"product","2":"type-product","3":"status-publish","4":"has-post-thumbnail","6":"product_cat-22ct-gold-jewellery","7":"product_cat-gold-rings","8":"product_cat-ladies-rings","9":"product_cat-occasional-wear-rings","10":"product_cat-rosette-bands","11":"product_cat-rosettes-collections","12":"product_cat-rosettes-ring","13":"product_cat-yellow-gold-jewellery","14":"product_tag-rings","16":"first","17":"instock","18":"taxable","19":"shipping-taxable","20":"purchasable","21":"product-type-variable","22":"add-to-wishlist-before_image"},"yoast_head":"<!-- This site is optimized with the Yoast SEO plugin v27.5 - https:\/\/yoast.com\/product\/yoast-seo-wordpress\/ -->\n<title>22ct Sunrise Gold Floral Ring | Online at PureJewels UK<\/title>\n<meta name=\"description\" content=\"Shop the 22ct Sunrise Gold Floral Ring from PureJewels. This handcrafted 6mm band features intricate rosette motifs\u2014perfect as a gold ring.\" \/>\n<meta name=\"robots\" content=\"index, follow, max-snippet:-1, max-image-preview:large, max-video-preview:-1\" \/>\n<link rel=\"canonical\" href=\"https:\/\/www.purejewels.com\/tr\/urun\/22-ayar-gundogumu-altin-rozet-koleksiyon-yuzuk-6mm\/\" \/>\n<meta property=\"og:locale\" content=\"tr_TR\" \/>\n<meta property=\"og:type\" content=\"article\" \/>\n<meta property=\"og:title\" content=\"22ct Sunrise Gold Floral Ring | Online at PureJewels UK\" \/>\n<meta property=\"og:description\" content=\"Shop the 22ct Sunrise Gold Floral Ring from PureJewels. This handcrafted 6mm band features intricate rosette motifs\u2014perfect as a gold ring.\" \/>\n<meta property=\"og:url\" content=\"https:\/\/www.purejewels.com\/tr\/urun\/22-ayar-gundogumu-altin-rozet-koleksiyon-yuzuk-6mm\/\" \/>\n<meta property=\"og:site_name\" content=\"PureJewels UK\" \/>\n<meta property=\"article:modified_time\" content=\"2026-04-20T08:45:46+00:00\" \/>\n<meta property=\"og:image\" content=\"https:\/\/static.purejewels.com\/wp-content\/uploads\/2024\/06\/image-3.png\" \/>\n\t<meta property=\"og:image:width\" content=\"1000\" \/>\n\t<meta property=\"og:image:height\" content=\"1000\" \/>\n\t<meta property=\"og:image:type\" content=\"image\/png\" \/>\n<meta name=\"twitter:card\" content=\"summary_large_image\" \/>\n<meta name=\"twitter:label1\" content=\"Tahmini okuma s\u00fcresi\" \/>\n\t<meta name=\"twitter:data1\" content=\"2 dakika\" \/>\n<script type=\"application\/ld+json\" class=\"yoast-schema-graph\">{\"@context\":\"https:\\\/\\\/schema.org\",\"@graph\":[{\"@type\":[\"WebPage\",\"ItemPage\"],\"@id\":\"https:\\\/\\\/www.purejewels.com\\\/product\\\/22ct-sunrise-gold-rosettes-collection-ring-6mm\\\/\",\"url\":\"https:\\\/\\\/www.purejewels.com\\\/product\\\/22ct-sunrise-gold-rosettes-collection-ring-6mm\\\/\",\"name\":\"22ct Sunrise Gold Floral Ring | Online at PureJewels UK\",\"isPartOf\":{\"@id\":\"https:\\\/\\\/www.purejewels.com\\\/#website\"},\"primaryImageOfPage\":{\"@id\":\"https:\\\/\\\/www.purejewels.com\\\/product\\\/22ct-sunrise-gold-rosettes-collection-ring-6mm\\\/#primaryimage\"},\"image\":{\"@id\":\"https:\\\/\\\/www.purejewels.com\\\/product\\\/22ct-sunrise-gold-rosettes-collection-ring-6mm\\\/#primaryimage\"},\"thumbnailUrl\":\"https:\\\/\\\/static.purejewels.com\\\/wp-content\\\/uploads\\\/2024\\\/06\\\/image-3.png\",\"datePublished\":\"2025-07-06T06:49:21+00:00\",\"dateModified\":\"2026-04-20T08:45:46+00:00\",\"description\":\"Shop the 22ct Sunrise Gold Floral Ring from PureJewels. This handcrafted 6mm band features intricate rosette motifs\u2014perfect as a gold ring.\",\"breadcrumb\":{\"@id\":\"https:\\\/\\\/www.purejewels.com\\\/product\\\/22ct-sunrise-gold-rosettes-collection-ring-6mm\\\/#breadcrumb\"},\"inLanguage\":\"tr\",\"potentialAction\":[{\"@type\":\"ReadAction\",\"target\":[\"https:\\\/\\\/www.purejewels.com\\\/product\\\/22ct-sunrise-gold-rosettes-collection-ring-6mm\\\/\"]}]},{\"@type\":\"ImageObject\",\"inLanguage\":\"tr\",\"@id\":\"https:\\\/\\\/www.purejewels.com\\\/product\\\/22ct-sunrise-gold-rosettes-collection-ring-6mm\\\/#primaryimage\",\"url\":\"https:\\\/\\\/static.purejewels.com\\\/wp-content\\\/uploads\\\/2024\\\/06\\\/image-3.png\",\"contentUrl\":\"https:\\\/\\\/static.purejewels.com\\\/wp-content\\\/uploads\\\/2024\\\/06\\\/image-3.png\",\"width\":1000,\"height\":1000,\"caption\":\"22ct Sunrise Gold Rosettes Collection Ring | Size Q\"},{\"@type\":\"BreadcrumbList\",\"@id\":\"https:\\\/\\\/www.purejewels.com\\\/product\\\/22ct-sunrise-gold-rosettes-collection-ring-6mm\\\/#breadcrumb\",\"itemListElement\":[{\"@type\":\"ListItem\",\"position\":1,\"name\":\"Home\",\"item\":\"https:\\\/\\\/www.purejewels.com\\\/\"},{\"@type\":\"ListItem\",\"position\":2,\"name\":\"Shop\",\"item\":\"https:\\\/\\\/www.purejewels.com\\\/shop\\\/\"},{\"@type\":\"ListItem\",\"position\":3,\"name\":\"22ct Sunrise Gold Rosettes Ring | 6mm\"}]},{\"@type\":\"WebSite\",\"@id\":\"https:\\\/\\\/www.purejewels.com\\\/#website\",\"url\":\"https:\\\/\\\/www.purejewels.com\\\/\",\"name\":\"PureJewels UK\",\"description\":\"Share the Love\",\"publisher\":{\"@id\":\"https:\\\/\\\/www.purejewels.com\\\/#organization\"},\"potentialAction\":[{\"@type\":\"SearchAction\",\"target\":{\"@type\":\"EntryPoint\",\"urlTemplate\":\"https:\\\/\\\/www.purejewels.com\\\/?s={search_term_string}\"},\"query-input\":{\"@type\":\"PropertyValueSpecification\",\"valueRequired\":true,\"valueName\":\"search_term_string\"}}],\"inLanguage\":\"tr\"},{\"@type\":\"Organization\",\"@id\":\"https:\\\/\\\/www.purejewels.com\\\/#organization\",\"name\":\"PureJewels UK\",\"url\":\"https:\\\/\\\/www.purejewels.com\\\/\",\"logo\":{\"@type\":\"ImageObject\",\"inLanguage\":\"tr\",\"@id\":\"https:\\\/\\\/www.purejewels.com\\\/#\\\/schema\\\/logo\\\/image\\\/\",\"url\":\"https:\\\/\\\/static.purejewels.com\\\/wp-content\\\/uploads\\\/2020\\\/11\\\/Logo-PJ-New-1.png\",\"contentUrl\":\"https:\\\/\\\/static.purejewels.com\\\/wp-content\\\/uploads\\\/2020\\\/11\\\/Logo-PJ-New-1.png\",\"width\":150,\"height\":80,\"caption\":\"PureJewels UK\"},\"image\":{\"@id\":\"https:\\\/\\\/www.purejewels.com\\\/#\\\/schema\\\/logo\\\/image\\\/\"}}]}<\/script>\n<!-- \/ Yoast SEO plugin. -->","yoast_head_json":{"title":"22 Ayar G\u00fcndo\u011fumu Alt\u0131n \u00c7i\u00e7ekli Y\u00fcz\u00fck | PureJewels UK'de Online","description":"PureJewels'ten 22ct Sunrise Alt\u0131n \u00c7i\u00e7ekli Y\u00fcz\u00fck sat\u0131n al\u0131n. Bu el yap\u0131m\u0131 6 mm bant, alt\u0131n y\u00fcz\u00fck olarak m\u00fckemmel olan karma\u015f\u0131k rozet motiflerine sahiptir.","robots":{"index":"index","follow":"follow","max-snippet":"max-snippet:-1","max-image-preview":"max-image-preview:large","max-video-preview":"max-video-preview:-1"},"canonical":"https:\/\/www.purejewels.com\/tr\/urun\/22-ayar-gundogumu-altin-rozet-koleksiyon-yuzuk-6mm\/","og_locale":"tr_TR","og_type":"article","og_title":"22ct Sunrise Gold Floral Ring | Online at PureJewels UK","og_description":"Shop the 22ct Sunrise Gold Floral Ring from PureJewels. This handcrafted 6mm band features intricate rosette motifs\u2014perfect as a gold ring.","og_url":"https:\/\/www.purejewels.com\/tr\/urun\/22-ayar-gundogumu-altin-rozet-koleksiyon-yuzuk-6mm\/","og_site_name":"PureJewels UK","article_modified_time":"2026-04-20T08:45:46+00:00","og_image":[{"width":1000,"height":1000,"url":"https:\/\/static.purejewels.com\/wp-content\/uploads\/2024\/06\/image-3.png","type":"image\/png"}],"twitter_card":"summary_large_image","twitter_misc":{"Tahmini okuma s\u00fcresi":"2 dakika"},"schema":{"@context":"https:\/\/schema.org","@graph":[{"@type":["WebPage","ItemPage"],"@id":"https:\/\/www.purejewels.com\/product\/22ct-sunrise-gold-rosettes-collection-ring-6mm\/","url":"https:\/\/www.purejewels.com\/product\/22ct-sunrise-gold-rosettes-collection-ring-6mm\/","name":"22 Ayar G\u00fcndo\u011fumu Alt\u0131n \u00c7i\u00e7ekli Y\u00fcz\u00fck | PureJewels UK'de Online","isPartOf":{"@id":"https:\/\/www.purejewels.com\/#website"},"primaryImageOfPage":{"@id":"https:\/\/www.purejewels.com\/product\/22ct-sunrise-gold-rosettes-collection-ring-6mm\/#primaryimage"},"image":{"@id":"https:\/\/www.purejewels.com\/product\/22ct-sunrise-gold-rosettes-collection-ring-6mm\/#primaryimage"},"thumbnailUrl":"https:\/\/static.purejewels.com\/wp-content\/uploads\/2024\/06\/image-3.png","datePublished":"2025-07-06T06:49:21+00:00","dateModified":"2026-04-20T08:45:46+00:00","description":"PureJewels'ten 22ct Sunrise Alt\u0131n \u00c7i\u00e7ekli Y\u00fcz\u00fck sat\u0131n al\u0131n. Bu el yap\u0131m\u0131 6 mm bant, alt\u0131n y\u00fcz\u00fck olarak m\u00fckemmel olan karma\u015f\u0131k rozet motiflerine sahiptir.","breadcrumb":{"@id":"https:\/\/www.purejewels.com\/product\/22ct-sunrise-gold-rosettes-collection-ring-6mm\/#breadcrumb"},"inLanguage":"tr","potentialAction":[{"@type":"ReadAction","target":["https:\/\/www.purejewels.com\/product\/22ct-sunrise-gold-rosettes-collection-ring-6mm\/"]}]},{"@type":"ImageObject","inLanguage":"tr","@id":"https:\/\/www.purejewels.com\/product\/22ct-sunrise-gold-rosettes-collection-ring-6mm\/#primaryimage","url":"https:\/\/static.purejewels.com\/wp-content\/uploads\/2024\/06\/image-3.png","contentUrl":"https:\/\/static.purejewels.com\/wp-content\/uploads\/2024\/06\/image-3.png","width":1000,"height":1000,"caption":"22ct Sunrise Gold Rosettes Collection Ring | Size Q"},{"@type":"BreadcrumbList","@id":"https:\/\/www.purejewels.com\/product\/22ct-sunrise-gold-rosettes-collection-ring-6mm\/#breadcrumb","itemListElement":[{"@type":"ListItem","position":1,"name":"Home","item":"https:\/\/www.purejewels.com\/"},{"@type":"ListItem","position":2,"name":"Shop","item":"https:\/\/www.purejewels.com\/shop\/"},{"@type":"ListItem","position":3,"name":"22ct Sunrise Gold Rosettes Ring | 6mm"}]},{"@type":"WebSite","@id":"https:\/\/www.purejewels.com\/#website","url":"https:\/\/www.purejewels.com\/","name":"PureJewels \u0130ngiltere","description":"Sevgiyi Payla\u015f\u0131n","publisher":{"@id":"https:\/\/www.purejewels.com\/#organization"},"potentialAction":[{"@type":"SearchAction","target":{"@type":"EntryPoint","urlTemplate":"https:\/\/www.purejewels.com\/?s={search_term_string}"},"query-input":{"@type":"PropertyValueSpecification","valueRequired":true,"valueName":"search_term_string"}}],"inLanguage":"tr"},{"@type":"Organization","@id":"https:\/\/www.purejewels.com\/#organization","name":"PureJewels \u0130ngiltere","url":"https:\/\/www.purejewels.com\/","logo":{"@type":"ImageObject","inLanguage":"tr","@id":"https:\/\/www.purejewels.com\/#\/schema\/logo\/image\/","url":"https:\/\/static.purejewels.com\/wp-content\/uploads\/2020\/11\/Logo-PJ-New-1.png","contentUrl":"https:\/\/static.purejewels.com\/wp-content\/uploads\/2020\/11\/Logo-PJ-New-1.png","width":150,"height":80,"caption":"PureJewels UK"},"image":{"@id":"https:\/\/www.purejewels.com\/#\/schema\/logo\/image\/"}}]}},"_links":{"self":[{"href":"https:\/\/www.purejewels.com\/tr\/wp-json\/wp\/v2\/product\/412886","targetHints":{"allow":["GET"]}}],"collection":[{"href":"https:\/\/www.purejewels.com\/tr\/wp-json\/wp\/v2\/product"}],"about":[{"href":"https:\/\/www.purejewels.com\/tr\/wp-json\/wp\/v2\/types\/product"}],"replies":[{"embeddable":true,"href":"https:\/\/www.purejewels.com\/tr\/wp-json\/wp\/v2\/comments?post=412886"}],"version-history":[{"count":5,"href":"https:\/\/www.purejewels.com\/tr\/wp-json\/wp\/v2\/product\/412886\/revisions"}],"predecessor-version":[{"id":426413,"href":"https:\/\/www.purejewels.com\/tr\/wp-json\/wp\/v2\/product\/412886\/revisions\/426413"}],"wp:featuredmedia":[{"embeddable":true,"href":"https:\/\/www.purejewels.com\/tr\/wp-json\/wp\/v2\/media\/366571"}],"wp:attachment":[{"href":"https:\/\/www.purejewels.com\/tr\/wp-json\/wp\/v2\/media?parent=412886"}],"wp:term":[{"taxonomy":"product_brand","embeddable":true,"href":"https:\/\/www.purejewels.com\/tr\/wp-json\/wp\/v2\/product_brand?post=412886"},{"taxonomy":"product_cat","embeddable":true,"href":"https:\/\/www.purejewels.com\/tr\/wp-json\/wp\/v2\/product_cat?post=412886"},{"taxonomy":"product_tag","embeddable":true,"href":"https:\/\/www.purejewels.com\/tr\/wp-json\/wp\/v2\/product_tag?post=412886"}],"curies":[{"name":"wp","href":"https:\/\/api.w.org\/{rel}","templated":true}]}}