{"id":413086,"date":"2025-08-22T09:39:52","date_gmt":"2025-08-22T08:39:52","guid":{"rendered":"https:\/\/www.purejewels.com\/?post_type=product&#038;p=413086"},"modified":"2026-02-09T08:34:35","modified_gmt":"2026-02-09T08:34:35","slug":"lilypad-saplamalar-51972","status":"publish","type":"product","link":"https:\/\/www.purejewels.com\/tr\/product\/lilypad-studs-51972\/","title":{"rendered":"Lilypad \u00e7iviler"},"content":{"rendered":"<p><span class=\"TextRun SCXW58013224 BCX0\" lang=\"EN-IN\" xml:lang=\"EN-IN\" data-contrast=\"auto\"><span class=\"NormalTextRun SCXW58013224 BCX0\">Lotus Koleksiyonumuzdan Lilypad \u00c7\u0131t\u00e7\u0131tlar ya\u011fmurun \u00f6pt\u00fc\u011f\u00fc dinginli\u011fe bir \u00f6vg\u00fcd\u00fcr. Parlayan G\u00fcn Do\u011fumu Alt\u0131n\u0131 ile \u00fcretilen organik a\u00e7\u0131k formlar\u0131, bir <\/span><span class=\"NormalTextRun SpellingErrorV2Themed SCXW58013224 BCX0\">lilypad<\/span><span class=\"NormalTextRun SCXW58013224 BCX0\">hafif bir ya\u011fmurdaki damlac\u0131klar gibi par\u0131ldayan elmaslarla serpi\u015ftirilmi\u015ftir. Bu tasar\u0131m ya\u011fmurun atmosferini yans\u0131t\u0131yor - yenilenme, <\/span><span class=\"NormalTextRun SCXW58013224 BCX0\">yak\u0131nl\u0131k<\/span><span class=\"NormalTextRun SCXW58013224 BCX0\"> ve sakin - a\u015fk\u0131n ortaya \u00e7\u0131kan yolculu\u011funa dokunmu\u015f. \u0130nce ama \u0131\u015f\u0131lt\u0131l\u0131 bu \u00e7iviler hem do\u011fan\u0131n \u015fiirselli\u011fini hem de g\u00fczel sanatlar sanat\u0131n\u0131 temsil ediyor <\/span><span class=\"NormalTextRun SCXW58013224 BCX0\">zanaatkarl\u0131k<\/span><span class=\"NormalTextRun SCXW58013224 BCX0\">Bu da onlar\u0131 anlaml\u0131 anlar i\u00e7in zamans\u0131z bir yol arkada\u015f\u0131 haline getiriyor.<\/span><\/span><span class=\"EOP SCXW58013224 BCX0\" data-ccp-props=\"{}\">\u00a0<\/span><\/p>\n<p><span data-sheets-root=\"1\">The Pure Collection UK, Lotus Koleksiyonu'ndan \u00e7arp\u0131c\u0131 bir par\u00e7a olan P\u0131rlantal\u0131 Alt\u0131n Lilypad Saplama K\u00fcpeleri sunar. 22 ayar Sunrise Alt\u0131ndan \u00fcretilen bu k\u00fcpeler, a\u015fk\u0131n hassas anlar\u0131n\u0131n g\u00fczelli\u011fini simgeleyen ya\u011fmurdaki leylak yapraklar\u0131ndan ilham alan benzersiz bir tasar\u0131m sergiliyor. Leylaklar\u0131n \u00fczerindeki damlac\u0131klar\u0131 and\u0131ran p\u0131rlantalar, par\u00e7aya zarafet ve \u0131\u015f\u0131lt\u0131 kat\u0131yor.<\/p>\n<p>Her bir k\u00fcpe, tasar\u0131ma l\u00fcks bir dokunu\u015f katan toplam 0,12 ct a\u011f\u0131rl\u0131\u011f\u0131nda do\u011fal elmaslarla s\u00fcslenmi\u015ftir. K\u00fcpeler GIA sertifikal\u0131d\u0131r ve orijinallik i\u00e7in bir \u0130ngiliz Hallmark ile birlikte gelir. Br\u00fct a\u011f\u0131rl\u0131\u011f\u0131 3,2 gram olan bu k\u00fcpeler hafif ve rahatt\u0131r.<\/p>\n<p>Herhangi bir \u00f6zel g\u00fcn i\u00e7in veya d\u00fc\u015f\u00fcnceli bir hediye olarak m\u00fckemmel olan Alt\u0131n Lilypad Saplama K\u00fcpeler, her m\u00fccevher koleksiyonuna zamans\u0131z bir ektir. \u015eimdi sipari\u015f verin ve \u00fccretsiz takipli teslimat\u0131n, g\u00fcvenli \u00e7evrimi\u00e7i \u00f6demelerin ve 30 g\u00fcnl\u00fck para iade garantisinin keyfini \u00e7\u0131kar\u0131n. PureJewels UK'nin bu zarif k\u00fcpeleriyle do\u011fan\u0131n g\u00fczelli\u011fini kucaklay\u0131n.<\/span><\/p>","protected":false},"excerpt":{"rendered":"<p><span class=\"TextRun SCXW232430912 BCX0\" lang=\"EN-IN\" xml:lang=\"EN-IN\" data-contrast=\"auto\"><span class=\"NormalTextRun SCXW232430912 BCX0\">Lilypad \u00c7\u0131t\u00e7\u0131tlar ya\u011fmurun g\u00fczelli\u011fini yakalarken elmaslar yontulmu\u015f G\u00fcndo\u011fumu Alt\u0131n\u0131 \u00fczerinde damlac\u0131klar gibi durur. \u0130lham kayna\u011f\u0131 <\/span><span class=\"NormalTextRun SpellingErrorV2Themed SCXW232430912 BCX0\">lilypads<\/span><span class=\"NormalTextRun SCXW232430912 BCX0\"> ya\u011fmurda, a\u015fk\u0131n yolculu\u011fu boyunca ge\u00e7irdi\u011fi hassas anlar\u0131 sembolize eder. Lotus Koleksiyonu'ndan \u015fiirsel bir tasar\u0131m.<\/span><\/span><span class=\"EOP SCXW232430912 BCX0\" data-ccp-props=\"{}\">\u00a0<\/span><\/p>\n<p><strong>Malzeme:<\/strong> 22 Ayar G\u00fcndo\u011fumu Alt\u0131n\u0131 (91,6% saf alt\u0131n)<br \/>\n<strong>Hallmark:<\/strong> \u0130ngiliz Damgas\u0131<br \/>\n<strong>Sertifika:<\/strong> GIA sertifikal\u0131<br \/>\n<strong>Ta\u015f:<\/strong> Do\u011fal Elmaslar<br \/>\n<strong>Elmas A\u011f\u0131rl\u0131\u011f\u0131:<\/strong> 0,12 ct (toplam)<br \/>\n<strong>Br\u00fct A\u011f\u0131rl\u0131k:<\/strong>\u00a0 \u00a03.2 Gms<br \/>\n<strong>SKU: <\/strong>51972<\/p>\n<p><strong>Fiyat ve Teslimat:<\/strong> KDV ve teslimat \u00fccretleri dahil<br \/>\n<a href=\"https:\/\/www.purejewels.com\/tr\/i%cc%87ade-poli%cc%87ti%cc%87kasi\/\">\u0130ade Politikas\u0131<\/a><\/p>","protected":false},"featured_media":413101,"comment_status":"closed","ping_status":"closed","template":"","meta":{"_eb_attr":"","_crsspst_to_jayantr4sg-hostcom":false},"product_brand":[],"product_cat":[1791,1793,1254,1229,1633,1577,1569,1574],"product_tag":[66],"class_list":{"0":"post-413086","1":"product","2":"type-product","3":"status-publish","4":"has-post-thumbnail","6":"product_cat-anniversary-gifts","7":"product_cat-diwali-gifts","8":"product_cat-gold-earrings","9":"product_cat-22ct-gold-jewellery","10":"product_cat-lotus-collections","11":"product_cat-stud-earrings","12":"product_cat-valentine-day-gifts","13":"product_cat-womens-jewellery","14":"product_tag-earrings","16":"first","17":"instock","18":"taxable","19":"shipping-taxable","20":"purchasable","21":"product-type-simple","22":"add-to-wishlist-before_image"},"yoast_head":"<!-- This site is optimized with the Yoast SEO plugin v27.5 - https:\/\/yoast.com\/product\/yoast-seo-wordpress\/ -->\n<title>Gold Lilypad Stud Earrings with Diamond | PureJewels UK<\/title>\n<meta name=\"description\" content=\"Sunrise Gold Lilypad Stud Earrings with diamonds from PureJewels\u2019 Lotus Collection, inspired by raindrops on a lilypad and love\u2019s journey.\" \/>\n<meta name=\"robots\" content=\"index, follow, max-snippet:-1, max-image-preview:large, max-video-preview:-1\" \/>\n<link rel=\"canonical\" href=\"https:\/\/www.purejewels.com\/tr\/urun\/lilypad-saplamalar-51972\/\" \/>\n<meta property=\"og:locale\" content=\"tr_TR\" \/>\n<meta property=\"og:type\" content=\"article\" \/>\n<meta property=\"og:title\" content=\"Gold Lilypad Stud Earrings with Diamond | PureJewels UK\" \/>\n<meta property=\"og:description\" content=\"Sunrise Gold Lilypad Stud Earrings with diamonds from PureJewels\u2019 Lotus Collection, inspired by raindrops on a lilypad and love\u2019s journey.\" \/>\n<meta property=\"og:url\" content=\"https:\/\/www.purejewels.com\/tr\/urun\/lilypad-saplamalar-51972\/\" \/>\n<meta property=\"og:site_name\" content=\"PureJewels UK\" \/>\n<meta property=\"article:modified_time\" content=\"2026-02-09T08:34:35+00:00\" \/>\n<meta property=\"og:image\" content=\"https:\/\/static.purejewels.com\/wp-content\/uploads\/2025\/08\/51972-2.jpg\" \/>\n\t<meta property=\"og:image:width\" content=\"1000\" \/>\n\t<meta property=\"og:image:height\" content=\"1000\" \/>\n\t<meta property=\"og:image:type\" content=\"image\/jpeg\" \/>\n<meta name=\"twitter:card\" content=\"summary_large_image\" \/>\n<meta name=\"twitter:label1\" content=\"Tahmini okuma s\u00fcresi\" \/>\n\t<meta name=\"twitter:data1\" content=\"2 dakika\" \/>\n<script type=\"application\/ld+json\" class=\"yoast-schema-graph\">{\"@context\":\"https:\\\/\\\/schema.org\",\"@graph\":[{\"@type\":[\"WebPage\",\"ItemPage\"],\"@id\":\"https:\\\/\\\/www.purejewels.com\\\/product\\\/lilypad-studs-51972\\\/\",\"url\":\"https:\\\/\\\/www.purejewels.com\\\/product\\\/lilypad-studs-51972\\\/\",\"name\":\"Gold Lilypad Stud Earrings with Diamond | PureJewels UK\",\"isPartOf\":{\"@id\":\"https:\\\/\\\/www.purejewels.com\\\/#website\"},\"primaryImageOfPage\":{\"@id\":\"https:\\\/\\\/www.purejewels.com\\\/product\\\/lilypad-studs-51972\\\/#primaryimage\"},\"image\":{\"@id\":\"https:\\\/\\\/www.purejewels.com\\\/product\\\/lilypad-studs-51972\\\/#primaryimage\"},\"thumbnailUrl\":\"https:\\\/\\\/static.purejewels.com\\\/wp-content\\\/uploads\\\/2025\\\/08\\\/51972-2.jpg\",\"datePublished\":\"2025-08-22T08:39:52+00:00\",\"dateModified\":\"2026-02-09T08:34:35+00:00\",\"description\":\"Sunrise Gold Lilypad Stud Earrings with diamonds from PureJewels\u2019 Lotus Collection, inspired by raindrops on a lilypad and love\u2019s journey.\",\"breadcrumb\":{\"@id\":\"https:\\\/\\\/www.purejewels.com\\\/product\\\/lilypad-studs-51972\\\/#breadcrumb\"},\"inLanguage\":\"tr\",\"potentialAction\":[{\"@type\":\"ReadAction\",\"target\":[\"https:\\\/\\\/www.purejewels.com\\\/product\\\/lilypad-studs-51972\\\/\"]}]},{\"@type\":\"ImageObject\",\"inLanguage\":\"tr\",\"@id\":\"https:\\\/\\\/www.purejewels.com\\\/product\\\/lilypad-studs-51972\\\/#primaryimage\",\"url\":\"https:\\\/\\\/static.purejewels.com\\\/wp-content\\\/uploads\\\/2025\\\/08\\\/51972-2.jpg\",\"contentUrl\":\"https:\\\/\\\/static.purejewels.com\\\/wp-content\\\/uploads\\\/2025\\\/08\\\/51972-2.jpg\",\"width\":1000,\"height\":1000,\"caption\":\"Lilypad studs\"},{\"@type\":\"BreadcrumbList\",\"@id\":\"https:\\\/\\\/www.purejewels.com\\\/product\\\/lilypad-studs-51972\\\/#breadcrumb\",\"itemListElement\":[{\"@type\":\"ListItem\",\"position\":1,\"name\":\"Home\",\"item\":\"https:\\\/\\\/www.purejewels.com\\\/\"},{\"@type\":\"ListItem\",\"position\":2,\"name\":\"Shop\",\"item\":\"https:\\\/\\\/www.purejewels.com\\\/shop\\\/\"},{\"@type\":\"ListItem\",\"position\":3,\"name\":\"Lilypad studs\"}]},{\"@type\":\"WebSite\",\"@id\":\"https:\\\/\\\/www.purejewels.com\\\/#website\",\"url\":\"https:\\\/\\\/www.purejewels.com\\\/\",\"name\":\"PureJewels UK\",\"description\":\"Share the Love\",\"publisher\":{\"@id\":\"https:\\\/\\\/www.purejewels.com\\\/#organization\"},\"potentialAction\":[{\"@type\":\"SearchAction\",\"target\":{\"@type\":\"EntryPoint\",\"urlTemplate\":\"https:\\\/\\\/www.purejewels.com\\\/?s={search_term_string}\"},\"query-input\":{\"@type\":\"PropertyValueSpecification\",\"valueRequired\":true,\"valueName\":\"search_term_string\"}}],\"inLanguage\":\"tr\"},{\"@type\":\"Organization\",\"@id\":\"https:\\\/\\\/www.purejewels.com\\\/#organization\",\"name\":\"PureJewels UK\",\"url\":\"https:\\\/\\\/www.purejewels.com\\\/\",\"logo\":{\"@type\":\"ImageObject\",\"inLanguage\":\"tr\",\"@id\":\"https:\\\/\\\/www.purejewels.com\\\/#\\\/schema\\\/logo\\\/image\\\/\",\"url\":\"https:\\\/\\\/static.purejewels.com\\\/wp-content\\\/uploads\\\/2020\\\/11\\\/Logo-PJ-New-1.png\",\"contentUrl\":\"https:\\\/\\\/static.purejewels.com\\\/wp-content\\\/uploads\\\/2020\\\/11\\\/Logo-PJ-New-1.png\",\"width\":150,\"height\":80,\"caption\":\"PureJewels UK\"},\"image\":{\"@id\":\"https:\\\/\\\/www.purejewels.com\\\/#\\\/schema\\\/logo\\\/image\\\/\"}}]}<\/script>\n<!-- \/ Yoast SEO plugin. -->","yoast_head_json":{"title":"P\u0131rlantal\u0131 Alt\u0131n Lilypad Saplama K\u00fcpe | PureJewels UK","description":"PureJewels'in Lotus Koleksiyonu'ndan p\u0131rlantal\u0131 Sunrise Gold Lilypad Stud K\u00fcpe, bir lilypad \u00fczerindeki ya\u011fmur damlalar\u0131ndan ve a\u015fk\u0131n yolculu\u011fundan ilham al\u0131yor.","robots":{"index":"index","follow":"follow","max-snippet":"max-snippet:-1","max-image-preview":"max-image-preview:large","max-video-preview":"max-video-preview:-1"},"canonical":"https:\/\/www.purejewels.com\/tr\/urun\/lilypad-saplamalar-51972\/","og_locale":"tr_TR","og_type":"article","og_title":"Gold Lilypad Stud Earrings with Diamond | PureJewels UK","og_description":"Sunrise Gold Lilypad Stud Earrings with diamonds from PureJewels\u2019 Lotus Collection, inspired by raindrops on a lilypad and love\u2019s journey.","og_url":"https:\/\/www.purejewels.com\/tr\/urun\/lilypad-saplamalar-51972\/","og_site_name":"PureJewels UK","article_modified_time":"2026-02-09T08:34:35+00:00","og_image":[{"width":1000,"height":1000,"url":"https:\/\/static.purejewels.com\/wp-content\/uploads\/2025\/08\/51972-2.jpg","type":"image\/jpeg"}],"twitter_card":"summary_large_image","twitter_misc":{"Tahmini okuma s\u00fcresi":"2 dakika"},"schema":{"@context":"https:\/\/schema.org","@graph":[{"@type":["WebPage","ItemPage"],"@id":"https:\/\/www.purejewels.com\/product\/lilypad-studs-51972\/","url":"https:\/\/www.purejewels.com\/product\/lilypad-studs-51972\/","name":"P\u0131rlantal\u0131 Alt\u0131n Lilypad Saplama K\u00fcpe | PureJewels UK","isPartOf":{"@id":"https:\/\/www.purejewels.com\/#website"},"primaryImageOfPage":{"@id":"https:\/\/www.purejewels.com\/product\/lilypad-studs-51972\/#primaryimage"},"image":{"@id":"https:\/\/www.purejewels.com\/product\/lilypad-studs-51972\/#primaryimage"},"thumbnailUrl":"https:\/\/static.purejewels.com\/wp-content\/uploads\/2025\/08\/51972-2.jpg","datePublished":"2025-08-22T08:39:52+00:00","dateModified":"2026-02-09T08:34:35+00:00","description":"PureJewels'in Lotus Koleksiyonu'ndan p\u0131rlantal\u0131 Sunrise Gold Lilypad Stud K\u00fcpe, bir lilypad \u00fczerindeki ya\u011fmur damlalar\u0131ndan ve a\u015fk\u0131n yolculu\u011fundan ilham al\u0131yor.","breadcrumb":{"@id":"https:\/\/www.purejewels.com\/product\/lilypad-studs-51972\/#breadcrumb"},"inLanguage":"tr","potentialAction":[{"@type":"ReadAction","target":["https:\/\/www.purejewels.com\/product\/lilypad-studs-51972\/"]}]},{"@type":"ImageObject","inLanguage":"tr","@id":"https:\/\/www.purejewels.com\/product\/lilypad-studs-51972\/#primaryimage","url":"https:\/\/static.purejewels.com\/wp-content\/uploads\/2025\/08\/51972-2.jpg","contentUrl":"https:\/\/static.purejewels.com\/wp-content\/uploads\/2025\/08\/51972-2.jpg","width":1000,"height":1000,"caption":"Lilypad studs"},{"@type":"BreadcrumbList","@id":"https:\/\/www.purejewels.com\/product\/lilypad-studs-51972\/#breadcrumb","itemListElement":[{"@type":"ListItem","position":1,"name":"Home","item":"https:\/\/www.purejewels.com\/"},{"@type":"ListItem","position":2,"name":"Shop","item":"https:\/\/www.purejewels.com\/shop\/"},{"@type":"ListItem","position":3,"name":"Lilypad studs"}]},{"@type":"WebSite","@id":"https:\/\/www.purejewels.com\/#website","url":"https:\/\/www.purejewels.com\/","name":"PureJewels \u0130ngiltere","description":"Sevgiyi Payla\u015f\u0131n","publisher":{"@id":"https:\/\/www.purejewels.com\/#organization"},"potentialAction":[{"@type":"SearchAction","target":{"@type":"EntryPoint","urlTemplate":"https:\/\/www.purejewels.com\/?s={search_term_string}"},"query-input":{"@type":"PropertyValueSpecification","valueRequired":true,"valueName":"search_term_string"}}],"inLanguage":"tr"},{"@type":"Organization","@id":"https:\/\/www.purejewels.com\/#organization","name":"PureJewels \u0130ngiltere","url":"https:\/\/www.purejewels.com\/","logo":{"@type":"ImageObject","inLanguage":"tr","@id":"https:\/\/www.purejewels.com\/#\/schema\/logo\/image\/","url":"https:\/\/static.purejewels.com\/wp-content\/uploads\/2020\/11\/Logo-PJ-New-1.png","contentUrl":"https:\/\/static.purejewels.com\/wp-content\/uploads\/2020\/11\/Logo-PJ-New-1.png","width":150,"height":80,"caption":"PureJewels UK"},"image":{"@id":"https:\/\/www.purejewels.com\/#\/schema\/logo\/image\/"}}]}},"_links":{"self":[{"href":"https:\/\/www.purejewels.com\/tr\/wp-json\/wp\/v2\/product\/413086","targetHints":{"allow":["GET"]}}],"collection":[{"href":"https:\/\/www.purejewels.com\/tr\/wp-json\/wp\/v2\/product"}],"about":[{"href":"https:\/\/www.purejewels.com\/tr\/wp-json\/wp\/v2\/types\/product"}],"replies":[{"embeddable":true,"href":"https:\/\/www.purejewels.com\/tr\/wp-json\/wp\/v2\/comments?post=413086"}],"version-history":[{"count":3,"href":"https:\/\/www.purejewels.com\/tr\/wp-json\/wp\/v2\/product\/413086\/revisions"}],"predecessor-version":[{"id":424429,"href":"https:\/\/www.purejewels.com\/tr\/wp-json\/wp\/v2\/product\/413086\/revisions\/424429"}],"wp:featuredmedia":[{"embeddable":true,"href":"https:\/\/www.purejewels.com\/tr\/wp-json\/wp\/v2\/media\/413101"}],"wp:attachment":[{"href":"https:\/\/www.purejewels.com\/tr\/wp-json\/wp\/v2\/media?parent=413086"}],"wp:term":[{"taxonomy":"product_brand","embeddable":true,"href":"https:\/\/www.purejewels.com\/tr\/wp-json\/wp\/v2\/product_brand?post=413086"},{"taxonomy":"product_cat","embeddable":true,"href":"https:\/\/www.purejewels.com\/tr\/wp-json\/wp\/v2\/product_cat?post=413086"},{"taxonomy":"product_tag","embeddable":true,"href":"https:\/\/www.purejewels.com\/tr\/wp-json\/wp\/v2\/product_tag?post=413086"}],"curies":[{"name":"wp","href":"https:\/\/api.w.org\/{rel}","templated":true}]}}