{"id":413126,"date":"2025-09-03T12:31:19","date_gmt":"2025-09-03T11:31:19","guid":{"rendered":"https:\/\/www.purejewels.com\/?post_type=product&#038;p=413126"},"modified":"2026-02-09T08:28:07","modified_gmt":"2026-02-09T08:28:07","slug":"yagmur-bilezigi-51964","status":"publish","type":"product","link":"https:\/\/www.purejewels.com\/tr\/product\/rainfall-bracelet-51964\/","title":{"rendered":"Ya\u011fmur Ya\u011f\u0131\u015f\u0131 Bilekli\u011fi"},"content":{"rendered":"<p><strong>\u0130lham ve Hikaye<\/strong><\/p>\n<p>Rainfall Bileklik, ya\u011fmurun yumu\u015fak ritminden ve a\u015fk\u0131n nazik\u00e7e ortaya \u00e7\u0131k\u0131\u015f\u0131ndan ilham al\u0131yor. Yontulmu\u015f formlar hareket halindeki damlac\u0131klar\u0131 yans\u0131t\u0131rken, ince elmas vurgular \u0131\u015f\u0131\u011f\u0131 bir lotus havuzundaki su gibi yans\u0131t\u0131r. Lotus Koleksiyonu'nun bir par\u00e7as\u0131 olan tasar\u0131m, yenilenmeyi, hassasiyeti ve ortak bir yolculu\u011fun ilk a\u015famalar\u0131n\u0131 temsil ediyor.<\/p>\n<p><strong>Malzeme ve \u0130\u015f\u00e7ilik<\/strong><\/p>\n<p>I\u015f\u0131lt\u0131l\u0131 22 ayar Sunrise Alt\u0131ndan \u00fcretilen bileklik, yumu\u015fakl\u0131k ve denge i\u00e7in bezel set p\u0131rlantalarla serpi\u015ftirilmi\u015f yontulmu\u015f ba\u011flant\u0131lara sahiptir. Tokan\u0131n yan\u0131nda yer alan \u00e7iy damlas\u0131 \u015feklindeki ta\u00e7 yapra\u011f\u0131 t\u0131ls\u0131m\u0131, sembolik bir anlam ta\u015f\u0131yan sessiz bir tasar\u0131m detay\u0131d\u0131r. Hafif ve ak\u0131c\u0131 olan her bir par\u00e7a elle i\u015flenmi\u015f ve \u0130ngiltere'de damgalanm\u0131\u015ft\u0131r.<\/p>\n<p><strong>\u015eekillendirme &amp; Hediyele\u015fme<\/strong><\/p>\n<p>G\u00fcnl\u00fck kullan\u0131m i\u00e7in tasarlanan Rainfall Bileklik bile\u011fe rahat\u00e7a oturur ve ince alt\u0131n bileziklerle veya sade bir saatle iyi bir uyum sa\u011flar. \u0130nce bir ifade i\u00e7in tek ba\u015f\u0131na veya daha fazla doku i\u00e7in katmanl\u0131 olarak tak\u0131labilir. Do\u011fum g\u00fcnleri, y\u0131l d\u00f6n\u00fcmleri veya yeni ba\u015flang\u0131\u00e7lar i\u00e7in d\u00fc\u015f\u00fcnceli bir hediye olan bu bileklik, g\u00fcnd\u00fczden ak\u015fama kolayca ge\u00e7i\u015f yapan anlaml\u0131 bir par\u00e7a sunar.<\/p>","protected":false},"excerpt":{"rendered":"<p><span class=\"TextRun SCXW45164235 BCX0\" lang=\"EN-IN\" xml:lang=\"EN-IN\" data-contrast=\"auto\"><span class=\"NormalTextRun SCXW45164235 BCX0\">Rainfall Bileklik hareket halindeki a\u015fk\u0131n ritmini yakal\u0131yor. G\u00fcndo\u011fumu Alt\u0131n ve p\u0131rlanta damlac\u0131klar\u0131 narin bir zincir boyunca par\u0131ldarken, tokan\u0131n yan\u0131ndaki \u00e7iy damlas\u0131 ta\u00e7 yapra\u011f\u0131 t\u0131ls\u0131m\u0131 son bir \u015fiirsel s\u00fcsleme kat\u0131yor. Lotus Koleksiyonu'na ait bu bileklik duyguyu en saf haliyle yans\u0131t\u0131yor.<\/span><\/span><span class=\"EOP SCXW45164235 BCX0\" data-ccp-props=\"{}\">\u00a0<\/span><\/p>\n<p><strong>Malzeme:<\/strong> 22 Ayar G\u00fcndo\u011fumu Alt\u0131n\u0131 (91,6% saf alt\u0131n)<br \/>\n<strong><strong>Hallmark: <\/strong><\/strong>\u0130ngiliz Damgas\u0131<strong><strong><br \/>\n<\/strong><\/strong><strong><strong>Ta\u015f: <\/strong><\/strong>Do\u011fal Elmaslar\u00a0<strong><strong><br \/>\n<strong>Elmas A\u011f\u0131rl\u0131\u011f\u0131: <\/strong><\/strong><\/strong>0,16ct (Toplam)<strong><strong><strong><br \/>\n<strong><b>Sertifika: <\/b><\/strong><\/strong><\/strong><\/strong>GIA sertifikal\u0131<strong><strong><strong><strong><strong><br \/>\n<\/strong><\/strong><\/strong><strong><strong><strong><strong><strong><strong>Br\u00fct A\u011f\u0131rl\u0131k:\u00a0 <\/strong><\/strong><\/strong><\/strong><\/strong><\/strong><\/strong><\/strong>4.1 Gms<br \/>\n<strong>Uzunluk:<\/strong>\u00a0 7,5 \u0130n\u00e7<br \/>\n<strong>SKU:<\/strong> 51964<\/p>\n<p><strong><strong><strong><strong><strong><strong>Fiyat ve Teslimat:<\/strong><\/strong><\/strong><\/strong><\/strong><\/strong>KDV ve teslimat \u00fccretleri dahil<strong><strong><strong><strong><strong><br \/>\n<a href=\"https:\/\/www.purejewels.com\/tr\/i%cc%87ade-poli%cc%87ti%cc%87kasi\/\">\u0130ade Politikas\u0131<\/a><\/strong><\/strong><\/strong><\/strong><\/strong><\/p>","protected":false},"featured_media":413131,"comment_status":"closed","ping_status":"closed","template":"","meta":{"_eb_attr":"","_crsspst_to_jayantr4sg-hostcom":false},"product_brand":[],"product_cat":[1791,6056,236,5462,5678,5457,1324,1229,1633,1569,1574],"product_tag":[5964,5965],"class_list":{"0":"post-413126","1":"product","2":"type-product","3":"status-publish","4":"has-post-thumbnail","6":"product_cat-anniversary-gifts","7":"product_cat-charm","8":"product_cat-collections","9":"product_cat-diamond-bracelet","10":"product_cat-diamond-bracelets-for-women","11":"product_cat-diamond-jewellery","12":"product_cat-gold-bracelet","13":"product_cat-22ct-gold-jewellery","14":"product_cat-lotus-collections","15":"product_cat-valentine-day-gifts","16":"product_cat-womens-jewellery","17":"product_tag-bracelet","18":"product_tag-diamonds","20":"first","21":"instock","22":"taxable","23":"shipping-taxable","24":"purchasable","25":"product-type-simple","26":"add-to-wishlist-before_image"},"yoast_head":"<!-- This site is optimized with the Yoast SEO plugin v27.5 - https:\/\/yoast.com\/product\/yoast-seo-wordpress\/ -->\n<title>Sunrise Gold Bracelet with Dewdrop Charm | PureJewels Lotus UK<\/title>\n<meta name=\"description\" content=\"Shop the Rainfall Bracelet in Sunrise Gold from PureJewels\u2019 Lotus Collection. Featuring diamond droplets and a dewdrop petal charm symbolising love\u2019s tender journey.\" \/>\n<meta name=\"robots\" content=\"index, follow, max-snippet:-1, max-image-preview:large, max-video-preview:-1\" \/>\n<link rel=\"canonical\" href=\"https:\/\/www.purejewels.com\/tr\/urun\/yagmur-bilezigi-51964\/\" \/>\n<meta property=\"og:locale\" content=\"tr_TR\" \/>\n<meta property=\"og:type\" content=\"article\" \/>\n<meta property=\"og:title\" content=\"Sunrise Gold Bracelet with Dewdrop Charm | PureJewels Lotus UK\" \/>\n<meta property=\"og:description\" content=\"Shop the Rainfall Bracelet in Sunrise Gold from PureJewels\u2019 Lotus Collection. Featuring diamond droplets and a dewdrop petal charm symbolising love\u2019s tender journey.\" \/>\n<meta property=\"og:url\" content=\"https:\/\/www.purejewels.com\/tr\/urun\/yagmur-bilezigi-51964\/\" \/>\n<meta property=\"og:site_name\" content=\"PureJewels UK\" \/>\n<meta property=\"article:modified_time\" content=\"2026-02-09T08:28:07+00:00\" \/>\n<meta property=\"og:image\" content=\"https:\/\/static.purejewels.com\/wp-content\/uploads\/2025\/08\/Petal-Bracelet.jpg\" \/>\n\t<meta property=\"og:image:width\" content=\"1000\" \/>\n\t<meta property=\"og:image:height\" content=\"1000\" \/>\n\t<meta property=\"og:image:type\" content=\"image\/jpeg\" \/>\n<meta name=\"twitter:card\" content=\"summary_large_image\" \/>\n<meta name=\"twitter:label1\" content=\"Tahmini okuma s\u00fcresi\" \/>\n\t<meta name=\"twitter:data1\" content=\"1 dakika\" \/>\n<script type=\"application\/ld+json\" class=\"yoast-schema-graph\">{\"@context\":\"https:\\\/\\\/schema.org\",\"@graph\":[{\"@type\":[\"WebPage\",\"ItemPage\"],\"@id\":\"https:\\\/\\\/www.purejewels.com\\\/product\\\/rainfall-bracelet-51964\\\/\",\"url\":\"https:\\\/\\\/www.purejewels.com\\\/product\\\/rainfall-bracelet-51964\\\/\",\"name\":\"Sunrise Gold Bracelet with Dewdrop Charm | PureJewels Lotus UK\",\"isPartOf\":{\"@id\":\"https:\\\/\\\/www.purejewels.com\\\/#website\"},\"primaryImageOfPage\":{\"@id\":\"https:\\\/\\\/www.purejewels.com\\\/product\\\/rainfall-bracelet-51964\\\/#primaryimage\"},\"image\":{\"@id\":\"https:\\\/\\\/www.purejewels.com\\\/product\\\/rainfall-bracelet-51964\\\/#primaryimage\"},\"thumbnailUrl\":\"https:\\\/\\\/static.purejewels.com\\\/wp-content\\\/uploads\\\/2025\\\/08\\\/Petal-Bracelet.jpg\",\"datePublished\":\"2025-09-03T11:31:19+00:00\",\"dateModified\":\"2026-02-09T08:28:07+00:00\",\"description\":\"Shop the Rainfall Bracelet in Sunrise Gold from PureJewels\u2019 Lotus Collection. Featuring diamond droplets and a dewdrop petal charm symbolising love\u2019s tender journey.\",\"breadcrumb\":{\"@id\":\"https:\\\/\\\/www.purejewels.com\\\/product\\\/rainfall-bracelet-51964\\\/#breadcrumb\"},\"inLanguage\":\"tr\",\"potentialAction\":[{\"@type\":\"ReadAction\",\"target\":[\"https:\\\/\\\/www.purejewels.com\\\/product\\\/rainfall-bracelet-51964\\\/\"]}]},{\"@type\":\"ImageObject\",\"inLanguage\":\"tr\",\"@id\":\"https:\\\/\\\/www.purejewels.com\\\/product\\\/rainfall-bracelet-51964\\\/#primaryimage\",\"url\":\"https:\\\/\\\/static.purejewels.com\\\/wp-content\\\/uploads\\\/2025\\\/08\\\/Petal-Bracelet.jpg\",\"contentUrl\":\"https:\\\/\\\/static.purejewels.com\\\/wp-content\\\/uploads\\\/2025\\\/08\\\/Petal-Bracelet.jpg\",\"width\":1000,\"height\":1000,\"caption\":\"Rainfall Bracelet\"},{\"@type\":\"BreadcrumbList\",\"@id\":\"https:\\\/\\\/www.purejewels.com\\\/product\\\/rainfall-bracelet-51964\\\/#breadcrumb\",\"itemListElement\":[{\"@type\":\"ListItem\",\"position\":1,\"name\":\"Home\",\"item\":\"https:\\\/\\\/www.purejewels.com\\\/\"},{\"@type\":\"ListItem\",\"position\":2,\"name\":\"Shop\",\"item\":\"https:\\\/\\\/www.purejewels.com\\\/shop\\\/\"},{\"@type\":\"ListItem\",\"position\":3,\"name\":\"Rainfall Bracelet\"}]},{\"@type\":\"WebSite\",\"@id\":\"https:\\\/\\\/www.purejewels.com\\\/#website\",\"url\":\"https:\\\/\\\/www.purejewels.com\\\/\",\"name\":\"PureJewels UK\",\"description\":\"Share the Love\",\"publisher\":{\"@id\":\"https:\\\/\\\/www.purejewels.com\\\/#organization\"},\"potentialAction\":[{\"@type\":\"SearchAction\",\"target\":{\"@type\":\"EntryPoint\",\"urlTemplate\":\"https:\\\/\\\/www.purejewels.com\\\/?s={search_term_string}\"},\"query-input\":{\"@type\":\"PropertyValueSpecification\",\"valueRequired\":true,\"valueName\":\"search_term_string\"}}],\"inLanguage\":\"tr\"},{\"@type\":\"Organization\",\"@id\":\"https:\\\/\\\/www.purejewels.com\\\/#organization\",\"name\":\"PureJewels UK\",\"url\":\"https:\\\/\\\/www.purejewels.com\\\/\",\"logo\":{\"@type\":\"ImageObject\",\"inLanguage\":\"tr\",\"@id\":\"https:\\\/\\\/www.purejewels.com\\\/#\\\/schema\\\/logo\\\/image\\\/\",\"url\":\"https:\\\/\\\/static.purejewels.com\\\/wp-content\\\/uploads\\\/2020\\\/11\\\/Logo-PJ-New-1.png\",\"contentUrl\":\"https:\\\/\\\/static.purejewels.com\\\/wp-content\\\/uploads\\\/2020\\\/11\\\/Logo-PJ-New-1.png\",\"width\":150,\"height\":80,\"caption\":\"PureJewels UK\"},\"image\":{\"@id\":\"https:\\\/\\\/www.purejewels.com\\\/#\\\/schema\\\/logo\\\/image\\\/\"}}]}<\/script>\n<!-- \/ Yoast SEO plugin. -->","yoast_head_json":{"title":"\u00c7iy Damlas\u0131 T\u0131ls\u0131ml\u0131 G\u00fcn Do\u011fumu Alt\u0131n Bileklik | PureJewels Lotus UK","description":"PureJewels'in Lotus Koleksiyonu'ndan G\u00fcndo\u011fumu Alt\u0131n\u0131 Rainfall Bileklik'i sat\u0131n al\u0131n. Elmas damlac\u0131klar\u0131 ve a\u015fk\u0131n hassas yolculu\u011funu simgeleyen bir \u00e7iy damlas\u0131 ta\u00e7 yapra\u011f\u0131 t\u0131ls\u0131m\u0131 i\u00e7erir.","robots":{"index":"index","follow":"follow","max-snippet":"max-snippet:-1","max-image-preview":"max-image-preview:large","max-video-preview":"max-video-preview:-1"},"canonical":"https:\/\/www.purejewels.com\/tr\/urun\/yagmur-bilezigi-51964\/","og_locale":"tr_TR","og_type":"article","og_title":"Sunrise Gold Bracelet with Dewdrop Charm | PureJewels Lotus UK","og_description":"Shop the Rainfall Bracelet in Sunrise Gold from PureJewels\u2019 Lotus Collection. Featuring diamond droplets and a dewdrop petal charm symbolising love\u2019s tender journey.","og_url":"https:\/\/www.purejewels.com\/tr\/urun\/yagmur-bilezigi-51964\/","og_site_name":"PureJewels UK","article_modified_time":"2026-02-09T08:28:07+00:00","og_image":[{"width":1000,"height":1000,"url":"https:\/\/static.purejewels.com\/wp-content\/uploads\/2025\/08\/Petal-Bracelet.jpg","type":"image\/jpeg"}],"twitter_card":"summary_large_image","twitter_misc":{"Tahmini okuma s\u00fcresi":"1 dakika"},"schema":{"@context":"https:\/\/schema.org","@graph":[{"@type":["WebPage","ItemPage"],"@id":"https:\/\/www.purejewels.com\/product\/rainfall-bracelet-51964\/","url":"https:\/\/www.purejewels.com\/product\/rainfall-bracelet-51964\/","name":"\u00c7iy Damlas\u0131 T\u0131ls\u0131ml\u0131 G\u00fcn Do\u011fumu Alt\u0131n Bileklik | PureJewels Lotus UK","isPartOf":{"@id":"https:\/\/www.purejewels.com\/#website"},"primaryImageOfPage":{"@id":"https:\/\/www.purejewels.com\/product\/rainfall-bracelet-51964\/#primaryimage"},"image":{"@id":"https:\/\/www.purejewels.com\/product\/rainfall-bracelet-51964\/#primaryimage"},"thumbnailUrl":"https:\/\/static.purejewels.com\/wp-content\/uploads\/2025\/08\/Petal-Bracelet.jpg","datePublished":"2025-09-03T11:31:19+00:00","dateModified":"2026-02-09T08:28:07+00:00","description":"PureJewels'in Lotus Koleksiyonu'ndan G\u00fcndo\u011fumu Alt\u0131n\u0131 Rainfall Bileklik'i sat\u0131n al\u0131n. Elmas damlac\u0131klar\u0131 ve a\u015fk\u0131n hassas yolculu\u011funu simgeleyen bir \u00e7iy damlas\u0131 ta\u00e7 yapra\u011f\u0131 t\u0131ls\u0131m\u0131 i\u00e7erir.","breadcrumb":{"@id":"https:\/\/www.purejewels.com\/product\/rainfall-bracelet-51964\/#breadcrumb"},"inLanguage":"tr","potentialAction":[{"@type":"ReadAction","target":["https:\/\/www.purejewels.com\/product\/rainfall-bracelet-51964\/"]}]},{"@type":"ImageObject","inLanguage":"tr","@id":"https:\/\/www.purejewels.com\/product\/rainfall-bracelet-51964\/#primaryimage","url":"https:\/\/static.purejewels.com\/wp-content\/uploads\/2025\/08\/Petal-Bracelet.jpg","contentUrl":"https:\/\/static.purejewels.com\/wp-content\/uploads\/2025\/08\/Petal-Bracelet.jpg","width":1000,"height":1000,"caption":"Rainfall Bracelet"},{"@type":"BreadcrumbList","@id":"https:\/\/www.purejewels.com\/product\/rainfall-bracelet-51964\/#breadcrumb","itemListElement":[{"@type":"ListItem","position":1,"name":"Home","item":"https:\/\/www.purejewels.com\/"},{"@type":"ListItem","position":2,"name":"Shop","item":"https:\/\/www.purejewels.com\/shop\/"},{"@type":"ListItem","position":3,"name":"Rainfall Bracelet"}]},{"@type":"WebSite","@id":"https:\/\/www.purejewels.com\/#website","url":"https:\/\/www.purejewels.com\/","name":"PureJewels \u0130ngiltere","description":"Sevgiyi Payla\u015f\u0131n","publisher":{"@id":"https:\/\/www.purejewels.com\/#organization"},"potentialAction":[{"@type":"SearchAction","target":{"@type":"EntryPoint","urlTemplate":"https:\/\/www.purejewels.com\/?s={search_term_string}"},"query-input":{"@type":"PropertyValueSpecification","valueRequired":true,"valueName":"search_term_string"}}],"inLanguage":"tr"},{"@type":"Organization","@id":"https:\/\/www.purejewels.com\/#organization","name":"PureJewels \u0130ngiltere","url":"https:\/\/www.purejewels.com\/","logo":{"@type":"ImageObject","inLanguage":"tr","@id":"https:\/\/www.purejewels.com\/#\/schema\/logo\/image\/","url":"https:\/\/static.purejewels.com\/wp-content\/uploads\/2020\/11\/Logo-PJ-New-1.png","contentUrl":"https:\/\/static.purejewels.com\/wp-content\/uploads\/2020\/11\/Logo-PJ-New-1.png","width":150,"height":80,"caption":"PureJewels UK"},"image":{"@id":"https:\/\/www.purejewels.com\/#\/schema\/logo\/image\/"}}]}},"_links":{"self":[{"href":"https:\/\/www.purejewels.com\/tr\/wp-json\/wp\/v2\/product\/413126","targetHints":{"allow":["GET"]}}],"collection":[{"href":"https:\/\/www.purejewels.com\/tr\/wp-json\/wp\/v2\/product"}],"about":[{"href":"https:\/\/www.purejewels.com\/tr\/wp-json\/wp\/v2\/types\/product"}],"replies":[{"embeddable":true,"href":"https:\/\/www.purejewels.com\/tr\/wp-json\/wp\/v2\/comments?post=413126"}],"version-history":[{"count":3,"href":"https:\/\/www.purejewels.com\/tr\/wp-json\/wp\/v2\/product\/413126\/revisions"}],"predecessor-version":[{"id":425582,"href":"https:\/\/www.purejewels.com\/tr\/wp-json\/wp\/v2\/product\/413126\/revisions\/425582"}],"wp:featuredmedia":[{"embeddable":true,"href":"https:\/\/www.purejewels.com\/tr\/wp-json\/wp\/v2\/media\/413131"}],"wp:attachment":[{"href":"https:\/\/www.purejewels.com\/tr\/wp-json\/wp\/v2\/media?parent=413126"}],"wp:term":[{"taxonomy":"product_brand","embeddable":true,"href":"https:\/\/www.purejewels.com\/tr\/wp-json\/wp\/v2\/product_brand?post=413126"},{"taxonomy":"product_cat","embeddable":true,"href":"https:\/\/www.purejewels.com\/tr\/wp-json\/wp\/v2\/product_cat?post=413126"},{"taxonomy":"product_tag","embeddable":true,"href":"https:\/\/www.purejewels.com\/tr\/wp-json\/wp\/v2\/product_tag?post=413126"}],"curies":[{"name":"wp","href":"https:\/\/api.w.org\/{rel}","templated":true}]}}