{"id":413689,"date":"2025-09-05T08:41:05","date_gmt":"2025-09-05T07:41:05","guid":{"rendered":"https:\/\/www.purejewels.com\/?post_type=product&#038;p=413689"},"modified":"2026-03-02T05:26:39","modified_gmt":"2026-03-02T05:26:39","slug":"yagmur-damlasi-burun-halkasi-52365","status":"publish","type":"product","link":"https:\/\/www.purejewels.com\/tr\/product\/raindrop-nose-ring-52365\/","title":{"rendered":"Ya\u011fmur Damlas\u0131 Burun Halkas\u0131"},"content":{"rendered":"<p><strong>\u0130lham ve Hikaye<\/strong><\/p>\n<p>Ya\u011fmur Damlas\u0131 Burun Y\u00fcz\u00fc\u011f\u00fc, nil\u00fcfer yapra\u011f\u0131 \u00fczerinde hafif\u00e7e dinlenen ya\u011fmurdan ilham alarak sessiz bir yenilenme an\u0131n\u0131 yakal\u0131yor. Tek bir p\u0131rlanta damlay\u0131 kucaklayan lotus yapra\u011f\u0131 motifiyle \u015fekillendirilen tasar\u0131m, a\u015fk\u0131 incelikli, istikrarl\u0131 ve anlam dolu bir \u015fekilde yans\u0131t\u0131yor. Lotus Koleksiyonu'nun bir par\u00e7as\u0131 olarak denge ve s\u00fcreklili\u011fin zarif bir ifadesini sunar.<\/p>\n<p><strong>Malzeme ve \u0130\u015f\u00e7ilik<\/strong><\/p>\n<p>22 ayar Sunrise Alt\u0131ndan \u00fcretilen burun halkas\u0131, merkezinde bir p\u0131rlanta damlas\u0131 tutan zarif\u00e7e \u015fekillendirilmi\u015f bir ta\u00e7 yapra\u011f\u0131na sahiptir. Parlat\u0131lm\u0131\u015f alt\u0131n ile p\u0131rlantan\u0131n yumu\u015fak parlakl\u0131\u011f\u0131 aras\u0131ndaki kontrast, minimal bir profili korurken derinlik kat\u0131yor. El i\u015f\u00e7ili\u011fiyle tamamlanan ve \u0130ngiltere'de damgalanan bu par\u00e7a, \u00f6zenli i\u015f\u00e7ili\u011fi ve dikkatle d\u00fc\u015f\u00fcn\u00fclm\u00fc\u015f detaylar\u0131 yans\u0131t\u0131yor.<\/p>\n<p><strong>\u015eekillendirme &amp; Hediyele\u015fme<\/strong><\/p>\n<p>G\u00fcnl\u00fck rahat kullan\u0131m i\u00e7in tasarlanan Raindrop Burun Y\u00fcz\u00fc\u011f\u00fc cilde yak\u0131n durarak hem profesyonel hem de g\u00fcndelik ortamlar i\u00e7in idealdir. Minimal \u00f6l\u00e7e\u011fi, k\u00fc\u00e7\u00fck alt\u0131n k\u00fcpeler veya ince halkalarla iyi uyum sa\u011flayarak di\u011fer m\u00fccevherleri bast\u0131rmadan tak\u0131lmas\u0131na olanak tan\u0131r. Do\u011fum g\u00fcnleri, yeni ba\u015flang\u0131\u00e7lar veya ki\u015fisel d\u00f6n\u00fcm noktalar\u0131 i\u00e7in d\u00fc\u015f\u00fcnceli bir hediye olan bu y\u00fcz\u00fck, g\u00fcnl\u00fck rutinlere uygun, anlaml\u0131 ancak takmas\u0131 kolay bir par\u00e7a sunuyor.<\/p>","protected":false},"excerpt":{"rendered":"<p><span data-teams=\"true\">G\u00fcndo\u011fumu Alt\u0131n Ya\u011fmur Damlas\u0131 Burun Y\u00fcz\u00fc\u011f\u00fc, p\u0131rlanta damla ile lotus yapra\u011f\u0131 detay\u0131na sahiptir. Lotus yapraklar\u0131 \u00fczerinde par\u0131ldayan ya\u011fmurdan ilham alan bu y\u00fcz\u00fck, zarafeti ve a\u015fk yolculu\u011funun hassas ritmini temsil ediyor.<\/span><\/p>\n<p><strong>Malzeme:<\/strong> 22 Ayar G\u00fcndo\u011fumu Alt\u0131n\u0131 (91,6% saf alt\u0131n)<strong><br \/>\n<strong>Hallmark: <\/strong><\/strong>\u0130ngiliz Damgas\u0131<strong><strong><br \/>\n<\/strong><\/strong><strong><strong>Ta\u015f: <\/strong><\/strong>Do\u011fal Elmaslar<strong><strong><br \/>\n<strong>Elmas A\u011f\u0131rl\u0131\u011f\u0131: <\/strong><\/strong><\/strong>0.02ct (toplam)<strong><strong><strong><br \/>\n<\/strong><\/strong><\/strong><strong><strong><strong><strong><strong><strong>Br\u00fct A\u011f\u0131rl\u0131k: <\/strong><\/strong><\/strong><\/strong><\/strong><\/strong>0.8 Gms<strong><strong><strong><strong><strong><br \/>\n<strong>SKU: <\/strong><\/strong><\/strong><\/strong><\/strong><\/strong>52365<\/p>\n<p><strong><strong><strong><strong><strong><strong>Fiyat ve Teslimat:<\/strong><\/strong><\/strong><\/strong><\/strong><\/strong>KDV ve teslimat \u00fccretleri dahil<strong><strong><strong><strong><strong><br \/>\n<a href=\"https:\/\/www.purejewels.com\/tr\/i%cc%87ade-poli%cc%87ti%cc%87kasi\/\">\u0130ade Politikas\u0131<\/a><\/strong><\/strong><\/strong><\/strong><\/strong><\/p>","protected":false},"featured_media":413690,"comment_status":"closed","ping_status":"closed","template":"","meta":{"_eb_attr":"","_crsspst_to_jayantr4sg-hostcom":false},"product_brand":[],"product_cat":[1791,5457,6006,1793,1229,1712,1633,5942,6081,1574],"product_tag":[66],"class_list":{"0":"post-413689","1":"product","2":"type-product","3":"status-publish","4":"has-post-thumbnail","6":"product_cat-anniversary-gifts","7":"product_cat-diamond-jewellery","8":"product_cat-diamond-nose-ring","9":"product_cat-diwali-gifts","10":"product_cat-22ct-gold-jewellery","11":"product_cat-gold-nose-ring","12":"product_cat-lotus-collections","13":"product_cat-nose-jewellery","14":"product_cat-sunrise-gold","15":"product_cat-womens-jewellery","16":"product_tag-earrings","18":"first","19":"outofstock","20":"taxable","21":"shipping-taxable","22":"product-type-simple","23":"add-to-wishlist-before_image"},"yoast_head":"<!-- This site is optimized with the Yoast SEO plugin v27.3 - https:\/\/yoast.com\/product\/yoast-seo-wordpress\/ -->\n<title>Gold Raindrop Nose Ring with Diamond | PureJewels UK<\/title>\n<meta name=\"description\" content=\"Discover Raindrop Nose Ring in Sunrise Gold with diamond from PureJewels\u2019 Lotus Collection, inspired by the journey of Love.\" \/>\n<meta name=\"robots\" content=\"index, follow, max-snippet:-1, max-image-preview:large, max-video-preview:-1\" \/>\n<link rel=\"canonical\" href=\"https:\/\/www.purejewels.com\/tr\/urun\/yagmur-damlasi-burun-halkasi-52365\/\" \/>\n<meta property=\"og:locale\" content=\"tr_TR\" \/>\n<meta property=\"og:type\" content=\"article\" \/>\n<meta property=\"og:title\" content=\"Gold Raindrop Nose Ring with Diamond | PureJewels UK\" \/>\n<meta property=\"og:description\" content=\"Discover Raindrop Nose Ring in Sunrise Gold with diamond from PureJewels\u2019 Lotus Collection, inspired by the journey of Love.\" \/>\n<meta property=\"og:url\" content=\"https:\/\/www.purejewels.com\/tr\/urun\/yagmur-damlasi-burun-halkasi-52365\/\" \/>\n<meta property=\"og:site_name\" content=\"PureJewels UK\" \/>\n<meta property=\"article:modified_time\" content=\"2026-03-02T05:26:39+00:00\" \/>\n<meta property=\"og:image\" content=\"https:\/\/static.purejewels.com\/wp-content\/uploads\/2025\/09\/petal-nose-ring-with-diamond-dropper.jpg\" \/>\n\t<meta property=\"og:image:width\" content=\"1000\" \/>\n\t<meta property=\"og:image:height\" content=\"1000\" \/>\n\t<meta property=\"og:image:type\" content=\"image\/jpeg\" \/>\n<meta name=\"twitter:card\" content=\"summary_large_image\" \/>\n<meta name=\"twitter:label1\" content=\"Tahmini okuma s\u00fcresi\" \/>\n\t<meta name=\"twitter:data1\" content=\"2 dakika\" \/>\n<script type=\"application\/ld+json\" class=\"yoast-schema-graph\">{\"@context\":\"https:\\\/\\\/schema.org\",\"@graph\":[{\"@type\":[\"WebPage\",\"ItemPage\"],\"@id\":\"https:\\\/\\\/www.purejewels.com\\\/product\\\/raindrop-nose-ring-52365\\\/\",\"url\":\"https:\\\/\\\/www.purejewels.com\\\/product\\\/raindrop-nose-ring-52365\\\/\",\"name\":\"Gold Raindrop Nose Ring with Diamond | PureJewels UK\",\"isPartOf\":{\"@id\":\"https:\\\/\\\/www.purejewels.com\\\/#website\"},\"primaryImageOfPage\":{\"@id\":\"https:\\\/\\\/www.purejewels.com\\\/product\\\/raindrop-nose-ring-52365\\\/#primaryimage\"},\"image\":{\"@id\":\"https:\\\/\\\/www.purejewels.com\\\/product\\\/raindrop-nose-ring-52365\\\/#primaryimage\"},\"thumbnailUrl\":\"https:\\\/\\\/static.purejewels.com\\\/wp-content\\\/uploads\\\/2025\\\/09\\\/petal-nose-ring-with-diamond-dropper.jpg\",\"datePublished\":\"2025-09-05T07:41:05+00:00\",\"dateModified\":\"2026-03-02T05:26:39+00:00\",\"description\":\"Discover Raindrop Nose Ring in Sunrise Gold with diamond from PureJewels\u2019 Lotus Collection, inspired by the journey of Love.\",\"breadcrumb\":{\"@id\":\"https:\\\/\\\/www.purejewels.com\\\/product\\\/raindrop-nose-ring-52365\\\/#breadcrumb\"},\"inLanguage\":\"tr\",\"potentialAction\":[{\"@type\":\"ReadAction\",\"target\":[\"https:\\\/\\\/www.purejewels.com\\\/product\\\/raindrop-nose-ring-52365\\\/\"]}]},{\"@type\":\"ImageObject\",\"inLanguage\":\"tr\",\"@id\":\"https:\\\/\\\/www.purejewels.com\\\/product\\\/raindrop-nose-ring-52365\\\/#primaryimage\",\"url\":\"https:\\\/\\\/static.purejewels.com\\\/wp-content\\\/uploads\\\/2025\\\/09\\\/petal-nose-ring-with-diamond-dropper.jpg\",\"contentUrl\":\"https:\\\/\\\/static.purejewels.com\\\/wp-content\\\/uploads\\\/2025\\\/09\\\/petal-nose-ring-with-diamond-dropper.jpg\",\"width\":1000,\"height\":1000,\"caption\":\"Raindrop Nose Ring\"},{\"@type\":\"BreadcrumbList\",\"@id\":\"https:\\\/\\\/www.purejewels.com\\\/product\\\/raindrop-nose-ring-52365\\\/#breadcrumb\",\"itemListElement\":[{\"@type\":\"ListItem\",\"position\":1,\"name\":\"Home\",\"item\":\"https:\\\/\\\/www.purejewels.com\\\/\"},{\"@type\":\"ListItem\",\"position\":2,\"name\":\"Shop\",\"item\":\"https:\\\/\\\/www.purejewels.com\\\/shop\\\/\"},{\"@type\":\"ListItem\",\"position\":3,\"name\":\"Raindrop Nose Ring\"}]},{\"@type\":\"WebSite\",\"@id\":\"https:\\\/\\\/www.purejewels.com\\\/#website\",\"url\":\"https:\\\/\\\/www.purejewels.com\\\/\",\"name\":\"PureJewels UK\",\"description\":\"Share the Love\",\"publisher\":{\"@id\":\"https:\\\/\\\/www.purejewels.com\\\/#organization\"},\"potentialAction\":[{\"@type\":\"SearchAction\",\"target\":{\"@type\":\"EntryPoint\",\"urlTemplate\":\"https:\\\/\\\/www.purejewels.com\\\/?s={search_term_string}\"},\"query-input\":{\"@type\":\"PropertyValueSpecification\",\"valueRequired\":true,\"valueName\":\"search_term_string\"}}],\"inLanguage\":\"tr\"},{\"@type\":\"Organization\",\"@id\":\"https:\\\/\\\/www.purejewels.com\\\/#organization\",\"name\":\"PureJewels UK\",\"url\":\"https:\\\/\\\/www.purejewels.com\\\/\",\"logo\":{\"@type\":\"ImageObject\",\"inLanguage\":\"tr\",\"@id\":\"https:\\\/\\\/www.purejewels.com\\\/#\\\/schema\\\/logo\\\/image\\\/\",\"url\":\"https:\\\/\\\/static.purejewels.com\\\/wp-content\\\/uploads\\\/2020\\\/11\\\/Logo-PJ-New-1.png\",\"contentUrl\":\"https:\\\/\\\/static.purejewels.com\\\/wp-content\\\/uploads\\\/2020\\\/11\\\/Logo-PJ-New-1.png\",\"width\":150,\"height\":80,\"caption\":\"PureJewels UK\"},\"image\":{\"@id\":\"https:\\\/\\\/www.purejewels.com\\\/#\\\/schema\\\/logo\\\/image\\\/\"}}]}<\/script>\n<!-- \/ Yoast SEO plugin. -->","yoast_head_json":{"title":"P\u0131rlantal\u0131 Alt\u0131n Ya\u011fmur Damlas\u0131 Burun Y\u00fcz\u00fc\u011f\u00fc | PureJewels UK","description":"PureJewels'in Lotus Koleksiyonu'ndan p\u0131rlantal\u0131 G\u00fcndo\u011fumu Alt\u0131n\u0131 Ya\u011fmur Damlas\u0131 Burun Y\u00fcz\u00fc\u011f\u00fc'n\u00fc ke\u015ffedin, a\u015fk\u0131n yolculu\u011fundan ilham al\u0131yor.","robots":{"index":"index","follow":"follow","max-snippet":"max-snippet:-1","max-image-preview":"max-image-preview:large","max-video-preview":"max-video-preview:-1"},"canonical":"https:\/\/www.purejewels.com\/tr\/urun\/yagmur-damlasi-burun-halkasi-52365\/","og_locale":"tr_TR","og_type":"article","og_title":"Gold Raindrop Nose Ring with Diamond | PureJewels UK","og_description":"Discover Raindrop Nose Ring in Sunrise Gold with diamond from PureJewels\u2019 Lotus Collection, inspired by the journey of Love.","og_url":"https:\/\/www.purejewels.com\/tr\/urun\/yagmur-damlasi-burun-halkasi-52365\/","og_site_name":"PureJewels UK","article_modified_time":"2026-03-02T05:26:39+00:00","og_image":[{"width":1000,"height":1000,"url":"https:\/\/static.purejewels.com\/wp-content\/uploads\/2025\/09\/petal-nose-ring-with-diamond-dropper.jpg","type":"image\/jpeg"}],"twitter_card":"summary_large_image","twitter_misc":{"Tahmini okuma s\u00fcresi":"2 dakika"},"schema":{"@context":"https:\/\/schema.org","@graph":[{"@type":["WebPage","ItemPage"],"@id":"https:\/\/www.purejewels.com\/product\/raindrop-nose-ring-52365\/","url":"https:\/\/www.purejewels.com\/product\/raindrop-nose-ring-52365\/","name":"P\u0131rlantal\u0131 Alt\u0131n Ya\u011fmur Damlas\u0131 Burun Y\u00fcz\u00fc\u011f\u00fc | PureJewels UK","isPartOf":{"@id":"https:\/\/www.purejewels.com\/#website"},"primaryImageOfPage":{"@id":"https:\/\/www.purejewels.com\/product\/raindrop-nose-ring-52365\/#primaryimage"},"image":{"@id":"https:\/\/www.purejewels.com\/product\/raindrop-nose-ring-52365\/#primaryimage"},"thumbnailUrl":"https:\/\/static.purejewels.com\/wp-content\/uploads\/2025\/09\/petal-nose-ring-with-diamond-dropper.jpg","datePublished":"2025-09-05T07:41:05+00:00","dateModified":"2026-03-02T05:26:39+00:00","description":"PureJewels'in Lotus Koleksiyonu'ndan p\u0131rlantal\u0131 G\u00fcndo\u011fumu Alt\u0131n\u0131 Ya\u011fmur Damlas\u0131 Burun Y\u00fcz\u00fc\u011f\u00fc'n\u00fc ke\u015ffedin, a\u015fk\u0131n yolculu\u011fundan ilham al\u0131yor.","breadcrumb":{"@id":"https:\/\/www.purejewels.com\/product\/raindrop-nose-ring-52365\/#breadcrumb"},"inLanguage":"tr","potentialAction":[{"@type":"ReadAction","target":["https:\/\/www.purejewels.com\/product\/raindrop-nose-ring-52365\/"]}]},{"@type":"ImageObject","inLanguage":"tr","@id":"https:\/\/www.purejewels.com\/product\/raindrop-nose-ring-52365\/#primaryimage","url":"https:\/\/static.purejewels.com\/wp-content\/uploads\/2025\/09\/petal-nose-ring-with-diamond-dropper.jpg","contentUrl":"https:\/\/static.purejewels.com\/wp-content\/uploads\/2025\/09\/petal-nose-ring-with-diamond-dropper.jpg","width":1000,"height":1000,"caption":"Raindrop Nose Ring"},{"@type":"BreadcrumbList","@id":"https:\/\/www.purejewels.com\/product\/raindrop-nose-ring-52365\/#breadcrumb","itemListElement":[{"@type":"ListItem","position":1,"name":"Home","item":"https:\/\/www.purejewels.com\/"},{"@type":"ListItem","position":2,"name":"Shop","item":"https:\/\/www.purejewels.com\/shop\/"},{"@type":"ListItem","position":3,"name":"Raindrop Nose Ring"}]},{"@type":"WebSite","@id":"https:\/\/www.purejewels.com\/#website","url":"https:\/\/www.purejewels.com\/","name":"PureJewels \u0130ngiltere","description":"Sevgiyi Payla\u015f\u0131n","publisher":{"@id":"https:\/\/www.purejewels.com\/#organization"},"potentialAction":[{"@type":"SearchAction","target":{"@type":"EntryPoint","urlTemplate":"https:\/\/www.purejewels.com\/?s={search_term_string}"},"query-input":{"@type":"PropertyValueSpecification","valueRequired":true,"valueName":"search_term_string"}}],"inLanguage":"tr"},{"@type":"Organization","@id":"https:\/\/www.purejewels.com\/#organization","name":"PureJewels \u0130ngiltere","url":"https:\/\/www.purejewels.com\/","logo":{"@type":"ImageObject","inLanguage":"tr","@id":"https:\/\/www.purejewels.com\/#\/schema\/logo\/image\/","url":"https:\/\/static.purejewels.com\/wp-content\/uploads\/2020\/11\/Logo-PJ-New-1.png","contentUrl":"https:\/\/static.purejewels.com\/wp-content\/uploads\/2020\/11\/Logo-PJ-New-1.png","width":150,"height":80,"caption":"PureJewels UK"},"image":{"@id":"https:\/\/www.purejewels.com\/#\/schema\/logo\/image\/"}}]}},"_links":{"self":[{"href":"https:\/\/www.purejewels.com\/tr\/wp-json\/wp\/v2\/product\/413689","targetHints":{"allow":["GET"]}}],"collection":[{"href":"https:\/\/www.purejewels.com\/tr\/wp-json\/wp\/v2\/product"}],"about":[{"href":"https:\/\/www.purejewels.com\/tr\/wp-json\/wp\/v2\/types\/product"}],"replies":[{"embeddable":true,"href":"https:\/\/www.purejewels.com\/tr\/wp-json\/wp\/v2\/comments?post=413689"}],"version-history":[{"count":3,"href":"https:\/\/www.purejewels.com\/tr\/wp-json\/wp\/v2\/product\/413689\/revisions"}],"predecessor-version":[{"id":425581,"href":"https:\/\/www.purejewels.com\/tr\/wp-json\/wp\/v2\/product\/413689\/revisions\/425581"}],"wp:featuredmedia":[{"embeddable":true,"href":"https:\/\/www.purejewels.com\/tr\/wp-json\/wp\/v2\/media\/413690"}],"wp:attachment":[{"href":"https:\/\/www.purejewels.com\/tr\/wp-json\/wp\/v2\/media?parent=413689"}],"wp:term":[{"taxonomy":"product_brand","embeddable":true,"href":"https:\/\/www.purejewels.com\/tr\/wp-json\/wp\/v2\/product_brand?post=413689"},{"taxonomy":"product_cat","embeddable":true,"href":"https:\/\/www.purejewels.com\/tr\/wp-json\/wp\/v2\/product_cat?post=413689"},{"taxonomy":"product_tag","embeddable":true,"href":"https:\/\/www.purejewels.com\/tr\/wp-json\/wp\/v2\/product_tag?post=413689"}],"curies":[{"name":"wp","href":"https:\/\/api.w.org\/{rel}","templated":true}]}}