{"id":413839,"date":"2025-07-04T05:27:32","date_gmt":"2025-07-04T04:27:32","guid":{"rendered":"https:\/\/www.purejewels.com\/?post_type=product&#038;p=413839"},"modified":"2026-01-06T05:33:52","modified_gmt":"2026-01-06T05:33:52","slug":"22-ayar-altin-yuvarlak-jali-saplama-kupe-52739","status":"publish","type":"product","link":"https:\/\/www.purejewels.com\/tr\/product\/22ct-gold-round-jali-stud-earrings-52739\/","title":{"rendered":"22 Ayar Alt\u0131n Yuvarlak Jali Saplama K\u00fcpe"},"content":{"rendered":"<p data-start=\"723\" data-end=\"1041\">\u0130nce i\u015f\u00e7ili\u011fi bizim \u00fcr\u00fcnlerimizle kutlay\u0131n <strong data-start=\"761\" data-end=\"799\">22 Ayar Alt\u0131n Yuvarlak Jali Saplama K\u00fcpe<\/strong>Geleneksel kuyumculuk sanat\u0131n\u0131 yans\u0131tan karma\u015f\u0131k telkari i\u015f\u00e7ili\u011fiyle tasarlanm\u0131\u015ft\u0131r. Her bir k\u00fcpe, tasar\u0131ma derinlik ve doku katan narin jali desenleri ve minik alt\u0131n boncuk vurgular\u0131yla s\u00fcslenmi\u015f dairesel bir motife sahiptir.<\/p>\n<p data-start=\"1043\" data-end=\"1303\">9,7 mm geni\u015fli\u011finde ve 2,2 g a\u011f\u0131rl\u0131\u011f\u0131ndaki bu \u00e7\u0131t\u00e7\u0131tlar hafif ancak zarif bir ifade yaratacak kadar sa\u011flamd\u0131r. G\u00fcvenli vidal\u0131 ba\u011flant\u0131, ister g\u00fcndelik k\u0131yafetlerle ister \u015fenlik k\u0131yafetleriyle e\u015fle\u015ftirilsin, t\u00fcm g\u00fcn kullan\u0131m i\u00e7in rahatl\u0131k ve huzur sa\u011flar.<\/p>\n<p data-start=\"1305\" data-end=\"1533\">Zamans\u0131z ve \u00e7ok y\u00f6nl\u00fc olan bu k\u00fcpeler, hediye etmek veya ki\u015fisel koleksiyonunuza eklemek i\u00e7in m\u00fckemmeldir. Parlak y\u00fczeyleri ve kal\u0131c\u0131 tasar\u0131mlar\u0131yla 22 ayar alt\u0131n\u0131n cazibesini ve PureJewels'in i\u015f\u00e7ilik miras\u0131n\u0131 yans\u0131t\u0131yor.<\/p>","protected":false},"excerpt":{"rendered":"<p data-start=\"408\" data-end=\"683\">22 ayar alt\u0131ndan g\u00fczel bir \u015fekilde el i\u015f\u00e7ili\u011fiyle \u00fcretilen bu yuvarlak jali k\u00fcpeler narin telkari detaylara ve boncuk vurgulara sahiptir. 2,2 gram a\u011f\u0131rl\u0131\u011f\u0131nda ve 9,7 mm geni\u015fli\u011finde olan bu k\u00fcpeler, rahatl\u0131k ve tak\u0131labilirlik i\u00e7in vidal\u0131 s\u0131rt ile sabitlenmi\u015ftir ve g\u00fcnl\u00fck \u015f\u0131kl\u0131k veya \u00f6zel g\u00fcnler i\u00e7in idealdir.<\/p>\n<p><strong>Malzeme:<\/strong>\u00a022 Ayar Alt\u0131n<br \/>\n<strong>Safl\u0131k:<\/strong>\u00a091.6% saf<br \/>\n<strong>Hallmark:<\/strong>\u00a0\u0130ngiliz Damgas\u0131<strong><br \/>\n<\/strong><strong>Br\u00fct A\u011f\u0131rl\u0131k: <\/strong>2.20 Gms<br \/>\n<strong>Geni\u015flik:<\/strong> 9.7mm<br \/>\n<strong>SKU:<\/strong> 52739<\/p>\n<p><strong>Fiyat ve Teslimat<\/strong>: KDV ve teslimat \u00fccreti dahil<br \/>\n<a href=\"https:\/\/www.purejewels.com\/tr\/i%cc%87ade-poli%cc%87ti%cc%87kasi\/\">\u0130ade Politikas\u0131<\/a><\/p>","protected":false},"featured_media":413840,"comment_status":"closed","ping_status":"closed","template":"","meta":{"_eb_attr":"","_crsspst_to_jayantr4sg-hostcom":true},"product_brand":[],"product_cat":[236,1793,1792,1790,1254,252,5611,5343,1570,1577,1574,5349],"product_tag":[66],"class_list":{"0":"post-413839","1":"product","2":"type-product","3":"status-publish","4":"has-post-thumbnail","6":"product_cat-collections","7":"product_cat-diwali-gifts","8":"product_cat-festival-gifts","9":"product_cat-for-whom-when","10":"product_cat-gold-earrings","11":"product_cat-jali-collections","12":"product_cat-jali-earrings","13":"product_cat-jewellery-under-550","14":"product_cat-mothers-day-gifts","15":"product_cat-stud-earrings","16":"product_cat-womens-jewellery","17":"product_cat-yellow-gold-jewellery","18":"product_tag-earrings","20":"first","21":"outofstock","22":"taxable","23":"shipping-taxable","24":"product-type-simple","25":"add-to-wishlist-before_image"},"yoast_head":"<!-- This site is optimized with the Yoast SEO plugin v27.5 - https:\/\/yoast.com\/product\/yoast-seo-wordpress\/ -->\n<title>22ct Gold Round Jali Stud Earrings | PureJewels UK<\/title>\n<meta name=\"description\" content=\"Shop 22ct Gold Round Jali Stud Earrings at PureJewels. Handcrafted in pure gold with intricate filigree detailing, these timeless earrings are perfect for daily wear or gifting.\" \/>\n<meta name=\"robots\" content=\"index, follow, max-snippet:-1, max-image-preview:large, max-video-preview:-1\" \/>\n<link rel=\"canonical\" href=\"https:\/\/www.purejewels.com\/tr\/urun\/22-ayar-altin-yuvarlak-jali-saplama-kupe-52739\/\" \/>\n<meta property=\"og:locale\" content=\"tr_TR\" \/>\n<meta property=\"og:type\" content=\"article\" \/>\n<meta property=\"og:title\" content=\"22ct Gold Round Jali Stud Earrings | PureJewels UK\" \/>\n<meta property=\"og:description\" content=\"Shop 22ct Gold Round Jali Stud Earrings at PureJewels. Handcrafted in pure gold with intricate filigree detailing, these timeless earrings are perfect for daily wear or gifting.\" \/>\n<meta property=\"og:url\" content=\"https:\/\/www.purejewels.com\/tr\/urun\/22-ayar-altin-yuvarlak-jali-saplama-kupe-52739\/\" \/>\n<meta property=\"og:site_name\" content=\"PureJewels UK\" \/>\n<meta property=\"article:modified_time\" content=\"2026-01-06T05:33:52+00:00\" \/>\n<meta property=\"og:image\" content=\"https:\/\/www.purejewels.com\/wp-content\/uploads\/2025\/09\/SKU-52739.jpg\" \/>\n\t<meta property=\"og:image:width\" content=\"1000\" \/>\n\t<meta property=\"og:image:height\" content=\"1000\" \/>\n\t<meta property=\"og:image:type\" content=\"image\/jpeg\" \/>\n<meta name=\"twitter:card\" content=\"summary_large_image\" \/>\n<meta name=\"twitter:label1\" content=\"Tahmini okuma s\u00fcresi\" \/>\n\t<meta name=\"twitter:data1\" content=\"1 dakika\" \/>\n<script type=\"application\/ld+json\" class=\"yoast-schema-graph\">{\"@context\":\"https:\\\/\\\/schema.org\",\"@graph\":[{\"@type\":[\"WebPage\",\"ItemPage\"],\"@id\":\"https:\\\/\\\/www.purejewels.com\\\/product\\\/22ct-gold-round-jali-stud-earrings-52739\\\/\",\"url\":\"https:\\\/\\\/www.purejewels.com\\\/product\\\/22ct-gold-round-jali-stud-earrings-52739\\\/\",\"name\":\"22ct Gold Round Jali Stud Earrings | PureJewels UK\",\"isPartOf\":{\"@id\":\"https:\\\/\\\/www.purejewels.com\\\/#website\"},\"primaryImageOfPage\":{\"@id\":\"https:\\\/\\\/www.purejewels.com\\\/product\\\/22ct-gold-round-jali-stud-earrings-52739\\\/#primaryimage\"},\"image\":{\"@id\":\"https:\\\/\\\/www.purejewels.com\\\/product\\\/22ct-gold-round-jali-stud-earrings-52739\\\/#primaryimage\"},\"thumbnailUrl\":\"https:\\\/\\\/static.purejewels.com\\\/wp-content\\\/uploads\\\/2025\\\/09\\\/SKU-52739.jpg\",\"datePublished\":\"2025-07-04T04:27:32+00:00\",\"dateModified\":\"2026-01-06T05:33:52+00:00\",\"description\":\"Shop 22ct Gold Round Jali Stud Earrings at PureJewels. Handcrafted in pure gold with intricate filigree detailing, these timeless earrings are perfect for daily wear or gifting.\",\"breadcrumb\":{\"@id\":\"https:\\\/\\\/www.purejewels.com\\\/product\\\/22ct-gold-round-jali-stud-earrings-52739\\\/#breadcrumb\"},\"inLanguage\":\"tr\",\"potentialAction\":[{\"@type\":\"ReadAction\",\"target\":[\"https:\\\/\\\/www.purejewels.com\\\/product\\\/22ct-gold-round-jali-stud-earrings-52739\\\/\"]}]},{\"@type\":\"ImageObject\",\"inLanguage\":\"tr\",\"@id\":\"https:\\\/\\\/www.purejewels.com\\\/product\\\/22ct-gold-round-jali-stud-earrings-52739\\\/#primaryimage\",\"url\":\"https:\\\/\\\/static.purejewels.com\\\/wp-content\\\/uploads\\\/2025\\\/09\\\/SKU-52739.jpg\",\"contentUrl\":\"https:\\\/\\\/static.purejewels.com\\\/wp-content\\\/uploads\\\/2025\\\/09\\\/SKU-52739.jpg\",\"width\":1000,\"height\":1000,\"caption\":\"22ct Gold Round Jali Stud Earrings\"},{\"@type\":\"BreadcrumbList\",\"@id\":\"https:\\\/\\\/www.purejewels.com\\\/product\\\/22ct-gold-round-jali-stud-earrings-52739\\\/#breadcrumb\",\"itemListElement\":[{\"@type\":\"ListItem\",\"position\":1,\"name\":\"Home\",\"item\":\"https:\\\/\\\/www.purejewels.com\\\/\"},{\"@type\":\"ListItem\",\"position\":2,\"name\":\"Shop\",\"item\":\"https:\\\/\\\/www.purejewels.com\\\/shop\\\/\"},{\"@type\":\"ListItem\",\"position\":3,\"name\":\"22ct Gold Round Jali Stud Earrings\"}]},{\"@type\":\"WebSite\",\"@id\":\"https:\\\/\\\/www.purejewels.com\\\/#website\",\"url\":\"https:\\\/\\\/www.purejewels.com\\\/\",\"name\":\"PureJewels UK\",\"description\":\"Share the Love\",\"publisher\":{\"@id\":\"https:\\\/\\\/www.purejewels.com\\\/#organization\"},\"potentialAction\":[{\"@type\":\"SearchAction\",\"target\":{\"@type\":\"EntryPoint\",\"urlTemplate\":\"https:\\\/\\\/www.purejewels.com\\\/?s={search_term_string}\"},\"query-input\":{\"@type\":\"PropertyValueSpecification\",\"valueRequired\":true,\"valueName\":\"search_term_string\"}}],\"inLanguage\":\"tr\"},{\"@type\":\"Organization\",\"@id\":\"https:\\\/\\\/www.purejewels.com\\\/#organization\",\"name\":\"PureJewels UK\",\"url\":\"https:\\\/\\\/www.purejewels.com\\\/\",\"logo\":{\"@type\":\"ImageObject\",\"inLanguage\":\"tr\",\"@id\":\"https:\\\/\\\/www.purejewels.com\\\/#\\\/schema\\\/logo\\\/image\\\/\",\"url\":\"https:\\\/\\\/static.purejewels.com\\\/wp-content\\\/uploads\\\/2020\\\/11\\\/Logo-PJ-New-1.png\",\"contentUrl\":\"https:\\\/\\\/static.purejewels.com\\\/wp-content\\\/uploads\\\/2020\\\/11\\\/Logo-PJ-New-1.png\",\"width\":150,\"height\":80,\"caption\":\"PureJewels UK\"},\"image\":{\"@id\":\"https:\\\/\\\/www.purejewels.com\\\/#\\\/schema\\\/logo\\\/image\\\/\"}}]}<\/script>\n<!-- \/ Yoast SEO plugin. -->","yoast_head_json":{"title":"22 Ayar Alt\u0131n Yuvarlak Jali Saplama K\u00fcpe | PureJewels UK","description":"PureJewels'te 22 Ayar Alt\u0131n Yuvarlak Jali Saplama K\u00fcpe sat\u0131n al\u0131n. Karma\u015f\u0131k telkari detaylara sahip saf alt\u0131ndan el yap\u0131m\u0131 bu zamans\u0131z k\u00fcpeler, g\u00fcnl\u00fck kullan\u0131m veya hediye i\u00e7in m\u00fckemmeldir.","robots":{"index":"index","follow":"follow","max-snippet":"max-snippet:-1","max-image-preview":"max-image-preview:large","max-video-preview":"max-video-preview:-1"},"canonical":"https:\/\/www.purejewels.com\/tr\/urun\/22-ayar-altin-yuvarlak-jali-saplama-kupe-52739\/","og_locale":"tr_TR","og_type":"article","og_title":"22ct Gold Round Jali Stud Earrings | PureJewels UK","og_description":"Shop 22ct Gold Round Jali Stud Earrings at PureJewels. Handcrafted in pure gold with intricate filigree detailing, these timeless earrings are perfect for daily wear or gifting.","og_url":"https:\/\/www.purejewels.com\/tr\/urun\/22-ayar-altin-yuvarlak-jali-saplama-kupe-52739\/","og_site_name":"PureJewels UK","article_modified_time":"2026-01-06T05:33:52+00:00","og_image":[{"width":1000,"height":1000,"url":"https:\/\/www.purejewels.com\/wp-content\/uploads\/2025\/09\/SKU-52739.jpg","type":"image\/jpeg"}],"twitter_card":"summary_large_image","twitter_misc":{"Tahmini okuma s\u00fcresi":"1 dakika"},"schema":{"@context":"https:\/\/schema.org","@graph":[{"@type":["WebPage","ItemPage"],"@id":"https:\/\/www.purejewels.com\/product\/22ct-gold-round-jali-stud-earrings-52739\/","url":"https:\/\/www.purejewels.com\/product\/22ct-gold-round-jali-stud-earrings-52739\/","name":"22 Ayar Alt\u0131n Yuvarlak Jali Saplama K\u00fcpe | PureJewels UK","isPartOf":{"@id":"https:\/\/www.purejewels.com\/#website"},"primaryImageOfPage":{"@id":"https:\/\/www.purejewels.com\/product\/22ct-gold-round-jali-stud-earrings-52739\/#primaryimage"},"image":{"@id":"https:\/\/www.purejewels.com\/product\/22ct-gold-round-jali-stud-earrings-52739\/#primaryimage"},"thumbnailUrl":"https:\/\/static.purejewels.com\/wp-content\/uploads\/2025\/09\/SKU-52739.jpg","datePublished":"2025-07-04T04:27:32+00:00","dateModified":"2026-01-06T05:33:52+00:00","description":"PureJewels'te 22 Ayar Alt\u0131n Yuvarlak Jali Saplama K\u00fcpe sat\u0131n al\u0131n. Karma\u015f\u0131k telkari detaylara sahip saf alt\u0131ndan el yap\u0131m\u0131 bu zamans\u0131z k\u00fcpeler, g\u00fcnl\u00fck kullan\u0131m veya hediye i\u00e7in m\u00fckemmeldir.","breadcrumb":{"@id":"https:\/\/www.purejewels.com\/product\/22ct-gold-round-jali-stud-earrings-52739\/#breadcrumb"},"inLanguage":"tr","potentialAction":[{"@type":"ReadAction","target":["https:\/\/www.purejewels.com\/product\/22ct-gold-round-jali-stud-earrings-52739\/"]}]},{"@type":"ImageObject","inLanguage":"tr","@id":"https:\/\/www.purejewels.com\/product\/22ct-gold-round-jali-stud-earrings-52739\/#primaryimage","url":"https:\/\/static.purejewels.com\/wp-content\/uploads\/2025\/09\/SKU-52739.jpg","contentUrl":"https:\/\/static.purejewels.com\/wp-content\/uploads\/2025\/09\/SKU-52739.jpg","width":1000,"height":1000,"caption":"22ct Gold Round Jali Stud Earrings"},{"@type":"BreadcrumbList","@id":"https:\/\/www.purejewels.com\/product\/22ct-gold-round-jali-stud-earrings-52739\/#breadcrumb","itemListElement":[{"@type":"ListItem","position":1,"name":"Home","item":"https:\/\/www.purejewels.com\/"},{"@type":"ListItem","position":2,"name":"Shop","item":"https:\/\/www.purejewels.com\/shop\/"},{"@type":"ListItem","position":3,"name":"22ct Gold Round Jali Stud Earrings"}]},{"@type":"WebSite","@id":"https:\/\/www.purejewels.com\/#website","url":"https:\/\/www.purejewels.com\/","name":"PureJewels \u0130ngiltere","description":"Sevgiyi Payla\u015f\u0131n","publisher":{"@id":"https:\/\/www.purejewels.com\/#organization"},"potentialAction":[{"@type":"SearchAction","target":{"@type":"EntryPoint","urlTemplate":"https:\/\/www.purejewels.com\/?s={search_term_string}"},"query-input":{"@type":"PropertyValueSpecification","valueRequired":true,"valueName":"search_term_string"}}],"inLanguage":"tr"},{"@type":"Organization","@id":"https:\/\/www.purejewels.com\/#organization","name":"PureJewels \u0130ngiltere","url":"https:\/\/www.purejewels.com\/","logo":{"@type":"ImageObject","inLanguage":"tr","@id":"https:\/\/www.purejewels.com\/#\/schema\/logo\/image\/","url":"https:\/\/static.purejewels.com\/wp-content\/uploads\/2020\/11\/Logo-PJ-New-1.png","contentUrl":"https:\/\/static.purejewels.com\/wp-content\/uploads\/2020\/11\/Logo-PJ-New-1.png","width":150,"height":80,"caption":"PureJewels UK"},"image":{"@id":"https:\/\/www.purejewels.com\/#\/schema\/logo\/image\/"}}]}},"_links":{"self":[{"href":"https:\/\/www.purejewels.com\/tr\/wp-json\/wp\/v2\/product\/413839","targetHints":{"allow":["GET"]}}],"collection":[{"href":"https:\/\/www.purejewels.com\/tr\/wp-json\/wp\/v2\/product"}],"about":[{"href":"https:\/\/www.purejewels.com\/tr\/wp-json\/wp\/v2\/types\/product"}],"replies":[{"embeddable":true,"href":"https:\/\/www.purejewels.com\/tr\/wp-json\/wp\/v2\/comments?post=413839"}],"version-history":[{"count":1,"href":"https:\/\/www.purejewels.com\/tr\/wp-json\/wp\/v2\/product\/413839\/revisions"}],"predecessor-version":[{"id":413842,"href":"https:\/\/www.purejewels.com\/tr\/wp-json\/wp\/v2\/product\/413839\/revisions\/413842"}],"wp:featuredmedia":[{"embeddable":true,"href":"https:\/\/www.purejewels.com\/tr\/wp-json\/wp\/v2\/media\/413840"}],"wp:attachment":[{"href":"https:\/\/www.purejewels.com\/tr\/wp-json\/wp\/v2\/media?parent=413839"}],"wp:term":[{"taxonomy":"product_brand","embeddable":true,"href":"https:\/\/www.purejewels.com\/tr\/wp-json\/wp\/v2\/product_brand?post=413839"},{"taxonomy":"product_cat","embeddable":true,"href":"https:\/\/www.purejewels.com\/tr\/wp-json\/wp\/v2\/product_cat?post=413839"},{"taxonomy":"product_tag","embeddable":true,"href":"https:\/\/www.purejewels.com\/tr\/wp-json\/wp\/v2\/product_tag?post=413839"}],"curies":[{"name":"wp","href":"https:\/\/api.w.org\/{rel}","templated":true}]}}