{"id":413843,"date":"2025-09-04T05:37:35","date_gmt":"2025-09-04T04:37:35","guid":{"rendered":"https:\/\/www.purejewels.com\/?post_type=product&#038;p=413843"},"modified":"2026-04-24T11:25:07","modified_gmt":"2026-04-24T10:25:07","slug":"22-ayar-altin-kucuk-cicek-citcit-52741","status":"publish","type":"product","link":"https:\/\/www.purejewels.com\/tr\/product\/22ct-gold-small-flower-studs-52741\/","title":{"rendered":"22 Ayar Alt\u0131n K\u00fc\u00e7\u00fck \u00c7i\u00e7ek \u00c7\u0131t\u00e7\u0131t"},"content":{"rendered":"<p data-start=\"80\" data-end=\"306\"><strong data-start=\"80\" data-end=\"90\">Tasar\u0131m<\/strong><br data-start=\"90\" data-end=\"93\" \/>A\u00e7an bir \u00e7i\u00e7ek gibi zarif\u00e7e \u015fekillendirilmi\u015f bu k\u00fc\u00e7\u00fck k\u00fcpeler, 7 mm geni\u015fli\u011finde ve 22 ayar sar\u0131 alt\u0131ndan klasik bir \u00e7i\u00e7ek motifi yakal\u0131yor. Kompakt ama detayl\u0131 olan bu k\u00fcpeler g\u00fcnl\u00fck kullan\u0131ma zarafet kat\u0131yor.<\/p>\n<p data-start=\"308\" data-end=\"545\"><strong data-start=\"308\" data-end=\"325\">Zanaatkarl\u0131k<\/strong><br data-start=\"325\" data-end=\"328\" \/>Saf 22 ayar alt\u0131ndan d\u00f6k\u00fclen ve tamamlanan \u00e7\u0131t\u00e7\u0131tlar, \u00f6zg\u00fcnl\u00fck i\u00e7in Londra'da damgalanm\u0131\u015ft\u0131r. Hafifli\u011fi ve p\u00fcr\u00fczs\u00fcz y\u00fczeyi rahatl\u0131k sa\u011flarken, tasar\u0131m detaylar\u0131ndan \u00f6d\u00fcn vermeden d\u00fczenli kullan\u0131m i\u00e7in idealdir.<\/p>\n<p data-start=\"547\" data-end=\"775\"><strong data-start=\"547\" data-end=\"563\">Stil \u0130pu\u00e7lar\u0131<\/strong><br data-start=\"563\" data-end=\"566\" \/>G\u00fcnl\u00fck kullan\u0131m i\u00e7in m\u00fckemmel olan bu \u00e7\u0131t\u00e7\u0131tlar, hem geleneksel k\u0131yafetlerle hem de g\u00fcndelik k\u0131yafetlerle zahmetsizce e\u015fle\u015fir. \u0130nce \u00e7i\u00e7ekli tasar\u0131mlar\u0131 da onlar\u0131 katmanl\u0131 olarak kullan\u0131ld\u0131\u011f\u0131nda daha b\u00fcy\u00fck par\u00e7alara \u00e7ok y\u00f6nl\u00fc bir e\u015flik\u00e7i haline getiriyor.<\/p>","protected":false},"excerpt":{"rendered":"<p>22 ayar alt\u0131ndan \u00f6zenle haz\u0131rlanm\u0131\u015f bu k\u00fc\u00e7\u00fck \u00e7i\u00e7ek k\u00fcpeler, ince detaylarla vurgulanm\u0131\u015f b\u00fcy\u00fcleyici bir ta\u00e7 yapra\u011f\u0131 tasar\u0131m\u0131na sahiptir. 1,24 gram a\u011f\u0131rl\u0131\u011f\u0131nda ve 7 mm boyutunda olan bu k\u00fcpeler, rahatl\u0131k ve kolayl\u0131k i\u00e7in vidal\u0131 bir arka k\u0131s\u0131mla sabitlenmi\u015ftir. G\u00fcnl\u00fck kullan\u0131m, hediye etme veya geleneksel g\u00f6r\u00fcn\u00fcmlerle e\u015fle\u015ftirme i\u00e7in m\u00fckemmeldir.<\/p>\n<p><strong>Malzeme:<\/strong>\u00a022 Ayar Alt\u0131n<br \/>\n<strong>Safl\u0131k:<\/strong>\u00a091.6% saf<br \/>\n<strong>Hallmark:<\/strong>\u00a0\u0130ngiliz Damgas\u0131<strong><br \/>\n<\/strong><strong>Br\u00fct A\u011f\u0131rl\u0131k: <\/strong>1.24 Gms<br \/>\n<strong>Geni\u015flik:<\/strong> 7 mm<br \/>\n<strong>SKU:<\/strong> 54610, 54617, 54624, 54602, 54603<\/p>\n<p><strong>Fiyat ve Teslimat<\/strong>: KDV ve teslimat \u00fccreti dahil<br \/>\n<a href=\"https:\/\/www.purejewels.com\/tr\/i%cc%87ade-poli%cc%87ti%cc%87kasi\/\">\u0130ade Politikas\u0131<\/a><\/p>","protected":false},"featured_media":413844,"comment_status":"closed","ping_status":"closed","template":"","meta":{"_eb_attr":"","_crsspst_to_jayantr4sg-hostcom":false},"product_brand":[],"product_cat":[236,1793,1792,1790,1254,252,5611,5343,1570,5338,1577,1574,5349],"product_tag":[66],"class_list":{"0":"post-413843","1":"product","2":"type-product","3":"status-publish","4":"has-post-thumbnail","6":"product_cat-collections","7":"product_cat-diwali-gifts","8":"product_cat-festival-gifts","9":"product_cat-for-whom-when","10":"product_cat-gold-earrings","11":"product_cat-jali-collections","12":"product_cat-jali-earrings","13":"product_cat-jewellery-under-550","14":"product_cat-mothers-day-gifts","15":"product_cat-shop-by-price","16":"product_cat-stud-earrings","17":"product_cat-womens-jewellery","18":"product_cat-yellow-gold-jewellery","19":"product_tag-earrings","21":"first","22":"instock","23":"taxable","24":"shipping-taxable","25":"purchasable","26":"product-type-simple","27":"add-to-wishlist-before_image"},"yoast_head":"<!-- This site is optimized with the Yoast SEO plugin v27.5 - https:\/\/yoast.com\/product\/yoast-seo-wordpress\/ -->\n<title>22ct Gold Filigree Studs | PureJewels UK<\/title>\n<meta name=\"description\" content=\"Shop 22ct Gold Filigree Studs at PureJewels. Handcrafted with flower detailing, these elegant gold stud earrings are your everyday favourite.\" \/>\n<meta name=\"robots\" content=\"index, follow, max-snippet:-1, max-image-preview:large, max-video-preview:-1\" \/>\n<link rel=\"canonical\" href=\"https:\/\/www.purejewels.com\/tr\/urun\/22-ayar-altin-kucuk-cicek-citcit-52741\/\" \/>\n<meta property=\"og:locale\" content=\"tr_TR\" \/>\n<meta property=\"og:type\" content=\"article\" \/>\n<meta property=\"og:title\" content=\"22ct Gold Filigree Studs | PureJewels UK\" \/>\n<meta property=\"og:description\" content=\"Shop 22ct Gold Filigree Studs at PureJewels. Handcrafted with flower detailing, these elegant gold stud earrings are your everyday favourite.\" \/>\n<meta property=\"og:url\" content=\"https:\/\/www.purejewels.com\/tr\/urun\/22-ayar-altin-kucuk-cicek-citcit-52741\/\" \/>\n<meta property=\"og:site_name\" content=\"PureJewels UK\" \/>\n<meta property=\"article:modified_time\" content=\"2026-04-24T10:25:07+00:00\" \/>\n<meta property=\"og:image\" content=\"https:\/\/static.purejewels.com\/wp-content\/uploads\/2025\/09\/SKU-52741.jpg\" \/>\n\t<meta property=\"og:image:width\" content=\"1000\" \/>\n\t<meta property=\"og:image:height\" content=\"1000\" \/>\n\t<meta property=\"og:image:type\" content=\"image\/jpeg\" \/>\n<meta name=\"twitter:card\" content=\"summary_large_image\" \/>\n<meta name=\"twitter:label1\" content=\"Tahmini okuma s\u00fcresi\" \/>\n\t<meta name=\"twitter:data1\" content=\"1 dakika\" \/>\n<script type=\"application\/ld+json\" class=\"yoast-schema-graph\">{\"@context\":\"https:\\\/\\\/schema.org\",\"@graph\":[{\"@type\":[\"WebPage\",\"ItemPage\"],\"@id\":\"https:\\\/\\\/www.purejewels.com\\\/product\\\/22ct-gold-small-flower-studs-52741\\\/\",\"url\":\"https:\\\/\\\/www.purejewels.com\\\/product\\\/22ct-gold-small-flower-studs-52741\\\/\",\"name\":\"22ct Gold Filigree Studs | PureJewels UK\",\"isPartOf\":{\"@id\":\"https:\\\/\\\/www.purejewels.com\\\/#website\"},\"primaryImageOfPage\":{\"@id\":\"https:\\\/\\\/www.purejewels.com\\\/product\\\/22ct-gold-small-flower-studs-52741\\\/#primaryimage\"},\"image\":{\"@id\":\"https:\\\/\\\/www.purejewels.com\\\/product\\\/22ct-gold-small-flower-studs-52741\\\/#primaryimage\"},\"thumbnailUrl\":\"https:\\\/\\\/static.purejewels.com\\\/wp-content\\\/uploads\\\/2025\\\/09\\\/SKU-52741.jpg\",\"datePublished\":\"2025-09-04T04:37:35+00:00\",\"dateModified\":\"2026-04-24T10:25:07+00:00\",\"description\":\"Shop 22ct Gold Filigree Studs at PureJewels. Handcrafted with flower detailing, these elegant gold stud earrings are your everyday favourite.\",\"breadcrumb\":{\"@id\":\"https:\\\/\\\/www.purejewels.com\\\/product\\\/22ct-gold-small-flower-studs-52741\\\/#breadcrumb\"},\"inLanguage\":\"tr\",\"potentialAction\":[{\"@type\":\"ReadAction\",\"target\":[\"https:\\\/\\\/www.purejewels.com\\\/product\\\/22ct-gold-small-flower-studs-52741\\\/\"]}]},{\"@type\":\"ImageObject\",\"inLanguage\":\"tr\",\"@id\":\"https:\\\/\\\/www.purejewels.com\\\/product\\\/22ct-gold-small-flower-studs-52741\\\/#primaryimage\",\"url\":\"https:\\\/\\\/static.purejewels.com\\\/wp-content\\\/uploads\\\/2025\\\/09\\\/SKU-52741.jpg\",\"contentUrl\":\"https:\\\/\\\/static.purejewels.com\\\/wp-content\\\/uploads\\\/2025\\\/09\\\/SKU-52741.jpg\",\"width\":1000,\"height\":1000,\"caption\":\"22ct Gold Small Flower Studs\"},{\"@type\":\"BreadcrumbList\",\"@id\":\"https:\\\/\\\/www.purejewels.com\\\/product\\\/22ct-gold-small-flower-studs-52741\\\/#breadcrumb\",\"itemListElement\":[{\"@type\":\"ListItem\",\"position\":1,\"name\":\"Home\",\"item\":\"https:\\\/\\\/www.purejewels.com\\\/\"},{\"@type\":\"ListItem\",\"position\":2,\"name\":\"Shop\",\"item\":\"https:\\\/\\\/www.purejewels.com\\\/shop\\\/\"},{\"@type\":\"ListItem\",\"position\":3,\"name\":\"22ct Gold Small Flower Studs\"}]},{\"@type\":\"WebSite\",\"@id\":\"https:\\\/\\\/www.purejewels.com\\\/#website\",\"url\":\"https:\\\/\\\/www.purejewels.com\\\/\",\"name\":\"PureJewels UK\",\"description\":\"Share the Love\",\"publisher\":{\"@id\":\"https:\\\/\\\/www.purejewels.com\\\/#organization\"},\"potentialAction\":[{\"@type\":\"SearchAction\",\"target\":{\"@type\":\"EntryPoint\",\"urlTemplate\":\"https:\\\/\\\/www.purejewels.com\\\/?s={search_term_string}\"},\"query-input\":{\"@type\":\"PropertyValueSpecification\",\"valueRequired\":true,\"valueName\":\"search_term_string\"}}],\"inLanguage\":\"tr\"},{\"@type\":\"Organization\",\"@id\":\"https:\\\/\\\/www.purejewels.com\\\/#organization\",\"name\":\"PureJewels UK\",\"url\":\"https:\\\/\\\/www.purejewels.com\\\/\",\"logo\":{\"@type\":\"ImageObject\",\"inLanguage\":\"tr\",\"@id\":\"https:\\\/\\\/www.purejewels.com\\\/#\\\/schema\\\/logo\\\/image\\\/\",\"url\":\"https:\\\/\\\/static.purejewels.com\\\/wp-content\\\/uploads\\\/2020\\\/11\\\/Logo-PJ-New-1.png\",\"contentUrl\":\"https:\\\/\\\/static.purejewels.com\\\/wp-content\\\/uploads\\\/2020\\\/11\\\/Logo-PJ-New-1.png\",\"width\":150,\"height\":80,\"caption\":\"PureJewels UK\"},\"image\":{\"@id\":\"https:\\\/\\\/www.purejewels.com\\\/#\\\/schema\\\/logo\\\/image\\\/\"}}]}<\/script>\n<!-- \/ Yoast SEO plugin. -->","yoast_head_json":{"title":"22 Ayar Alt\u0131n Telkari \u00c7\u0131t\u00e7\u0131t | PureJewels UK","description":"PureJewels'te 22 Ayar Alt\u0131n Telkari \u00c7\u0131t\u00e7\u0131tlar sat\u0131n al\u0131n. \u00c7i\u00e7ek detaylar\u0131yla el yap\u0131m\u0131 bu zarif alt\u0131n k\u00fcpeler g\u00fcnl\u00fck favoriniz olacak.","robots":{"index":"index","follow":"follow","max-snippet":"max-snippet:-1","max-image-preview":"max-image-preview:large","max-video-preview":"max-video-preview:-1"},"canonical":"https:\/\/www.purejewels.com\/tr\/urun\/22-ayar-altin-kucuk-cicek-citcit-52741\/","og_locale":"tr_TR","og_type":"article","og_title":"22ct Gold Filigree Studs | PureJewels UK","og_description":"Shop 22ct Gold Filigree Studs at PureJewels. Handcrafted with flower detailing, these elegant gold stud earrings are your everyday favourite.","og_url":"https:\/\/www.purejewels.com\/tr\/urun\/22-ayar-altin-kucuk-cicek-citcit-52741\/","og_site_name":"PureJewels UK","article_modified_time":"2026-04-24T10:25:07+00:00","og_image":[{"width":1000,"height":1000,"url":"https:\/\/static.purejewels.com\/wp-content\/uploads\/2025\/09\/SKU-52741.jpg","type":"image\/jpeg"}],"twitter_card":"summary_large_image","twitter_misc":{"Tahmini okuma s\u00fcresi":"1 dakika"},"schema":{"@context":"https:\/\/schema.org","@graph":[{"@type":["WebPage","ItemPage"],"@id":"https:\/\/www.purejewels.com\/product\/22ct-gold-small-flower-studs-52741\/","url":"https:\/\/www.purejewels.com\/product\/22ct-gold-small-flower-studs-52741\/","name":"22 Ayar Alt\u0131n Telkari \u00c7\u0131t\u00e7\u0131t | PureJewels UK","isPartOf":{"@id":"https:\/\/www.purejewels.com\/#website"},"primaryImageOfPage":{"@id":"https:\/\/www.purejewels.com\/product\/22ct-gold-small-flower-studs-52741\/#primaryimage"},"image":{"@id":"https:\/\/www.purejewels.com\/product\/22ct-gold-small-flower-studs-52741\/#primaryimage"},"thumbnailUrl":"https:\/\/static.purejewels.com\/wp-content\/uploads\/2025\/09\/SKU-52741.jpg","datePublished":"2025-09-04T04:37:35+00:00","dateModified":"2026-04-24T10:25:07+00:00","description":"PureJewels'te 22 Ayar Alt\u0131n Telkari \u00c7\u0131t\u00e7\u0131tlar sat\u0131n al\u0131n. \u00c7i\u00e7ek detaylar\u0131yla el yap\u0131m\u0131 bu zarif alt\u0131n k\u00fcpeler g\u00fcnl\u00fck favoriniz olacak.","breadcrumb":{"@id":"https:\/\/www.purejewels.com\/product\/22ct-gold-small-flower-studs-52741\/#breadcrumb"},"inLanguage":"tr","potentialAction":[{"@type":"ReadAction","target":["https:\/\/www.purejewels.com\/product\/22ct-gold-small-flower-studs-52741\/"]}]},{"@type":"ImageObject","inLanguage":"tr","@id":"https:\/\/www.purejewels.com\/product\/22ct-gold-small-flower-studs-52741\/#primaryimage","url":"https:\/\/static.purejewels.com\/wp-content\/uploads\/2025\/09\/SKU-52741.jpg","contentUrl":"https:\/\/static.purejewels.com\/wp-content\/uploads\/2025\/09\/SKU-52741.jpg","width":1000,"height":1000,"caption":"22ct Gold Small Flower Studs"},{"@type":"BreadcrumbList","@id":"https:\/\/www.purejewels.com\/product\/22ct-gold-small-flower-studs-52741\/#breadcrumb","itemListElement":[{"@type":"ListItem","position":1,"name":"Home","item":"https:\/\/www.purejewels.com\/"},{"@type":"ListItem","position":2,"name":"Shop","item":"https:\/\/www.purejewels.com\/shop\/"},{"@type":"ListItem","position":3,"name":"22ct Gold Small Flower Studs"}]},{"@type":"WebSite","@id":"https:\/\/www.purejewels.com\/#website","url":"https:\/\/www.purejewels.com\/","name":"PureJewels \u0130ngiltere","description":"Sevgiyi Payla\u015f\u0131n","publisher":{"@id":"https:\/\/www.purejewels.com\/#organization"},"potentialAction":[{"@type":"SearchAction","target":{"@type":"EntryPoint","urlTemplate":"https:\/\/www.purejewels.com\/?s={search_term_string}"},"query-input":{"@type":"PropertyValueSpecification","valueRequired":true,"valueName":"search_term_string"}}],"inLanguage":"tr"},{"@type":"Organization","@id":"https:\/\/www.purejewels.com\/#organization","name":"PureJewels \u0130ngiltere","url":"https:\/\/www.purejewels.com\/","logo":{"@type":"ImageObject","inLanguage":"tr","@id":"https:\/\/www.purejewels.com\/#\/schema\/logo\/image\/","url":"https:\/\/static.purejewels.com\/wp-content\/uploads\/2020\/11\/Logo-PJ-New-1.png","contentUrl":"https:\/\/static.purejewels.com\/wp-content\/uploads\/2020\/11\/Logo-PJ-New-1.png","width":150,"height":80,"caption":"PureJewels UK"},"image":{"@id":"https:\/\/www.purejewels.com\/#\/schema\/logo\/image\/"}}]}},"_links":{"self":[{"href":"https:\/\/www.purejewels.com\/tr\/wp-json\/wp\/v2\/product\/413843","targetHints":{"allow":["GET"]}}],"collection":[{"href":"https:\/\/www.purejewels.com\/tr\/wp-json\/wp\/v2\/product"}],"about":[{"href":"https:\/\/www.purejewels.com\/tr\/wp-json\/wp\/v2\/types\/product"}],"replies":[{"embeddable":true,"href":"https:\/\/www.purejewels.com\/tr\/wp-json\/wp\/v2\/comments?post=413843"}],"version-history":[{"count":6,"href":"https:\/\/www.purejewels.com\/tr\/wp-json\/wp\/v2\/product\/413843\/revisions"}],"predecessor-version":[{"id":427034,"href":"https:\/\/www.purejewels.com\/tr\/wp-json\/wp\/v2\/product\/413843\/revisions\/427034"}],"wp:featuredmedia":[{"embeddable":true,"href":"https:\/\/www.purejewels.com\/tr\/wp-json\/wp\/v2\/media\/413844"}],"wp:attachment":[{"href":"https:\/\/www.purejewels.com\/tr\/wp-json\/wp\/v2\/media?parent=413843"}],"wp:term":[{"taxonomy":"product_brand","embeddable":true,"href":"https:\/\/www.purejewels.com\/tr\/wp-json\/wp\/v2\/product_brand?post=413843"},{"taxonomy":"product_cat","embeddable":true,"href":"https:\/\/www.purejewels.com\/tr\/wp-json\/wp\/v2\/product_cat?post=413843"},{"taxonomy":"product_tag","embeddable":true,"href":"https:\/\/www.purejewels.com\/tr\/wp-json\/wp\/v2\/product_tag?post=413843"}],"curies":[{"name":"wp","href":"https:\/\/api.w.org\/{rel}","templated":true}]}}