{"id":413850,"date":"2025-09-24T05:47:41","date_gmt":"2025-09-24T04:47:41","guid":{"rendered":"https:\/\/www.purejewels.com\/?post_type=product&#038;p=413850"},"modified":"2026-01-06T05:35:00","modified_gmt":"2026-01-06T05:35:00","slug":"22-ayar-altin-cicekli-kupe-52742","status":"publish","type":"product","link":"https:\/\/www.purejewels.com\/tr\/product\/22ct-gold-blossom-stud-earrings-52742\/","title":{"rendered":"22 Ayar Alt\u0131n \u00c7i\u00e7ekli Saplama K\u00fcpe"},"content":{"rendered":"<p data-start=\"700\" data-end=\"1020\">M\u00fccevher koleksiyonunuza zamans\u0131z bir \u00e7ekicilik kat\u0131n <strong data-start=\"757\" data-end=\"792\">22 Ayar Alt\u0131n \u00c7i\u00e7ekli Saplama K\u00fcpe<\/strong>a\u00e7an \u00e7i\u00e7eklerin narin g\u00fczelli\u011finden esinlenilmi\u015ftir. Her bir k\u00fcpe saf 22 ayar alt\u0131ndan \u00f6zenle \u00fcretilmi\u015ftir ve alt\u0131n\u0131n s\u0131cak \u0131\u015f\u0131lt\u0131s\u0131n\u0131 vurgulayan ince doku ve ince boncuk i\u015f\u00e7ili\u011fiyle zenginle\u015ftirilmi\u015f katmanl\u0131 bir ta\u00e7 yapra\u011f\u0131 motifi sergiler.<\/p>\n<p data-start=\"1022\" data-end=\"1235\">8,2 mm boyutunda ve 2 g a\u011f\u0131rl\u0131\u011f\u0131ndaki bu \u00e7\u0131t\u00e7\u0131tlar hafif ama g\u00f6z al\u0131c\u0131d\u0131r. G\u00fcvenli vidal\u0131 ba\u011flant\u0131 hem rahatl\u0131k hem de g\u00f6n\u00fcl rahatl\u0131\u011f\u0131 sa\u011flayarak g\u00fcnl\u00fck kullan\u0131m veya \u00f6zel g\u00fcnler i\u00e7in uygun hale getirir.<\/p>\n<p data-start=\"1237\" data-end=\"1512\">Zarif ve \u00e7ok y\u00f6nl\u00fc olan bu k\u00fcpeler hem modern hem de geleneksel tarzlarla zahmetsizce e\u015fle\u015fir. \u0130ster anlaml\u0131 bir hediye ister ki\u015fisel bir hazine olarak se\u00e7ilsin <strong data-start=\"1401\" data-end=\"1436\">22 Ayar Alt\u0131n \u00c7i\u00e7ekli Saplama K\u00fcpe<\/strong> PureJewels'in ince i\u015f\u00e7ili\u011fe ve kal\u0131c\u0131 g\u00fczelli\u011fe olan ba\u011fl\u0131l\u0131\u011f\u0131n\u0131 yans\u0131t\u0131r.<\/p>","protected":false},"excerpt":{"rendered":"<p>22 ayar alt\u0131ndan el i\u015f\u00e7ili\u011fiyle \u00fcretilen bu \u00e7i\u00e7ekli k\u00fcpeler, karma\u015f\u0131k detaylara sahip \u0131\u015f\u0131lt\u0131l\u0131 bir ta\u00e7 yapra\u011f\u0131 tasar\u0131m\u0131na sahiptir. 2 gram a\u011f\u0131rl\u0131\u011f\u0131nda ve 8,2 mm \u00f6l\u00e7\u00fcs\u00fcndeki bu k\u00fcpeler, rahatl\u0131k ve tak\u0131labilirlik i\u00e7in vidal\u0131 bir arka k\u0131s\u0131mla sabitlenmi\u015ftir. G\u00fcnl\u00fck \u015f\u0131kl\u0131k i\u00e7in veya d\u00fc\u015f\u00fcnceli bir hediye olarak m\u00fckemmeldir.<\/p>\n<p><strong>Malzeme:<\/strong>\u00a022 Ayar Alt\u0131n<br \/>\n<strong>Safl\u0131k:<\/strong>\u00a091.6% saf<br \/>\n<strong>Hallmark:<\/strong>\u00a0\u0130ngiliz Damgas\u0131<strong><br \/>\n<\/strong><strong>Br\u00fct A\u011f\u0131rl\u0131k: <\/strong>2.00 Gms<br \/>\n<strong>Geni\u015flik:<\/strong> 8,2 mm<br \/>\n<strong>SKU:<\/strong> 52742<\/p>\n<p><strong>Fiyat ve Teslimat<\/strong>: KDV ve teslimat \u00fccreti dahil<br \/>\n<a href=\"https:\/\/www.purejewels.com\/tr\/i%cc%87ade-poli%cc%87ti%cc%87kasi\/\">\u0130ade Politikas\u0131<\/a><\/p>","protected":false},"featured_media":413851,"comment_status":"closed","ping_status":"closed","template":"","meta":{"_eb_attr":"","_crsspst_to_jayantr4sg-hostcom":true},"product_brand":[],"product_cat":[236,1793,1792,1790,1254,252,5611,5343,1570,5338,1577,1574,5349],"product_tag":[66],"class_list":{"0":"post-413850","1":"product","2":"type-product","3":"status-publish","4":"has-post-thumbnail","6":"product_cat-collections","7":"product_cat-diwali-gifts","8":"product_cat-festival-gifts","9":"product_cat-for-whom-when","10":"product_cat-gold-earrings","11":"product_cat-jali-collections","12":"product_cat-jali-earrings","13":"product_cat-jewellery-under-550","14":"product_cat-mothers-day-gifts","15":"product_cat-shop-by-price","16":"product_cat-stud-earrings","17":"product_cat-womens-jewellery","18":"product_cat-yellow-gold-jewellery","19":"product_tag-earrings","21":"first","22":"outofstock","23":"taxable","24":"shipping-taxable","25":"product-type-simple","26":"add-to-wishlist-before_image"},"yoast_head":"<!-- This site is optimized with the Yoast SEO plugin v27.5 - https:\/\/yoast.com\/product\/yoast-seo-wordpress\/ -->\n<title>22ct Gold Blossom Stud Earrings | PureJewels UK<\/title>\n<meta name=\"description\" content=\"Shop 22ct Gold Blossom Stud Earrings at PureJewels. Handcrafted in pure gold with a delicate floral design, these lightweight studs are perfect for everyday wear or gifting.\" \/>\n<meta name=\"robots\" content=\"index, follow, max-snippet:-1, max-image-preview:large, max-video-preview:-1\" \/>\n<link rel=\"canonical\" href=\"https:\/\/www.purejewels.com\/tr\/urun\/22-ayar-altin-cicekli-kupe-52742\/\" \/>\n<meta property=\"og:locale\" content=\"tr_TR\" \/>\n<meta property=\"og:type\" content=\"article\" \/>\n<meta property=\"og:title\" content=\"22ct Gold Blossom Stud Earrings | PureJewels UK\" \/>\n<meta property=\"og:description\" content=\"Shop 22ct Gold Blossom Stud Earrings at PureJewels. Handcrafted in pure gold with a delicate floral design, these lightweight studs are perfect for everyday wear or gifting.\" \/>\n<meta property=\"og:url\" content=\"https:\/\/www.purejewels.com\/tr\/urun\/22-ayar-altin-cicekli-kupe-52742\/\" \/>\n<meta property=\"og:site_name\" content=\"PureJewels UK\" \/>\n<meta property=\"article:modified_time\" content=\"2026-01-06T05:35:00+00:00\" \/>\n<meta property=\"og:image\" content=\"https:\/\/www.purejewels.com\/wp-content\/uploads\/2025\/09\/SKU-52742.jpg\" \/>\n\t<meta property=\"og:image:width\" content=\"1000\" \/>\n\t<meta property=\"og:image:height\" content=\"1000\" \/>\n\t<meta property=\"og:image:type\" content=\"image\/jpeg\" \/>\n<meta name=\"twitter:card\" content=\"summary_large_image\" \/>\n<meta name=\"twitter:label1\" content=\"Tahmini okuma s\u00fcresi\" \/>\n\t<meta name=\"twitter:data1\" content=\"1 dakika\" \/>\n<script type=\"application\/ld+json\" class=\"yoast-schema-graph\">{\"@context\":\"https:\\\/\\\/schema.org\",\"@graph\":[{\"@type\":[\"WebPage\",\"ItemPage\"],\"@id\":\"https:\\\/\\\/www.purejewels.com\\\/product\\\/22ct-gold-blossom-stud-earrings-52742\\\/\",\"url\":\"https:\\\/\\\/www.purejewels.com\\\/product\\\/22ct-gold-blossom-stud-earrings-52742\\\/\",\"name\":\"22ct Gold Blossom Stud Earrings | PureJewels UK\",\"isPartOf\":{\"@id\":\"https:\\\/\\\/www.purejewels.com\\\/#website\"},\"primaryImageOfPage\":{\"@id\":\"https:\\\/\\\/www.purejewels.com\\\/product\\\/22ct-gold-blossom-stud-earrings-52742\\\/#primaryimage\"},\"image\":{\"@id\":\"https:\\\/\\\/www.purejewels.com\\\/product\\\/22ct-gold-blossom-stud-earrings-52742\\\/#primaryimage\"},\"thumbnailUrl\":\"https:\\\/\\\/static.purejewels.com\\\/wp-content\\\/uploads\\\/2025\\\/09\\\/SKU-52742.jpg\",\"datePublished\":\"2025-09-24T04:47:41+00:00\",\"dateModified\":\"2026-01-06T05:35:00+00:00\",\"description\":\"Shop 22ct Gold Blossom Stud Earrings at PureJewels. Handcrafted in pure gold with a delicate floral design, these lightweight studs are perfect for everyday wear or gifting.\",\"breadcrumb\":{\"@id\":\"https:\\\/\\\/www.purejewels.com\\\/product\\\/22ct-gold-blossom-stud-earrings-52742\\\/#breadcrumb\"},\"inLanguage\":\"tr\",\"potentialAction\":[{\"@type\":\"ReadAction\",\"target\":[\"https:\\\/\\\/www.purejewels.com\\\/product\\\/22ct-gold-blossom-stud-earrings-52742\\\/\"]}]},{\"@type\":\"ImageObject\",\"inLanguage\":\"tr\",\"@id\":\"https:\\\/\\\/www.purejewels.com\\\/product\\\/22ct-gold-blossom-stud-earrings-52742\\\/#primaryimage\",\"url\":\"https:\\\/\\\/static.purejewels.com\\\/wp-content\\\/uploads\\\/2025\\\/09\\\/SKU-52742.jpg\",\"contentUrl\":\"https:\\\/\\\/static.purejewels.com\\\/wp-content\\\/uploads\\\/2025\\\/09\\\/SKU-52742.jpg\",\"width\":1000,\"height\":1000,\"caption\":\"22ct Gold Blossom Stud Earrings\"},{\"@type\":\"BreadcrumbList\",\"@id\":\"https:\\\/\\\/www.purejewels.com\\\/product\\\/22ct-gold-blossom-stud-earrings-52742\\\/#breadcrumb\",\"itemListElement\":[{\"@type\":\"ListItem\",\"position\":1,\"name\":\"Home\",\"item\":\"https:\\\/\\\/www.purejewels.com\\\/\"},{\"@type\":\"ListItem\",\"position\":2,\"name\":\"Shop\",\"item\":\"https:\\\/\\\/www.purejewels.com\\\/shop\\\/\"},{\"@type\":\"ListItem\",\"position\":3,\"name\":\"22ct Gold Blossom Stud Earrings\"}]},{\"@type\":\"WebSite\",\"@id\":\"https:\\\/\\\/www.purejewels.com\\\/#website\",\"url\":\"https:\\\/\\\/www.purejewels.com\\\/\",\"name\":\"PureJewels UK\",\"description\":\"Share the Love\",\"publisher\":{\"@id\":\"https:\\\/\\\/www.purejewels.com\\\/#organization\"},\"potentialAction\":[{\"@type\":\"SearchAction\",\"target\":{\"@type\":\"EntryPoint\",\"urlTemplate\":\"https:\\\/\\\/www.purejewels.com\\\/?s={search_term_string}\"},\"query-input\":{\"@type\":\"PropertyValueSpecification\",\"valueRequired\":true,\"valueName\":\"search_term_string\"}}],\"inLanguage\":\"tr\"},{\"@type\":\"Organization\",\"@id\":\"https:\\\/\\\/www.purejewels.com\\\/#organization\",\"name\":\"PureJewels UK\",\"url\":\"https:\\\/\\\/www.purejewels.com\\\/\",\"logo\":{\"@type\":\"ImageObject\",\"inLanguage\":\"tr\",\"@id\":\"https:\\\/\\\/www.purejewels.com\\\/#\\\/schema\\\/logo\\\/image\\\/\",\"url\":\"https:\\\/\\\/static.purejewels.com\\\/wp-content\\\/uploads\\\/2020\\\/11\\\/Logo-PJ-New-1.png\",\"contentUrl\":\"https:\\\/\\\/static.purejewels.com\\\/wp-content\\\/uploads\\\/2020\\\/11\\\/Logo-PJ-New-1.png\",\"width\":150,\"height\":80,\"caption\":\"PureJewels UK\"},\"image\":{\"@id\":\"https:\\\/\\\/www.purejewels.com\\\/#\\\/schema\\\/logo\\\/image\\\/\"}}]}<\/script>\n<!-- \/ Yoast SEO plugin. -->","yoast_head_json":{"title":"22 Ayar Alt\u0131n \u00c7i\u00e7e\u011fi Saplama K\u00fcpe | PureJewels UK","description":"PureJewels'te 22 Ayar Alt\u0131n \u00c7i\u00e7ekli Saplama K\u00fcpe sat\u0131n al\u0131n. Narin bir \u00e7i\u00e7ek tasar\u0131m\u0131yla saf alt\u0131ndan el yap\u0131m\u0131 olarak \u00fcretilen bu hafif k\u00fcpeler, g\u00fcnl\u00fck kullan\u0131m veya hediye i\u00e7in m\u00fckemmeldir.","robots":{"index":"index","follow":"follow","max-snippet":"max-snippet:-1","max-image-preview":"max-image-preview:large","max-video-preview":"max-video-preview:-1"},"canonical":"https:\/\/www.purejewels.com\/tr\/urun\/22-ayar-altin-cicekli-kupe-52742\/","og_locale":"tr_TR","og_type":"article","og_title":"22ct Gold Blossom Stud Earrings | PureJewels UK","og_description":"Shop 22ct Gold Blossom Stud Earrings at PureJewels. Handcrafted in pure gold with a delicate floral design, these lightweight studs are perfect for everyday wear or gifting.","og_url":"https:\/\/www.purejewels.com\/tr\/urun\/22-ayar-altin-cicekli-kupe-52742\/","og_site_name":"PureJewels UK","article_modified_time":"2026-01-06T05:35:00+00:00","og_image":[{"width":1000,"height":1000,"url":"https:\/\/www.purejewels.com\/wp-content\/uploads\/2025\/09\/SKU-52742.jpg","type":"image\/jpeg"}],"twitter_card":"summary_large_image","twitter_misc":{"Tahmini okuma s\u00fcresi":"1 dakika"},"schema":{"@context":"https:\/\/schema.org","@graph":[{"@type":["WebPage","ItemPage"],"@id":"https:\/\/www.purejewels.com\/product\/22ct-gold-blossom-stud-earrings-52742\/","url":"https:\/\/www.purejewels.com\/product\/22ct-gold-blossom-stud-earrings-52742\/","name":"22 Ayar Alt\u0131n \u00c7i\u00e7e\u011fi Saplama K\u00fcpe | PureJewels UK","isPartOf":{"@id":"https:\/\/www.purejewels.com\/#website"},"primaryImageOfPage":{"@id":"https:\/\/www.purejewels.com\/product\/22ct-gold-blossom-stud-earrings-52742\/#primaryimage"},"image":{"@id":"https:\/\/www.purejewels.com\/product\/22ct-gold-blossom-stud-earrings-52742\/#primaryimage"},"thumbnailUrl":"https:\/\/static.purejewels.com\/wp-content\/uploads\/2025\/09\/SKU-52742.jpg","datePublished":"2025-09-24T04:47:41+00:00","dateModified":"2026-01-06T05:35:00+00:00","description":"PureJewels'te 22 Ayar Alt\u0131n \u00c7i\u00e7ekli Saplama K\u00fcpe sat\u0131n al\u0131n. Narin bir \u00e7i\u00e7ek tasar\u0131m\u0131yla saf alt\u0131ndan el yap\u0131m\u0131 olarak \u00fcretilen bu hafif k\u00fcpeler, g\u00fcnl\u00fck kullan\u0131m veya hediye i\u00e7in m\u00fckemmeldir.","breadcrumb":{"@id":"https:\/\/www.purejewels.com\/product\/22ct-gold-blossom-stud-earrings-52742\/#breadcrumb"},"inLanguage":"tr","potentialAction":[{"@type":"ReadAction","target":["https:\/\/www.purejewels.com\/product\/22ct-gold-blossom-stud-earrings-52742\/"]}]},{"@type":"ImageObject","inLanguage":"tr","@id":"https:\/\/www.purejewels.com\/product\/22ct-gold-blossom-stud-earrings-52742\/#primaryimage","url":"https:\/\/static.purejewels.com\/wp-content\/uploads\/2025\/09\/SKU-52742.jpg","contentUrl":"https:\/\/static.purejewels.com\/wp-content\/uploads\/2025\/09\/SKU-52742.jpg","width":1000,"height":1000,"caption":"22ct Gold Blossom Stud Earrings"},{"@type":"BreadcrumbList","@id":"https:\/\/www.purejewels.com\/product\/22ct-gold-blossom-stud-earrings-52742\/#breadcrumb","itemListElement":[{"@type":"ListItem","position":1,"name":"Home","item":"https:\/\/www.purejewels.com\/"},{"@type":"ListItem","position":2,"name":"Shop","item":"https:\/\/www.purejewels.com\/shop\/"},{"@type":"ListItem","position":3,"name":"22ct Gold Blossom Stud Earrings"}]},{"@type":"WebSite","@id":"https:\/\/www.purejewels.com\/#website","url":"https:\/\/www.purejewels.com\/","name":"PureJewels \u0130ngiltere","description":"Sevgiyi Payla\u015f\u0131n","publisher":{"@id":"https:\/\/www.purejewels.com\/#organization"},"potentialAction":[{"@type":"SearchAction","target":{"@type":"EntryPoint","urlTemplate":"https:\/\/www.purejewels.com\/?s={search_term_string}"},"query-input":{"@type":"PropertyValueSpecification","valueRequired":true,"valueName":"search_term_string"}}],"inLanguage":"tr"},{"@type":"Organization","@id":"https:\/\/www.purejewels.com\/#organization","name":"PureJewels \u0130ngiltere","url":"https:\/\/www.purejewels.com\/","logo":{"@type":"ImageObject","inLanguage":"tr","@id":"https:\/\/www.purejewels.com\/#\/schema\/logo\/image\/","url":"https:\/\/static.purejewels.com\/wp-content\/uploads\/2020\/11\/Logo-PJ-New-1.png","contentUrl":"https:\/\/static.purejewels.com\/wp-content\/uploads\/2020\/11\/Logo-PJ-New-1.png","width":150,"height":80,"caption":"PureJewels UK"},"image":{"@id":"https:\/\/www.purejewels.com\/#\/schema\/logo\/image\/"}}]}},"_links":{"self":[{"href":"https:\/\/www.purejewels.com\/tr\/wp-json\/wp\/v2\/product\/413850","targetHints":{"allow":["GET"]}}],"collection":[{"href":"https:\/\/www.purejewels.com\/tr\/wp-json\/wp\/v2\/product"}],"about":[{"href":"https:\/\/www.purejewels.com\/tr\/wp-json\/wp\/v2\/types\/product"}],"replies":[{"embeddable":true,"href":"https:\/\/www.purejewels.com\/tr\/wp-json\/wp\/v2\/comments?post=413850"}],"version-history":[{"count":1,"href":"https:\/\/www.purejewels.com\/tr\/wp-json\/wp\/v2\/product\/413850\/revisions"}],"predecessor-version":[{"id":413853,"href":"https:\/\/www.purejewels.com\/tr\/wp-json\/wp\/v2\/product\/413850\/revisions\/413853"}],"wp:featuredmedia":[{"embeddable":true,"href":"https:\/\/www.purejewels.com\/tr\/wp-json\/wp\/v2\/media\/413851"}],"wp:attachment":[{"href":"https:\/\/www.purejewels.com\/tr\/wp-json\/wp\/v2\/media?parent=413850"}],"wp:term":[{"taxonomy":"product_brand","embeddable":true,"href":"https:\/\/www.purejewels.com\/tr\/wp-json\/wp\/v2\/product_brand?post=413850"},{"taxonomy":"product_cat","embeddable":true,"href":"https:\/\/www.purejewels.com\/tr\/wp-json\/wp\/v2\/product_cat?post=413850"},{"taxonomy":"product_tag","embeddable":true,"href":"https:\/\/www.purejewels.com\/tr\/wp-json\/wp\/v2\/product_tag?post=413850"}],"curies":[{"name":"wp","href":"https:\/\/api.w.org\/{rel}","templated":true}]}}