{"id":413930,"date":"2025-04-05T13:39:58","date_gmt":"2025-04-05T12:39:58","guid":{"rendered":"https:\/\/www.purejewels.com\/?post_type=product&#038;p=413930"},"modified":"2026-04-24T17:43:05","modified_gmt":"2026-04-24T16:43:05","slug":"22-ayar-altin-rozet-cicek-yuzuk","status":"publish","type":"product","link":"https:\/\/www.purejewels.com\/tr\/product\/22ct-gold-rosette-bloom-ring\/","title":{"rendered":"22 Ayar Alt\u0131n Rozet \u00c7i\u00e7ek Y\u00fcz\u00fck"},"content":{"rendered":"<p data-start=\"207\" data-end=\"519\"><strong data-start=\"207\" data-end=\"217\">Tasar\u0131m<\/strong><br data-start=\"217\" data-end=\"220\" \/>Tasar\u0131m yoluyla hikaye anlat\u0131m\u0131n\u0131 kutlayan Rosette Bloom Y\u00fcz\u00fck, iki adet 5 mm'lik yan motifle \u00e7evrelenmi\u015f 6 mm'lik merkezi rozetten olu\u015fan bir \u00e7i\u00e7ek \u00fc\u00e7l\u00fcs\u00fcne sahiptir. 22 ayar G\u00fcndo\u011fumu Alt\u0131n\u0131 ile \u015fekillendirilen d\u00fczenleme, daha fazla derinlik i\u00e7in dokulu yapraklara kar\u015f\u0131 parlat\u0131lm\u0131\u015f merkezlerle zarif bir form dengesi yarat\u0131r.<\/p>\n<p data-start=\"521\" data-end=\"833\"><strong data-start=\"521\" data-end=\"538\">Zanaatkarl\u0131k<\/strong><br data-start=\"538\" data-end=\"541\" \/>Geleneksel kal\u0131p damgalama tekni\u011fiyle hayata ge\u00e7irilen her bir \u00e7i\u00e7ek detay\u0131, dokuyu koruyan ve dayan\u0131kl\u0131l\u0131\u011f\u0131 art\u0131ran bir hassasiyetle alt\u0131n levhalara preslenir. Sunrise Gold ile elde tamamlanan ve Londra'da damgalanan y\u00fcz\u00fck, hem sanat miras\u0131 hem de rafine bir karakter ta\u015f\u0131yor.<\/p>\n<p data-start=\"835\" data-end=\"1109\"><strong data-start=\"835\" data-end=\"846\">\u015eekillendirme<\/strong><br data-start=\"846\" data-end=\"849\" \/>Hafif ama dayan\u0131kl\u0131 olan bu y\u00fcz\u00fck, zarafetin sembol\u00fc olarak tek ba\u015f\u0131na tak\u0131labilecek veya katmanl\u0131 bir g\u00f6r\u00fcn\u00fcm i\u00e7in di\u011fer bantlarla birlikte istiflenebilecek kadar \u00e7ok y\u00f6nl\u00fcd\u00fcr. D\u00fc\u015f\u00fcnceli bir hediye veya ki\u015fisel bir hat\u0131ra olarak ideal olan bu y\u00fcz\u00fck, b\u00fcy\u00fcmenin ve ya\u015fam yolculu\u011funun \u0131\u015f\u0131lt\u0131l\u0131 bir ifadesi olarak yank\u0131lan\u0131r.<\/p>","protected":false},"excerpt":{"rendered":"<p>Bu\u00a0<strong>22 Ayar Alt\u0131n Flora Bayan Y\u00fcz\u00fck<\/strong>\u00a0Rosette Koleksiyonumuzdan zarif bir g\u00fczellik kutlamas\u0131. \u0130\u00e7inde bir\u00a0<strong data-start=\"653\" data-end=\"676\">6mm merkezi rozet<\/strong>\u00a0iki ile\u00a0<strong>5mm yan motifler\u00a0<\/strong>uyum i\u00e7inde. Zengin Sunrise Alt\u0131n\u0131 ile el yap\u0131m\u0131 olarak \u00fcretilen bu y\u00fcz\u00fck, zamans\u0131z bir zarafeti temsil eder. Farkl\u0131 boyutlarda mevcuttur, hediye etmek veya g\u00fcnl\u00fck s\u00fcsleme i\u00e7in m\u00fckemmeldir.<\/p>\n<p><strong>Malzeme<\/strong>: 22ct Sunrise Alt\u0131n (91.6% saf alt\u0131n)<br \/>\n<strong>Hallmark<\/strong>: \u0130ngiliz Hallmark<br \/>\n<strong>A\u011f\u0131rl\u0131k Aral\u0131\u011f\u0131<\/strong>: 2.1 Gms- 2.5 Gms<br \/>\n<strong>\u00c7i\u00e7ek geni\u015fli\u011fi<\/strong>: merkez \u00e7i\u00e7ek - 6mm, yan \u00e7i\u00e7ekler - 5mm<br \/>\n<strong>Y\u00fcz\u00fck \u00d6l\u00e7\u00fcs\u00fc:<\/strong> Farkl\u0131 boyutlarda mevcuttur<br \/>\n<strong>SKU:<\/strong> 52049, 51657, 51658<\/p>\n<p><strong>Fiyat ve Teslimat:<\/strong>\u00a0 KDV ve teslimat \u00fccretleri dahil<br \/>\n<strong><a href=\"https:\/\/www.purejewels.com\/tr\/i%cc%87ade-poli%cc%87ti%cc%87kasi\/\">\u0130ade Politikas\u0131<\/a><\/strong><\/p>","protected":false},"featured_media":412632,"comment_status":"closed","ping_status":"closed","template":"","meta":{"_eb_attr":"","_crsspst_to_jayantr4sg-hostcom":false},"product_brand":[],"product_cat":[1791,1559,236,1785,1793,1792,1790,1229,1235,1783,1786,6155,1656,5276],"product_tag":[],"class_list":{"0":"post-413930","1":"product","2":"type-product","3":"status-publish","4":"has-post-thumbnail","6":"product_cat-anniversary-gifts","7":"product_cat-birthday-gifts","8":"product_cat-collections","9":"product_cat-daily-wear-rings","10":"product_cat-diwali-gifts","11":"product_cat-festival-gifts","12":"product_cat-for-whom-when","13":"product_cat-22ct-gold-jewellery","14":"product_cat-gold-rings","15":"product_cat-ladies-rings","16":"product_cat-occasional-wear-rings","17":"product_cat-rosette-zariya-rings","18":"product_cat-rosettes-collections","19":"product_cat-rosettes-ring","21":"first","22":"instock","23":"taxable","24":"shipping-taxable","25":"purchasable","26":"product-type-variable","27":"add-to-wishlist-before_image"},"yoast_head":"<!-- This site is optimized with the Yoast SEO plugin v27.5 - https:\/\/yoast.com\/product\/yoast-seo-wordpress\/ -->\n<title>22ct Gold Rosette Bloom Ring | Pure Gold Floral Ring<\/title>\n<meta name=\"description\" content=\"Discover the 22ct Gold Rosette Bloom Ring, a timeless floral-inspired design crafted in pure gold. Perfect for special occasions or as a cherished gift.\" \/>\n<meta name=\"robots\" content=\"index, follow, max-snippet:-1, max-image-preview:large, max-video-preview:-1\" \/>\n<link rel=\"canonical\" href=\"https:\/\/www.purejewels.com\/tr\/urun\/22-ayar-altin-rozet-cicek-yuzuk\/\" \/>\n<meta property=\"og:locale\" content=\"tr_TR\" \/>\n<meta property=\"og:type\" content=\"article\" \/>\n<meta property=\"og:title\" content=\"22ct Gold Rosette Bloom Ring | Pure Gold Floral Ring\" \/>\n<meta property=\"og:description\" content=\"Discover the 22ct Gold Rosette Bloom Ring, a timeless floral-inspired design crafted in pure gold. Perfect for special occasions or as a cherished gift.\" \/>\n<meta property=\"og:url\" content=\"https:\/\/www.purejewels.com\/tr\/urun\/22-ayar-altin-rozet-cicek-yuzuk\/\" \/>\n<meta property=\"og:site_name\" content=\"PureJewels UK\" \/>\n<meta property=\"article:modified_time\" content=\"2026-04-24T16:43:05+00:00\" \/>\n<meta property=\"og:image\" content=\"https:\/\/static.purejewels.com\/wp-content\/uploads\/2025\/05\/SKU-52049.jpg\" \/>\n\t<meta property=\"og:image:width\" content=\"1000\" \/>\n\t<meta property=\"og:image:height\" content=\"1000\" \/>\n\t<meta property=\"og:image:type\" content=\"image\/jpeg\" \/>\n<meta name=\"twitter:card\" content=\"summary_large_image\" \/>\n<meta name=\"twitter:label1\" content=\"Tahmini okuma s\u00fcresi\" \/>\n\t<meta name=\"twitter:data1\" content=\"1 dakika\" \/>\n<script type=\"application\/ld+json\" class=\"yoast-schema-graph\">{\"@context\":\"https:\\\/\\\/schema.org\",\"@graph\":[{\"@type\":[\"WebPage\",\"ItemPage\"],\"@id\":\"https:\\\/\\\/www.purejewels.com\\\/product\\\/22ct-gold-rosette-bloom-ring\\\/\",\"url\":\"https:\\\/\\\/www.purejewels.com\\\/product\\\/22ct-gold-rosette-bloom-ring\\\/\",\"name\":\"22ct Gold Rosette Bloom Ring | Pure Gold Floral Ring\",\"isPartOf\":{\"@id\":\"https:\\\/\\\/www.purejewels.com\\\/#website\"},\"primaryImageOfPage\":{\"@id\":\"https:\\\/\\\/www.purejewels.com\\\/product\\\/22ct-gold-rosette-bloom-ring\\\/#primaryimage\"},\"image\":{\"@id\":\"https:\\\/\\\/www.purejewels.com\\\/product\\\/22ct-gold-rosette-bloom-ring\\\/#primaryimage\"},\"thumbnailUrl\":\"https:\\\/\\\/static.purejewels.com\\\/wp-content\\\/uploads\\\/2025\\\/05\\\/SKU-52049.jpg\",\"datePublished\":\"2025-04-05T12:39:58+00:00\",\"dateModified\":\"2026-04-24T16:43:05+00:00\",\"description\":\"Discover the 22ct Gold Rosette Bloom Ring, a timeless floral-inspired design crafted in pure gold. Perfect for special occasions or as a cherished gift.\",\"breadcrumb\":{\"@id\":\"https:\\\/\\\/www.purejewels.com\\\/product\\\/22ct-gold-rosette-bloom-ring\\\/#breadcrumb\"},\"inLanguage\":\"tr\",\"potentialAction\":[{\"@type\":\"ReadAction\",\"target\":[\"https:\\\/\\\/www.purejewels.com\\\/product\\\/22ct-gold-rosette-bloom-ring\\\/\"]}]},{\"@type\":\"ImageObject\",\"inLanguage\":\"tr\",\"@id\":\"https:\\\/\\\/www.purejewels.com\\\/product\\\/22ct-gold-rosette-bloom-ring\\\/#primaryimage\",\"url\":\"https:\\\/\\\/static.purejewels.com\\\/wp-content\\\/uploads\\\/2025\\\/05\\\/SKU-52049.jpg\",\"contentUrl\":\"https:\\\/\\\/static.purejewels.com\\\/wp-content\\\/uploads\\\/2025\\\/05\\\/SKU-52049.jpg\",\"width\":1000,\"height\":1000,\"caption\":\"Rosette Trio Flower Ring\"},{\"@type\":\"BreadcrumbList\",\"@id\":\"https:\\\/\\\/www.purejewels.com\\\/product\\\/22ct-gold-rosette-bloom-ring\\\/#breadcrumb\",\"itemListElement\":[{\"@type\":\"ListItem\",\"position\":1,\"name\":\"Home\",\"item\":\"https:\\\/\\\/www.purejewels.com\\\/\"},{\"@type\":\"ListItem\",\"position\":2,\"name\":\"Shop\",\"item\":\"https:\\\/\\\/www.purejewels.com\\\/shop\\\/\"},{\"@type\":\"ListItem\",\"position\":3,\"name\":\"22ct Gold Rosette Bloom Ring\"}]},{\"@type\":\"WebSite\",\"@id\":\"https:\\\/\\\/www.purejewels.com\\\/#website\",\"url\":\"https:\\\/\\\/www.purejewels.com\\\/\",\"name\":\"PureJewels UK\",\"description\":\"Share the Love\",\"publisher\":{\"@id\":\"https:\\\/\\\/www.purejewels.com\\\/#organization\"},\"potentialAction\":[{\"@type\":\"SearchAction\",\"target\":{\"@type\":\"EntryPoint\",\"urlTemplate\":\"https:\\\/\\\/www.purejewels.com\\\/?s={search_term_string}\"},\"query-input\":{\"@type\":\"PropertyValueSpecification\",\"valueRequired\":true,\"valueName\":\"search_term_string\"}}],\"inLanguage\":\"tr\"},{\"@type\":\"Organization\",\"@id\":\"https:\\\/\\\/www.purejewels.com\\\/#organization\",\"name\":\"PureJewels UK\",\"url\":\"https:\\\/\\\/www.purejewels.com\\\/\",\"logo\":{\"@type\":\"ImageObject\",\"inLanguage\":\"tr\",\"@id\":\"https:\\\/\\\/www.purejewels.com\\\/#\\\/schema\\\/logo\\\/image\\\/\",\"url\":\"https:\\\/\\\/static.purejewels.com\\\/wp-content\\\/uploads\\\/2020\\\/11\\\/Logo-PJ-New-1.png\",\"contentUrl\":\"https:\\\/\\\/static.purejewels.com\\\/wp-content\\\/uploads\\\/2020\\\/11\\\/Logo-PJ-New-1.png\",\"width\":150,\"height\":80,\"caption\":\"PureJewels UK\"},\"image\":{\"@id\":\"https:\\\/\\\/www.purejewels.com\\\/#\\\/schema\\\/logo\\\/image\\\/\"}}]}<\/script>\n<!-- \/ Yoast SEO plugin. -->","yoast_head_json":{"title":"22 Ayar Alt\u0131n Rozet \u00c7i\u00e7ek Y\u00fcz\u00fck | Saf Alt\u0131n \u00c7i\u00e7ek Y\u00fcz\u00fck","description":"Saf alt\u0131ndan \u00fcretilmi\u015f, \u00e7i\u00e7eklerden ilham alan zamans\u0131z bir tasar\u0131m olan 22 Ayar Alt\u0131n Rozet \u00c7i\u00e7ek Y\u00fcz\u00fc\u011f\u00fc ke\u015ffedin. \u00d6zel g\u00fcnler i\u00e7in veya de\u011ferli bir hediye olarak m\u00fckemmeldir.","robots":{"index":"index","follow":"follow","max-snippet":"max-snippet:-1","max-image-preview":"max-image-preview:large","max-video-preview":"max-video-preview:-1"},"canonical":"https:\/\/www.purejewels.com\/tr\/urun\/22-ayar-altin-rozet-cicek-yuzuk\/","og_locale":"tr_TR","og_type":"article","og_title":"22ct Gold Rosette Bloom Ring | Pure Gold Floral Ring","og_description":"Discover the 22ct Gold Rosette Bloom Ring, a timeless floral-inspired design crafted in pure gold. Perfect for special occasions or as a cherished gift.","og_url":"https:\/\/www.purejewels.com\/tr\/urun\/22-ayar-altin-rozet-cicek-yuzuk\/","og_site_name":"PureJewels UK","article_modified_time":"2026-04-24T16:43:05+00:00","og_image":[{"width":1000,"height":1000,"url":"https:\/\/static.purejewels.com\/wp-content\/uploads\/2025\/05\/SKU-52049.jpg","type":"image\/jpeg"}],"twitter_card":"summary_large_image","twitter_misc":{"Tahmini okuma s\u00fcresi":"1 dakika"},"schema":{"@context":"https:\/\/schema.org","@graph":[{"@type":["WebPage","ItemPage"],"@id":"https:\/\/www.purejewels.com\/product\/22ct-gold-rosette-bloom-ring\/","url":"https:\/\/www.purejewels.com\/product\/22ct-gold-rosette-bloom-ring\/","name":"22 Ayar Alt\u0131n Rozet \u00c7i\u00e7ek Y\u00fcz\u00fck | Saf Alt\u0131n \u00c7i\u00e7ek Y\u00fcz\u00fck","isPartOf":{"@id":"https:\/\/www.purejewels.com\/#website"},"primaryImageOfPage":{"@id":"https:\/\/www.purejewels.com\/product\/22ct-gold-rosette-bloom-ring\/#primaryimage"},"image":{"@id":"https:\/\/www.purejewels.com\/product\/22ct-gold-rosette-bloom-ring\/#primaryimage"},"thumbnailUrl":"https:\/\/static.purejewels.com\/wp-content\/uploads\/2025\/05\/SKU-52049.jpg","datePublished":"2025-04-05T12:39:58+00:00","dateModified":"2026-04-24T16:43:05+00:00","description":"Saf alt\u0131ndan \u00fcretilmi\u015f, \u00e7i\u00e7eklerden ilham alan zamans\u0131z bir tasar\u0131m olan 22 Ayar Alt\u0131n Rozet \u00c7i\u00e7ek Y\u00fcz\u00fc\u011f\u00fc ke\u015ffedin. \u00d6zel g\u00fcnler i\u00e7in veya de\u011ferli bir hediye olarak m\u00fckemmeldir.","breadcrumb":{"@id":"https:\/\/www.purejewels.com\/product\/22ct-gold-rosette-bloom-ring\/#breadcrumb"},"inLanguage":"tr","potentialAction":[{"@type":"ReadAction","target":["https:\/\/www.purejewels.com\/product\/22ct-gold-rosette-bloom-ring\/"]}]},{"@type":"ImageObject","inLanguage":"tr","@id":"https:\/\/www.purejewels.com\/product\/22ct-gold-rosette-bloom-ring\/#primaryimage","url":"https:\/\/static.purejewels.com\/wp-content\/uploads\/2025\/05\/SKU-52049.jpg","contentUrl":"https:\/\/static.purejewels.com\/wp-content\/uploads\/2025\/05\/SKU-52049.jpg","width":1000,"height":1000,"caption":"Rosette Trio Flower Ring"},{"@type":"BreadcrumbList","@id":"https:\/\/www.purejewels.com\/product\/22ct-gold-rosette-bloom-ring\/#breadcrumb","itemListElement":[{"@type":"ListItem","position":1,"name":"Home","item":"https:\/\/www.purejewels.com\/"},{"@type":"ListItem","position":2,"name":"Shop","item":"https:\/\/www.purejewels.com\/shop\/"},{"@type":"ListItem","position":3,"name":"22ct Gold Rosette Bloom Ring"}]},{"@type":"WebSite","@id":"https:\/\/www.purejewels.com\/#website","url":"https:\/\/www.purejewels.com\/","name":"PureJewels \u0130ngiltere","description":"Sevgiyi Payla\u015f\u0131n","publisher":{"@id":"https:\/\/www.purejewels.com\/#organization"},"potentialAction":[{"@type":"SearchAction","target":{"@type":"EntryPoint","urlTemplate":"https:\/\/www.purejewels.com\/?s={search_term_string}"},"query-input":{"@type":"PropertyValueSpecification","valueRequired":true,"valueName":"search_term_string"}}],"inLanguage":"tr"},{"@type":"Organization","@id":"https:\/\/www.purejewels.com\/#organization","name":"PureJewels \u0130ngiltere","url":"https:\/\/www.purejewels.com\/","logo":{"@type":"ImageObject","inLanguage":"tr","@id":"https:\/\/www.purejewels.com\/#\/schema\/logo\/image\/","url":"https:\/\/static.purejewels.com\/wp-content\/uploads\/2020\/11\/Logo-PJ-New-1.png","contentUrl":"https:\/\/static.purejewels.com\/wp-content\/uploads\/2020\/11\/Logo-PJ-New-1.png","width":150,"height":80,"caption":"PureJewels UK"},"image":{"@id":"https:\/\/www.purejewels.com\/#\/schema\/logo\/image\/"}}]}},"_links":{"self":[{"href":"https:\/\/www.purejewels.com\/tr\/wp-json\/wp\/v2\/product\/413930","targetHints":{"allow":["GET"]}}],"collection":[{"href":"https:\/\/www.purejewels.com\/tr\/wp-json\/wp\/v2\/product"}],"about":[{"href":"https:\/\/www.purejewels.com\/tr\/wp-json\/wp\/v2\/types\/product"}],"replies":[{"embeddable":true,"href":"https:\/\/www.purejewels.com\/tr\/wp-json\/wp\/v2\/comments?post=413930"}],"version-history":[{"count":4,"href":"https:\/\/www.purejewels.com\/tr\/wp-json\/wp\/v2\/product\/413930\/revisions"}],"predecessor-version":[{"id":428459,"href":"https:\/\/www.purejewels.com\/tr\/wp-json\/wp\/v2\/product\/413930\/revisions\/428459"}],"wp:featuredmedia":[{"embeddable":true,"href":"https:\/\/www.purejewels.com\/tr\/wp-json\/wp\/v2\/media\/412632"}],"wp:attachment":[{"href":"https:\/\/www.purejewels.com\/tr\/wp-json\/wp\/v2\/media?parent=413930"}],"wp:term":[{"taxonomy":"product_brand","embeddable":true,"href":"https:\/\/www.purejewels.com\/tr\/wp-json\/wp\/v2\/product_brand?post=413930"},{"taxonomy":"product_cat","embeddable":true,"href":"https:\/\/www.purejewels.com\/tr\/wp-json\/wp\/v2\/product_cat?post=413930"},{"taxonomy":"product_tag","embeddable":true,"href":"https:\/\/www.purejewels.com\/tr\/wp-json\/wp\/v2\/product_tag?post=413930"}],"curies":[{"name":"wp","href":"https:\/\/api.w.org\/{rel}","templated":true}]}}