{"id":413938,"date":"2025-02-04T12:25:08","date_gmt":"2025-02-04T12:25:08","guid":{"rendered":"https:\/\/www.purejewels.com\/?post_type=product&#038;p=413938"},"modified":"2026-01-06T05:35:00","modified_gmt":"2026-01-06T05:35:00","slug":"22-ayar-altin-petal-cicekli-citcit-52749","status":"publish","type":"product","link":"https:\/\/www.purejewels.com\/tr\/product\/22ct-gold-petal-bloom-studs-52749\/","title":{"rendered":"22 Ayar Alt\u0131n Petal \u00c7i\u00e7ek \u00c7\u0131t\u00e7\u0131t"},"content":{"rendered":"<p data-start=\"101\" data-end=\"502\">A\u00e7an \u00e7i\u00e7eklerin cazibesini yakalayan zarif bir \u00e7ift olan 22 Ayar Alt\u0131n Petal Bloom \u00c7\u0131t\u00e7\u0131tlar\u0131m\u0131zla do\u011fadan ilham alan tasar\u0131m\u0131 kutlay\u0131n. Her bir saplama, merkezinde ince boncuk detaylar\u0131yla vurgulanan alt\u0131 yaprakl\u0131 bir motif i\u00e7eren saf 22 ayar alt\u0131ndan karma\u015f\u0131k bir \u015fekilde \u00fcretilmi\u015ftir. Parlak kaplama alt\u0131n\u0131n s\u0131cakl\u0131\u011f\u0131n\u0131 ve parlakl\u0131\u011f\u0131n\u0131 art\u0131rarak hem zamans\u0131z hem de \u00e7a\u011fda\u015f bir his veren \u0131\u015f\u0131lt\u0131l\u0131 bir tasar\u0131m yarat\u0131r.<\/p>\n<p data-start=\"504\" data-end=\"762\">Sadece 1,0 gram a\u011f\u0131rl\u0131\u011f\u0131nda ve 5,2 mm geni\u015fli\u011finde olan bu \u00e7\u0131t\u00e7\u0131tlar hafif ama zariftir ve g\u00fcnl\u00fck \u015f\u0131kl\u0131k i\u00e7in idealdir. Arkadan vidal\u0131 ba\u011flant\u0131, g\u00fcvenli ve rahat bir kullan\u0131m sa\u011flayarak g\u00fcn boyu g\u00fcvenle kullanman\u0131za olanak tan\u0131r.<\/p>\n<p data-start=\"764\" data-end=\"1022\">Anlaml\u0131 bir hediye, d\u00fc\u015f\u00fcnceli Diwali hediyeleri veya ki\u015fisel koleksiyonunuza \u00e7ok y\u00f6nl\u00fc bir ek olarak m\u00fckemmel olan 22 Ayar Alt\u0131n Petal Bloom Studs, PureJewels'in ince i\u015f\u00e7ilik miras\u0131n\u0131 yans\u0131tarak hem modern hem de geleneksel stillerle g\u00fczel bir uyum sa\u011flar.<\/p>","protected":false},"excerpt":{"rendered":"<p>22 ayar alt\u0131ndan el i\u015f\u00e7ili\u011fiyle \u00fcretilen bu Petal Bloom \u00c7\u0131t\u00e7\u0131tlar, boncuk detaylar\u0131yla zenginle\u015ftirilmi\u015f narin bir alt\u0131 yaprakl\u0131 \u00e7i\u00e7ek motifine sahiptir. 1,0 gram a\u011f\u0131rl\u0131\u011f\u0131nda ve 5,2 mm boyutunda olan bu k\u00fcpeler, g\u00fcnl\u00fck rahatl\u0131k i\u00e7in vidal\u0131 bir arka k\u0131s\u0131mla sabitlenmi\u015ftir. G\u00fcnl\u00fck kullan\u0131m veya d\u00fc\u015f\u00fcnceli bir hediye i\u00e7in zarif bir se\u00e7im.<\/p>\n<p><strong>Malzeme:<\/strong>\u00a022 Ayar Alt\u0131n<br \/>\n<strong>Safl\u0131k:<\/strong>\u00a091.6% saf<br \/>\n<strong>Hallmark:<\/strong>\u00a0\u0130ngiliz Damgas\u0131<strong><br \/>\n<\/strong><strong>Br\u00fct A\u011f\u0131rl\u0131k: <\/strong>1.00 Gms<br \/>\n<strong>Geni\u015flik:<\/strong> 5,2 mm<br \/>\n<strong>SKU:<\/strong> 52749<\/p>\n<p><strong>Fiyat ve Teslimat<\/strong>: KDV ve teslimat \u00fccreti dahil<br \/>\n<a href=\"https:\/\/www.purejewels.com\/tr\/i%cc%87ade-poli%cc%87ti%cc%87kasi\/\">\u0130ade Politikas\u0131<\/a><\/p>","protected":false},"featured_media":413939,"comment_status":"closed","ping_status":"closed","template":"","meta":{"_eb_attr":"","_crsspst_to_jayantr4sg-hostcom":true},"product_brand":[],"product_cat":[236,1793,1792,1790,1254,252,5611,5342,5599,5943,1570,5338,1577,1574,5349],"product_tag":[66],"class_list":{"0":"post-413938","1":"product","2":"type-product","3":"status-publish","4":"has-post-thumbnail","6":"product_cat-collections","7":"product_cat-diwali-gifts","8":"product_cat-festival-gifts","9":"product_cat-for-whom-when","10":"product_cat-gold-earrings","11":"product_cat-jali-collections","12":"product_cat-jali-earrings","13":"product_cat-jewellery-under-250","14":"product_cat-baby-earring","15":"product_cat-kids-jewellery","16":"product_cat-mothers-day-gifts","17":"product_cat-shop-by-price","18":"product_cat-stud-earrings","19":"product_cat-womens-jewellery","20":"product_cat-yellow-gold-jewellery","21":"product_tag-earrings","23":"first","24":"outofstock","25":"taxable","26":"shipping-taxable","27":"product-type-simple","28":"add-to-wishlist-before_image"},"yoast_head":"<!-- This site is optimized with the Yoast SEO plugin v27.3 - https:\/\/yoast.com\/product\/yoast-seo-wordpress\/ -->\n<title>22ct Gold Petal Bloom Studs | PureJewels UK<\/title>\n<meta name=\"description\" content=\"Shop 22ct Gold Petal Bloom Studs at PureJewels\u2014handcrafted floral earrings in pure gold. A delicate and timeless Diwali gift for everyday elegance.\" \/>\n<meta name=\"robots\" content=\"index, follow, max-snippet:-1, max-image-preview:large, max-video-preview:-1\" \/>\n<link rel=\"canonical\" href=\"https:\/\/www.purejewels.com\/tr\/urun\/22-ayar-altin-petal-cicekli-citcit-52749\/\" \/>\n<meta property=\"og:locale\" content=\"tr_TR\" \/>\n<meta property=\"og:type\" content=\"article\" \/>\n<meta property=\"og:title\" content=\"22ct Gold Petal Bloom Studs | PureJewels UK\" \/>\n<meta property=\"og:description\" content=\"Shop 22ct Gold Petal Bloom Studs at PureJewels\u2014handcrafted floral earrings in pure gold. A delicate and timeless Diwali gift for everyday elegance.\" \/>\n<meta property=\"og:url\" content=\"https:\/\/www.purejewels.com\/tr\/urun\/22-ayar-altin-petal-cicekli-citcit-52749\/\" \/>\n<meta property=\"og:site_name\" content=\"PureJewels UK\" \/>\n<meta property=\"article:modified_time\" content=\"2026-01-06T05:35:00+00:00\" \/>\n<meta property=\"og:image\" content=\"https:\/\/www.purejewels.com\/wp-content\/uploads\/2025\/09\/SKU-52749.jpg\" \/>\n\t<meta property=\"og:image:width\" content=\"1000\" \/>\n\t<meta property=\"og:image:height\" content=\"1000\" \/>\n\t<meta property=\"og:image:type\" content=\"image\/jpeg\" \/>\n<meta name=\"twitter:card\" content=\"summary_large_image\" \/>\n<meta name=\"twitter:label1\" content=\"Tahmini okuma s\u00fcresi\" \/>\n\t<meta name=\"twitter:data1\" content=\"1 dakika\" \/>\n<script type=\"application\/ld+json\" class=\"yoast-schema-graph\">{\"@context\":\"https:\\\/\\\/schema.org\",\"@graph\":[{\"@type\":[\"WebPage\",\"ItemPage\"],\"@id\":\"https:\\\/\\\/www.purejewels.com\\\/product\\\/22ct-gold-petal-bloom-studs-52749\\\/\",\"url\":\"https:\\\/\\\/www.purejewels.com\\\/product\\\/22ct-gold-petal-bloom-studs-52749\\\/\",\"name\":\"22ct Gold Petal Bloom Studs | PureJewels UK\",\"isPartOf\":{\"@id\":\"https:\\\/\\\/www.purejewels.com\\\/#website\"},\"primaryImageOfPage\":{\"@id\":\"https:\\\/\\\/www.purejewels.com\\\/product\\\/22ct-gold-petal-bloom-studs-52749\\\/#primaryimage\"},\"image\":{\"@id\":\"https:\\\/\\\/www.purejewels.com\\\/product\\\/22ct-gold-petal-bloom-studs-52749\\\/#primaryimage\"},\"thumbnailUrl\":\"https:\\\/\\\/static.purejewels.com\\\/wp-content\\\/uploads\\\/2025\\\/09\\\/SKU-52749.jpg\",\"datePublished\":\"2025-02-04T12:25:08+00:00\",\"dateModified\":\"2026-01-06T05:35:00+00:00\",\"description\":\"Shop 22ct Gold Petal Bloom Studs at PureJewels\u2014handcrafted floral earrings in pure gold. A delicate and timeless Diwali gift for everyday elegance.\",\"breadcrumb\":{\"@id\":\"https:\\\/\\\/www.purejewels.com\\\/product\\\/22ct-gold-petal-bloom-studs-52749\\\/#breadcrumb\"},\"inLanguage\":\"tr\",\"potentialAction\":[{\"@type\":\"ReadAction\",\"target\":[\"https:\\\/\\\/www.purejewels.com\\\/product\\\/22ct-gold-petal-bloom-studs-52749\\\/\"]}]},{\"@type\":\"ImageObject\",\"inLanguage\":\"tr\",\"@id\":\"https:\\\/\\\/www.purejewels.com\\\/product\\\/22ct-gold-petal-bloom-studs-52749\\\/#primaryimage\",\"url\":\"https:\\\/\\\/static.purejewels.com\\\/wp-content\\\/uploads\\\/2025\\\/09\\\/SKU-52749.jpg\",\"contentUrl\":\"https:\\\/\\\/static.purejewels.com\\\/wp-content\\\/uploads\\\/2025\\\/09\\\/SKU-52749.jpg\",\"width\":1000,\"height\":1000,\"caption\":\"22ct Gold Petal Bloom Studs\"},{\"@type\":\"BreadcrumbList\",\"@id\":\"https:\\\/\\\/www.purejewels.com\\\/product\\\/22ct-gold-petal-bloom-studs-52749\\\/#breadcrumb\",\"itemListElement\":[{\"@type\":\"ListItem\",\"position\":1,\"name\":\"Home\",\"item\":\"https:\\\/\\\/www.purejewels.com\\\/\"},{\"@type\":\"ListItem\",\"position\":2,\"name\":\"Shop\",\"item\":\"https:\\\/\\\/www.purejewels.com\\\/shop\\\/\"},{\"@type\":\"ListItem\",\"position\":3,\"name\":\"22ct Gold Petal Bloom Studs\"}]},{\"@type\":\"WebSite\",\"@id\":\"https:\\\/\\\/www.purejewels.com\\\/#website\",\"url\":\"https:\\\/\\\/www.purejewels.com\\\/\",\"name\":\"PureJewels UK\",\"description\":\"Share the Love\",\"publisher\":{\"@id\":\"https:\\\/\\\/www.purejewels.com\\\/#organization\"},\"potentialAction\":[{\"@type\":\"SearchAction\",\"target\":{\"@type\":\"EntryPoint\",\"urlTemplate\":\"https:\\\/\\\/www.purejewels.com\\\/?s={search_term_string}\"},\"query-input\":{\"@type\":\"PropertyValueSpecification\",\"valueRequired\":true,\"valueName\":\"search_term_string\"}}],\"inLanguage\":\"tr\"},{\"@type\":\"Organization\",\"@id\":\"https:\\\/\\\/www.purejewels.com\\\/#organization\",\"name\":\"PureJewels UK\",\"url\":\"https:\\\/\\\/www.purejewels.com\\\/\",\"logo\":{\"@type\":\"ImageObject\",\"inLanguage\":\"tr\",\"@id\":\"https:\\\/\\\/www.purejewels.com\\\/#\\\/schema\\\/logo\\\/image\\\/\",\"url\":\"https:\\\/\\\/static.purejewels.com\\\/wp-content\\\/uploads\\\/2020\\\/11\\\/Logo-PJ-New-1.png\",\"contentUrl\":\"https:\\\/\\\/static.purejewels.com\\\/wp-content\\\/uploads\\\/2020\\\/11\\\/Logo-PJ-New-1.png\",\"width\":150,\"height\":80,\"caption\":\"PureJewels UK\"},\"image\":{\"@id\":\"https:\\\/\\\/www.purejewels.com\\\/#\\\/schema\\\/logo\\\/image\\\/\"}}]}<\/script>\n<!-- \/ Yoast SEO plugin. -->","yoast_head_json":{"title":"22 Ayar Alt\u0131n Petal Bloom \u00c7\u0131t\u00e7\u0131t | PureJewels UK","description":"PureJewels'te 22 Ayar Alt\u0131n Petal Bloom Studs sat\u0131n al\u0131n - saf alt\u0131ndan el yap\u0131m\u0131 \u00e7i\u00e7ek k\u00fcpeler. G\u00fcnl\u00fck \u015f\u0131kl\u0131k i\u00e7in zarif ve zamans\u0131z bir Diwali hediyesi.","robots":{"index":"index","follow":"follow","max-snippet":"max-snippet:-1","max-image-preview":"max-image-preview:large","max-video-preview":"max-video-preview:-1"},"canonical":"https:\/\/www.purejewels.com\/tr\/urun\/22-ayar-altin-petal-cicekli-citcit-52749\/","og_locale":"tr_TR","og_type":"article","og_title":"22ct Gold Petal Bloom Studs | PureJewels UK","og_description":"Shop 22ct Gold Petal Bloom Studs at PureJewels\u2014handcrafted floral earrings in pure gold. A delicate and timeless Diwali gift for everyday elegance.","og_url":"https:\/\/www.purejewels.com\/tr\/urun\/22-ayar-altin-petal-cicekli-citcit-52749\/","og_site_name":"PureJewels UK","article_modified_time":"2026-01-06T05:35:00+00:00","og_image":[{"width":1000,"height":1000,"url":"https:\/\/www.purejewels.com\/wp-content\/uploads\/2025\/09\/SKU-52749.jpg","type":"image\/jpeg"}],"twitter_card":"summary_large_image","twitter_misc":{"Tahmini okuma s\u00fcresi":"1 dakika"},"schema":{"@context":"https:\/\/schema.org","@graph":[{"@type":["WebPage","ItemPage"],"@id":"https:\/\/www.purejewels.com\/product\/22ct-gold-petal-bloom-studs-52749\/","url":"https:\/\/www.purejewels.com\/product\/22ct-gold-petal-bloom-studs-52749\/","name":"22 Ayar Alt\u0131n Petal Bloom \u00c7\u0131t\u00e7\u0131t | PureJewels UK","isPartOf":{"@id":"https:\/\/www.purejewels.com\/#website"},"primaryImageOfPage":{"@id":"https:\/\/www.purejewels.com\/product\/22ct-gold-petal-bloom-studs-52749\/#primaryimage"},"image":{"@id":"https:\/\/www.purejewels.com\/product\/22ct-gold-petal-bloom-studs-52749\/#primaryimage"},"thumbnailUrl":"https:\/\/static.purejewels.com\/wp-content\/uploads\/2025\/09\/SKU-52749.jpg","datePublished":"2025-02-04T12:25:08+00:00","dateModified":"2026-01-06T05:35:00+00:00","description":"PureJewels'te 22 Ayar Alt\u0131n Petal Bloom Studs sat\u0131n al\u0131n - saf alt\u0131ndan el yap\u0131m\u0131 \u00e7i\u00e7ek k\u00fcpeler. G\u00fcnl\u00fck \u015f\u0131kl\u0131k i\u00e7in zarif ve zamans\u0131z bir Diwali hediyesi.","breadcrumb":{"@id":"https:\/\/www.purejewels.com\/product\/22ct-gold-petal-bloom-studs-52749\/#breadcrumb"},"inLanguage":"tr","potentialAction":[{"@type":"ReadAction","target":["https:\/\/www.purejewels.com\/product\/22ct-gold-petal-bloom-studs-52749\/"]}]},{"@type":"ImageObject","inLanguage":"tr","@id":"https:\/\/www.purejewels.com\/product\/22ct-gold-petal-bloom-studs-52749\/#primaryimage","url":"https:\/\/static.purejewels.com\/wp-content\/uploads\/2025\/09\/SKU-52749.jpg","contentUrl":"https:\/\/static.purejewels.com\/wp-content\/uploads\/2025\/09\/SKU-52749.jpg","width":1000,"height":1000,"caption":"22ct Gold Petal Bloom Studs"},{"@type":"BreadcrumbList","@id":"https:\/\/www.purejewels.com\/product\/22ct-gold-petal-bloom-studs-52749\/#breadcrumb","itemListElement":[{"@type":"ListItem","position":1,"name":"Home","item":"https:\/\/www.purejewels.com\/"},{"@type":"ListItem","position":2,"name":"Shop","item":"https:\/\/www.purejewels.com\/shop\/"},{"@type":"ListItem","position":3,"name":"22ct Gold Petal Bloom Studs"}]},{"@type":"WebSite","@id":"https:\/\/www.purejewels.com\/#website","url":"https:\/\/www.purejewels.com\/","name":"PureJewels \u0130ngiltere","description":"Sevgiyi Payla\u015f\u0131n","publisher":{"@id":"https:\/\/www.purejewels.com\/#organization"},"potentialAction":[{"@type":"SearchAction","target":{"@type":"EntryPoint","urlTemplate":"https:\/\/www.purejewels.com\/?s={search_term_string}"},"query-input":{"@type":"PropertyValueSpecification","valueRequired":true,"valueName":"search_term_string"}}],"inLanguage":"tr"},{"@type":"Organization","@id":"https:\/\/www.purejewels.com\/#organization","name":"PureJewels \u0130ngiltere","url":"https:\/\/www.purejewels.com\/","logo":{"@type":"ImageObject","inLanguage":"tr","@id":"https:\/\/www.purejewels.com\/#\/schema\/logo\/image\/","url":"https:\/\/static.purejewels.com\/wp-content\/uploads\/2020\/11\/Logo-PJ-New-1.png","contentUrl":"https:\/\/static.purejewels.com\/wp-content\/uploads\/2020\/11\/Logo-PJ-New-1.png","width":150,"height":80,"caption":"PureJewels UK"},"image":{"@id":"https:\/\/www.purejewels.com\/#\/schema\/logo\/image\/"}}]}},"_links":{"self":[{"href":"https:\/\/www.purejewels.com\/tr\/wp-json\/wp\/v2\/product\/413938","targetHints":{"allow":["GET"]}}],"collection":[{"href":"https:\/\/www.purejewels.com\/tr\/wp-json\/wp\/v2\/product"}],"about":[{"href":"https:\/\/www.purejewels.com\/tr\/wp-json\/wp\/v2\/types\/product"}],"replies":[{"embeddable":true,"href":"https:\/\/www.purejewels.com\/tr\/wp-json\/wp\/v2\/comments?post=413938"}],"version-history":[{"count":3,"href":"https:\/\/www.purejewels.com\/tr\/wp-json\/wp\/v2\/product\/413938\/revisions"}],"predecessor-version":[{"id":415663,"href":"https:\/\/www.purejewels.com\/tr\/wp-json\/wp\/v2\/product\/413938\/revisions\/415663"}],"wp:featuredmedia":[{"embeddable":true,"href":"https:\/\/www.purejewels.com\/tr\/wp-json\/wp\/v2\/media\/413939"}],"wp:attachment":[{"href":"https:\/\/www.purejewels.com\/tr\/wp-json\/wp\/v2\/media?parent=413938"}],"wp:term":[{"taxonomy":"product_brand","embeddable":true,"href":"https:\/\/www.purejewels.com\/tr\/wp-json\/wp\/v2\/product_brand?post=413938"},{"taxonomy":"product_cat","embeddable":true,"href":"https:\/\/www.purejewels.com\/tr\/wp-json\/wp\/v2\/product_cat?post=413938"},{"taxonomy":"product_tag","embeddable":true,"href":"https:\/\/www.purejewels.com\/tr\/wp-json\/wp\/v2\/product_tag?post=413938"}],"curies":[{"name":"wp","href":"https:\/\/api.w.org\/{rel}","templated":true}]}}