{"id":413944,"date":"2025-07-04T14:01:52","date_gmt":"2025-07-04T13:01:52","guid":{"rendered":"https:\/\/www.purejewels.com\/?post_type=product&#038;p=413944"},"modified":"2026-03-22T18:38:55","modified_gmt":"2026-03-22T18:38:55","slug":"22-ayar-altin-kare-cicekli-saplama-kupe-52752","status":"publish","type":"product","link":"https:\/\/www.purejewels.com\/tr\/product\/22ct-gold-square-floral-stud-earrings-52752\/","title":{"rendered":"22 Ayar Alt\u0131n Kare \u00c7i\u00e7ekli Saplama K\u00fcpe"},"content":{"rendered":"<p data-start=\"776\" data-end=\"1184\">\u015e\u0131kl\u0131\u011f\u0131 ve gelene\u011fi bizim ile kutlay\u0131n <strong data-start=\"818\" data-end=\"859\">22 Ayar Alt\u0131n Kare \u00c7i\u00e7ekli Saplama K\u00fcpe<\/strong>geometri ve do\u011fan\u0131n uyumunu yakalamak i\u00e7in tasarlanm\u0131\u015ft\u0131r. Saf 22 ayar alt\u0131ndan el i\u015f\u00e7ili\u011fiyle \u00fcretilen her bir k\u00fcpe, ortas\u0131ndaki \u00e7i\u00e7ek detaylar\u0131 ve narin boncuk vurgular\u0131yla yumu\u015fat\u0131lm\u0131\u015f zarif bir kare hat sergiliyor. Cilal\u0131 kaplama alt\u0131n\u0131n do\u011fal parlakl\u0131\u011f\u0131n\u0131 art\u0131rarak bu k\u00fcpeleri her durum i\u00e7in zarif bir se\u00e7im haline getiriyor.<\/p>\n<p data-start=\"1186\" data-end=\"1425\">Sadece 1 gram a\u011f\u0131rl\u0131\u011f\u0131nda ve 4,5 mm \u00f6l\u00e7\u00fclerinde olan bu k\u00fc\u00e7\u00fck k\u00fcpeler hafif ama karakter doludur. G\u00fcvenli vidal\u0131 ba\u011flant\u0131, uzun s\u00fcreli rahatl\u0131k ve g\u00f6n\u00fcl rahatl\u0131\u011f\u0131 sa\u011flar, bu da onlar\u0131 g\u00fcnl\u00fck kullan\u0131m\u0131n yan\u0131 s\u0131ra bayram g\u00fcnleri i\u00e7in de m\u00fckemmel k\u0131lar.<\/p>\n<p data-start=\"1427\" data-end=\"1643\">D\u00fc\u015f\u00fcnceli bir hediye ya da ki\u015fisel koleksiyonunuza klasik bir ek. <strong data-start=\"1500\" data-end=\"1541\">22 Ayar Alt\u0131n Kare \u00c7i\u00e7ekli Saplama K\u00fcpe<\/strong> PureJewels'in ince i\u015f\u00e7ili\u011fe, mirastan ilham alan tasar\u0131ma ve kal\u0131c\u0131 g\u00fczelli\u011fe olan ba\u011fl\u0131l\u0131\u011f\u0131n\u0131 somutla\u015ft\u0131r\u0131r.<\/p>","protected":false},"excerpt":{"rendered":"<p>22 ayar alt\u0131ndan \u00fcretilen bu kare \u00e7i\u00e7ekli k\u00fcpeler, yuvarlak bir kare tasar\u0131m i\u00e7inde \u00e7er\u00e7evelenmi\u015f narin bir \u00e7i\u00e7ek motifine sahiptir. 1 gram a\u011f\u0131rl\u0131\u011f\u0131nda ve 4,5 mm boyutunda olan bu k\u00fcpeler, rahatl\u0131k ve kolayl\u0131k i\u00e7in vidal\u0131 s\u0131rt ile sabitlenmi\u015ftir. Hem g\u00fcnl\u00fck giyime hem de \u00f6zel g\u00fcnlere zamans\u0131z bir \u00e7ekicilik katan \u00e7ok y\u00f6nl\u00fc bir \u00e7ift.<\/p>\n<p><strong>Malzeme:<\/strong>\u00a022 Ayar Alt\u0131n<br \/>\n<strong>Safl\u0131k:<\/strong>\u00a091.6% saf<br \/>\n<strong>Hallmark:<\/strong>\u00a0\u0130ngiliz Damgas\u0131<strong><br \/>\n<\/strong><strong>Br\u00fct A\u011f\u0131rl\u0131k: <\/strong>1.00 Gms<br \/>\n<strong>Geni\u015flik:<\/strong> 4,5 mm<br \/>\n<strong>SKU:<\/strong> 52752<\/p>\n<p><strong>Fiyat ve Teslimat<\/strong>: KDV ve teslimat \u00fccreti dahil<br \/>\n<a href=\"https:\/\/www.purejewels.com\/tr\/i%cc%87ade-poli%cc%87ti%cc%87kasi\/\">\u0130ade Politikas\u0131<\/a><\/p>","protected":false},"featured_media":413946,"comment_status":"closed","ping_status":"closed","template":"","meta":{"_eb_attr":"","_crsspst_to_jayantr4sg-hostcom":true},"product_brand":[],"product_cat":[236,1793,1792,1790,1254,252,5611,5342,5599,5943,1570,5338,1577,1574,5349],"product_tag":[66],"class_list":{"0":"post-413944","1":"product","2":"type-product","3":"status-publish","4":"has-post-thumbnail","6":"product_cat-collections","7":"product_cat-diwali-gifts","8":"product_cat-festival-gifts","9":"product_cat-for-whom-when","10":"product_cat-gold-earrings","11":"product_cat-jali-collections","12":"product_cat-jali-earrings","13":"product_cat-jewellery-under-250","14":"product_cat-baby-earring","15":"product_cat-kids-jewellery","16":"product_cat-mothers-day-gifts","17":"product_cat-shop-by-price","18":"product_cat-stud-earrings","19":"product_cat-womens-jewellery","20":"product_cat-yellow-gold-jewellery","21":"product_tag-earrings","23":"first","24":"outofstock","25":"taxable","26":"shipping-taxable","27":"product-type-simple","28":"add-to-wishlist-before_image"},"yoast_head":"<!-- This site is optimized with the Yoast SEO plugin v27.3 - https:\/\/yoast.com\/product\/yoast-seo-wordpress\/ -->\n<title>22ct Gold Square Floral Stud Earrings | PureJewels UK<\/title>\n<meta name=\"description\" content=\"Shop 22ct Gold Square Floral Stud Earrings at PureJewels. Handcrafted in pure 22ct gold with a floral-inspired square design, these lightweight studs are perfect for daily wear.\" \/>\n<meta name=\"robots\" content=\"index, follow, max-snippet:-1, max-image-preview:large, max-video-preview:-1\" \/>\n<link rel=\"canonical\" href=\"https:\/\/www.purejewels.com\/tr\/urun\/22-ayar-altin-kare-cicekli-saplama-kupe-52752\/\" \/>\n<meta property=\"og:locale\" content=\"tr_TR\" \/>\n<meta property=\"og:type\" content=\"article\" \/>\n<meta property=\"og:title\" content=\"22ct Gold Square Floral Stud Earrings | PureJewels UK\" \/>\n<meta property=\"og:description\" content=\"Shop 22ct Gold Square Floral Stud Earrings at PureJewels. Handcrafted in pure 22ct gold with a floral-inspired square design, these lightweight studs are perfect for daily wear.\" \/>\n<meta property=\"og:url\" content=\"https:\/\/www.purejewels.com\/tr\/urun\/22-ayar-altin-kare-cicekli-saplama-kupe-52752\/\" \/>\n<meta property=\"og:site_name\" content=\"PureJewels UK\" \/>\n<meta property=\"article:modified_time\" content=\"2026-03-22T18:38:55+00:00\" \/>\n<meta property=\"og:image\" content=\"https:\/\/static.purejewels.com\/wp-content\/uploads\/2025\/09\/SKU-52752.jpg\" \/>\n\t<meta property=\"og:image:width\" content=\"1000\" \/>\n\t<meta property=\"og:image:height\" content=\"1000\" \/>\n\t<meta property=\"og:image:type\" content=\"image\/jpeg\" \/>\n<meta name=\"twitter:card\" content=\"summary_large_image\" \/>\n<meta name=\"twitter:label1\" content=\"Tahmini okuma s\u00fcresi\" \/>\n\t<meta name=\"twitter:data1\" content=\"1 dakika\" \/>\n<script type=\"application\/ld+json\" class=\"yoast-schema-graph\">{\"@context\":\"https:\\\/\\\/schema.org\",\"@graph\":[{\"@type\":[\"WebPage\",\"ItemPage\"],\"@id\":\"https:\\\/\\\/www.purejewels.com\\\/product\\\/22ct-gold-square-floral-stud-earrings-52752\\\/\",\"url\":\"https:\\\/\\\/www.purejewels.com\\\/product\\\/22ct-gold-square-floral-stud-earrings-52752\\\/\",\"name\":\"22ct Gold Square Floral Stud Earrings | PureJewels UK\",\"isPartOf\":{\"@id\":\"https:\\\/\\\/www.purejewels.com\\\/#website\"},\"primaryImageOfPage\":{\"@id\":\"https:\\\/\\\/www.purejewels.com\\\/product\\\/22ct-gold-square-floral-stud-earrings-52752\\\/#primaryimage\"},\"image\":{\"@id\":\"https:\\\/\\\/www.purejewels.com\\\/product\\\/22ct-gold-square-floral-stud-earrings-52752\\\/#primaryimage\"},\"thumbnailUrl\":\"https:\\\/\\\/static.purejewels.com\\\/wp-content\\\/uploads\\\/2025\\\/09\\\/SKU-52752.jpg\",\"datePublished\":\"2025-07-04T13:01:52+00:00\",\"dateModified\":\"2026-03-22T18:38:55+00:00\",\"description\":\"Shop 22ct Gold Square Floral Stud Earrings at PureJewels. Handcrafted in pure 22ct gold with a floral-inspired square design, these lightweight studs are perfect for daily wear.\",\"breadcrumb\":{\"@id\":\"https:\\\/\\\/www.purejewels.com\\\/product\\\/22ct-gold-square-floral-stud-earrings-52752\\\/#breadcrumb\"},\"inLanguage\":\"tr\",\"potentialAction\":[{\"@type\":\"ReadAction\",\"target\":[\"https:\\\/\\\/www.purejewels.com\\\/product\\\/22ct-gold-square-floral-stud-earrings-52752\\\/\"]}]},{\"@type\":\"ImageObject\",\"inLanguage\":\"tr\",\"@id\":\"https:\\\/\\\/www.purejewels.com\\\/product\\\/22ct-gold-square-floral-stud-earrings-52752\\\/#primaryimage\",\"url\":\"https:\\\/\\\/static.purejewels.com\\\/wp-content\\\/uploads\\\/2025\\\/09\\\/SKU-52752.jpg\",\"contentUrl\":\"https:\\\/\\\/static.purejewels.com\\\/wp-content\\\/uploads\\\/2025\\\/09\\\/SKU-52752.jpg\",\"width\":1000,\"height\":1000,\"caption\":\"22ct Gold Square Floral Stud Earrings\"},{\"@type\":\"BreadcrumbList\",\"@id\":\"https:\\\/\\\/www.purejewels.com\\\/product\\\/22ct-gold-square-floral-stud-earrings-52752\\\/#breadcrumb\",\"itemListElement\":[{\"@type\":\"ListItem\",\"position\":1,\"name\":\"Home\",\"item\":\"https:\\\/\\\/www.purejewels.com\\\/\"},{\"@type\":\"ListItem\",\"position\":2,\"name\":\"Shop\",\"item\":\"https:\\\/\\\/www.purejewels.com\\\/shop\\\/\"},{\"@type\":\"ListItem\",\"position\":3,\"name\":\"22ct Gold Square Floral Stud Earrings\"}]},{\"@type\":\"WebSite\",\"@id\":\"https:\\\/\\\/www.purejewels.com\\\/#website\",\"url\":\"https:\\\/\\\/www.purejewels.com\\\/\",\"name\":\"PureJewels UK\",\"description\":\"Share the Love\",\"publisher\":{\"@id\":\"https:\\\/\\\/www.purejewels.com\\\/#organization\"},\"potentialAction\":[{\"@type\":\"SearchAction\",\"target\":{\"@type\":\"EntryPoint\",\"urlTemplate\":\"https:\\\/\\\/www.purejewels.com\\\/?s={search_term_string}\"},\"query-input\":{\"@type\":\"PropertyValueSpecification\",\"valueRequired\":true,\"valueName\":\"search_term_string\"}}],\"inLanguage\":\"tr\"},{\"@type\":\"Organization\",\"@id\":\"https:\\\/\\\/www.purejewels.com\\\/#organization\",\"name\":\"PureJewels UK\",\"url\":\"https:\\\/\\\/www.purejewels.com\\\/\",\"logo\":{\"@type\":\"ImageObject\",\"inLanguage\":\"tr\",\"@id\":\"https:\\\/\\\/www.purejewels.com\\\/#\\\/schema\\\/logo\\\/image\\\/\",\"url\":\"https:\\\/\\\/static.purejewels.com\\\/wp-content\\\/uploads\\\/2020\\\/11\\\/Logo-PJ-New-1.png\",\"contentUrl\":\"https:\\\/\\\/static.purejewels.com\\\/wp-content\\\/uploads\\\/2020\\\/11\\\/Logo-PJ-New-1.png\",\"width\":150,\"height\":80,\"caption\":\"PureJewels UK\"},\"image\":{\"@id\":\"https:\\\/\\\/www.purejewels.com\\\/#\\\/schema\\\/logo\\\/image\\\/\"}}]}<\/script>\n<!-- \/ Yoast SEO plugin. -->","yoast_head_json":{"title":"22 Ayar Alt\u0131n Kare \u00c7i\u00e7ekli Saplama K\u00fcpe | PureJewels UK","description":"PureJewels'te 22 Ayar Alt\u0131n Kare \u00c7i\u00e7ekli Saplama K\u00fcpe sat\u0131n al\u0131n. \u00c7i\u00e7eklerden ilham alan kare tasar\u0131m\u0131yla saf 22 ayar alt\u0131ndan el i\u015f\u00e7ili\u011fiyle \u00fcretilen bu hafif k\u00fcpeler g\u00fcnl\u00fck kullan\u0131m i\u00e7in m\u00fckemmeldir.","robots":{"index":"index","follow":"follow","max-snippet":"max-snippet:-1","max-image-preview":"max-image-preview:large","max-video-preview":"max-video-preview:-1"},"canonical":"https:\/\/www.purejewels.com\/tr\/urun\/22-ayar-altin-kare-cicekli-saplama-kupe-52752\/","og_locale":"tr_TR","og_type":"article","og_title":"22ct Gold Square Floral Stud Earrings | PureJewels UK","og_description":"Shop 22ct Gold Square Floral Stud Earrings at PureJewels. Handcrafted in pure 22ct gold with a floral-inspired square design, these lightweight studs are perfect for daily wear.","og_url":"https:\/\/www.purejewels.com\/tr\/urun\/22-ayar-altin-kare-cicekli-saplama-kupe-52752\/","og_site_name":"PureJewels UK","article_modified_time":"2026-03-22T18:38:55+00:00","og_image":[{"width":1000,"height":1000,"url":"https:\/\/static.purejewels.com\/wp-content\/uploads\/2025\/09\/SKU-52752.jpg","type":"image\/jpeg"}],"twitter_card":"summary_large_image","twitter_misc":{"Tahmini okuma s\u00fcresi":"1 dakika"},"schema":{"@context":"https:\/\/schema.org","@graph":[{"@type":["WebPage","ItemPage"],"@id":"https:\/\/www.purejewels.com\/product\/22ct-gold-square-floral-stud-earrings-52752\/","url":"https:\/\/www.purejewels.com\/product\/22ct-gold-square-floral-stud-earrings-52752\/","name":"22 Ayar Alt\u0131n Kare \u00c7i\u00e7ekli Saplama K\u00fcpe | PureJewels UK","isPartOf":{"@id":"https:\/\/www.purejewels.com\/#website"},"primaryImageOfPage":{"@id":"https:\/\/www.purejewels.com\/product\/22ct-gold-square-floral-stud-earrings-52752\/#primaryimage"},"image":{"@id":"https:\/\/www.purejewels.com\/product\/22ct-gold-square-floral-stud-earrings-52752\/#primaryimage"},"thumbnailUrl":"https:\/\/static.purejewels.com\/wp-content\/uploads\/2025\/09\/SKU-52752.jpg","datePublished":"2025-07-04T13:01:52+00:00","dateModified":"2026-03-22T18:38:55+00:00","description":"PureJewels'te 22 Ayar Alt\u0131n Kare \u00c7i\u00e7ekli Saplama K\u00fcpe sat\u0131n al\u0131n. \u00c7i\u00e7eklerden ilham alan kare tasar\u0131m\u0131yla saf 22 ayar alt\u0131ndan el i\u015f\u00e7ili\u011fiyle \u00fcretilen bu hafif k\u00fcpeler g\u00fcnl\u00fck kullan\u0131m i\u00e7in m\u00fckemmeldir.","breadcrumb":{"@id":"https:\/\/www.purejewels.com\/product\/22ct-gold-square-floral-stud-earrings-52752\/#breadcrumb"},"inLanguage":"tr","potentialAction":[{"@type":"ReadAction","target":["https:\/\/www.purejewels.com\/product\/22ct-gold-square-floral-stud-earrings-52752\/"]}]},{"@type":"ImageObject","inLanguage":"tr","@id":"https:\/\/www.purejewels.com\/product\/22ct-gold-square-floral-stud-earrings-52752\/#primaryimage","url":"https:\/\/static.purejewels.com\/wp-content\/uploads\/2025\/09\/SKU-52752.jpg","contentUrl":"https:\/\/static.purejewels.com\/wp-content\/uploads\/2025\/09\/SKU-52752.jpg","width":1000,"height":1000,"caption":"22ct Gold Square Floral Stud Earrings"},{"@type":"BreadcrumbList","@id":"https:\/\/www.purejewels.com\/product\/22ct-gold-square-floral-stud-earrings-52752\/#breadcrumb","itemListElement":[{"@type":"ListItem","position":1,"name":"Home","item":"https:\/\/www.purejewels.com\/"},{"@type":"ListItem","position":2,"name":"Shop","item":"https:\/\/www.purejewels.com\/shop\/"},{"@type":"ListItem","position":3,"name":"22ct Gold Square Floral Stud Earrings"}]},{"@type":"WebSite","@id":"https:\/\/www.purejewels.com\/#website","url":"https:\/\/www.purejewels.com\/","name":"PureJewels \u0130ngiltere","description":"Sevgiyi Payla\u015f\u0131n","publisher":{"@id":"https:\/\/www.purejewels.com\/#organization"},"potentialAction":[{"@type":"SearchAction","target":{"@type":"EntryPoint","urlTemplate":"https:\/\/www.purejewels.com\/?s={search_term_string}"},"query-input":{"@type":"PropertyValueSpecification","valueRequired":true,"valueName":"search_term_string"}}],"inLanguage":"tr"},{"@type":"Organization","@id":"https:\/\/www.purejewels.com\/#organization","name":"PureJewels \u0130ngiltere","url":"https:\/\/www.purejewels.com\/","logo":{"@type":"ImageObject","inLanguage":"tr","@id":"https:\/\/www.purejewels.com\/#\/schema\/logo\/image\/","url":"https:\/\/static.purejewels.com\/wp-content\/uploads\/2020\/11\/Logo-PJ-New-1.png","contentUrl":"https:\/\/static.purejewels.com\/wp-content\/uploads\/2020\/11\/Logo-PJ-New-1.png","width":150,"height":80,"caption":"PureJewels UK"},"image":{"@id":"https:\/\/www.purejewels.com\/#\/schema\/logo\/image\/"}}]}},"_links":{"self":[{"href":"https:\/\/www.purejewels.com\/tr\/wp-json\/wp\/v2\/product\/413944","targetHints":{"allow":["GET"]}}],"collection":[{"href":"https:\/\/www.purejewels.com\/tr\/wp-json\/wp\/v2\/product"}],"about":[{"href":"https:\/\/www.purejewels.com\/tr\/wp-json\/wp\/v2\/types\/product"}],"replies":[{"embeddable":true,"href":"https:\/\/www.purejewels.com\/tr\/wp-json\/wp\/v2\/comments?post=413944"}],"version-history":[{"count":2,"href":"https:\/\/www.purejewels.com\/tr\/wp-json\/wp\/v2\/product\/413944\/revisions"}],"predecessor-version":[{"id":427493,"href":"https:\/\/www.purejewels.com\/tr\/wp-json\/wp\/v2\/product\/413944\/revisions\/427493"}],"wp:featuredmedia":[{"embeddable":true,"href":"https:\/\/www.purejewels.com\/tr\/wp-json\/wp\/v2\/media\/413946"}],"wp:attachment":[{"href":"https:\/\/www.purejewels.com\/tr\/wp-json\/wp\/v2\/media?parent=413944"}],"wp:term":[{"taxonomy":"product_brand","embeddable":true,"href":"https:\/\/www.purejewels.com\/tr\/wp-json\/wp\/v2\/product_brand?post=413944"},{"taxonomy":"product_cat","embeddable":true,"href":"https:\/\/www.purejewels.com\/tr\/wp-json\/wp\/v2\/product_cat?post=413944"},{"taxonomy":"product_tag","embeddable":true,"href":"https:\/\/www.purejewels.com\/tr\/wp-json\/wp\/v2\/product_tag?post=413944"}],"curies":[{"name":"wp","href":"https:\/\/api.w.org\/{rel}","templated":true}]}}