{"id":414037,"date":"2025-08-05T05:20:55","date_gmt":"2025-08-05T04:20:55","guid":{"rendered":"https:\/\/www.purejewels.com\/?post_type=product&#038;p=414037"},"modified":"2026-01-06T05:35:00","modified_gmt":"2026-01-06T05:35:00","slug":"22-ayar-altin-minyon-cicek-saplama-kupe-52756","status":"publish","type":"product","link":"https:\/\/www.purejewels.com\/tr\/product\/22ct-gold-petite-blossom-stud-earrings-52756\/","title":{"rendered":"22 Ayar Alt\u0131n Petite Blossom Saplama K\u00fcpe"},"content":{"rendered":"<p data-start=\"494\" data-end=\"783\">Cazibe ve sadelik ile bezenmi\u015f <strong data-start=\"533\" data-end=\"575\">22 Ayar Alt\u0131n Petite Blossom Saplama K\u00fcpe<\/strong> do\u011fan\u0131n g\u00fczelli\u011fine zarif bir \u00f6vg\u00fcd\u00fcr. Minyat\u00fcr bir \u00e7i\u00e7ek motifiyle tasarlanan her bir saplama, ince dokulu bir merkezi \u00e7evreleyen p\u00fcr\u00fczs\u00fcz, yuvarlak boncuk benzeri yapraklara sahiptir ve her d\u00f6n\u00fc\u015fte \u0131\u015f\u0131lt\u0131l\u0131 bir g\u00f6r\u00fcn\u00fcm sunar.<\/p>\n<p data-start=\"785\" data-end=\"1017\">A\u011f\u0131rl\u0131\u011f\u0131 yakla\u015f\u0131k olarak <strong data-start=\"808\" data-end=\"821\">1.1 gram<\/strong> ve \u00f6l\u00e7\u00fcm <strong data-start=\"836\" data-end=\"845\">5.2mm<\/strong>G\u00fcnl\u00fck kullan\u0131m i\u00e7in ideal hafif bir arkada\u015f veya sevilen biri i\u00e7in anlaml\u0131 bir ilk par\u00e7ad\u0131r. Bu <strong data-start=\"955\" data-end=\"977\">vidal\u0131 arka kapak<\/strong> hem konfor hem de g\u00f6n\u00fcl rahatl\u0131\u011f\u0131 sa\u011flar.<\/p>\n<p data-start=\"1019\" data-end=\"1182\">El yap\u0131m\u0131 <strong data-start=\"1032\" data-end=\"1063\">damgal\u0131 22 ayar sar\u0131 alt\u0131n<\/strong>Bu k\u00fc\u00e7\u00fck k\u00fcpeler sadece zamans\u0131z de\u011fil, ayn\u0131 zamanda gelenek ve zarafet a\u00e7\u0131s\u0131ndan da zengindir; bu da onlar\u0131 de\u011ferli bir hat\u0131ra haline getirir.<\/p>","protected":false},"excerpt":{"rendered":"<p>Narin ve keyifli, bizim <strong data-start=\"180\" data-end=\"222\">22 Ayar Alt\u0131n Petite Blossom Saplama K\u00fcpe<\/strong> do\u011fan\u0131n safl\u0131\u011f\u0131ndan ilham al\u0131yor. Yumu\u015fak \u00e7i\u00e7ek silueti ve cilal\u0131 boncuk detaylar\u0131yla bu hafif 5,2 mm \u00e7\u0131t\u00e7\u0131tlar g\u00fcnl\u00fck \u015f\u0131kl\u0131k veya d\u00fc\u015f\u00fcnceli hediyeler i\u00e7in m\u00fckemmeldir. Rahatl\u0131k i\u00e7in vidal\u0131 bir ba\u011flant\u0131 ile sabitlenmi\u015ftir.<\/p>\n<p><strong>Malzeme:<\/strong>\u00a022 Ayar Alt\u0131n<br \/>\n<strong>Safl\u0131k:<\/strong>\u00a091.6% saf<br \/>\n<strong>Hallmark:<\/strong>\u00a0\u0130ngiliz Damgas\u0131<strong><br \/>\n<\/strong><strong>Br\u00fct A\u011f\u0131rl\u0131k: <\/strong>1.10 Gms<br \/>\n<strong>Geni\u015flik:<\/strong> 5,2 mm<br \/>\n<strong>SKU:<\/strong> 52756<\/p>\n<p><strong>Fiyat ve Teslimat<\/strong>: KDV ve teslimat \u00fccreti dahil<br \/>\n<a href=\"https:\/\/www.purejewels.com\/tr\/i%cc%87ade-poli%cc%87ti%cc%87kasi\/\">\u0130ade Politikas\u0131<\/a><\/p>","protected":false},"featured_media":414038,"comment_status":"closed","ping_status":"closed","template":"","meta":{"_eb_attr":"","_crsspst_to_jayantr4sg-hostcom":true},"product_brand":[],"product_cat":[236,1793,1792,1790,1254,252,5611,5342,1570,5338,1577,1574,5349],"product_tag":[66],"class_list":{"0":"post-414037","1":"product","2":"type-product","3":"status-publish","4":"has-post-thumbnail","6":"product_cat-collections","7":"product_cat-diwali-gifts","8":"product_cat-festival-gifts","9":"product_cat-for-whom-when","10":"product_cat-gold-earrings","11":"product_cat-jali-collections","12":"product_cat-jali-earrings","13":"product_cat-jewellery-under-250","14":"product_cat-mothers-day-gifts","15":"product_cat-shop-by-price","16":"product_cat-stud-earrings","17":"product_cat-womens-jewellery","18":"product_cat-yellow-gold-jewellery","19":"product_tag-earrings","21":"first","22":"outofstock","23":"taxable","24":"shipping-taxable","25":"product-type-simple","26":"add-to-wishlist-before_image"},"yoast_head":"<!-- This site is optimized with the Yoast SEO plugin v27.5 - https:\/\/yoast.com\/product\/yoast-seo-wordpress\/ -->\n<title>22ct Gold Petite Blossom Stud Earrings - PureJewels UK<\/title>\n<meta name=\"robots\" content=\"index, follow, max-snippet:-1, max-image-preview:large, max-video-preview:-1\" \/>\n<link rel=\"canonical\" href=\"https:\/\/www.purejewels.com\/tr\/urun\/22-ayar-altin-minyon-cicek-saplama-kupe-52756\/\" \/>\n<meta property=\"og:locale\" content=\"tr_TR\" \/>\n<meta property=\"og:type\" content=\"article\" \/>\n<meta property=\"og:title\" content=\"22ct Gold Petite Blossom Stud Earrings - PureJewels UK\" \/>\n<meta property=\"og:description\" content=\"Delicate and delightful, our 22ct Gold Petite Blossom Stud Earrings are inspired by the purity of nature. With a soft floral silhouette and polished bead detailing, these lightweight 5.2mm studs are perfect for daily elegance or thoughtful gifting. Secured with a screw-back fitting for comfort.  Material:\u00a022ct Gold Purity:\u00a091.6% pure Hallmark:\u00a0British Hallmark Gross Weight: 1.10\u00a0Gms Width: 5.2 mm SKU: 52756  Price and Delivery: Inclusive of VAT and delivery charge Return Policy\" \/>\n<meta property=\"og:url\" content=\"https:\/\/www.purejewels.com\/tr\/urun\/22-ayar-altin-minyon-cicek-saplama-kupe-52756\/\" \/>\n<meta property=\"og:site_name\" content=\"PureJewels UK\" \/>\n<meta property=\"article:modified_time\" content=\"2026-01-06T05:35:00+00:00\" \/>\n<meta property=\"og:image\" content=\"https:\/\/www.purejewels.com\/wp-content\/uploads\/2025\/09\/SKU-52756.jpg\" \/>\n\t<meta property=\"og:image:width\" content=\"1000\" \/>\n\t<meta property=\"og:image:height\" content=\"1000\" \/>\n\t<meta property=\"og:image:type\" content=\"image\/jpeg\" \/>\n<meta name=\"twitter:card\" content=\"summary_large_image\" \/>\n<meta name=\"twitter:label1\" content=\"Tahmini okuma s\u00fcresi\" \/>\n\t<meta name=\"twitter:data1\" content=\"1 dakika\" \/>\n<script type=\"application\/ld+json\" class=\"yoast-schema-graph\">{\"@context\":\"https:\\\/\\\/schema.org\",\"@graph\":[{\"@type\":[\"WebPage\",\"ItemPage\"],\"@id\":\"https:\\\/\\\/www.purejewels.com\\\/product\\\/22ct-gold-petite-blossom-stud-earrings-52756\\\/\",\"url\":\"https:\\\/\\\/www.purejewels.com\\\/product\\\/22ct-gold-petite-blossom-stud-earrings-52756\\\/\",\"name\":\"22ct Gold Petite Blossom Stud Earrings - PureJewels UK\",\"isPartOf\":{\"@id\":\"https:\\\/\\\/www.purejewels.com\\\/#website\"},\"primaryImageOfPage\":{\"@id\":\"https:\\\/\\\/www.purejewels.com\\\/product\\\/22ct-gold-petite-blossom-stud-earrings-52756\\\/#primaryimage\"},\"image\":{\"@id\":\"https:\\\/\\\/www.purejewels.com\\\/product\\\/22ct-gold-petite-blossom-stud-earrings-52756\\\/#primaryimage\"},\"thumbnailUrl\":\"https:\\\/\\\/static.purejewels.com\\\/wp-content\\\/uploads\\\/2025\\\/09\\\/SKU-52756.jpg\",\"datePublished\":\"2025-08-05T04:20:55+00:00\",\"dateModified\":\"2026-01-06T05:35:00+00:00\",\"breadcrumb\":{\"@id\":\"https:\\\/\\\/www.purejewels.com\\\/product\\\/22ct-gold-petite-blossom-stud-earrings-52756\\\/#breadcrumb\"},\"inLanguage\":\"tr\",\"potentialAction\":[{\"@type\":\"ReadAction\",\"target\":[\"https:\\\/\\\/www.purejewels.com\\\/product\\\/22ct-gold-petite-blossom-stud-earrings-52756\\\/\"]}]},{\"@type\":\"ImageObject\",\"inLanguage\":\"tr\",\"@id\":\"https:\\\/\\\/www.purejewels.com\\\/product\\\/22ct-gold-petite-blossom-stud-earrings-52756\\\/#primaryimage\",\"url\":\"https:\\\/\\\/static.purejewels.com\\\/wp-content\\\/uploads\\\/2025\\\/09\\\/SKU-52756.jpg\",\"contentUrl\":\"https:\\\/\\\/static.purejewels.com\\\/wp-content\\\/uploads\\\/2025\\\/09\\\/SKU-52756.jpg\",\"width\":1000,\"height\":1000,\"caption\":\"22ct Gold Petite Blossom Stud Earrings\"},{\"@type\":\"BreadcrumbList\",\"@id\":\"https:\\\/\\\/www.purejewels.com\\\/product\\\/22ct-gold-petite-blossom-stud-earrings-52756\\\/#breadcrumb\",\"itemListElement\":[{\"@type\":\"ListItem\",\"position\":1,\"name\":\"Home\",\"item\":\"https:\\\/\\\/www.purejewels.com\\\/\"},{\"@type\":\"ListItem\",\"position\":2,\"name\":\"Shop\",\"item\":\"https:\\\/\\\/www.purejewels.com\\\/shop\\\/\"},{\"@type\":\"ListItem\",\"position\":3,\"name\":\"22ct Gold Petite Blossom Stud Earrings\"}]},{\"@type\":\"WebSite\",\"@id\":\"https:\\\/\\\/www.purejewels.com\\\/#website\",\"url\":\"https:\\\/\\\/www.purejewels.com\\\/\",\"name\":\"PureJewels UK\",\"description\":\"Share the Love\",\"publisher\":{\"@id\":\"https:\\\/\\\/www.purejewels.com\\\/#organization\"},\"potentialAction\":[{\"@type\":\"SearchAction\",\"target\":{\"@type\":\"EntryPoint\",\"urlTemplate\":\"https:\\\/\\\/www.purejewels.com\\\/?s={search_term_string}\"},\"query-input\":{\"@type\":\"PropertyValueSpecification\",\"valueRequired\":true,\"valueName\":\"search_term_string\"}}],\"inLanguage\":\"tr\"},{\"@type\":\"Organization\",\"@id\":\"https:\\\/\\\/www.purejewels.com\\\/#organization\",\"name\":\"PureJewels UK\",\"url\":\"https:\\\/\\\/www.purejewels.com\\\/\",\"logo\":{\"@type\":\"ImageObject\",\"inLanguage\":\"tr\",\"@id\":\"https:\\\/\\\/www.purejewels.com\\\/#\\\/schema\\\/logo\\\/image\\\/\",\"url\":\"https:\\\/\\\/static.purejewels.com\\\/wp-content\\\/uploads\\\/2020\\\/11\\\/Logo-PJ-New-1.png\",\"contentUrl\":\"https:\\\/\\\/static.purejewels.com\\\/wp-content\\\/uploads\\\/2020\\\/11\\\/Logo-PJ-New-1.png\",\"width\":150,\"height\":80,\"caption\":\"PureJewels UK\"},\"image\":{\"@id\":\"https:\\\/\\\/www.purejewels.com\\\/#\\\/schema\\\/logo\\\/image\\\/\"}}]}<\/script>\n<!-- \/ Yoast SEO plugin. -->","yoast_head_json":{"title":"22 Ayar Alt\u0131n Petite Blossom Saplama K\u00fcpe - PureJewels UK","robots":{"index":"index","follow":"follow","max-snippet":"max-snippet:-1","max-image-preview":"max-image-preview:large","max-video-preview":"max-video-preview:-1"},"canonical":"https:\/\/www.purejewels.com\/tr\/urun\/22-ayar-altin-minyon-cicek-saplama-kupe-52756\/","og_locale":"tr_TR","og_type":"article","og_title":"22ct Gold Petite Blossom Stud Earrings - PureJewels UK","og_description":"Delicate and delightful, our 22ct Gold Petite Blossom Stud Earrings are inspired by the purity of nature. With a soft floral silhouette and polished bead detailing, these lightweight 5.2mm studs are perfect for daily elegance or thoughtful gifting. Secured with a screw-back fitting for comfort.  Material:\u00a022ct Gold Purity:\u00a091.6% pure Hallmark:\u00a0British Hallmark Gross Weight: 1.10\u00a0Gms Width: 5.2 mm SKU: 52756  Price and Delivery: Inclusive of VAT and delivery charge Return Policy","og_url":"https:\/\/www.purejewels.com\/tr\/urun\/22-ayar-altin-minyon-cicek-saplama-kupe-52756\/","og_site_name":"PureJewels UK","article_modified_time":"2026-01-06T05:35:00+00:00","og_image":[{"width":1000,"height":1000,"url":"https:\/\/www.purejewels.com\/wp-content\/uploads\/2025\/09\/SKU-52756.jpg","type":"image\/jpeg"}],"twitter_card":"summary_large_image","twitter_misc":{"Tahmini okuma s\u00fcresi":"1 dakika"},"schema":{"@context":"https:\/\/schema.org","@graph":[{"@type":["WebPage","ItemPage"],"@id":"https:\/\/www.purejewels.com\/product\/22ct-gold-petite-blossom-stud-earrings-52756\/","url":"https:\/\/www.purejewels.com\/product\/22ct-gold-petite-blossom-stud-earrings-52756\/","name":"22 Ayar Alt\u0131n Petite Blossom Saplama K\u00fcpe - PureJewels UK","isPartOf":{"@id":"https:\/\/www.purejewels.com\/#website"},"primaryImageOfPage":{"@id":"https:\/\/www.purejewels.com\/product\/22ct-gold-petite-blossom-stud-earrings-52756\/#primaryimage"},"image":{"@id":"https:\/\/www.purejewels.com\/product\/22ct-gold-petite-blossom-stud-earrings-52756\/#primaryimage"},"thumbnailUrl":"https:\/\/static.purejewels.com\/wp-content\/uploads\/2025\/09\/SKU-52756.jpg","datePublished":"2025-08-05T04:20:55+00:00","dateModified":"2026-01-06T05:35:00+00:00","breadcrumb":{"@id":"https:\/\/www.purejewels.com\/product\/22ct-gold-petite-blossom-stud-earrings-52756\/#breadcrumb"},"inLanguage":"tr","potentialAction":[{"@type":"ReadAction","target":["https:\/\/www.purejewels.com\/product\/22ct-gold-petite-blossom-stud-earrings-52756\/"]}]},{"@type":"ImageObject","inLanguage":"tr","@id":"https:\/\/www.purejewels.com\/product\/22ct-gold-petite-blossom-stud-earrings-52756\/#primaryimage","url":"https:\/\/static.purejewels.com\/wp-content\/uploads\/2025\/09\/SKU-52756.jpg","contentUrl":"https:\/\/static.purejewels.com\/wp-content\/uploads\/2025\/09\/SKU-52756.jpg","width":1000,"height":1000,"caption":"22ct Gold Petite Blossom Stud Earrings"},{"@type":"BreadcrumbList","@id":"https:\/\/www.purejewels.com\/product\/22ct-gold-petite-blossom-stud-earrings-52756\/#breadcrumb","itemListElement":[{"@type":"ListItem","position":1,"name":"Home","item":"https:\/\/www.purejewels.com\/"},{"@type":"ListItem","position":2,"name":"Shop","item":"https:\/\/www.purejewels.com\/shop\/"},{"@type":"ListItem","position":3,"name":"22ct Gold Petite Blossom Stud Earrings"}]},{"@type":"WebSite","@id":"https:\/\/www.purejewels.com\/#website","url":"https:\/\/www.purejewels.com\/","name":"PureJewels \u0130ngiltere","description":"Sevgiyi Payla\u015f\u0131n","publisher":{"@id":"https:\/\/www.purejewels.com\/#organization"},"potentialAction":[{"@type":"SearchAction","target":{"@type":"EntryPoint","urlTemplate":"https:\/\/www.purejewels.com\/?s={search_term_string}"},"query-input":{"@type":"PropertyValueSpecification","valueRequired":true,"valueName":"search_term_string"}}],"inLanguage":"tr"},{"@type":"Organization","@id":"https:\/\/www.purejewels.com\/#organization","name":"PureJewels \u0130ngiltere","url":"https:\/\/www.purejewels.com\/","logo":{"@type":"ImageObject","inLanguage":"tr","@id":"https:\/\/www.purejewels.com\/#\/schema\/logo\/image\/","url":"https:\/\/static.purejewels.com\/wp-content\/uploads\/2020\/11\/Logo-PJ-New-1.png","contentUrl":"https:\/\/static.purejewels.com\/wp-content\/uploads\/2020\/11\/Logo-PJ-New-1.png","width":150,"height":80,"caption":"PureJewels UK"},"image":{"@id":"https:\/\/www.purejewels.com\/#\/schema\/logo\/image\/"}}]}},"_links":{"self":[{"href":"https:\/\/www.purejewels.com\/tr\/wp-json\/wp\/v2\/product\/414037","targetHints":{"allow":["GET"]}}],"collection":[{"href":"https:\/\/www.purejewels.com\/tr\/wp-json\/wp\/v2\/product"}],"about":[{"href":"https:\/\/www.purejewels.com\/tr\/wp-json\/wp\/v2\/types\/product"}],"replies":[{"embeddable":true,"href":"https:\/\/www.purejewels.com\/tr\/wp-json\/wp\/v2\/comments?post=414037"}],"version-history":[{"count":1,"href":"https:\/\/www.purejewels.com\/tr\/wp-json\/wp\/v2\/product\/414037\/revisions"}],"predecessor-version":[{"id":414040,"href":"https:\/\/www.purejewels.com\/tr\/wp-json\/wp\/v2\/product\/414037\/revisions\/414040"}],"wp:featuredmedia":[{"embeddable":true,"href":"https:\/\/www.purejewels.com\/tr\/wp-json\/wp\/v2\/media\/414038"}],"wp:attachment":[{"href":"https:\/\/www.purejewels.com\/tr\/wp-json\/wp\/v2\/media?parent=414037"}],"wp:term":[{"taxonomy":"product_brand","embeddable":true,"href":"https:\/\/www.purejewels.com\/tr\/wp-json\/wp\/v2\/product_brand?post=414037"},{"taxonomy":"product_cat","embeddable":true,"href":"https:\/\/www.purejewels.com\/tr\/wp-json\/wp\/v2\/product_cat?post=414037"},{"taxonomy":"product_tag","embeddable":true,"href":"https:\/\/www.purejewels.com\/tr\/wp-json\/wp\/v2\/product_tag?post=414037"}],"curies":[{"name":"wp","href":"https:\/\/api.w.org\/{rel}","templated":true}]}}